{"id":4717,"date":"2021-03-04T17:02:00","date_gmt":"2021-03-04T16:02:00","guid":{"rendered":"https:\/\/www.vita.sk\/?post_type=product&#038;p=4717"},"modified":"2025-12-16T09:57:48","modified_gmt":"2025-12-16T08:57:48","slug":"online-kurz-penetracne-testovanie-i-zaciatocnik","status":"publish","type":"product","link":"https:\/\/www.vita.sk\/en\/online-kurz-penetracne-testovanie-i-zaciatocnik\/","title":{"rendered":"Online kurz Penetra\u010dn\u00e9 Testovanie I. Za\u010diato\u010dn\u00edk"},"content":{"rendered":"<p>Online kurz Penetra\u010dn\u00e9 Testovanie I. Za\u010diato\u010dn\u00edk je pre v\u00e1s vynikaj\u00facou pr\u00edle\u017eitos\u0165ou, ako za\u010da\u0165 s penetra\u010dn\u00fdm testovan\u00edm softv\u00e9ru a sta\u0165 sa penetra\u010dn\u00fdm testerom. <strong>Ide o akreditovan\u00fd a certifikovan\u00fd kurz na Penetra\u010dn\u00e9 Testovanie. <\/strong>Obozn\u00e1mime v\u00e1s so z\u00e1kladn\u00fdmi met\u00f3dami penetra\u010dn\u00e9ho testovania ako je IP skenovanie a SQL injektovanie. Dozviete sa \u010do je to metodika Black Box a White Box. Zvl\u00e1dnete testovanie r\u00f4znych okruhov bezpe\u010dnosti a nau\u010d\u00edme v\u00e1s bezpe\u010dnej\u0161ie pracova\u0165 s opera\u010dn\u00fdmi syst\u00e9mami Microsoft Windows a Linux. Budete vedie\u0165 pou\u017e\u00edva\u0165 n\u00e1stroje Nmap, Zenmap, Vega, Havij a Screaming Frog. Zameriame na konkr\u00e9tne techniky penetra\u010dn\u00e9ho testovania a r\u00f4zne typy bezpe\u010dnostn\u00fdch anal\u00fdz. Budete vedie\u0165 p\u00edsa\u0165 SQL skripty so zn\u00e1mymi SQL injekciami pre r\u00f4zne datab\u00e1zov\u00e9 syst\u00e9my ako MySQL a PostgreSQL. Nau\u010d\u00edte sa preskenova\u0165 cel\u00fd web pomocou n\u00e1strojov Screaming Frog, Havij a Zenmap a odhali\u0165 jeho slab\u00e9 miesta. Osvoj\u00edte si aj prakticky sie\u0165ov\u00e9 protokoly v n\u00e1strojmi Wireshark. Kurz je v\u00fdborn\u00fd aj pre webdeveloperov, spr\u00e1vcov a administr\u00e1torov webov a eshopov, aby si urobili obr\u00e1zok oh\u013eadom zabezpe\u010denia ich webovej str\u00e1nky. Zvl\u00e1dnete z\u00e1klady anal\u00fdzy zabezpe\u010denia webov\u00fdch str\u00e1nok, datab\u00e1z a ohodnotenie zranite\u013enosti. Ak sa skuto\u010dne chcete nau\u010di\u0165 penetra\u010dn\u00e9 testovanie a sta\u0165 penetra\u010dn\u00fdm testerom, tak toto je ide\u00e1lny vstupn\u00fd online kurz pre v\u00e1s.<\/p>\n","protected":false},"excerpt":{"rendered":"<p>Online kurz Penetra\u010dn\u00e9 Testovanie I. Za\u010diato\u010dn\u00edk v\u00e1s nau\u010d\u00ed z\u00e1klady etick\u00e9ho hackingu, identifik\u00e1ciu zranite\u013enost\u00ed, pou\u017e\u00edvanie be\u017en\u00fdch penetra\u010dn\u00fdch n\u00e1strojov a techn\u00edk ako SQL injection, IP skenovanie, Nmap \u010di Wireshark. Z\u00edskate praktick\u00e9 zru\u010dnosti pre bezpe\u010dnostn\u00e9 testovanie syst\u00e9mov, webov\u00fdch aplik\u00e1ci\u00ed a sie\u0165ov\u00fdch prostred\u00ed od \u00fapln\u00fdch z\u00e1kladov.","protected":false},"author":4,"featured_media":4215,"comment_status":"open","ping_status":"closed","template":"","meta":{"_acf_changed":false},"product_brand":[],"product_cat":[28,703,99,73,130],"product_tag":[189,226,704],"class_list":{"0":"post-4717","1":"product","2":"type-product","3":"status-publish","4":"has-post-thumbnail","6":"product_cat-online-kurzy-administracia-it-servery","7":"product_cat-online-kurzy-kyberneticka-bezpecnost-ochrana-dat","8":"product_cat-online-kurzy-programovacie-jazyky","9":"product_cat-bez-kategorie","10":"product_cat-online-kurzy-testovanie-softveru-programovanie","11":"product_tag-programovacie-jazyky","12":"product_tag-testovanie-softveru","13":"product_tag-hacking","15":"first","16":"instock","17":"sale","18":"sold-individually","19":"taxable","20":"shipping-taxable","21":"purchasable","22":"product-type-simple"},"yoast_head":"<!-- This site is optimized with the Yoast SEO Premium plugin v25.0 (Yoast SEO v25.0) - https:\/\/yoast.com\/wordpress\/plugins\/seo\/ -->\n<title>Online kurz Penetra\u010dn\u00e9 Testovanie pre za\u010diato\u010dn\u00edkov 2026 | VITA<\/title>\n<meta name=\"description\" content=\"Online kurz Penetra\u010dn\u00e9 Testovanie I. Za\u010diato\u010dn\u00edk je cesta ako za\u010da\u0165 s penetra\u010dn\u00fdm testovan\u00edm softv\u00e9ru a sta\u0165 sa penetra\u010dn\u00fdm testerom. \u2705\" \/>\n<meta name=\"robots\" content=\"index, follow, max-snippet:-1, max-image-preview:large, max-video-preview:-1\" \/>\n<link rel=\"canonical\" href=\"https:\/\/www.vita.sk\/online-kurz-penetracne-testovanie-i-zaciatocnik\/\" \/>\n<meta property=\"og:locale\" content=\"en_US\" \/>\n<meta property=\"og:type\" content=\"article\" \/>\n<meta property=\"og:title\" content=\"Online kurz Penetra\u010dn\u00e9 Testovanie I. Za\u010diato\u010dn\u00edk\" \/>\n<meta property=\"og:description\" content=\"Online kurz Penetra\u010dn\u00e9 Testovanie I. Za\u010diato\u010dn\u00edk je cesta ako za\u010da\u0165 s penetra\u010dn\u00fdm testovan\u00edm softv\u00e9ru a sta\u0165 sa penetra\u010dn\u00fdm testerom. \u2705\" \/>\n<meta property=\"og:url\" content=\"https:\/\/www.vita.sk\/online-kurz-penetracne-testovanie-i-zaciatocnik\/\" \/>\n<meta property=\"og:site_name\" content=\"VITA\" \/>\n<meta property=\"article:publisher\" content=\"https:\/\/www.facebook.com\/VitaAcademySK\" \/>\n<meta property=\"article:modified_time\" content=\"2025-12-16T08:57:48+00:00\" \/>\n<meta property=\"og:image\" content=\"https:\/\/www.vita.sk\/wp-content\/uploads\/2020\/11\/kurz-Penetracne-testovanie.png\" \/>\n\t<meta property=\"og:image:width\" content=\"360\" \/>\n\t<meta property=\"og:image:height\" content=\"360\" \/>\n\t<meta property=\"og:image:type\" content=\"image\/png\" \/>\n<meta name=\"twitter:card\" content=\"summary_large_image\" \/>\n<meta name=\"twitter:label1\" content=\"Est. reading time\" \/>\n\t<meta name=\"twitter:data1\" content=\"2 minutes\" \/>\n<script type=\"application\/ld+json\" class=\"yoast-schema-graph\">{\n\t    \"@context\": \"https:\/\/schema.org\",\n\t    \"@graph\": [\n\t        {\n\t            \"@type\": \"WebPage\",\n\t            \"@id\": \"https:\/\/www.vita.sk\/online-kurz-penetracne-testovanie-i-zaciatocnik\/\",\n\t            \"url\": \"https:\/\/www.vita.sk\/online-kurz-penetracne-testovanie-i-zaciatocnik\/\",\n\t            \"name\": \"Online kurz Penetra\u010dn\u00e9 Testovanie pre za\u010diato\u010dn\u00edkov {Y} | VITA\",\n\t            \"isPartOf\": {\n\t                \"@id\": \"https:\/\/www.vita.sk\/#website\"\n\t            },\n\t            \"primaryImageOfPage\": {\n\t                \"@id\": \"https:\/\/www.vita.sk\/online-kurz-penetracne-testovanie-i-zaciatocnik\/#primaryimage\"\n\t            },\n\t            \"image\": {\n\t                \"@id\": \"https:\/\/www.vita.sk\/online-kurz-penetracne-testovanie-i-zaciatocnik\/#primaryimage\"\n\t            },\n\t            \"thumbnailUrl\": \"https:\/\/www.vita.sk\/wp-content\/uploads\/2020\/11\/kurz-Penetracne-testovanie.png\",\n\t            \"datePublished\": \"2021-03-04T16:02:00+00:00\",\n\t            \"dateModified\": \"2025-12-16T08:57:48+00:00\",\n\t            \"description\": \"Online kurz Penetra\u010dn\u00e9 Testovanie I. Za\u010diato\u010dn\u00edk je cesta ako za\u010da\u0165 s penetra\u010dn\u00fdm testovan\u00edm softv\u00e9ru a sta\u0165 sa penetra\u010dn\u00fdm testerom. \u2705\",\n\t            \"breadcrumb\": {\n\t                \"@id\": \"https:\/\/www.vita.sk\/online-kurz-penetracne-testovanie-i-zaciatocnik\/#breadcrumb\"\n\t            },\n\t            \"inLanguage\": \"en-US\",\n\t            \"potentialAction\": [\n\t                {\n\t                    \"@type\": \"ReadAction\",\n\t                    \"target\": [\n\t                        \"https:\/\/www.vita.sk\/online-kurz-penetracne-testovanie-i-zaciatocnik\/\"\n\t                    ]\n\t                }\n\t            ]\n\t        },\n\t        {\n\t            \"@type\": \"ImageObject\",\n\t            \"inLanguage\": \"en-US\",\n\t            \"@id\": \"https:\/\/www.vita.sk\/online-kurz-penetracne-testovanie-i-zaciatocnik\/#primaryimage\",\n\t            \"url\": \"https:\/\/www.vita.sk\/wp-content\/uploads\/2020\/11\/kurz-Penetracne-testovanie.png\",\n\t            \"contentUrl\": \"https:\/\/www.vita.sk\/wp-content\/uploads\/2020\/11\/kurz-Penetracne-testovanie.png\",\n\t            \"width\": 360,\n\t            \"height\": 360,\n\t            \"caption\": \"Online kurz Penetra\u010dn\u00e9 Testovanie\"\n\t        },\n\t        {\n\t            \"@type\": \"BreadcrumbList\",\n\t            \"@id\": \"https:\/\/www.vita.sk\/online-kurz-penetracne-testovanie-i-zaciatocnik\/#breadcrumb\",\n\t            \"itemListElement\": [\n\t                {\n\t                    \"@type\": \"ListItem\",\n\t                    \"position\": 1,\n\t                    \"name\": \"VITA Academy\",\n\t                    \"item\": \"https:\/\/www.vita.sk\/en\/\"\n\t                },\n\t                {\n\t                    \"@type\": \"ListItem\",\n\t                    \"position\": 2,\n\t                    \"name\": \"Shop\",\n\t                    \"item\": \"https:\/\/www.vita.sk\/shop\/\"\n\t                },\n\t                {\n\t                    \"@type\": \"ListItem\",\n\t                    \"position\": 3,\n\t                    \"name\": \"Programovacie Jazyky\",\n\t                    \"item\": \"https:\/\/www.vita.sk\/online-kurzy-programovacie-jazyky\/\"\n\t                },\n\t                {\n\t                    \"@type\": \"ListItem\",\n\t                    \"position\": 4,\n\t                    \"name\": \"Testovanie softv\u00e9ru\",\n\t                    \"item\": \"https:\/\/www.vita.sk\/online-kurzy-testovanie-softveru-programovanie\/\"\n\t                },\n\t                {\n\t                    \"@type\": \"ListItem\",\n\t                    \"position\": 5,\n\t                    \"name\": \"Online kurz Penetra\u010dn\u00e9 Testovanie I. Za\u010diato\u010dn\u00edk\"\n\t                }\n\t            ]\n\t        },\n\t        {\n\t            \"@type\": \"WebSite\",\n\t            \"@id\": \"https:\/\/www.vita.sk\/#website\",\n\t            \"url\": \"https:\/\/www.vita.sk\/\",\n\t            \"name\": \"VITA\",\n\t            \"description\": \"\",\n\t            \"publisher\": {\n\t                \"@id\": \"https:\/\/www.vita.sk\/#organization\"\n\t            },\n\t            \"potentialAction\": [\n\t                {\n\t                    \"@type\": \"SearchAction\",\n\t                    \"target\": {\n\t                        \"@type\": \"EntryPoint\",\n\t                        \"urlTemplate\": \"https:\/\/www.vita.sk\/?s={search_term_string}\"\n\t                    },\n\t                    \"query-input\": {\n\t                        \"@type\": \"PropertyValueSpecification\",\n\t                        \"valueRequired\": true,\n\t                        \"valueName\": \"search_term_string\"\n\t                    }\n\t                }\n\t            ],\n\t            \"inLanguage\": \"en-US\"\n\t        },\n\t        {\n\t            \"email\": \"admin@vita.sk\",\n\t            \"logo\": \"https:\/\/www.vita.sk\/img\/vita_logo.png \",\n\t            \"address\": {\n\t                \"type\": \"PostalAddress\",\n\t                \"streetAddress\": \"Tom\u00e1\u0161ikova 50\/A\",\n\t                \"addressLocality\": \"Bratislava\",\n\t                \"postalCode\": \"83104\",\n\t                \"addressCountry\": {\n\t                    \"name\": \"SK\",\n\t                    \"type\": \"Country\"\n\t                }\n\t            },\n\t            \"contactPoint\": {\n\t                \"type\": \"ContactPoint\",\n\t                \"telephone\": \"+421 907 375\u00a0543\",\n\t                \"Email\": \"admin@vita.sk\",\n\t                \"contactType\": \"customer service\"\n\t            },\n\t            \"sameAs\": [\n\t                \"https:\/\/www.facebook.com\/VitaAcademySK\/\",\n\t                \"https:\/\/www.linkedin.com\/company\/vita-academy\/\"\n\t            ]\n\t        }\n\t    ]\n\t}<\/script>\n<!-- \/ Yoast SEO Premium plugin. -->","yoast_head_json":{"title":"Online kurz Penetra\u010dn\u00e9 Testovanie pre za\u010diato\u010dn\u00edkov 2026 | VITA","description":"Online kurz Penetra\u010dn\u00e9 Testovanie I. Za\u010diato\u010dn\u00edk je cesta ako za\u010da\u0165 s penetra\u010dn\u00fdm testovan\u00edm softv\u00e9ru a sta\u0165 sa penetra\u010dn\u00fdm testerom. \u2705","robots":{"index":"index","follow":"follow","max-snippet":"max-snippet:-1","max-image-preview":"max-image-preview:large","max-video-preview":"max-video-preview:-1"},"canonical":"https:\/\/www.vita.sk\/online-kurz-penetracne-testovanie-i-zaciatocnik\/","og_locale":"en_US","og_type":"article","og_title":"Online kurz Penetra\u010dn\u00e9 Testovanie I. Za\u010diato\u010dn\u00edk","og_description":"Online kurz Penetra\u010dn\u00e9 Testovanie I. Za\u010diato\u010dn\u00edk je cesta ako za\u010da\u0165 s penetra\u010dn\u00fdm testovan\u00edm softv\u00e9ru a sta\u0165 sa penetra\u010dn\u00fdm testerom. \u2705","og_url":"https:\/\/www.vita.sk\/online-kurz-penetracne-testovanie-i-zaciatocnik\/","og_site_name":"VITA","article_publisher":"https:\/\/www.facebook.com\/VitaAcademySK","article_modified_time":"2025-12-16T08:57:48+00:00","og_image":[{"width":360,"height":360,"url":"https:\/\/www.vita.sk\/wp-content\/uploads\/2020\/11\/kurz-Penetracne-testovanie.png","type":"image\/png"}],"twitter_card":"summary_large_image","twitter_misc":{"Est. reading time":"2 minutes"},"schema":{"@context":"https:\/\/schema.org","@graph":[{"@type":"WebPage","@id":"https:\/\/www.vita.sk\/online-kurz-penetracne-testovanie-i-zaciatocnik\/","url":"https:\/\/www.vita.sk\/online-kurz-penetracne-testovanie-i-zaciatocnik\/","name":"Online kurz Penetra\u010dn\u00e9 Testovanie pre za\u010diato\u010dn\u00edkov {Y} | VITA","isPartOf":{"@id":"https:\/\/www.vita.sk\/#website"},"primaryImageOfPage":{"@id":"https:\/\/www.vita.sk\/online-kurz-penetracne-testovanie-i-zaciatocnik\/#primaryimage"},"image":{"@id":"https:\/\/www.vita.sk\/online-kurz-penetracne-testovanie-i-zaciatocnik\/#primaryimage"},"thumbnailUrl":"https:\/\/www.vita.sk\/wp-content\/uploads\/2020\/11\/kurz-Penetracne-testovanie.png","datePublished":"2021-03-04T16:02:00+00:00","dateModified":"2025-12-16T08:57:48+00:00","description":"Online kurz Penetra\u010dn\u00e9 Testovanie I. Za\u010diato\u010dn\u00edk je cesta ako za\u010da\u0165 s penetra\u010dn\u00fdm testovan\u00edm softv\u00e9ru a sta\u0165 sa penetra\u010dn\u00fdm testerom. \u2705","breadcrumb":{"@id":"https:\/\/www.vita.sk\/online-kurz-penetracne-testovanie-i-zaciatocnik\/#breadcrumb"},"inLanguage":"en-US","potentialAction":[{"@type":"ReadAction","target":["https:\/\/www.vita.sk\/online-kurz-penetracne-testovanie-i-zaciatocnik\/"]}]},{"@type":"ImageObject","inLanguage":"en-US","@id":"https:\/\/www.vita.sk\/online-kurz-penetracne-testovanie-i-zaciatocnik\/#primaryimage","url":"https:\/\/www.vita.sk\/wp-content\/uploads\/2020\/11\/kurz-Penetracne-testovanie.png","contentUrl":"https:\/\/www.vita.sk\/wp-content\/uploads\/2020\/11\/kurz-Penetracne-testovanie.png","width":360,"height":360,"caption":"Online kurz Penetra\u010dn\u00e9 Testovanie"},{"@type":"BreadcrumbList","@id":"https:\/\/www.vita.sk\/online-kurz-penetracne-testovanie-i-zaciatocnik\/#breadcrumb","itemListElement":[{"@type":"ListItem","position":1,"name":"VITA Academy","item":"https:\/\/www.vita.sk\/en\/"},{"@type":"ListItem","position":2,"name":"Shop","item":"https:\/\/www.vita.sk\/shop\/"},{"@type":"ListItem","position":3,"name":"Programovacie Jazyky","item":"https:\/\/www.vita.sk\/online-kurzy-programovacie-jazyky\/"},{"@type":"ListItem","position":4,"name":"Testovanie softv\u00e9ru","item":"https:\/\/www.vita.sk\/online-kurzy-testovanie-softveru-programovanie\/"},{"@type":"ListItem","position":5,"name":"Online kurz Penetra\u010dn\u00e9 Testovanie I. Za\u010diato\u010dn\u00edk"}]},{"@type":"WebSite","@id":"https:\/\/www.vita.sk\/#website","url":"https:\/\/www.vita.sk\/","name":"VITA","description":"","publisher":{"@id":"https:\/\/www.vita.sk\/#organization"},"potentialAction":[{"@type":"SearchAction","target":{"@type":"EntryPoint","urlTemplate":"https:\/\/www.vita.sk\/?s={search_term_string}"},"query-input":{"@type":"PropertyValueSpecification","valueRequired":true,"valueName":"search_term_string"}}],"inLanguage":"en-US"},{"email":"admin@vita.sk","logo":"https:\/\/www.vita.sk\/img\/vita_logo.png ","address":{"type":"PostalAddress","streetAddress":"Tom\u00e1\u0161ikova 50\/A","addressLocality":"Bratislava","postalCode":"83104","addressCountry":{"name":"SK","type":"Country"}},"contactPoint":{"type":"ContactPoint","telephone":"+421 907 375\u00a0543","Email":"admin@vita.sk","contactType":"customer service"},"sameAs":["https:\/\/www.facebook.com\/VitaAcademySK\/","https:\/\/www.linkedin.com\/company\/vita-academy\/"]}]}},"acf":[],"_links":{"self":[{"href":"https:\/\/www.vita.sk\/en\/wp-json\/wp\/v2\/product\/4717","targetHints":{"allow":["GET"]}}],"collection":[{"href":"https:\/\/www.vita.sk\/en\/wp-json\/wp\/v2\/product"}],"about":[{"href":"https:\/\/www.vita.sk\/en\/wp-json\/wp\/v2\/types\/product"}],"author":[{"embeddable":true,"href":"https:\/\/www.vita.sk\/en\/wp-json\/wp\/v2\/users\/4"}],"replies":[{"embeddable":true,"href":"https:\/\/www.vita.sk\/en\/wp-json\/wp\/v2\/comments?post=4717"}],"wp:featuredmedia":[{"embeddable":true,"href":"https:\/\/www.vita.sk\/en\/wp-json\/wp\/v2\/media\/4215"}],"wp:attachment":[{"href":"https:\/\/www.vita.sk\/en\/wp-json\/wp\/v2\/media?parent=4717"}],"wp:term":[{"taxonomy":"product_brand","embeddable":true,"href":"https:\/\/www.vita.sk\/en\/wp-json\/wp\/v2\/product_brand?post=4717"},{"taxonomy":"product_cat","embeddable":true,"href":"https:\/\/www.vita.sk\/en\/wp-json\/wp\/v2\/product_cat?post=4717"},{"taxonomy":"product_tag","embeddable":true,"href":"https:\/\/www.vita.sk\/en\/wp-json\/wp\/v2\/product_tag?post=4717"}],"curies":[{"name":"wp","href":"https:\/\/api.w.org\/{rel}","templated":true}]}}