{"id":4789,"date":"2021-03-07T14:19:48","date_gmt":"2021-03-07T13:19:48","guid":{"rendered":"https:\/\/www.vita.sk\/?post_type=product&#038;p=4789"},"modified":"2024-10-10T16:54:48","modified_gmt":"2024-10-10T14:54:48","slug":"online-kurz-microsoft-windows-server-2019","status":"publish","type":"product","link":"https:\/\/www.vita.sk\/en\/online-kurz-microsoft-windows-server-2019\/","title":{"rendered":"Online kurz Microsoft Windows Server 2019"},"content":{"rendered":"<p>Online kurz Microsoft Windows Server 2019 je pre v\u00e1s ur\u010den\u00fd, ak ste sa rozhodli nasadi\u0165 Windowsov\u00fa distrib\u00faciu na svoj server. <strong>Ide o jedin\u00fd akreditovan\u00fd a certifikovan\u00fd online kurz na Microsoft Windows Server na Slovensku.<\/strong> Z\u00edskate z\u00e1klady o spr\u00e1ve Windows Server, in\u0161tal\u00e1cii a konfigur\u00e1cii. Na kurze Windows Server I. Za\u010diato\u010dn\u00edk v\u00e1m vysvetl\u00edme pl\u00e1novanie, spolo\u010dne sa pozrieme na anal\u00fdzu existuj\u00facej siete a definovanie cie\u013eov a rozsahu. Obozn\u00e1mime v\u00e1s s n\u00e1strojmi pre spr\u00e1vu syst\u00e9mu, ovl\u00e1dac\u00edmi panelmi a konzolami pre spr\u00e1vu. Ako absolvent online kurzu Windows Server budete vedie\u0165 ako spravova\u0165 register, sledova\u0165, ladi\u0165 a protokolova\u0165 v\u00fdkon i rie\u0161i\u0165 hardv\u00e9rov\u00e9 probl\u00e9my. Ak sa skuto\u010dne chcete nau\u010di\u0165 spravova\u0165 Microsoft Windows Server, tak toto je ide\u00e1lny online kurz pre v\u00e1s.<\/p>\n","protected":false},"excerpt":{"rendered":"<p>Online kurz Microsoft Windows Server 2019 je pre v\u00e1s ur\u010den\u00fd, ak ste sa rozhodli nasadi\u0165 Windowsov\u00fa distrib\u00faciu na svoj server. Ide o jedin\u00fd akreditovan\u00fd a certifikovan\u00fd online kurz na Microsoft Windows Server na Slovensku. Z\u00edskate z\u00e1klady o spr\u00e1ve Windows Server, in\u0161tal\u00e1cii a konfigur\u00e1cii. Na kurze Windows Server I.","protected":false},"author":4,"featured_media":516,"comment_status":"open","ping_status":"closed","template":"","meta":{"_acf_changed":false},"product_brand":[],"product_cat":[28,32,73],"product_tag":[186,200],"class_list":{"0":"post-4789","1":"product","2":"type-product","3":"status-publish","4":"has-post-thumbnail","6":"product_cat-online-kurzy-administracia-it-servery","7":"product_cat-online-kurzy-windows-server","8":"product_cat-bez-kategorie","9":"product_tag-administracia-it","10":"product_tag-microsoft-windows-server","12":"first","13":"instock","14":"sale","15":"sold-individually","16":"taxable","17":"shipping-taxable","18":"purchasable","19":"product-type-simple"},"yoast_head":"<!-- This site is optimized with the Yoast SEO Premium plugin v25.0 (Yoast SEO v25.0) - https:\/\/yoast.com\/wordpress\/plugins\/seo\/ -->\n<title>Online kurz Microsoft Windows Server  \u2502 Vita.sk<\/title>\n<meta name=\"description\" content=\"V online kurze Microsoft Windows Server 2019 sa nau\u010d\u00edte spravova\u0165 a konfigurova\u0165 servery. Z\u00edskate praktick\u00e9 zru\u010dnosti spr\u00e1vy infra\u0161trukt\u00fary. \u2705\" \/>\n<meta name=\"robots\" content=\"index, follow, max-snippet:-1, max-image-preview:large, max-video-preview:-1\" \/>\n<link rel=\"canonical\" href=\"https:\/\/www.vita.sk\/online-kurz-microsoft-windows-server-2019\/\" \/>\n<meta property=\"og:locale\" content=\"en_US\" \/>\n<meta property=\"og:type\" content=\"article\" \/>\n<meta property=\"og:title\" content=\"Online kurz Microsoft Windows Server 2019\" \/>\n<meta property=\"og:description\" content=\"V online kurze Microsoft Windows Server 2019 sa nau\u010d\u00edte spravova\u0165 a konfigurova\u0165 servery. Z\u00edskate praktick\u00e9 zru\u010dnosti spr\u00e1vy infra\u0161trukt\u00fary. \u2705\" \/>\n<meta property=\"og:url\" content=\"https:\/\/www.vita.sk\/online-kurz-microsoft-windows-server-2019\/\" \/>\n<meta property=\"og:site_name\" content=\"VITA\" \/>\n<meta property=\"article:publisher\" content=\"https:\/\/www.facebook.com\/VitaAcademySK\" \/>\n<meta property=\"article:modified_time\" content=\"2024-10-10T14:54:48+00:00\" \/>\n<meta property=\"og:image\" content=\"https:\/\/www.vita.sk\/wp-content\/uploads\/2018\/09\/Windows-1.png\" \/>\n\t<meta property=\"og:image:width\" content=\"360\" \/>\n\t<meta property=\"og:image:height\" content=\"360\" \/>\n\t<meta property=\"og:image:type\" content=\"image\/png\" \/>\n<meta name=\"twitter:card\" content=\"summary_large_image\" \/>\n<meta name=\"twitter:label1\" content=\"Est. reading time\" \/>\n\t<meta name=\"twitter:data1\" content=\"1 minute\" \/>\n<script type=\"application\/ld+json\" class=\"yoast-schema-graph\">{\n\t    \"@context\": \"https:\/\/schema.org\",\n\t    \"@graph\": [\n\t        {\n\t            \"@type\": \"WebPage\",\n\t            \"@id\": \"https:\/\/www.vita.sk\/online-kurz-microsoft-windows-server-2019\/\",\n\t            \"url\": \"https:\/\/www.vita.sk\/online-kurz-microsoft-windows-server-2019\/\",\n\t            \"name\": \"Online kurz Microsoft Windows Server 2024 \u2502 Vita.sk\",\n\t            \"isPartOf\": {\n\t                \"@id\": \"https:\/\/www.vita.sk\/#website\"\n\t            },\n\t            \"primaryImageOfPage\": {\n\t                \"@id\": \"https:\/\/www.vita.sk\/online-kurz-microsoft-windows-server-2019\/#primaryimage\"\n\t            },\n\t            \"image\": {\n\t                \"@id\": \"https:\/\/www.vita.sk\/online-kurz-microsoft-windows-server-2019\/#primaryimage\"\n\t            },\n\t            \"thumbnailUrl\": \"https:\/\/www.vita.sk\/wp-content\/uploads\/2018\/09\/Windows-1.png\",\n\t            \"datePublished\": \"2021-03-07T13:19:48+00:00\",\n\t            \"dateModified\": \"2024-10-10T14:54:48+00:00\",\n\t            \"description\": \"V online kurze Microsoft Windows Server 2019 sa nau\u010d\u00edte spravova\u0165 a konfigurova\u0165 servery. Z\u00edskate praktick\u00e9 zru\u010dnosti spr\u00e1vy infra\u0161trukt\u00fary. \u2705\",\n\t            \"breadcrumb\": {\n\t                \"@id\": \"https:\/\/www.vita.sk\/online-kurz-microsoft-windows-server-2019\/#breadcrumb\"\n\t            },\n\t            \"inLanguage\": \"en-US\",\n\t            \"potentialAction\": [\n\t                {\n\t                    \"@type\": \"ReadAction\",\n\t                    \"target\": [\n\t                        \"https:\/\/www.vita.sk\/online-kurz-microsoft-windows-server-2019\/\"\n\t                    ]\n\t                }\n\t            ]\n\t        },\n\t        {\n\t            \"@type\": \"ImageObject\",\n\t            \"inLanguage\": \"en-US\",\n\t            \"@id\": \"https:\/\/www.vita.sk\/online-kurz-microsoft-windows-server-2019\/#primaryimage\",\n\t            \"url\": \"https:\/\/www.vita.sk\/wp-content\/uploads\/2018\/09\/Windows-1.png\",\n\t            \"contentUrl\": \"https:\/\/www.vita.sk\/wp-content\/uploads\/2018\/09\/Windows-1.png\",\n\t            \"width\": 360,\n\t            \"height\": 360,\n\t            \"caption\": \"Online kurz Microsoft Windows\"\n\t        },\n\t        {\n\t            \"@type\": \"BreadcrumbList\",\n\t            \"@id\": \"https:\/\/www.vita.sk\/online-kurz-microsoft-windows-server-2019\/#breadcrumb\",\n\t            \"itemListElement\": [\n\t                {\n\t                    \"@type\": \"ListItem\",\n\t                    \"position\": 1,\n\t                    \"name\": \"VITA Academy\",\n\t                    \"item\": \"https:\/\/www.vita.sk\/en\/\"\n\t                },\n\t                {\n\t                    \"@type\": \"ListItem\",\n\t                    \"position\": 2,\n\t                    \"name\": \"Shop\",\n\t                    \"item\": \"https:\/\/www.vita.sk\/shop\/\"\n\t                },\n\t                {\n\t                    \"@type\": \"ListItem\",\n\t                    \"position\": 3,\n\t                    \"name\": \"Administr\u00e1cia IT a Servery\",\n\t                    \"item\": \"https:\/\/www.vita.sk\/online-kurzy-administracia-it-servery\/\"\n\t                },\n\t                {\n\t                    \"@type\": \"ListItem\",\n\t                    \"position\": 4,\n\t                    \"name\": \"Microsoft Windows Server\",\n\t                    \"item\": \"https:\/\/www.vita.sk\/online-kurzy-windows-server\/\"\n\t                },\n\t                {\n\t                    \"@type\": \"ListItem\",\n\t                    \"position\": 5,\n\t                    \"name\": \"Online kurz Microsoft Windows Server 2019\"\n\t                }\n\t            ]\n\t        },\n\t        {\n\t            \"@type\": \"WebSite\",\n\t            \"@id\": \"https:\/\/www.vita.sk\/#website\",\n\t            \"url\": \"https:\/\/www.vita.sk\/\",\n\t            \"name\": \"VITA\",\n\t            \"description\": \"\",\n\t            \"publisher\": {\n\t                \"@id\": \"https:\/\/www.vita.sk\/#organization\"\n\t            },\n\t            \"potentialAction\": [\n\t                {\n\t                    \"@type\": \"SearchAction\",\n\t                    \"target\": {\n\t                        \"@type\": \"EntryPoint\",\n\t                        \"urlTemplate\": \"https:\/\/www.vita.sk\/?s={search_term_string}\"\n\t                    },\n\t                    \"query-input\": {\n\t                        \"@type\": \"PropertyValueSpecification\",\n\t                        \"valueRequired\": true,\n\t                        \"valueName\": \"search_term_string\"\n\t                    }\n\t                }\n\t            ],\n\t            \"inLanguage\": \"en-US\"\n\t        },\n\t        {\n\t            \"email\": \"admin@vita.sk\",\n\t            \"logo\": \"https:\/\/www.vita.sk\/img\/vita_logo.png \",\n\t            \"address\": {\n\t                \"type\": \"PostalAddress\",\n\t                \"streetAddress\": \"Tom\u00e1\u0161ikova 50\/A\",\n\t                \"addressLocality\": \"Bratislava\",\n\t                \"postalCode\": \"83104\",\n\t                \"addressCountry\": {\n\t                    \"name\": \"SK\",\n\t                    \"type\": \"Country\"\n\t                }\n\t            },\n\t            \"contactPoint\": {\n\t                \"type\": \"ContactPoint\",\n\t                \"telephone\": \"+421 907 375\u00a0543\",\n\t                \"Email\": \"admin@vita.sk\",\n\t                \"contactType\": \"customer service\"\n\t            },\n\t            \"sameAs\": [\n\t                \"https:\/\/www.facebook.com\/VitaAcademySK\/\",\n\t                \"https:\/\/www.linkedin.com\/company\/vita-academy\/\"\n\t            ]\n\t        }\n\t    ]\n\t}<\/script>\n<!-- \/ Yoast SEO Premium plugin. -->","yoast_head_json":{"title":"Online kurz Microsoft Windows Server  \u2502 Vita.sk","description":"V online kurze Microsoft Windows Server 2019 sa nau\u010d\u00edte spravova\u0165 a konfigurova\u0165 servery. Z\u00edskate praktick\u00e9 zru\u010dnosti spr\u00e1vy infra\u0161trukt\u00fary. \u2705","robots":{"index":"index","follow":"follow","max-snippet":"max-snippet:-1","max-image-preview":"max-image-preview:large","max-video-preview":"max-video-preview:-1"},"canonical":"https:\/\/www.vita.sk\/online-kurz-microsoft-windows-server-2019\/","og_locale":"en_US","og_type":"article","og_title":"Online kurz Microsoft Windows Server 2019","og_description":"V online kurze Microsoft Windows Server 2019 sa nau\u010d\u00edte spravova\u0165 a konfigurova\u0165 servery. Z\u00edskate praktick\u00e9 zru\u010dnosti spr\u00e1vy infra\u0161trukt\u00fary. \u2705","og_url":"https:\/\/www.vita.sk\/online-kurz-microsoft-windows-server-2019\/","og_site_name":"VITA","article_publisher":"https:\/\/www.facebook.com\/VitaAcademySK","article_modified_time":"2024-10-10T14:54:48+00:00","og_image":[{"width":360,"height":360,"url":"https:\/\/www.vita.sk\/wp-content\/uploads\/2018\/09\/Windows-1.png","type":"image\/png"}],"twitter_card":"summary_large_image","twitter_misc":{"Est. reading time":"1 minute"},"schema":{"@context":"https:\/\/schema.org","@graph":[{"@type":"WebPage","@id":"https:\/\/www.vita.sk\/online-kurz-microsoft-windows-server-2019\/","url":"https:\/\/www.vita.sk\/online-kurz-microsoft-windows-server-2019\/","name":"Online kurz Microsoft Windows Server 2024 \u2502 Vita.sk","isPartOf":{"@id":"https:\/\/www.vita.sk\/#website"},"primaryImageOfPage":{"@id":"https:\/\/www.vita.sk\/online-kurz-microsoft-windows-server-2019\/#primaryimage"},"image":{"@id":"https:\/\/www.vita.sk\/online-kurz-microsoft-windows-server-2019\/#primaryimage"},"thumbnailUrl":"https:\/\/www.vita.sk\/wp-content\/uploads\/2018\/09\/Windows-1.png","datePublished":"2021-03-07T13:19:48+00:00","dateModified":"2024-10-10T14:54:48+00:00","description":"V online kurze Microsoft Windows Server 2019 sa nau\u010d\u00edte spravova\u0165 a konfigurova\u0165 servery. Z\u00edskate praktick\u00e9 zru\u010dnosti spr\u00e1vy infra\u0161trukt\u00fary. \u2705","breadcrumb":{"@id":"https:\/\/www.vita.sk\/online-kurz-microsoft-windows-server-2019\/#breadcrumb"},"inLanguage":"en-US","potentialAction":[{"@type":"ReadAction","target":["https:\/\/www.vita.sk\/online-kurz-microsoft-windows-server-2019\/"]}]},{"@type":"ImageObject","inLanguage":"en-US","@id":"https:\/\/www.vita.sk\/online-kurz-microsoft-windows-server-2019\/#primaryimage","url":"https:\/\/www.vita.sk\/wp-content\/uploads\/2018\/09\/Windows-1.png","contentUrl":"https:\/\/www.vita.sk\/wp-content\/uploads\/2018\/09\/Windows-1.png","width":360,"height":360,"caption":"Online kurz Microsoft Windows"},{"@type":"BreadcrumbList","@id":"https:\/\/www.vita.sk\/online-kurz-microsoft-windows-server-2019\/#breadcrumb","itemListElement":[{"@type":"ListItem","position":1,"name":"VITA Academy","item":"https:\/\/www.vita.sk\/en\/"},{"@type":"ListItem","position":2,"name":"Shop","item":"https:\/\/www.vita.sk\/shop\/"},{"@type":"ListItem","position":3,"name":"Administr\u00e1cia IT a Servery","item":"https:\/\/www.vita.sk\/online-kurzy-administracia-it-servery\/"},{"@type":"ListItem","position":4,"name":"Microsoft Windows Server","item":"https:\/\/www.vita.sk\/online-kurzy-windows-server\/"},{"@type":"ListItem","position":5,"name":"Online kurz Microsoft Windows Server 2019"}]},{"@type":"WebSite","@id":"https:\/\/www.vita.sk\/#website","url":"https:\/\/www.vita.sk\/","name":"VITA","description":"","publisher":{"@id":"https:\/\/www.vita.sk\/#organization"},"potentialAction":[{"@type":"SearchAction","target":{"@type":"EntryPoint","urlTemplate":"https:\/\/www.vita.sk\/?s={search_term_string}"},"query-input":{"@type":"PropertyValueSpecification","valueRequired":true,"valueName":"search_term_string"}}],"inLanguage":"en-US"},{"email":"admin@vita.sk","logo":"https:\/\/www.vita.sk\/img\/vita_logo.png ","address":{"type":"PostalAddress","streetAddress":"Tom\u00e1\u0161ikova 50\/A","addressLocality":"Bratislava","postalCode":"83104","addressCountry":{"name":"SK","type":"Country"}},"contactPoint":{"type":"ContactPoint","telephone":"+421 907 375\u00a0543","Email":"admin@vita.sk","contactType":"customer service"},"sameAs":["https:\/\/www.facebook.com\/VitaAcademySK\/","https:\/\/www.linkedin.com\/company\/vita-academy\/"]}]}},"acf":[],"_links":{"self":[{"href":"https:\/\/www.vita.sk\/en\/wp-json\/wp\/v2\/product\/4789","targetHints":{"allow":["GET"]}}],"collection":[{"href":"https:\/\/www.vita.sk\/en\/wp-json\/wp\/v2\/product"}],"about":[{"href":"https:\/\/www.vita.sk\/en\/wp-json\/wp\/v2\/types\/product"}],"author":[{"embeddable":true,"href":"https:\/\/www.vita.sk\/en\/wp-json\/wp\/v2\/users\/4"}],"replies":[{"embeddable":true,"href":"https:\/\/www.vita.sk\/en\/wp-json\/wp\/v2\/comments?post=4789"}],"wp:featuredmedia":[{"embeddable":true,"href":"https:\/\/www.vita.sk\/en\/wp-json\/wp\/v2\/media\/516"}],"wp:attachment":[{"href":"https:\/\/www.vita.sk\/en\/wp-json\/wp\/v2\/media?parent=4789"}],"wp:term":[{"taxonomy":"product_brand","embeddable":true,"href":"https:\/\/www.vita.sk\/en\/wp-json\/wp\/v2\/product_brand?post=4789"},{"taxonomy":"product_cat","embeddable":true,"href":"https:\/\/www.vita.sk\/en\/wp-json\/wp\/v2\/product_cat?post=4789"},{"taxonomy":"product_tag","embeddable":true,"href":"https:\/\/www.vita.sk\/en\/wp-json\/wp\/v2\/product_tag?post=4789"}],"curies":[{"name":"wp","href":"https:\/\/api.w.org\/{rel}","templated":true}]}}