{"id":479,"date":"2021-04-01T13:30:31","date_gmt":"2021-04-01T11:30:31","guid":{"rendered":"http:\/\/vita.sk.vps202.nameserver.sk\/?post_type=product&#038;p=479"},"modified":"2026-01-29T12:00:16","modified_gmt":"2026-01-29T11:00:16","slug":"online-kurz-adobe-after-effects-i-zaciatocnik","status":"publish","type":"product","link":"https:\/\/www.vita.sk\/en\/online-kurz-adobe-after-effects-i-zaciatocnik\/","title":{"rendered":"Online kurz Adobe After Effects I. Za\u010diato\u010dn\u00edk"},"content":{"rendered":"<p>Online kurz Adobe After Effects I. Za\u010diato\u010dn\u00edk je pre v\u00e1s ide\u00e1lny, ak sa chcete nau\u010di\u0165 vytv\u00e1ra\u0165 anim\u00e1cie, pohybliv\u00fa grafiku a vizu\u00e1lne efekty v profesion\u00e1lnom n\u00e1stroji Adobe After Effects od \u00fapln\u00fdch z\u00e1kladov. <strong>Ide o akreditovan\u00fd a certifikovan\u00fd kurz na Adobe After Effects<\/strong>. Zameriavame sa na orient\u00e1ciu v prostred\u00ed aplik\u00e1cie, pr\u00e1cu s projektmi, kompoz\u00edciami, \u010dasovou osou, sn\u00edmkami a n\u00e1h\u013eadom v\u00fdstupov. Nau\u010d\u00edme sa spr\u00e1vne vytv\u00e1ra\u0165 a spravova\u0165 kompoz\u00edcie, pracova\u0165 s vrstvami, maskami a ich anim\u00e1ciou v \u010dase. Osvoj\u00edme si pou\u017e\u00edvanie z\u00e1kladn\u00fdch n\u00e1strojov na tvorbu tvarov, zarovn\u00e1vanie objektov, transform\u00e1cie a pr\u00e1cu s farbami. Venujeme sa anim\u00e1cii vlastnost\u00ed objektov, pr\u00e1ci s k\u013e\u00fa\u010dov\u00fdmi sn\u00edmkami a plynul\u00e9mu riadeniu pohybu. Z\u00edskame pevn\u00e9 z\u00e1klady v pou\u017e\u00edvan\u00ed efektov, ich aplik\u00e1cii a kombinovan\u00ed pri tvorbe vizu\u00e1lnych v\u00fdstupov. Pracujeme s vektorovou aj rastrovou grafikou, n\u00e1strojmi Pen a Selection a ich vyu\u017eit\u00edm pri tvorbe presn\u00fdch tvarov a masiek. S\u00fa\u010das\u0165ou obsahu je aj pr\u00e1ca s v\u00fdpl\u0148ami, gradientmi, textom a typografiou v pohyblivej grafike. Nau\u010d\u00edme sa organizova\u0165 projektov\u00e9 s\u00fabory a pripravova\u0165 v\u00fdstupy pre \u010fal\u0161ie pou\u017eitie v audiovizu\u00e1lnej produkcii. Po absolvovan\u00ed kurzu budeme schopn\u00ed samostatne vytv\u00e1ra\u0165 jednoduch\u00e9 anim\u00e1cie, titulky, grafick\u00e9 prvky a vizu\u00e1lne efekty pre video obsah. Ak sa chcete skuto\u010dne nau\u010di\u0165 pracova\u0165 s Adobe After Effects a sta\u0165 sa motion dizajn\u00e9rom za\u010diato\u010dn\u00edkom, tak toto je ide\u00e1lny vstupn\u00fd online kurz pre v\u00e1s.<\/p>\n","protected":false},"excerpt":{"rendered":"<div class=\"flex flex-col text-sm pb-25\">\n<article class=\"text-token-text-primary w-full focus:outline-none [--shadow-height:45px] has-data-writing-block:pointer-events-none has-data-writing-block:-mt-(--shadow-height) has-data-writing-block:pt-(--shadow-height) [&amp;:has([data-writing-block])&gt;*]:pointer-events-auto scroll-mt-[calc(var(--header-height)+min(200px,max(70px,20svh)))]\" dir=\"auto\" tabindex=\"-1\" data-turn-id=\"request-WEB:6758b4bf-7fff-4a34-ba2c-ddf4c5dbbeb7-11\" data-testid=\"conversation-turn-14\" data-scroll-anchor=\"true\" data-turn=\"assistant\">\n<div class=\"text-base my-auto mx-auto pb-10 [--thread-content-margin:--spacing(4)] @w-sm\/main:[--thread-content-margin:--spacing(6)] @w-lg\/main:[--thread-content-margin:--spacing(16)] px-(--thread-content-margin)\">\n<div class=\"[--thread-content-max-width:40rem] @w-lg\/main:[--thread-content-max-width:48rem] mx-auto max-w-(--thread-content-max-width) flex-1 group\/turn-messages focus-visible:outline-hidden relative flex w-full min-w-0 flex-col agent-turn\" tabindex=\"-1\">\n<div class=\"flex max-w-full flex-col grow\">\n<div class=\"min-h-8 text-message relative flex w-full flex-col items-end gap-2 text-start break-words whitespace-normal [. text-message+&amp;]:mt-1\" dir=\"auto\" data-message-author-role=\"assistant\" data-message-id=\"2d4b0248-823d-4c83-be88-ec4664aae846\" data-message-model-slug=\"gpt-5-2\">\n<div class=\"flex w-full flex-col gap-1 empty:hidden first:pt-[1px]\">\n<div class=\"markdown prose dark:prose-invert w-full wrap-break-word light markdown-new-styling\">\n<p data-start=\"0\" data-end=\"191\">Online kurz Adobe After Effects I. Za\u010diato\u010dn\u00edk je ur\u010den\u00fd pre za\u010diato\u010dn\u00edkov, ktor\u00ed sa chc\u00fa nau\u010di\u0165 z\u00e1klady anim\u00e1cie, pr\u00e1ce s kompoz\u00edciami, vrstvami, efektmi a typografiou v Adobe After Effects.","protected":false},"author":4,"featured_media":477,"comment_status":"open","ping_status":"closed","template":"","meta":{"_acf_changed":false},"product_brand":[],"product_cat":[58,56,73],"product_tag":[194],"class_list":{"0":"post-479","1":"product","2":"type-product","3":"status-publish","4":"has-post-thumbnail","6":"product_cat-online-kurzy-adobe-after-effects","7":"product_cat-online-kurzy-grafika-a-dizajn","8":"product_cat-bez-kategorie","9":"product_tag-grafika-a-dizajn","11":"first","12":"instock","13":"sale","14":"sold-individually","15":"taxable","16":"shipping-taxable","17":"purchasable","18":"product-type-simple"},"yoast_head":"<!-- This site is optimized with the Yoast SEO Premium plugin v25.0 (Yoast SEO v25.0) - https:\/\/yoast.com\/wordpress\/plugins\/seo\/ -->\n<title>Online kurz Adobe After Effects I. Za\u010diato\u010dn\u00edk 2026 | VITA<\/title>\n<meta name=\"description\" content=\"V online kurze After Effects V\u00e1s nau\u010d\u00edme pracova\u0165 v Adobe After Effects. Zvl\u00e1dnete pr\u00e1cu s pou\u017e\u00edvate\u013esk\u00fdm prostred\u00edm, anim\u00e1ciami a textami.\" \/>\n<meta name=\"robots\" content=\"index, follow, max-snippet:-1, max-image-preview:large, max-video-preview:-1\" \/>\n<link rel=\"canonical\" href=\"https:\/\/www.vita.sk\/online-kurz-adobe-after-effects-i-zaciatocnik\/\" \/>\n<meta property=\"og:locale\" content=\"en_US\" \/>\n<meta property=\"og:type\" content=\"article\" \/>\n<meta property=\"og:title\" content=\"Online kurz Adobe After Effects I. Za\u010diato\u010dn\u00edk\" \/>\n<meta property=\"og:description\" content=\"V online kurze After Effects V\u00e1s nau\u010d\u00edme pracova\u0165 v Adobe After Effects. Zvl\u00e1dnete pr\u00e1cu s pou\u017e\u00edvate\u013esk\u00fdm prostred\u00edm, anim\u00e1ciami a textami.\" \/>\n<meta property=\"og:url\" content=\"https:\/\/www.vita.sk\/online-kurz-adobe-after-effects-i-zaciatocnik\/\" \/>\n<meta property=\"og:site_name\" content=\"VITA\" \/>\n<meta property=\"article:publisher\" content=\"https:\/\/www.facebook.com\/VitaAcademySK\" \/>\n<meta property=\"article:modified_time\" content=\"2026-01-29T11:00:16+00:00\" \/>\n<meta property=\"og:image\" content=\"https:\/\/www.vita.sk\/wp-content\/uploads\/2018\/10\/adobe-after-effects.png\" \/>\n\t<meta property=\"og:image:width\" content=\"360\" \/>\n\t<meta property=\"og:image:height\" content=\"360\" \/>\n\t<meta property=\"og:image:type\" content=\"image\/png\" \/>\n<meta name=\"twitter:card\" content=\"summary_large_image\" \/>\n<meta name=\"twitter:label1\" content=\"Est. reading time\" \/>\n\t<meta name=\"twitter:data1\" content=\"2 minutes\" \/>\n<script type=\"application\/ld+json\" class=\"yoast-schema-graph\">{\n\t    \"@context\": \"https:\/\/schema.org\",\n\t    \"@graph\": [\n\t        {\n\t            \"@type\": \"WebPage\",\n\t            \"@id\": \"https:\/\/www.vita.sk\/online-kurz-adobe-after-effects-i-zaciatocnik\/\",\n\t            \"url\": \"https:\/\/www.vita.sk\/online-kurz-adobe-after-effects-i-zaciatocnik\/\",\n\t            \"name\": \"Online kurz Adobe After Effects I. Za\u010diato\u010dn\u00edk {Y} | VITA\",\n\t            \"isPartOf\": {\n\t                \"@id\": \"https:\/\/www.vita.sk\/#website\"\n\t            },\n\t            \"primaryImageOfPage\": {\n\t                \"@id\": \"https:\/\/www.vita.sk\/online-kurz-adobe-after-effects-i-zaciatocnik\/#primaryimage\"\n\t            },\n\t            \"image\": {\n\t                \"@id\": \"https:\/\/www.vita.sk\/online-kurz-adobe-after-effects-i-zaciatocnik\/#primaryimage\"\n\t            },\n\t            \"thumbnailUrl\": \"https:\/\/www.vita.sk\/wp-content\/uploads\/2018\/10\/adobe-after-effects.png\",\n\t            \"datePublished\": \"2021-04-01T11:30:31+00:00\",\n\t            \"dateModified\": \"2026-01-29T11:00:16+00:00\",\n\t            \"description\": \"V online kurze After Effects V\u00e1s nau\u010d\u00edme pracova\u0165 v Adobe After Effects. Zvl\u00e1dnete pr\u00e1cu s pou\u017e\u00edvate\u013esk\u00fdm prostred\u00edm, anim\u00e1ciami a textami.\",\n\t            \"breadcrumb\": {\n\t                \"@id\": \"https:\/\/www.vita.sk\/online-kurz-adobe-after-effects-i-zaciatocnik\/#breadcrumb\"\n\t            },\n\t            \"inLanguage\": \"en-US\",\n\t            \"potentialAction\": [\n\t                {\n\t                    \"@type\": \"ReadAction\",\n\t                    \"target\": [\n\t                        \"https:\/\/www.vita.sk\/online-kurz-adobe-after-effects-i-zaciatocnik\/\"\n\t                    ]\n\t                }\n\t            ]\n\t        },\n\t        {\n\t            \"@type\": \"ImageObject\",\n\t            \"inLanguage\": \"en-US\",\n\t            \"@id\": \"https:\/\/www.vita.sk\/online-kurz-adobe-after-effects-i-zaciatocnik\/#primaryimage\",\n\t            \"url\": \"https:\/\/www.vita.sk\/wp-content\/uploads\/2018\/10\/adobe-after-effects.png\",\n\t            \"contentUrl\": \"https:\/\/www.vita.sk\/wp-content\/uploads\/2018\/10\/adobe-after-effects.png\",\n\t            \"width\": 360,\n\t            \"height\": 360,\n\t            \"caption\": \"Online kurz Adobe After Effects\"\n\t        },\n\t        {\n\t            \"@type\": \"BreadcrumbList\",\n\t            \"@id\": \"https:\/\/www.vita.sk\/online-kurz-adobe-after-effects-i-zaciatocnik\/#breadcrumb\",\n\t            \"itemListElement\": [\n\t                {\n\t                    \"@type\": \"ListItem\",\n\t                    \"position\": 1,\n\t                    \"name\": \"VITA Academy\",\n\t                    \"item\": \"https:\/\/www.vita.sk\/en\/\"\n\t                },\n\t                {\n\t                    \"@type\": \"ListItem\",\n\t                    \"position\": 2,\n\t                    \"name\": \"Shop\",\n\t                    \"item\": \"https:\/\/www.vita.sk\/shop\/\"\n\t                },\n\t                {\n\t                    \"@type\": \"ListItem\",\n\t                    \"position\": 3,\n\t                    \"name\": \"Grafika a Dizajn\",\n\t                    \"item\": \"https:\/\/www.vita.sk\/online-kurzy-grafika-a-dizajn\/\"\n\t                },\n\t                {\n\t                    \"@type\": \"ListItem\",\n\t                    \"position\": 4,\n\t                    \"name\": \"Adobe After Effects\",\n\t                    \"item\": \"https:\/\/www.vita.sk\/online-kurzy-adobe-after-effects\/\"\n\t                },\n\t                {\n\t                    \"@type\": \"ListItem\",\n\t                    \"position\": 5,\n\t                    \"name\": \"Online kurz Adobe After Effects I. Za\u010diato\u010dn\u00edk\"\n\t                }\n\t            ]\n\t        },\n\t        {\n\t            \"@type\": \"WebSite\",\n\t            \"@id\": \"https:\/\/www.vita.sk\/#website\",\n\t            \"url\": \"https:\/\/www.vita.sk\/\",\n\t            \"name\": \"VITA\",\n\t            \"description\": \"\",\n\t            \"publisher\": {\n\t                \"@id\": \"https:\/\/www.vita.sk\/#organization\"\n\t            },\n\t            \"potentialAction\": [\n\t                {\n\t                    \"@type\": \"SearchAction\",\n\t                    \"target\": {\n\t                        \"@type\": \"EntryPoint\",\n\t                        \"urlTemplate\": \"https:\/\/www.vita.sk\/?s={search_term_string}\"\n\t                    },\n\t                    \"query-input\": {\n\t                        \"@type\": \"PropertyValueSpecification\",\n\t                        \"valueRequired\": true,\n\t                        \"valueName\": \"search_term_string\"\n\t                    }\n\t                }\n\t            ],\n\t            \"inLanguage\": \"en-US\"\n\t        },\n\t        {\n\t            \"email\": \"admin@vita.sk\",\n\t            \"logo\": \"https:\/\/www.vita.sk\/img\/vita_logo.png \",\n\t            \"address\": {\n\t                \"type\": \"PostalAddress\",\n\t                \"streetAddress\": \"Tom\u00e1\u0161ikova 50\/A\",\n\t                \"addressLocality\": \"Bratislava\",\n\t                \"postalCode\": \"83104\",\n\t                \"addressCountry\": {\n\t                    \"name\": \"SK\",\n\t                    \"type\": \"Country\"\n\t                }\n\t            },\n\t            \"contactPoint\": {\n\t                \"type\": \"ContactPoint\",\n\t                \"telephone\": \"+421 907 375\u00a0543\",\n\t                \"Email\": \"admin@vita.sk\",\n\t                \"contactType\": \"customer service\"\n\t            },\n\t            \"sameAs\": [\n\t                \"https:\/\/www.facebook.com\/VitaAcademySK\/\",\n\t                \"https:\/\/www.linkedin.com\/company\/vita-academy\/\"\n\t            ]\n\t        }\n\t    ]\n\t}<\/script>\n<!-- \/ Yoast SEO Premium plugin. -->","yoast_head_json":{"title":"Online kurz Adobe After Effects I. Za\u010diato\u010dn\u00edk 2026 | VITA","description":"V online kurze After Effects V\u00e1s nau\u010d\u00edme pracova\u0165 v Adobe After Effects. Zvl\u00e1dnete pr\u00e1cu s pou\u017e\u00edvate\u013esk\u00fdm prostred\u00edm, anim\u00e1ciami a textami.","robots":{"index":"index","follow":"follow","max-snippet":"max-snippet:-1","max-image-preview":"max-image-preview:large","max-video-preview":"max-video-preview:-1"},"canonical":"https:\/\/www.vita.sk\/online-kurz-adobe-after-effects-i-zaciatocnik\/","og_locale":"en_US","og_type":"article","og_title":"Online kurz Adobe After Effects I. Za\u010diato\u010dn\u00edk","og_description":"V online kurze After Effects V\u00e1s nau\u010d\u00edme pracova\u0165 v Adobe After Effects. Zvl\u00e1dnete pr\u00e1cu s pou\u017e\u00edvate\u013esk\u00fdm prostred\u00edm, anim\u00e1ciami a textami.","og_url":"https:\/\/www.vita.sk\/online-kurz-adobe-after-effects-i-zaciatocnik\/","og_site_name":"VITA","article_publisher":"https:\/\/www.facebook.com\/VitaAcademySK","article_modified_time":"2026-01-29T11:00:16+00:00","og_image":[{"width":360,"height":360,"url":"https:\/\/www.vita.sk\/wp-content\/uploads\/2018\/10\/adobe-after-effects.png","type":"image\/png"}],"twitter_card":"summary_large_image","twitter_misc":{"Est. reading time":"2 minutes"},"schema":{"@context":"https:\/\/schema.org","@graph":[{"@type":"WebPage","@id":"https:\/\/www.vita.sk\/online-kurz-adobe-after-effects-i-zaciatocnik\/","url":"https:\/\/www.vita.sk\/online-kurz-adobe-after-effects-i-zaciatocnik\/","name":"Online kurz Adobe After Effects I. Za\u010diato\u010dn\u00edk {Y} | VITA","isPartOf":{"@id":"https:\/\/www.vita.sk\/#website"},"primaryImageOfPage":{"@id":"https:\/\/www.vita.sk\/online-kurz-adobe-after-effects-i-zaciatocnik\/#primaryimage"},"image":{"@id":"https:\/\/www.vita.sk\/online-kurz-adobe-after-effects-i-zaciatocnik\/#primaryimage"},"thumbnailUrl":"https:\/\/www.vita.sk\/wp-content\/uploads\/2018\/10\/adobe-after-effects.png","datePublished":"2021-04-01T11:30:31+00:00","dateModified":"2026-01-29T11:00:16+00:00","description":"V online kurze After Effects V\u00e1s nau\u010d\u00edme pracova\u0165 v Adobe After Effects. Zvl\u00e1dnete pr\u00e1cu s pou\u017e\u00edvate\u013esk\u00fdm prostred\u00edm, anim\u00e1ciami a textami.","breadcrumb":{"@id":"https:\/\/www.vita.sk\/online-kurz-adobe-after-effects-i-zaciatocnik\/#breadcrumb"},"inLanguage":"en-US","potentialAction":[{"@type":"ReadAction","target":["https:\/\/www.vita.sk\/online-kurz-adobe-after-effects-i-zaciatocnik\/"]}]},{"@type":"ImageObject","inLanguage":"en-US","@id":"https:\/\/www.vita.sk\/online-kurz-adobe-after-effects-i-zaciatocnik\/#primaryimage","url":"https:\/\/www.vita.sk\/wp-content\/uploads\/2018\/10\/adobe-after-effects.png","contentUrl":"https:\/\/www.vita.sk\/wp-content\/uploads\/2018\/10\/adobe-after-effects.png","width":360,"height":360,"caption":"Online kurz Adobe After Effects"},{"@type":"BreadcrumbList","@id":"https:\/\/www.vita.sk\/online-kurz-adobe-after-effects-i-zaciatocnik\/#breadcrumb","itemListElement":[{"@type":"ListItem","position":1,"name":"VITA Academy","item":"https:\/\/www.vita.sk\/en\/"},{"@type":"ListItem","position":2,"name":"Shop","item":"https:\/\/www.vita.sk\/shop\/"},{"@type":"ListItem","position":3,"name":"Grafika a Dizajn","item":"https:\/\/www.vita.sk\/online-kurzy-grafika-a-dizajn\/"},{"@type":"ListItem","position":4,"name":"Adobe After Effects","item":"https:\/\/www.vita.sk\/online-kurzy-adobe-after-effects\/"},{"@type":"ListItem","position":5,"name":"Online kurz Adobe After Effects I. Za\u010diato\u010dn\u00edk"}]},{"@type":"WebSite","@id":"https:\/\/www.vita.sk\/#website","url":"https:\/\/www.vita.sk\/","name":"VITA","description":"","publisher":{"@id":"https:\/\/www.vita.sk\/#organization"},"potentialAction":[{"@type":"SearchAction","target":{"@type":"EntryPoint","urlTemplate":"https:\/\/www.vita.sk\/?s={search_term_string}"},"query-input":{"@type":"PropertyValueSpecification","valueRequired":true,"valueName":"search_term_string"}}],"inLanguage":"en-US"},{"email":"admin@vita.sk","logo":"https:\/\/www.vita.sk\/img\/vita_logo.png ","address":{"type":"PostalAddress","streetAddress":"Tom\u00e1\u0161ikova 50\/A","addressLocality":"Bratislava","postalCode":"83104","addressCountry":{"name":"SK","type":"Country"}},"contactPoint":{"type":"ContactPoint","telephone":"+421 907 375\u00a0543","Email":"admin@vita.sk","contactType":"customer service"},"sameAs":["https:\/\/www.facebook.com\/VitaAcademySK\/","https:\/\/www.linkedin.com\/company\/vita-academy\/"]}]}},"acf":[],"_links":{"self":[{"href":"https:\/\/www.vita.sk\/en\/wp-json\/wp\/v2\/product\/479","targetHints":{"allow":["GET"]}}],"collection":[{"href":"https:\/\/www.vita.sk\/en\/wp-json\/wp\/v2\/product"}],"about":[{"href":"https:\/\/www.vita.sk\/en\/wp-json\/wp\/v2\/types\/product"}],"author":[{"embeddable":true,"href":"https:\/\/www.vita.sk\/en\/wp-json\/wp\/v2\/users\/4"}],"replies":[{"embeddable":true,"href":"https:\/\/www.vita.sk\/en\/wp-json\/wp\/v2\/comments?post=479"}],"wp:featuredmedia":[{"embeddable":true,"href":"https:\/\/www.vita.sk\/en\/wp-json\/wp\/v2\/media\/477"}],"wp:attachment":[{"href":"https:\/\/www.vita.sk\/en\/wp-json\/wp\/v2\/media?parent=479"}],"wp:term":[{"taxonomy":"product_brand","embeddable":true,"href":"https:\/\/www.vita.sk\/en\/wp-json\/wp\/v2\/product_brand?post=479"},{"taxonomy":"product_cat","embeddable":true,"href":"https:\/\/www.vita.sk\/en\/wp-json\/wp\/v2\/product_cat?post=479"},{"taxonomy":"product_tag","embeddable":true,"href":"https:\/\/www.vita.sk\/en\/wp-json\/wp\/v2\/product_tag?post=479"}],"curies":[{"name":"wp","href":"https:\/\/api.w.org\/{rel}","templated":true}]}}