{"id":4804,"date":"2021-03-08T09:32:33","date_gmt":"2021-03-08T08:32:33","guid":{"rendered":"https:\/\/www.vita.sk\/?post_type=product&#038;p=4804"},"modified":"2024-06-05T14:58:59","modified_gmt":"2024-06-05T12:58:59","slug":"online-kurz-shell-programovanie-spravcu-systemu","status":"publish","type":"product","link":"https:\/\/www.vita.sk\/en\/online-kurz-shell-programovanie-spravcu-systemu\/","title":{"rendered":"Online kurz Shell Programovanie Spr\u00e1vcu Syst\u00e9mu"},"content":{"rendered":"<p>Online kurz Shell Programovanie Spr\u00e1vcu Syst\u00e9mu je ur\u010den\u00fd pre spr\u00e1vcov, ktor\u00ed potrebuj\u00fa porozumie\u0165 syst\u00e9mov\u00fdm skriptom, modifikova\u0165 ich obsah, vytv\u00e1ra\u0165 nov\u00e9 skripty pre automatiz\u00e1ciu \u00faloh, monitorovanie a dial\u00f3g s u\u017e\u00edvate\u013eom. Na kurze sa \u00fa\u010dastn\u00edci dozvedia o mo\u017enostiach, ktor\u00e9 pon\u00faka Shell, zvl\u00e1dnu z\u00e1kladn\u00e9 programovacie techniky a na praktick\u00fdch pr\u00edkladoch sa nau\u010dia vytv\u00e1ra\u0165 u\u017eito\u010dn\u00e9 skripty, ktor\u00e9 u\u013eah\u010duj\u00fa pr\u00e1cu im alebo in\u00fdm u\u017e\u00edvate\u013eom.<\/p>\n","protected":false},"excerpt":{"rendered":"<p>Online kurz Shell Programovanie Spr\u00e1vcu Syst\u00e9mu je ur\u010den\u00fd pre spr\u00e1vcov, ktor\u00ed potrebuj\u00fa porozumie\u0165 syst\u00e9mov\u00fdm skriptom, modifikova\u0165 ich obsah, vytv\u00e1ra\u0165 nov\u00e9 skripty pre automatiz\u00e1ciu \u00faloh, monitorovanie a dial\u00f3g s u\u017e\u00edvate\u013eom.","protected":false},"author":4,"featured_media":4834,"comment_status":"open","ping_status":"closed","template":"","meta":{"_acf_changed":false},"product_brand":[],"product_cat":[468,96,73],"product_tag":[196],"class_list":{"0":"post-4804","1":"product","2":"type-product","3":"status-publish","4":"has-post-thumbnail","6":"product_cat-shell-programovanie-spravcu-systemu","7":"product_cat-online-kurzy-operacne-systemy","8":"product_cat-bez-kategorie","9":"product_tag-operacne-systemy","11":"first","12":"instock","13":"sale","14":"sold-individually","15":"taxable","16":"shipping-taxable","17":"purchasable","18":"product-type-simple"},"yoast_head":"<!-- This site is optimized with the Yoast SEO Premium plugin v25.0 (Yoast SEO v25.0) - https:\/\/yoast.com\/wordpress\/plugins\/seo\/ -->\n<title>Online kurz Shell Programovanie Spr\u00e1vcu Syst\u00e9mu  | VITA<\/title>\n<meta name=\"description\" content=\"Kurz Shell Programovanie Spr\u00e1vcu Syst\u00e9muje ur\u010den\u00fd pre spr\u00e1vcov, ktor\u00ed potrebuj\u00fa porozumie\u0165 syst\u00e9mov\u00fdm skriptom.\" \/>\n<meta name=\"robots\" content=\"index, follow, max-snippet:-1, max-image-preview:large, max-video-preview:-1\" \/>\n<link rel=\"canonical\" href=\"https:\/\/www.vita.sk\/online-kurz-shell-programovanie-spravcu-systemu\/\" \/>\n<meta property=\"og:locale\" content=\"en_US\" \/>\n<meta property=\"og:type\" content=\"article\" \/>\n<meta property=\"og:title\" content=\"Online kurz Shell Programovanie Spr\u00e1vcu Syst\u00e9mu\" \/>\n<meta property=\"og:description\" content=\"Kurz Shell Programovanie Spr\u00e1vcu Syst\u00e9muje ur\u010den\u00fd pre spr\u00e1vcov, ktor\u00ed potrebuj\u00fa porozumie\u0165 syst\u00e9mov\u00fdm skriptom.\" \/>\n<meta property=\"og:url\" content=\"https:\/\/www.vita.sk\/online-kurz-shell-programovanie-spravcu-systemu\/\" \/>\n<meta property=\"og:site_name\" content=\"VITA\" \/>\n<meta property=\"article:publisher\" content=\"https:\/\/www.facebook.com\/VitaAcademySK\" \/>\n<meta property=\"article:modified_time\" content=\"2024-06-05T12:58:59+00:00\" \/>\n<meta property=\"og:image\" content=\"https:\/\/www.vita.sk\/wp-content\/uploads\/2020\/12\/130930799_225558442277970_3573473825765260193_n.png\" \/>\n\t<meta property=\"og:image:width\" content=\"280\" \/>\n\t<meta property=\"og:image:height\" content=\"280\" \/>\n\t<meta property=\"og:image:type\" content=\"image\/png\" \/>\n<meta name=\"twitter:card\" content=\"summary_large_image\" \/>\n<meta name=\"twitter:label1\" content=\"Est. reading time\" \/>\n\t<meta name=\"twitter:data1\" content=\"1 minute\" \/>\n<script type=\"application\/ld+json\" class=\"yoast-schema-graph\">{\n\t    \"@context\": \"https:\/\/schema.org\",\n\t    \"@graph\": [\n\t        {\n\t            \"@type\": \"WebPage\",\n\t            \"@id\": \"https:\/\/www.vita.sk\/online-kurz-shell-programovanie-spravcu-systemu\/\",\n\t            \"url\": \"https:\/\/www.vita.sk\/online-kurz-shell-programovanie-spravcu-systemu\/\",\n\t            \"name\": \"Online kurz Shell Programovanie Spr\u00e1vcu Syst\u00e9mu 2023 | VITA\",\n\t            \"isPartOf\": {\n\t                \"@id\": \"https:\/\/www.vita.sk\/#website\"\n\t            },\n\t            \"primaryImageOfPage\": {\n\t                \"@id\": \"https:\/\/www.vita.sk\/online-kurz-shell-programovanie-spravcu-systemu\/#primaryimage\"\n\t            },\n\t            \"image\": {\n\t                \"@id\": \"https:\/\/www.vita.sk\/online-kurz-shell-programovanie-spravcu-systemu\/#primaryimage\"\n\t            },\n\t            \"thumbnailUrl\": \"https:\/\/www.vita.sk\/wp-content\/uploads\/2020\/12\/130930799_225558442277970_3573473825765260193_n.png\",\n\t            \"datePublished\": \"2021-03-08T08:32:33+00:00\",\n\t            \"dateModified\": \"2024-06-05T12:58:59+00:00\",\n\t            \"description\": \"Kurz Shell Programovanie Spr\u00e1vcu Syst\u00e9muje ur\u010den\u00fd pre spr\u00e1vcov, ktor\u00ed potrebuj\u00fa porozumie\u0165 syst\u00e9mov\u00fdm skriptom.\",\n\t            \"breadcrumb\": {\n\t                \"@id\": \"https:\/\/www.vita.sk\/online-kurz-shell-programovanie-spravcu-systemu\/#breadcrumb\"\n\t            },\n\t            \"inLanguage\": \"en-US\",\n\t            \"potentialAction\": [\n\t                {\n\t                    \"@type\": \"ReadAction\",\n\t                    \"target\": [\n\t                        \"https:\/\/www.vita.sk\/online-kurz-shell-programovanie-spravcu-systemu\/\"\n\t                    ]\n\t                }\n\t            ]\n\t        },\n\t        {\n\t            \"@type\": \"ImageObject\",\n\t            \"inLanguage\": \"en-US\",\n\t            \"@id\": \"https:\/\/www.vita.sk\/online-kurz-shell-programovanie-spravcu-systemu\/#primaryimage\",\n\t            \"url\": \"https:\/\/www.vita.sk\/wp-content\/uploads\/2020\/12\/130930799_225558442277970_3573473825765260193_n.png\",\n\t            \"contentUrl\": \"https:\/\/www.vita.sk\/wp-content\/uploads\/2020\/12\/130930799_225558442277970_3573473825765260193_n.png\",\n\t            \"width\": 280,\n\t            \"height\": 280,\n\t            \"caption\": \"online kurz Shell Programovanie\"\n\t        },\n\t        {\n\t            \"@type\": \"BreadcrumbList\",\n\t            \"@id\": \"https:\/\/www.vita.sk\/online-kurz-shell-programovanie-spravcu-systemu\/#breadcrumb\",\n\t            \"itemListElement\": [\n\t                {\n\t                    \"@type\": \"ListItem\",\n\t                    \"position\": 1,\n\t                    \"name\": \"VITA Academy\",\n\t                    \"item\": \"https:\/\/www.vita.sk\/en\/\"\n\t                },\n\t                {\n\t                    \"@type\": \"ListItem\",\n\t                    \"position\": 2,\n\t                    \"name\": \"Shop\",\n\t                    \"item\": \"https:\/\/www.vita.sk\/shop\/\"\n\t                },\n\t                {\n\t                    \"@type\": \"ListItem\",\n\t                    \"position\": 3,\n\t                    \"name\": \"Programovacie Jazyky\",\n\t                    \"item\": \"https:\/\/www.vita.sk\/online-kurzy-programovacie-jazyky\/\"\n\t                },\n\t                {\n\t                    \"@type\": \"ListItem\",\n\t                    \"position\": 4,\n\t                    \"name\": \"Shell Programovanie Spr\u00e1vcu Syst\u00e9mu\",\n\t                    \"item\": \"https:\/\/www.vita.sk\/shell-programovanie-spravcu-systemu\/\"\n\t                },\n\t                {\n\t                    \"@type\": \"ListItem\",\n\t                    \"position\": 5,\n\t                    \"name\": \"Online kurz Shell Programovanie Spr\u00e1vcu Syst\u00e9mu\"\n\t                }\n\t            ]\n\t        },\n\t        {\n\t            \"@type\": \"WebSite\",\n\t            \"@id\": \"https:\/\/www.vita.sk\/#website\",\n\t            \"url\": \"https:\/\/www.vita.sk\/\",\n\t            \"name\": \"VITA\",\n\t            \"description\": \"\",\n\t            \"publisher\": {\n\t                \"@id\": \"https:\/\/www.vita.sk\/#organization\"\n\t            },\n\t            \"potentialAction\": [\n\t                {\n\t                    \"@type\": \"SearchAction\",\n\t                    \"target\": {\n\t                        \"@type\": \"EntryPoint\",\n\t                        \"urlTemplate\": \"https:\/\/www.vita.sk\/?s={search_term_string}\"\n\t                    },\n\t                    \"query-input\": {\n\t                        \"@type\": \"PropertyValueSpecification\",\n\t                        \"valueRequired\": true,\n\t                        \"valueName\": \"search_term_string\"\n\t                    }\n\t                }\n\t            ],\n\t            \"inLanguage\": \"en-US\"\n\t        },\n\t        {\n\t            \"email\": \"admin@vita.sk\",\n\t            \"logo\": \"https:\/\/www.vita.sk\/img\/vita_logo.png \",\n\t            \"address\": {\n\t                \"type\": \"PostalAddress\",\n\t                \"streetAddress\": \"Tom\u00e1\u0161ikova 50\/A\",\n\t                \"addressLocality\": \"Bratislava\",\n\t                \"postalCode\": \"83104\",\n\t                \"addressCountry\": {\n\t                    \"name\": \"SK\",\n\t                    \"type\": \"Country\"\n\t                }\n\t            },\n\t            \"contactPoint\": {\n\t                \"type\": \"ContactPoint\",\n\t                \"telephone\": \"+421 907 375\u00a0543\",\n\t                \"Email\": \"admin@vita.sk\",\n\t                \"contactType\": \"customer service\"\n\t            },\n\t            \"sameAs\": [\n\t                \"https:\/\/www.facebook.com\/VitaAcademySK\/\",\n\t                \"https:\/\/www.linkedin.com\/company\/vita-academy\/\"\n\t            ]\n\t        }\n\t    ]\n\t}<\/script>\n<!-- \/ Yoast SEO Premium plugin. -->","yoast_head_json":{"title":"Online kurz Shell Programovanie Spr\u00e1vcu Syst\u00e9mu  | VITA","description":"Kurz Shell Programovanie Spr\u00e1vcu Syst\u00e9muje ur\u010den\u00fd pre spr\u00e1vcov, ktor\u00ed potrebuj\u00fa porozumie\u0165 syst\u00e9mov\u00fdm skriptom.","robots":{"index":"index","follow":"follow","max-snippet":"max-snippet:-1","max-image-preview":"max-image-preview:large","max-video-preview":"max-video-preview:-1"},"canonical":"https:\/\/www.vita.sk\/online-kurz-shell-programovanie-spravcu-systemu\/","og_locale":"en_US","og_type":"article","og_title":"Online kurz Shell Programovanie Spr\u00e1vcu Syst\u00e9mu","og_description":"Kurz Shell Programovanie Spr\u00e1vcu Syst\u00e9muje ur\u010den\u00fd pre spr\u00e1vcov, ktor\u00ed potrebuj\u00fa porozumie\u0165 syst\u00e9mov\u00fdm skriptom.","og_url":"https:\/\/www.vita.sk\/online-kurz-shell-programovanie-spravcu-systemu\/","og_site_name":"VITA","article_publisher":"https:\/\/www.facebook.com\/VitaAcademySK","article_modified_time":"2024-06-05T12:58:59+00:00","og_image":[{"width":280,"height":280,"url":"https:\/\/www.vita.sk\/wp-content\/uploads\/2020\/12\/130930799_225558442277970_3573473825765260193_n.png","type":"image\/png"}],"twitter_card":"summary_large_image","twitter_misc":{"Est. reading time":"1 minute"},"schema":{"@context":"https:\/\/schema.org","@graph":[{"@type":"WebPage","@id":"https:\/\/www.vita.sk\/online-kurz-shell-programovanie-spravcu-systemu\/","url":"https:\/\/www.vita.sk\/online-kurz-shell-programovanie-spravcu-systemu\/","name":"Online kurz Shell Programovanie Spr\u00e1vcu Syst\u00e9mu 2023 | VITA","isPartOf":{"@id":"https:\/\/www.vita.sk\/#website"},"primaryImageOfPage":{"@id":"https:\/\/www.vita.sk\/online-kurz-shell-programovanie-spravcu-systemu\/#primaryimage"},"image":{"@id":"https:\/\/www.vita.sk\/online-kurz-shell-programovanie-spravcu-systemu\/#primaryimage"},"thumbnailUrl":"https:\/\/www.vita.sk\/wp-content\/uploads\/2020\/12\/130930799_225558442277970_3573473825765260193_n.png","datePublished":"2021-03-08T08:32:33+00:00","dateModified":"2024-06-05T12:58:59+00:00","description":"Kurz Shell Programovanie Spr\u00e1vcu Syst\u00e9muje ur\u010den\u00fd pre spr\u00e1vcov, ktor\u00ed potrebuj\u00fa porozumie\u0165 syst\u00e9mov\u00fdm skriptom.","breadcrumb":{"@id":"https:\/\/www.vita.sk\/online-kurz-shell-programovanie-spravcu-systemu\/#breadcrumb"},"inLanguage":"en-US","potentialAction":[{"@type":"ReadAction","target":["https:\/\/www.vita.sk\/online-kurz-shell-programovanie-spravcu-systemu\/"]}]},{"@type":"ImageObject","inLanguage":"en-US","@id":"https:\/\/www.vita.sk\/online-kurz-shell-programovanie-spravcu-systemu\/#primaryimage","url":"https:\/\/www.vita.sk\/wp-content\/uploads\/2020\/12\/130930799_225558442277970_3573473825765260193_n.png","contentUrl":"https:\/\/www.vita.sk\/wp-content\/uploads\/2020\/12\/130930799_225558442277970_3573473825765260193_n.png","width":280,"height":280,"caption":"online kurz Shell Programovanie"},{"@type":"BreadcrumbList","@id":"https:\/\/www.vita.sk\/online-kurz-shell-programovanie-spravcu-systemu\/#breadcrumb","itemListElement":[{"@type":"ListItem","position":1,"name":"VITA Academy","item":"https:\/\/www.vita.sk\/en\/"},{"@type":"ListItem","position":2,"name":"Shop","item":"https:\/\/www.vita.sk\/shop\/"},{"@type":"ListItem","position":3,"name":"Programovacie Jazyky","item":"https:\/\/www.vita.sk\/online-kurzy-programovacie-jazyky\/"},{"@type":"ListItem","position":4,"name":"Shell Programovanie Spr\u00e1vcu Syst\u00e9mu","item":"https:\/\/www.vita.sk\/shell-programovanie-spravcu-systemu\/"},{"@type":"ListItem","position":5,"name":"Online kurz Shell Programovanie Spr\u00e1vcu Syst\u00e9mu"}]},{"@type":"WebSite","@id":"https:\/\/www.vita.sk\/#website","url":"https:\/\/www.vita.sk\/","name":"VITA","description":"","publisher":{"@id":"https:\/\/www.vita.sk\/#organization"},"potentialAction":[{"@type":"SearchAction","target":{"@type":"EntryPoint","urlTemplate":"https:\/\/www.vita.sk\/?s={search_term_string}"},"query-input":{"@type":"PropertyValueSpecification","valueRequired":true,"valueName":"search_term_string"}}],"inLanguage":"en-US"},{"email":"admin@vita.sk","logo":"https:\/\/www.vita.sk\/img\/vita_logo.png ","address":{"type":"PostalAddress","streetAddress":"Tom\u00e1\u0161ikova 50\/A","addressLocality":"Bratislava","postalCode":"83104","addressCountry":{"name":"SK","type":"Country"}},"contactPoint":{"type":"ContactPoint","telephone":"+421 907 375\u00a0543","Email":"admin@vita.sk","contactType":"customer service"},"sameAs":["https:\/\/www.facebook.com\/VitaAcademySK\/","https:\/\/www.linkedin.com\/company\/vita-academy\/"]}]}},"acf":[],"_links":{"self":[{"href":"https:\/\/www.vita.sk\/en\/wp-json\/wp\/v2\/product\/4804","targetHints":{"allow":["GET"]}}],"collection":[{"href":"https:\/\/www.vita.sk\/en\/wp-json\/wp\/v2\/product"}],"about":[{"href":"https:\/\/www.vita.sk\/en\/wp-json\/wp\/v2\/types\/product"}],"author":[{"embeddable":true,"href":"https:\/\/www.vita.sk\/en\/wp-json\/wp\/v2\/users\/4"}],"replies":[{"embeddable":true,"href":"https:\/\/www.vita.sk\/en\/wp-json\/wp\/v2\/comments?post=4804"}],"wp:featuredmedia":[{"embeddable":true,"href":"https:\/\/www.vita.sk\/en\/wp-json\/wp\/v2\/media\/4834"}],"wp:attachment":[{"href":"https:\/\/www.vita.sk\/en\/wp-json\/wp\/v2\/media?parent=4804"}],"wp:term":[{"taxonomy":"product_brand","embeddable":true,"href":"https:\/\/www.vita.sk\/en\/wp-json\/wp\/v2\/product_brand?post=4804"},{"taxonomy":"product_cat","embeddable":true,"href":"https:\/\/www.vita.sk\/en\/wp-json\/wp\/v2\/product_cat?post=4804"},{"taxonomy":"product_tag","embeddable":true,"href":"https:\/\/www.vita.sk\/en\/wp-json\/wp\/v2\/product_tag?post=4804"}],"curies":[{"name":"wp","href":"https:\/\/api.w.org\/{rel}","templated":true}]}}