{"id":4833,"date":"2021-04-09T14:02:59","date_gmt":"2021-04-09T12:02:59","guid":{"rendered":"https:\/\/www.vita.sk\/?post_type=product&#038;p=4833"},"modified":"2025-12-07T18:16:03","modified_gmt":"2025-12-07T17:16:03","slug":"online-kurz-podnikanie-a-eshop","status":"publish","type":"product","link":"https:\/\/www.vita.sk\/en\/online-kurz-podnikanie-a-eshop\/","title":{"rendered":"Online kurz Podnikanie a Eshop I. Za\u010diato\u010dn\u00edk"},"content":{"rendered":"<p>Online kurz Podnikanie a Eshop je pre v\u00e1s ide\u00e1lny, ak chcete za\u010da\u0165 \u00faspe\u0161ne podnika\u0165 alebo posun\u00fa\u0165 svoje podnikanie na vy\u0161\u0161iu \u00farove\u0148. <strong>Ide o akreditovan\u00fd a certifikovan\u00fd kurz na podnikanie a zalo\u017eenie eshopu vo WordPress WooCommerce. <\/strong>V tomto kurze sa nau\u010d\u00edte, ako efekt\u00edvne z\u00edskava\u0165 nov\u00fdch z\u00e1kazn\u00edkov a ak\u00fa \u00falohu zohr\u00e1vaj\u00fa zna\u010dka, firemn\u00e1 kult\u00fara a hodnoty spolo\u010dnosti. Osvoj\u00edte si zav\u00e1dzanie efekt\u00edvnych procesov a modelovanie podnikov\u00fdch procesov, \u010do je k\u013e\u00fa\u010dov\u00e9 pre optimaliz\u00e1ciu v\u00e1\u0161ho podnikania. Z\u00edskate praktick\u00e9 sk\u00fasenosti s n\u00e1strojom Google Analytics, vr\u00e1tane porozumenia r\u00f4znym typom metr\u00edk, dimenzi\u00ed a segmentov, \u010do v\u00e1m umo\u017en\u00ed lep\u0161ie analyzova\u0165 spr\u00e1vanie z\u00e1kazn\u00edkov a optimalizova\u0165 marketingov\u00e9 strat\u00e9gie. Kurz v\u00e1s tie\u017e priprav\u00ed na riadenie projektov, vypracovanie firemn\u00fdch rozpo\u010dtov a fakt\u00far, \u010do s\u00fa nevyhnutn\u00e9 zru\u010dnosti pre \u00faspe\u0161n\u00e9 podnikanie. Obozn\u00e1mite sa s r\u00f4znymi eshopov\u00fdmi rie\u0161eniami a z\u00edskate preh\u013ead o pr\u00e1vnych a legislat\u00edvnych aspektoch prev\u00e1dzkovania eshopu, vr\u00e1tane dodr\u017eiavania GDPR a tvorby obchodn\u00fdch podmienok. Po\u010das kurzu prejdete cel\u00fdm procesom vytvorenia eshopu, od po\u010diato\u010dn\u00e9ho n\u00e1vrhu a\u017e po jeho spustenie, pri\u010dom v\u00fdstupom bude v\u00e1\u0161 vlastn\u00fd funk\u010dn\u00fd eshop. Nau\u010d\u00edte sa sledova\u0165 z\u00e1kazn\u00edcke cesty, pochopi\u0165 interakcie z\u00e1kazn\u00edkov a analyzova\u0165 ich n\u00e1kupn\u00e9 spr\u00e1vanie, \u010do v\u00e1m umo\u017en\u00ed efekt\u00edvne prisp\u00f4sobi\u0165 ponuku a marketingov\u00e9 aktivity. Absolvovan\u00edm tohto kurzu z\u00edskate komplexn\u00e9 znalosti a praktick\u00e9 zru\u010dnosti potrebn\u00e9 na \u00faspe\u0161n\u00e9 podnikanie v online prostred\u00ed, \u010do v\u00e1m poskytne konkuren\u010dn\u00fa v\u00fdhodu na trhu. Ak sa chcete skuto\u010dne nau\u010di\u0165 zalo\u017ei\u0165 a riadi\u0165 svoj vlastn\u00fd eshop, tento online kurz je pre v\u00e1s ide\u00e1lnou vstupnou vo\u013ebou.<\/p>\n","protected":false},"excerpt":{"rendered":"<p>Online kurz Podnikanie a Eshop v\u00e1s nau\u010d\u00ed vytvori\u0165, nastavi\u0165 a riadi\u0165 vlastn\u00fd online obchod od prv\u00fdch krokov a\u017e po efekt\u00edvny marketing a spr\u00e1vu predaja. Z\u00edskate praktick\u00e9 know how na budovanie zna\u010dky, pr\u00e1cu s produktami, z\u00e1kazn\u00edkmi aj online n\u00e1strojmi potrebn\u00fdmi pre \u00faspe\u0161n\u00e9 podnikanie.","protected":false},"author":4,"featured_media":4436,"comment_status":"open","ping_status":"closed","template":"","meta":{"_acf_changed":false},"product_brand":[],"product_cat":[465,70,73],"product_tag":[183],"class_list":{"0":"post-4833","1":"product","2":"type-product","3":"status-publish","4":"has-post-thumbnail","6":"product_cat-podnikanie-a-eshop","7":"product_cat-online-kurzy-marketing-reklama-a-pravo","8":"product_cat-bez-kategorie","9":"product_tag-marketing","11":"first","12":"instock","13":"sale","14":"sold-individually","15":"taxable","16":"shipping-taxable","17":"purchasable","18":"product-type-simple"},"yoast_head":"<!-- This site is optimized with the Yoast SEO Premium plugin v25.0 (Yoast SEO v25.0) - https:\/\/yoast.com\/wordpress\/plugins\/seo\/ -->\n<title>Online kurz Podnikanie a Eshop 2026 | VITA<\/title>\n<meta name=\"description\" content=\"V online kurze Podnikanie a Eshop sa nau\u010d\u00edte, ako za\u010da\u0165 \u00faspe\u0161ne podnika\u0165 a ako va\u0161e podnikanie posun\u00fa\u0165 \u010do naj\u010falej a vytvori\u0165 si eshop. \u2705\" \/>\n<meta name=\"robots\" content=\"index, follow, max-snippet:-1, max-image-preview:large, max-video-preview:-1\" \/>\n<link rel=\"canonical\" href=\"https:\/\/www.vita.sk\/online-kurz-podnikanie-a-eshop\/\" \/>\n<meta property=\"og:locale\" content=\"en_US\" \/>\n<meta property=\"og:type\" content=\"article\" \/>\n<meta property=\"og:title\" content=\"Online kurz Podnikanie a Eshop I. Za\u010diato\u010dn\u00edk\" \/>\n<meta property=\"og:description\" content=\"V online kurze Podnikanie a Eshop sa nau\u010d\u00edte, ako za\u010da\u0165 \u00faspe\u0161ne podnika\u0165 a ako va\u0161e podnikanie posun\u00fa\u0165 \u010do naj\u010falej a vytvori\u0165 si eshop. \u2705\" \/>\n<meta property=\"og:url\" content=\"https:\/\/www.vita.sk\/online-kurz-podnikanie-a-eshop\/\" \/>\n<meta property=\"og:site_name\" content=\"VITA\" \/>\n<meta property=\"article:publisher\" content=\"https:\/\/www.facebook.com\/VitaAcademySK\" \/>\n<meta property=\"article:modified_time\" content=\"2025-12-07T17:16:03+00:00\" \/>\n<meta property=\"og:image\" content=\"https:\/\/www.vita.sk\/wp-content\/uploads\/2020\/11\/kurz_Podnikanie.png\" \/>\n\t<meta property=\"og:image:width\" content=\"360\" \/>\n\t<meta property=\"og:image:height\" content=\"360\" \/>\n\t<meta property=\"og:image:type\" content=\"image\/png\" \/>\n<meta name=\"twitter:card\" content=\"summary_large_image\" \/>\n<meta name=\"twitter:label1\" content=\"Est. reading time\" \/>\n\t<meta name=\"twitter:data1\" content=\"2 minutes\" \/>\n<script type=\"application\/ld+json\" class=\"yoast-schema-graph\">{\n\t    \"@context\": \"https:\/\/schema.org\",\n\t    \"@graph\": [\n\t        {\n\t            \"@type\": \"WebPage\",\n\t            \"@id\": \"https:\/\/www.vita.sk\/online-kurz-podnikanie-a-eshop\/\",\n\t            \"url\": \"https:\/\/www.vita.sk\/online-kurz-podnikanie-a-eshop\/\",\n\t            \"name\": \"Online kurz Podnikanie a Eshop {Y} | VITA\",\n\t            \"isPartOf\": {\n\t                \"@id\": \"https:\/\/www.vita.sk\/#website\"\n\t            },\n\t            \"primaryImageOfPage\": {\n\t                \"@id\": \"https:\/\/www.vita.sk\/online-kurz-podnikanie-a-eshop\/#primaryimage\"\n\t            },\n\t            \"image\": {\n\t                \"@id\": \"https:\/\/www.vita.sk\/online-kurz-podnikanie-a-eshop\/#primaryimage\"\n\t            },\n\t            \"thumbnailUrl\": \"https:\/\/www.vita.sk\/wp-content\/uploads\/2020\/11\/kurz_Podnikanie.png\",\n\t            \"datePublished\": \"2021-04-09T12:02:59+00:00\",\n\t            \"dateModified\": \"2025-12-07T17:16:03+00:00\",\n\t            \"description\": \"V online kurze Podnikanie a Eshop sa nau\u010d\u00edte, ako za\u010da\u0165 \u00faspe\u0161ne podnika\u0165 a ako va\u0161e podnikanie posun\u00fa\u0165 \u010do naj\u010falej a vytvori\u0165 si eshop. \u2705\",\n\t            \"breadcrumb\": {\n\t                \"@id\": \"https:\/\/www.vita.sk\/online-kurz-podnikanie-a-eshop\/#breadcrumb\"\n\t            },\n\t            \"inLanguage\": \"en-US\",\n\t            \"potentialAction\": [\n\t                {\n\t                    \"@type\": \"ReadAction\",\n\t                    \"target\": [\n\t                        \"https:\/\/www.vita.sk\/online-kurz-podnikanie-a-eshop\/\"\n\t                    ]\n\t                }\n\t            ]\n\t        },\n\t        {\n\t            \"@type\": \"ImageObject\",\n\t            \"inLanguage\": \"en-US\",\n\t            \"@id\": \"https:\/\/www.vita.sk\/online-kurz-podnikanie-a-eshop\/#primaryimage\",\n\t            \"url\": \"https:\/\/www.vita.sk\/wp-content\/uploads\/2020\/11\/kurz_Podnikanie.png\",\n\t            \"contentUrl\": \"https:\/\/www.vita.sk\/wp-content\/uploads\/2020\/11\/kurz_Podnikanie.png\",\n\t            \"width\": 360,\n\t            \"height\": 360,\n\t            \"caption\": \"Online kurz Podnikanie\"\n\t        },\n\t        {\n\t            \"@type\": \"BreadcrumbList\",\n\t            \"@id\": \"https:\/\/www.vita.sk\/online-kurz-podnikanie-a-eshop\/#breadcrumb\",\n\t            \"itemListElement\": [\n\t                {\n\t                    \"@type\": \"ListItem\",\n\t                    \"position\": 1,\n\t                    \"name\": \"VITA Academy\",\n\t                    \"item\": \"https:\/\/www.vita.sk\/en\/\"\n\t                },\n\t                {\n\t                    \"@type\": \"ListItem\",\n\t                    \"position\": 2,\n\t                    \"name\": \"Shop\",\n\t                    \"item\": \"https:\/\/www.vita.sk\/shop\/\"\n\t                },\n\t                {\n\t                    \"@type\": \"ListItem\",\n\t                    \"position\": 3,\n\t                    \"name\": \"Marketing, Reklama a Pr\u00e1vo\",\n\t                    \"item\": \"https:\/\/www.vita.sk\/online-kurzy-marketing-reklama-a-pravo\/\"\n\t                },\n\t                {\n\t                    \"@type\": \"ListItem\",\n\t                    \"position\": 4,\n\t                    \"name\": \"Online kurz Podnikanie a Eshop I. Za\u010diato\u010dn\u00edk\"\n\t                }\n\t            ]\n\t        },\n\t        {\n\t            \"@type\": \"WebSite\",\n\t            \"@id\": \"https:\/\/www.vita.sk\/#website\",\n\t            \"url\": \"https:\/\/www.vita.sk\/\",\n\t            \"name\": \"VITA\",\n\t            \"description\": \"\",\n\t            \"publisher\": {\n\t                \"@id\": \"https:\/\/www.vita.sk\/#organization\"\n\t            },\n\t            \"potentialAction\": [\n\t                {\n\t                    \"@type\": \"SearchAction\",\n\t                    \"target\": {\n\t                        \"@type\": \"EntryPoint\",\n\t                        \"urlTemplate\": \"https:\/\/www.vita.sk\/?s={search_term_string}\"\n\t                    },\n\t                    \"query-input\": {\n\t                        \"@type\": \"PropertyValueSpecification\",\n\t                        \"valueRequired\": true,\n\t                        \"valueName\": \"search_term_string\"\n\t                    }\n\t                }\n\t            ],\n\t            \"inLanguage\": \"en-US\"\n\t        },\n\t        {\n\t            \"email\": \"admin@vita.sk\",\n\t            \"logo\": \"https:\/\/www.vita.sk\/img\/vita_logo.png \",\n\t            \"address\": {\n\t                \"type\": \"PostalAddress\",\n\t                \"streetAddress\": \"Tom\u00e1\u0161ikova 50\/A\",\n\t                \"addressLocality\": \"Bratislava\",\n\t                \"postalCode\": \"83104\",\n\t                \"addressCountry\": {\n\t                    \"name\": \"SK\",\n\t                    \"type\": \"Country\"\n\t                }\n\t            },\n\t            \"contactPoint\": {\n\t                \"type\": \"ContactPoint\",\n\t                \"telephone\": \"+421 907 375\u00a0543\",\n\t                \"Email\": \"admin@vita.sk\",\n\t                \"contactType\": \"customer service\"\n\t            },\n\t            \"sameAs\": [\n\t                \"https:\/\/www.facebook.com\/VitaAcademySK\/\",\n\t                \"https:\/\/www.linkedin.com\/company\/vita-academy\/\"\n\t            ]\n\t        }\n\t    ]\n\t}<\/script>\n<!-- \/ Yoast SEO Premium plugin. -->","yoast_head_json":{"title":"Online kurz Podnikanie a Eshop 2026 | VITA","description":"V online kurze Podnikanie a Eshop sa nau\u010d\u00edte, ako za\u010da\u0165 \u00faspe\u0161ne podnika\u0165 a ako va\u0161e podnikanie posun\u00fa\u0165 \u010do naj\u010falej a vytvori\u0165 si eshop. \u2705","robots":{"index":"index","follow":"follow","max-snippet":"max-snippet:-1","max-image-preview":"max-image-preview:large","max-video-preview":"max-video-preview:-1"},"canonical":"https:\/\/www.vita.sk\/online-kurz-podnikanie-a-eshop\/","og_locale":"en_US","og_type":"article","og_title":"Online kurz Podnikanie a Eshop I. Za\u010diato\u010dn\u00edk","og_description":"V online kurze Podnikanie a Eshop sa nau\u010d\u00edte, ako za\u010da\u0165 \u00faspe\u0161ne podnika\u0165 a ako va\u0161e podnikanie posun\u00fa\u0165 \u010do naj\u010falej a vytvori\u0165 si eshop. \u2705","og_url":"https:\/\/www.vita.sk\/online-kurz-podnikanie-a-eshop\/","og_site_name":"VITA","article_publisher":"https:\/\/www.facebook.com\/VitaAcademySK","article_modified_time":"2025-12-07T17:16:03+00:00","og_image":[{"width":360,"height":360,"url":"https:\/\/www.vita.sk\/wp-content\/uploads\/2020\/11\/kurz_Podnikanie.png","type":"image\/png"}],"twitter_card":"summary_large_image","twitter_misc":{"Est. reading time":"2 minutes"},"schema":{"@context":"https:\/\/schema.org","@graph":[{"@type":"WebPage","@id":"https:\/\/www.vita.sk\/online-kurz-podnikanie-a-eshop\/","url":"https:\/\/www.vita.sk\/online-kurz-podnikanie-a-eshop\/","name":"Online kurz Podnikanie a Eshop {Y} | VITA","isPartOf":{"@id":"https:\/\/www.vita.sk\/#website"},"primaryImageOfPage":{"@id":"https:\/\/www.vita.sk\/online-kurz-podnikanie-a-eshop\/#primaryimage"},"image":{"@id":"https:\/\/www.vita.sk\/online-kurz-podnikanie-a-eshop\/#primaryimage"},"thumbnailUrl":"https:\/\/www.vita.sk\/wp-content\/uploads\/2020\/11\/kurz_Podnikanie.png","datePublished":"2021-04-09T12:02:59+00:00","dateModified":"2025-12-07T17:16:03+00:00","description":"V online kurze Podnikanie a Eshop sa nau\u010d\u00edte, ako za\u010da\u0165 \u00faspe\u0161ne podnika\u0165 a ako va\u0161e podnikanie posun\u00fa\u0165 \u010do naj\u010falej a vytvori\u0165 si eshop. \u2705","breadcrumb":{"@id":"https:\/\/www.vita.sk\/online-kurz-podnikanie-a-eshop\/#breadcrumb"},"inLanguage":"en-US","potentialAction":[{"@type":"ReadAction","target":["https:\/\/www.vita.sk\/online-kurz-podnikanie-a-eshop\/"]}]},{"@type":"ImageObject","inLanguage":"en-US","@id":"https:\/\/www.vita.sk\/online-kurz-podnikanie-a-eshop\/#primaryimage","url":"https:\/\/www.vita.sk\/wp-content\/uploads\/2020\/11\/kurz_Podnikanie.png","contentUrl":"https:\/\/www.vita.sk\/wp-content\/uploads\/2020\/11\/kurz_Podnikanie.png","width":360,"height":360,"caption":"Online kurz Podnikanie"},{"@type":"BreadcrumbList","@id":"https:\/\/www.vita.sk\/online-kurz-podnikanie-a-eshop\/#breadcrumb","itemListElement":[{"@type":"ListItem","position":1,"name":"VITA Academy","item":"https:\/\/www.vita.sk\/en\/"},{"@type":"ListItem","position":2,"name":"Shop","item":"https:\/\/www.vita.sk\/shop\/"},{"@type":"ListItem","position":3,"name":"Marketing, Reklama a Pr\u00e1vo","item":"https:\/\/www.vita.sk\/online-kurzy-marketing-reklama-a-pravo\/"},{"@type":"ListItem","position":4,"name":"Online kurz Podnikanie a Eshop I. Za\u010diato\u010dn\u00edk"}]},{"@type":"WebSite","@id":"https:\/\/www.vita.sk\/#website","url":"https:\/\/www.vita.sk\/","name":"VITA","description":"","publisher":{"@id":"https:\/\/www.vita.sk\/#organization"},"potentialAction":[{"@type":"SearchAction","target":{"@type":"EntryPoint","urlTemplate":"https:\/\/www.vita.sk\/?s={search_term_string}"},"query-input":{"@type":"PropertyValueSpecification","valueRequired":true,"valueName":"search_term_string"}}],"inLanguage":"en-US"},{"email":"admin@vita.sk","logo":"https:\/\/www.vita.sk\/img\/vita_logo.png ","address":{"type":"PostalAddress","streetAddress":"Tom\u00e1\u0161ikova 50\/A","addressLocality":"Bratislava","postalCode":"83104","addressCountry":{"name":"SK","type":"Country"}},"contactPoint":{"type":"ContactPoint","telephone":"+421 907 375\u00a0543","Email":"admin@vita.sk","contactType":"customer service"},"sameAs":["https:\/\/www.facebook.com\/VitaAcademySK\/","https:\/\/www.linkedin.com\/company\/vita-academy\/"]}]}},"acf":[],"_links":{"self":[{"href":"https:\/\/www.vita.sk\/en\/wp-json\/wp\/v2\/product\/4833","targetHints":{"allow":["GET"]}}],"collection":[{"href":"https:\/\/www.vita.sk\/en\/wp-json\/wp\/v2\/product"}],"about":[{"href":"https:\/\/www.vita.sk\/en\/wp-json\/wp\/v2\/types\/product"}],"author":[{"embeddable":true,"href":"https:\/\/www.vita.sk\/en\/wp-json\/wp\/v2\/users\/4"}],"replies":[{"embeddable":true,"href":"https:\/\/www.vita.sk\/en\/wp-json\/wp\/v2\/comments?post=4833"}],"wp:featuredmedia":[{"embeddable":true,"href":"https:\/\/www.vita.sk\/en\/wp-json\/wp\/v2\/media\/4436"}],"wp:attachment":[{"href":"https:\/\/www.vita.sk\/en\/wp-json\/wp\/v2\/media?parent=4833"}],"wp:term":[{"taxonomy":"product_brand","embeddable":true,"href":"https:\/\/www.vita.sk\/en\/wp-json\/wp\/v2\/product_brand?post=4833"},{"taxonomy":"product_cat","embeddable":true,"href":"https:\/\/www.vita.sk\/en\/wp-json\/wp\/v2\/product_cat?post=4833"},{"taxonomy":"product_tag","embeddable":true,"href":"https:\/\/www.vita.sk\/en\/wp-json\/wp\/v2\/product_tag?post=4833"}],"curies":[{"name":"wp","href":"https:\/\/api.w.org\/{rel}","templated":true}]}}