{"id":488,"date":"2021-04-01T13:38:06","date_gmt":"2021-04-01T11:38:06","guid":{"rendered":"http:\/\/vita.sk.vps202.nameserver.sk\/?post_type=product&#038;p=488"},"modified":"2025-10-07T16:30:51","modified_gmt":"2025-10-07T14:30:51","slug":"online-kurz-adobe-photoshop-i-zaciatocnik","status":"publish","type":"product","link":"https:\/\/www.vita.sk\/en\/online-kurz-adobe-photoshop-i-zaciatocnik\/","title":{"rendered":"Online kurz Adobe Photoshop I. Za\u010diato\u010dn\u00edk"},"content":{"rendered":"<p data-start=\"0\" data-end=\"351\">Online kurz Adobe Photoshop I. Za\u010diato\u010dn\u00edk pre v\u00e1s ide\u00e1lny, ak sa chcete nau\u010di\u0165 pracova\u0165 s jedn\u00fdm z najpopul\u00e1rnej\u0161\u00edch grafick\u00fdch n\u00e1strojov na svete a zvl\u00e1dnu\u0165 z\u00e1klady digit\u00e1lnej grafiky. <strong>Ide o akreditovan\u00fd a certifikovan\u00fd online kurz na Adobe Photoshop<\/strong>. Prevedieme v\u00e1s z\u00e1kladn\u00fdmi technikami \u00faprav obr\u00e1zkov, retu\u0161ovania fotografi\u00ed a tvorby grafiky. Kurz sa za\u010dneme \u00favodom do prostredia Adobe Photoshop, kde sa obozn\u00e1mite s jeho in\u0161tal\u00e1ciou, nastaveniami a pou\u017e\u00edvate\u013esk\u00fdm rozhran\u00edm. Nau\u010d\u00edte sa pracova\u0165 s pl\u00e1tnom, upravova\u0165 farby a vrstvy, nastavova\u0165 tmav\u00fa t\u00e9mu (Dark Mode) a orientova\u0165 sa v z\u00e1kladn\u00fdch funkci\u00e1ch programu. Vysvetl\u00edme rozdiely medzi rastrovou a vektorovou grafikou, ako aj sp\u00f4sob pr\u00e1ce s gradientami a farbami. V \u010fal\u0161ej \u010dasti sa zameriavame na grafick\u00e9 n\u00e1stroje Adobe Photoshop. Nau\u010d\u00edte sa pou\u017e\u00edva\u0165 \u0161tetec, tvary, gumu, k\u00fazeln\u00fa pali\u010dku a prechody, pri\u010dom budete pracova\u0165 s predvolen\u00fdmi \u0161abl\u00f3nami a farbami. Obozn\u00e1mite sa s kvapkadlom a vzorkovn\u00edkmi (Swatches), v\u010faka ktor\u00fdm dok\u00e1\u017eete vytv\u00e1ra\u0165 profesion\u00e1lne farebn\u00e9 sch\u00e9my. Dozviete sa, \u010do s\u00fa to ASE form\u00e1ty a ako ich efekt\u00edvne vyu\u017e\u00edva\u0165 pri tvorbe n\u00e1vrhov. Pr\u00e1ca s vrstvami je jedn\u00fdm zo z\u00e1kladn\u00fdch kame\u0148ov Photoshopu, a preto sa v tejto \u010dasti kurzu nau\u010d\u00edte manipulova\u0165 s vrstvami, pou\u017e\u00edva\u0165 r\u00f4zne efekty a pracova\u0165 s v\u00fdpl\u0148ami (Fill). Uk\u00e1\u017eeme v\u00e1m techniky retu\u0161ovania, odstr\u00e1nenia efektu \u010derven\u00fdch o\u010d\u00ed a z\u00e1kladn\u00e9 \u00fapravy portr\u00e9tov\u00fdch fotografi\u00ed. Osvoj\u00edte si postupy na odstr\u00e1nenie a orezanie objektov v obr\u00e1zku pomocou k\u00fazelnej pali\u010dky, filtrov a textov\u00fdch n\u00e1strojov. N\u00e1sledne sa pozrieme na kompresiu a export obr\u00e1zkov, vysvetl\u00edme pojmy ako \u0161k\u00e1lovanie a vzorkovanie a nau\u010d\u00edme v\u00e1s efekt\u00edvne pracova\u0165 s ve\u013ek\u00fdmi obr\u00e1zkami bez straty kvality. Prejdeme aj na pokro\u010dil\u00e9 efekty pixeliz\u00e1cie, ktor\u00e9 v\u00e1m pom\u00f4\u017eu vytv\u00e1ra\u0165 jedine\u010dn\u00e9 vizu\u00e1lne prvky. Z\u00e1vere\u010dn\u00e1 \u010das\u0165 kurzu je zameran\u00e1 na pokro\u010dil\u00e9 techniky orez\u00e1vania a retu\u0161ovania fotografi\u00ed. Nau\u010d\u00edte sa pracova\u0165 s n\u00e1strojmi ako Perspective Crop Tool, Quick Select \u010di Mixer Brush, ktor\u00e9 v\u00e1m pom\u00f4\u017eu dosiahnu\u0165 profesion\u00e1lne v\u00fdsledky pri \u00faprav\u00e1ch a vylep\u0161en\u00ed obr\u00e1zkov. Kurz obsahuje rozsiahlu pr\u00edru\u010dku a cvi\u010denia, ktor\u00e9 v\u00e1m pom\u00f4\u017eu precvi\u010di\u0165 si z\u00edskan\u00e9 zru\u010dnosti. Po absolvovan\u00ed kurzu budete vedie\u0165 efekt\u00edvne pracova\u0165 s Adobe Photoshop, vytv\u00e1ra\u0165 grafiku, retu\u0161ova\u0165 fotografie a pou\u017e\u00edva\u0165 z\u00e1kladn\u00e9 n\u00e1stroje na \u00fapravu vizu\u00e1lneho obsahu. Ak sa skuto\u010dne chcete nau\u010di\u0165 pou\u017e\u00edva\u0165 Adobe Photoshop, tak toto je ide\u00e1lny vstupn\u00fd online kurz pre v\u00e1s.<\/p>\n","protected":false},"excerpt":{"rendered":"<p>Online kurz Adobe Photoshop I. Za\u010diato\u010dn\u00edk v\u00e1s nau\u010d\u00ed upravova\u0165 fotografie, pracova\u0165 s vrstvami, n\u00e1strojmi a efektmi. Ovl\u00e1dnete z\u00e1kladn\u00e9 grafick\u00e9 \u00fapravy a vytvor\u00edte vlastn\u00e9 vizu\u00e1ly pripraven\u00e9 na tla\u010d aj web.","protected":false},"author":4,"featured_media":486,"comment_status":"open","ping_status":"closed","template":"","meta":{"_acf_changed":false},"product_brand":[],"product_cat":[56,61,73],"product_tag":[194],"class_list":{"0":"post-488","1":"product","2":"type-product","3":"status-publish","4":"has-post-thumbnail","6":"product_cat-online-kurzy-grafika-a-dizajn","7":"product_cat-online-kurzy-adobe-photoshop","8":"product_cat-bez-kategorie","9":"product_tag-grafika-a-dizajn","11":"first","12":"instock","13":"sale","14":"sold-individually","15":"taxable","16":"shipping-taxable","17":"purchasable","18":"product-type-simple"},"yoast_head":"<!-- This site is optimized with the Yoast SEO Premium plugin v25.0 (Yoast SEO v25.0) - https:\/\/yoast.com\/wordpress\/plugins\/seo\/ -->\n<title>Online kurz Adobe Photoshop I. Za\u010diato\u010dn\u00edk 2026 | VITA<\/title>\n<meta name=\"description\" content=\"V online kurze Adobe Photoshop pre za\u010diato\u010dn\u00edkov v\u00e1s nau\u010d\u00edme pracova\u0165 vo Photoshope. Nau\u010d\u00edte sa upravova\u0165 obr\u00e1zky a pracova\u0165 s vrstvami. \u2705\" \/>\n<meta name=\"robots\" content=\"index, follow, max-snippet:-1, max-image-preview:large, max-video-preview:-1\" \/>\n<link rel=\"canonical\" href=\"https:\/\/www.vita.sk\/online-kurz-adobe-photoshop-i-zaciatocnik\/\" \/>\n<meta property=\"og:locale\" content=\"en_US\" \/>\n<meta property=\"og:type\" content=\"article\" \/>\n<meta property=\"og:title\" content=\"Online kurz Adobe Photoshop I. Za\u010diato\u010dn\u00edk\" \/>\n<meta property=\"og:description\" content=\"V online kurze Adobe Photoshop pre za\u010diato\u010dn\u00edkov v\u00e1s nau\u010d\u00edme pracova\u0165 vo Photoshope. Nau\u010d\u00edte sa upravova\u0165 obr\u00e1zky a pracova\u0165 s vrstvami. \u2705\" \/>\n<meta property=\"og:url\" content=\"https:\/\/www.vita.sk\/online-kurz-adobe-photoshop-i-zaciatocnik\/\" \/>\n<meta property=\"og:site_name\" content=\"VITA\" \/>\n<meta property=\"article:publisher\" content=\"https:\/\/www.facebook.com\/VitaAcademySK\" \/>\n<meta property=\"article:modified_time\" content=\"2025-10-07T14:30:51+00:00\" \/>\n<meta property=\"og:image\" content=\"https:\/\/www.vita.sk\/wp-content\/uploads\/2018\/10\/adobe-photoshop.png\" \/>\n\t<meta property=\"og:image:width\" content=\"360\" \/>\n\t<meta property=\"og:image:height\" content=\"360\" \/>\n\t<meta property=\"og:image:type\" content=\"image\/png\" \/>\n<meta name=\"twitter:card\" content=\"summary_large_image\" \/>\n<meta name=\"twitter:label1\" content=\"Est. reading time\" \/>\n\t<meta name=\"twitter:data1\" content=\"3 minutes\" \/>\n<script type=\"application\/ld+json\" class=\"yoast-schema-graph\">{\n\t    \"@context\": \"https:\/\/schema.org\",\n\t    \"@graph\": [\n\t        {\n\t            \"@type\": \"WebPage\",\n\t            \"@id\": \"https:\/\/www.vita.sk\/online-kurz-adobe-photoshop-i-zaciatocnik\/\",\n\t            \"url\": \"https:\/\/www.vita.sk\/online-kurz-adobe-photoshop-i-zaciatocnik\/\",\n\t            \"name\": \"Online kurz Adobe Photoshop I. Za\u010diato\u010dn\u00edk {Y} | VITA\",\n\t            \"isPartOf\": {\n\t                \"@id\": \"https:\/\/www.vita.sk\/#website\"\n\t            },\n\t            \"primaryImageOfPage\": {\n\t                \"@id\": \"https:\/\/www.vita.sk\/online-kurz-adobe-photoshop-i-zaciatocnik\/#primaryimage\"\n\t            },\n\t            \"image\": {\n\t                \"@id\": \"https:\/\/www.vita.sk\/online-kurz-adobe-photoshop-i-zaciatocnik\/#primaryimage\"\n\t            },\n\t            \"thumbnailUrl\": \"https:\/\/www.vita.sk\/wp-content\/uploads\/2018\/10\/adobe-photoshop.png\",\n\t            \"datePublished\": \"2021-04-01T11:38:06+00:00\",\n\t            \"dateModified\": \"2025-10-07T14:30:51+00:00\",\n\t            \"description\": \"V online kurze Adobe Photoshop pre za\u010diato\u010dn\u00edkov v\u00e1s nau\u010d\u00edme pracova\u0165 vo Photoshope. Nau\u010d\u00edte sa upravova\u0165 obr\u00e1zky a pracova\u0165 s vrstvami. \u2705\",\n\t            \"breadcrumb\": {\n\t                \"@id\": \"https:\/\/www.vita.sk\/online-kurz-adobe-photoshop-i-zaciatocnik\/#breadcrumb\"\n\t            },\n\t            \"inLanguage\": \"en-US\",\n\t            \"potentialAction\": [\n\t                {\n\t                    \"@type\": \"ReadAction\",\n\t                    \"target\": [\n\t                        \"https:\/\/www.vita.sk\/online-kurz-adobe-photoshop-i-zaciatocnik\/\"\n\t                    ]\n\t                }\n\t            ]\n\t        },\n\t        {\n\t            \"@type\": \"ImageObject\",\n\t            \"inLanguage\": \"en-US\",\n\t            \"@id\": \"https:\/\/www.vita.sk\/online-kurz-adobe-photoshop-i-zaciatocnik\/#primaryimage\",\n\t            \"url\": \"https:\/\/www.vita.sk\/wp-content\/uploads\/2018\/10\/adobe-photoshop.png\",\n\t            \"contentUrl\": \"https:\/\/www.vita.sk\/wp-content\/uploads\/2018\/10\/adobe-photoshop.png\",\n\t            \"width\": 360,\n\t            \"height\": 360,\n\t            \"caption\": \"Online kurz Adobe Photoshop\"\n\t        },\n\t        {\n\t            \"@type\": \"BreadcrumbList\",\n\t            \"@id\": \"https:\/\/www.vita.sk\/online-kurz-adobe-photoshop-i-zaciatocnik\/#breadcrumb\",\n\t            \"itemListElement\": [\n\t                {\n\t                    \"@type\": \"ListItem\",\n\t                    \"position\": 1,\n\t                    \"name\": \"VITA Academy\",\n\t                    \"item\": \"https:\/\/www.vita.sk\/en\/\"\n\t                },\n\t                {\n\t                    \"@type\": \"ListItem\",\n\t                    \"position\": 2,\n\t                    \"name\": \"Shop\",\n\t                    \"item\": \"https:\/\/www.vita.sk\/shop\/\"\n\t                },\n\t                {\n\t                    \"@type\": \"ListItem\",\n\t                    \"position\": 3,\n\t                    \"name\": \"Grafika a Dizajn\",\n\t                    \"item\": \"https:\/\/www.vita.sk\/online-kurzy-grafika-a-dizajn\/\"\n\t                },\n\t                {\n\t                    \"@type\": \"ListItem\",\n\t                    \"position\": 4,\n\t                    \"name\": \"Adobe Photoshop\",\n\t                    \"item\": \"https:\/\/www.vita.sk\/online-kurzy-adobe-photoshop\/\"\n\t                },\n\t                {\n\t                    \"@type\": \"ListItem\",\n\t                    \"position\": 5,\n\t                    \"name\": \"Online kurz Adobe Photoshop I. Za\u010diato\u010dn\u00edk\"\n\t                }\n\t            ]\n\t        },\n\t        {\n\t            \"@type\": \"WebSite\",\n\t            \"@id\": \"https:\/\/www.vita.sk\/#website\",\n\t            \"url\": \"https:\/\/www.vita.sk\/\",\n\t            \"name\": \"VITA\",\n\t            \"description\": \"\",\n\t            \"publisher\": {\n\t                \"@id\": \"https:\/\/www.vita.sk\/#organization\"\n\t            },\n\t            \"potentialAction\": [\n\t                {\n\t                    \"@type\": \"SearchAction\",\n\t                    \"target\": {\n\t                        \"@type\": \"EntryPoint\",\n\t                        \"urlTemplate\": \"https:\/\/www.vita.sk\/?s={search_term_string}\"\n\t                    },\n\t                    \"query-input\": {\n\t                        \"@type\": \"PropertyValueSpecification\",\n\t                        \"valueRequired\": true,\n\t                        \"valueName\": \"search_term_string\"\n\t                    }\n\t                }\n\t            ],\n\t            \"inLanguage\": \"en-US\"\n\t        },\n\t        {\n\t            \"email\": \"admin@vita.sk\",\n\t            \"logo\": \"https:\/\/www.vita.sk\/img\/vita_logo.png \",\n\t            \"address\": {\n\t                \"type\": \"PostalAddress\",\n\t                \"streetAddress\": \"Tom\u00e1\u0161ikova 50\/A\",\n\t                \"addressLocality\": \"Bratislava\",\n\t                \"postalCode\": \"83104\",\n\t                \"addressCountry\": {\n\t                    \"name\": \"SK\",\n\t                    \"type\": \"Country\"\n\t                }\n\t            },\n\t            \"contactPoint\": {\n\t                \"type\": \"ContactPoint\",\n\t                \"telephone\": \"+421 907 375\u00a0543\",\n\t                \"Email\": \"admin@vita.sk\",\n\t                \"contactType\": \"customer service\"\n\t            },\n\t            \"sameAs\": [\n\t                \"https:\/\/www.facebook.com\/VitaAcademySK\/\",\n\t                \"https:\/\/www.linkedin.com\/company\/vita-academy\/\"\n\t            ]\n\t        }\n\t    ]\n\t}<\/script>\n<!-- \/ Yoast SEO Premium plugin. -->","yoast_head_json":{"title":"Online kurz Adobe Photoshop I. Za\u010diato\u010dn\u00edk 2026 | VITA","description":"V online kurze Adobe Photoshop pre za\u010diato\u010dn\u00edkov v\u00e1s nau\u010d\u00edme pracova\u0165 vo Photoshope. Nau\u010d\u00edte sa upravova\u0165 obr\u00e1zky a pracova\u0165 s vrstvami. \u2705","robots":{"index":"index","follow":"follow","max-snippet":"max-snippet:-1","max-image-preview":"max-image-preview:large","max-video-preview":"max-video-preview:-1"},"canonical":"https:\/\/www.vita.sk\/online-kurz-adobe-photoshop-i-zaciatocnik\/","og_locale":"en_US","og_type":"article","og_title":"Online kurz Adobe Photoshop I. Za\u010diato\u010dn\u00edk","og_description":"V online kurze Adobe Photoshop pre za\u010diato\u010dn\u00edkov v\u00e1s nau\u010d\u00edme pracova\u0165 vo Photoshope. Nau\u010d\u00edte sa upravova\u0165 obr\u00e1zky a pracova\u0165 s vrstvami. \u2705","og_url":"https:\/\/www.vita.sk\/online-kurz-adobe-photoshop-i-zaciatocnik\/","og_site_name":"VITA","article_publisher":"https:\/\/www.facebook.com\/VitaAcademySK","article_modified_time":"2025-10-07T14:30:51+00:00","og_image":[{"width":360,"height":360,"url":"https:\/\/www.vita.sk\/wp-content\/uploads\/2018\/10\/adobe-photoshop.png","type":"image\/png"}],"twitter_card":"summary_large_image","twitter_misc":{"Est. reading time":"3 minutes"},"schema":{"@context":"https:\/\/schema.org","@graph":[{"@type":"WebPage","@id":"https:\/\/www.vita.sk\/online-kurz-adobe-photoshop-i-zaciatocnik\/","url":"https:\/\/www.vita.sk\/online-kurz-adobe-photoshop-i-zaciatocnik\/","name":"Online kurz Adobe Photoshop I. Za\u010diato\u010dn\u00edk {Y} | VITA","isPartOf":{"@id":"https:\/\/www.vita.sk\/#website"},"primaryImageOfPage":{"@id":"https:\/\/www.vita.sk\/online-kurz-adobe-photoshop-i-zaciatocnik\/#primaryimage"},"image":{"@id":"https:\/\/www.vita.sk\/online-kurz-adobe-photoshop-i-zaciatocnik\/#primaryimage"},"thumbnailUrl":"https:\/\/www.vita.sk\/wp-content\/uploads\/2018\/10\/adobe-photoshop.png","datePublished":"2021-04-01T11:38:06+00:00","dateModified":"2025-10-07T14:30:51+00:00","description":"V online kurze Adobe Photoshop pre za\u010diato\u010dn\u00edkov v\u00e1s nau\u010d\u00edme pracova\u0165 vo Photoshope. Nau\u010d\u00edte sa upravova\u0165 obr\u00e1zky a pracova\u0165 s vrstvami. \u2705","breadcrumb":{"@id":"https:\/\/www.vita.sk\/online-kurz-adobe-photoshop-i-zaciatocnik\/#breadcrumb"},"inLanguage":"en-US","potentialAction":[{"@type":"ReadAction","target":["https:\/\/www.vita.sk\/online-kurz-adobe-photoshop-i-zaciatocnik\/"]}]},{"@type":"ImageObject","inLanguage":"en-US","@id":"https:\/\/www.vita.sk\/online-kurz-adobe-photoshop-i-zaciatocnik\/#primaryimage","url":"https:\/\/www.vita.sk\/wp-content\/uploads\/2018\/10\/adobe-photoshop.png","contentUrl":"https:\/\/www.vita.sk\/wp-content\/uploads\/2018\/10\/adobe-photoshop.png","width":360,"height":360,"caption":"Online kurz Adobe Photoshop"},{"@type":"BreadcrumbList","@id":"https:\/\/www.vita.sk\/online-kurz-adobe-photoshop-i-zaciatocnik\/#breadcrumb","itemListElement":[{"@type":"ListItem","position":1,"name":"VITA Academy","item":"https:\/\/www.vita.sk\/en\/"},{"@type":"ListItem","position":2,"name":"Shop","item":"https:\/\/www.vita.sk\/shop\/"},{"@type":"ListItem","position":3,"name":"Grafika a Dizajn","item":"https:\/\/www.vita.sk\/online-kurzy-grafika-a-dizajn\/"},{"@type":"ListItem","position":4,"name":"Adobe Photoshop","item":"https:\/\/www.vita.sk\/online-kurzy-adobe-photoshop\/"},{"@type":"ListItem","position":5,"name":"Online kurz Adobe Photoshop I. Za\u010diato\u010dn\u00edk"}]},{"@type":"WebSite","@id":"https:\/\/www.vita.sk\/#website","url":"https:\/\/www.vita.sk\/","name":"VITA","description":"","publisher":{"@id":"https:\/\/www.vita.sk\/#organization"},"potentialAction":[{"@type":"SearchAction","target":{"@type":"EntryPoint","urlTemplate":"https:\/\/www.vita.sk\/?s={search_term_string}"},"query-input":{"@type":"PropertyValueSpecification","valueRequired":true,"valueName":"search_term_string"}}],"inLanguage":"en-US"},{"email":"admin@vita.sk","logo":"https:\/\/www.vita.sk\/img\/vita_logo.png ","address":{"type":"PostalAddress","streetAddress":"Tom\u00e1\u0161ikova 50\/A","addressLocality":"Bratislava","postalCode":"83104","addressCountry":{"name":"SK","type":"Country"}},"contactPoint":{"type":"ContactPoint","telephone":"+421 907 375\u00a0543","Email":"admin@vita.sk","contactType":"customer service"},"sameAs":["https:\/\/www.facebook.com\/VitaAcademySK\/","https:\/\/www.linkedin.com\/company\/vita-academy\/"]}]}},"acf":[],"_links":{"self":[{"href":"https:\/\/www.vita.sk\/en\/wp-json\/wp\/v2\/product\/488","targetHints":{"allow":["GET"]}}],"collection":[{"href":"https:\/\/www.vita.sk\/en\/wp-json\/wp\/v2\/product"}],"about":[{"href":"https:\/\/www.vita.sk\/en\/wp-json\/wp\/v2\/types\/product"}],"author":[{"embeddable":true,"href":"https:\/\/www.vita.sk\/en\/wp-json\/wp\/v2\/users\/4"}],"replies":[{"embeddable":true,"href":"https:\/\/www.vita.sk\/en\/wp-json\/wp\/v2\/comments?post=488"}],"wp:featuredmedia":[{"embeddable":true,"href":"https:\/\/www.vita.sk\/en\/wp-json\/wp\/v2\/media\/486"}],"wp:attachment":[{"href":"https:\/\/www.vita.sk\/en\/wp-json\/wp\/v2\/media?parent=488"}],"wp:term":[{"taxonomy":"product_brand","embeddable":true,"href":"https:\/\/www.vita.sk\/en\/wp-json\/wp\/v2\/product_brand?post=488"},{"taxonomy":"product_cat","embeddable":true,"href":"https:\/\/www.vita.sk\/en\/wp-json\/wp\/v2\/product_cat?post=488"},{"taxonomy":"product_tag","embeddable":true,"href":"https:\/\/www.vita.sk\/en\/wp-json\/wp\/v2\/product_tag?post=488"}],"curies":[{"name":"wp","href":"https:\/\/api.w.org\/{rel}","templated":true}]}}