{"id":501,"date":"2021-05-01T13:57:09","date_gmt":"2021-05-01T11:57:09","guid":{"rendered":"http:\/\/vita.sk.vps202.nameserver.sk\/?post_type=product&#038;p=501"},"modified":"2025-10-22T16:03:42","modified_gmt":"2025-10-22T14:03:42","slug":"online-kurz-ux-ui-i-zaciatocnik","status":"publish","type":"product","link":"https:\/\/www.vita.sk\/en\/online-kurz-ux-ui-i-zaciatocnik\/","title":{"rendered":"Online kurz UX\/UI I. Za\u010diato\u010dn\u00edk"},"content":{"rendered":"<p>Online kurz UX\/UI I. Za\u010diato\u010dn\u00edk je pre v\u00e1s ide\u00e1lny, ak sa chcete nau\u010di\u0165, ako efekt\u00edvne navrhova\u0165 pou\u017e\u00edvate\u013esk\u00e9 rozhrania a zlep\u0161ova\u0165 pou\u017e\u00edvate\u013esk\u00fa sk\u00fasenos\u0165 (UX) v digit\u00e1lnych produktoch. <strong>Ide o akreditovan\u00fd a certifikovan\u00fd online kurz na UX\/UI.<\/strong> Kurz sa zameriava na z\u00e1klady UX\/UI dizajnu a poskytuje v\u00e1m praktick\u00e9 n\u00e1stroje a techniky potrebn\u00e9 na vytv\u00e1ranie intuit\u00edvnych a vizu\u00e1lne pr\u00ed\u0165a\u017eliv\u00fdch pou\u017e\u00edvate\u013esk\u00fdch rozhran\u00ed. Za\u010dneme \u00favodom do z\u00e1kladn\u00fdch princ\u00edpov UX dizajnu, kde sa dozviete, \u010do UX dizajn je a \u010do nie je. Nau\u010d\u00edte sa pracova\u0165 s modelom 5Ws+, ktor\u00fd v\u00e1m pom\u00f4\u017ee definova\u0165 a analyzova\u0165 pou\u017e\u00edvate\u013esk\u00e9 po\u017eiadavky a pr\u00edpady pou\u017eitia pomocou UML. V praxi si uk\u00e1\u017eeme, ako zlep\u0161i\u0165 prv\u00fd formul\u00e1r, za pomoci n\u00e1strojov ako Storyboard, Clickminded a Balsamiq. V r\u00e1mci kurzu sa podrobne zozn\u00e1mite s konceptom pou\u017e\u00edvate\u013eskej sk\u00fasenosti (User Experience &#8211; UX). Nau\u010d\u00edte sa o tone of voice a brand voice, ako aj o technik\u00e1ch, ktor\u00e9 v\u00e1m pom\u00f4\u017eu vytv\u00e1ra\u0165 pers\u00f3ny, hodnoti\u0165 pou\u017e\u00edvate\u013esk\u00e9 rozhrania a vytv\u00e1ra\u0165 heatmapy. Budete pracova\u0165 s r\u00f4znymi n\u00e1strojmi ako Microsoft Visio a Draw.io na tvorbu vizu\u00e1lnych reprezent\u00e1ci\u00ed a navrhovanie pou\u017e\u00edvate\u013esk\u00fdch rozhran\u00ed. \u010ealej sa zameriate na pr\u00e1cu s grafick\u00fdmi n\u00e1strojmi, ako s\u00fa Adobe Photoshop a Illustrator, kde sa nau\u010d\u00edte pracova\u0165 s farebn\u00fdmi modelmi a re\u017eimami. Z\u00edskate praktick\u00e9 sk\u00fasenosti s tvorbou vlastn\u00fdch tla\u010didiel (CTA) a precvi\u010d\u00edte si vytv\u00e1ranie tla\u010didiel v n\u00e1stroji ClickMinded. Kurz sa tie\u017e zaober\u00e1 tvorbou pers\u00f3n a wireframov. Nau\u010d\u00edte sa, ako vytvori\u0165 pers\u00f3ny v n\u00e1stroji Xtensio a ako prototypova\u0165 a vytv\u00e1ra\u0165 wireframy v Microsoft Visio. Okrem toho sa zameriame na u\u017eito\u010dn\u00e9 UX a UI tipy a triky, ktor\u00e9 v\u00e1m pom\u00f4\u017eu vylep\u0161i\u0165 va\u0161e n\u00e1vrhy. Taktie\u017e sa nau\u010d\u00edte generova\u0165 mapu lokality v n\u00e1stroji ScreamingFrog a pracova\u0165 s ikonami v n\u00e1strojoch ako IconFinder a Metrostudio. Na z\u00e1ver kurzu sa venujeme anal\u00fdze naj\u010dastej\u0161\u00edch ch\u00fdb a failov v UX a UI dizajne, aby ste sa vyhli be\u017en\u00fdm omylom a efekt\u00edvne implementovali UX a SEO praktiky do svojich projektov. Kurz uzatv\u00e1ra z\u00e1vere\u010dn\u00fd test, ktor\u00fd v\u00e1m pom\u00f4\u017ee zhodnoti\u0165 z\u00edskan\u00e9 vedomosti a zru\u010dnosti. Ak sa chcete skuto\u010dne nau\u010di\u0165 zlep\u0161ova\u0165 UX a UI, tak toto je vstupn\u00fd ide\u00e1lny online kurz pre v\u00e1s.<\/p>\n","protected":false},"excerpt":{"rendered":"<p>Online kurz UX\/UI I. Za\u010diato\u010dn\u00edk je pre v\u00e1s ide\u00e1lny, ak sa chcete nau\u010di\u0165, ako efekt\u00edvne navrhova\u0165 pou\u017e\u00edvate\u013esk\u00e9 rozhrania a zlep\u0161ova\u0165 pou\u017e\u00edvate\u013esk\u00fa sk\u00fasenos\u0165 (UX) v digit\u00e1lnych produktoch. Ide o akreditovan\u00fd a certifikovan\u00fd online kurz na UX\/UI.","protected":false},"author":4,"featured_media":499,"comment_status":"open","ping_status":"closed","template":"","meta":{"_acf_changed":false},"product_brand":[],"product_cat":[56,65,73],"product_tag":[194,324],"class_list":{"0":"post-501","1":"product","2":"type-product","3":"status-publish","4":"has-post-thumbnail","6":"product_cat-online-kurzy-grafika-a-dizajn","7":"product_cat-online-kurzy-ux-ui","8":"product_cat-bez-kategorie","9":"product_tag-grafika-a-dizajn","10":"product_tag-ux-ui","12":"first","13":"instock","14":"sale","15":"sold-individually","16":"taxable","17":"shipping-taxable","18":"purchasable","19":"product-type-simple"},"yoast_head":"<!-- This site is optimized with the Yoast SEO Premium plugin v25.0 (Yoast SEO v25.0) - https:\/\/yoast.com\/wordpress\/plugins\/seo\/ -->\n<title>Online kurz UX\/UI I. Za\u010diato\u010dn\u00edk 2026 | VITA<\/title>\n<meta name=\"description\" content=\"V online kurze UX\/UI pre za\u010diato\u010dn\u00edkov v\u00e1s nau\u010d\u00edme tvori\u0165 UX dizajn a intuit\u00edvne pou\u017e\u00edvate\u013esk\u00e9 prostredie. Osvoj\u00edte si zlep\u0161ovanie webov. \u2705\" \/>\n<meta name=\"robots\" content=\"index, follow, max-snippet:-1, max-image-preview:large, max-video-preview:-1\" \/>\n<link rel=\"canonical\" href=\"https:\/\/www.vita.sk\/online-kurz-ux-ui-i-zaciatocnik\/\" \/>\n<meta property=\"og:locale\" content=\"en_US\" \/>\n<meta property=\"og:type\" content=\"article\" \/>\n<meta property=\"og:title\" content=\"Online kurz UX\/UI I. Za\u010diato\u010dn\u00edk\" \/>\n<meta property=\"og:description\" content=\"V online kurze UX\/UI pre za\u010diato\u010dn\u00edkov v\u00e1s nau\u010d\u00edme tvori\u0165 UX dizajn a intuit\u00edvne pou\u017e\u00edvate\u013esk\u00e9 prostredie. Osvoj\u00edte si zlep\u0161ovanie webov. \u2705\" \/>\n<meta property=\"og:url\" content=\"https:\/\/www.vita.sk\/online-kurz-ux-ui-i-zaciatocnik\/\" \/>\n<meta property=\"og:site_name\" content=\"VITA\" \/>\n<meta property=\"article:publisher\" content=\"https:\/\/www.facebook.com\/VitaAcademySK\" \/>\n<meta property=\"article:modified_time\" content=\"2025-10-22T14:03:42+00:00\" \/>\n<meta property=\"og:image\" content=\"https:\/\/www.vita.sk\/wp-content\/uploads\/2018\/10\/UX-UI.png\" \/>\n\t<meta property=\"og:image:width\" content=\"360\" \/>\n\t<meta property=\"og:image:height\" content=\"360\" \/>\n\t<meta property=\"og:image:type\" content=\"image\/png\" \/>\n<meta name=\"twitter:card\" content=\"summary_large_image\" \/>\n<meta name=\"twitter:label1\" content=\"Est. reading time\" \/>\n\t<meta name=\"twitter:data1\" content=\"2 minutes\" \/>\n<script type=\"application\/ld+json\" class=\"yoast-schema-graph\">{\n\t    \"@context\": \"https:\/\/schema.org\",\n\t    \"@graph\": [\n\t        {\n\t            \"@type\": \"WebPage\",\n\t            \"@id\": \"https:\/\/www.vita.sk\/online-kurz-ux-ui-i-zaciatocnik\/\",\n\t            \"url\": \"https:\/\/www.vita.sk\/online-kurz-ux-ui-i-zaciatocnik\/\",\n\t            \"name\": \"Online kurz UX\/UI I. Za\u010diato\u010dn\u00edk {Y} | VITA\",\n\t            \"isPartOf\": {\n\t                \"@id\": \"https:\/\/www.vita.sk\/#website\"\n\t            },\n\t            \"primaryImageOfPage\": {\n\t                \"@id\": \"https:\/\/www.vita.sk\/online-kurz-ux-ui-i-zaciatocnik\/#primaryimage\"\n\t            },\n\t            \"image\": {\n\t                \"@id\": \"https:\/\/www.vita.sk\/online-kurz-ux-ui-i-zaciatocnik\/#primaryimage\"\n\t            },\n\t            \"thumbnailUrl\": \"https:\/\/www.vita.sk\/wp-content\/uploads\/2018\/10\/UX-UI.png\",\n\t            \"datePublished\": \"2021-05-01T11:57:09+00:00\",\n\t            \"dateModified\": \"2025-10-22T14:03:42+00:00\",\n\t            \"description\": \"V online kurze UX\/UI pre za\u010diato\u010dn\u00edkov v\u00e1s nau\u010d\u00edme tvori\u0165 UX dizajn a intuit\u00edvne pou\u017e\u00edvate\u013esk\u00e9 prostredie. Osvoj\u00edte si zlep\u0161ovanie webov. \u2705\",\n\t            \"breadcrumb\": {\n\t                \"@id\": \"https:\/\/www.vita.sk\/online-kurz-ux-ui-i-zaciatocnik\/#breadcrumb\"\n\t            },\n\t            \"inLanguage\": \"en-US\",\n\t            \"potentialAction\": [\n\t                {\n\t                    \"@type\": \"ReadAction\",\n\t                    \"target\": [\n\t                        \"https:\/\/www.vita.sk\/online-kurz-ux-ui-i-zaciatocnik\/\"\n\t                    ]\n\t                }\n\t            ]\n\t        },\n\t        {\n\t            \"@type\": \"ImageObject\",\n\t            \"inLanguage\": \"en-US\",\n\t            \"@id\": \"https:\/\/www.vita.sk\/online-kurz-ux-ui-i-zaciatocnik\/#primaryimage\",\n\t            \"url\": \"https:\/\/www.vita.sk\/wp-content\/uploads\/2018\/10\/UX-UI.png\",\n\t            \"contentUrl\": \"https:\/\/www.vita.sk\/wp-content\/uploads\/2018\/10\/UX-UI.png\",\n\t            \"width\": 360,\n\t            \"height\": 360,\n\t            \"caption\": \"Online kurz UX\/UI\"\n\t        },\n\t        {\n\t            \"@type\": \"BreadcrumbList\",\n\t            \"@id\": \"https:\/\/www.vita.sk\/online-kurz-ux-ui-i-zaciatocnik\/#breadcrumb\",\n\t            \"itemListElement\": [\n\t                {\n\t                    \"@type\": \"ListItem\",\n\t                    \"position\": 1,\n\t                    \"name\": \"VITA Academy\",\n\t                    \"item\": \"https:\/\/www.vita.sk\/en\/\"\n\t                },\n\t                {\n\t                    \"@type\": \"ListItem\",\n\t                    \"position\": 2,\n\t                    \"name\": \"Shop\",\n\t                    \"item\": \"https:\/\/www.vita.sk\/shop\/\"\n\t                },\n\t                {\n\t                    \"@type\": \"ListItem\",\n\t                    \"position\": 3,\n\t                    \"name\": \"Grafika a Dizajn\",\n\t                    \"item\": \"https:\/\/www.vita.sk\/online-kurzy-grafika-a-dizajn\/\"\n\t                },\n\t                {\n\t                    \"@type\": \"ListItem\",\n\t                    \"position\": 4,\n\t                    \"name\": \"UX\/UI\",\n\t                    \"item\": \"https:\/\/www.vita.sk\/online-kurzy-ux-ui\/\"\n\t                },\n\t                {\n\t                    \"@type\": \"ListItem\",\n\t                    \"position\": 5,\n\t                    \"name\": \"Online kurz UX\/UI I. Za\u010diato\u010dn\u00edk\"\n\t                }\n\t            ]\n\t        },\n\t        {\n\t            \"@type\": \"WebSite\",\n\t            \"@id\": \"https:\/\/www.vita.sk\/#website\",\n\t            \"url\": \"https:\/\/www.vita.sk\/\",\n\t            \"name\": \"VITA\",\n\t            \"description\": \"\",\n\t            \"publisher\": {\n\t                \"@id\": \"https:\/\/www.vita.sk\/#organization\"\n\t            },\n\t            \"potentialAction\": [\n\t                {\n\t                    \"@type\": \"SearchAction\",\n\t                    \"target\": {\n\t                        \"@type\": \"EntryPoint\",\n\t                        \"urlTemplate\": \"https:\/\/www.vita.sk\/?s={search_term_string}\"\n\t                    },\n\t                    \"query-input\": {\n\t                        \"@type\": \"PropertyValueSpecification\",\n\t                        \"valueRequired\": true,\n\t                        \"valueName\": \"search_term_string\"\n\t                    }\n\t                }\n\t            ],\n\t            \"inLanguage\": \"en-US\"\n\t        },\n\t        {\n\t            \"email\": \"admin@vita.sk\",\n\t            \"logo\": \"https:\/\/www.vita.sk\/img\/vita_logo.png \",\n\t            \"address\": {\n\t                \"type\": \"PostalAddress\",\n\t                \"streetAddress\": \"Tom\u00e1\u0161ikova 50\/A\",\n\t                \"addressLocality\": \"Bratislava\",\n\t                \"postalCode\": \"83104\",\n\t                \"addressCountry\": {\n\t                    \"name\": \"SK\",\n\t                    \"type\": \"Country\"\n\t                }\n\t            },\n\t            \"contactPoint\": {\n\t                \"type\": \"ContactPoint\",\n\t                \"telephone\": \"+421 907 375\u00a0543\",\n\t                \"Email\": \"admin@vita.sk\",\n\t                \"contactType\": \"customer service\"\n\t            },\n\t            \"sameAs\": [\n\t                \"https:\/\/www.facebook.com\/VitaAcademySK\/\",\n\t                \"https:\/\/www.linkedin.com\/company\/vita-academy\/\"\n\t            ]\n\t        }\n\t    ]\n\t}<\/script>\n<!-- \/ Yoast SEO Premium plugin. -->","yoast_head_json":{"title":"Online kurz UX\/UI I. Za\u010diato\u010dn\u00edk 2026 | VITA","description":"V online kurze UX\/UI pre za\u010diato\u010dn\u00edkov v\u00e1s nau\u010d\u00edme tvori\u0165 UX dizajn a intuit\u00edvne pou\u017e\u00edvate\u013esk\u00e9 prostredie. Osvoj\u00edte si zlep\u0161ovanie webov. \u2705","robots":{"index":"index","follow":"follow","max-snippet":"max-snippet:-1","max-image-preview":"max-image-preview:large","max-video-preview":"max-video-preview:-1"},"canonical":"https:\/\/www.vita.sk\/online-kurz-ux-ui-i-zaciatocnik\/","og_locale":"en_US","og_type":"article","og_title":"Online kurz UX\/UI I. Za\u010diato\u010dn\u00edk","og_description":"V online kurze UX\/UI pre za\u010diato\u010dn\u00edkov v\u00e1s nau\u010d\u00edme tvori\u0165 UX dizajn a intuit\u00edvne pou\u017e\u00edvate\u013esk\u00e9 prostredie. Osvoj\u00edte si zlep\u0161ovanie webov. \u2705","og_url":"https:\/\/www.vita.sk\/online-kurz-ux-ui-i-zaciatocnik\/","og_site_name":"VITA","article_publisher":"https:\/\/www.facebook.com\/VitaAcademySK","article_modified_time":"2025-10-22T14:03:42+00:00","og_image":[{"width":360,"height":360,"url":"https:\/\/www.vita.sk\/wp-content\/uploads\/2018\/10\/UX-UI.png","type":"image\/png"}],"twitter_card":"summary_large_image","twitter_misc":{"Est. reading time":"2 minutes"},"schema":{"@context":"https:\/\/schema.org","@graph":[{"@type":"WebPage","@id":"https:\/\/www.vita.sk\/online-kurz-ux-ui-i-zaciatocnik\/","url":"https:\/\/www.vita.sk\/online-kurz-ux-ui-i-zaciatocnik\/","name":"Online kurz UX\/UI I. Za\u010diato\u010dn\u00edk {Y} | VITA","isPartOf":{"@id":"https:\/\/www.vita.sk\/#website"},"primaryImageOfPage":{"@id":"https:\/\/www.vita.sk\/online-kurz-ux-ui-i-zaciatocnik\/#primaryimage"},"image":{"@id":"https:\/\/www.vita.sk\/online-kurz-ux-ui-i-zaciatocnik\/#primaryimage"},"thumbnailUrl":"https:\/\/www.vita.sk\/wp-content\/uploads\/2018\/10\/UX-UI.png","datePublished":"2021-05-01T11:57:09+00:00","dateModified":"2025-10-22T14:03:42+00:00","description":"V online kurze UX\/UI pre za\u010diato\u010dn\u00edkov v\u00e1s nau\u010d\u00edme tvori\u0165 UX dizajn a intuit\u00edvne pou\u017e\u00edvate\u013esk\u00e9 prostredie. Osvoj\u00edte si zlep\u0161ovanie webov. \u2705","breadcrumb":{"@id":"https:\/\/www.vita.sk\/online-kurz-ux-ui-i-zaciatocnik\/#breadcrumb"},"inLanguage":"en-US","potentialAction":[{"@type":"ReadAction","target":["https:\/\/www.vita.sk\/online-kurz-ux-ui-i-zaciatocnik\/"]}]},{"@type":"ImageObject","inLanguage":"en-US","@id":"https:\/\/www.vita.sk\/online-kurz-ux-ui-i-zaciatocnik\/#primaryimage","url":"https:\/\/www.vita.sk\/wp-content\/uploads\/2018\/10\/UX-UI.png","contentUrl":"https:\/\/www.vita.sk\/wp-content\/uploads\/2018\/10\/UX-UI.png","width":360,"height":360,"caption":"Online kurz UX\/UI"},{"@type":"BreadcrumbList","@id":"https:\/\/www.vita.sk\/online-kurz-ux-ui-i-zaciatocnik\/#breadcrumb","itemListElement":[{"@type":"ListItem","position":1,"name":"VITA Academy","item":"https:\/\/www.vita.sk\/en\/"},{"@type":"ListItem","position":2,"name":"Shop","item":"https:\/\/www.vita.sk\/shop\/"},{"@type":"ListItem","position":3,"name":"Grafika a Dizajn","item":"https:\/\/www.vita.sk\/online-kurzy-grafika-a-dizajn\/"},{"@type":"ListItem","position":4,"name":"UX\/UI","item":"https:\/\/www.vita.sk\/online-kurzy-ux-ui\/"},{"@type":"ListItem","position":5,"name":"Online kurz UX\/UI I. Za\u010diato\u010dn\u00edk"}]},{"@type":"WebSite","@id":"https:\/\/www.vita.sk\/#website","url":"https:\/\/www.vita.sk\/","name":"VITA","description":"","publisher":{"@id":"https:\/\/www.vita.sk\/#organization"},"potentialAction":[{"@type":"SearchAction","target":{"@type":"EntryPoint","urlTemplate":"https:\/\/www.vita.sk\/?s={search_term_string}"},"query-input":{"@type":"PropertyValueSpecification","valueRequired":true,"valueName":"search_term_string"}}],"inLanguage":"en-US"},{"email":"admin@vita.sk","logo":"https:\/\/www.vita.sk\/img\/vita_logo.png ","address":{"type":"PostalAddress","streetAddress":"Tom\u00e1\u0161ikova 50\/A","addressLocality":"Bratislava","postalCode":"83104","addressCountry":{"name":"SK","type":"Country"}},"contactPoint":{"type":"ContactPoint","telephone":"+421 907 375\u00a0543","Email":"admin@vita.sk","contactType":"customer service"},"sameAs":["https:\/\/www.facebook.com\/VitaAcademySK\/","https:\/\/www.linkedin.com\/company\/vita-academy\/"]}]}},"acf":[],"_links":{"self":[{"href":"https:\/\/www.vita.sk\/en\/wp-json\/wp\/v2\/product\/501","targetHints":{"allow":["GET"]}}],"collection":[{"href":"https:\/\/www.vita.sk\/en\/wp-json\/wp\/v2\/product"}],"about":[{"href":"https:\/\/www.vita.sk\/en\/wp-json\/wp\/v2\/types\/product"}],"author":[{"embeddable":true,"href":"https:\/\/www.vita.sk\/en\/wp-json\/wp\/v2\/users\/4"}],"replies":[{"embeddable":true,"href":"https:\/\/www.vita.sk\/en\/wp-json\/wp\/v2\/comments?post=501"}],"wp:featuredmedia":[{"embeddable":true,"href":"https:\/\/www.vita.sk\/en\/wp-json\/wp\/v2\/media\/499"}],"wp:attachment":[{"href":"https:\/\/www.vita.sk\/en\/wp-json\/wp\/v2\/media?parent=501"}],"wp:term":[{"taxonomy":"product_brand","embeddable":true,"href":"https:\/\/www.vita.sk\/en\/wp-json\/wp\/v2\/product_brand?post=501"},{"taxonomy":"product_cat","embeddable":true,"href":"https:\/\/www.vita.sk\/en\/wp-json\/wp\/v2\/product_cat?post=501"},{"taxonomy":"product_tag","embeddable":true,"href":"https:\/\/www.vita.sk\/en\/wp-json\/wp\/v2\/product_tag?post=501"}],"curies":[{"name":"wp","href":"https:\/\/api.w.org\/{rel}","templated":true}]}}