{"id":502,"date":"2021-05-01T13:56:02","date_gmt":"2021-05-01T11:56:02","guid":{"rendered":"http:\/\/vita.sk.vps202.nameserver.sk\/?post_type=product&#038;p=502"},"modified":"2026-04-26T12:40:20","modified_gmt":"2026-04-26T10:40:20","slug":"online-kurz-ux-ui-ii-pokrocily","status":"publish","type":"product","link":"https:\/\/www.vita.sk\/en\/online-kurz-ux-ui-ii-pokrocily\/","title":{"rendered":"Online kurz UX\/UI II. Mierne Pokro\u010dil\u00fd"},"content":{"rendered":"<p>Online kurz UX\/UI II. Mierne Pokro\u010dil\u00fd je pre v\u00e1s ide\u00e1lny, ak sa chcete nau\u010di\u0165 pokro\u010dil\u00e9 princ\u00edpy n\u00e1vrhu pou\u017e\u00edvate\u013esk\u00e9ho rozhrania, analyzova\u0165 spr\u00e1vanie pou\u017e\u00edvate\u013eov a optimalizova\u0165 digit\u00e1lne produkty na z\u00e1klade d\u00e1t. <strong>Ide o akreditovan\u00fd a certifikovan\u00fd kurz na UX\/UI<\/strong>. V tomto kurze sa nau\u010d\u00edte pracova\u0165 s princ\u00edpmi pr\u00edstupnosti a \u0161tandardmi WCAG, v\u010faka ktor\u00fdm budete vedie\u0165 navrhova\u0165 pou\u017eite\u013en\u00e9 a inkluz\u00edvne rozhrania. Z\u00edskate schopnos\u0165 vykon\u00e1va\u0165 UX\/UI audity a systematicky hodnoti\u0165 kvalitu pou\u017e\u00edvate\u013eskej sk\u00fasenosti. Osvoj\u00edte si n\u00e1vrh slu\u017eieb a pochop\u00edte koncepty ako ITIL, CSI a Lean, ktor\u00e9 sa vyu\u017e\u00edvaj\u00fa pri tvorbe digit\u00e1lnych produktov. Nau\u010d\u00edte sa analyzova\u0165 zadania, URL \u0161trukt\u00faru a metriky webov\u00fdch rie\u0161en\u00ed a vytv\u00e1ra\u0165 konceptu\u00e1lne mapy pomocou n\u00e1strojov ako Visio alebo Screaming Frog. Pochop\u00edte, ako navrhova\u0165 informa\u010dn\u00fa architekt\u00faru a organizova\u0165 obsah tak, aby bol pre pou\u017e\u00edvate\u013ea intuit\u00edvny a preh\u013eadn\u00fd. D\u00f4le\u017eitou s\u00fa\u010das\u0165ou kurzu je webov\u00e1 analytika, kde sa nau\u010d\u00edte pracova\u0165 s n\u00e1strojmi ako Google Analytics, Tag Assistant a Matomo. Nau\u010d\u00edte sa nastavova\u0165 k\u013e\u00fa\u010dov\u00e9 udalosti, konverzie a analyzova\u0165 spr\u00e1vanie pou\u017e\u00edvate\u013eov vr\u00e1tane intern\u00e9ho vyh\u013ead\u00e1vania. Z\u00edskate schopnos\u0165 interpretova\u0165 d\u00e1ta a vyu\u017e\u00edva\u0165 ich pri rozhodovan\u00ed o dizajne a optimaliz\u00e1cii produktov. Kurz sa zameriava aj na v\u00fdvoj webov\u00fdch rie\u0161en\u00ed a princ\u00edpy atomick\u00e9ho dizajnu, kde pochop\u00edte, ako sklada\u0165 rozhrania z men\u0161\u00edch komponentov a vytv\u00e1ra\u0165 konzistentn\u00e9 dizajnov\u00e9 syst\u00e9my. Nau\u010d\u00edte sa pou\u017e\u00edva\u0165 checklisty, logomanu\u00e1ly a valida\u010dn\u00e9 n\u00e1stroje na kontrolu kvality rie\u0161en\u00ed a sledova\u0165 dostupnos\u0165 a v\u00fdkon webov\u00fdch aplik\u00e1ci\u00ed. Osvoj\u00edte si princ\u00edpy fazetovej klasifik\u00e1cie a nau\u010d\u00edte sa ich aplikova\u0165 pri n\u00e1vrhu komplexn\u00fdch informa\u010dn\u00fdch \u0161trukt\u00far. Nau\u010d\u00edte sa mera\u0165 v\u00fdkon webov\u00fdch rie\u0161en\u00ed pomocou n\u00e1strojov ako Google PageSpeed Insights, GTmetrix a Pingdom a identifikova\u0165 slab\u00e9 miesta v pou\u017e\u00edvate\u013eskej sk\u00fasenosti. Z\u00edskate schopnos\u0165 systematicky optimalizova\u0165 UX\/UI pomocou d\u00e1t, checklistov a analytick\u00fdch n\u00e1strojov, zlep\u0161ova\u0165 kvalitu obsahu, jazyk a form\u00e1tovanie v digit\u00e1lnom prostred\u00ed. Po absolvovan\u00ed kurzu budete schopn\u00ed navrhova\u0165, analyzova\u0165 a optimalizova\u0165 digit\u00e1lne produkty na profesion\u00e1lnej \u00farovni. ak sa chcete skuto\u010dne nau\u010di\u0165 UX\/UI dizajn a sta\u0165 sa UX\/UI \u0161pecialistom, tak toto je ide\u00e1lny online kurz pre v\u00e1s.<\/p>\n","protected":false},"excerpt":{"rendered":"<div class=\"flex flex-col text-sm pb-25\">\n<section class=\"text-token-text-primary w-full focus:outline-none [--shadow-height:45px] has-data-writing-block:pointer-events-none has-data-writing-block:-mt-(--shadow-height) has-data-writing-block:pt-(--shadow-height) [&amp;:has([data-writing-block])&gt;*]:pointer-events-auto scroll-mt-[calc(var(--header-height)+min(200px,max(70px,20svh)))]\" dir=\"auto\" data-turn-id=\"request-697b35ff-03e4-8332-b97c-319f535886af-3\" data-testid=\"conversation-turn-431\" data-scroll-anchor=\"true\" data-turn=\"assistant\">\n<div class=\"text-base my-auto mx-auto pb-10 [--thread-content-margin:var(--thread-content-margin-xs,calc(var(--spacing)*4))] @w-sm\/main:[--thread-content-margin:var(--thread-content-margin-sm,calc(var(--spacing)*6))] @w-lg\/main:[--thread-content-margin:var(--thread-content-margin-lg,calc(var(--spacing)*16))] px-(--thread-content-margin)\">\n<div class=\"[--thread-content-max-width:40rem] @w-lg\/main:[--thread-content-max-width:48rem] mx-auto max-w-(--thread-content-max-width) flex-1 group\/turn-messages focus-visible:outline-hidden relative flex w-full min-w-0 flex-col agent-turn\">\n<div class=\"flex max-w-full flex-col gap-4 grow\">\n<div class=\"min-h-8 text-message relative flex w-full flex-col items-end gap-2 text-start break-words whitespace-normal outline-none keyboard-focused:focus-ring [. text-message+&amp;]:mt-1\" dir=\"auto\" tabindex=\"0\" data-message-author-role=\"assistant\" data-message-id=\"cd3d79d4-8235-49fc-9438-70ad81e2a740\" data-message-model-slug=\"gpt-5-3\" data-turn-start-message=\"true\">\n<div class=\"flex w-full flex-col gap-1 empty:hidden\">\n<div class=\"markdown prose dark:prose-invert w-full wrap-break-word light markdown-new-styling\">\n<p data-start=\"0\" data-end=\"175\" data-is-last-node=\"\" data-is-only-node=\"\">Pokro\u010dil\u00fd online kurz UX\/UI v\u00e1s nau\u010d\u00ed analyzova\u0165 spr\u00e1vanie pou\u017e\u00edvate\u013eov, navrhova\u0165 informa\u010dn\u00fa architekt\u00faru a optimalizova\u0165 digit\u00e1lne produkty pomocou d\u00e1t a modern\u00fdch n\u00e1strojov.","protected":false},"author":4,"featured_media":499,"comment_status":"open","ping_status":"closed","template":"","meta":{"_acf_changed":false},"product_brand":[],"product_cat":[56,65,73],"product_tag":[194],"class_list":{"0":"post-502","1":"product","2":"type-product","3":"status-publish","4":"has-post-thumbnail","6":"product_cat-online-kurzy-grafika-a-dizajn","7":"product_cat-online-kurzy-ux-ui","8":"product_cat-bez-kategorie","9":"product_tag-grafika-a-dizajn","11":"first","12":"instock","13":"sale","14":"sold-individually","15":"taxable","16":"shipping-taxable","17":"purchasable","18":"product-type-simple"},"yoast_head":"<!-- This site is optimized with the Yoast SEO Premium plugin v25.0 (Yoast SEO v25.0) - https:\/\/yoast.com\/wordpress\/plugins\/seo\/ -->\n<title>Online kurz UX\/UI II. Mierne Pokro\u010dil\u00fd 2026 | VITA<\/title>\n<meta name=\"description\" content=\"V online kurze UX\/UI pre mierne pokro\u010dil\u00fdch v\u00e1m uk\u00e1\u017eeme ako za\u010da\u0165 s pr\u00edstupnos\u0165ou, fazetovou klasifik\u00e1ciou, WCAG a auditmi UX a UI. \u2705\" \/>\n<meta name=\"robots\" content=\"index, follow, max-snippet:-1, max-image-preview:large, max-video-preview:-1\" \/>\n<link rel=\"canonical\" href=\"https:\/\/www.vita.sk\/online-kurz-ux-ui-ii-pokrocily\/\" \/>\n<meta property=\"og:locale\" content=\"en_US\" \/>\n<meta property=\"og:type\" content=\"article\" \/>\n<meta property=\"og:title\" content=\"Online kurz UX\/UI II. Mierne Pokro\u010dil\u00fd\" \/>\n<meta property=\"og:description\" content=\"V online kurze UX\/UI pre mierne pokro\u010dil\u00fdch v\u00e1m uk\u00e1\u017eeme ako za\u010da\u0165 s pr\u00edstupnos\u0165ou, fazetovou klasifik\u00e1ciou, WCAG a auditmi UX a UI. \u2705\" \/>\n<meta property=\"og:url\" content=\"https:\/\/www.vita.sk\/online-kurz-ux-ui-ii-pokrocily\/\" \/>\n<meta property=\"og:site_name\" content=\"VITA\" \/>\n<meta property=\"article:publisher\" content=\"https:\/\/www.facebook.com\/VitaAcademySK\" \/>\n<meta property=\"article:modified_time\" content=\"2026-04-26T10:40:20+00:00\" \/>\n<meta property=\"og:image\" content=\"https:\/\/www.vita.sk\/wp-content\/uploads\/2018\/10\/UX-UI.png\" \/>\n\t<meta property=\"og:image:width\" content=\"360\" \/>\n\t<meta property=\"og:image:height\" content=\"360\" \/>\n\t<meta property=\"og:image:type\" content=\"image\/png\" \/>\n<meta name=\"twitter:card\" content=\"summary_large_image\" \/>\n<meta name=\"twitter:label1\" content=\"Est. reading time\" \/>\n\t<meta name=\"twitter:data1\" content=\"2 minutes\" \/>\n<script type=\"application\/ld+json\" class=\"yoast-schema-graph\">{\n\t    \"@context\": \"https:\/\/schema.org\",\n\t    \"@graph\": [\n\t        {\n\t            \"@type\": \"WebPage\",\n\t            \"@id\": \"https:\/\/www.vita.sk\/online-kurz-ux-ui-ii-pokrocily\/\",\n\t            \"url\": \"https:\/\/www.vita.sk\/online-kurz-ux-ui-ii-pokrocily\/\",\n\t            \"name\": \"Online kurz UX\/UI II. Mierne Pokro\u010dil\u00fd {Y} | VITA\",\n\t            \"isPartOf\": {\n\t                \"@id\": \"https:\/\/www.vita.sk\/#website\"\n\t            },\n\t            \"primaryImageOfPage\": {\n\t                \"@id\": \"https:\/\/www.vita.sk\/online-kurz-ux-ui-ii-pokrocily\/#primaryimage\"\n\t            },\n\t            \"image\": {\n\t                \"@id\": \"https:\/\/www.vita.sk\/online-kurz-ux-ui-ii-pokrocily\/#primaryimage\"\n\t            },\n\t            \"thumbnailUrl\": \"https:\/\/www.vita.sk\/wp-content\/uploads\/2018\/10\/UX-UI.png\",\n\t            \"datePublished\": \"2021-05-01T11:56:02+00:00\",\n\t            \"dateModified\": \"2026-04-26T10:40:20+00:00\",\n\t            \"description\": \"V online kurze UX\/UI pre mierne pokro\u010dil\u00fdch v\u00e1m uk\u00e1\u017eeme ako za\u010da\u0165 s pr\u00edstupnos\u0165ou, fazetovou klasifik\u00e1ciou, WCAG a auditmi UX a UI. \u2705\",\n\t            \"breadcrumb\": {\n\t                \"@id\": \"https:\/\/www.vita.sk\/online-kurz-ux-ui-ii-pokrocily\/#breadcrumb\"\n\t            },\n\t            \"inLanguage\": \"en-US\",\n\t            \"potentialAction\": [\n\t                {\n\t                    \"@type\": \"ReadAction\",\n\t                    \"target\": [\n\t                        \"https:\/\/www.vita.sk\/online-kurz-ux-ui-ii-pokrocily\/\"\n\t                    ]\n\t                }\n\t            ]\n\t        },\n\t        {\n\t            \"@type\": \"ImageObject\",\n\t            \"inLanguage\": \"en-US\",\n\t            \"@id\": \"https:\/\/www.vita.sk\/online-kurz-ux-ui-ii-pokrocily\/#primaryimage\",\n\t            \"url\": \"https:\/\/www.vita.sk\/wp-content\/uploads\/2018\/10\/UX-UI.png\",\n\t            \"contentUrl\": \"https:\/\/www.vita.sk\/wp-content\/uploads\/2018\/10\/UX-UI.png\",\n\t            \"width\": 360,\n\t            \"height\": 360,\n\t            \"caption\": \"Online kurz UX\/UI\"\n\t        },\n\t        {\n\t            \"@type\": \"BreadcrumbList\",\n\t            \"@id\": \"https:\/\/www.vita.sk\/online-kurz-ux-ui-ii-pokrocily\/#breadcrumb\",\n\t            \"itemListElement\": [\n\t                {\n\t                    \"@type\": \"ListItem\",\n\t                    \"position\": 1,\n\t                    \"name\": \"VITA Academy\",\n\t                    \"item\": \"https:\/\/www.vita.sk\/en\/\"\n\t                },\n\t                {\n\t                    \"@type\": \"ListItem\",\n\t                    \"position\": 2,\n\t                    \"name\": \"Shop\",\n\t                    \"item\": \"https:\/\/www.vita.sk\/shop\/\"\n\t                },\n\t                {\n\t                    \"@type\": \"ListItem\",\n\t                    \"position\": 3,\n\t                    \"name\": \"Grafika a Dizajn\",\n\t                    \"item\": \"https:\/\/www.vita.sk\/online-kurzy-grafika-a-dizajn\/\"\n\t                },\n\t                {\n\t                    \"@type\": \"ListItem\",\n\t                    \"position\": 4,\n\t                    \"name\": \"UX\/UI\",\n\t                    \"item\": \"https:\/\/www.vita.sk\/online-kurzy-ux-ui\/\"\n\t                },\n\t                {\n\t                    \"@type\": \"ListItem\",\n\t                    \"position\": 5,\n\t                    \"name\": \"Online kurz UX\/UI II. Mierne Pokro\u010dil\u00fd\"\n\t                }\n\t            ]\n\t        },\n\t        {\n\t            \"@type\": \"WebSite\",\n\t            \"@id\": \"https:\/\/www.vita.sk\/#website\",\n\t            \"url\": \"https:\/\/www.vita.sk\/\",\n\t            \"name\": \"VITA\",\n\t            \"description\": \"\",\n\t            \"publisher\": {\n\t                \"@id\": \"https:\/\/www.vita.sk\/#organization\"\n\t            },\n\t            \"potentialAction\": [\n\t                {\n\t                    \"@type\": \"SearchAction\",\n\t                    \"target\": {\n\t                        \"@type\": \"EntryPoint\",\n\t                        \"urlTemplate\": \"https:\/\/www.vita.sk\/?s={search_term_string}\"\n\t                    },\n\t                    \"query-input\": {\n\t                        \"@type\": \"PropertyValueSpecification\",\n\t                        \"valueRequired\": true,\n\t                        \"valueName\": \"search_term_string\"\n\t                    }\n\t                }\n\t            ],\n\t            \"inLanguage\": \"en-US\"\n\t        },\n\t        {\n\t            \"email\": \"admin@vita.sk\",\n\t            \"logo\": \"https:\/\/www.vita.sk\/img\/vita_logo.png \",\n\t            \"address\": {\n\t                \"type\": \"PostalAddress\",\n\t                \"streetAddress\": \"Tom\u00e1\u0161ikova 50\/A\",\n\t                \"addressLocality\": \"Bratislava\",\n\t                \"postalCode\": \"83104\",\n\t                \"addressCountry\": {\n\t                    \"name\": \"SK\",\n\t                    \"type\": \"Country\"\n\t                }\n\t            },\n\t            \"contactPoint\": {\n\t                \"type\": \"ContactPoint\",\n\t                \"telephone\": \"+421 907 375\u00a0543\",\n\t                \"Email\": \"admin@vita.sk\",\n\t                \"contactType\": \"customer service\"\n\t            },\n\t            \"sameAs\": [\n\t                \"https:\/\/www.facebook.com\/VitaAcademySK\/\",\n\t                \"https:\/\/www.linkedin.com\/company\/vita-academy\/\"\n\t            ]\n\t        }\n\t    ]\n\t}<\/script>\n<!-- \/ Yoast SEO Premium plugin. -->","yoast_head_json":{"title":"Online kurz UX\/UI II. Mierne Pokro\u010dil\u00fd 2026 | VITA","description":"V online kurze UX\/UI pre mierne pokro\u010dil\u00fdch v\u00e1m uk\u00e1\u017eeme ako za\u010da\u0165 s pr\u00edstupnos\u0165ou, fazetovou klasifik\u00e1ciou, WCAG a auditmi UX a UI. \u2705","robots":{"index":"index","follow":"follow","max-snippet":"max-snippet:-1","max-image-preview":"max-image-preview:large","max-video-preview":"max-video-preview:-1"},"canonical":"https:\/\/www.vita.sk\/online-kurz-ux-ui-ii-pokrocily\/","og_locale":"en_US","og_type":"article","og_title":"Online kurz UX\/UI II. Mierne Pokro\u010dil\u00fd","og_description":"V online kurze UX\/UI pre mierne pokro\u010dil\u00fdch v\u00e1m uk\u00e1\u017eeme ako za\u010da\u0165 s pr\u00edstupnos\u0165ou, fazetovou klasifik\u00e1ciou, WCAG a auditmi UX a UI. \u2705","og_url":"https:\/\/www.vita.sk\/online-kurz-ux-ui-ii-pokrocily\/","og_site_name":"VITA","article_publisher":"https:\/\/www.facebook.com\/VitaAcademySK","article_modified_time":"2026-04-26T10:40:20+00:00","og_image":[{"width":360,"height":360,"url":"https:\/\/www.vita.sk\/wp-content\/uploads\/2018\/10\/UX-UI.png","type":"image\/png"}],"twitter_card":"summary_large_image","twitter_misc":{"Est. reading time":"2 minutes"},"schema":{"@context":"https:\/\/schema.org","@graph":[{"@type":"WebPage","@id":"https:\/\/www.vita.sk\/online-kurz-ux-ui-ii-pokrocily\/","url":"https:\/\/www.vita.sk\/online-kurz-ux-ui-ii-pokrocily\/","name":"Online kurz UX\/UI II. Mierne Pokro\u010dil\u00fd {Y} | VITA","isPartOf":{"@id":"https:\/\/www.vita.sk\/#website"},"primaryImageOfPage":{"@id":"https:\/\/www.vita.sk\/online-kurz-ux-ui-ii-pokrocily\/#primaryimage"},"image":{"@id":"https:\/\/www.vita.sk\/online-kurz-ux-ui-ii-pokrocily\/#primaryimage"},"thumbnailUrl":"https:\/\/www.vita.sk\/wp-content\/uploads\/2018\/10\/UX-UI.png","datePublished":"2021-05-01T11:56:02+00:00","dateModified":"2026-04-26T10:40:20+00:00","description":"V online kurze UX\/UI pre mierne pokro\u010dil\u00fdch v\u00e1m uk\u00e1\u017eeme ako za\u010da\u0165 s pr\u00edstupnos\u0165ou, fazetovou klasifik\u00e1ciou, WCAG a auditmi UX a UI. \u2705","breadcrumb":{"@id":"https:\/\/www.vita.sk\/online-kurz-ux-ui-ii-pokrocily\/#breadcrumb"},"inLanguage":"en-US","potentialAction":[{"@type":"ReadAction","target":["https:\/\/www.vita.sk\/online-kurz-ux-ui-ii-pokrocily\/"]}]},{"@type":"ImageObject","inLanguage":"en-US","@id":"https:\/\/www.vita.sk\/online-kurz-ux-ui-ii-pokrocily\/#primaryimage","url":"https:\/\/www.vita.sk\/wp-content\/uploads\/2018\/10\/UX-UI.png","contentUrl":"https:\/\/www.vita.sk\/wp-content\/uploads\/2018\/10\/UX-UI.png","width":360,"height":360,"caption":"Online kurz UX\/UI"},{"@type":"BreadcrumbList","@id":"https:\/\/www.vita.sk\/online-kurz-ux-ui-ii-pokrocily\/#breadcrumb","itemListElement":[{"@type":"ListItem","position":1,"name":"VITA Academy","item":"https:\/\/www.vita.sk\/en\/"},{"@type":"ListItem","position":2,"name":"Shop","item":"https:\/\/www.vita.sk\/shop\/"},{"@type":"ListItem","position":3,"name":"Grafika a Dizajn","item":"https:\/\/www.vita.sk\/online-kurzy-grafika-a-dizajn\/"},{"@type":"ListItem","position":4,"name":"UX\/UI","item":"https:\/\/www.vita.sk\/online-kurzy-ux-ui\/"},{"@type":"ListItem","position":5,"name":"Online kurz UX\/UI II. Mierne Pokro\u010dil\u00fd"}]},{"@type":"WebSite","@id":"https:\/\/www.vita.sk\/#website","url":"https:\/\/www.vita.sk\/","name":"VITA","description":"","publisher":{"@id":"https:\/\/www.vita.sk\/#organization"},"potentialAction":[{"@type":"SearchAction","target":{"@type":"EntryPoint","urlTemplate":"https:\/\/www.vita.sk\/?s={search_term_string}"},"query-input":{"@type":"PropertyValueSpecification","valueRequired":true,"valueName":"search_term_string"}}],"inLanguage":"en-US"},{"email":"admin@vita.sk","logo":"https:\/\/www.vita.sk\/img\/vita_logo.png ","address":{"type":"PostalAddress","streetAddress":"Tom\u00e1\u0161ikova 50\/A","addressLocality":"Bratislava","postalCode":"83104","addressCountry":{"name":"SK","type":"Country"}},"contactPoint":{"type":"ContactPoint","telephone":"+421 907 375\u00a0543","Email":"admin@vita.sk","contactType":"customer service"},"sameAs":["https:\/\/www.facebook.com\/VitaAcademySK\/","https:\/\/www.linkedin.com\/company\/vita-academy\/"]}]}},"acf":[],"_links":{"self":[{"href":"https:\/\/www.vita.sk\/en\/wp-json\/wp\/v2\/product\/502","targetHints":{"allow":["GET"]}}],"collection":[{"href":"https:\/\/www.vita.sk\/en\/wp-json\/wp\/v2\/product"}],"about":[{"href":"https:\/\/www.vita.sk\/en\/wp-json\/wp\/v2\/types\/product"}],"author":[{"embeddable":true,"href":"https:\/\/www.vita.sk\/en\/wp-json\/wp\/v2\/users\/4"}],"replies":[{"embeddable":true,"href":"https:\/\/www.vita.sk\/en\/wp-json\/wp\/v2\/comments?post=502"}],"wp:featuredmedia":[{"embeddable":true,"href":"https:\/\/www.vita.sk\/en\/wp-json\/wp\/v2\/media\/499"}],"wp:attachment":[{"href":"https:\/\/www.vita.sk\/en\/wp-json\/wp\/v2\/media?parent=502"}],"wp:term":[{"taxonomy":"product_brand","embeddable":true,"href":"https:\/\/www.vita.sk\/en\/wp-json\/wp\/v2\/product_brand?post=502"},{"taxonomy":"product_cat","embeddable":true,"href":"https:\/\/www.vita.sk\/en\/wp-json\/wp\/v2\/product_cat?post=502"},{"taxonomy":"product_tag","embeddable":true,"href":"https:\/\/www.vita.sk\/en\/wp-json\/wp\/v2\/product_tag?post=502"}],"curies":[{"name":"wp","href":"https:\/\/api.w.org\/{rel}","templated":true}]}}