{"id":5098,"date":"2021-02-09T12:48:37","date_gmt":"2021-02-09T11:48:37","guid":{"rendered":"https:\/\/www.vita.sk\/?post_type=product&#038;p=5098"},"modified":"2026-04-04T14:47:41","modified_gmt":"2026-04-04T12:47:41","slug":"online-kurz-lektor","status":"publish","type":"product","link":"https:\/\/www.vita.sk\/en\/online-kurz-lektor\/","title":{"rendered":"Online kurz Lektor (Akreditovan\u00fd Kurz Lektor)"},"content":{"rendered":"<p>Online kurz Lektor je pre v\u00e1s ide\u00e1lny, ak sa chcete venova\u0165 vzdel\u00e1vaniu dospel\u00fdch alebo aj firemn\u00e9mu vzdel\u00e1vaniu. Nau\u010d\u00edme v\u00e1s v\u0161etko, \u010do by mal spr\u00e1vny lektor pozna\u0165 k efekt\u00edvnemu a p\u00fatav\u00e9mu prezentovaniu. Zist\u00edte, ako identifikova\u0165 potreby uch\u00e1dza\u010dov kurzov a ako ich zauja\u0165. Ide o akreditovan\u00fd a certifikovan\u00fd kurz na Lektora.\u00a0 Tento akreditovan\u00fd kurz je d\u00f4le\u017eit\u00fd, ak sa chcete certifikova\u0165 ako lektor alebo potrebujete z\u00edska\u0165 lektorsk\u00e9 opr\u00e1vnenie\/potvrdenie pre svoju pr\u00e1cu \u010di biznis. Kurz v\u00e1s prevedie \u00favodom do pr\u00e1ce lektora, kde sa obozn\u00e1mite s k\u013e\u00fa\u010dov\u00fdmi prvkami efekt\u00edvnej komunik\u00e1cie a sp\u00f4sobmi, ako in\u0161pirova\u0165 a zauja\u0165 svoje publikum. Nau\u010d\u00edte sa zvl\u00e1dnu\u0165 r\u00f4zne aspekty komunik\u00e1cie, od elimin\u00e1cie v\u00fdpl\u0148ov\u00fdch slov a\u017e po spr\u00e1vne pou\u017e\u00edvanie t\u00f3nu hlasu (Tone of Voice) a jeho dimenzi\u00ed. Dozviete sa, ako pl\u00e1nova\u0165 \u0161kolenia a lekcie, pri\u010dom si osvoj\u00edte techniky na pr\u00edpravu obsahovo bohat\u00fdch a \u0161trukt\u00farovan\u00fdch prezent\u00e1ci\u00ed. Kurz pokr\u00fdva aj pokro\u010dil\u00e9 t\u00e9my ako hodnotenie a sp\u00e4tn\u00fa v\u00e4zbu v pr\u00e1ci lektora. S\u00fa\u010das\u0165ou kurzu s\u00fa aj prezenta\u010dn\u00e9 zru\u010dnosti, kde si osvoj\u00edte tvorbu profesion\u00e1lnych prezent\u00e1ci\u00ed v n\u00e1stroji Microsoft PowerPoint. Nau\u010d\u00edte sa pracova\u0165 s rozlo\u017een\u00edm sn\u00edmok, obr\u00e1zkami, ikonami a grafick\u00fdmi prvkami. Kurz v\u00e1s nau\u010d\u00ed, ako tvori\u0165 a spracov\u00e1va\u0165 vide\u00e1 pre kurzy a \u0161kolenia pomocou n\u00e1stroja Camtasia. Z\u00edskate praktick\u00e9 sk\u00fasenosti s nahr\u00e1van\u00edm, \u00fapravou vide\u00ed a ich publikovan\u00edm na platforme YouTube, pri\u010dom sa obozn\u00e1mite s princ\u00edpmi YouTube marketingu a spr\u00e1vou obsahu prostredn\u00edctvom YouTube Studio. Na z\u00e1ver kurzu budete ma\u0165 mo\u017enos\u0165 si pozrie\u0165 uk\u00e1\u017eky z\u00e1vere\u010dn\u00fdch video prezent\u00e1ci\u00ed lektorov, ktor\u00e9 v\u00e1m uk\u00e1\u017eu, ako profesion\u00e1lne predstavi\u0165 kurz, svoje odborn\u00e9 znalosti a inovat\u00edvne vzdel\u00e1vacie pr\u00edstupy. Tento kurz v\u00e1s priprav\u00ed nielen na rolu lektora, ale aj na komplexn\u00fa pr\u00e1cu s obsahom, prezent\u00e1ciami a vzdel\u00e1vac\u00edmi materi\u00e1lmi, \u010do ocen\u00edte vo vzdel\u00e1vacom alebo firemnom prostred\u00ed. Kurz je odpor\u00fa\u010dan\u00fd pre z\u00e1ujemcov o lektorsk\u00e9 opr\u00e1vnenia v r\u00f4znych oblasti \u017eivota a podnikania (BOZP, pedik\u00e9r\/manik\u00e9r, kozmetika, IT, elektro a technol\u00f3gie, marketing a biznis, vzdel\u00e1vanie a pod.). Po absolvovan\u00ed kurzu z\u00edskate certifik\u00e1t o absolvovan\u00ed. Je mo\u017en\u00e9 si n\u00e1sledne priplati\u0165 (od 150 Eur s DPH) aj za akreditovan\u00e9 osved\u010denie M\u0160 SR. Po \u00faspe\u0161nom vytvoren\u00ed prezent\u00e1cie a videoprezentovan\u00ed z\u00edskate akreditovan\u00e9 osved\u010denie.<\/p>\n<p>&nbsp;<\/p>\n<p>Upozor\u0148ujeme, \u017ee tento online kurz <strong>Lektor je zameran\u00fd na z\u00edskanie odborn\u00fdch znalost\u00ed a praktick\u00fdch lektorsk\u00fdch zru\u010dnost\u00ed<\/strong>. <strong>Na z\u00e1klade legislat\u00edvnych zmien skon\u010dila ku koncu roka 2025 platnos\u0165 p\u00f4vodn\u00fdch akredit\u00e1ci\u00ed kurzov lektor pre v\u0161etky vzdel\u00e1vacie organiz\u00e1cie na Slovensku. Tento kurz preto u\u017e nie je mo\u017en\u00e9 absolvova\u0165 so z\u00edskan\u00edm akreditovan\u00e9ho osved\u010denia.<\/strong> Kurz je v\u0161ak plnohodnotn\u00fd z h\u013eadiska obsahu a je vhodn\u00fd pre v\u0161etk\u00fdch, ktor\u00ed chc\u00fa rozv\u00edja\u0165 svoje lektorsk\u00e9 kompetencie, metodiku vzdel\u00e1vania dospel\u00fdch a prezenta\u010dn\u00e9 zru\u010dnosti. Z\u00e1ujemcom, ktor\u00ed potrebuj\u00fa absolvovanie kurzu so z\u00edskan\u00edm akreditovan\u00e9ho osved\u010denia, odpor\u00fa\u010dame nov\u00fd <strong>Online kurz Lektor \/ Lektorka vo vzdel\u00e1van\u00ed dospel\u00fdch<\/strong>, ktor\u00fd <strong>je akreditovan\u00fd<\/strong> a sp\u013a\u0148a po\u017eiadavky nov\u00e9ho z\u00e1kona \u010d. 292\/2024 Z. z. o vzdel\u00e1van\u00ed dospel\u00fdch.<\/p>\n","protected":false},"excerpt":{"rendered":"<p>Online kurz Lektor (Akreditovan\u00fd Kurz Lektor) v\u00e1s nau\u010d\u00ed systematicky pripravova\u0165, vies\u0165 a hodnoti\u0165 vzdel\u00e1vacie aktivity v s\u00falade s profesion\u00e1lnymi \u0161tandardmi pr\u00e1ce lektora. Ide o komplexn\u00fd z\u00e1klad pre ka\u017ed\u00e9ho, kto chce vytv\u00e1ra\u0165 kvalitn\u00e9 \u0161koliace programy a kurzy a s\u00fa\u010dasne efekt\u00edvne pracova\u0165 so skupinou \u00fa\u010dastn\u00edkov kurzu.","protected":false},"author":27,"featured_media":4168,"comment_status":"open","ping_status":"closed","template":"","meta":{"_acf_changed":false},"product_brand":[],"product_cat":[129,84,135,73],"product_tag":[191],"class_list":{"0":"post-5098","1":"product","2":"type-product","3":"status-publish","4":"has-post-thumbnail","6":"product_cat-online-kurzy-microsoft-powerpoint","7":"product_cat-online-kurzy-manazerske-kurzy-soft-skills","8":"product_cat-online-kurzy-lektorske-zrucnosti","9":"product_cat-bez-kategorie","10":"product_tag-manazerske-kurzy","12":"first","13":"instock","14":"sale","15":"sold-individually","16":"taxable","17":"shipping-taxable","18":"purchasable","19":"product-type-simple"},"yoast_head":"<!-- This site is optimized with the Yoast SEO Premium plugin v25.0 (Yoast SEO v25.0) - https:\/\/yoast.com\/wordpress\/plugins\/seo\/ -->\n<title>Online kurz Akreditovan\u00fd Lektor 2026 | VITA<\/title>\n<meta name=\"description\" content=\"V online kurze Akreditovan\u00fd Lektor sa nau\u010d\u00edte v\u0161etko, \u010do by mal spr\u00e1vny lektor pozna\u0165. Kurz je pr\u00edpravou na akreditovanie lektora. \u2705\" \/>\n<meta name=\"robots\" content=\"index, follow, max-snippet:-1, max-image-preview:large, max-video-preview:-1\" \/>\n<link rel=\"canonical\" href=\"https:\/\/www.vita.sk\/online-kurz-lektor\/\" \/>\n<meta property=\"og:locale\" content=\"en_US\" \/>\n<meta property=\"og:type\" content=\"article\" \/>\n<meta property=\"og:title\" content=\"Online kurz Lektor (Akreditovan\u00fd Kurz Lektor)\" \/>\n<meta property=\"og:description\" content=\"V online kurze Akreditovan\u00fd Lektor sa nau\u010d\u00edte v\u0161etko, \u010do by mal spr\u00e1vny lektor pozna\u0165. Kurz je pr\u00edpravou na akreditovanie lektora. \u2705\" \/>\n<meta property=\"og:url\" content=\"https:\/\/www.vita.sk\/online-kurz-lektor\/\" \/>\n<meta property=\"og:site_name\" content=\"VITA\" \/>\n<meta property=\"article:publisher\" content=\"https:\/\/www.facebook.com\/VitaAcademySK\" \/>\n<meta property=\"article:modified_time\" content=\"2026-04-04T12:47:41+00:00\" \/>\n<meta property=\"og:image\" content=\"https:\/\/www.vita.sk\/wp-content\/uploads\/2020\/11\/kurz-lektor.png\" \/>\n\t<meta property=\"og:image:width\" content=\"360\" \/>\n\t<meta property=\"og:image:height\" content=\"360\" \/>\n\t<meta property=\"og:image:type\" content=\"image\/png\" \/>\n<meta name=\"twitter:card\" content=\"summary_large_image\" \/>\n<meta name=\"twitter:label1\" content=\"Est. reading time\" \/>\n\t<meta name=\"twitter:data1\" content=\"3 minutes\" \/>\n<script type=\"application\/ld+json\" class=\"yoast-schema-graph\">{\n\t    \"@context\": \"https:\/\/schema.org\",\n\t    \"@graph\": [\n\t        {\n\t            \"@type\": \"WebPage\",\n\t            \"@id\": \"https:\/\/www.vita.sk\/online-kurz-lektor\/\",\n\t            \"url\": \"https:\/\/www.vita.sk\/online-kurz-lektor\/\",\n\t            \"name\": \"Online kurz Akreditovan\u00fd Lektor {Y} | VITA\",\n\t            \"isPartOf\": {\n\t                \"@id\": \"https:\/\/www.vita.sk\/#website\"\n\t            },\n\t            \"primaryImageOfPage\": {\n\t                \"@id\": \"https:\/\/www.vita.sk\/online-kurz-lektor\/#primaryimage\"\n\t            },\n\t            \"image\": {\n\t                \"@id\": \"https:\/\/www.vita.sk\/online-kurz-lektor\/#primaryimage\"\n\t            },\n\t            \"thumbnailUrl\": \"https:\/\/www.vita.sk\/wp-content\/uploads\/2020\/11\/kurz-lektor.png\",\n\t            \"datePublished\": \"2021-02-09T11:48:37+00:00\",\n\t            \"dateModified\": \"2026-04-04T12:47:41+00:00\",\n\t            \"description\": \"V online kurze Akreditovan\u00fd Lektor sa nau\u010d\u00edte v\u0161etko, \u010do by mal spr\u00e1vny lektor pozna\u0165. Kurz je pr\u00edpravou na akreditovanie lektora. \u2705\",\n\t            \"breadcrumb\": {\n\t                \"@id\": \"https:\/\/www.vita.sk\/online-kurz-lektor\/#breadcrumb\"\n\t            },\n\t            \"inLanguage\": \"en-US\",\n\t            \"potentialAction\": [\n\t                {\n\t                    \"@type\": \"ReadAction\",\n\t                    \"target\": [\n\t                        \"https:\/\/www.vita.sk\/online-kurz-lektor\/\"\n\t                    ]\n\t                }\n\t            ]\n\t        },\n\t        {\n\t            \"@type\": \"ImageObject\",\n\t            \"inLanguage\": \"en-US\",\n\t            \"@id\": \"https:\/\/www.vita.sk\/online-kurz-lektor\/#primaryimage\",\n\t            \"url\": \"https:\/\/www.vita.sk\/wp-content\/uploads\/2020\/11\/kurz-lektor.png\",\n\t            \"contentUrl\": \"https:\/\/www.vita.sk\/wp-content\/uploads\/2020\/11\/kurz-lektor.png\",\n\t            \"width\": 360,\n\t            \"height\": 360,\n\t            \"caption\": \"Online kurz Lektor\"\n\t        },\n\t        {\n\t            \"@type\": \"BreadcrumbList\",\n\t            \"@id\": \"https:\/\/www.vita.sk\/online-kurz-lektor\/#breadcrumb\",\n\t            \"itemListElement\": [\n\t                {\n\t                    \"@type\": \"ListItem\",\n\t                    \"position\": 1,\n\t                    \"name\": \"VITA Academy\",\n\t                    \"item\": \"https:\/\/www.vita.sk\/en\/\"\n\t                },\n\t                {\n\t                    \"@type\": \"ListItem\",\n\t                    \"position\": 2,\n\t                    \"name\": \"Shop\",\n\t                    \"item\": \"https:\/\/www.vita.sk\/shop\/\"\n\t                },\n\t                {\n\t                    \"@type\": \"ListItem\",\n\t                    \"position\": 3,\n\t                    \"name\": \"Mana\u017e\u00e9rske a Soft Skills Kurzy\",\n\t                    \"item\": \"https:\/\/www.vita.sk\/online-kurzy-manazerske-kurzy-soft-skills\/\"\n\t                },\n\t                {\n\t                    \"@type\": \"ListItem\",\n\t                    \"position\": 4,\n\t                    \"name\": \"Lektorsk\u00e9 zru\u010dnosti\",\n\t                    \"item\": \"https:\/\/www.vita.sk\/online-kurzy-lektorske-zrucnosti\/\"\n\t                },\n\t                {\n\t                    \"@type\": \"ListItem\",\n\t                    \"position\": 5,\n\t                    \"name\": \"Online kurz Lektor (Akreditovan\u00fd Kurz Lektor)\"\n\t                }\n\t            ]\n\t        },\n\t        {\n\t            \"@type\": \"WebSite\",\n\t            \"@id\": \"https:\/\/www.vita.sk\/#website\",\n\t            \"url\": \"https:\/\/www.vita.sk\/\",\n\t            \"name\": \"VITA\",\n\t            \"description\": \"\",\n\t            \"publisher\": {\n\t                \"@id\": \"https:\/\/www.vita.sk\/#organization\"\n\t            },\n\t            \"potentialAction\": [\n\t                {\n\t                    \"@type\": \"SearchAction\",\n\t                    \"target\": {\n\t                        \"@type\": \"EntryPoint\",\n\t                        \"urlTemplate\": \"https:\/\/www.vita.sk\/?s={search_term_string}\"\n\t                    },\n\t                    \"query-input\": {\n\t                        \"@type\": \"PropertyValueSpecification\",\n\t                        \"valueRequired\": true,\n\t                        \"valueName\": \"search_term_string\"\n\t                    }\n\t                }\n\t            ],\n\t            \"inLanguage\": \"en-US\"\n\t        },\n\t        {\n\t            \"email\": \"admin@vita.sk\",\n\t            \"logo\": \"https:\/\/www.vita.sk\/img\/vita_logo.png \",\n\t            \"address\": {\n\t                \"type\": \"PostalAddress\",\n\t                \"streetAddress\": \"Tom\u00e1\u0161ikova 50\/A\",\n\t                \"addressLocality\": \"Bratislava\",\n\t                \"postalCode\": \"83104\",\n\t                \"addressCountry\": {\n\t                    \"name\": \"SK\",\n\t                    \"type\": \"Country\"\n\t                }\n\t            },\n\t            \"contactPoint\": {\n\t                \"type\": \"ContactPoint\",\n\t                \"telephone\": \"+421 907 375\u00a0543\",\n\t                \"Email\": \"admin@vita.sk\",\n\t                \"contactType\": \"customer service\"\n\t            },\n\t            \"sameAs\": [\n\t                \"https:\/\/www.facebook.com\/VitaAcademySK\/\",\n\t                \"https:\/\/www.linkedin.com\/company\/vita-academy\/\"\n\t            ]\n\t        }\n\t    ]\n\t}<\/script>\n<!-- \/ Yoast SEO Premium plugin. -->","yoast_head_json":{"title":"Online kurz Akreditovan\u00fd Lektor 2026 | VITA","description":"V online kurze Akreditovan\u00fd Lektor sa nau\u010d\u00edte v\u0161etko, \u010do by mal spr\u00e1vny lektor pozna\u0165. Kurz je pr\u00edpravou na akreditovanie lektora. \u2705","robots":{"index":"index","follow":"follow","max-snippet":"max-snippet:-1","max-image-preview":"max-image-preview:large","max-video-preview":"max-video-preview:-1"},"canonical":"https:\/\/www.vita.sk\/online-kurz-lektor\/","og_locale":"en_US","og_type":"article","og_title":"Online kurz Lektor (Akreditovan\u00fd Kurz Lektor)","og_description":"V online kurze Akreditovan\u00fd Lektor sa nau\u010d\u00edte v\u0161etko, \u010do by mal spr\u00e1vny lektor pozna\u0165. Kurz je pr\u00edpravou na akreditovanie lektora. \u2705","og_url":"https:\/\/www.vita.sk\/online-kurz-lektor\/","og_site_name":"VITA","article_publisher":"https:\/\/www.facebook.com\/VitaAcademySK","article_modified_time":"2026-04-04T12:47:41+00:00","og_image":[{"width":360,"height":360,"url":"https:\/\/www.vita.sk\/wp-content\/uploads\/2020\/11\/kurz-lektor.png","type":"image\/png"}],"twitter_card":"summary_large_image","twitter_misc":{"Est. reading time":"3 minutes"},"schema":{"@context":"https:\/\/schema.org","@graph":[{"@type":"WebPage","@id":"https:\/\/www.vita.sk\/online-kurz-lektor\/","url":"https:\/\/www.vita.sk\/online-kurz-lektor\/","name":"Online kurz Akreditovan\u00fd Lektor {Y} | VITA","isPartOf":{"@id":"https:\/\/www.vita.sk\/#website"},"primaryImageOfPage":{"@id":"https:\/\/www.vita.sk\/online-kurz-lektor\/#primaryimage"},"image":{"@id":"https:\/\/www.vita.sk\/online-kurz-lektor\/#primaryimage"},"thumbnailUrl":"https:\/\/www.vita.sk\/wp-content\/uploads\/2020\/11\/kurz-lektor.png","datePublished":"2021-02-09T11:48:37+00:00","dateModified":"2026-04-04T12:47:41+00:00","description":"V online kurze Akreditovan\u00fd Lektor sa nau\u010d\u00edte v\u0161etko, \u010do by mal spr\u00e1vny lektor pozna\u0165. Kurz je pr\u00edpravou na akreditovanie lektora. \u2705","breadcrumb":{"@id":"https:\/\/www.vita.sk\/online-kurz-lektor\/#breadcrumb"},"inLanguage":"en-US","potentialAction":[{"@type":"ReadAction","target":["https:\/\/www.vita.sk\/online-kurz-lektor\/"]}]},{"@type":"ImageObject","inLanguage":"en-US","@id":"https:\/\/www.vita.sk\/online-kurz-lektor\/#primaryimage","url":"https:\/\/www.vita.sk\/wp-content\/uploads\/2020\/11\/kurz-lektor.png","contentUrl":"https:\/\/www.vita.sk\/wp-content\/uploads\/2020\/11\/kurz-lektor.png","width":360,"height":360,"caption":"Online kurz Lektor"},{"@type":"BreadcrumbList","@id":"https:\/\/www.vita.sk\/online-kurz-lektor\/#breadcrumb","itemListElement":[{"@type":"ListItem","position":1,"name":"VITA Academy","item":"https:\/\/www.vita.sk\/en\/"},{"@type":"ListItem","position":2,"name":"Shop","item":"https:\/\/www.vita.sk\/shop\/"},{"@type":"ListItem","position":3,"name":"Mana\u017e\u00e9rske a Soft Skills Kurzy","item":"https:\/\/www.vita.sk\/online-kurzy-manazerske-kurzy-soft-skills\/"},{"@type":"ListItem","position":4,"name":"Lektorsk\u00e9 zru\u010dnosti","item":"https:\/\/www.vita.sk\/online-kurzy-lektorske-zrucnosti\/"},{"@type":"ListItem","position":5,"name":"Online kurz Lektor (Akreditovan\u00fd Kurz Lektor)"}]},{"@type":"WebSite","@id":"https:\/\/www.vita.sk\/#website","url":"https:\/\/www.vita.sk\/","name":"VITA","description":"","publisher":{"@id":"https:\/\/www.vita.sk\/#organization"},"potentialAction":[{"@type":"SearchAction","target":{"@type":"EntryPoint","urlTemplate":"https:\/\/www.vita.sk\/?s={search_term_string}"},"query-input":{"@type":"PropertyValueSpecification","valueRequired":true,"valueName":"search_term_string"}}],"inLanguage":"en-US"},{"email":"admin@vita.sk","logo":"https:\/\/www.vita.sk\/img\/vita_logo.png ","address":{"type":"PostalAddress","streetAddress":"Tom\u00e1\u0161ikova 50\/A","addressLocality":"Bratislava","postalCode":"83104","addressCountry":{"name":"SK","type":"Country"}},"contactPoint":{"type":"ContactPoint","telephone":"+421 907 375\u00a0543","Email":"admin@vita.sk","contactType":"customer service"},"sameAs":["https:\/\/www.facebook.com\/VitaAcademySK\/","https:\/\/www.linkedin.com\/company\/vita-academy\/"]}]}},"acf":[],"_links":{"self":[{"href":"https:\/\/www.vita.sk\/en\/wp-json\/wp\/v2\/product\/5098","targetHints":{"allow":["GET"]}}],"collection":[{"href":"https:\/\/www.vita.sk\/en\/wp-json\/wp\/v2\/product"}],"about":[{"href":"https:\/\/www.vita.sk\/en\/wp-json\/wp\/v2\/types\/product"}],"author":[{"embeddable":true,"href":"https:\/\/www.vita.sk\/en\/wp-json\/wp\/v2\/users\/27"}],"replies":[{"embeddable":true,"href":"https:\/\/www.vita.sk\/en\/wp-json\/wp\/v2\/comments?post=5098"}],"wp:featuredmedia":[{"embeddable":true,"href":"https:\/\/www.vita.sk\/en\/wp-json\/wp\/v2\/media\/4168"}],"wp:attachment":[{"href":"https:\/\/www.vita.sk\/en\/wp-json\/wp\/v2\/media?parent=5098"}],"wp:term":[{"taxonomy":"product_brand","embeddable":true,"href":"https:\/\/www.vita.sk\/en\/wp-json\/wp\/v2\/product_brand?post=5098"},{"taxonomy":"product_cat","embeddable":true,"href":"https:\/\/www.vita.sk\/en\/wp-json\/wp\/v2\/product_cat?post=5098"},{"taxonomy":"product_tag","embeddable":true,"href":"https:\/\/www.vita.sk\/en\/wp-json\/wp\/v2\/product_tag?post=5098"}],"curies":[{"name":"wp","href":"https:\/\/api.w.org\/{rel}","templated":true}]}}