{"id":525,"date":"2021-06-02T12:23:48","date_gmt":"2021-06-02T10:23:48","guid":{"rendered":"http:\/\/vita.sk.vps202.nameserver.sk\/?post_type=product&#038;p=525"},"modified":"2025-07-31T09:33:20","modified_gmt":"2025-07-31T07:33:20","slug":"online-kurz-microsoft-excel-iii-pokrocily","status":"publish","type":"product","link":"https:\/\/www.vita.sk\/en\/online-kurz-microsoft-excel-iii-pokrocily\/","title":{"rendered":"Online kurz Microsoft Excel III. Pokro\u010dil\u00fd"},"content":{"rendered":"<p>Online kurz Microsoft Excel III. Pokro\u010dil\u00fd je pre v\u00e1s ide\u00e1lny, ak sa chcete nau\u010di\u0165 pokro\u010dil\u00e9 techniky a funkcie v Microsoft Excel, ktor\u00e9 v\u00e1m pom\u00f4\u017eu optimalizova\u0165 va\u0161e pracovn\u00e9 postupy a zefekt\u00edvni\u0165 anal\u00fdzu \u00fadajov. <strong>Ide o jedin\u00fd akreditovan\u00fd a certifikovan\u00fd kurz na Microsoft Excel a pokro\u010dil\u00e9 techniky s ve\u013ek\u00fdmi d\u00e1tami na Slovensku.<\/strong> V tomto kurze sa zameriate na pokro\u010dil\u00e9 funkcie, ako s\u00fa pokro\u010dil\u00e9 vzorce, kontingen\u010dn\u00e9 tabu\u013eky a pokro\u010dil\u00e9 anal\u00fdzy \u00fadajov. Nau\u010d\u00edte sa efekt\u00edvne spracov\u00e1va\u0165 ve\u013ek\u00e9 mno\u017estvo d\u00e1t, optimalizova\u0165 procesy pomocou automatiz\u00e1cie a vyu\u017e\u00edva\u0165 n\u00e1stroje pre anal\u00fdzu d\u00e1t, ako s\u00fa Power Query a Power Pivot. Z\u00edskate zru\u010dnosti v oblasti modelovania \u00fadajov a vizualiz\u00e1cie pomocou grafov a diagramov, \u010do v\u00e1m umo\u017en\u00ed prezentova\u0165 v\u00fdsledky svojich anal\u00fdz efekt\u00edvne a zrozumite\u013ene. Uk\u00e1\u017eeme tvorbu formul\u00e1rov a pou\u017e\u00edvanie vyh\u013ead\u00e1vac\u00edch funkci\u00ed tzv. Lookupy. Osvoj\u00edte si najpou\u017e\u00edvanej\u0161ie kl\u00e1vesov\u00e9 skratky, funkcie a vzorce. Obozn\u00e1mite sa so zabezpe\u010den\u00edm d\u00e1t v tabu\u013ek\u00e1ch. Ak sa chcete skuto\u010dne nau\u010di\u0165 pou\u017e\u00edva\u0165 Microsoft Excel, tak toto je ide\u00e1lny online kurz pre v\u00e1s.<\/p>\n","protected":false},"excerpt":{"rendered":"<p>Online kurz Microsoft Excel III. Pokro\u010dil\u00fd je pre v\u00e1s ide\u00e1lny, ak sa chcete nau\u010di\u0165 pokro\u010dil\u00e9 techniky a funkcie v Microsoft Excel, ktor\u00e9 v\u00e1m pom\u00f4\u017eu optimalizova\u0165 va\u0161e pracovn\u00e9 postupy a zefekt\u00edvni\u0165 anal\u00fdzu \u00fadajov. Ide o jedin\u00fd akreditovan\u00fd a certifikovan\u00fd kurz na Microsoft Excel a pokro\u010dil\u00e9 techniky s ve\u013ek\u00fdmi d\u00e1tami na Slovensku.","protected":false},"author":27,"featured_media":520,"comment_status":"open","ping_status":"closed","template":"","meta":{"_acf_changed":false},"product_brand":[],"product_cat":[67,66,73,178],"product_tag":[187,198],"class_list":{"0":"post-525","1":"product","2":"type-product","3":"status-publish","4":"has-post-thumbnail","6":"product_cat-online-kurzy-microsoft-excel","7":"product_cat-online-kurzy-kancelarske-baliky","8":"product_cat-bez-kategorie","9":"product_cat-najoblubenejsie-kurzy","10":"product_tag-kancelarske-baliky","11":"product_tag-excel","13":"first","14":"instock","15":"sale","16":"sold-individually","17":"taxable","18":"shipping-taxable","19":"purchasable","20":"product-type-simple"},"yoast_head":"<!-- This site is optimized with the Yoast SEO Premium plugin v25.0 (Yoast SEO v25.0) - https:\/\/yoast.com\/wordpress\/plugins\/seo\/ -->\n<title>Online kurz Microsoft Excel III. Pokro\u010dil\u00fd 2026 | VITA<\/title>\n<meta name=\"description\" content=\"V online kurze Microsoft Excel III. Pokro\u010dil\u00fd sa nau\u010d\u00edte pokro\u010dil\u00e9 techniky a funkcie, ktor\u00e9 v\u00e1m umo\u017enia maxim\u00e1lne vyu\u017ei\u0165 potenci\u00e1l Excelu. \u2705\" \/>\n<meta name=\"robots\" content=\"index, follow, max-snippet:-1, max-image-preview:large, max-video-preview:-1\" \/>\n<link rel=\"canonical\" href=\"https:\/\/www.vita.sk\/online-kurz-microsoft-excel-iii-pokrocily\/\" \/>\n<meta property=\"og:locale\" content=\"en_US\" \/>\n<meta property=\"og:type\" content=\"article\" \/>\n<meta property=\"og:title\" content=\"Online kurz Microsoft Excel III. Pokro\u010dil\u00fd\" \/>\n<meta property=\"og:description\" content=\"V online kurze Microsoft Excel III. Pokro\u010dil\u00fd sa nau\u010d\u00edte pokro\u010dil\u00e9 techniky a funkcie, ktor\u00e9 v\u00e1m umo\u017enia maxim\u00e1lne vyu\u017ei\u0165 potenci\u00e1l Excelu. \u2705\" \/>\n<meta property=\"og:url\" content=\"https:\/\/www.vita.sk\/online-kurz-microsoft-excel-iii-pokrocily\/\" \/>\n<meta property=\"og:site_name\" content=\"VITA\" \/>\n<meta property=\"article:publisher\" content=\"https:\/\/www.facebook.com\/VitaAcademySK\" \/>\n<meta property=\"article:modified_time\" content=\"2025-07-31T07:33:20+00:00\" \/>\n<meta property=\"og:image\" content=\"https:\/\/www.vita.sk\/wp-content\/uploads\/2018\/10\/excel-1.png\" \/>\n\t<meta property=\"og:image:width\" content=\"360\" \/>\n\t<meta property=\"og:image:height\" content=\"360\" \/>\n\t<meta property=\"og:image:type\" content=\"image\/png\" \/>\n<meta name=\"twitter:card\" content=\"summary_large_image\" \/>\n<meta name=\"twitter:label1\" content=\"Est. reading time\" \/>\n\t<meta name=\"twitter:data1\" content=\"2 minutes\" \/>\n<script type=\"application\/ld+json\" class=\"yoast-schema-graph\">{\n\t    \"@context\": \"https:\/\/schema.org\",\n\t    \"@graph\": [\n\t        {\n\t            \"@type\": \"WebPage\",\n\t            \"@id\": \"https:\/\/www.vita.sk\/online-kurz-microsoft-excel-iii-pokrocily\/\",\n\t            \"url\": \"https:\/\/www.vita.sk\/online-kurz-microsoft-excel-iii-pokrocily\/\",\n\t            \"name\": \"Online kurz Microsoft Excel III. Pokro\u010dil\u00fd {Y} | VITA\",\n\t            \"isPartOf\": {\n\t                \"@id\": \"https:\/\/www.vita.sk\/#website\"\n\t            },\n\t            \"primaryImageOfPage\": {\n\t                \"@id\": \"https:\/\/www.vita.sk\/online-kurz-microsoft-excel-iii-pokrocily\/#primaryimage\"\n\t            },\n\t            \"image\": {\n\t                \"@id\": \"https:\/\/www.vita.sk\/online-kurz-microsoft-excel-iii-pokrocily\/#primaryimage\"\n\t            },\n\t            \"thumbnailUrl\": \"https:\/\/www.vita.sk\/wp-content\/uploads\/2018\/10\/excel-1.png\",\n\t            \"datePublished\": \"2021-06-02T10:23:48+00:00\",\n\t            \"dateModified\": \"2025-07-31T07:33:20+00:00\",\n\t            \"description\": \"V online kurze Microsoft Excel III. Pokro\u010dil\u00fd sa nau\u010d\u00edte pokro\u010dil\u00e9 techniky a funkcie, ktor\u00e9 v\u00e1m umo\u017enia maxim\u00e1lne vyu\u017ei\u0165 potenci\u00e1l Excelu. \u2705\",\n\t            \"breadcrumb\": {\n\t                \"@id\": \"https:\/\/www.vita.sk\/online-kurz-microsoft-excel-iii-pokrocily\/#breadcrumb\"\n\t            },\n\t            \"inLanguage\": \"en-US\",\n\t            \"potentialAction\": [\n\t                {\n\t                    \"@type\": \"ReadAction\",\n\t                    \"target\": [\n\t                        \"https:\/\/www.vita.sk\/online-kurz-microsoft-excel-iii-pokrocily\/\"\n\t                    ]\n\t                }\n\t            ]\n\t        },\n\t        {\n\t            \"@type\": \"ImageObject\",\n\t            \"inLanguage\": \"en-US\",\n\t            \"@id\": \"https:\/\/www.vita.sk\/online-kurz-microsoft-excel-iii-pokrocily\/#primaryimage\",\n\t            \"url\": \"https:\/\/www.vita.sk\/wp-content\/uploads\/2018\/10\/excel-1.png\",\n\t            \"contentUrl\": \"https:\/\/www.vita.sk\/wp-content\/uploads\/2018\/10\/excel-1.png\",\n\t            \"width\": 360,\n\t            \"height\": 360,\n\t            \"caption\": \"Online kurz Excel\"\n\t        },\n\t        {\n\t            \"@type\": \"BreadcrumbList\",\n\t            \"@id\": \"https:\/\/www.vita.sk\/online-kurz-microsoft-excel-iii-pokrocily\/#breadcrumb\",\n\t            \"itemListElement\": [\n\t                {\n\t                    \"@type\": \"ListItem\",\n\t                    \"position\": 1,\n\t                    \"name\": \"VITA Academy\",\n\t                    \"item\": \"https:\/\/www.vita.sk\/en\/\"\n\t                },\n\t                {\n\t                    \"@type\": \"ListItem\",\n\t                    \"position\": 2,\n\t                    \"name\": \"Shop\",\n\t                    \"item\": \"https:\/\/www.vita.sk\/shop\/\"\n\t                },\n\t                {\n\t                    \"@type\": \"ListItem\",\n\t                    \"position\": 3,\n\t                    \"name\": \"Kancel\u00e1rske Bal\u00edky\",\n\t                    \"item\": \"https:\/\/www.vita.sk\/online-kurzy-kancelarske-baliky\/\"\n\t                },\n\t                {\n\t                    \"@type\": \"ListItem\",\n\t                    \"position\": 4,\n\t                    \"name\": \"Microsoft Excel\",\n\t                    \"item\": \"https:\/\/www.vita.sk\/online-kurzy-microsoft-excel\/\"\n\t                },\n\t                {\n\t                    \"@type\": \"ListItem\",\n\t                    \"position\": 5,\n\t                    \"name\": \"Online kurz Microsoft Excel III. Pokro\u010dil\u00fd\"\n\t                }\n\t            ]\n\t        },\n\t        {\n\t            \"@type\": \"WebSite\",\n\t            \"@id\": \"https:\/\/www.vita.sk\/#website\",\n\t            \"url\": \"https:\/\/www.vita.sk\/\",\n\t            \"name\": \"VITA\",\n\t            \"description\": \"\",\n\t            \"publisher\": {\n\t                \"@id\": \"https:\/\/www.vita.sk\/#organization\"\n\t            },\n\t            \"potentialAction\": [\n\t                {\n\t                    \"@type\": \"SearchAction\",\n\t                    \"target\": {\n\t                        \"@type\": \"EntryPoint\",\n\t                        \"urlTemplate\": \"https:\/\/www.vita.sk\/?s={search_term_string}\"\n\t                    },\n\t                    \"query-input\": {\n\t                        \"@type\": \"PropertyValueSpecification\",\n\t                        \"valueRequired\": true,\n\t                        \"valueName\": \"search_term_string\"\n\t                    }\n\t                }\n\t            ],\n\t            \"inLanguage\": \"en-US\"\n\t        },\n\t        {\n\t            \"email\": \"admin@vita.sk\",\n\t            \"logo\": \"https:\/\/www.vita.sk\/img\/vita_logo.png \",\n\t            \"address\": {\n\t                \"type\": \"PostalAddress\",\n\t                \"streetAddress\": \"Tom\u00e1\u0161ikova 50\/A\",\n\t                \"addressLocality\": \"Bratislava\",\n\t                \"postalCode\": \"83104\",\n\t                \"addressCountry\": {\n\t                    \"name\": \"SK\",\n\t                    \"type\": \"Country\"\n\t                }\n\t            },\n\t            \"contactPoint\": {\n\t                \"type\": \"ContactPoint\",\n\t                \"telephone\": \"+421 907 375\u00a0543\",\n\t                \"Email\": \"admin@vita.sk\",\n\t                \"contactType\": \"customer service\"\n\t            },\n\t            \"sameAs\": [\n\t                \"https:\/\/www.facebook.com\/VitaAcademySK\/\",\n\t                \"https:\/\/www.linkedin.com\/company\/vita-academy\/\"\n\t            ]\n\t        }\n\t    ]\n\t}<\/script>\n<!-- \/ Yoast SEO Premium plugin. -->","yoast_head_json":{"title":"Online kurz Microsoft Excel III. Pokro\u010dil\u00fd 2026 | VITA","description":"V online kurze Microsoft Excel III. Pokro\u010dil\u00fd sa nau\u010d\u00edte pokro\u010dil\u00e9 techniky a funkcie, ktor\u00e9 v\u00e1m umo\u017enia maxim\u00e1lne vyu\u017ei\u0165 potenci\u00e1l Excelu. \u2705","robots":{"index":"index","follow":"follow","max-snippet":"max-snippet:-1","max-image-preview":"max-image-preview:large","max-video-preview":"max-video-preview:-1"},"canonical":"https:\/\/www.vita.sk\/online-kurz-microsoft-excel-iii-pokrocily\/","og_locale":"en_US","og_type":"article","og_title":"Online kurz Microsoft Excel III. Pokro\u010dil\u00fd","og_description":"V online kurze Microsoft Excel III. Pokro\u010dil\u00fd sa nau\u010d\u00edte pokro\u010dil\u00e9 techniky a funkcie, ktor\u00e9 v\u00e1m umo\u017enia maxim\u00e1lne vyu\u017ei\u0165 potenci\u00e1l Excelu. \u2705","og_url":"https:\/\/www.vita.sk\/online-kurz-microsoft-excel-iii-pokrocily\/","og_site_name":"VITA","article_publisher":"https:\/\/www.facebook.com\/VitaAcademySK","article_modified_time":"2025-07-31T07:33:20+00:00","og_image":[{"width":360,"height":360,"url":"https:\/\/www.vita.sk\/wp-content\/uploads\/2018\/10\/excel-1.png","type":"image\/png"}],"twitter_card":"summary_large_image","twitter_misc":{"Est. reading time":"2 minutes"},"schema":{"@context":"https:\/\/schema.org","@graph":[{"@type":"WebPage","@id":"https:\/\/www.vita.sk\/online-kurz-microsoft-excel-iii-pokrocily\/","url":"https:\/\/www.vita.sk\/online-kurz-microsoft-excel-iii-pokrocily\/","name":"Online kurz Microsoft Excel III. Pokro\u010dil\u00fd {Y} | VITA","isPartOf":{"@id":"https:\/\/www.vita.sk\/#website"},"primaryImageOfPage":{"@id":"https:\/\/www.vita.sk\/online-kurz-microsoft-excel-iii-pokrocily\/#primaryimage"},"image":{"@id":"https:\/\/www.vita.sk\/online-kurz-microsoft-excel-iii-pokrocily\/#primaryimage"},"thumbnailUrl":"https:\/\/www.vita.sk\/wp-content\/uploads\/2018\/10\/excel-1.png","datePublished":"2021-06-02T10:23:48+00:00","dateModified":"2025-07-31T07:33:20+00:00","description":"V online kurze Microsoft Excel III. Pokro\u010dil\u00fd sa nau\u010d\u00edte pokro\u010dil\u00e9 techniky a funkcie, ktor\u00e9 v\u00e1m umo\u017enia maxim\u00e1lne vyu\u017ei\u0165 potenci\u00e1l Excelu. \u2705","breadcrumb":{"@id":"https:\/\/www.vita.sk\/online-kurz-microsoft-excel-iii-pokrocily\/#breadcrumb"},"inLanguage":"en-US","potentialAction":[{"@type":"ReadAction","target":["https:\/\/www.vita.sk\/online-kurz-microsoft-excel-iii-pokrocily\/"]}]},{"@type":"ImageObject","inLanguage":"en-US","@id":"https:\/\/www.vita.sk\/online-kurz-microsoft-excel-iii-pokrocily\/#primaryimage","url":"https:\/\/www.vita.sk\/wp-content\/uploads\/2018\/10\/excel-1.png","contentUrl":"https:\/\/www.vita.sk\/wp-content\/uploads\/2018\/10\/excel-1.png","width":360,"height":360,"caption":"Online kurz Excel"},{"@type":"BreadcrumbList","@id":"https:\/\/www.vita.sk\/online-kurz-microsoft-excel-iii-pokrocily\/#breadcrumb","itemListElement":[{"@type":"ListItem","position":1,"name":"VITA Academy","item":"https:\/\/www.vita.sk\/en\/"},{"@type":"ListItem","position":2,"name":"Shop","item":"https:\/\/www.vita.sk\/shop\/"},{"@type":"ListItem","position":3,"name":"Kancel\u00e1rske Bal\u00edky","item":"https:\/\/www.vita.sk\/online-kurzy-kancelarske-baliky\/"},{"@type":"ListItem","position":4,"name":"Microsoft Excel","item":"https:\/\/www.vita.sk\/online-kurzy-microsoft-excel\/"},{"@type":"ListItem","position":5,"name":"Online kurz Microsoft Excel III. Pokro\u010dil\u00fd"}]},{"@type":"WebSite","@id":"https:\/\/www.vita.sk\/#website","url":"https:\/\/www.vita.sk\/","name":"VITA","description":"","publisher":{"@id":"https:\/\/www.vita.sk\/#organization"},"potentialAction":[{"@type":"SearchAction","target":{"@type":"EntryPoint","urlTemplate":"https:\/\/www.vita.sk\/?s={search_term_string}"},"query-input":{"@type":"PropertyValueSpecification","valueRequired":true,"valueName":"search_term_string"}}],"inLanguage":"en-US"},{"email":"admin@vita.sk","logo":"https:\/\/www.vita.sk\/img\/vita_logo.png ","address":{"type":"PostalAddress","streetAddress":"Tom\u00e1\u0161ikova 50\/A","addressLocality":"Bratislava","postalCode":"83104","addressCountry":{"name":"SK","type":"Country"}},"contactPoint":{"type":"ContactPoint","telephone":"+421 907 375\u00a0543","Email":"admin@vita.sk","contactType":"customer service"},"sameAs":["https:\/\/www.facebook.com\/VitaAcademySK\/","https:\/\/www.linkedin.com\/company\/vita-academy\/"]}]}},"acf":[],"_links":{"self":[{"href":"https:\/\/www.vita.sk\/en\/wp-json\/wp\/v2\/product\/525","targetHints":{"allow":["GET"]}}],"collection":[{"href":"https:\/\/www.vita.sk\/en\/wp-json\/wp\/v2\/product"}],"about":[{"href":"https:\/\/www.vita.sk\/en\/wp-json\/wp\/v2\/types\/product"}],"author":[{"embeddable":true,"href":"https:\/\/www.vita.sk\/en\/wp-json\/wp\/v2\/users\/27"}],"replies":[{"embeddable":true,"href":"https:\/\/www.vita.sk\/en\/wp-json\/wp\/v2\/comments?post=525"}],"wp:featuredmedia":[{"embeddable":true,"href":"https:\/\/www.vita.sk\/en\/wp-json\/wp\/v2\/media\/520"}],"wp:attachment":[{"href":"https:\/\/www.vita.sk\/en\/wp-json\/wp\/v2\/media?parent=525"}],"wp:term":[{"taxonomy":"product_brand","embeddable":true,"href":"https:\/\/www.vita.sk\/en\/wp-json\/wp\/v2\/product_brand?post=525"},{"taxonomy":"product_cat","embeddable":true,"href":"https:\/\/www.vita.sk\/en\/wp-json\/wp\/v2\/product_cat?post=525"},{"taxonomy":"product_tag","embeddable":true,"href":"https:\/\/www.vita.sk\/en\/wp-json\/wp\/v2\/product_tag?post=525"}],"curies":[{"name":"wp","href":"https:\/\/api.w.org\/{rel}","templated":true}]}}