{"id":542,"date":"2021-10-22T15:02:50","date_gmt":"2021-10-22T13:02:50","guid":{"rendered":"http:\/\/vita.sk.vps202.nameserver.sk\/?post_type=product&#038;p=542"},"modified":"2025-12-07T20:15:29","modified_gmt":"2025-12-07T19:15:29","slug":"online-kurz-seo-optimalizacia-pre-vyhladavace-i-zaciatocnik","status":"publish","type":"product","link":"https:\/\/www.vita.sk\/en\/online-kurz-seo-optimalizacia-pre-vyhladavace-i-zaciatocnik\/","title":{"rendered":"Online kurz SEO &#8211; Optimaliz\u00e1cia pre Vyh\u013ead\u00e1va\u010de I. Za\u010diato\u010dn\u00edk"},"content":{"rendered":"<p>Online kurz SEO \u2013 Optimaliz\u00e1cia pre Vyh\u013ead\u00e1va\u010de I. Za\u010diato\u010dn\u00edk je pre v\u00e1s ide\u00e1lny, ak sa chcete nau\u010di\u0165, ako zv\u00fd\u0161i\u0165 vidite\u013enos\u0165 webstr\u00e1nky vo vyh\u013ead\u00e1va\u010doch, zlep\u0161i\u0165 jej technick\u00fd stav a vytv\u00e1ra\u0165 obsah, ktor\u00fd pritiahne relevantn\u00fdch n\u00e1v\u0161tevn\u00edkov. <strong>Ide o akreditovan\u00fd a certifikovan\u00fd kurz na SEO \u2013 Optimaliz\u00e1ciu pre Vyh\u013ead\u00e1va\u010de.<\/strong> V tomto kurze sa obozn\u00e1mime so z\u00e1kladmi SEO, pochop\u00edme jeho ciele, princ\u00edpy a to, ako Google sprac\u00fava dopyty pomocou mechanizmov ako Google Na\u0161epk\u00e1va\u010d. Nau\u010d\u00edme sa pracova\u0165 s k\u013e\u00fa\u010dov\u00fdmi slovami, vyhodnocova\u0165 ich potenci\u00e1l a vyu\u017e\u00edva\u0165 ich pri optimaliz\u00e1cii webov\u00e9ho obsahu. D\u00f4le\u017eitou s\u00fa\u010das\u0165ou kurzu je aj anal\u00fdza v\u00fdkonnosti webu pomocou Google PageSpeed Insights a interpret\u00e1cia technick\u00fdch metr\u00edk, ktor\u00e9 ovplyv\u0148uj\u00fa r\u00fdchlos\u0165 na\u010d\u00edtania a v\u00fdsledn\u00e9 poz\u00edcie vo vyh\u013ead\u00e1va\u010doch. S\u00fastred\u00edme sa na indexovanie webov, pr\u00e1cu s intern\u00fdmi odkazmi a pochopenie toho, ako Google prech\u00e1dza webov\u00e9 str\u00e1nky. Prejdeme systematick\u00e9 vyh\u013ead\u00e1vanie inform\u00e1ci\u00ed pomocou n\u00e1strojov ako Google, Finstat \u010di RUZ a uk\u00e1\u017eeme si, ako odha\u013eova\u0165 nedostatky str\u00e1nok cez slu\u017eby typu TinEye alebo cez technick\u00e9 audity. Detailne sa venujeme naj\u010dastej\u0161\u00edm SEO a UX chyb\u00e1m, ktor\u00e9 zni\u017euj\u00fa v\u00fdkon webov, a nau\u010d\u00edme sa ich identifikova\u0165 aj opravova\u0165. \u010ealej pracujeme s Google Trends, Google Na\u0161epk\u00e1va\u010dom a \u010fal\u0161\u00edmi n\u00e1strojmi na anal\u00fdzu dopytov, ktor\u00e9 pom\u00e1haj\u00fa zis\u0165ova\u0165, \u010do pou\u017e\u00edvatelia skuto\u010dne h\u013eadaj\u00fa. Nau\u010d\u00edme sa vytv\u00e1ra\u0165 optimalizovan\u00e9 titulky, popisy, odkazy a obozn\u00e1mime sa s funkciami Google Search Console Insights, ktor\u00e9 poskytuj\u00fa d\u00e1ta o spr\u00e1van\u00ed n\u00e1v\u0161tevn\u00edkov a v\u00fdkonnosti obsahu. Osvoj\u00edme si aj pr\u00e1cu s akvizi\u010dn\u00fdmi metrikami, MozBarom, SEO n\u00e1strojmi na anal\u00fdzu sp\u00e4tn\u00fdch odkazov a katal\u00f3gmi, ktor\u00e9 podporuj\u00fa budovanie autority webu. V \u010dasti venovanej optimaliz\u00e1cii webu sa nau\u010d\u00edme, ako rie\u0161i\u0165 duplicitn\u00e9 str\u00e1nky, analyzova\u0165 nadpisy, pou\u017e\u00edva\u0165 valid\u00e1tor HTML, pracova\u0165 s linkbuildingov\u00fdmi n\u00e1strojmi a odhali\u0165 technick\u00e9 chyby br\u00e1niace spr\u00e1vnemu indexovaniu. Obozn\u00e1mime sa s testovan\u00edm obsahu, identifik\u00e1ciou probl\u00e9mov cez Google Trends a \u010fal\u0161\u00edmi analytick\u00fdmi postupmi, ktor\u00e9 zlep\u0161uj\u00fa celkov\u00fd v\u00fdkon webu. Po absolvovan\u00ed kurzu budete rozumie\u0165 fungovaniu SEO, technick\u00fdm aj obsahov\u00fdm faktorom hodnotenia vyh\u013ead\u00e1va\u010dov, n\u00e1strojom na meranie v\u00fdkonnosti a postupom, ktor\u00e9 zlep\u0161uj\u00fa poz\u00edcie webu a z\u00edskavaj\u00fa viac organickej n\u00e1v\u0161tevnosti. Ak sa chcete skuto\u010dne nau\u010di\u0165 optimalizova\u0165 webov\u00e9 str\u00e1nky pre vyh\u013ead\u00e1va\u010de, tak toto je ide\u00e1lny vstupn\u00fd online kurz pre v\u00e1s.<\/p>\n","protected":false},"excerpt":{"rendered":"<p>Online kurz SEO \u2013 Optimaliz\u00e1cia pre Vyh\u013ead\u00e1va\u010de I. Za\u010diato\u010dn\u00edk v\u00e1s nau\u010d\u00ed pracova\u0165 s k\u013e\u00fa\u010dov\u00fdmi slovami, analyzova\u0165 v\u00fdkonnos\u0165 webu, optimalizova\u0165 obsah a zlep\u0161i\u0165 vidite\u013enos\u0165 str\u00e1nok vo vyh\u013ead\u00e1va\u010doch. Z\u00edskate z\u00e1kladn\u00e9 technick\u00e9 aj obsahov\u00e9 SEO zru\u010dnosti potrebn\u00e9 na budovanie \u00faspe\u0161n\u00e9ho webu.","protected":false},"author":4,"featured_media":540,"comment_status":"open","ping_status":"closed","template":"","meta":{"_acf_changed":false},"product_brand":[],"product_cat":[70,71,73],"product_tag":[183],"class_list":{"0":"post-542","1":"product","2":"type-product","3":"status-publish","4":"has-post-thumbnail","6":"product_cat-online-kurzy-marketing-reklama-a-pravo","7":"product_cat-online-kurzy-seo-optimalizacia-pre-vyhladavace","8":"product_cat-bez-kategorie","9":"product_tag-marketing","11":"first","12":"instock","13":"sale","14":"sold-individually","15":"taxable","16":"shipping-taxable","17":"purchasable","18":"product-type-simple"},"yoast_head":"<!-- This site is optimized with the Yoast SEO Premium plugin v25.0 (Yoast SEO v25.0) - https:\/\/yoast.com\/wordpress\/plugins\/seo\/ -->\n<title>Online kurz SEO - Optimaliz\u00e1cia pre Vyh\u013ead\u00e1va\u010de 2026 | VITA<\/title>\n<meta name=\"description\" content=\"V online kurze Online kurz SEO - Optimaliz\u00e1cia pre Vyh\u013ead\u00e1va\u010de v\u00e1s nau\u010d\u00edme techniky na zlep\u0161enie poz\u00edcie vo v\u00fdsledkoch vyh\u013ead\u00e1vania. \u2705\" \/>\n<meta name=\"robots\" content=\"index, follow, max-snippet:-1, max-image-preview:large, max-video-preview:-1\" \/>\n<link rel=\"canonical\" href=\"https:\/\/www.vita.sk\/online-kurz-seo-optimalizacia-pre-vyhladavace-i-zaciatocnik\/\" \/>\n<meta property=\"og:locale\" content=\"en_US\" \/>\n<meta property=\"og:type\" content=\"article\" \/>\n<meta property=\"og:title\" content=\"Online kurz SEO - Optimaliz\u00e1cia pre Vyh\u013ead\u00e1va\u010de I. Za\u010diato\u010dn\u00edk\" \/>\n<meta property=\"og:description\" content=\"V online kurze Online kurz SEO - Optimaliz\u00e1cia pre Vyh\u013ead\u00e1va\u010de v\u00e1s nau\u010d\u00edme techniky na zlep\u0161enie poz\u00edcie vo v\u00fdsledkoch vyh\u013ead\u00e1vania. \u2705\" \/>\n<meta property=\"og:url\" content=\"https:\/\/www.vita.sk\/online-kurz-seo-optimalizacia-pre-vyhladavace-i-zaciatocnik\/\" \/>\n<meta property=\"og:site_name\" content=\"VITA\" \/>\n<meta property=\"article:publisher\" content=\"https:\/\/www.facebook.com\/VitaAcademySK\" \/>\n<meta property=\"article:modified_time\" content=\"2025-12-07T19:15:29+00:00\" \/>\n<meta property=\"og:image\" content=\"https:\/\/www.vita.sk\/wp-content\/uploads\/2018\/10\/SEO.png\" \/>\n\t<meta property=\"og:image:width\" content=\"360\" \/>\n\t<meta property=\"og:image:height\" content=\"360\" \/>\n\t<meta property=\"og:image:type\" content=\"image\/png\" \/>\n<meta name=\"twitter:card\" content=\"summary_large_image\" \/>\n<meta name=\"twitter:label1\" content=\"Est. reading time\" \/>\n\t<meta name=\"twitter:data1\" content=\"2 minutes\" \/>\n<script type=\"application\/ld+json\" class=\"yoast-schema-graph\">{\n\t    \"@context\": \"https:\/\/schema.org\",\n\t    \"@graph\": [\n\t        {\n\t            \"@type\": \"WebPage\",\n\t            \"@id\": \"https:\/\/www.vita.sk\/online-kurz-seo-optimalizacia-pre-vyhladavace-i-zaciatocnik\/\",\n\t            \"url\": \"https:\/\/www.vita.sk\/online-kurz-seo-optimalizacia-pre-vyhladavace-i-zaciatocnik\/\",\n\t            \"name\": \"Online kurz SEO - Optimaliz\u00e1cia pre Vyh\u013ead\u00e1va\u010de {Y} | VITA\",\n\t            \"isPartOf\": {\n\t                \"@id\": \"https:\/\/www.vita.sk\/#website\"\n\t            },\n\t            \"primaryImageOfPage\": {\n\t                \"@id\": \"https:\/\/www.vita.sk\/online-kurz-seo-optimalizacia-pre-vyhladavace-i-zaciatocnik\/#primaryimage\"\n\t            },\n\t            \"image\": {\n\t                \"@id\": \"https:\/\/www.vita.sk\/online-kurz-seo-optimalizacia-pre-vyhladavace-i-zaciatocnik\/#primaryimage\"\n\t            },\n\t            \"thumbnailUrl\": \"https:\/\/www.vita.sk\/wp-content\/uploads\/2018\/10\/SEO.png\",\n\t            \"datePublished\": \"2021-10-22T13:02:50+00:00\",\n\t            \"dateModified\": \"2025-12-07T19:15:29+00:00\",\n\t            \"description\": \"V online kurze Online kurz SEO - Optimaliz\u00e1cia pre Vyh\u013ead\u00e1va\u010de v\u00e1s nau\u010d\u00edme techniky na zlep\u0161enie poz\u00edcie vo v\u00fdsledkoch vyh\u013ead\u00e1vania. \u2705\",\n\t            \"breadcrumb\": {\n\t                \"@id\": \"https:\/\/www.vita.sk\/online-kurz-seo-optimalizacia-pre-vyhladavace-i-zaciatocnik\/#breadcrumb\"\n\t            },\n\t            \"inLanguage\": \"en-US\",\n\t            \"potentialAction\": [\n\t                {\n\t                    \"@type\": \"ReadAction\",\n\t                    \"target\": [\n\t                        \"https:\/\/www.vita.sk\/online-kurz-seo-optimalizacia-pre-vyhladavace-i-zaciatocnik\/\"\n\t                    ]\n\t                }\n\t            ]\n\t        },\n\t        {\n\t            \"@type\": \"ImageObject\",\n\t            \"inLanguage\": \"en-US\",\n\t            \"@id\": \"https:\/\/www.vita.sk\/online-kurz-seo-optimalizacia-pre-vyhladavace-i-zaciatocnik\/#primaryimage\",\n\t            \"url\": \"https:\/\/www.vita.sk\/wp-content\/uploads\/2018\/10\/SEO.png\",\n\t            \"contentUrl\": \"https:\/\/www.vita.sk\/wp-content\/uploads\/2018\/10\/SEO.png\",\n\t            \"width\": 360,\n\t            \"height\": 360,\n\t            \"caption\": \"Online kurz SEO\"\n\t        },\n\t        {\n\t            \"@type\": \"BreadcrumbList\",\n\t            \"@id\": \"https:\/\/www.vita.sk\/online-kurz-seo-optimalizacia-pre-vyhladavace-i-zaciatocnik\/#breadcrumb\",\n\t            \"itemListElement\": [\n\t                {\n\t                    \"@type\": \"ListItem\",\n\t                    \"position\": 1,\n\t                    \"name\": \"VITA Academy\",\n\t                    \"item\": \"https:\/\/www.vita.sk\/en\/\"\n\t                },\n\t                {\n\t                    \"@type\": \"ListItem\",\n\t                    \"position\": 2,\n\t                    \"name\": \"Shop\",\n\t                    \"item\": \"https:\/\/www.vita.sk\/shop\/\"\n\t                },\n\t                {\n\t                    \"@type\": \"ListItem\",\n\t                    \"position\": 3,\n\t                    \"name\": \"Marketing, Reklama a Pr\u00e1vo\",\n\t                    \"item\": \"https:\/\/www.vita.sk\/online-kurzy-marketing-reklama-a-pravo\/\"\n\t                },\n\t                {\n\t                    \"@type\": \"ListItem\",\n\t                    \"position\": 4,\n\t                    \"name\": \"SEO - Optimaliz\u00e1cia pre Vyh\u013ead\u00e1va\u010de\",\n\t                    \"item\": \"https:\/\/www.vita.sk\/online-kurzy-seo-optimalizacia-pre-vyhladavace\/\"\n\t                },\n\t                {\n\t                    \"@type\": \"ListItem\",\n\t                    \"position\": 5,\n\t                    \"name\": \"Online kurz SEO &#8211; Optimaliz\u00e1cia pre Vyh\u013ead\u00e1va\u010de I. Za\u010diato\u010dn\u00edk\"\n\t                }\n\t            ]\n\t        },\n\t        {\n\t            \"@type\": \"WebSite\",\n\t            \"@id\": \"https:\/\/www.vita.sk\/#website\",\n\t            \"url\": \"https:\/\/www.vita.sk\/\",\n\t            \"name\": \"VITA\",\n\t            \"description\": \"\",\n\t            \"publisher\": {\n\t                \"@id\": \"https:\/\/www.vita.sk\/#organization\"\n\t            },\n\t            \"potentialAction\": [\n\t                {\n\t                    \"@type\": \"SearchAction\",\n\t                    \"target\": {\n\t                        \"@type\": \"EntryPoint\",\n\t                        \"urlTemplate\": \"https:\/\/www.vita.sk\/?s={search_term_string}\"\n\t                    },\n\t                    \"query-input\": {\n\t                        \"@type\": \"PropertyValueSpecification\",\n\t                        \"valueRequired\": true,\n\t                        \"valueName\": \"search_term_string\"\n\t                    }\n\t                }\n\t            ],\n\t            \"inLanguage\": \"en-US\"\n\t        },\n\t        {\n\t            \"email\": \"admin@vita.sk\",\n\t            \"logo\": \"https:\/\/www.vita.sk\/img\/vita_logo.png \",\n\t            \"address\": {\n\t                \"type\": \"PostalAddress\",\n\t                \"streetAddress\": \"Tom\u00e1\u0161ikova 50\/A\",\n\t                \"addressLocality\": \"Bratislava\",\n\t                \"postalCode\": \"83104\",\n\t                \"addressCountry\": {\n\t                    \"name\": \"SK\",\n\t                    \"type\": \"Country\"\n\t                }\n\t            },\n\t            \"contactPoint\": {\n\t                \"type\": \"ContactPoint\",\n\t                \"telephone\": \"+421 907 375\u00a0543\",\n\t                \"Email\": \"admin@vita.sk\",\n\t                \"contactType\": \"customer service\"\n\t            },\n\t            \"sameAs\": [\n\t                \"https:\/\/www.facebook.com\/VitaAcademySK\/\",\n\t                \"https:\/\/www.linkedin.com\/company\/vita-academy\/\"\n\t            ]\n\t        }\n\t    ]\n\t}<\/script>\n<!-- \/ Yoast SEO Premium plugin. -->","yoast_head_json":{"title":"Online kurz SEO - Optimaliz\u00e1cia pre Vyh\u013ead\u00e1va\u010de 2026 | VITA","description":"V online kurze Online kurz SEO - Optimaliz\u00e1cia pre Vyh\u013ead\u00e1va\u010de v\u00e1s nau\u010d\u00edme techniky na zlep\u0161enie poz\u00edcie vo v\u00fdsledkoch vyh\u013ead\u00e1vania. \u2705","robots":{"index":"index","follow":"follow","max-snippet":"max-snippet:-1","max-image-preview":"max-image-preview:large","max-video-preview":"max-video-preview:-1"},"canonical":"https:\/\/www.vita.sk\/online-kurz-seo-optimalizacia-pre-vyhladavace-i-zaciatocnik\/","og_locale":"en_US","og_type":"article","og_title":"Online kurz SEO - Optimaliz\u00e1cia pre Vyh\u013ead\u00e1va\u010de I. Za\u010diato\u010dn\u00edk","og_description":"V online kurze Online kurz SEO - Optimaliz\u00e1cia pre Vyh\u013ead\u00e1va\u010de v\u00e1s nau\u010d\u00edme techniky na zlep\u0161enie poz\u00edcie vo v\u00fdsledkoch vyh\u013ead\u00e1vania. \u2705","og_url":"https:\/\/www.vita.sk\/online-kurz-seo-optimalizacia-pre-vyhladavace-i-zaciatocnik\/","og_site_name":"VITA","article_publisher":"https:\/\/www.facebook.com\/VitaAcademySK","article_modified_time":"2025-12-07T19:15:29+00:00","og_image":[{"width":360,"height":360,"url":"https:\/\/www.vita.sk\/wp-content\/uploads\/2018\/10\/SEO.png","type":"image\/png"}],"twitter_card":"summary_large_image","twitter_misc":{"Est. reading time":"2 minutes"},"schema":{"@context":"https:\/\/schema.org","@graph":[{"@type":"WebPage","@id":"https:\/\/www.vita.sk\/online-kurz-seo-optimalizacia-pre-vyhladavace-i-zaciatocnik\/","url":"https:\/\/www.vita.sk\/online-kurz-seo-optimalizacia-pre-vyhladavace-i-zaciatocnik\/","name":"Online kurz SEO - Optimaliz\u00e1cia pre Vyh\u013ead\u00e1va\u010de {Y} | VITA","isPartOf":{"@id":"https:\/\/www.vita.sk\/#website"},"primaryImageOfPage":{"@id":"https:\/\/www.vita.sk\/online-kurz-seo-optimalizacia-pre-vyhladavace-i-zaciatocnik\/#primaryimage"},"image":{"@id":"https:\/\/www.vita.sk\/online-kurz-seo-optimalizacia-pre-vyhladavace-i-zaciatocnik\/#primaryimage"},"thumbnailUrl":"https:\/\/www.vita.sk\/wp-content\/uploads\/2018\/10\/SEO.png","datePublished":"2021-10-22T13:02:50+00:00","dateModified":"2025-12-07T19:15:29+00:00","description":"V online kurze Online kurz SEO - Optimaliz\u00e1cia pre Vyh\u013ead\u00e1va\u010de v\u00e1s nau\u010d\u00edme techniky na zlep\u0161enie poz\u00edcie vo v\u00fdsledkoch vyh\u013ead\u00e1vania. \u2705","breadcrumb":{"@id":"https:\/\/www.vita.sk\/online-kurz-seo-optimalizacia-pre-vyhladavace-i-zaciatocnik\/#breadcrumb"},"inLanguage":"en-US","potentialAction":[{"@type":"ReadAction","target":["https:\/\/www.vita.sk\/online-kurz-seo-optimalizacia-pre-vyhladavace-i-zaciatocnik\/"]}]},{"@type":"ImageObject","inLanguage":"en-US","@id":"https:\/\/www.vita.sk\/online-kurz-seo-optimalizacia-pre-vyhladavace-i-zaciatocnik\/#primaryimage","url":"https:\/\/www.vita.sk\/wp-content\/uploads\/2018\/10\/SEO.png","contentUrl":"https:\/\/www.vita.sk\/wp-content\/uploads\/2018\/10\/SEO.png","width":360,"height":360,"caption":"Online kurz SEO"},{"@type":"BreadcrumbList","@id":"https:\/\/www.vita.sk\/online-kurz-seo-optimalizacia-pre-vyhladavace-i-zaciatocnik\/#breadcrumb","itemListElement":[{"@type":"ListItem","position":1,"name":"VITA Academy","item":"https:\/\/www.vita.sk\/en\/"},{"@type":"ListItem","position":2,"name":"Shop","item":"https:\/\/www.vita.sk\/shop\/"},{"@type":"ListItem","position":3,"name":"Marketing, Reklama a Pr\u00e1vo","item":"https:\/\/www.vita.sk\/online-kurzy-marketing-reklama-a-pravo\/"},{"@type":"ListItem","position":4,"name":"SEO - Optimaliz\u00e1cia pre Vyh\u013ead\u00e1va\u010de","item":"https:\/\/www.vita.sk\/online-kurzy-seo-optimalizacia-pre-vyhladavace\/"},{"@type":"ListItem","position":5,"name":"Online kurz SEO &#8211; Optimaliz\u00e1cia pre Vyh\u013ead\u00e1va\u010de I. Za\u010diato\u010dn\u00edk"}]},{"@type":"WebSite","@id":"https:\/\/www.vita.sk\/#website","url":"https:\/\/www.vita.sk\/","name":"VITA","description":"","publisher":{"@id":"https:\/\/www.vita.sk\/#organization"},"potentialAction":[{"@type":"SearchAction","target":{"@type":"EntryPoint","urlTemplate":"https:\/\/www.vita.sk\/?s={search_term_string}"},"query-input":{"@type":"PropertyValueSpecification","valueRequired":true,"valueName":"search_term_string"}}],"inLanguage":"en-US"},{"email":"admin@vita.sk","logo":"https:\/\/www.vita.sk\/img\/vita_logo.png ","address":{"type":"PostalAddress","streetAddress":"Tom\u00e1\u0161ikova 50\/A","addressLocality":"Bratislava","postalCode":"83104","addressCountry":{"name":"SK","type":"Country"}},"contactPoint":{"type":"ContactPoint","telephone":"+421 907 375\u00a0543","Email":"admin@vita.sk","contactType":"customer service"},"sameAs":["https:\/\/www.facebook.com\/VitaAcademySK\/","https:\/\/www.linkedin.com\/company\/vita-academy\/"]}]}},"acf":[],"_links":{"self":[{"href":"https:\/\/www.vita.sk\/en\/wp-json\/wp\/v2\/product\/542","targetHints":{"allow":["GET"]}}],"collection":[{"href":"https:\/\/www.vita.sk\/en\/wp-json\/wp\/v2\/product"}],"about":[{"href":"https:\/\/www.vita.sk\/en\/wp-json\/wp\/v2\/types\/product"}],"author":[{"embeddable":true,"href":"https:\/\/www.vita.sk\/en\/wp-json\/wp\/v2\/users\/4"}],"replies":[{"embeddable":true,"href":"https:\/\/www.vita.sk\/en\/wp-json\/wp\/v2\/comments?post=542"}],"wp:featuredmedia":[{"embeddable":true,"href":"https:\/\/www.vita.sk\/en\/wp-json\/wp\/v2\/media\/540"}],"wp:attachment":[{"href":"https:\/\/www.vita.sk\/en\/wp-json\/wp\/v2\/media?parent=542"}],"wp:term":[{"taxonomy":"product_brand","embeddable":true,"href":"https:\/\/www.vita.sk\/en\/wp-json\/wp\/v2\/product_brand?post=542"},{"taxonomy":"product_cat","embeddable":true,"href":"https:\/\/www.vita.sk\/en\/wp-json\/wp\/v2\/product_cat?post=542"},{"taxonomy":"product_tag","embeddable":true,"href":"https:\/\/www.vita.sk\/en\/wp-json\/wp\/v2\/product_tag?post=542"}],"curies":[{"name":"wp","href":"https:\/\/api.w.org\/{rel}","templated":true}]}}