{"id":543,"date":"2021-10-22T15:22:51","date_gmt":"2021-10-22T13:22:51","guid":{"rendered":"http:\/\/vita.sk.vps202.nameserver.sk\/?post_type=product&#038;p=543"},"modified":"2025-12-02T15:28:23","modified_gmt":"2025-12-02T14:28:23","slug":"online-kurz-seo-optimalizacia-pre-vyhladavace-ii-mierne-pokrocily","status":"publish","type":"product","link":"https:\/\/www.vita.sk\/en\/online-kurz-seo-optimalizacia-pre-vyhladavace-ii-mierne-pokrocily\/","title":{"rendered":"Online kurz SEO &#8211; Optimaliz\u00e1cia pre Vyh\u013ead\u00e1va\u010de II. Mierne Pokro\u010dil\u00fd"},"content":{"rendered":"<p>Online kurz SEO \u2013 Optimaliz\u00e1cia pre Vyh\u013ead\u00e1va\u010de II. Mierne Pokro\u010dil\u00fd je pre v\u00e1s vhodn\u00fd, ak sa chcete nau\u010di\u0165 analyzova\u0165 v\u00fdkon webu, identifikova\u0165 technick\u00e9 a obsahov\u00e9 probl\u00e9my, pracova\u0165 so SEO n\u00e1strojmi na pokro\u010dilej \u00farovni a vytv\u00e1ra\u0165 ucelen\u00e9 strat\u00e9gie, ktor\u00e9 zvy\u0161uj\u00fa vidite\u013enos\u0165 webov\u00fdch str\u00e1nok vo vyh\u013ead\u00e1va\u010doch. <strong>Ide o akreditovan\u00fd a certifikovan\u00fd kurz na SEO<\/strong>. V kurze nadvia\u017eete na z\u00e1kladn\u00e9 znalosti SEO a osvoj\u00edte si pokro\u010dilej\u0161ie met\u00f3dy vyh\u013ead\u00e1vania, anal\u00fdzy a hodnotenia webov\u00fdch prezent\u00e1ci\u00ed. Nau\u010d\u00edte sa pracova\u0165 s pokro\u010dil\u00fdmi oper\u00e1tormi vo vyh\u013ead\u00e1van\u00ed, analyzova\u0165 \u0161trukt\u00faru webu, identifikova\u0165 slab\u00e9 miesta obsahu a porozumie\u0165 tomu, ako kvalita str\u00e1nok ovplyv\u0148uje v\u00fdsledky vyh\u013ead\u00e1vania. Porozumiete pr\u00e1ci s URL adresami, UTM parametrami, dopytmi a atrib\u00fatmi, ktor\u00e9 ovplyv\u0148uj\u00fa sledovanie kampan\u00ed a spr\u00e1vanie pou\u017e\u00edvate\u013eov. Osvoj\u00edte si techniky hodnotenia r\u00fdchlosti webu pomocou Gtmetrix a Pingdom a nau\u010d\u00edte sa monitorova\u0165 dostupnos\u0165 a v\u00fdpadky pomocou UptimeRobot. Z\u00edskate schopnos\u0165 spracova\u0165 komplexn\u00fd SEO audit, identifikova\u0165 kritick\u00e9 chyby, navrhova\u0165 zlep\u0161enia a optimalizova\u0165 tituln\u00fa str\u00e1nku aj k\u013e\u00fa\u010dov\u00e9 podstr\u00e1nky. Kurz pokr\u00fdva aj pokro\u010dil\u00fa pr\u00e1cu s obsahom. Nau\u010d\u00edte sa efekt\u00edvne vytv\u00e1ra\u0165 titulky str\u00e1nok title, optimalizova\u0165 obr\u00e1zky, pracova\u0165 s metad\u00e1tami a vyu\u017e\u00edva\u0165 emotikony pre zv\u00fd\u0161enie CTR. Osvoj\u00edte si met\u00f3du Rubber Duck Debugging pri \u00faprave textov a nau\u010d\u00edte sa pripravova\u0165 kvalitn\u00e9 sekcie FAQ. D\u00f4le\u017eitou s\u00fa\u010das\u0165ou je aj n\u00e1vrh \u00fa\u010dinn\u00fdch CTA prvkov, ktor\u00e9 zvy\u0161uj\u00fa konverzie, a spr\u00e1vne vyu\u017e\u00edvanie ich umiestnenia a vizu\u00e1lneho stv\u00e1rnenia. Pokro\u010dilej\u0161ie techniky spr\u00e1vy webu v\u00e1m umo\u017enia profesion\u00e1lne nastavova\u0165 presmerovania, pracova\u0165 s konzolou webu, analyzova\u0165 \u0161trukt\u00faru str\u00e1nok pomocou Screaming Frog a vyu\u017e\u00edva\u0165 fazetov\u00fa klasifik\u00e1ciu na efekt\u00edvne organizovanie obsahu. Z\u00edskate preh\u013ead o tom, ako \u010d\u00edta\u0165 a vyhodnocova\u0165 SEO reporty. Osvoj\u00edte si proces indexovania webu, pochop\u00edte, ako funguje Googlebot, ako rie\u0161i\u0165 probl\u00e9my v Google Search Console a ako vytvori\u0165 optim\u00e1lnu \u0161trukt\u00faru Sitemap.xml pre lep\u0161iu index\u00e1ciu obsahu. Z\u00e1rove\u0148 sa nau\u010d\u00edte pl\u00e1nova\u0165 v\u00fdvoj webu a vyu\u017e\u00edva\u0165 n\u00e1stroje WIA a XMind pri n\u00e1vrhu webovej architekt\u00fary, kategoriz\u00e1cie a informa\u010dn\u00e9ho dizajnu. Kurz pokr\u00fdva aj tvorbu SEO strat\u00e9gi\u00ed. Osvoj\u00edte si pr\u00e1cu so softv\u00e9rom MOZ, kde budete analyzova\u0165 autoritu dom\u00e9ny, sp\u00e4tn\u00e9 odkazy, konkurenciu a hodnoti\u0165 technick\u00e9 a obsahov\u00e9 faktory. Z\u00edskate schopnos\u0165 pracova\u0165 s marketingov\u00fdmi SEO metrikami, ktor\u00e9 podporuj\u00fa rozhodovanie a optimaliz\u00e1ciu konverzn\u00fdch ciest. Bonusov\u00e1 \u010das\u0165 sa zameriava na modern\u00e9 prepojenie SEO a umelej inteligencie. Pochop\u00edte koncepty SEO, AEO a GEO, nau\u010d\u00edte sa pracova\u0165 s Google AI Overview a osvoja si techniky, ktor\u00e9 s\u00fa nevyhnutn\u00e9 pre optimaliz\u00e1ciu obsahu v \u00e9re AI vyh\u013ead\u00e1vania. Ak sa chcete skuto\u010dne nau\u010di\u0165 SEO, zv\u00fd\u0161i\u0165 n\u00e1v\u0161tevnos\u0165 webu a dosiahnu\u0165 lep\u0161ie v\u00fdsledky vo vyh\u013ead\u00e1van\u00ed, tak toto je ide\u00e1lny online kurz pre v\u00e1s.<\/p>\n","protected":false},"excerpt":{"rendered":"<p>Online kurz SEO \u2013 Optimaliz\u00e1cia pre Vyh\u013ead\u00e1va\u010de II. Mierne Pokro\u010dil\u00fd v\u00e1s nau\u010d\u00ed analyzova\u0165 v\u00fdkon webu, pracova\u0165 s pokro\u010dilej\u0161\u00edmi SEO n\u00e1strojmi, optimalizova\u0165 obsah aj technick\u00e9 prvky a vytv\u00e1ra\u0165 \u00fa\u010dinn\u00e9 strat\u00e9gie na zlep\u0161enie vidite\u013enosti vo vyh\u013ead\u00e1va\u010doch. Kurz je ur\u010den\u00fd pre v\u0161etk\u00fdch, ktor\u00ed chc\u00fa preh\u013abi\u0165 svoje SEO znalosti a zlep\u0161i\u0165 v\u00fdsledky webov\u00fdch projektov pomocou pokro\u010dil\u00fdch techn\u00edk a metr\u00edk.","protected":false},"author":4,"featured_media":540,"comment_status":"open","ping_status":"closed","template":"","meta":{"_acf_changed":false},"product_brand":[],"product_cat":[70,71,73],"product_tag":[183],"class_list":{"0":"post-543","1":"product","2":"type-product","3":"status-publish","4":"has-post-thumbnail","6":"product_cat-online-kurzy-marketing-reklama-a-pravo","7":"product_cat-online-kurzy-seo-optimalizacia-pre-vyhladavace","8":"product_cat-bez-kategorie","9":"product_tag-marketing","11":"first","12":"instock","13":"sale","14":"sold-individually","15":"taxable","16":"shipping-taxable","17":"purchasable","18":"product-type-simple"},"yoast_head":"<!-- This site is optimized with the Yoast SEO Premium plugin v25.0 (Yoast SEO v25.0) - https:\/\/yoast.com\/wordpress\/plugins\/seo\/ -->\n<title>Online kurz SEO - Optimaliz\u00e1cia pre Vyh\u013ead\u00e1va\u010de II. 2026 | VITA<\/title>\n<meta name=\"description\" content=\"V online kurze SEO Optimaliz\u00e1cia pre vyh\u013ead\u00e1va\u010de II. Mierne pokro\u010dil\u00fd sa nau\u010d\u00edte pokro\u010dil\u00e9 techniky na zlep\u0161enie vidite\u013enosti v\u00e1\u0161ho webu alebo eshopu. \u2705\" \/>\n<meta name=\"robots\" content=\"index, follow, max-snippet:-1, max-image-preview:large, max-video-preview:-1\" \/>\n<link rel=\"canonical\" href=\"https:\/\/www.vita.sk\/online-kurz-seo-optimalizacia-pre-vyhladavace-ii-mierne-pokrocily\/\" \/>\n<meta property=\"og:locale\" content=\"en_US\" \/>\n<meta property=\"og:type\" content=\"article\" \/>\n<meta property=\"og:title\" content=\"Online kurz SEO - Optimaliz\u00e1cia pre Vyh\u013ead\u00e1va\u010de II. Mierne Pokro\u010dil\u00fd\" \/>\n<meta property=\"og:description\" content=\"V online kurze SEO Optimaliz\u00e1cia pre vyh\u013ead\u00e1va\u010de II. Mierne pokro\u010dil\u00fd sa nau\u010d\u00edte pokro\u010dil\u00e9 techniky na zlep\u0161enie vidite\u013enosti v\u00e1\u0161ho webu alebo eshopu. \u2705\" \/>\n<meta property=\"og:url\" content=\"https:\/\/www.vita.sk\/online-kurz-seo-optimalizacia-pre-vyhladavace-ii-mierne-pokrocily\/\" \/>\n<meta property=\"og:site_name\" content=\"VITA\" \/>\n<meta property=\"article:publisher\" content=\"https:\/\/www.facebook.com\/VitaAcademySK\" \/>\n<meta property=\"article:modified_time\" content=\"2025-12-02T14:28:23+00:00\" \/>\n<meta property=\"og:image\" content=\"https:\/\/www.vita.sk\/wp-content\/uploads\/2018\/10\/SEO.png\" \/>\n\t<meta property=\"og:image:width\" content=\"360\" \/>\n\t<meta property=\"og:image:height\" content=\"360\" \/>\n\t<meta property=\"og:image:type\" content=\"image\/png\" \/>\n<meta name=\"twitter:card\" content=\"summary_large_image\" \/>\n<meta name=\"twitter:label1\" content=\"Est. reading time\" \/>\n\t<meta name=\"twitter:data1\" content=\"3 minutes\" \/>\n<script type=\"application\/ld+json\" class=\"yoast-schema-graph\">{\n\t    \"@context\": \"https:\/\/schema.org\",\n\t    \"@graph\": [\n\t        {\n\t            \"@type\": \"WebPage\",\n\t            \"@id\": \"https:\/\/www.vita.sk\/online-kurz-seo-optimalizacia-pre-vyhladavace-ii-mierne-pokrocily\/\",\n\t            \"url\": \"https:\/\/www.vita.sk\/online-kurz-seo-optimalizacia-pre-vyhladavace-ii-mierne-pokrocily\/\",\n\t            \"name\": \"Online kurz SEO - Optimaliz\u00e1cia pre Vyh\u013ead\u00e1va\u010de II. {Y} | VITA\",\n\t            \"isPartOf\": {\n\t                \"@id\": \"https:\/\/www.vita.sk\/#website\"\n\t            },\n\t            \"primaryImageOfPage\": {\n\t                \"@id\": \"https:\/\/www.vita.sk\/online-kurz-seo-optimalizacia-pre-vyhladavace-ii-mierne-pokrocily\/#primaryimage\"\n\t            },\n\t            \"image\": {\n\t                \"@id\": \"https:\/\/www.vita.sk\/online-kurz-seo-optimalizacia-pre-vyhladavace-ii-mierne-pokrocily\/#primaryimage\"\n\t            },\n\t            \"thumbnailUrl\": \"https:\/\/www.vita.sk\/wp-content\/uploads\/2018\/10\/SEO.png\",\n\t            \"datePublished\": \"2021-10-22T13:22:51+00:00\",\n\t            \"dateModified\": \"2025-12-02T14:28:23+00:00\",\n\t            \"description\": \"V online kurze SEO Optimaliz\u00e1cia pre vyh\u013ead\u00e1va\u010de II. Mierne pokro\u010dil\u00fd sa nau\u010d\u00edte pokro\u010dil\u00e9 techniky na zlep\u0161enie vidite\u013enosti v\u00e1\u0161ho webu alebo eshopu. \u2705\",\n\t            \"breadcrumb\": {\n\t                \"@id\": \"https:\/\/www.vita.sk\/online-kurz-seo-optimalizacia-pre-vyhladavace-ii-mierne-pokrocily\/#breadcrumb\"\n\t            },\n\t            \"inLanguage\": \"en-US\",\n\t            \"potentialAction\": [\n\t                {\n\t                    \"@type\": \"ReadAction\",\n\t                    \"target\": [\n\t                        \"https:\/\/www.vita.sk\/online-kurz-seo-optimalizacia-pre-vyhladavace-ii-mierne-pokrocily\/\"\n\t                    ]\n\t                }\n\t            ]\n\t        },\n\t        {\n\t            \"@type\": \"ImageObject\",\n\t            \"inLanguage\": \"en-US\",\n\t            \"@id\": \"https:\/\/www.vita.sk\/online-kurz-seo-optimalizacia-pre-vyhladavace-ii-mierne-pokrocily\/#primaryimage\",\n\t            \"url\": \"https:\/\/www.vita.sk\/wp-content\/uploads\/2018\/10\/SEO.png\",\n\t            \"contentUrl\": \"https:\/\/www.vita.sk\/wp-content\/uploads\/2018\/10\/SEO.png\",\n\t            \"width\": 360,\n\t            \"height\": 360,\n\t            \"caption\": \"Online kurz SEO\"\n\t        },\n\t        {\n\t            \"@type\": \"BreadcrumbList\",\n\t            \"@id\": \"https:\/\/www.vita.sk\/online-kurz-seo-optimalizacia-pre-vyhladavace-ii-mierne-pokrocily\/#breadcrumb\",\n\t            \"itemListElement\": [\n\t                {\n\t                    \"@type\": \"ListItem\",\n\t                    \"position\": 1,\n\t                    \"name\": \"VITA Academy\",\n\t                    \"item\": \"https:\/\/www.vita.sk\/en\/\"\n\t                },\n\t                {\n\t                    \"@type\": \"ListItem\",\n\t                    \"position\": 2,\n\t                    \"name\": \"Shop\",\n\t                    \"item\": \"https:\/\/www.vita.sk\/shop\/\"\n\t                },\n\t                {\n\t                    \"@type\": \"ListItem\",\n\t                    \"position\": 3,\n\t                    \"name\": \"Marketing, Reklama a Pr\u00e1vo\",\n\t                    \"item\": \"https:\/\/www.vita.sk\/online-kurzy-marketing-reklama-a-pravo\/\"\n\t                },\n\t                {\n\t                    \"@type\": \"ListItem\",\n\t                    \"position\": 4,\n\t                    \"name\": \"SEO - Optimaliz\u00e1cia pre Vyh\u013ead\u00e1va\u010de\",\n\t                    \"item\": \"https:\/\/www.vita.sk\/online-kurzy-seo-optimalizacia-pre-vyhladavace\/\"\n\t                },\n\t                {\n\t                    \"@type\": \"ListItem\",\n\t                    \"position\": 5,\n\t                    \"name\": \"Online kurz SEO &#8211; Optimaliz\u00e1cia pre Vyh\u013ead\u00e1va\u010de II. Mierne Pokro\u010dil\u00fd\"\n\t                }\n\t            ]\n\t        },\n\t        {\n\t            \"@type\": \"WebSite\",\n\t            \"@id\": \"https:\/\/www.vita.sk\/#website\",\n\t            \"url\": \"https:\/\/www.vita.sk\/\",\n\t            \"name\": \"VITA\",\n\t            \"description\": \"\",\n\t            \"publisher\": {\n\t                \"@id\": \"https:\/\/www.vita.sk\/#organization\"\n\t            },\n\t            \"potentialAction\": [\n\t                {\n\t                    \"@type\": \"SearchAction\",\n\t                    \"target\": {\n\t                        \"@type\": \"EntryPoint\",\n\t                        \"urlTemplate\": \"https:\/\/www.vita.sk\/?s={search_term_string}\"\n\t                    },\n\t                    \"query-input\": {\n\t                        \"@type\": \"PropertyValueSpecification\",\n\t                        \"valueRequired\": true,\n\t                        \"valueName\": \"search_term_string\"\n\t                    }\n\t                }\n\t            ],\n\t            \"inLanguage\": \"en-US\"\n\t        },\n\t        {\n\t            \"email\": \"admin@vita.sk\",\n\t            \"logo\": \"https:\/\/www.vita.sk\/img\/vita_logo.png \",\n\t            \"address\": {\n\t                \"type\": \"PostalAddress\",\n\t                \"streetAddress\": \"Tom\u00e1\u0161ikova 50\/A\",\n\t                \"addressLocality\": \"Bratislava\",\n\t                \"postalCode\": \"83104\",\n\t                \"addressCountry\": {\n\t                    \"name\": \"SK\",\n\t                    \"type\": \"Country\"\n\t                }\n\t            },\n\t            \"contactPoint\": {\n\t                \"type\": \"ContactPoint\",\n\t                \"telephone\": \"+421 907 375\u00a0543\",\n\t                \"Email\": \"admin@vita.sk\",\n\t                \"contactType\": \"customer service\"\n\t            },\n\t            \"sameAs\": [\n\t                \"https:\/\/www.facebook.com\/VitaAcademySK\/\",\n\t                \"https:\/\/www.linkedin.com\/company\/vita-academy\/\"\n\t            ]\n\t        }\n\t    ]\n\t}<\/script>\n<!-- \/ Yoast SEO Premium plugin. -->","yoast_head_json":{"title":"Online kurz SEO - Optimaliz\u00e1cia pre Vyh\u013ead\u00e1va\u010de II. 2026 | VITA","description":"V online kurze SEO Optimaliz\u00e1cia pre vyh\u013ead\u00e1va\u010de II. Mierne pokro\u010dil\u00fd sa nau\u010d\u00edte pokro\u010dil\u00e9 techniky na zlep\u0161enie vidite\u013enosti v\u00e1\u0161ho webu alebo eshopu. \u2705","robots":{"index":"index","follow":"follow","max-snippet":"max-snippet:-1","max-image-preview":"max-image-preview:large","max-video-preview":"max-video-preview:-1"},"canonical":"https:\/\/www.vita.sk\/online-kurz-seo-optimalizacia-pre-vyhladavace-ii-mierne-pokrocily\/","og_locale":"en_US","og_type":"article","og_title":"Online kurz SEO - Optimaliz\u00e1cia pre Vyh\u013ead\u00e1va\u010de II. Mierne Pokro\u010dil\u00fd","og_description":"V online kurze SEO Optimaliz\u00e1cia pre vyh\u013ead\u00e1va\u010de II. Mierne pokro\u010dil\u00fd sa nau\u010d\u00edte pokro\u010dil\u00e9 techniky na zlep\u0161enie vidite\u013enosti v\u00e1\u0161ho webu alebo eshopu. \u2705","og_url":"https:\/\/www.vita.sk\/online-kurz-seo-optimalizacia-pre-vyhladavace-ii-mierne-pokrocily\/","og_site_name":"VITA","article_publisher":"https:\/\/www.facebook.com\/VitaAcademySK","article_modified_time":"2025-12-02T14:28:23+00:00","og_image":[{"width":360,"height":360,"url":"https:\/\/www.vita.sk\/wp-content\/uploads\/2018\/10\/SEO.png","type":"image\/png"}],"twitter_card":"summary_large_image","twitter_misc":{"Est. reading time":"3 minutes"},"schema":{"@context":"https:\/\/schema.org","@graph":[{"@type":"WebPage","@id":"https:\/\/www.vita.sk\/online-kurz-seo-optimalizacia-pre-vyhladavace-ii-mierne-pokrocily\/","url":"https:\/\/www.vita.sk\/online-kurz-seo-optimalizacia-pre-vyhladavace-ii-mierne-pokrocily\/","name":"Online kurz SEO - Optimaliz\u00e1cia pre Vyh\u013ead\u00e1va\u010de II. {Y} | VITA","isPartOf":{"@id":"https:\/\/www.vita.sk\/#website"},"primaryImageOfPage":{"@id":"https:\/\/www.vita.sk\/online-kurz-seo-optimalizacia-pre-vyhladavace-ii-mierne-pokrocily\/#primaryimage"},"image":{"@id":"https:\/\/www.vita.sk\/online-kurz-seo-optimalizacia-pre-vyhladavace-ii-mierne-pokrocily\/#primaryimage"},"thumbnailUrl":"https:\/\/www.vita.sk\/wp-content\/uploads\/2018\/10\/SEO.png","datePublished":"2021-10-22T13:22:51+00:00","dateModified":"2025-12-02T14:28:23+00:00","description":"V online kurze SEO Optimaliz\u00e1cia pre vyh\u013ead\u00e1va\u010de II. Mierne pokro\u010dil\u00fd sa nau\u010d\u00edte pokro\u010dil\u00e9 techniky na zlep\u0161enie vidite\u013enosti v\u00e1\u0161ho webu alebo eshopu. \u2705","breadcrumb":{"@id":"https:\/\/www.vita.sk\/online-kurz-seo-optimalizacia-pre-vyhladavace-ii-mierne-pokrocily\/#breadcrumb"},"inLanguage":"en-US","potentialAction":[{"@type":"ReadAction","target":["https:\/\/www.vita.sk\/online-kurz-seo-optimalizacia-pre-vyhladavace-ii-mierne-pokrocily\/"]}]},{"@type":"ImageObject","inLanguage":"en-US","@id":"https:\/\/www.vita.sk\/online-kurz-seo-optimalizacia-pre-vyhladavace-ii-mierne-pokrocily\/#primaryimage","url":"https:\/\/www.vita.sk\/wp-content\/uploads\/2018\/10\/SEO.png","contentUrl":"https:\/\/www.vita.sk\/wp-content\/uploads\/2018\/10\/SEO.png","width":360,"height":360,"caption":"Online kurz SEO"},{"@type":"BreadcrumbList","@id":"https:\/\/www.vita.sk\/online-kurz-seo-optimalizacia-pre-vyhladavace-ii-mierne-pokrocily\/#breadcrumb","itemListElement":[{"@type":"ListItem","position":1,"name":"VITA Academy","item":"https:\/\/www.vita.sk\/en\/"},{"@type":"ListItem","position":2,"name":"Shop","item":"https:\/\/www.vita.sk\/shop\/"},{"@type":"ListItem","position":3,"name":"Marketing, Reklama a Pr\u00e1vo","item":"https:\/\/www.vita.sk\/online-kurzy-marketing-reklama-a-pravo\/"},{"@type":"ListItem","position":4,"name":"SEO - Optimaliz\u00e1cia pre Vyh\u013ead\u00e1va\u010de","item":"https:\/\/www.vita.sk\/online-kurzy-seo-optimalizacia-pre-vyhladavace\/"},{"@type":"ListItem","position":5,"name":"Online kurz SEO &#8211; Optimaliz\u00e1cia pre Vyh\u013ead\u00e1va\u010de II. Mierne Pokro\u010dil\u00fd"}]},{"@type":"WebSite","@id":"https:\/\/www.vita.sk\/#website","url":"https:\/\/www.vita.sk\/","name":"VITA","description":"","publisher":{"@id":"https:\/\/www.vita.sk\/#organization"},"potentialAction":[{"@type":"SearchAction","target":{"@type":"EntryPoint","urlTemplate":"https:\/\/www.vita.sk\/?s={search_term_string}"},"query-input":{"@type":"PropertyValueSpecification","valueRequired":true,"valueName":"search_term_string"}}],"inLanguage":"en-US"},{"email":"admin@vita.sk","logo":"https:\/\/www.vita.sk\/img\/vita_logo.png ","address":{"type":"PostalAddress","streetAddress":"Tom\u00e1\u0161ikova 50\/A","addressLocality":"Bratislava","postalCode":"83104","addressCountry":{"name":"SK","type":"Country"}},"contactPoint":{"type":"ContactPoint","telephone":"+421 907 375\u00a0543","Email":"admin@vita.sk","contactType":"customer service"},"sameAs":["https:\/\/www.facebook.com\/VitaAcademySK\/","https:\/\/www.linkedin.com\/company\/vita-academy\/"]}]}},"acf":[],"_links":{"self":[{"href":"https:\/\/www.vita.sk\/en\/wp-json\/wp\/v2\/product\/543","targetHints":{"allow":["GET"]}}],"collection":[{"href":"https:\/\/www.vita.sk\/en\/wp-json\/wp\/v2\/product"}],"about":[{"href":"https:\/\/www.vita.sk\/en\/wp-json\/wp\/v2\/types\/product"}],"author":[{"embeddable":true,"href":"https:\/\/www.vita.sk\/en\/wp-json\/wp\/v2\/users\/4"}],"replies":[{"embeddable":true,"href":"https:\/\/www.vita.sk\/en\/wp-json\/wp\/v2\/comments?post=543"}],"wp:featuredmedia":[{"embeddable":true,"href":"https:\/\/www.vita.sk\/en\/wp-json\/wp\/v2\/media\/540"}],"wp:attachment":[{"href":"https:\/\/www.vita.sk\/en\/wp-json\/wp\/v2\/media?parent=543"}],"wp:term":[{"taxonomy":"product_brand","embeddable":true,"href":"https:\/\/www.vita.sk\/en\/wp-json\/wp\/v2\/product_brand?post=543"},{"taxonomy":"product_cat","embeddable":true,"href":"https:\/\/www.vita.sk\/en\/wp-json\/wp\/v2\/product_cat?post=543"},{"taxonomy":"product_tag","embeddable":true,"href":"https:\/\/www.vita.sk\/en\/wp-json\/wp\/v2\/product_tag?post=543"}],"curies":[{"name":"wp","href":"https:\/\/api.w.org\/{rel}","templated":true}]}}