{"id":5468,"date":"2021-11-30T08:29:31","date_gmt":"2021-11-30T07:29:31","guid":{"rendered":"https:\/\/www.vita.sk\/?post_type=product&#038;p=5468"},"modified":"2026-01-15T12:16:36","modified_gmt":"2026-01-15T11:16:36","slug":"online-kurz-abap-programovanie-i-zaciatocnik","status":"publish","type":"product","link":"https:\/\/www.vita.sk\/en\/online-kurz-abap-programovanie-i-zaciatocnik\/","title":{"rendered":"Online kurz ABAP Programovanie I. Za\u010diato\u010dn\u00edk"},"content":{"rendered":"<p>Online kurz ABAP Programovanie I. Za\u010diato\u010dn\u00edk pre v\u00e1s ide\u00e1lny, ak sa chcete nau\u010di\u0165 pracova\u0165 so SAP syst\u00e9mom a programovac\u00edm jazykom ABAP (Advanced Business Application Programming), ktor\u00fd je z\u00e1kladom pre v\u00fdvoj vlastn\u00fdch aplik\u00e1ci\u00ed a roz\u0161\u00edren\u00ed v prostred\u00ed SAP ERP. <strong>Ide o akreditovan\u00fd a certifikovan\u00fd online kurz na ABAP Programovanie.<\/strong> V kurze sa nau\u010d\u00edte, ako si vytvori\u0165 a nastavi\u0165 prostredie pre v\u00fdvoj v ABAPe, pri\u010dom sa dozviete, ako rozbeha\u0165 SAP bez nutnosti in\u0161tal\u00e1cie v lok\u00e1lnom prostred\u00ed a z\u00e1rove\u0148 ako si kompletn\u00fd SAP syst\u00e9m nain\u0161talova\u0165 na vlastn\u00e9 PC, vr\u00e1tane po\u017eiadaviek na hardv\u00e9r, softv\u00e9r, Docker a WSL. Obozn\u00e1mite sa so z\u00e1kladmi Linuxu, SAP NetWeaver, SAP HANA a SAP Cloud Connectorom. Vysvetl\u00edme, ako aktivova\u0165 a predl\u017eova\u0165 licencie, ako si pripravi\u0165 SAP Tutor a tr\u00e9nova\u0165 pomocou simula\u010dn\u00fdch s\u00faborov (*.sim), ako aj kde h\u013eada\u0165 aktu\u00e1lne SAP pracovn\u00e9 ponuky. V praktickej \u010dasti vytvor\u00edte svoj prv\u00fd ABAP program \u201cAhoj, svet!\u201d, osvoj\u00edte si syntax a architekt\u00faru ABAPu a nau\u010d\u00edte sa pracova\u0165 so SAP Easy Access, NetWeaver, navig\u00e1ciou, kl\u00e1vesov\u00fdmi skratkami a transak\u010dn\u00fdmi k\u00f3dmi. Z\u00edskate preh\u013ead hlavn\u00fdch SAP modulov (napr. MM, SD, FI, HR) a nau\u010d\u00edte sa pou\u017e\u00edva\u0165 k\u013e\u00fa\u010dov\u00e9 transakcie ako SMW0 a SM30. Uk\u00e1\u017eeme v\u00e1m aj sp\u00f4sob pr\u00e1ce s produktov\u00fdmi, aplika\u010dn\u00fdmi a spolupracuj\u00facimi h\u013eadiskami v n\u00e1stroji Enterprise Architect a jazyku ArchiMate, ktor\u00fd dop\u013a\u0148a va\u0161e ABAP vedomosti o modelovanie podnikovej architekt\u00fary. Ak sa chcete skuto\u010dne nau\u010di\u0165 pou\u017e\u00edva\u0165 ABAP a sta\u0165 ABAP program\u00e1torom, tak toto je ide\u00e1lny vstupn\u00fd online kurz pre v\u00e1s.<\/p>\n","protected":false},"excerpt":{"rendered":"<p>Online kurz ABAP Programovanie I. Za\u010diato\u010dn\u00edk v\u00e1s nau\u010d\u00ed z\u00e1klady programovania v jazyku ABAP pre prostredie SAP. Ovl\u00e1dnete syntax, d\u00e1tov\u00e9 typy, funk\u010dn\u00e9 moduly a vytv\u00e1ranie vlastn\u00fdch reportov.","protected":false},"author":27,"featured_media":4255,"comment_status":"open","ping_status":"closed","template":"","meta":{"_acf_changed":false},"product_brand":[],"product_cat":[229,99,111,73],"product_tag":[181,24],"class_list":{"0":"post-5468","1":"product","2":"type-product","3":"status-publish","4":"has-post-thumbnail","6":"product_cat-online-kurzy-abap","7":"product_cat-online-kurzy-programovacie-jazyky","8":"product_cat-online-kurzy-sap-a-abap","9":"product_cat-bez-kategorie","10":"product_tag-sap-a-abap","11":"product_tag-abap","13":"first","14":"instock","15":"sale","16":"sold-individually","17":"taxable","18":"shipping-taxable","19":"purchasable","20":"product-type-simple"},"yoast_head":"<!-- This site is optimized with the Yoast SEO Premium plugin v25.0 (Yoast SEO v25.0) - https:\/\/yoast.com\/wordpress\/plugins\/seo\/ -->\n<title>Online kurz ABAP Programovanie I. Za\u010diato\u010dn\u00edk 2026 | VITA<\/title>\n<meta name=\"description\" content=\"Online kurz ABAP programovanie I. Za\u010diato\u010dn\u00edk je ide\u00e1lnou vo\u013ebou, ak chcete z\u00edska\u0165 sk\u00fasenosti s pr\u00e1cou v syst\u00e9me SAP a ABAP programovan\u00edm. \u2705\" \/>\n<meta name=\"robots\" content=\"index, follow, max-snippet:-1, max-image-preview:large, max-video-preview:-1\" \/>\n<link rel=\"canonical\" href=\"https:\/\/www.vita.sk\/online-kurz-abap-programovanie-i-zaciatocnik\/\" \/>\n<meta property=\"og:locale\" content=\"en_US\" \/>\n<meta property=\"og:type\" content=\"article\" \/>\n<meta property=\"og:title\" content=\"Online kurz ABAP Programovanie I. Za\u010diato\u010dn\u00edk\" \/>\n<meta property=\"og:description\" content=\"Online kurz ABAP programovanie I. Za\u010diato\u010dn\u00edk je ide\u00e1lnou vo\u013ebou, ak chcete z\u00edska\u0165 sk\u00fasenosti s pr\u00e1cou v syst\u00e9me SAP a ABAP programovan\u00edm. \u2705\" \/>\n<meta property=\"og:url\" content=\"https:\/\/www.vita.sk\/online-kurz-abap-programovanie-i-zaciatocnik\/\" \/>\n<meta property=\"og:site_name\" content=\"VITA\" \/>\n<meta property=\"article:publisher\" content=\"https:\/\/www.facebook.com\/VitaAcademySK\" \/>\n<meta property=\"article:modified_time\" content=\"2026-01-15T11:16:36+00:00\" \/>\n<meta property=\"og:image\" content=\"https:\/\/www.vita.sk\/wp-content\/uploads\/2020\/11\/kurz-soa.png\" \/>\n\t<meta property=\"og:image:width\" content=\"360\" \/>\n\t<meta property=\"og:image:height\" content=\"360\" \/>\n\t<meta property=\"og:image:type\" content=\"image\/png\" \/>\n<meta name=\"twitter:card\" content=\"summary_large_image\" \/>\n<meta name=\"twitter:label1\" content=\"Est. reading time\" \/>\n\t<meta name=\"twitter:data1\" content=\"2 minutes\" \/>\n<script type=\"application\/ld+json\" class=\"yoast-schema-graph\">{\n\t    \"@context\": \"https:\/\/schema.org\",\n\t    \"@graph\": [\n\t        {\n\t            \"@type\": \"WebPage\",\n\t            \"@id\": \"https:\/\/www.vita.sk\/online-kurz-abap-programovanie-i-zaciatocnik\/\",\n\t            \"url\": \"https:\/\/www.vita.sk\/online-kurz-abap-programovanie-i-zaciatocnik\/\",\n\t            \"name\": \"Online kurz ABAP Programovanie I. Za\u010diato\u010dn\u00edk {Y} | VITA\",\n\t            \"isPartOf\": {\n\t                \"@id\": \"https:\/\/www.vita.sk\/#website\"\n\t            },\n\t            \"primaryImageOfPage\": {\n\t                \"@id\": \"https:\/\/www.vita.sk\/online-kurz-abap-programovanie-i-zaciatocnik\/#primaryimage\"\n\t            },\n\t            \"image\": {\n\t                \"@id\": \"https:\/\/www.vita.sk\/online-kurz-abap-programovanie-i-zaciatocnik\/#primaryimage\"\n\t            },\n\t            \"thumbnailUrl\": \"https:\/\/www.vita.sk\/wp-content\/uploads\/2020\/11\/kurz-soa.png\",\n\t            \"datePublished\": \"2021-11-30T07:29:31+00:00\",\n\t            \"dateModified\": \"2026-01-15T11:16:36+00:00\",\n\t            \"description\": \"Online kurz ABAP programovanie I. Za\u010diato\u010dn\u00edk je ide\u00e1lnou vo\u013ebou, ak chcete z\u00edska\u0165 sk\u00fasenosti s pr\u00e1cou v syst\u00e9me SAP a ABAP programovan\u00edm. \u2705\",\n\t            \"breadcrumb\": {\n\t                \"@id\": \"https:\/\/www.vita.sk\/online-kurz-abap-programovanie-i-zaciatocnik\/#breadcrumb\"\n\t            },\n\t            \"inLanguage\": \"en-US\",\n\t            \"potentialAction\": [\n\t                {\n\t                    \"@type\": \"ReadAction\",\n\t                    \"target\": [\n\t                        \"https:\/\/www.vita.sk\/online-kurz-abap-programovanie-i-zaciatocnik\/\"\n\t                    ]\n\t                }\n\t            ]\n\t        },\n\t        {\n\t            \"@type\": \"ImageObject\",\n\t            \"inLanguage\": \"en-US\",\n\t            \"@id\": \"https:\/\/www.vita.sk\/online-kurz-abap-programovanie-i-zaciatocnik\/#primaryimage\",\n\t            \"url\": \"https:\/\/www.vita.sk\/wp-content\/uploads\/2020\/11\/kurz-soa.png\",\n\t            \"contentUrl\": \"https:\/\/www.vita.sk\/wp-content\/uploads\/2020\/11\/kurz-soa.png\",\n\t            \"width\": 360,\n\t            \"height\": 360,\n\t            \"caption\": \"Online kurz SOA\"\n\t        },\n\t        {\n\t            \"@type\": \"BreadcrumbList\",\n\t            \"@id\": \"https:\/\/www.vita.sk\/online-kurz-abap-programovanie-i-zaciatocnik\/#breadcrumb\",\n\t            \"itemListElement\": [\n\t                {\n\t                    \"@type\": \"ListItem\",\n\t                    \"position\": 1,\n\t                    \"name\": \"VITA Academy\",\n\t                    \"item\": \"https:\/\/www.vita.sk\/en\/\"\n\t                },\n\t                {\n\t                    \"@type\": \"ListItem\",\n\t                    \"position\": 2,\n\t                    \"name\": \"Shop\",\n\t                    \"item\": \"https:\/\/www.vita.sk\/shop\/\"\n\t                },\n\t                {\n\t                    \"@type\": \"ListItem\",\n\t                    \"position\": 3,\n\t                    \"name\": \"SAP a ABAP\",\n\t                    \"item\": \"https:\/\/www.vita.sk\/online-kurzy-sap-a-abap\/\"\n\t                },\n\t                {\n\t                    \"@type\": \"ListItem\",\n\t                    \"position\": 4,\n\t                    \"name\": \"ABAP\",\n\t                    \"item\": \"https:\/\/www.vita.sk\/online-kurzy-abap\/\"\n\t                },\n\t                {\n\t                    \"@type\": \"ListItem\",\n\t                    \"position\": 5,\n\t                    \"name\": \"Online kurz ABAP Programovanie I. Za\u010diato\u010dn\u00edk\"\n\t                }\n\t            ]\n\t        },\n\t        {\n\t            \"@type\": \"WebSite\",\n\t            \"@id\": \"https:\/\/www.vita.sk\/#website\",\n\t            \"url\": \"https:\/\/www.vita.sk\/\",\n\t            \"name\": \"VITA\",\n\t            \"description\": \"\",\n\t            \"publisher\": {\n\t                \"@id\": \"https:\/\/www.vita.sk\/#organization\"\n\t            },\n\t            \"potentialAction\": [\n\t                {\n\t                    \"@type\": \"SearchAction\",\n\t                    \"target\": {\n\t                        \"@type\": \"EntryPoint\",\n\t                        \"urlTemplate\": \"https:\/\/www.vita.sk\/?s={search_term_string}\"\n\t                    },\n\t                    \"query-input\": {\n\t                        \"@type\": \"PropertyValueSpecification\",\n\t                        \"valueRequired\": true,\n\t                        \"valueName\": \"search_term_string\"\n\t                    }\n\t                }\n\t            ],\n\t            \"inLanguage\": \"en-US\"\n\t        },\n\t        {\n\t            \"email\": \"admin@vita.sk\",\n\t            \"logo\": \"https:\/\/www.vita.sk\/img\/vita_logo.png \",\n\t            \"address\": {\n\t                \"type\": \"PostalAddress\",\n\t                \"streetAddress\": \"Tom\u00e1\u0161ikova 50\/A\",\n\t                \"addressLocality\": \"Bratislava\",\n\t                \"postalCode\": \"83104\",\n\t                \"addressCountry\": {\n\t                    \"name\": \"SK\",\n\t                    \"type\": \"Country\"\n\t                }\n\t            },\n\t            \"contactPoint\": {\n\t                \"type\": \"ContactPoint\",\n\t                \"telephone\": \"+421 907 375\u00a0543\",\n\t                \"Email\": \"admin@vita.sk\",\n\t                \"contactType\": \"customer service\"\n\t            },\n\t            \"sameAs\": [\n\t                \"https:\/\/www.facebook.com\/VitaAcademySK\/\",\n\t                \"https:\/\/www.linkedin.com\/company\/vita-academy\/\"\n\t            ]\n\t        }\n\t    ]\n\t}<\/script>\n<!-- \/ Yoast SEO Premium plugin. -->","yoast_head_json":{"title":"Online kurz ABAP Programovanie I. Za\u010diato\u010dn\u00edk 2026 | VITA","description":"Online kurz ABAP programovanie I. Za\u010diato\u010dn\u00edk je ide\u00e1lnou vo\u013ebou, ak chcete z\u00edska\u0165 sk\u00fasenosti s pr\u00e1cou v syst\u00e9me SAP a ABAP programovan\u00edm. \u2705","robots":{"index":"index","follow":"follow","max-snippet":"max-snippet:-1","max-image-preview":"max-image-preview:large","max-video-preview":"max-video-preview:-1"},"canonical":"https:\/\/www.vita.sk\/online-kurz-abap-programovanie-i-zaciatocnik\/","og_locale":"en_US","og_type":"article","og_title":"Online kurz ABAP Programovanie I. Za\u010diato\u010dn\u00edk","og_description":"Online kurz ABAP programovanie I. Za\u010diato\u010dn\u00edk je ide\u00e1lnou vo\u013ebou, ak chcete z\u00edska\u0165 sk\u00fasenosti s pr\u00e1cou v syst\u00e9me SAP a ABAP programovan\u00edm. \u2705","og_url":"https:\/\/www.vita.sk\/online-kurz-abap-programovanie-i-zaciatocnik\/","og_site_name":"VITA","article_publisher":"https:\/\/www.facebook.com\/VitaAcademySK","article_modified_time":"2026-01-15T11:16:36+00:00","og_image":[{"width":360,"height":360,"url":"https:\/\/www.vita.sk\/wp-content\/uploads\/2020\/11\/kurz-soa.png","type":"image\/png"}],"twitter_card":"summary_large_image","twitter_misc":{"Est. reading time":"2 minutes"},"schema":{"@context":"https:\/\/schema.org","@graph":[{"@type":"WebPage","@id":"https:\/\/www.vita.sk\/online-kurz-abap-programovanie-i-zaciatocnik\/","url":"https:\/\/www.vita.sk\/online-kurz-abap-programovanie-i-zaciatocnik\/","name":"Online kurz ABAP Programovanie I. Za\u010diato\u010dn\u00edk {Y} | VITA","isPartOf":{"@id":"https:\/\/www.vita.sk\/#website"},"primaryImageOfPage":{"@id":"https:\/\/www.vita.sk\/online-kurz-abap-programovanie-i-zaciatocnik\/#primaryimage"},"image":{"@id":"https:\/\/www.vita.sk\/online-kurz-abap-programovanie-i-zaciatocnik\/#primaryimage"},"thumbnailUrl":"https:\/\/www.vita.sk\/wp-content\/uploads\/2020\/11\/kurz-soa.png","datePublished":"2021-11-30T07:29:31+00:00","dateModified":"2026-01-15T11:16:36+00:00","description":"Online kurz ABAP programovanie I. Za\u010diato\u010dn\u00edk je ide\u00e1lnou vo\u013ebou, ak chcete z\u00edska\u0165 sk\u00fasenosti s pr\u00e1cou v syst\u00e9me SAP a ABAP programovan\u00edm. \u2705","breadcrumb":{"@id":"https:\/\/www.vita.sk\/online-kurz-abap-programovanie-i-zaciatocnik\/#breadcrumb"},"inLanguage":"en-US","potentialAction":[{"@type":"ReadAction","target":["https:\/\/www.vita.sk\/online-kurz-abap-programovanie-i-zaciatocnik\/"]}]},{"@type":"ImageObject","inLanguage":"en-US","@id":"https:\/\/www.vita.sk\/online-kurz-abap-programovanie-i-zaciatocnik\/#primaryimage","url":"https:\/\/www.vita.sk\/wp-content\/uploads\/2020\/11\/kurz-soa.png","contentUrl":"https:\/\/www.vita.sk\/wp-content\/uploads\/2020\/11\/kurz-soa.png","width":360,"height":360,"caption":"Online kurz SOA"},{"@type":"BreadcrumbList","@id":"https:\/\/www.vita.sk\/online-kurz-abap-programovanie-i-zaciatocnik\/#breadcrumb","itemListElement":[{"@type":"ListItem","position":1,"name":"VITA Academy","item":"https:\/\/www.vita.sk\/en\/"},{"@type":"ListItem","position":2,"name":"Shop","item":"https:\/\/www.vita.sk\/shop\/"},{"@type":"ListItem","position":3,"name":"SAP a ABAP","item":"https:\/\/www.vita.sk\/online-kurzy-sap-a-abap\/"},{"@type":"ListItem","position":4,"name":"ABAP","item":"https:\/\/www.vita.sk\/online-kurzy-abap\/"},{"@type":"ListItem","position":5,"name":"Online kurz ABAP Programovanie I. Za\u010diato\u010dn\u00edk"}]},{"@type":"WebSite","@id":"https:\/\/www.vita.sk\/#website","url":"https:\/\/www.vita.sk\/","name":"VITA","description":"","publisher":{"@id":"https:\/\/www.vita.sk\/#organization"},"potentialAction":[{"@type":"SearchAction","target":{"@type":"EntryPoint","urlTemplate":"https:\/\/www.vita.sk\/?s={search_term_string}"},"query-input":{"@type":"PropertyValueSpecification","valueRequired":true,"valueName":"search_term_string"}}],"inLanguage":"en-US"},{"email":"admin@vita.sk","logo":"https:\/\/www.vita.sk\/img\/vita_logo.png ","address":{"type":"PostalAddress","streetAddress":"Tom\u00e1\u0161ikova 50\/A","addressLocality":"Bratislava","postalCode":"83104","addressCountry":{"name":"SK","type":"Country"}},"contactPoint":{"type":"ContactPoint","telephone":"+421 907 375\u00a0543","Email":"admin@vita.sk","contactType":"customer service"},"sameAs":["https:\/\/www.facebook.com\/VitaAcademySK\/","https:\/\/www.linkedin.com\/company\/vita-academy\/"]}]}},"acf":[],"_links":{"self":[{"href":"https:\/\/www.vita.sk\/en\/wp-json\/wp\/v2\/product\/5468","targetHints":{"allow":["GET"]}}],"collection":[{"href":"https:\/\/www.vita.sk\/en\/wp-json\/wp\/v2\/product"}],"about":[{"href":"https:\/\/www.vita.sk\/en\/wp-json\/wp\/v2\/types\/product"}],"author":[{"embeddable":true,"href":"https:\/\/www.vita.sk\/en\/wp-json\/wp\/v2\/users\/27"}],"replies":[{"embeddable":true,"href":"https:\/\/www.vita.sk\/en\/wp-json\/wp\/v2\/comments?post=5468"}],"wp:featuredmedia":[{"embeddable":true,"href":"https:\/\/www.vita.sk\/en\/wp-json\/wp\/v2\/media\/4255"}],"wp:attachment":[{"href":"https:\/\/www.vita.sk\/en\/wp-json\/wp\/v2\/media?parent=5468"}],"wp:term":[{"taxonomy":"product_brand","embeddable":true,"href":"https:\/\/www.vita.sk\/en\/wp-json\/wp\/v2\/product_brand?post=5468"},{"taxonomy":"product_cat","embeddable":true,"href":"https:\/\/www.vita.sk\/en\/wp-json\/wp\/v2\/product_cat?post=5468"},{"taxonomy":"product_tag","embeddable":true,"href":"https:\/\/www.vita.sk\/en\/wp-json\/wp\/v2\/product_tag?post=5468"}],"curies":[{"name":"wp","href":"https:\/\/api.w.org\/{rel}","templated":true}]}}