{"id":5485,"date":"2021-12-14T11:59:43","date_gmt":"2021-12-14T10:59:43","guid":{"rendered":"https:\/\/www.vita.sk\/?post_type=product&#038;p=5485"},"modified":"2025-10-06T18:04:41","modified_gmt":"2025-10-06T16:04:41","slug":"online-kurz-adobe-indesign-ii-mierne-pokrocily","status":"publish","type":"product","link":"https:\/\/www.vita.sk\/en\/online-kurz-adobe-indesign-ii-mierne-pokrocily\/","title":{"rendered":"Online kurz Adobe InDesign II. Mierne Pokro\u010dil\u00fd"},"content":{"rendered":"<p>Online kurz Adobe InDesign je pre v\u00e1s ide\u00e1lny, ak sa chcete nau\u010di\u0165 pracova\u0165 s profesion\u00e1lnymi funkciami a n\u00e1strojmi na tvorbu dokumentov, bro\u017e\u00far, magaz\u00ednov \u010di marketingov\u00fdch materi\u00e1lov. <strong>Ide o akreditovan\u00fd a certifikovan\u00fd online kurz Adobe InDesign.<\/strong> Kurz v\u00e1s nau\u010d\u00ed detailne ovl\u00e1da\u0165 pou\u017e\u00edvate\u013esk\u00e9 rozhranie programu Adobe InDesign vr\u00e1tane pr\u00e1ce s panelmi, n\u00e1strojmi a prisp\u00f4sobenia nastaven\u00ed pod\u013ea va\u0161ich potrieb. Obozn\u00e1mite sa s efekt\u00edvnymi sp\u00f4sobmi organiz\u00e1cie pracovn\u00e9ho priestoru, \u010do v\u00e1m umo\u017en\u00ed r\u00fdchlej\u0161ie a presnej\u0161ie pracova\u0165 na grafick\u00fdch n\u00e1vrhoch. Z\u00edskate praktick\u00e9 zru\u010dnosti v kontrole pravopisu a gramatiky priamo v prostred\u00ed InDesignu. Nau\u010d\u00edte sa pou\u017e\u00edva\u0165 vlastn\u00e9 slovn\u00edky, identifikova\u0165 a odstra\u0148ova\u0165 jazykov\u00e9 chyby v texte, \u010do je nevyhnutn\u00e9 pri pr\u00edprave obsahovo kvalitn\u00fdch a jazykovo spr\u00e1vnych v\u00fdstupov. Spozn\u00e1te mo\u017enosti jazykov\u00fdch preferenci\u00ed a ich nastavenia pre r\u00f4zne typy dokumentov. D\u00f4le\u017eitou t\u00e9mou kurzu je pr\u00e1ca s funkciou Preflight, ktor\u00e1 sl\u00fa\u017ei na kontrolu technick\u00fdch parametrov dokumentu pred v\u00fdstupom. Nau\u010d\u00edte sa vytv\u00e1ra\u0165 a pou\u017e\u00edva\u0165 profily kontroly, rie\u0161i\u0165 upozornenia a chyby, a pochop\u00edte v\u00fdznam z\u00e1mkov\u00fdch s\u00faborov (Lock files) pri spolupr\u00e1ci v t\u00edme. Pracova\u0165 budete aj s bal\u00ed\u010dkami (Packages), ktor\u00e9 zabezpe\u010duj\u00fa kompletn\u00fd v\u00fdstup vr\u00e1tane pou\u017eit\u00fdch fontov, obr\u00e1zkov a prepojen\u00fdch s\u00faborov. Vysvetl\u00edme aj form\u00e1t IDML, ktor\u00fd umo\u017e\u0148uje otv\u00e1ra\u0165 dokumenty v in\u00fdch verzi\u00e1ch programu. V z\u00e1vere kurzu sa nau\u010d\u00edte pou\u017e\u00edva\u0165 n\u00e1stroje na spr\u00e1vu obsahu a grafick\u00fdch prvkov. Osvoj\u00edte si Content Collector a Content Conveyor, ktor\u00e9 umo\u017e\u0148uj\u00fa op\u00e4tovn\u00e9 vyu\u017e\u00edvanie obsahu medzi dokumentmi, a nau\u010d\u00edte sa, ako efekt\u00edvne manipulova\u0165 so stranami pomocou n\u00e1stroja Page Tool. Pr\u00e1ca s rozostupmi, zarovnan\u00edm a priestorom medzi objektmi bude vysvetlen\u00e1 pomocou Gap Tool. Kurz je navrhnut\u00fd tak, aby ste si osvojili funkcie, ktor\u00e9 s\u00fa be\u017ene vyu\u017e\u00edvan\u00e9 v re\u00e1lnych grafick\u00fdch projektoch. V\u010faka praktick\u00fdm \u00faloh\u00e1m a uk\u00e1\u017ekam z\u00edskate istotu v pr\u00e1ci s profesion\u00e1lnymi dokumentmi a priprav\u00edte ich na tla\u010d, export alebo publikovanie. Ak sa chcete skuto\u010dne nau\u010di\u0165 pou\u017e\u00edva\u0165 Adobe InDesign, tak toto je ide\u00e1lny online kurz pre v\u00e1s.<\/p>\n","protected":false},"excerpt":{"rendered":"<p>Online kurz Adobe InDesign II. Mierne Pokro\u010dil\u00fd je zameran\u00fd na profesion\u00e1lnu tvorbu dokumentov, kontrolu ch\u00fdb, bal\u00ed\u010dky a efekt\u00edvnu spr\u00e1vu obsahu. Nau\u010d\u00edte sa vyu\u017e\u00edva\u0165 funkcie ako Preflight, IDML export \u010di Content Collector.","protected":false},"author":4,"featured_media":4478,"comment_status":"open","ping_status":"closed","template":"","meta":{"_acf_changed":false},"product_brand":[],"product_cat":[56,60],"product_tag":[194],"class_list":{"0":"post-5485","1":"product","2":"type-product","3":"status-publish","4":"has-post-thumbnail","6":"product_cat-online-kurzy-grafika-a-dizajn","7":"product_cat-online-kurzy-adobe-indesign","8":"product_tag-grafika-a-dizajn","10":"first","11":"instock","12":"sale","13":"sold-individually","14":"taxable","15":"shipping-taxable","16":"purchasable","17":"product-type-simple"},"yoast_head":"<!-- This site is optimized with the Yoast SEO Premium plugin v25.0 (Yoast SEO v25.0) - https:\/\/yoast.com\/wordpress\/plugins\/seo\/ -->\n<title>Online kurz Adobe InDesign II. Mierne Pokro\u010dil\u00fd 2026 | VITA<\/title>\n<meta name=\"description\" content=\"V online kurze Adobe InDesing v\u00e1s nau\u010d\u00edme pracova\u0165 v programe InDesign. Osvoj\u00edte si Preflight, Spelling a pr\u00e1cu s obsahov\u00fdmi n\u00e1strojmi.\" \/>\n<meta name=\"robots\" content=\"index, follow, max-snippet:-1, max-image-preview:large, max-video-preview:-1\" \/>\n<link rel=\"canonical\" href=\"https:\/\/www.vita.sk\/online-kurz-adobe-indesign-ii-mierne-pokrocily\/\" \/>\n<meta property=\"og:locale\" content=\"en_US\" \/>\n<meta property=\"og:type\" content=\"article\" \/>\n<meta property=\"og:title\" content=\"Online kurz Adobe InDesign II. Mierne Pokro\u010dil\u00fd\" \/>\n<meta property=\"og:description\" content=\"V online kurze Adobe InDesing v\u00e1s nau\u010d\u00edme pracova\u0165 v programe InDesign. Osvoj\u00edte si Preflight, Spelling a pr\u00e1cu s obsahov\u00fdmi n\u00e1strojmi.\" \/>\n<meta property=\"og:url\" content=\"https:\/\/www.vita.sk\/online-kurz-adobe-indesign-ii-mierne-pokrocily\/\" \/>\n<meta property=\"og:site_name\" content=\"VITA\" \/>\n<meta property=\"article:publisher\" content=\"https:\/\/www.facebook.com\/VitaAcademySK\" \/>\n<meta property=\"article:modified_time\" content=\"2025-10-06T16:04:41+00:00\" \/>\n<meta property=\"og:image\" content=\"https:\/\/www.vita.sk\/wp-content\/uploads\/2020\/11\/kurz-adobe-indesign.png\" \/>\n\t<meta property=\"og:image:width\" content=\"360\" \/>\n\t<meta property=\"og:image:height\" content=\"360\" \/>\n\t<meta property=\"og:image:type\" content=\"image\/png\" \/>\n<meta name=\"twitter:card\" content=\"summary_large_image\" \/>\n<meta name=\"twitter:label1\" content=\"Est. reading time\" \/>\n\t<meta name=\"twitter:data1\" content=\"2 minutes\" \/>\n<script type=\"application\/ld+json\" class=\"yoast-schema-graph\">{\n\t    \"@context\": \"https:\/\/schema.org\",\n\t    \"@graph\": [\n\t        {\n\t            \"@type\": \"WebPage\",\n\t            \"@id\": \"https:\/\/www.vita.sk\/online-kurz-adobe-indesign-ii-mierne-pokrocily\/\",\n\t            \"url\": \"https:\/\/www.vita.sk\/online-kurz-adobe-indesign-ii-mierne-pokrocily\/\",\n\t            \"name\": \"Online kurz Adobe InDesign II. Mierne Pokro\u010dil\u00fd {Y} | VITA\",\n\t            \"isPartOf\": {\n\t                \"@id\": \"https:\/\/www.vita.sk\/#website\"\n\t            },\n\t            \"primaryImageOfPage\": {\n\t                \"@id\": \"https:\/\/www.vita.sk\/online-kurz-adobe-indesign-ii-mierne-pokrocily\/#primaryimage\"\n\t            },\n\t            \"image\": {\n\t                \"@id\": \"https:\/\/www.vita.sk\/online-kurz-adobe-indesign-ii-mierne-pokrocily\/#primaryimage\"\n\t            },\n\t            \"thumbnailUrl\": \"https:\/\/www.vita.sk\/wp-content\/uploads\/2020\/11\/kurz-adobe-indesign.png\",\n\t            \"datePublished\": \"2021-12-14T10:59:43+00:00\",\n\t            \"dateModified\": \"2025-10-06T16:04:41+00:00\",\n\t            \"description\": \"V online kurze Adobe InDesing v\u00e1s nau\u010d\u00edme pracova\u0165 v programe InDesign. Osvoj\u00edte si Preflight, Spelling a pr\u00e1cu s obsahov\u00fdmi n\u00e1strojmi.\",\n\t            \"breadcrumb\": {\n\t                \"@id\": \"https:\/\/www.vita.sk\/online-kurz-adobe-indesign-ii-mierne-pokrocily\/#breadcrumb\"\n\t            },\n\t            \"inLanguage\": \"en-US\",\n\t            \"potentialAction\": [\n\t                {\n\t                    \"@type\": \"ReadAction\",\n\t                    \"target\": [\n\t                        \"https:\/\/www.vita.sk\/online-kurz-adobe-indesign-ii-mierne-pokrocily\/\"\n\t                    ]\n\t                }\n\t            ]\n\t        },\n\t        {\n\t            \"@type\": \"ImageObject\",\n\t            \"inLanguage\": \"en-US\",\n\t            \"@id\": \"https:\/\/www.vita.sk\/online-kurz-adobe-indesign-ii-mierne-pokrocily\/#primaryimage\",\n\t            \"url\": \"https:\/\/www.vita.sk\/wp-content\/uploads\/2020\/11\/kurz-adobe-indesign.png\",\n\t            \"contentUrl\": \"https:\/\/www.vita.sk\/wp-content\/uploads\/2020\/11\/kurz-adobe-indesign.png\",\n\t            \"width\": 360,\n\t            \"height\": 360,\n\t            \"caption\": \"Online kurz Adobe InDesign\"\n\t        },\n\t        {\n\t            \"@type\": \"BreadcrumbList\",\n\t            \"@id\": \"https:\/\/www.vita.sk\/online-kurz-adobe-indesign-ii-mierne-pokrocily\/#breadcrumb\",\n\t            \"itemListElement\": [\n\t                {\n\t                    \"@type\": \"ListItem\",\n\t                    \"position\": 1,\n\t                    \"name\": \"VITA Academy\",\n\t                    \"item\": \"https:\/\/www.vita.sk\/en\/\"\n\t                },\n\t                {\n\t                    \"@type\": \"ListItem\",\n\t                    \"position\": 2,\n\t                    \"name\": \"Shop\",\n\t                    \"item\": \"https:\/\/www.vita.sk\/shop\/\"\n\t                },\n\t                {\n\t                    \"@type\": \"ListItem\",\n\t                    \"position\": 3,\n\t                    \"name\": \"Grafika a Dizajn\",\n\t                    \"item\": \"https:\/\/www.vita.sk\/online-kurzy-grafika-a-dizajn\/\"\n\t                },\n\t                {\n\t                    \"@type\": \"ListItem\",\n\t                    \"position\": 4,\n\t                    \"name\": \"Online kurz Adobe InDesign II. Mierne Pokro\u010dil\u00fd\"\n\t                }\n\t            ]\n\t        },\n\t        {\n\t            \"@type\": \"WebSite\",\n\t            \"@id\": \"https:\/\/www.vita.sk\/#website\",\n\t            \"url\": \"https:\/\/www.vita.sk\/\",\n\t            \"name\": \"VITA\",\n\t            \"description\": \"\",\n\t            \"publisher\": {\n\t                \"@id\": \"https:\/\/www.vita.sk\/#organization\"\n\t            },\n\t            \"potentialAction\": [\n\t                {\n\t                    \"@type\": \"SearchAction\",\n\t                    \"target\": {\n\t                        \"@type\": \"EntryPoint\",\n\t                        \"urlTemplate\": \"https:\/\/www.vita.sk\/?s={search_term_string}\"\n\t                    },\n\t                    \"query-input\": {\n\t                        \"@type\": \"PropertyValueSpecification\",\n\t                        \"valueRequired\": true,\n\t                        \"valueName\": \"search_term_string\"\n\t                    }\n\t                }\n\t            ],\n\t            \"inLanguage\": \"en-US\"\n\t        },\n\t        {\n\t            \"email\": \"admin@vita.sk\",\n\t            \"logo\": \"https:\/\/www.vita.sk\/img\/vita_logo.png \",\n\t            \"address\": {\n\t                \"type\": \"PostalAddress\",\n\t                \"streetAddress\": \"Tom\u00e1\u0161ikova 50\/A\",\n\t                \"addressLocality\": \"Bratislava\",\n\t                \"postalCode\": \"83104\",\n\t                \"addressCountry\": {\n\t                    \"name\": \"SK\",\n\t                    \"type\": \"Country\"\n\t                }\n\t            },\n\t            \"contactPoint\": {\n\t                \"type\": \"ContactPoint\",\n\t                \"telephone\": \"+421 907 375\u00a0543\",\n\t                \"Email\": \"admin@vita.sk\",\n\t                \"contactType\": \"customer service\"\n\t            },\n\t            \"sameAs\": [\n\t                \"https:\/\/www.facebook.com\/VitaAcademySK\/\",\n\t                \"https:\/\/www.linkedin.com\/company\/vita-academy\/\"\n\t            ]\n\t        }\n\t    ]\n\t}<\/script>\n<!-- \/ Yoast SEO Premium plugin. -->","yoast_head_json":{"title":"Online kurz Adobe InDesign II. Mierne Pokro\u010dil\u00fd 2026 | VITA","description":"V online kurze Adobe InDesing v\u00e1s nau\u010d\u00edme pracova\u0165 v programe InDesign. Osvoj\u00edte si Preflight, Spelling a pr\u00e1cu s obsahov\u00fdmi n\u00e1strojmi.","robots":{"index":"index","follow":"follow","max-snippet":"max-snippet:-1","max-image-preview":"max-image-preview:large","max-video-preview":"max-video-preview:-1"},"canonical":"https:\/\/www.vita.sk\/online-kurz-adobe-indesign-ii-mierne-pokrocily\/","og_locale":"en_US","og_type":"article","og_title":"Online kurz Adobe InDesign II. Mierne Pokro\u010dil\u00fd","og_description":"V online kurze Adobe InDesing v\u00e1s nau\u010d\u00edme pracova\u0165 v programe InDesign. Osvoj\u00edte si Preflight, Spelling a pr\u00e1cu s obsahov\u00fdmi n\u00e1strojmi.","og_url":"https:\/\/www.vita.sk\/online-kurz-adobe-indesign-ii-mierne-pokrocily\/","og_site_name":"VITA","article_publisher":"https:\/\/www.facebook.com\/VitaAcademySK","article_modified_time":"2025-10-06T16:04:41+00:00","og_image":[{"width":360,"height":360,"url":"https:\/\/www.vita.sk\/wp-content\/uploads\/2020\/11\/kurz-adobe-indesign.png","type":"image\/png"}],"twitter_card":"summary_large_image","twitter_misc":{"Est. reading time":"2 minutes"},"schema":{"@context":"https:\/\/schema.org","@graph":[{"@type":"WebPage","@id":"https:\/\/www.vita.sk\/online-kurz-adobe-indesign-ii-mierne-pokrocily\/","url":"https:\/\/www.vita.sk\/online-kurz-adobe-indesign-ii-mierne-pokrocily\/","name":"Online kurz Adobe InDesign II. Mierne Pokro\u010dil\u00fd {Y} | VITA","isPartOf":{"@id":"https:\/\/www.vita.sk\/#website"},"primaryImageOfPage":{"@id":"https:\/\/www.vita.sk\/online-kurz-adobe-indesign-ii-mierne-pokrocily\/#primaryimage"},"image":{"@id":"https:\/\/www.vita.sk\/online-kurz-adobe-indesign-ii-mierne-pokrocily\/#primaryimage"},"thumbnailUrl":"https:\/\/www.vita.sk\/wp-content\/uploads\/2020\/11\/kurz-adobe-indesign.png","datePublished":"2021-12-14T10:59:43+00:00","dateModified":"2025-10-06T16:04:41+00:00","description":"V online kurze Adobe InDesing v\u00e1s nau\u010d\u00edme pracova\u0165 v programe InDesign. Osvoj\u00edte si Preflight, Spelling a pr\u00e1cu s obsahov\u00fdmi n\u00e1strojmi.","breadcrumb":{"@id":"https:\/\/www.vita.sk\/online-kurz-adobe-indesign-ii-mierne-pokrocily\/#breadcrumb"},"inLanguage":"en-US","potentialAction":[{"@type":"ReadAction","target":["https:\/\/www.vita.sk\/online-kurz-adobe-indesign-ii-mierne-pokrocily\/"]}]},{"@type":"ImageObject","inLanguage":"en-US","@id":"https:\/\/www.vita.sk\/online-kurz-adobe-indesign-ii-mierne-pokrocily\/#primaryimage","url":"https:\/\/www.vita.sk\/wp-content\/uploads\/2020\/11\/kurz-adobe-indesign.png","contentUrl":"https:\/\/www.vita.sk\/wp-content\/uploads\/2020\/11\/kurz-adobe-indesign.png","width":360,"height":360,"caption":"Online kurz Adobe InDesign"},{"@type":"BreadcrumbList","@id":"https:\/\/www.vita.sk\/online-kurz-adobe-indesign-ii-mierne-pokrocily\/#breadcrumb","itemListElement":[{"@type":"ListItem","position":1,"name":"VITA Academy","item":"https:\/\/www.vita.sk\/en\/"},{"@type":"ListItem","position":2,"name":"Shop","item":"https:\/\/www.vita.sk\/shop\/"},{"@type":"ListItem","position":3,"name":"Grafika a Dizajn","item":"https:\/\/www.vita.sk\/online-kurzy-grafika-a-dizajn\/"},{"@type":"ListItem","position":4,"name":"Online kurz Adobe InDesign II. Mierne Pokro\u010dil\u00fd"}]},{"@type":"WebSite","@id":"https:\/\/www.vita.sk\/#website","url":"https:\/\/www.vita.sk\/","name":"VITA","description":"","publisher":{"@id":"https:\/\/www.vita.sk\/#organization"},"potentialAction":[{"@type":"SearchAction","target":{"@type":"EntryPoint","urlTemplate":"https:\/\/www.vita.sk\/?s={search_term_string}"},"query-input":{"@type":"PropertyValueSpecification","valueRequired":true,"valueName":"search_term_string"}}],"inLanguage":"en-US"},{"email":"admin@vita.sk","logo":"https:\/\/www.vita.sk\/img\/vita_logo.png ","address":{"type":"PostalAddress","streetAddress":"Tom\u00e1\u0161ikova 50\/A","addressLocality":"Bratislava","postalCode":"83104","addressCountry":{"name":"SK","type":"Country"}},"contactPoint":{"type":"ContactPoint","telephone":"+421 907 375\u00a0543","Email":"admin@vita.sk","contactType":"customer service"},"sameAs":["https:\/\/www.facebook.com\/VitaAcademySK\/","https:\/\/www.linkedin.com\/company\/vita-academy\/"]}]}},"acf":[],"_links":{"self":[{"href":"https:\/\/www.vita.sk\/en\/wp-json\/wp\/v2\/product\/5485","targetHints":{"allow":["GET"]}}],"collection":[{"href":"https:\/\/www.vita.sk\/en\/wp-json\/wp\/v2\/product"}],"about":[{"href":"https:\/\/www.vita.sk\/en\/wp-json\/wp\/v2\/types\/product"}],"author":[{"embeddable":true,"href":"https:\/\/www.vita.sk\/en\/wp-json\/wp\/v2\/users\/4"}],"replies":[{"embeddable":true,"href":"https:\/\/www.vita.sk\/en\/wp-json\/wp\/v2\/comments?post=5485"}],"wp:featuredmedia":[{"embeddable":true,"href":"https:\/\/www.vita.sk\/en\/wp-json\/wp\/v2\/media\/4478"}],"wp:attachment":[{"href":"https:\/\/www.vita.sk\/en\/wp-json\/wp\/v2\/media?parent=5485"}],"wp:term":[{"taxonomy":"product_brand","embeddable":true,"href":"https:\/\/www.vita.sk\/en\/wp-json\/wp\/v2\/product_brand?post=5485"},{"taxonomy":"product_cat","embeddable":true,"href":"https:\/\/www.vita.sk\/en\/wp-json\/wp\/v2\/product_cat?post=5485"},{"taxonomy":"product_tag","embeddable":true,"href":"https:\/\/www.vita.sk\/en\/wp-json\/wp\/v2\/product_tag?post=5485"}],"curies":[{"name":"wp","href":"https:\/\/api.w.org\/{rel}","templated":true}]}}