{"id":5491,"date":"2021-11-30T08:10:46","date_gmt":"2021-11-30T07:10:46","guid":{"rendered":"https:\/\/www.vita.sk\/?post_type=product&#038;p=5491"},"modified":"2024-06-07T12:46:31","modified_gmt":"2024-06-07T10:46:31","slug":"online-kurz-microsoft-sharepoint-i-zaciatocnik","status":"publish","type":"product","link":"https:\/\/www.vita.sk\/en\/online-kurz-microsoft-sharepoint-i-zaciatocnik\/","title":{"rendered":"Online kurz Microsoft SharePoint I. Za\u010diato\u010dn\u00edk"},"content":{"rendered":"<p>Online kurz Microsoft SharePoint I. Za\u010diato\u010dn\u00edk je ur\u010den\u00fd pre pou\u017e\u00edvate\u013eov, ktor\u00ed nemaj\u00fa \u017eiadne sk\u00fasenosti s technol\u00f3giou SharePoint, alebo si potrebuj\u00fa preh\u013abi\u0165 svoje znalosti. Online kurz je zameran\u00fd na \u00favodn\u00fd preh\u013ead technol\u00f3gie SharePoint, a na z\u00e1kladn\u00fa pr\u00e1cu so s\u00fabormi v kni\u017eniciach a zoznamoch. Uk\u00e1\u017eeme si zdie\u013eanie dokumentov s mo\u017enos\u0165ou ukladania ich verzii. Podporuje aj zlo\u017eit\u00e9 registrat\u00farne rie\u0161enia, v ktor\u00fdch je potrebn\u00e9 jasne nastavi\u0165 pr\u00e1va a pr\u00edstupy v ka\u017edej f\u00e1ze \u017eivota dan\u00e9ho dokumentu (od jeho vytvorenia, cez pou\u017e\u00edvanie a archiv\u00e1ciu a\u017e po skart\u00e1ciu). SharePoint je postaven\u00fd ako webov\u00e9 rie\u0161enie, ktor\u00e9 nie je zameran\u00e9 len na zdie\u013eanie dokumentov ale na cel\u00e9 port\u00e1lov\u00e9 rie\u0161enia. Nau\u010d\u00ed\u0161 sa mo\u017enosti vyu\u017eitia od jednoduch\u00e9ho priestoru na zdie\u013eanie firemn\u00fdch dokumentov a\u017e po kompletn\u00e9 intranetov\u00e9 \/ internetov\u00e9 port\u00e1ly.<\/p>\n","protected":false},"excerpt":{"rendered":"<p>Online kurz Microsoft SharePoint I. Za\u010diato\u010dn\u00edk je ur\u010den\u00fd pre pou\u017e\u00edvate\u013eov, ktor\u00ed nemaj\u00fa \u017eiadne sk\u00fasenosti s technol\u00f3giou SharePoint, alebo si potrebuj\u00fa preh\u013abi\u0165 svoje znalosti. Online kurz je zameran\u00fd na \u00favodn\u00fd preh\u013ead technol\u00f3gie SharePoint, a na z\u00e1kladn\u00fa pr\u00e1cu so s\u00fabormi v kni\u017eniciach a zoznamoch. Uk\u00e1\u017eeme si zdie\u013eanie dokumentov s mo\u017enos\u0165ou ukladania ich verzii.","protected":false},"author":4,"featured_media":4195,"comment_status":"open","ping_status":"closed","template":"","meta":{"_acf_changed":false},"product_brand":[],"product_cat":[66,73],"product_tag":[187],"class_list":{"0":"post-5491","1":"product","2":"type-product","3":"status-publish","4":"has-post-thumbnail","6":"product_cat-online-kurzy-kancelarske-baliky","7":"product_cat-bez-kategorie","8":"product_tag-kancelarske-baliky","10":"first","11":"instock","12":"sale","13":"sold-individually","14":"taxable","15":"shipping-taxable","16":"purchasable","17":"product-type-simple"},"yoast_head":"<!-- This site is optimized with the Yoast SEO Premium plugin v25.0 (Yoast SEO v25.0) - https:\/\/yoast.com\/wordpress\/plugins\/seo\/ -->\n<title>Online kurz Microsoft SharePoint pre za\u010diato\u010dn\u00edkov  | VITA<\/title>\n<meta name=\"description\" content=\"V online kurze Microsoft SharePoint \u0165a nau\u010d\u00edme pracova\u0165 so s\u00fabormi v kni\u017eniciach a zozamoch, zdie\u013ea\u0165 dokumenty \u010di preh\u013ead technol\u00f3gie SharePoint.\" \/>\n<meta name=\"robots\" content=\"index, follow, max-snippet:-1, max-image-preview:large, max-video-preview:-1\" \/>\n<link rel=\"canonical\" href=\"https:\/\/www.vita.sk\/online-kurz-microsoft-sharepoint-i-zaciatocnik\/\" \/>\n<meta property=\"og:locale\" content=\"en_US\" \/>\n<meta property=\"og:type\" content=\"article\" \/>\n<meta property=\"og:title\" content=\"Online kurz Microsoft SharePoint I. Za\u010diato\u010dn\u00edk\" \/>\n<meta property=\"og:description\" content=\"V online kurze Microsoft SharePoint \u0165a nau\u010d\u00edme pracova\u0165 so s\u00fabormi v kni\u017eniciach a zozamoch, zdie\u013ea\u0165 dokumenty \u010di preh\u013ead technol\u00f3gie SharePoint.\" \/>\n<meta property=\"og:url\" content=\"https:\/\/www.vita.sk\/online-kurz-microsoft-sharepoint-i-zaciatocnik\/\" \/>\n<meta property=\"og:site_name\" content=\"VITA\" \/>\n<meta property=\"article:publisher\" content=\"https:\/\/www.facebook.com\/VitaAcademySK\" \/>\n<meta property=\"article:modified_time\" content=\"2024-06-07T10:46:31+00:00\" \/>\n<meta property=\"og:image\" content=\"https:\/\/www.vita.sk\/wp-content\/uploads\/2020\/11\/kurz-Microsoft-SharePoint.png\" \/>\n\t<meta property=\"og:image:width\" content=\"360\" \/>\n\t<meta property=\"og:image:height\" content=\"360\" \/>\n\t<meta property=\"og:image:type\" content=\"image\/png\" \/>\n<meta name=\"twitter:card\" content=\"summary_large_image\" \/>\n<meta name=\"twitter:label1\" content=\"Est. reading time\" \/>\n\t<meta name=\"twitter:data1\" content=\"1 minute\" \/>\n<script type=\"application\/ld+json\" class=\"yoast-schema-graph\">{\n\t    \"@context\": \"https:\/\/schema.org\",\n\t    \"@graph\": [\n\t        {\n\t            \"@type\": \"WebPage\",\n\t            \"@id\": \"https:\/\/www.vita.sk\/online-kurz-microsoft-sharepoint-i-zaciatocnik\/\",\n\t            \"url\": \"https:\/\/www.vita.sk\/online-kurz-microsoft-sharepoint-i-zaciatocnik\/\",\n\t            \"name\": \"Online kurz Microsoft SharePoint pre za\u010diato\u010dn\u00edkov 2023 | VITA\",\n\t            \"isPartOf\": {\n\t                \"@id\": \"https:\/\/www.vita.sk\/#website\"\n\t            },\n\t            \"primaryImageOfPage\": {\n\t                \"@id\": \"https:\/\/www.vita.sk\/online-kurz-microsoft-sharepoint-i-zaciatocnik\/#primaryimage\"\n\t            },\n\t            \"image\": {\n\t                \"@id\": \"https:\/\/www.vita.sk\/online-kurz-microsoft-sharepoint-i-zaciatocnik\/#primaryimage\"\n\t            },\n\t            \"thumbnailUrl\": \"https:\/\/www.vita.sk\/wp-content\/uploads\/2020\/11\/kurz-Microsoft-SharePoint.png\",\n\t            \"datePublished\": \"2021-11-30T07:10:46+00:00\",\n\t            \"dateModified\": \"2024-06-07T10:46:31+00:00\",\n\t            \"description\": \"V online kurze Microsoft SharePoint \u0165a nau\u010d\u00edme pracova\u0165 so s\u00fabormi v kni\u017eniciach a zozamoch, zdie\u013ea\u0165 dokumenty \u010di preh\u013ead technol\u00f3gie SharePoint.\",\n\t            \"breadcrumb\": {\n\t                \"@id\": \"https:\/\/www.vita.sk\/online-kurz-microsoft-sharepoint-i-zaciatocnik\/#breadcrumb\"\n\t            },\n\t            \"inLanguage\": \"en-US\",\n\t            \"potentialAction\": [\n\t                {\n\t                    \"@type\": \"ReadAction\",\n\t                    \"target\": [\n\t                        \"https:\/\/www.vita.sk\/online-kurz-microsoft-sharepoint-i-zaciatocnik\/\"\n\t                    ]\n\t                }\n\t            ]\n\t        },\n\t        {\n\t            \"@type\": \"ImageObject\",\n\t            \"inLanguage\": \"en-US\",\n\t            \"@id\": \"https:\/\/www.vita.sk\/online-kurz-microsoft-sharepoint-i-zaciatocnik\/#primaryimage\",\n\t            \"url\": \"https:\/\/www.vita.sk\/wp-content\/uploads\/2020\/11\/kurz-Microsoft-SharePoint.png\",\n\t            \"contentUrl\": \"https:\/\/www.vita.sk\/wp-content\/uploads\/2020\/11\/kurz-Microsoft-SharePoint.png\",\n\t            \"width\": 360,\n\t            \"height\": 360,\n\t            \"caption\": \"Online kurz SharePoint\"\n\t        },\n\t        {\n\t            \"@type\": \"BreadcrumbList\",\n\t            \"@id\": \"https:\/\/www.vita.sk\/online-kurz-microsoft-sharepoint-i-zaciatocnik\/#breadcrumb\",\n\t            \"itemListElement\": [\n\t                {\n\t                    \"@type\": \"ListItem\",\n\t                    \"position\": 1,\n\t                    \"name\": \"VITA Academy\",\n\t                    \"item\": \"https:\/\/www.vita.sk\/en\/\"\n\t                },\n\t                {\n\t                    \"@type\": \"ListItem\",\n\t                    \"position\": 2,\n\t                    \"name\": \"Shop\",\n\t                    \"item\": \"https:\/\/www.vita.sk\/shop\/\"\n\t                },\n\t                {\n\t                    \"@type\": \"ListItem\",\n\t                    \"position\": 3,\n\t                    \"name\": \"Kancel\u00e1rske Bal\u00edky\",\n\t                    \"item\": \"https:\/\/www.vita.sk\/online-kurzy-kancelarske-baliky\/\"\n\t                },\n\t                {\n\t                    \"@type\": \"ListItem\",\n\t                    \"position\": 4,\n\t                    \"name\": \"Online kurz Microsoft SharePoint I. Za\u010diato\u010dn\u00edk\"\n\t                }\n\t            ]\n\t        },\n\t        {\n\t            \"@type\": \"WebSite\",\n\t            \"@id\": \"https:\/\/www.vita.sk\/#website\",\n\t            \"url\": \"https:\/\/www.vita.sk\/\",\n\t            \"name\": \"VITA\",\n\t            \"description\": \"\",\n\t            \"publisher\": {\n\t                \"@id\": \"https:\/\/www.vita.sk\/#organization\"\n\t            },\n\t            \"potentialAction\": [\n\t                {\n\t                    \"@type\": \"SearchAction\",\n\t                    \"target\": {\n\t                        \"@type\": \"EntryPoint\",\n\t                        \"urlTemplate\": \"https:\/\/www.vita.sk\/?s={search_term_string}\"\n\t                    },\n\t                    \"query-input\": {\n\t                        \"@type\": \"PropertyValueSpecification\",\n\t                        \"valueRequired\": true,\n\t                        \"valueName\": \"search_term_string\"\n\t                    }\n\t                }\n\t            ],\n\t            \"inLanguage\": \"en-US\"\n\t        },\n\t        {\n\t            \"email\": \"admin@vita.sk\",\n\t            \"logo\": \"https:\/\/www.vita.sk\/img\/vita_logo.png \",\n\t            \"address\": {\n\t                \"type\": \"PostalAddress\",\n\t                \"streetAddress\": \"Tom\u00e1\u0161ikova 50\/A\",\n\t                \"addressLocality\": \"Bratislava\",\n\t                \"postalCode\": \"83104\",\n\t                \"addressCountry\": {\n\t                    \"name\": \"SK\",\n\t                    \"type\": \"Country\"\n\t                }\n\t            },\n\t            \"contactPoint\": {\n\t                \"type\": \"ContactPoint\",\n\t                \"telephone\": \"+421 907 375\u00a0543\",\n\t                \"Email\": \"admin@vita.sk\",\n\t                \"contactType\": \"customer service\"\n\t            },\n\t            \"sameAs\": [\n\t                \"https:\/\/www.facebook.com\/VitaAcademySK\/\",\n\t                \"https:\/\/www.linkedin.com\/company\/vita-academy\/\"\n\t            ]\n\t        }\n\t    ]\n\t}<\/script>\n<!-- \/ Yoast SEO Premium plugin. -->","yoast_head_json":{"title":"Online kurz Microsoft SharePoint pre za\u010diato\u010dn\u00edkov  | VITA","description":"V online kurze Microsoft SharePoint \u0165a nau\u010d\u00edme pracova\u0165 so s\u00fabormi v kni\u017eniciach a zozamoch, zdie\u013ea\u0165 dokumenty \u010di preh\u013ead technol\u00f3gie SharePoint.","robots":{"index":"index","follow":"follow","max-snippet":"max-snippet:-1","max-image-preview":"max-image-preview:large","max-video-preview":"max-video-preview:-1"},"canonical":"https:\/\/www.vita.sk\/online-kurz-microsoft-sharepoint-i-zaciatocnik\/","og_locale":"en_US","og_type":"article","og_title":"Online kurz Microsoft SharePoint I. Za\u010diato\u010dn\u00edk","og_description":"V online kurze Microsoft SharePoint \u0165a nau\u010d\u00edme pracova\u0165 so s\u00fabormi v kni\u017eniciach a zozamoch, zdie\u013ea\u0165 dokumenty \u010di preh\u013ead technol\u00f3gie SharePoint.","og_url":"https:\/\/www.vita.sk\/online-kurz-microsoft-sharepoint-i-zaciatocnik\/","og_site_name":"VITA","article_publisher":"https:\/\/www.facebook.com\/VitaAcademySK","article_modified_time":"2024-06-07T10:46:31+00:00","og_image":[{"width":360,"height":360,"url":"https:\/\/www.vita.sk\/wp-content\/uploads\/2020\/11\/kurz-Microsoft-SharePoint.png","type":"image\/png"}],"twitter_card":"summary_large_image","twitter_misc":{"Est. reading time":"1 minute"},"schema":{"@context":"https:\/\/schema.org","@graph":[{"@type":"WebPage","@id":"https:\/\/www.vita.sk\/online-kurz-microsoft-sharepoint-i-zaciatocnik\/","url":"https:\/\/www.vita.sk\/online-kurz-microsoft-sharepoint-i-zaciatocnik\/","name":"Online kurz Microsoft SharePoint pre za\u010diato\u010dn\u00edkov 2023 | VITA","isPartOf":{"@id":"https:\/\/www.vita.sk\/#website"},"primaryImageOfPage":{"@id":"https:\/\/www.vita.sk\/online-kurz-microsoft-sharepoint-i-zaciatocnik\/#primaryimage"},"image":{"@id":"https:\/\/www.vita.sk\/online-kurz-microsoft-sharepoint-i-zaciatocnik\/#primaryimage"},"thumbnailUrl":"https:\/\/www.vita.sk\/wp-content\/uploads\/2020\/11\/kurz-Microsoft-SharePoint.png","datePublished":"2021-11-30T07:10:46+00:00","dateModified":"2024-06-07T10:46:31+00:00","description":"V online kurze Microsoft SharePoint \u0165a nau\u010d\u00edme pracova\u0165 so s\u00fabormi v kni\u017eniciach a zozamoch, zdie\u013ea\u0165 dokumenty \u010di preh\u013ead technol\u00f3gie SharePoint.","breadcrumb":{"@id":"https:\/\/www.vita.sk\/online-kurz-microsoft-sharepoint-i-zaciatocnik\/#breadcrumb"},"inLanguage":"en-US","potentialAction":[{"@type":"ReadAction","target":["https:\/\/www.vita.sk\/online-kurz-microsoft-sharepoint-i-zaciatocnik\/"]}]},{"@type":"ImageObject","inLanguage":"en-US","@id":"https:\/\/www.vita.sk\/online-kurz-microsoft-sharepoint-i-zaciatocnik\/#primaryimage","url":"https:\/\/www.vita.sk\/wp-content\/uploads\/2020\/11\/kurz-Microsoft-SharePoint.png","contentUrl":"https:\/\/www.vita.sk\/wp-content\/uploads\/2020\/11\/kurz-Microsoft-SharePoint.png","width":360,"height":360,"caption":"Online kurz SharePoint"},{"@type":"BreadcrumbList","@id":"https:\/\/www.vita.sk\/online-kurz-microsoft-sharepoint-i-zaciatocnik\/#breadcrumb","itemListElement":[{"@type":"ListItem","position":1,"name":"VITA Academy","item":"https:\/\/www.vita.sk\/en\/"},{"@type":"ListItem","position":2,"name":"Shop","item":"https:\/\/www.vita.sk\/shop\/"},{"@type":"ListItem","position":3,"name":"Kancel\u00e1rske Bal\u00edky","item":"https:\/\/www.vita.sk\/online-kurzy-kancelarske-baliky\/"},{"@type":"ListItem","position":4,"name":"Online kurz Microsoft SharePoint I. Za\u010diato\u010dn\u00edk"}]},{"@type":"WebSite","@id":"https:\/\/www.vita.sk\/#website","url":"https:\/\/www.vita.sk\/","name":"VITA","description":"","publisher":{"@id":"https:\/\/www.vita.sk\/#organization"},"potentialAction":[{"@type":"SearchAction","target":{"@type":"EntryPoint","urlTemplate":"https:\/\/www.vita.sk\/?s={search_term_string}"},"query-input":{"@type":"PropertyValueSpecification","valueRequired":true,"valueName":"search_term_string"}}],"inLanguage":"en-US"},{"email":"admin@vita.sk","logo":"https:\/\/www.vita.sk\/img\/vita_logo.png ","address":{"type":"PostalAddress","streetAddress":"Tom\u00e1\u0161ikova 50\/A","addressLocality":"Bratislava","postalCode":"83104","addressCountry":{"name":"SK","type":"Country"}},"contactPoint":{"type":"ContactPoint","telephone":"+421 907 375\u00a0543","Email":"admin@vita.sk","contactType":"customer service"},"sameAs":["https:\/\/www.facebook.com\/VitaAcademySK\/","https:\/\/www.linkedin.com\/company\/vita-academy\/"]}]}},"acf":[],"_links":{"self":[{"href":"https:\/\/www.vita.sk\/en\/wp-json\/wp\/v2\/product\/5491","targetHints":{"allow":["GET"]}}],"collection":[{"href":"https:\/\/www.vita.sk\/en\/wp-json\/wp\/v2\/product"}],"about":[{"href":"https:\/\/www.vita.sk\/en\/wp-json\/wp\/v2\/types\/product"}],"author":[{"embeddable":true,"href":"https:\/\/www.vita.sk\/en\/wp-json\/wp\/v2\/users\/4"}],"replies":[{"embeddable":true,"href":"https:\/\/www.vita.sk\/en\/wp-json\/wp\/v2\/comments?post=5491"}],"wp:featuredmedia":[{"embeddable":true,"href":"https:\/\/www.vita.sk\/en\/wp-json\/wp\/v2\/media\/4195"}],"wp:attachment":[{"href":"https:\/\/www.vita.sk\/en\/wp-json\/wp\/v2\/media?parent=5491"}],"wp:term":[{"taxonomy":"product_brand","embeddable":true,"href":"https:\/\/www.vita.sk\/en\/wp-json\/wp\/v2\/product_brand?post=5491"},{"taxonomy":"product_cat","embeddable":true,"href":"https:\/\/www.vita.sk\/en\/wp-json\/wp\/v2\/product_cat?post=5491"},{"taxonomy":"product_tag","embeddable":true,"href":"https:\/\/www.vita.sk\/en\/wp-json\/wp\/v2\/product_tag?post=5491"}],"curies":[{"name":"wp","href":"https:\/\/api.w.org\/{rel}","templated":true}]}}