{"id":7051,"date":"2021-09-07T10:20:39","date_gmt":"2021-09-07T08:20:39","guid":{"rendered":"https:\/\/www.vita.sk\/?post_type=product&#038;p=7051"},"modified":"2024-12-02T15:53:12","modified_gmt":"2024-12-02T14:53:12","slug":"online-kurz-katalon-ii-pokrocily","status":"publish","type":"product","link":"https:\/\/www.vita.sk\/en\/online-kurz-katalon-ii-pokrocily\/","title":{"rendered":"Online kurz Katalon II. Mierne Pokro\u010dil\u00fd"},"content":{"rendered":"<p>Online kurz Katalon II. Mierne Pokro\u010dil\u00fd je pre v\u00e1s ide\u00e1lny, ak sa chcete nau\u010di\u0165 pokro\u010dil\u00e9 techniky automatizovan\u00e9ho testovania s vyu\u017eit\u00edm n\u00e1strojov Katalon. <strong>Ide o akreditovan\u00fd a certifikovan\u00fd kurz na Katalon.<\/strong> V tomto kurze sa zameriate na efekt\u00edvne vyu\u017eitie Katalon Recorder a Katalon Studio pri tvorbe a spr\u00e1ve automatizovan\u00fdch testov. Nau\u010d\u00edte sa pracova\u0165 s premenn\u00fdmi a riadiacimi \u0161trukt\u00farami v Katalon Recorder, \u010do v\u00e1m umo\u017en\u00ed vytv\u00e1ra\u0165 dynamickej\u0161ie a flexibilnej\u0161ie testovacie skripty. Z\u00edskate tie\u017e sk\u00fasenosti s integr\u00e1ciou Katalon Studio s Katalon TestOps, \u010do v\u00e1m poskytne komplexn\u00fd preh\u013ead o testovac\u00edch aktivit\u00e1ch a umo\u017en\u00ed efekt\u00edvne riadenie testovacieho procesu. Kurz v\u00e1s obozn\u00e1mi so z\u00e1kladmi Git a GitHub, vr\u00e1tane in\u0161tal\u00e1cie Gitu, pr\u00e1ce s Git Bash a Git GUI, a vytv\u00e1rania konta na GitHube. Osvoj\u00edte si pr\u00e1cu s lok\u00e1lnymi a vzdialen\u00fdmi repozit\u00e1rmi, vytv\u00e1ranie commitov a vetiev, ako aj realiz\u00e1ciu pull requestov, \u010do je nevyhnutn\u00e9 pre efekt\u00edvnu t\u00edmov\u00fa spolupr\u00e1cu a spr\u00e1vu verzi\u00ed testovac\u00edch skriptov. Pre hlb\u0161ie pochopenie testovan\u00fdch aplik\u00e1ci\u00ed sa nau\u010d\u00edte z\u00e1klady HTML5 a pou\u017e\u00edvanie EmmetJS na r\u00fdchle generovanie HTML a CSS k\u00f3du. T\u00fdm z\u00edskate schopnos\u0165 analyzova\u0165 a identifikova\u0165 prvky na webov\u00fdch str\u00e1nkach, \u010do je k\u013e\u00fa\u010dov\u00e9 pri tvorbe presn\u00fdch a spo\u013eahliv\u00fdch testovac\u00edch skriptov. Kurz sa venuje aj testovaniu API, kde sa obozn\u00e1mite s webov\u00fdmi slu\u017ebami, protokolmi SOAP, WSDL, HTTP, ako aj s konceptmi REST a GraphQL. Nau\u010d\u00edte sa pou\u017e\u00edva\u0165 r\u00f4zne HTTP met\u00f3dy a porozumiete princ\u00edpom API testovania, \u010do v\u00e1m umo\u017en\u00ed overova\u0165 funk\u010dnos\u0165 a spo\u013eahlivos\u0165 rozhran\u00ed medzi syst\u00e9mami. Okrem toho sa zozn\u00e1mite s n\u00e1strojom Kobiton pre mobiln\u00e9 testovanie a nau\u010d\u00edte sa, ako integrova\u0165 Katalon s \u010fal\u0161\u00edmi n\u00e1strojmi, \u010do v\u00e1m poskytne flexibilitu pri automatiz\u00e1cii testov naprie\u010d r\u00f4znymi platformami a zariadeniami. Absolvovan\u00edm tohto kurzu z\u00edskate pokro\u010dil\u00e9 zru\u010dnosti v automatizovanom testovan\u00ed s Katalon, \u010do v\u00e1m umo\u017en\u00ed efekt\u00edvne navrhova\u0165, implementova\u0165 a spravova\u0165 testovacie procesy v r\u00f4znych prostrediach a projektoch. Ak sa chcete skuto\u010dne nau\u010di\u0165 pou\u017e\u00edva\u0165 Katalon, tak toto je ide\u00e1lny online kurz pre v\u00e1s.<\/p>\n","protected":false},"excerpt":{"rendered":"<p>Online kurz Katalon II. Mierne Pokro\u010dil\u00fd je pre v\u00e1s ide\u00e1lny, ak sa chcete nau\u010di\u0165 pokro\u010dil\u00e9 techniky automatizovan\u00e9ho testovania s vyu\u017eit\u00edm n\u00e1strojov Katalon. Ide o akreditovan\u00fd a certifikovan\u00fd kurz na Katalon. V tomto kurze sa zameriate na efekt\u00edvne vyu\u017eitie Katalon Recorder a Katalon Studio pri tvorbe a spr\u00e1ve automatizovan\u00fdch testov.","protected":false},"author":4,"featured_media":4279,"comment_status":"open","ping_status":"closed","template":"","meta":{"_acf_changed":false},"product_brand":[],"product_cat":[99,130],"product_tag":[189,226],"class_list":{"0":"post-7051","1":"product","2":"type-product","3":"status-publish","4":"has-post-thumbnail","6":"product_cat-online-kurzy-programovacie-jazyky","7":"product_cat-online-kurzy-testovanie-softveru-programovanie","8":"product_tag-programovacie-jazyky","9":"product_tag-testovanie-softveru","11":"first","12":"instock","13":"sale","14":"sold-individually","15":"taxable","16":"shipping-taxable","17":"purchasable","18":"product-type-simple"},"yoast_head":"<!-- This site is optimized with the Yoast SEO Premium plugin v25.0 (Yoast SEO v25.0) - https:\/\/yoast.com\/wordpress\/plugins\/seo\/ -->\n<title>Online kurz Katalon II. Mierne Pokro\u010dil\u00fd  | VITA<\/title>\n<meta name=\"description\" content=\"V online kurze Katalon sa zameriate na pokro\u010dilej\u0161ie testovanie v Katalon Studio. Nau\u010d\u00edte sa vytv\u00e1ra\u0165 komplexn\u00e9 testovacie skripty. \u2705\" \/>\n<meta name=\"robots\" content=\"index, follow, max-snippet:-1, max-image-preview:large, max-video-preview:-1\" \/>\n<link rel=\"canonical\" href=\"https:\/\/www.vita.sk\/online-kurz-katalon-ii-pokrocily\/\" \/>\n<meta property=\"og:locale\" content=\"en_US\" \/>\n<meta property=\"og:type\" content=\"article\" \/>\n<meta property=\"og:title\" content=\"Online kurz Katalon II. Mierne Pokro\u010dil\u00fd\" \/>\n<meta property=\"og:description\" content=\"V online kurze Katalon sa zameriate na pokro\u010dilej\u0161ie testovanie v Katalon Studio. Nau\u010d\u00edte sa vytv\u00e1ra\u0165 komplexn\u00e9 testovacie skripty. \u2705\" \/>\n<meta property=\"og:url\" content=\"https:\/\/www.vita.sk\/online-kurz-katalon-ii-pokrocily\/\" \/>\n<meta property=\"og:site_name\" content=\"VITA\" \/>\n<meta property=\"article:publisher\" content=\"https:\/\/www.facebook.com\/VitaAcademySK\" \/>\n<meta property=\"article:modified_time\" content=\"2024-12-02T14:53:12+00:00\" \/>\n<meta property=\"og:image\" content=\"https:\/\/www.vita.sk\/wp-content\/uploads\/2020\/11\/kurz-testovanie-s-katalon.png\" \/>\n\t<meta property=\"og:image:width\" content=\"360\" \/>\n\t<meta property=\"og:image:height\" content=\"360\" \/>\n\t<meta property=\"og:image:type\" content=\"image\/png\" \/>\n<meta name=\"twitter:card\" content=\"summary_large_image\" \/>\n<meta name=\"twitter:label1\" content=\"Est. reading time\" \/>\n\t<meta name=\"twitter:data1\" content=\"2 minutes\" \/>\n<script type=\"application\/ld+json\" class=\"yoast-schema-graph\">{\n\t    \"@context\": \"https:\/\/schema.org\",\n\t    \"@graph\": [\n\t        {\n\t            \"@type\": \"WebPage\",\n\t            \"@id\": \"https:\/\/www.vita.sk\/online-kurz-katalon-ii-pokrocily\/\",\n\t            \"url\": \"https:\/\/www.vita.sk\/online-kurz-katalon-ii-pokrocily\/\",\n\t            \"name\": \"Online kurz Katalon II. Mierne Pokro\u010dil\u00fd 2024 | VITA\",\n\t            \"isPartOf\": {\n\t                \"@id\": \"https:\/\/www.vita.sk\/#website\"\n\t            },\n\t            \"primaryImageOfPage\": {\n\t                \"@id\": \"https:\/\/www.vita.sk\/online-kurz-katalon-ii-pokrocily\/#primaryimage\"\n\t            },\n\t            \"image\": {\n\t                \"@id\": \"https:\/\/www.vita.sk\/online-kurz-katalon-ii-pokrocily\/#primaryimage\"\n\t            },\n\t            \"thumbnailUrl\": \"https:\/\/www.vita.sk\/wp-content\/uploads\/2020\/11\/kurz-testovanie-s-katalon.png\",\n\t            \"datePublished\": \"2021-09-07T08:20:39+00:00\",\n\t            \"dateModified\": \"2024-12-02T14:53:12+00:00\",\n\t            \"description\": \"V online kurze Katalon sa zameriate na pokro\u010dilej\u0161ie testovanie v Katalon Studio. Nau\u010d\u00edte sa vytv\u00e1ra\u0165 komplexn\u00e9 testovacie skripty. \u2705\",\n\t            \"breadcrumb\": {\n\t                \"@id\": \"https:\/\/www.vita.sk\/online-kurz-katalon-ii-pokrocily\/#breadcrumb\"\n\t            },\n\t            \"inLanguage\": \"en-US\",\n\t            \"potentialAction\": [\n\t                {\n\t                    \"@type\": \"ReadAction\",\n\t                    \"target\": [\n\t                        \"https:\/\/www.vita.sk\/online-kurz-katalon-ii-pokrocily\/\"\n\t                    ]\n\t                }\n\t            ]\n\t        },\n\t        {\n\t            \"@type\": \"ImageObject\",\n\t            \"inLanguage\": \"en-US\",\n\t            \"@id\": \"https:\/\/www.vita.sk\/online-kurz-katalon-ii-pokrocily\/#primaryimage\",\n\t            \"url\": \"https:\/\/www.vita.sk\/wp-content\/uploads\/2020\/11\/kurz-testovanie-s-katalon.png\",\n\t            \"contentUrl\": \"https:\/\/www.vita.sk\/wp-content\/uploads\/2020\/11\/kurz-testovanie-s-katalon.png\",\n\t            \"width\": 360,\n\t            \"height\": 360,\n\t            \"caption\": \"Online kurz Katalon\"\n\t        },\n\t        {\n\t            \"@type\": \"BreadcrumbList\",\n\t            \"@id\": \"https:\/\/www.vita.sk\/online-kurz-katalon-ii-pokrocily\/#breadcrumb\",\n\t            \"itemListElement\": [\n\t                {\n\t                    \"@type\": \"ListItem\",\n\t                    \"position\": 1,\n\t                    \"name\": \"VITA Academy\",\n\t                    \"item\": \"https:\/\/www.vita.sk\/en\/\"\n\t                },\n\t                {\n\t                    \"@type\": \"ListItem\",\n\t                    \"position\": 2,\n\t                    \"name\": \"Shop\",\n\t                    \"item\": \"https:\/\/www.vita.sk\/shop\/\"\n\t                },\n\t                {\n\t                    \"@type\": \"ListItem\",\n\t                    \"position\": 3,\n\t                    \"name\": \"Programovacie Jazyky\",\n\t                    \"item\": \"https:\/\/www.vita.sk\/online-kurzy-programovacie-jazyky\/\"\n\t                },\n\t                {\n\t                    \"@type\": \"ListItem\",\n\t                    \"position\": 4,\n\t                    \"name\": \"Testovanie softv\u00e9ru\",\n\t                    \"item\": \"https:\/\/www.vita.sk\/online-kurzy-testovanie-softveru-programovanie\/\"\n\t                },\n\t                {\n\t                    \"@type\": \"ListItem\",\n\t                    \"position\": 5,\n\t                    \"name\": \"Online kurz Katalon II. Mierne Pokro\u010dil\u00fd\"\n\t                }\n\t            ]\n\t        },\n\t        {\n\t            \"@type\": \"WebSite\",\n\t            \"@id\": \"https:\/\/www.vita.sk\/#website\",\n\t            \"url\": \"https:\/\/www.vita.sk\/\",\n\t            \"name\": \"VITA\",\n\t            \"description\": \"\",\n\t            \"publisher\": {\n\t                \"@id\": \"https:\/\/www.vita.sk\/#organization\"\n\t            },\n\t            \"potentialAction\": [\n\t                {\n\t                    \"@type\": \"SearchAction\",\n\t                    \"target\": {\n\t                        \"@type\": \"EntryPoint\",\n\t                        \"urlTemplate\": \"https:\/\/www.vita.sk\/?s={search_term_string}\"\n\t                    },\n\t                    \"query-input\": {\n\t                        \"@type\": \"PropertyValueSpecification\",\n\t                        \"valueRequired\": true,\n\t                        \"valueName\": \"search_term_string\"\n\t                    }\n\t                }\n\t            ],\n\t            \"inLanguage\": \"en-US\"\n\t        },\n\t        {\n\t            \"email\": \"admin@vita.sk\",\n\t            \"logo\": \"https:\/\/www.vita.sk\/img\/vita_logo.png \",\n\t            \"address\": {\n\t                \"type\": \"PostalAddress\",\n\t                \"streetAddress\": \"Tom\u00e1\u0161ikova 50\/A\",\n\t                \"addressLocality\": \"Bratislava\",\n\t                \"postalCode\": \"83104\",\n\t                \"addressCountry\": {\n\t                    \"name\": \"SK\",\n\t                    \"type\": \"Country\"\n\t                }\n\t            },\n\t            \"contactPoint\": {\n\t                \"type\": \"ContactPoint\",\n\t                \"telephone\": \"+421 907 375\u00a0543\",\n\t                \"Email\": \"admin@vita.sk\",\n\t                \"contactType\": \"customer service\"\n\t            },\n\t            \"sameAs\": [\n\t                \"https:\/\/www.facebook.com\/VitaAcademySK\/\",\n\t                \"https:\/\/www.linkedin.com\/company\/vita-academy\/\"\n\t            ]\n\t        }\n\t    ]\n\t}<\/script>\n<!-- \/ Yoast SEO Premium plugin. -->","yoast_head_json":{"title":"Online kurz Katalon II. Mierne Pokro\u010dil\u00fd  | VITA","description":"V online kurze Katalon sa zameriate na pokro\u010dilej\u0161ie testovanie v Katalon Studio. Nau\u010d\u00edte sa vytv\u00e1ra\u0165 komplexn\u00e9 testovacie skripty. \u2705","robots":{"index":"index","follow":"follow","max-snippet":"max-snippet:-1","max-image-preview":"max-image-preview:large","max-video-preview":"max-video-preview:-1"},"canonical":"https:\/\/www.vita.sk\/online-kurz-katalon-ii-pokrocily\/","og_locale":"en_US","og_type":"article","og_title":"Online kurz Katalon II. Mierne Pokro\u010dil\u00fd","og_description":"V online kurze Katalon sa zameriate na pokro\u010dilej\u0161ie testovanie v Katalon Studio. Nau\u010d\u00edte sa vytv\u00e1ra\u0165 komplexn\u00e9 testovacie skripty. \u2705","og_url":"https:\/\/www.vita.sk\/online-kurz-katalon-ii-pokrocily\/","og_site_name":"VITA","article_publisher":"https:\/\/www.facebook.com\/VitaAcademySK","article_modified_time":"2024-12-02T14:53:12+00:00","og_image":[{"width":360,"height":360,"url":"https:\/\/www.vita.sk\/wp-content\/uploads\/2020\/11\/kurz-testovanie-s-katalon.png","type":"image\/png"}],"twitter_card":"summary_large_image","twitter_misc":{"Est. reading time":"2 minutes"},"schema":{"@context":"https:\/\/schema.org","@graph":[{"@type":"WebPage","@id":"https:\/\/www.vita.sk\/online-kurz-katalon-ii-pokrocily\/","url":"https:\/\/www.vita.sk\/online-kurz-katalon-ii-pokrocily\/","name":"Online kurz Katalon II. Mierne Pokro\u010dil\u00fd 2024 | VITA","isPartOf":{"@id":"https:\/\/www.vita.sk\/#website"},"primaryImageOfPage":{"@id":"https:\/\/www.vita.sk\/online-kurz-katalon-ii-pokrocily\/#primaryimage"},"image":{"@id":"https:\/\/www.vita.sk\/online-kurz-katalon-ii-pokrocily\/#primaryimage"},"thumbnailUrl":"https:\/\/www.vita.sk\/wp-content\/uploads\/2020\/11\/kurz-testovanie-s-katalon.png","datePublished":"2021-09-07T08:20:39+00:00","dateModified":"2024-12-02T14:53:12+00:00","description":"V online kurze Katalon sa zameriate na pokro\u010dilej\u0161ie testovanie v Katalon Studio. Nau\u010d\u00edte sa vytv\u00e1ra\u0165 komplexn\u00e9 testovacie skripty. \u2705","breadcrumb":{"@id":"https:\/\/www.vita.sk\/online-kurz-katalon-ii-pokrocily\/#breadcrumb"},"inLanguage":"en-US","potentialAction":[{"@type":"ReadAction","target":["https:\/\/www.vita.sk\/online-kurz-katalon-ii-pokrocily\/"]}]},{"@type":"ImageObject","inLanguage":"en-US","@id":"https:\/\/www.vita.sk\/online-kurz-katalon-ii-pokrocily\/#primaryimage","url":"https:\/\/www.vita.sk\/wp-content\/uploads\/2020\/11\/kurz-testovanie-s-katalon.png","contentUrl":"https:\/\/www.vita.sk\/wp-content\/uploads\/2020\/11\/kurz-testovanie-s-katalon.png","width":360,"height":360,"caption":"Online kurz Katalon"},{"@type":"BreadcrumbList","@id":"https:\/\/www.vita.sk\/online-kurz-katalon-ii-pokrocily\/#breadcrumb","itemListElement":[{"@type":"ListItem","position":1,"name":"VITA Academy","item":"https:\/\/www.vita.sk\/en\/"},{"@type":"ListItem","position":2,"name":"Shop","item":"https:\/\/www.vita.sk\/shop\/"},{"@type":"ListItem","position":3,"name":"Programovacie Jazyky","item":"https:\/\/www.vita.sk\/online-kurzy-programovacie-jazyky\/"},{"@type":"ListItem","position":4,"name":"Testovanie softv\u00e9ru","item":"https:\/\/www.vita.sk\/online-kurzy-testovanie-softveru-programovanie\/"},{"@type":"ListItem","position":5,"name":"Online kurz Katalon II. Mierne Pokro\u010dil\u00fd"}]},{"@type":"WebSite","@id":"https:\/\/www.vita.sk\/#website","url":"https:\/\/www.vita.sk\/","name":"VITA","description":"","publisher":{"@id":"https:\/\/www.vita.sk\/#organization"},"potentialAction":[{"@type":"SearchAction","target":{"@type":"EntryPoint","urlTemplate":"https:\/\/www.vita.sk\/?s={search_term_string}"},"query-input":{"@type":"PropertyValueSpecification","valueRequired":true,"valueName":"search_term_string"}}],"inLanguage":"en-US"},{"email":"admin@vita.sk","logo":"https:\/\/www.vita.sk\/img\/vita_logo.png ","address":{"type":"PostalAddress","streetAddress":"Tom\u00e1\u0161ikova 50\/A","addressLocality":"Bratislava","postalCode":"83104","addressCountry":{"name":"SK","type":"Country"}},"contactPoint":{"type":"ContactPoint","telephone":"+421 907 375\u00a0543","Email":"admin@vita.sk","contactType":"customer service"},"sameAs":["https:\/\/www.facebook.com\/VitaAcademySK\/","https:\/\/www.linkedin.com\/company\/vita-academy\/"]}]}},"acf":[],"_links":{"self":[{"href":"https:\/\/www.vita.sk\/en\/wp-json\/wp\/v2\/product\/7051","targetHints":{"allow":["GET"]}}],"collection":[{"href":"https:\/\/www.vita.sk\/en\/wp-json\/wp\/v2\/product"}],"about":[{"href":"https:\/\/www.vita.sk\/en\/wp-json\/wp\/v2\/types\/product"}],"author":[{"embeddable":true,"href":"https:\/\/www.vita.sk\/en\/wp-json\/wp\/v2\/users\/4"}],"replies":[{"embeddable":true,"href":"https:\/\/www.vita.sk\/en\/wp-json\/wp\/v2\/comments?post=7051"}],"wp:featuredmedia":[{"embeddable":true,"href":"https:\/\/www.vita.sk\/en\/wp-json\/wp\/v2\/media\/4279"}],"wp:attachment":[{"href":"https:\/\/www.vita.sk\/en\/wp-json\/wp\/v2\/media?parent=7051"}],"wp:term":[{"taxonomy":"product_brand","embeddable":true,"href":"https:\/\/www.vita.sk\/en\/wp-json\/wp\/v2\/product_brand?post=7051"},{"taxonomy":"product_cat","embeddable":true,"href":"https:\/\/www.vita.sk\/en\/wp-json\/wp\/v2\/product_cat?post=7051"},{"taxonomy":"product_tag","embeddable":true,"href":"https:\/\/www.vita.sk\/en\/wp-json\/wp\/v2\/product_tag?post=7051"}],"curies":[{"name":"wp","href":"https:\/\/api.w.org\/{rel}","templated":true}]}}