{"id":7057,"date":"2021-08-13T10:36:42","date_gmt":"2021-08-13T08:36:42","guid":{"rendered":"https:\/\/www.vita.sk\/?post_type=product&#038;p=7057"},"modified":"2025-05-14T15:55:23","modified_gmt":"2025-05-14T13:55:23","slug":"online-kurz-git-github-i-zaciatocnik","status":"publish","type":"product","link":"https:\/\/www.vita.sk\/en\/online-kurz-git-github-i-zaciatocnik\/","title":{"rendered":"Online kurz Git a GitHub I. Za\u010diato\u010dn\u00edk"},"content":{"rendered":"<p>Online kurz <strong>Git a GitHub<\/strong> je pre v\u00e1s ide\u00e1lny, ak sa chcete nau\u010di\u0165 efekt\u00edvne pou\u017e\u00edva\u0165 modern\u00e9 verziovacie n\u00e1stroje na spr\u00e1vu a sledovanie zmien vo va\u0161ich projektoch. <strong>Ide o akreditovan\u00fd a certifikovan\u00fd kurz na Git a GitHub.<\/strong> V tomto kurze sa nau\u010d\u00edte in\u0161talova\u0165 a konfigurova\u0165 Git na r\u00f4znych opera\u010dn\u00fdch syst\u00e9moch, vr\u00e1tane Windows a Linux. Osvoj\u00edte si pr\u00e1cu so s\u00fabormi, ich sledovan\u00edm a spr\u00e1vou v r\u00e1mci repozit\u00e1rov. Budete schopn\u00ed vytv\u00e1ra\u0165 a spravova\u0165 rev\u00edzie (commits), pri\u010dom sa obozn\u00e1mite s pravidlami pre tvorbu kore\u0148ov\u00fdch commitov (Root commit) a p\u00edsanie efekt\u00edvnych commit spr\u00e1v. Kurz v\u00e1s nau\u010d\u00ed pracova\u0165 s vetvami (branches), vr\u00e1tane ich vytv\u00e1rania, prep\u00ednania a zl\u00fa\u010denia, \u010do je nevyhnutn\u00e9 pre paraleln\u00fd v\u00fdvoj a spolupr\u00e1cu v t\u00edme. \u010ealej v\u00e1s nau\u010d\u00edme form\u00e1tova\u0165 pomocou zna\u010dkovacieho jazyka Markdown a pracova\u0165 s Readme s\u00fabormi. Z\u00edskate tie\u017e sk\u00fasenosti s pou\u017e\u00edvan\u00edm platformy GitHub, kde sa nau\u010d\u00edte vytv\u00e1ra\u0165 a spravova\u0165 vzdialen\u00e9 repozit\u00e1re, spolupracova\u0165 s ostatn\u00fdmi v\u00fdvoj\u00e1rmi a vyu\u017e\u00edva\u0165 funkcie ako pull requesty a issues na efekt\u00edvne riadenie projektov. \u010ealej sa m\u00f4\u017eete te\u0161i\u0165, \u017ee si spolo\u010dne vytvor\u00edme portf\u00f3lio projektom a premak\u00e1me osobn\u00fd profil. Po absolvovan\u00ed kurzu budete schopn\u00ed efekt\u00edvne vyu\u017e\u00edva\u0165 Git a GitHub na spr\u00e1vu verzi\u00ed vo va\u0161ich projektoch, \u010do v\u00e1m umo\u017en\u00ed lep\u0161iu kontrolu nad v\u00fdvojom a zjednodu\u0161\u00ed spolupr\u00e1cu s ostatn\u00fdmi \u010dlenmi t\u00edmu. Ak sa chcete skuto\u010dne nau\u010di\u0165 pou\u017e\u00edva\u0165 Git a GitHub, tak toto je ide\u00e1lny vstupn\u00fd online kurz pre v\u00e1s.<\/p>\n","protected":false},"excerpt":{"rendered":"<p>Online kurz Git a GitHub je pre v\u00e1s ide\u00e1lny, ak sa chcete nau\u010di\u0165 efekt\u00edvne pou\u017e\u00edva\u0165 modern\u00e9 verziovacie n\u00e1stroje na spr\u00e1vu a sledovanie zmien vo va\u0161ich projektoch. Ide o akreditovan\u00fd a certifikovan\u00fd kurz na Git a GitHub. V tomto kurze sa nau\u010d\u00edte in\u0161talova\u0165 a konfigurova\u0165 Git na r\u00f4znych opera\u010dn\u00fdch syst\u00e9moch, vr\u00e1tane Windows a Linux.","protected":false},"author":27,"featured_media":4545,"comment_status":"open","ping_status":"closed","template":"","meta":{"_acf_changed":false},"product_brand":[],"product_cat":[99],"product_tag":[189,325],"class_list":{"0":"post-7057","1":"product","2":"type-product","3":"status-publish","4":"has-post-thumbnail","6":"product_cat-online-kurzy-programovacie-jazyky","7":"product_tag-programovacie-jazyky","8":"product_tag-git","10":"first","11":"instock","12":"sale","13":"sold-individually","14":"taxable","15":"shipping-taxable","16":"purchasable","17":"product-type-simple"},"yoast_head":"<!-- This site is optimized with the Yoast SEO Premium plugin v25.0 (Yoast SEO v25.0) - https:\/\/yoast.com\/wordpress\/plugins\/seo\/ -->\n<title>Online kurz Git a GitHub I. Za\u010diato\u010dn\u00edk 2026 | VITA<\/title>\n<meta name=\"description\" content=\"Online kurz Git a GitHub I. Za\u010diato\u010dn\u00edk sa nau\u010d\u00edte z\u00e1klady syst\u00e9mu Git a pou\u017e\u00edvania GitHubu na spr\u00e1vu k\u00f3du vr\u00e1tane spolupr\u00e1ce v t\u00edmoch. \u2705\" \/>\n<meta name=\"robots\" content=\"index, follow, max-snippet:-1, max-image-preview:large, max-video-preview:-1\" \/>\n<link rel=\"canonical\" href=\"https:\/\/www.vita.sk\/online-kurz-git-github-i-zaciatocnik\/\" \/>\n<meta property=\"og:locale\" content=\"en_US\" \/>\n<meta property=\"og:type\" content=\"article\" \/>\n<meta property=\"og:title\" content=\"Online kurz Git a GitHub I. Za\u010diato\u010dn\u00edk\" \/>\n<meta property=\"og:description\" content=\"Online kurz Git a GitHub I. Za\u010diato\u010dn\u00edk sa nau\u010d\u00edte z\u00e1klady syst\u00e9mu Git a pou\u017e\u00edvania GitHubu na spr\u00e1vu k\u00f3du vr\u00e1tane spolupr\u00e1ce v t\u00edmoch. \u2705\" \/>\n<meta property=\"og:url\" content=\"https:\/\/www.vita.sk\/online-kurz-git-github-i-zaciatocnik\/\" \/>\n<meta property=\"og:site_name\" content=\"VITA\" \/>\n<meta property=\"article:publisher\" content=\"https:\/\/www.facebook.com\/VitaAcademySK\" \/>\n<meta property=\"article:modified_time\" content=\"2025-05-14T13:55:23+00:00\" \/>\n<meta property=\"og:image\" content=\"https:\/\/www.vita.sk\/wp-content\/uploads\/2020\/11\/kurz-git.png\" \/>\n\t<meta property=\"og:image:width\" content=\"360\" \/>\n\t<meta property=\"og:image:height\" content=\"360\" \/>\n\t<meta property=\"og:image:type\" content=\"image\/png\" \/>\n<meta name=\"twitter:card\" content=\"summary_large_image\" \/>\n<meta name=\"twitter:label1\" content=\"Est. reading time\" \/>\n\t<meta name=\"twitter:data1\" content=\"2 minutes\" \/>\n<script type=\"application\/ld+json\" class=\"yoast-schema-graph\">{\n\t    \"@context\": \"https:\/\/schema.org\",\n\t    \"@graph\": [\n\t        {\n\t            \"@type\": \"WebPage\",\n\t            \"@id\": \"https:\/\/www.vita.sk\/online-kurz-git-github-i-zaciatocnik\/\",\n\t            \"url\": \"https:\/\/www.vita.sk\/online-kurz-git-github-i-zaciatocnik\/\",\n\t            \"name\": \"Online kurz Git a GitHub I. Za\u010diato\u010dn\u00edk {Y} | VITA\",\n\t            \"isPartOf\": {\n\t                \"@id\": \"https:\/\/www.vita.sk\/#website\"\n\t            },\n\t            \"primaryImageOfPage\": {\n\t                \"@id\": \"https:\/\/www.vita.sk\/online-kurz-git-github-i-zaciatocnik\/#primaryimage\"\n\t            },\n\t            \"image\": {\n\t                \"@id\": \"https:\/\/www.vita.sk\/online-kurz-git-github-i-zaciatocnik\/#primaryimage\"\n\t            },\n\t            \"thumbnailUrl\": \"https:\/\/www.vita.sk\/wp-content\/uploads\/2020\/11\/kurz-git.png\",\n\t            \"datePublished\": \"2021-08-13T08:36:42+00:00\",\n\t            \"dateModified\": \"2025-05-14T13:55:23+00:00\",\n\t            \"description\": \"Online kurz Git a GitHub I. Za\u010diato\u010dn\u00edk sa nau\u010d\u00edte z\u00e1klady syst\u00e9mu Git a pou\u017e\u00edvania GitHubu na spr\u00e1vu k\u00f3du vr\u00e1tane spolupr\u00e1ce v t\u00edmoch. \u2705\",\n\t            \"breadcrumb\": {\n\t                \"@id\": \"https:\/\/www.vita.sk\/online-kurz-git-github-i-zaciatocnik\/#breadcrumb\"\n\t            },\n\t            \"inLanguage\": \"en-US\",\n\t            \"potentialAction\": [\n\t                {\n\t                    \"@type\": \"ReadAction\",\n\t                    \"target\": [\n\t                        \"https:\/\/www.vita.sk\/online-kurz-git-github-i-zaciatocnik\/\"\n\t                    ]\n\t                }\n\t            ]\n\t        },\n\t        {\n\t            \"@type\": \"ImageObject\",\n\t            \"inLanguage\": \"en-US\",\n\t            \"@id\": \"https:\/\/www.vita.sk\/online-kurz-git-github-i-zaciatocnik\/#primaryimage\",\n\t            \"url\": \"https:\/\/www.vita.sk\/wp-content\/uploads\/2020\/11\/kurz-git.png\",\n\t            \"contentUrl\": \"https:\/\/www.vita.sk\/wp-content\/uploads\/2020\/11\/kurz-git.png\",\n\t            \"width\": 360,\n\t            \"height\": 360,\n\t            \"caption\": \"Online kurz Git\"\n\t        },\n\t        {\n\t            \"@type\": \"BreadcrumbList\",\n\t            \"@id\": \"https:\/\/www.vita.sk\/online-kurz-git-github-i-zaciatocnik\/#breadcrumb\",\n\t            \"itemListElement\": [\n\t                {\n\t                    \"@type\": \"ListItem\",\n\t                    \"position\": 1,\n\t                    \"name\": \"VITA Academy\",\n\t                    \"item\": \"https:\/\/www.vita.sk\/en\/\"\n\t                },\n\t                {\n\t                    \"@type\": \"ListItem\",\n\t                    \"position\": 2,\n\t                    \"name\": \"Shop\",\n\t                    \"item\": \"https:\/\/www.vita.sk\/shop\/\"\n\t                },\n\t                {\n\t                    \"@type\": \"ListItem\",\n\t                    \"position\": 3,\n\t                    \"name\": \"Programovacie Jazyky\",\n\t                    \"item\": \"https:\/\/www.vita.sk\/online-kurzy-programovacie-jazyky\/\"\n\t                },\n\t                {\n\t                    \"@type\": \"ListItem\",\n\t                    \"position\": 4,\n\t                    \"name\": \"Online kurz Git a GitHub I. Za\u010diato\u010dn\u00edk\"\n\t                }\n\t            ]\n\t        },\n\t        {\n\t            \"@type\": \"WebSite\",\n\t            \"@id\": \"https:\/\/www.vita.sk\/#website\",\n\t            \"url\": \"https:\/\/www.vita.sk\/\",\n\t            \"name\": \"VITA\",\n\t            \"description\": \"\",\n\t            \"publisher\": {\n\t                \"@id\": \"https:\/\/www.vita.sk\/#organization\"\n\t            },\n\t            \"potentialAction\": [\n\t                {\n\t                    \"@type\": \"SearchAction\",\n\t                    \"target\": {\n\t                        \"@type\": \"EntryPoint\",\n\t                        \"urlTemplate\": \"https:\/\/www.vita.sk\/?s={search_term_string}\"\n\t                    },\n\t                    \"query-input\": {\n\t                        \"@type\": \"PropertyValueSpecification\",\n\t                        \"valueRequired\": true,\n\t                        \"valueName\": \"search_term_string\"\n\t                    }\n\t                }\n\t            ],\n\t            \"inLanguage\": \"en-US\"\n\t        },\n\t        {\n\t            \"email\": \"admin@vita.sk\",\n\t            \"logo\": \"https:\/\/www.vita.sk\/img\/vita_logo.png \",\n\t            \"address\": {\n\t                \"type\": \"PostalAddress\",\n\t                \"streetAddress\": \"Tom\u00e1\u0161ikova 50\/A\",\n\t                \"addressLocality\": \"Bratislava\",\n\t                \"postalCode\": \"83104\",\n\t                \"addressCountry\": {\n\t                    \"name\": \"SK\",\n\t                    \"type\": \"Country\"\n\t                }\n\t            },\n\t            \"contactPoint\": {\n\t                \"type\": \"ContactPoint\",\n\t                \"telephone\": \"+421 907 375\u00a0543\",\n\t                \"Email\": \"admin@vita.sk\",\n\t                \"contactType\": \"customer service\"\n\t            },\n\t            \"sameAs\": [\n\t                \"https:\/\/www.facebook.com\/VitaAcademySK\/\",\n\t                \"https:\/\/www.linkedin.com\/company\/vita-academy\/\"\n\t            ]\n\t        }\n\t    ]\n\t}<\/script>\n<!-- \/ Yoast SEO Premium plugin. -->","yoast_head_json":{"title":"Online kurz Git a GitHub I. Za\u010diato\u010dn\u00edk 2026 | VITA","description":"Online kurz Git a GitHub I. Za\u010diato\u010dn\u00edk sa nau\u010d\u00edte z\u00e1klady syst\u00e9mu Git a pou\u017e\u00edvania GitHubu na spr\u00e1vu k\u00f3du vr\u00e1tane spolupr\u00e1ce v t\u00edmoch. \u2705","robots":{"index":"index","follow":"follow","max-snippet":"max-snippet:-1","max-image-preview":"max-image-preview:large","max-video-preview":"max-video-preview:-1"},"canonical":"https:\/\/www.vita.sk\/online-kurz-git-github-i-zaciatocnik\/","og_locale":"en_US","og_type":"article","og_title":"Online kurz Git a GitHub I. Za\u010diato\u010dn\u00edk","og_description":"Online kurz Git a GitHub I. Za\u010diato\u010dn\u00edk sa nau\u010d\u00edte z\u00e1klady syst\u00e9mu Git a pou\u017e\u00edvania GitHubu na spr\u00e1vu k\u00f3du vr\u00e1tane spolupr\u00e1ce v t\u00edmoch. \u2705","og_url":"https:\/\/www.vita.sk\/online-kurz-git-github-i-zaciatocnik\/","og_site_name":"VITA","article_publisher":"https:\/\/www.facebook.com\/VitaAcademySK","article_modified_time":"2025-05-14T13:55:23+00:00","og_image":[{"width":360,"height":360,"url":"https:\/\/www.vita.sk\/wp-content\/uploads\/2020\/11\/kurz-git.png","type":"image\/png"}],"twitter_card":"summary_large_image","twitter_misc":{"Est. reading time":"2 minutes"},"schema":{"@context":"https:\/\/schema.org","@graph":[{"@type":"WebPage","@id":"https:\/\/www.vita.sk\/online-kurz-git-github-i-zaciatocnik\/","url":"https:\/\/www.vita.sk\/online-kurz-git-github-i-zaciatocnik\/","name":"Online kurz Git a GitHub I. Za\u010diato\u010dn\u00edk {Y} | VITA","isPartOf":{"@id":"https:\/\/www.vita.sk\/#website"},"primaryImageOfPage":{"@id":"https:\/\/www.vita.sk\/online-kurz-git-github-i-zaciatocnik\/#primaryimage"},"image":{"@id":"https:\/\/www.vita.sk\/online-kurz-git-github-i-zaciatocnik\/#primaryimage"},"thumbnailUrl":"https:\/\/www.vita.sk\/wp-content\/uploads\/2020\/11\/kurz-git.png","datePublished":"2021-08-13T08:36:42+00:00","dateModified":"2025-05-14T13:55:23+00:00","description":"Online kurz Git a GitHub I. Za\u010diato\u010dn\u00edk sa nau\u010d\u00edte z\u00e1klady syst\u00e9mu Git a pou\u017e\u00edvania GitHubu na spr\u00e1vu k\u00f3du vr\u00e1tane spolupr\u00e1ce v t\u00edmoch. \u2705","breadcrumb":{"@id":"https:\/\/www.vita.sk\/online-kurz-git-github-i-zaciatocnik\/#breadcrumb"},"inLanguage":"en-US","potentialAction":[{"@type":"ReadAction","target":["https:\/\/www.vita.sk\/online-kurz-git-github-i-zaciatocnik\/"]}]},{"@type":"ImageObject","inLanguage":"en-US","@id":"https:\/\/www.vita.sk\/online-kurz-git-github-i-zaciatocnik\/#primaryimage","url":"https:\/\/www.vita.sk\/wp-content\/uploads\/2020\/11\/kurz-git.png","contentUrl":"https:\/\/www.vita.sk\/wp-content\/uploads\/2020\/11\/kurz-git.png","width":360,"height":360,"caption":"Online kurz Git"},{"@type":"BreadcrumbList","@id":"https:\/\/www.vita.sk\/online-kurz-git-github-i-zaciatocnik\/#breadcrumb","itemListElement":[{"@type":"ListItem","position":1,"name":"VITA Academy","item":"https:\/\/www.vita.sk\/en\/"},{"@type":"ListItem","position":2,"name":"Shop","item":"https:\/\/www.vita.sk\/shop\/"},{"@type":"ListItem","position":3,"name":"Programovacie Jazyky","item":"https:\/\/www.vita.sk\/online-kurzy-programovacie-jazyky\/"},{"@type":"ListItem","position":4,"name":"Online kurz Git a GitHub I. Za\u010diato\u010dn\u00edk"}]},{"@type":"WebSite","@id":"https:\/\/www.vita.sk\/#website","url":"https:\/\/www.vita.sk\/","name":"VITA","description":"","publisher":{"@id":"https:\/\/www.vita.sk\/#organization"},"potentialAction":[{"@type":"SearchAction","target":{"@type":"EntryPoint","urlTemplate":"https:\/\/www.vita.sk\/?s={search_term_string}"},"query-input":{"@type":"PropertyValueSpecification","valueRequired":true,"valueName":"search_term_string"}}],"inLanguage":"en-US"},{"email":"admin@vita.sk","logo":"https:\/\/www.vita.sk\/img\/vita_logo.png ","address":{"type":"PostalAddress","streetAddress":"Tom\u00e1\u0161ikova 50\/A","addressLocality":"Bratislava","postalCode":"83104","addressCountry":{"name":"SK","type":"Country"}},"contactPoint":{"type":"ContactPoint","telephone":"+421 907 375\u00a0543","Email":"admin@vita.sk","contactType":"customer service"},"sameAs":["https:\/\/www.facebook.com\/VitaAcademySK\/","https:\/\/www.linkedin.com\/company\/vita-academy\/"]}]}},"acf":[],"_links":{"self":[{"href":"https:\/\/www.vita.sk\/en\/wp-json\/wp\/v2\/product\/7057","targetHints":{"allow":["GET"]}}],"collection":[{"href":"https:\/\/www.vita.sk\/en\/wp-json\/wp\/v2\/product"}],"about":[{"href":"https:\/\/www.vita.sk\/en\/wp-json\/wp\/v2\/types\/product"}],"author":[{"embeddable":true,"href":"https:\/\/www.vita.sk\/en\/wp-json\/wp\/v2\/users\/27"}],"replies":[{"embeddable":true,"href":"https:\/\/www.vita.sk\/en\/wp-json\/wp\/v2\/comments?post=7057"}],"wp:featuredmedia":[{"embeddable":true,"href":"https:\/\/www.vita.sk\/en\/wp-json\/wp\/v2\/media\/4545"}],"wp:attachment":[{"href":"https:\/\/www.vita.sk\/en\/wp-json\/wp\/v2\/media?parent=7057"}],"wp:term":[{"taxonomy":"product_brand","embeddable":true,"href":"https:\/\/www.vita.sk\/en\/wp-json\/wp\/v2\/product_brand?post=7057"},{"taxonomy":"product_cat","embeddable":true,"href":"https:\/\/www.vita.sk\/en\/wp-json\/wp\/v2\/product_cat?post=7057"},{"taxonomy":"product_tag","embeddable":true,"href":"https:\/\/www.vita.sk\/en\/wp-json\/wp\/v2\/product_tag?post=7057"}],"curies":[{"name":"wp","href":"https:\/\/api.w.org\/{rel}","templated":true}]}}