{"id":7097,"date":"2021-08-02T13:38:50","date_gmt":"2021-08-02T11:38:50","guid":{"rendered":"https:\/\/www.vita.sk\/?post_type=product&#038;p=7097"},"modified":"2025-12-15T08:53:45","modified_gmt":"2025-12-15T07:53:45","slug":"rocne-predplatne-kategorie-manazerske-kurzy","status":"publish","type":"product","link":"https:\/\/www.vita.sk\/en\/rocne-predplatne-kategorie-manazerske-kurzy\/","title":{"rendered":"Ro\u010dn\u00e9 predplatn\u00e9 kateg\u00f3rie Mana\u017e\u00e9rske Kurzy"},"content":{"rendered":"<p>Ro\u010dn\u00e9 predplatn\u00e9 kateg\u00f3rie Mana\u017e\u00e9rske Kurzy obsahuje bal\u00edk v\u0161etk\u00fdch online kurzov tejto kateg\u00f3rie vr\u00e1tane pripravovan\u00fdch kurzov po dobu 12 mesiacov. <strong>Ide o jedin\u00fd akreditovan\u00fd a certifikovan\u00fd bal\u00edk online kurzov na Mana\u017ement a Vedenie \u013dud\u00ed na Slovensku.<\/strong>\u00a0 Zv\u00fdhodnen\u00fd bal\u00edk Mana\u017e\u00e9rske kurzy m\u00e1 pr\u00edjemn\u00fa z\u013eavu. Ide\u00e1lny bal\u00edk, ak sa chcete nau\u010di\u0165 mana\u017e\u00e9rske techniky, vies\u0165 t\u00edmy a \u013eud\u00ed, ako aj personalistiku. Ak sa chcete skuto\u010dne nau\u010di\u0165 riadi\u0165 firmu a vies\u0165 svoj t\u00edm, tak toto je ide\u00e1lny bal\u00edk online kurzov pre v\u00e1s.<\/p>\n","protected":false},"excerpt":{"rendered":"<p>Ro\u010dn\u00e9 predplatn\u00e9 kateg\u00f3rie Mana\u017e\u00e9rske kurzy obsahuje bal\u00edk v\u0161etk\u00fdch online kurzov tejto kateg\u00f3rie vr\u00e1tane pripravovan\u00fdch kurzov po dobu 12 mesiacov. Zv\u00fdhodnen\u00fd bal\u00edk Mana\u017e\u00e9rske kurzy m\u00e1 pr\u00edjemn\u00fa z\u013eavu. Ide\u00e1lny bal\u00edk, ak sa chcete nau\u010di\u0165 mana\u017e\u00e9rske techniky, vedenie \u013eud\u00ed, ako aj personalistiku.","protected":false},"author":27,"featured_media":4178,"comment_status":"open","ping_status":"closed","template":"","meta":{"_acf_changed":false},"product_brand":[],"product_cat":[84],"product_tag":[],"class_list":{"0":"post-7097","1":"product","2":"type-product","3":"status-publish","4":"has-post-thumbnail","6":"product_cat-online-kurzy-manazerske-kurzy-soft-skills","8":"first","9":"instock","10":"sale","11":"sold-individually","12":"taxable","13":"shipping-taxable","14":"purchasable","15":"product-type-simple"},"yoast_head":"<!-- This site is optimized with the Yoast SEO Premium plugin v25.0 (Yoast SEO v25.0) - https:\/\/yoast.com\/wordpress\/plugins\/seo\/ -->\n<title>Ro\u010dn\u00e9 predplatn\u00e9 kateg\u00f3rie Mana\u017e\u00e9rske kurzy 2026 | VITA<\/title>\n<meta name=\"description\" content=\"Ro\u010dn\u00e9 predplatn\u00e9 kateg\u00f3rie Mana\u017e\u00e9rske kurzy obsahuje bal\u00edk v\u0161etk\u00fdch online kurzov tejto kateg\u00f3rie vr\u00e1tane pripravovan\u00fdch kurzov po dobu 12 mesiacov. Zv\u00fdhodnen\u00fd bal\u00edk Mana\u017e\u00e9rske kurzy m\u00e1 pr\u00edjemn\u00fa z\u013eavu. Ide\u00e1lny bal\u00edk, ak sa chcete nau\u010di\u0165 mana\u017e\u00e9rske techniky, vedenie \u013eud\u00ed, ako aj personalistiku.\" \/>\n<meta name=\"robots\" content=\"index, follow, max-snippet:-1, max-image-preview:large, max-video-preview:-1\" \/>\n<link rel=\"canonical\" href=\"https:\/\/www.vita.sk\/rocne-predplatne-kategorie-manazerske-kurzy\/\" \/>\n<meta property=\"og:locale\" content=\"en_US\" \/>\n<meta property=\"og:type\" content=\"article\" \/>\n<meta property=\"og:title\" content=\"Ro\u010dn\u00e9 predplatn\u00e9 kateg\u00f3rie Mana\u017e\u00e9rske Kurzy\" \/>\n<meta property=\"og:description\" content=\"Ro\u010dn\u00e9 predplatn\u00e9 kateg\u00f3rie Mana\u017e\u00e9rske kurzy obsahuje bal\u00edk v\u0161etk\u00fdch online kurzov tejto kateg\u00f3rie vr\u00e1tane pripravovan\u00fdch kurzov po dobu 12 mesiacov. Zv\u00fdhodnen\u00fd bal\u00edk Mana\u017e\u00e9rske kurzy m\u00e1 pr\u00edjemn\u00fa z\u013eavu. Ide\u00e1lny bal\u00edk, ak sa chcete nau\u010di\u0165 mana\u017e\u00e9rske techniky, vedenie \u013eud\u00ed, ako aj personalistiku.\" \/>\n<meta property=\"og:url\" content=\"https:\/\/www.vita.sk\/rocne-predplatne-kategorie-manazerske-kurzy\/\" \/>\n<meta property=\"og:site_name\" content=\"VITA\" \/>\n<meta property=\"article:publisher\" content=\"https:\/\/www.facebook.com\/VitaAcademySK\" \/>\n<meta property=\"article:modified_time\" content=\"2025-12-15T07:53:45+00:00\" \/>\n<meta property=\"og:image\" content=\"https:\/\/www.vita.sk\/wp-content\/uploads\/2020\/11\/kurz-manazerske-kurzy.png\" \/>\n\t<meta property=\"og:image:width\" content=\"360\" \/>\n\t<meta property=\"og:image:height\" content=\"360\" \/>\n\t<meta property=\"og:image:type\" content=\"image\/png\" \/>\n<meta name=\"twitter:card\" content=\"summary_large_image\" \/>\n<meta name=\"twitter:label1\" content=\"Est. reading time\" \/>\n\t<meta name=\"twitter:data1\" content=\"1 minute\" \/>\n<script type=\"application\/ld+json\" class=\"yoast-schema-graph\">{\n\t    \"@context\": \"https:\/\/schema.org\",\n\t    \"@graph\": [\n\t        {\n\t            \"@type\": \"WebPage\",\n\t            \"@id\": \"https:\/\/www.vita.sk\/rocne-predplatne-kategorie-manazerske-kurzy\/\",\n\t            \"url\": \"https:\/\/www.vita.sk\/rocne-predplatne-kategorie-manazerske-kurzy\/\",\n\t            \"name\": \"Ro\u010dn\u00e9 predplatn\u00e9 kateg\u00f3rie Mana\u017e\u00e9rske kurzy {Y} | VITA\",\n\t            \"isPartOf\": {\n\t                \"@id\": \"https:\/\/www.vita.sk\/#website\"\n\t            },\n\t            \"primaryImageOfPage\": {\n\t                \"@id\": \"https:\/\/www.vita.sk\/rocne-predplatne-kategorie-manazerske-kurzy\/#primaryimage\"\n\t            },\n\t            \"image\": {\n\t                \"@id\": \"https:\/\/www.vita.sk\/rocne-predplatne-kategorie-manazerske-kurzy\/#primaryimage\"\n\t            },\n\t            \"thumbnailUrl\": \"https:\/\/www.vita.sk\/wp-content\/uploads\/2020\/11\/kurz-manazerske-kurzy.png\",\n\t            \"datePublished\": \"2021-08-02T11:38:50+00:00\",\n\t            \"dateModified\": \"2025-12-15T07:53:45+00:00\",\n\t            \"description\": \"Ro\u010dn\u00e9 predplatn\u00e9 kateg\u00f3rie Mana\u017e\u00e9rske kurzy obsahuje bal\u00edk v\u0161etk\u00fdch online kurzov tejto kateg\u00f3rie vr\u00e1tane pripravovan\u00fdch kurzov po dobu 12 mesiacov. Zv\u00fdhodnen\u00fd bal\u00edk Mana\u017e\u00e9rske kurzy m\u00e1 pr\u00edjemn\u00fa z\u013eavu. Ide\u00e1lny bal\u00edk, ak sa chcete nau\u010di\u0165 mana\u017e\u00e9rske techniky, vedenie \u013eud\u00ed, ako aj personalistiku.\",\n\t            \"breadcrumb\": {\n\t                \"@id\": \"https:\/\/www.vita.sk\/rocne-predplatne-kategorie-manazerske-kurzy\/#breadcrumb\"\n\t            },\n\t            \"inLanguage\": \"en-US\",\n\t            \"potentialAction\": [\n\t                {\n\t                    \"@type\": \"ReadAction\",\n\t                    \"target\": [\n\t                        \"https:\/\/www.vita.sk\/rocne-predplatne-kategorie-manazerske-kurzy\/\"\n\t                    ]\n\t                }\n\t            ]\n\t        },\n\t        {\n\t            \"@type\": \"ImageObject\",\n\t            \"inLanguage\": \"en-US\",\n\t            \"@id\": \"https:\/\/www.vita.sk\/rocne-predplatne-kategorie-manazerske-kurzy\/#primaryimage\",\n\t            \"url\": \"https:\/\/www.vita.sk\/wp-content\/uploads\/2020\/11\/kurz-manazerske-kurzy.png\",\n\t            \"contentUrl\": \"https:\/\/www.vita.sk\/wp-content\/uploads\/2020\/11\/kurz-manazerske-kurzy.png\",\n\t            \"width\": 360,\n\t            \"height\": 360,\n\t            \"caption\": \"Online kurz Mana\u017e\u00e9rske Kurzy\"\n\t        },\n\t        {\n\t            \"@type\": \"BreadcrumbList\",\n\t            \"@id\": \"https:\/\/www.vita.sk\/rocne-predplatne-kategorie-manazerske-kurzy\/#breadcrumb\",\n\t            \"itemListElement\": [\n\t                {\n\t                    \"@type\": \"ListItem\",\n\t                    \"position\": 1,\n\t                    \"name\": \"VITA Academy\",\n\t                    \"item\": \"https:\/\/www.vita.sk\/en\/\"\n\t                },\n\t                {\n\t                    \"@type\": \"ListItem\",\n\t                    \"position\": 2,\n\t                    \"name\": \"Shop\",\n\t                    \"item\": \"https:\/\/www.vita.sk\/shop\/\"\n\t                },\n\t                {\n\t                    \"@type\": \"ListItem\",\n\t                    \"position\": 3,\n\t                    \"name\": \"Mana\u017e\u00e9rske a Soft Skills Kurzy\",\n\t                    \"item\": \"https:\/\/www.vita.sk\/online-kurzy-manazerske-kurzy-soft-skills\/\"\n\t                },\n\t                {\n\t                    \"@type\": \"ListItem\",\n\t                    \"position\": 4,\n\t                    \"name\": \"Ro\u010dn\u00e9 predplatn\u00e9 kateg\u00f3rie Mana\u017e\u00e9rske Kurzy\"\n\t                }\n\t            ]\n\t        },\n\t        {\n\t            \"@type\": \"WebSite\",\n\t            \"@id\": \"https:\/\/www.vita.sk\/#website\",\n\t            \"url\": \"https:\/\/www.vita.sk\/\",\n\t            \"name\": \"VITA\",\n\t            \"description\": \"\",\n\t            \"publisher\": {\n\t                \"@id\": \"https:\/\/www.vita.sk\/#organization\"\n\t            },\n\t            \"potentialAction\": [\n\t                {\n\t                    \"@type\": \"SearchAction\",\n\t                    \"target\": {\n\t                        \"@type\": \"EntryPoint\",\n\t                        \"urlTemplate\": \"https:\/\/www.vita.sk\/?s={search_term_string}\"\n\t                    },\n\t                    \"query-input\": {\n\t                        \"@type\": \"PropertyValueSpecification\",\n\t                        \"valueRequired\": true,\n\t                        \"valueName\": \"search_term_string\"\n\t                    }\n\t                }\n\t            ],\n\t            \"inLanguage\": \"en-US\"\n\t        },\n\t        {\n\t            \"email\": \"admin@vita.sk\",\n\t            \"logo\": \"https:\/\/www.vita.sk\/img\/vita_logo.png \",\n\t            \"address\": {\n\t                \"type\": \"PostalAddress\",\n\t                \"streetAddress\": \"Tom\u00e1\u0161ikova 50\/A\",\n\t                \"addressLocality\": \"Bratislava\",\n\t                \"postalCode\": \"83104\",\n\t                \"addressCountry\": {\n\t                    \"name\": \"SK\",\n\t                    \"type\": \"Country\"\n\t                }\n\t            },\n\t            \"contactPoint\": {\n\t                \"type\": \"ContactPoint\",\n\t                \"telephone\": \"+421 907 375\u00a0543\",\n\t                \"Email\": \"admin@vita.sk\",\n\t                \"contactType\": \"customer service\"\n\t            },\n\t            \"sameAs\": [\n\t                \"https:\/\/www.facebook.com\/VitaAcademySK\/\",\n\t                \"https:\/\/www.linkedin.com\/company\/vita-academy\/\"\n\t            ]\n\t        }\n\t    ]\n\t}<\/script>\n<!-- \/ Yoast SEO Premium plugin. -->","yoast_head_json":{"title":"Ro\u010dn\u00e9 predplatn\u00e9 kateg\u00f3rie Mana\u017e\u00e9rske kurzy 2026 | VITA","description":"Ro\u010dn\u00e9 predplatn\u00e9 kateg\u00f3rie Mana\u017e\u00e9rske kurzy obsahuje bal\u00edk v\u0161etk\u00fdch online kurzov tejto kateg\u00f3rie vr\u00e1tane pripravovan\u00fdch kurzov po dobu 12 mesiacov. Zv\u00fdhodnen\u00fd bal\u00edk Mana\u017e\u00e9rske kurzy m\u00e1 pr\u00edjemn\u00fa z\u013eavu. Ide\u00e1lny bal\u00edk, ak sa chcete nau\u010di\u0165 mana\u017e\u00e9rske techniky, vedenie \u013eud\u00ed, ako aj personalistiku.","robots":{"index":"index","follow":"follow","max-snippet":"max-snippet:-1","max-image-preview":"max-image-preview:large","max-video-preview":"max-video-preview:-1"},"canonical":"https:\/\/www.vita.sk\/rocne-predplatne-kategorie-manazerske-kurzy\/","og_locale":"en_US","og_type":"article","og_title":"Ro\u010dn\u00e9 predplatn\u00e9 kateg\u00f3rie Mana\u017e\u00e9rske Kurzy","og_description":"Ro\u010dn\u00e9 predplatn\u00e9 kateg\u00f3rie Mana\u017e\u00e9rske kurzy obsahuje bal\u00edk v\u0161etk\u00fdch online kurzov tejto kateg\u00f3rie vr\u00e1tane pripravovan\u00fdch kurzov po dobu 12 mesiacov. Zv\u00fdhodnen\u00fd bal\u00edk Mana\u017e\u00e9rske kurzy m\u00e1 pr\u00edjemn\u00fa z\u013eavu. Ide\u00e1lny bal\u00edk, ak sa chcete nau\u010di\u0165 mana\u017e\u00e9rske techniky, vedenie \u013eud\u00ed, ako aj personalistiku.","og_url":"https:\/\/www.vita.sk\/rocne-predplatne-kategorie-manazerske-kurzy\/","og_site_name":"VITA","article_publisher":"https:\/\/www.facebook.com\/VitaAcademySK","article_modified_time":"2025-12-15T07:53:45+00:00","og_image":[{"width":360,"height":360,"url":"https:\/\/www.vita.sk\/wp-content\/uploads\/2020\/11\/kurz-manazerske-kurzy.png","type":"image\/png"}],"twitter_card":"summary_large_image","twitter_misc":{"Est. reading time":"1 minute"},"schema":{"@context":"https:\/\/schema.org","@graph":[{"@type":"WebPage","@id":"https:\/\/www.vita.sk\/rocne-predplatne-kategorie-manazerske-kurzy\/","url":"https:\/\/www.vita.sk\/rocne-predplatne-kategorie-manazerske-kurzy\/","name":"Ro\u010dn\u00e9 predplatn\u00e9 kateg\u00f3rie Mana\u017e\u00e9rske kurzy {Y} | VITA","isPartOf":{"@id":"https:\/\/www.vita.sk\/#website"},"primaryImageOfPage":{"@id":"https:\/\/www.vita.sk\/rocne-predplatne-kategorie-manazerske-kurzy\/#primaryimage"},"image":{"@id":"https:\/\/www.vita.sk\/rocne-predplatne-kategorie-manazerske-kurzy\/#primaryimage"},"thumbnailUrl":"https:\/\/www.vita.sk\/wp-content\/uploads\/2020\/11\/kurz-manazerske-kurzy.png","datePublished":"2021-08-02T11:38:50+00:00","dateModified":"2025-12-15T07:53:45+00:00","description":"Ro\u010dn\u00e9 predplatn\u00e9 kateg\u00f3rie Mana\u017e\u00e9rske kurzy obsahuje bal\u00edk v\u0161etk\u00fdch online kurzov tejto kateg\u00f3rie vr\u00e1tane pripravovan\u00fdch kurzov po dobu 12 mesiacov. Zv\u00fdhodnen\u00fd bal\u00edk Mana\u017e\u00e9rske kurzy m\u00e1 pr\u00edjemn\u00fa z\u013eavu. Ide\u00e1lny bal\u00edk, ak sa chcete nau\u010di\u0165 mana\u017e\u00e9rske techniky, vedenie \u013eud\u00ed, ako aj personalistiku.","breadcrumb":{"@id":"https:\/\/www.vita.sk\/rocne-predplatne-kategorie-manazerske-kurzy\/#breadcrumb"},"inLanguage":"en-US","potentialAction":[{"@type":"ReadAction","target":["https:\/\/www.vita.sk\/rocne-predplatne-kategorie-manazerske-kurzy\/"]}]},{"@type":"ImageObject","inLanguage":"en-US","@id":"https:\/\/www.vita.sk\/rocne-predplatne-kategorie-manazerske-kurzy\/#primaryimage","url":"https:\/\/www.vita.sk\/wp-content\/uploads\/2020\/11\/kurz-manazerske-kurzy.png","contentUrl":"https:\/\/www.vita.sk\/wp-content\/uploads\/2020\/11\/kurz-manazerske-kurzy.png","width":360,"height":360,"caption":"Online kurz Mana\u017e\u00e9rske Kurzy"},{"@type":"BreadcrumbList","@id":"https:\/\/www.vita.sk\/rocne-predplatne-kategorie-manazerske-kurzy\/#breadcrumb","itemListElement":[{"@type":"ListItem","position":1,"name":"VITA Academy","item":"https:\/\/www.vita.sk\/en\/"},{"@type":"ListItem","position":2,"name":"Shop","item":"https:\/\/www.vita.sk\/shop\/"},{"@type":"ListItem","position":3,"name":"Mana\u017e\u00e9rske a Soft Skills Kurzy","item":"https:\/\/www.vita.sk\/online-kurzy-manazerske-kurzy-soft-skills\/"},{"@type":"ListItem","position":4,"name":"Ro\u010dn\u00e9 predplatn\u00e9 kateg\u00f3rie Mana\u017e\u00e9rske Kurzy"}]},{"@type":"WebSite","@id":"https:\/\/www.vita.sk\/#website","url":"https:\/\/www.vita.sk\/","name":"VITA","description":"","publisher":{"@id":"https:\/\/www.vita.sk\/#organization"},"potentialAction":[{"@type":"SearchAction","target":{"@type":"EntryPoint","urlTemplate":"https:\/\/www.vita.sk\/?s={search_term_string}"},"query-input":{"@type":"PropertyValueSpecification","valueRequired":true,"valueName":"search_term_string"}}],"inLanguage":"en-US"},{"email":"admin@vita.sk","logo":"https:\/\/www.vita.sk\/img\/vita_logo.png ","address":{"type":"PostalAddress","streetAddress":"Tom\u00e1\u0161ikova 50\/A","addressLocality":"Bratislava","postalCode":"83104","addressCountry":{"name":"SK","type":"Country"}},"contactPoint":{"type":"ContactPoint","telephone":"+421 907 375\u00a0543","Email":"admin@vita.sk","contactType":"customer service"},"sameAs":["https:\/\/www.facebook.com\/VitaAcademySK\/","https:\/\/www.linkedin.com\/company\/vita-academy\/"]}]}},"acf":[],"_links":{"self":[{"href":"https:\/\/www.vita.sk\/en\/wp-json\/wp\/v2\/product\/7097","targetHints":{"allow":["GET"]}}],"collection":[{"href":"https:\/\/www.vita.sk\/en\/wp-json\/wp\/v2\/product"}],"about":[{"href":"https:\/\/www.vita.sk\/en\/wp-json\/wp\/v2\/types\/product"}],"author":[{"embeddable":true,"href":"https:\/\/www.vita.sk\/en\/wp-json\/wp\/v2\/users\/27"}],"replies":[{"embeddable":true,"href":"https:\/\/www.vita.sk\/en\/wp-json\/wp\/v2\/comments?post=7097"}],"wp:featuredmedia":[{"embeddable":true,"href":"https:\/\/www.vita.sk\/en\/wp-json\/wp\/v2\/media\/4178"}],"wp:attachment":[{"href":"https:\/\/www.vita.sk\/en\/wp-json\/wp\/v2\/media?parent=7097"}],"wp:term":[{"taxonomy":"product_brand","embeddable":true,"href":"https:\/\/www.vita.sk\/en\/wp-json\/wp\/v2\/product_brand?post=7097"},{"taxonomy":"product_cat","embeddable":true,"href":"https:\/\/www.vita.sk\/en\/wp-json\/wp\/v2\/product_cat?post=7097"},{"taxonomy":"product_tag","embeddable":true,"href":"https:\/\/www.vita.sk\/en\/wp-json\/wp\/v2\/product_tag?post=7097"}],"curies":[{"name":"wp","href":"https:\/\/api.w.org\/{rel}","templated":true}]}}