{"id":7150,"date":"2024-04-11T10:12:39","date_gmt":"2024-04-11T08:12:39","guid":{"rendered":"https:\/\/www.vita.sk\/?post_type=product&#038;p=7150"},"modified":"2025-07-30T13:44:03","modified_gmt":"2025-07-30T11:44:03","slug":"online-kurz-enterprise-architect-i-zaciatocnik","status":"publish","type":"product","link":"https:\/\/www.vita.sk\/en\/online-kurz-enterprise-architect-i-zaciatocnik\/","title":{"rendered":"Online kurz Enterprise Architect I. Za\u010diato\u010dn\u00edk"},"content":{"rendered":"<p>Online kurz Enterprise Architect I. Za\u010diato\u010dn\u00edk je pre v\u00e1s ide\u00e1lny, ak sa chcete nau\u010di\u0165 pracova\u0165 s n\u00e1strojom Enterprise Architect. EA\u010dko od Sparx Systems je l\u00eddrom v oblasti modelovania podnikov\u00fdch procesov a syst\u00e9mov. <strong>Ide o jedin\u00fd akreditovan\u00fd a certifikovan\u00fd kurz na Enterprise Architect na Slovensku. <\/strong>Tento kurz v\u00e1m poskytne z\u00e1kladn\u00e9 vedomosti potrebn\u00e9 na tvorbu diagramov, modelovanie podnikov\u00fdch procesov, syst\u00e9mov a architekt\u00fary. Budete schopn\u00fd analyzova\u0165 a tvori\u0165 modely s diagramami v jazykoch ArchiMate, BPMN, UML a \u010fal\u0161\u00edch jazykoch. Zah\u0155\u0148a v\u00fdvoj softv\u00e9ru od zhroma\u017e\u010fovania po\u017eiadaviek a\u017e po f\u00e1zy anal\u00fdzy, n\u00e1vrhov\u00e9 modely, testovanie a \u00fadr\u017ebu. Nau\u010d\u00edte sa o vizu\u00e1lne modelovac\u00edch n\u00e1strojoch na pl\u00e1novanie, navrhovanie a dokumentovanie podnikov\u00fdch architekt\u00far. Okrem toho sa zameriate na vytv\u00e1ranie modelov, anal\u00fdzu a vizualiz\u00e1ciu d\u00e1t, \u010do v\u00e1m pom\u00f4\u017ee efekt\u00edvne riadi\u0165 a zlep\u0161ova\u0165 procesy v r\u00e1mci organiz\u00e1cie. Nau\u010d\u00edte sa aj efekt\u00edvne vyu\u017e\u00edva\u0165 \u0161abl\u00f3ny a definova\u0165 \u0161trukt\u00faru a typy diagramov, \u010do v\u00e1m umo\u017en\u00ed lep\u0161ie komunikova\u0165 a zdie\u013ea\u0165 inform\u00e1cie v r\u00e1mci t\u00edmu a s klientmi. Kurz v\u00e1m pom\u00f4\u017ee lep\u0161ie pochopi\u0165 a optimalizova\u0165 komplexn\u00e9 syst\u00e9my a podnikov\u00e9 procesy. Z\u00edskan\u00e9 zru\u010dnosti m\u00f4\u017eete priamo aplikova\u0165 pri spr\u00e1ve projektov a riaden\u00ed procesov v organiz\u00e1ci\u00e1ch r\u00f4znych ve\u013ekost\u00ed. Ak sa chcete skuto\u010dne nau\u010di\u0165 pou\u017e\u00edva\u0165 Enterprise Architect, tak toto je ide\u00e1lny vstupn\u00fd online kurz pre v\u00e1s.<\/p>\n","protected":false},"excerpt":{"rendered":"<p>Online kurz Enterprise Architect I. Za\u010diato\u010dn\u00edk je pre v\u00e1s ide\u00e1lny, ak sa chcete nau\u010di\u0165 pracova\u0165 s n\u00e1strojom Enterprise Architect. EA\u010dko od Sparx Systems je l\u00eddrom v oblasti modelovania podnikov\u00fdch procesov a syst\u00e9mov. Ide o jedin\u00fd akreditovan\u00fd a certifikovan\u00fd kurz na Enterprise Architect na Slovensku.","protected":false},"author":27,"featured_media":22724,"comment_status":"open","ping_status":"closed","template":"","meta":{"_acf_changed":false},"product_brand":[],"product_cat":[498,99],"product_tag":[189,326],"class_list":{"0":"post-7150","1":"product","2":"type-product","3":"status-publish","4":"has-post-thumbnail","6":"product_cat-enterprise-architektura","7":"product_cat-online-kurzy-programovacie-jazyky","8":"product_tag-programovacie-jazyky","9":"product_tag-enterprise-architect","11":"first","12":"instock","13":"sale","14":"sold-individually","15":"taxable","16":"shipping-taxable","17":"purchasable","18":"product-type-simple"},"yoast_head":"<!-- This site is optimized with the Yoast SEO Premium plugin v25.0 (Yoast SEO v25.0) - https:\/\/yoast.com\/wordpress\/plugins\/seo\/ -->\n<title>Online kurz Enterprise Architect I. Za\u010diato\u010dn\u00edk 2026 | VITA<\/title>\n<meta name=\"description\" content=\"V online kurze Enterprise Architect I. Za\u010diato\u010dn\u00edk sa nau\u010d\u00edte z\u00e1klady modelovania podnikov\u00fdch architekt\u00far a efekt\u00edvne pou\u017e\u00edva\u0165 EA\u010dko. \u2705\" \/>\n<meta name=\"robots\" content=\"index, follow, max-snippet:-1, max-image-preview:large, max-video-preview:-1\" \/>\n<link rel=\"canonical\" href=\"https:\/\/www.vita.sk\/online-kurz-enterprise-architect-i-zaciatocnik\/\" \/>\n<meta property=\"og:locale\" content=\"en_US\" \/>\n<meta property=\"og:type\" content=\"article\" \/>\n<meta property=\"og:title\" content=\"Online kurz Enterprise Architect I. Za\u010diato\u010dn\u00edk\" \/>\n<meta property=\"og:description\" content=\"V online kurze Enterprise Architect I. Za\u010diato\u010dn\u00edk sa nau\u010d\u00edte z\u00e1klady modelovania podnikov\u00fdch architekt\u00far a efekt\u00edvne pou\u017e\u00edva\u0165 EA\u010dko. \u2705\" \/>\n<meta property=\"og:url\" content=\"https:\/\/www.vita.sk\/online-kurz-enterprise-architect-i-zaciatocnik\/\" \/>\n<meta property=\"og:site_name\" content=\"VITA\" \/>\n<meta property=\"article:publisher\" content=\"https:\/\/www.facebook.com\/VitaAcademySK\" \/>\n<meta property=\"article:modified_time\" content=\"2025-07-30T11:44:03+00:00\" \/>\n<meta property=\"og:image\" content=\"https:\/\/www.vita.sk\/wp-content\/uploads\/2024\/11\/kurz-enterprise-architect.png\" \/>\n\t<meta property=\"og:image:width\" content=\"360\" \/>\n\t<meta property=\"og:image:height\" content=\"360\" \/>\n\t<meta property=\"og:image:type\" content=\"image\/png\" \/>\n<meta name=\"twitter:card\" content=\"summary_large_image\" \/>\n<meta name=\"twitter:label1\" content=\"Est. reading time\" \/>\n\t<meta name=\"twitter:data1\" content=\"2 minutes\" \/>\n<script type=\"application\/ld+json\" class=\"yoast-schema-graph\">{\n\t    \"@context\": \"https:\/\/schema.org\",\n\t    \"@graph\": [\n\t        {\n\t            \"@type\": \"WebPage\",\n\t            \"@id\": \"https:\/\/www.vita.sk\/online-kurz-enterprise-architect-i-zaciatocnik\/\",\n\t            \"url\": \"https:\/\/www.vita.sk\/online-kurz-enterprise-architect-i-zaciatocnik\/\",\n\t            \"name\": \"Online kurz Enterprise Architect I. Za\u010diato\u010dn\u00edk {Y} | VITA\",\n\t            \"isPartOf\": {\n\t                \"@id\": \"https:\/\/www.vita.sk\/#website\"\n\t            },\n\t            \"primaryImageOfPage\": {\n\t                \"@id\": \"https:\/\/www.vita.sk\/online-kurz-enterprise-architect-i-zaciatocnik\/#primaryimage\"\n\t            },\n\t            \"image\": {\n\t                \"@id\": \"https:\/\/www.vita.sk\/online-kurz-enterprise-architect-i-zaciatocnik\/#primaryimage\"\n\t            },\n\t            \"thumbnailUrl\": \"https:\/\/www.vita.sk\/wp-content\/uploads\/2024\/11\/kurz-enterprise-architect.png\",\n\t            \"datePublished\": \"2024-04-11T08:12:39+00:00\",\n\t            \"dateModified\": \"2025-07-30T11:44:03+00:00\",\n\t            \"description\": \"V online kurze Enterprise Architect I. Za\u010diato\u010dn\u00edk sa nau\u010d\u00edte z\u00e1klady modelovania podnikov\u00fdch architekt\u00far a efekt\u00edvne pou\u017e\u00edva\u0165 EA\u010dko. \u2705\",\n\t            \"breadcrumb\": {\n\t                \"@id\": \"https:\/\/www.vita.sk\/online-kurz-enterprise-architect-i-zaciatocnik\/#breadcrumb\"\n\t            },\n\t            \"inLanguage\": \"en-US\",\n\t            \"potentialAction\": [\n\t                {\n\t                    \"@type\": \"ReadAction\",\n\t                    \"target\": [\n\t                        \"https:\/\/www.vita.sk\/online-kurz-enterprise-architect-i-zaciatocnik\/\"\n\t                    ]\n\t                }\n\t            ]\n\t        },\n\t        {\n\t            \"@type\": \"ImageObject\",\n\t            \"inLanguage\": \"en-US\",\n\t            \"@id\": \"https:\/\/www.vita.sk\/online-kurz-enterprise-architect-i-zaciatocnik\/#primaryimage\",\n\t            \"url\": \"https:\/\/www.vita.sk\/wp-content\/uploads\/2024\/11\/kurz-enterprise-architect.png\",\n\t            \"contentUrl\": \"https:\/\/www.vita.sk\/wp-content\/uploads\/2024\/11\/kurz-enterprise-architect.png\",\n\t            \"width\": 360,\n\t            \"height\": 360,\n\t            \"caption\": \"online kurz enterprise architect\"\n\t        },\n\t        {\n\t            \"@type\": \"BreadcrumbList\",\n\t            \"@id\": \"https:\/\/www.vita.sk\/online-kurz-enterprise-architect-i-zaciatocnik\/#breadcrumb\",\n\t            \"itemListElement\": [\n\t                {\n\t                    \"@type\": \"ListItem\",\n\t                    \"position\": 1,\n\t                    \"name\": \"VITA Academy\",\n\t                    \"item\": \"https:\/\/www.vita.sk\/en\/\"\n\t                },\n\t                {\n\t                    \"@type\": \"ListItem\",\n\t                    \"position\": 2,\n\t                    \"name\": \"Shop\",\n\t                    \"item\": \"https:\/\/www.vita.sk\/shop\/\"\n\t                },\n\t                {\n\t                    \"@type\": \"ListItem\",\n\t                    \"position\": 3,\n\t                    \"name\": \"Programovacie Jazyky\",\n\t                    \"item\": \"https:\/\/www.vita.sk\/online-kurzy-programovacie-jazyky\/\"\n\t                },\n\t                {\n\t                    \"@type\": \"ListItem\",\n\t                    \"position\": 4,\n\t                    \"name\": \"Enterprise Architekt\u00fara\",\n\t                    \"item\": \"https:\/\/www.vita.sk\/enterprise-architektura\/\"\n\t                },\n\t                {\n\t                    \"@type\": \"ListItem\",\n\t                    \"position\": 5,\n\t                    \"name\": \"Online kurz Enterprise Architect I. Za\u010diato\u010dn\u00edk\"\n\t                }\n\t            ]\n\t        },\n\t        {\n\t            \"@type\": \"WebSite\",\n\t            \"@id\": \"https:\/\/www.vita.sk\/#website\",\n\t            \"url\": \"https:\/\/www.vita.sk\/\",\n\t            \"name\": \"VITA\",\n\t            \"description\": \"\",\n\t            \"publisher\": {\n\t                \"@id\": \"https:\/\/www.vita.sk\/#organization\"\n\t            },\n\t            \"potentialAction\": [\n\t                {\n\t                    \"@type\": \"SearchAction\",\n\t                    \"target\": {\n\t                        \"@type\": \"EntryPoint\",\n\t                        \"urlTemplate\": \"https:\/\/www.vita.sk\/?s={search_term_string}\"\n\t                    },\n\t                    \"query-input\": {\n\t                        \"@type\": \"PropertyValueSpecification\",\n\t                        \"valueRequired\": true,\n\t                        \"valueName\": \"search_term_string\"\n\t                    }\n\t                }\n\t            ],\n\t            \"inLanguage\": \"en-US\"\n\t        },\n\t        {\n\t            \"email\": \"admin@vita.sk\",\n\t            \"logo\": \"https:\/\/www.vita.sk\/img\/vita_logo.png \",\n\t            \"address\": {\n\t                \"type\": \"PostalAddress\",\n\t                \"streetAddress\": \"Tom\u00e1\u0161ikova 50\/A\",\n\t                \"addressLocality\": \"Bratislava\",\n\t                \"postalCode\": \"83104\",\n\t                \"addressCountry\": {\n\t                    \"name\": \"SK\",\n\t                    \"type\": \"Country\"\n\t                }\n\t            },\n\t            \"contactPoint\": {\n\t                \"type\": \"ContactPoint\",\n\t                \"telephone\": \"+421 907 375\u00a0543\",\n\t                \"Email\": \"admin@vita.sk\",\n\t                \"contactType\": \"customer service\"\n\t            },\n\t            \"sameAs\": [\n\t                \"https:\/\/www.facebook.com\/VitaAcademySK\/\",\n\t                \"https:\/\/www.linkedin.com\/company\/vita-academy\/\"\n\t            ]\n\t        }\n\t    ]\n\t}<\/script>\n<!-- \/ Yoast SEO Premium plugin. -->","yoast_head_json":{"title":"Online kurz Enterprise Architect I. Za\u010diato\u010dn\u00edk 2026 | VITA","description":"V online kurze Enterprise Architect I. Za\u010diato\u010dn\u00edk sa nau\u010d\u00edte z\u00e1klady modelovania podnikov\u00fdch architekt\u00far a efekt\u00edvne pou\u017e\u00edva\u0165 EA\u010dko. \u2705","robots":{"index":"index","follow":"follow","max-snippet":"max-snippet:-1","max-image-preview":"max-image-preview:large","max-video-preview":"max-video-preview:-1"},"canonical":"https:\/\/www.vita.sk\/online-kurz-enterprise-architect-i-zaciatocnik\/","og_locale":"en_US","og_type":"article","og_title":"Online kurz Enterprise Architect I. Za\u010diato\u010dn\u00edk","og_description":"V online kurze Enterprise Architect I. Za\u010diato\u010dn\u00edk sa nau\u010d\u00edte z\u00e1klady modelovania podnikov\u00fdch architekt\u00far a efekt\u00edvne pou\u017e\u00edva\u0165 EA\u010dko. \u2705","og_url":"https:\/\/www.vita.sk\/online-kurz-enterprise-architect-i-zaciatocnik\/","og_site_name":"VITA","article_publisher":"https:\/\/www.facebook.com\/VitaAcademySK","article_modified_time":"2025-07-30T11:44:03+00:00","og_image":[{"width":360,"height":360,"url":"https:\/\/www.vita.sk\/wp-content\/uploads\/2024\/11\/kurz-enterprise-architect.png","type":"image\/png"}],"twitter_card":"summary_large_image","twitter_misc":{"Est. reading time":"2 minutes"},"schema":{"@context":"https:\/\/schema.org","@graph":[{"@type":"WebPage","@id":"https:\/\/www.vita.sk\/online-kurz-enterprise-architect-i-zaciatocnik\/","url":"https:\/\/www.vita.sk\/online-kurz-enterprise-architect-i-zaciatocnik\/","name":"Online kurz Enterprise Architect I. Za\u010diato\u010dn\u00edk {Y} | VITA","isPartOf":{"@id":"https:\/\/www.vita.sk\/#website"},"primaryImageOfPage":{"@id":"https:\/\/www.vita.sk\/online-kurz-enterprise-architect-i-zaciatocnik\/#primaryimage"},"image":{"@id":"https:\/\/www.vita.sk\/online-kurz-enterprise-architect-i-zaciatocnik\/#primaryimage"},"thumbnailUrl":"https:\/\/www.vita.sk\/wp-content\/uploads\/2024\/11\/kurz-enterprise-architect.png","datePublished":"2024-04-11T08:12:39+00:00","dateModified":"2025-07-30T11:44:03+00:00","description":"V online kurze Enterprise Architect I. Za\u010diato\u010dn\u00edk sa nau\u010d\u00edte z\u00e1klady modelovania podnikov\u00fdch architekt\u00far a efekt\u00edvne pou\u017e\u00edva\u0165 EA\u010dko. \u2705","breadcrumb":{"@id":"https:\/\/www.vita.sk\/online-kurz-enterprise-architect-i-zaciatocnik\/#breadcrumb"},"inLanguage":"en-US","potentialAction":[{"@type":"ReadAction","target":["https:\/\/www.vita.sk\/online-kurz-enterprise-architect-i-zaciatocnik\/"]}]},{"@type":"ImageObject","inLanguage":"en-US","@id":"https:\/\/www.vita.sk\/online-kurz-enterprise-architect-i-zaciatocnik\/#primaryimage","url":"https:\/\/www.vita.sk\/wp-content\/uploads\/2024\/11\/kurz-enterprise-architect.png","contentUrl":"https:\/\/www.vita.sk\/wp-content\/uploads\/2024\/11\/kurz-enterprise-architect.png","width":360,"height":360,"caption":"online kurz enterprise architect"},{"@type":"BreadcrumbList","@id":"https:\/\/www.vita.sk\/online-kurz-enterprise-architect-i-zaciatocnik\/#breadcrumb","itemListElement":[{"@type":"ListItem","position":1,"name":"VITA Academy","item":"https:\/\/www.vita.sk\/en\/"},{"@type":"ListItem","position":2,"name":"Shop","item":"https:\/\/www.vita.sk\/shop\/"},{"@type":"ListItem","position":3,"name":"Programovacie Jazyky","item":"https:\/\/www.vita.sk\/online-kurzy-programovacie-jazyky\/"},{"@type":"ListItem","position":4,"name":"Enterprise Architekt\u00fara","item":"https:\/\/www.vita.sk\/enterprise-architektura\/"},{"@type":"ListItem","position":5,"name":"Online kurz Enterprise Architect I. Za\u010diato\u010dn\u00edk"}]},{"@type":"WebSite","@id":"https:\/\/www.vita.sk\/#website","url":"https:\/\/www.vita.sk\/","name":"VITA","description":"","publisher":{"@id":"https:\/\/www.vita.sk\/#organization"},"potentialAction":[{"@type":"SearchAction","target":{"@type":"EntryPoint","urlTemplate":"https:\/\/www.vita.sk\/?s={search_term_string}"},"query-input":{"@type":"PropertyValueSpecification","valueRequired":true,"valueName":"search_term_string"}}],"inLanguage":"en-US"},{"email":"admin@vita.sk","logo":"https:\/\/www.vita.sk\/img\/vita_logo.png ","address":{"type":"PostalAddress","streetAddress":"Tom\u00e1\u0161ikova 50\/A","addressLocality":"Bratislava","postalCode":"83104","addressCountry":{"name":"SK","type":"Country"}},"contactPoint":{"type":"ContactPoint","telephone":"+421 907 375\u00a0543","Email":"admin@vita.sk","contactType":"customer service"},"sameAs":["https:\/\/www.facebook.com\/VitaAcademySK\/","https:\/\/www.linkedin.com\/company\/vita-academy\/"]}]}},"acf":[],"_links":{"self":[{"href":"https:\/\/www.vita.sk\/en\/wp-json\/wp\/v2\/product\/7150","targetHints":{"allow":["GET"]}}],"collection":[{"href":"https:\/\/www.vita.sk\/en\/wp-json\/wp\/v2\/product"}],"about":[{"href":"https:\/\/www.vita.sk\/en\/wp-json\/wp\/v2\/types\/product"}],"author":[{"embeddable":true,"href":"https:\/\/www.vita.sk\/en\/wp-json\/wp\/v2\/users\/27"}],"replies":[{"embeddable":true,"href":"https:\/\/www.vita.sk\/en\/wp-json\/wp\/v2\/comments?post=7150"}],"wp:featuredmedia":[{"embeddable":true,"href":"https:\/\/www.vita.sk\/en\/wp-json\/wp\/v2\/media\/22724"}],"wp:attachment":[{"href":"https:\/\/www.vita.sk\/en\/wp-json\/wp\/v2\/media?parent=7150"}],"wp:term":[{"taxonomy":"product_brand","embeddable":true,"href":"https:\/\/www.vita.sk\/en\/wp-json\/wp\/v2\/product_brand?post=7150"},{"taxonomy":"product_cat","embeddable":true,"href":"https:\/\/www.vita.sk\/en\/wp-json\/wp\/v2\/product_cat?post=7150"},{"taxonomy":"product_tag","embeddable":true,"href":"https:\/\/www.vita.sk\/en\/wp-json\/wp\/v2\/product_tag?post=7150"}],"curies":[{"name":"wp","href":"https:\/\/api.w.org\/{rel}","templated":true}]}}