{"id":731,"date":"2020-07-25T11:47:56","date_gmt":"2020-07-25T09:47:56","guid":{"rendered":"http:\/\/vita.sk.vps324.nameserver.sk\/?post_type=product&#038;p=731"},"modified":"2025-03-03T13:13:41","modified_gmt":"2025-03-03T12:13:41","slug":"online-kurz-projektovy-manazment-v-it-i-zaciatocnik","status":"publish","type":"product","link":"https:\/\/www.vita.sk\/en\/online-kurz-projektovy-manazment-v-it-i-zaciatocnik\/","title":{"rendered":"Online kurz Projektov\u00fd Mana\u017ement v IT I. Za\u010diato\u010dn\u00edk"},"content":{"rendered":"<p>Online kurz Projektov\u00fd Mana\u017ement v IT I. Za\u010diato\u010dn\u00edk pre v\u00e1s ide\u00e1lny, ak sa chcete nau\u010di\u0165 efekt\u00edvne riadi\u0165 IT projekty, pl\u00e1nova\u0165 \u00falohy, spracov\u00e1va\u0165 po\u017eiadavky a vyu\u017e\u00edva\u0165 n\u00e1stroje ako Jira, Microsoft Project \u010di UML diagramy. <strong>Ide o akreditovan\u00fd a certifikovan\u00fd online kurz na projektov\u00fd a IT mana\u017ement.<\/strong> Poskytuje praktick\u00e9 zru\u010dnosti potrebn\u00e9 pre \u00faspe\u0161n\u00e9 riadenie projektov v oblasti informa\u010dn\u00fdch technol\u00f3gi\u00ed. V kurze sa najprv zozn\u00e1mite s princ\u00edpmi projektov\u00e9ho mana\u017ementu v IT a s k\u013e\u00fa\u010dov\u00fdmi v\u00fdkonnostn\u00fdmi parametrami projektov. Dozviete sa, ako funguje metodika PRINCE2, v \u010dom je u\u017eito\u010dn\u00e1 a ako ju aplikova\u0165 v IT projektoch. N\u00e1sledne sa zameriate na anal\u00fdzu ne\u00faspe\u0161n\u00fdch projektov a pochop\u00edte rozdiely medzi projektmi, procesmi a BAU (Business as Usual). Nau\u010d\u00edte sa, ako efekt\u00edvne zd\u00f4vod\u0148ova\u0165 projekty a za\u010dnete pracova\u0165 s projektov\u00fdm riaden\u00edm v Jira. \u010eal\u0161ia \u010das\u0165 kurzu sa venuje Microsoft Project, kde si osvoj\u00edte z\u00e1klady pou\u017e\u00edvania, nastavenia a orient\u00e1ciu v prostred\u00ed tohto n\u00e1stroja. Budete pracova\u0165 na pl\u00e1novan\u00ed projektov\u00fdch \u00faloh, definovan\u00ed f\u00e1z projektu a vytv\u00e1ran\u00ed kontroln\u00fdch mechanizmov. Nau\u010d\u00edte sa, ako pracova\u0165 s v\u00e4zbami medzi \u00falohami, ich predchodcami a n\u00e1sledn\u00edkmi, a ako efekt\u00edvne pou\u017e\u00edva\u0165 indik\u00e1tory stavu projektu. V praktickej \u010dasti sa s\u00fastred\u00edte na modelovanie podnikov\u00fdch procesov pomocou UML diagramov a vyu\u017eitie RACI matice pre definovanie zodpovednost\u00ed v t\u00edme. Osvoj\u00edte si techniky time managementu a nau\u010d\u00edte sa zvy\u0161ova\u0165 produktivitu pomocou Eisenhowerovej matice \u010di n\u00e1stroja RescueTime. Kurz v\u00e1s nau\u010d\u00ed spracov\u00e1va\u0165 po\u017eiadavky, kategorizova\u0165 ich a analyzova\u0165 financie projektov prostredn\u00edctvom PV, NPV a IRR. Okrem riadenia projektov sa nau\u010d\u00edte aj automatizova\u0165 pr\u00e1cu \u2013 od sledovania zmien na webov\u00fdch str\u00e1nkach pomocou Visual Ping a UptimeRobot, a\u017e po automatiz\u00e1ciu \u00faloh v Microsoft Excel pomocou makier. Kurz poskytuje komplexn\u00e9 vedomosti a pevn\u00e9 z\u00e1klady v IT projektovom mana\u017emente, nau\u010di\u0165 sa efekt\u00edvne pracova\u0165 s n\u00e1strojmi pre pl\u00e1novanie a anal\u00fdzu projektov, a optimalizova\u0165 svoje pracovn\u00e9 procesy. Ak sa skuto\u010dne chcete nau\u010di\u0165 mana\u017eova\u0165 projekty a sta\u0165 projektov\u00fdm IT mana\u017e\u00e9rom, tak toto je ide\u00e1lny vstupn\u00fd online kurz pre v\u00e1s.<\/p>\n","protected":false},"excerpt":{"rendered":"<p>Online kurz Projektov\u00fd Mana\u017ement v IT I. Za\u010diato\u010dn\u00edk pre v\u00e1s ide\u00e1lny, ak sa chcete nau\u010di\u0165 efekt\u00edvne riadi\u0165 IT projekty, pl\u00e1nova\u0165 \u00falohy, spracov\u00e1va\u0165 po\u017eiadavky a vyu\u017e\u00edva\u0165 n\u00e1stroje ako Jira, Microsoft Project \u010di UML diagramy. Ide o akreditovan\u00fd a certifikovan\u00fd online kurz na projektov\u00fd a IT mana\u017ement.","protected":false},"author":4,"featured_media":4231,"comment_status":"open","ping_status":"closed","template":"","meta":{"_acf_changed":false},"product_brand":[],"product_cat":[84,88,73],"product_tag":[182,191,211],"class_list":{"0":"post-731","1":"product","2":"type-product","3":"status-publish","4":"has-post-thumbnail","6":"product_cat-online-kurzy-manazerske-kurzy-soft-skills","7":"product_cat-online-kurzy-projektovy-manazment-v-it","8":"product_cat-bez-kategorie","9":"product_tag-vip","10":"product_tag-manazerske-kurzy","11":"product_tag-projektovy-manazment-v-it","13":"first","14":"instock","15":"sale","16":"sold-individually","17":"taxable","18":"shipping-taxable","19":"purchasable","20":"product-type-simple"},"yoast_head":"<!-- This site is optimized with the Yoast SEO Premium plugin v25.0 (Yoast SEO v25.0) - https:\/\/yoast.com\/wordpress\/plugins\/seo\/ -->\n<title>Online kurz Projektov\u00fd Mana\u017ement v IT  | VITA<\/title>\n<meta name=\"description\" content=\"V online kurze Projektov\u00fd Mana\u017ement v IT I. Za\u010diato\u010dn\u00edk v\u00e1s nau\u010d\u00edme z\u00e1klady projektov\u00e9ho riadenia a osvoj\u00edte si pr\u00e1cu IT mana\u017e\u00e9ra. \u2705\" \/>\n<meta name=\"robots\" content=\"index, follow, max-snippet:-1, max-image-preview:large, max-video-preview:-1\" \/>\n<link rel=\"canonical\" href=\"https:\/\/www.vita.sk\/online-kurz-projektovy-manazment-v-it-i-zaciatocnik\/\" \/>\n<meta property=\"og:locale\" content=\"en_US\" \/>\n<meta property=\"og:type\" content=\"article\" \/>\n<meta property=\"og:title\" content=\"Online kurz Projektov\u00fd Mana\u017ement v IT I. Za\u010diato\u010dn\u00edk\" \/>\n<meta property=\"og:description\" content=\"V online kurze Projektov\u00fd Mana\u017ement v IT I. Za\u010diato\u010dn\u00edk v\u00e1s nau\u010d\u00edme z\u00e1klady projektov\u00e9ho riadenia a osvoj\u00edte si pr\u00e1cu IT mana\u017e\u00e9ra. \u2705\" \/>\n<meta property=\"og:url\" content=\"https:\/\/www.vita.sk\/online-kurz-projektovy-manazment-v-it-i-zaciatocnik\/\" \/>\n<meta property=\"og:site_name\" content=\"VITA\" \/>\n<meta property=\"article:publisher\" content=\"https:\/\/www.facebook.com\/VitaAcademySK\" \/>\n<meta property=\"article:modified_time\" content=\"2025-03-03T12:13:41+00:00\" \/>\n<meta property=\"og:image\" content=\"https:\/\/www.vita.sk\/wp-content\/uploads\/2020\/11\/kurz-projektovy-manazment-v-it.png\" \/>\n\t<meta property=\"og:image:width\" content=\"360\" \/>\n\t<meta property=\"og:image:height\" content=\"360\" \/>\n\t<meta property=\"og:image:type\" content=\"image\/png\" \/>\n<meta name=\"twitter:card\" content=\"summary_large_image\" \/>\n<meta name=\"twitter:label1\" content=\"Est. reading time\" \/>\n\t<meta name=\"twitter:data1\" content=\"2 minutes\" \/>\n<script type=\"application\/ld+json\" class=\"yoast-schema-graph\">{\n\t    \"@context\": \"https:\/\/schema.org\",\n\t    \"@graph\": [\n\t        {\n\t            \"@type\": \"WebPage\",\n\t            \"@id\": \"https:\/\/www.vita.sk\/online-kurz-projektovy-manazment-v-it-i-zaciatocnik\/\",\n\t            \"url\": \"https:\/\/www.vita.sk\/online-kurz-projektovy-manazment-v-it-i-zaciatocnik\/\",\n\t            \"name\": \"Online kurz Projektov\u00fd Mana\u017ement v IT 2025 | VITA\",\n\t            \"isPartOf\": {\n\t                \"@id\": \"https:\/\/www.vita.sk\/#website\"\n\t            },\n\t            \"primaryImageOfPage\": {\n\t                \"@id\": \"https:\/\/www.vita.sk\/online-kurz-projektovy-manazment-v-it-i-zaciatocnik\/#primaryimage\"\n\t            },\n\t            \"image\": {\n\t                \"@id\": \"https:\/\/www.vita.sk\/online-kurz-projektovy-manazment-v-it-i-zaciatocnik\/#primaryimage\"\n\t            },\n\t            \"thumbnailUrl\": \"https:\/\/www.vita.sk\/wp-content\/uploads\/2020\/11\/kurz-projektovy-manazment-v-it.png\",\n\t            \"datePublished\": \"2020-07-25T09:47:56+00:00\",\n\t            \"dateModified\": \"2025-03-03T12:13:41+00:00\",\n\t            \"description\": \"V online kurze Projektov\u00fd Mana\u017ement v IT I. Za\u010diato\u010dn\u00edk v\u00e1s nau\u010d\u00edme z\u00e1klady projektov\u00e9ho riadenia a osvoj\u00edte si pr\u00e1cu IT mana\u017e\u00e9ra. \u2705\",\n\t            \"breadcrumb\": {\n\t                \"@id\": \"https:\/\/www.vita.sk\/online-kurz-projektovy-manazment-v-it-i-zaciatocnik\/#breadcrumb\"\n\t            },\n\t            \"inLanguage\": \"en-US\",\n\t            \"potentialAction\": [\n\t                {\n\t                    \"@type\": \"ReadAction\",\n\t                    \"target\": [\n\t                        \"https:\/\/www.vita.sk\/online-kurz-projektovy-manazment-v-it-i-zaciatocnik\/\"\n\t                    ]\n\t                }\n\t            ]\n\t        },\n\t        {\n\t            \"@type\": \"ImageObject\",\n\t            \"inLanguage\": \"en-US\",\n\t            \"@id\": \"https:\/\/www.vita.sk\/online-kurz-projektovy-manazment-v-it-i-zaciatocnik\/#primaryimage\",\n\t            \"url\": \"https:\/\/www.vita.sk\/wp-content\/uploads\/2020\/11\/kurz-projektovy-manazment-v-it.png\",\n\t            \"contentUrl\": \"https:\/\/www.vita.sk\/wp-content\/uploads\/2020\/11\/kurz-projektovy-manazment-v-it.png\",\n\t            \"width\": 360,\n\t            \"height\": 360,\n\t            \"caption\": \"Online kurz Projektov\u00fd Mana\u017ement v IT\"\n\t        },\n\t        {\n\t            \"@type\": \"BreadcrumbList\",\n\t            \"@id\": \"https:\/\/www.vita.sk\/online-kurz-projektovy-manazment-v-it-i-zaciatocnik\/#breadcrumb\",\n\t            \"itemListElement\": [\n\t                {\n\t                    \"@type\": \"ListItem\",\n\t                    \"position\": 1,\n\t                    \"name\": \"VITA Academy\",\n\t                    \"item\": \"https:\/\/www.vita.sk\/en\/\"\n\t                },\n\t                {\n\t                    \"@type\": \"ListItem\",\n\t                    \"position\": 2,\n\t                    \"name\": \"Shop\",\n\t                    \"item\": \"https:\/\/www.vita.sk\/shop\/\"\n\t                },\n\t                {\n\t                    \"@type\": \"ListItem\",\n\t                    \"position\": 3,\n\t                    \"name\": \"Mana\u017e\u00e9rske a Soft Skills Kurzy\",\n\t                    \"item\": \"https:\/\/www.vita.sk\/online-kurzy-manazerske-kurzy-soft-skills\/\"\n\t                },\n\t                {\n\t                    \"@type\": \"ListItem\",\n\t                    \"position\": 4,\n\t                    \"name\": \"Projektov\u00fd mana\u017ement v IT\",\n\t                    \"item\": \"https:\/\/www.vita.sk\/online-kurzy-projektovy-manazment-v-it\/\"\n\t                },\n\t                {\n\t                    \"@type\": \"ListItem\",\n\t                    \"position\": 5,\n\t                    \"name\": \"Online kurz Projektov\u00fd Mana\u017ement v IT I. Za\u010diato\u010dn\u00edk\"\n\t                }\n\t            ]\n\t        },\n\t        {\n\t            \"@type\": \"WebSite\",\n\t            \"@id\": \"https:\/\/www.vita.sk\/#website\",\n\t            \"url\": \"https:\/\/www.vita.sk\/\",\n\t            \"name\": \"VITA\",\n\t            \"description\": \"\",\n\t            \"publisher\": {\n\t                \"@id\": \"https:\/\/www.vita.sk\/#organization\"\n\t            },\n\t            \"potentialAction\": [\n\t                {\n\t                    \"@type\": \"SearchAction\",\n\t                    \"target\": {\n\t                        \"@type\": \"EntryPoint\",\n\t                        \"urlTemplate\": \"https:\/\/www.vita.sk\/?s={search_term_string}\"\n\t                    },\n\t                    \"query-input\": {\n\t                        \"@type\": \"PropertyValueSpecification\",\n\t                        \"valueRequired\": true,\n\t                        \"valueName\": \"search_term_string\"\n\t                    }\n\t                }\n\t            ],\n\t            \"inLanguage\": \"en-US\"\n\t        },\n\t        {\n\t            \"email\": \"admin@vita.sk\",\n\t            \"logo\": \"https:\/\/www.vita.sk\/img\/vita_logo.png \",\n\t            \"address\": {\n\t                \"type\": \"PostalAddress\",\n\t                \"streetAddress\": \"Tom\u00e1\u0161ikova 50\/A\",\n\t                \"addressLocality\": \"Bratislava\",\n\t                \"postalCode\": \"83104\",\n\t                \"addressCountry\": {\n\t                    \"name\": \"SK\",\n\t                    \"type\": \"Country\"\n\t                }\n\t            },\n\t            \"contactPoint\": {\n\t                \"type\": \"ContactPoint\",\n\t                \"telephone\": \"+421 907 375\u00a0543\",\n\t                \"Email\": \"admin@vita.sk\",\n\t                \"contactType\": \"customer service\"\n\t            },\n\t            \"sameAs\": [\n\t                \"https:\/\/www.facebook.com\/VitaAcademySK\/\",\n\t                \"https:\/\/www.linkedin.com\/company\/vita-academy\/\"\n\t            ]\n\t        }\n\t    ]\n\t}<\/script>\n<!-- \/ Yoast SEO Premium plugin. -->","yoast_head_json":{"title":"Online kurz Projektov\u00fd Mana\u017ement v IT  | VITA","description":"V online kurze Projektov\u00fd Mana\u017ement v IT I. Za\u010diato\u010dn\u00edk v\u00e1s nau\u010d\u00edme z\u00e1klady projektov\u00e9ho riadenia a osvoj\u00edte si pr\u00e1cu IT mana\u017e\u00e9ra. \u2705","robots":{"index":"index","follow":"follow","max-snippet":"max-snippet:-1","max-image-preview":"max-image-preview:large","max-video-preview":"max-video-preview:-1"},"canonical":"https:\/\/www.vita.sk\/online-kurz-projektovy-manazment-v-it-i-zaciatocnik\/","og_locale":"en_US","og_type":"article","og_title":"Online kurz Projektov\u00fd Mana\u017ement v IT I. Za\u010diato\u010dn\u00edk","og_description":"V online kurze Projektov\u00fd Mana\u017ement v IT I. Za\u010diato\u010dn\u00edk v\u00e1s nau\u010d\u00edme z\u00e1klady projektov\u00e9ho riadenia a osvoj\u00edte si pr\u00e1cu IT mana\u017e\u00e9ra. \u2705","og_url":"https:\/\/www.vita.sk\/online-kurz-projektovy-manazment-v-it-i-zaciatocnik\/","og_site_name":"VITA","article_publisher":"https:\/\/www.facebook.com\/VitaAcademySK","article_modified_time":"2025-03-03T12:13:41+00:00","og_image":[{"width":360,"height":360,"url":"https:\/\/www.vita.sk\/wp-content\/uploads\/2020\/11\/kurz-projektovy-manazment-v-it.png","type":"image\/png"}],"twitter_card":"summary_large_image","twitter_misc":{"Est. reading time":"2 minutes"},"schema":{"@context":"https:\/\/schema.org","@graph":[{"@type":"WebPage","@id":"https:\/\/www.vita.sk\/online-kurz-projektovy-manazment-v-it-i-zaciatocnik\/","url":"https:\/\/www.vita.sk\/online-kurz-projektovy-manazment-v-it-i-zaciatocnik\/","name":"Online kurz Projektov\u00fd Mana\u017ement v IT 2025 | VITA","isPartOf":{"@id":"https:\/\/www.vita.sk\/#website"},"primaryImageOfPage":{"@id":"https:\/\/www.vita.sk\/online-kurz-projektovy-manazment-v-it-i-zaciatocnik\/#primaryimage"},"image":{"@id":"https:\/\/www.vita.sk\/online-kurz-projektovy-manazment-v-it-i-zaciatocnik\/#primaryimage"},"thumbnailUrl":"https:\/\/www.vita.sk\/wp-content\/uploads\/2020\/11\/kurz-projektovy-manazment-v-it.png","datePublished":"2020-07-25T09:47:56+00:00","dateModified":"2025-03-03T12:13:41+00:00","description":"V online kurze Projektov\u00fd Mana\u017ement v IT I. Za\u010diato\u010dn\u00edk v\u00e1s nau\u010d\u00edme z\u00e1klady projektov\u00e9ho riadenia a osvoj\u00edte si pr\u00e1cu IT mana\u017e\u00e9ra. \u2705","breadcrumb":{"@id":"https:\/\/www.vita.sk\/online-kurz-projektovy-manazment-v-it-i-zaciatocnik\/#breadcrumb"},"inLanguage":"en-US","potentialAction":[{"@type":"ReadAction","target":["https:\/\/www.vita.sk\/online-kurz-projektovy-manazment-v-it-i-zaciatocnik\/"]}]},{"@type":"ImageObject","inLanguage":"en-US","@id":"https:\/\/www.vita.sk\/online-kurz-projektovy-manazment-v-it-i-zaciatocnik\/#primaryimage","url":"https:\/\/www.vita.sk\/wp-content\/uploads\/2020\/11\/kurz-projektovy-manazment-v-it.png","contentUrl":"https:\/\/www.vita.sk\/wp-content\/uploads\/2020\/11\/kurz-projektovy-manazment-v-it.png","width":360,"height":360,"caption":"Online kurz Projektov\u00fd Mana\u017ement v IT"},{"@type":"BreadcrumbList","@id":"https:\/\/www.vita.sk\/online-kurz-projektovy-manazment-v-it-i-zaciatocnik\/#breadcrumb","itemListElement":[{"@type":"ListItem","position":1,"name":"VITA Academy","item":"https:\/\/www.vita.sk\/en\/"},{"@type":"ListItem","position":2,"name":"Shop","item":"https:\/\/www.vita.sk\/shop\/"},{"@type":"ListItem","position":3,"name":"Mana\u017e\u00e9rske a Soft Skills Kurzy","item":"https:\/\/www.vita.sk\/online-kurzy-manazerske-kurzy-soft-skills\/"},{"@type":"ListItem","position":4,"name":"Projektov\u00fd mana\u017ement v IT","item":"https:\/\/www.vita.sk\/online-kurzy-projektovy-manazment-v-it\/"},{"@type":"ListItem","position":5,"name":"Online kurz Projektov\u00fd Mana\u017ement v IT I. Za\u010diato\u010dn\u00edk"}]},{"@type":"WebSite","@id":"https:\/\/www.vita.sk\/#website","url":"https:\/\/www.vita.sk\/","name":"VITA","description":"","publisher":{"@id":"https:\/\/www.vita.sk\/#organization"},"potentialAction":[{"@type":"SearchAction","target":{"@type":"EntryPoint","urlTemplate":"https:\/\/www.vita.sk\/?s={search_term_string}"},"query-input":{"@type":"PropertyValueSpecification","valueRequired":true,"valueName":"search_term_string"}}],"inLanguage":"en-US"},{"email":"admin@vita.sk","logo":"https:\/\/www.vita.sk\/img\/vita_logo.png ","address":{"type":"PostalAddress","streetAddress":"Tom\u00e1\u0161ikova 50\/A","addressLocality":"Bratislava","postalCode":"83104","addressCountry":{"name":"SK","type":"Country"}},"contactPoint":{"type":"ContactPoint","telephone":"+421 907 375\u00a0543","Email":"admin@vita.sk","contactType":"customer service"},"sameAs":["https:\/\/www.facebook.com\/VitaAcademySK\/","https:\/\/www.linkedin.com\/company\/vita-academy\/"]}]}},"acf":[],"_links":{"self":[{"href":"https:\/\/www.vita.sk\/en\/wp-json\/wp\/v2\/product\/731","targetHints":{"allow":["GET"]}}],"collection":[{"href":"https:\/\/www.vita.sk\/en\/wp-json\/wp\/v2\/product"}],"about":[{"href":"https:\/\/www.vita.sk\/en\/wp-json\/wp\/v2\/types\/product"}],"author":[{"embeddable":true,"href":"https:\/\/www.vita.sk\/en\/wp-json\/wp\/v2\/users\/4"}],"replies":[{"embeddable":true,"href":"https:\/\/www.vita.sk\/en\/wp-json\/wp\/v2\/comments?post=731"}],"wp:featuredmedia":[{"embeddable":true,"href":"https:\/\/www.vita.sk\/en\/wp-json\/wp\/v2\/media\/4231"}],"wp:attachment":[{"href":"https:\/\/www.vita.sk\/en\/wp-json\/wp\/v2\/media?parent=731"}],"wp:term":[{"taxonomy":"product_brand","embeddable":true,"href":"https:\/\/www.vita.sk\/en\/wp-json\/wp\/v2\/product_brand?post=731"},{"taxonomy":"product_cat","embeddable":true,"href":"https:\/\/www.vita.sk\/en\/wp-json\/wp\/v2\/product_cat?post=731"},{"taxonomy":"product_tag","embeddable":true,"href":"https:\/\/www.vita.sk\/en\/wp-json\/wp\/v2\/product_tag?post=731"}],"curies":[{"name":"wp","href":"https:\/\/api.w.org\/{rel}","templated":true}]}}