{"id":733,"date":"2021-07-25T12:04:17","date_gmt":"2021-07-25T10:04:17","guid":{"rendered":"http:\/\/vita.sk.vps324.nameserver.sk\/?post_type=product&#038;p=733"},"modified":"2026-04-15T08:38:47","modified_gmt":"2026-04-15T06:38:47","slug":"online-kurz-time-management-i-zaciatocnik","status":"publish","type":"product","link":"https:\/\/www.vita.sk\/en\/online-kurz-time-management-i-zaciatocnik\/","title":{"rendered":"Online kurz Time Management I. Za\u010diato\u010dn\u00edk"},"content":{"rendered":"<p>Online kurz Time Management I. Za\u010diato\u010dn\u00edk je pre v\u00e1s ide\u00e1lny, ak sa chcete nau\u010di\u0165 efekt\u00edvne riadi\u0165 svoj \u010das, zvy\u0161ova\u0165 produktivitu a zvl\u00e1da\u0165 ka\u017edodenn\u00e9 pracovn\u00e9 aj osobn\u00e9 \u00falohy. <strong>Ide o akreditovan\u00fd a certifikovan\u00fd kurz na<\/strong> <strong>Time Management<\/strong>. V tomto kurze sa nau\u010d\u00edte z\u00e1kladn\u00e9 princ\u00edpy time managementu a riadenia osobnej produktivity, ktor\u00e9 v\u00e1m pom\u00f4\u017eu lep\u0161ie pl\u00e1nova\u0165 de\u0148 a organizova\u0165 si pracovn\u00e9 aj s\u00fakromn\u00e9 aktivity. Z\u00edskate preh\u013ead o tom, ako pracova\u0165 s \u00falohami, prioritami a ako si nastavi\u0165 syst\u00e9m riadenia \u010dasu, ktor\u00fd je dlhodobo udr\u017eate\u013en\u00fd. Nau\u010d\u00edte sa identifikova\u0165 zdroje stresu a efekt\u00edvne ich riadi\u0165 pomocou vhodn\u00fdch techn\u00edk a n\u00e1vykov. Osvoj\u00edte si pr\u00e1cu s \u00falohami tak, aby ste vedeli zni\u017eova\u0165 prokrastin\u00e1ciu a zvy\u0161ova\u0165 svoju v\u00fdkonnos\u0165. D\u00f4le\u017eitou s\u00fa\u010das\u0165ou je aj pochopenie toho, ako funguje produktivita a ako ju ovplyv\u0148uj\u00fa extern\u00e9 aj intern\u00e9 faktory. Nau\u010d\u00edte sa implementova\u0165 Pomodoro techniku a \u010fal\u0161ie met\u00f3dy riadenia \u010dasu, ktor\u00e9 v\u00e1m pom\u00f4\u017eu s\u00fastredi\u0165 sa na pr\u00e1cu a efekt\u00edvne vyu\u017e\u00edva\u0165 pracovn\u00e9 bloky. Z\u00edskate praktick\u00e9 n\u00e1vyky na pl\u00e1novanie, organiz\u00e1ciu a kontrolu vlastn\u00e9ho \u010dasu. Po absolvovan\u00ed kurzu budete schopn\u00ed efekt\u00edvne riadi\u0165 svoje \u00falohy, lep\u0161ie pl\u00e1nova\u0165 svoj de\u0148 a dosahova\u0165 stanoven\u00e9 ciele bez zbyto\u010dn\u00e9ho stresu. Ak sa chcete skuto\u010dne nau\u010di\u0165 riadi\u0165 svoj \u010das a sta\u0165 sa produkt\u00edvnej\u0161\u00edm \u010dlovekom, tak toto je ide\u00e1lny vstupn\u00fd online kurz pre v\u00e1s.<\/p>\n","protected":false},"excerpt":{"rendered":"<p>Online kurz Time Management I. Za\u010diato\u010dn\u00edk v\u00e1s nau\u010d\u00ed efekt\u00edvne pl\u00e1nova\u0165 \u010das, riadi\u0165 \u00falohy, zni\u017eova\u0165 stres a zvy\u0161ova\u0165 osobn\u00fa produktivitu pomocou overen\u00fdch techn\u00edk.","protected":false},"author":4,"featured_media":906,"comment_status":"open","ping_status":"closed","template":"","meta":{"_acf_changed":false},"product_brand":[],"product_cat":[84,90],"product_tag":[191],"class_list":{"0":"post-733","1":"product","2":"type-product","3":"status-publish","4":"has-post-thumbnail","6":"product_cat-online-kurzy-manazerske-kurzy-soft-skills","7":"product_cat-online-kurzy-time-management","8":"product_tag-manazerske-kurzy","10":"first","11":"instock","12":"sale","13":"sold-individually","14":"taxable","15":"shipping-taxable","16":"purchasable","17":"product-type-simple"},"yoast_head":"<!-- This site is optimized with the Yoast SEO Premium plugin v25.0 (Yoast SEO v25.0) - https:\/\/yoast.com\/wordpress\/plugins\/seo\/ -->\n<title>Online kurz Time Management I. Za\u010diato\u010dn\u00edk 2026 | VITA<\/title>\n<meta name=\"description\" content=\"V online kurze Time Management pre za\u010diato\u010dn\u00edkov v\u00e1s nau\u010d\u00edme efekt\u00edvne vyu\u017e\u00edva\u0165 svoj \u010das a ako ho ma\u0165 \u010do najviac pod kontrolou. \u2705\" \/>\n<meta name=\"robots\" content=\"index, follow, max-snippet:-1, max-image-preview:large, max-video-preview:-1\" \/>\n<link rel=\"canonical\" href=\"https:\/\/www.vita.sk\/online-kurz-time-management-i-zaciatocnik\/\" \/>\n<meta property=\"og:locale\" content=\"en_US\" \/>\n<meta property=\"og:type\" content=\"article\" \/>\n<meta property=\"og:title\" content=\"Online kurz Time Management I. Za\u010diato\u010dn\u00edk\" \/>\n<meta property=\"og:description\" content=\"V online kurze Time Management pre za\u010diato\u010dn\u00edkov v\u00e1s nau\u010d\u00edme efekt\u00edvne vyu\u017e\u00edva\u0165 svoj \u010das a ako ho ma\u0165 \u010do najviac pod kontrolou. \u2705\" \/>\n<meta property=\"og:url\" content=\"https:\/\/www.vita.sk\/online-kurz-time-management-i-zaciatocnik\/\" \/>\n<meta property=\"og:site_name\" content=\"VITA\" \/>\n<meta property=\"article:publisher\" content=\"https:\/\/www.facebook.com\/VitaAcademySK\" \/>\n<meta property=\"article:modified_time\" content=\"2026-04-15T06:38:47+00:00\" \/>\n<meta property=\"og:image\" content=\"https:\/\/www.vita.sk\/wp-content\/uploads\/2019\/07\/Time-management-1.png\" \/>\n\t<meta property=\"og:image:width\" content=\"360\" \/>\n\t<meta property=\"og:image:height\" content=\"360\" \/>\n\t<meta property=\"og:image:type\" content=\"image\/png\" \/>\n<meta name=\"twitter:card\" content=\"summary_large_image\" \/>\n<meta name=\"twitter:label1\" content=\"Est. reading time\" \/>\n\t<meta name=\"twitter:data1\" content=\"2 minutes\" \/>\n<script type=\"application\/ld+json\" class=\"yoast-schema-graph\">{\n\t    \"@context\": \"https:\/\/schema.org\",\n\t    \"@graph\": [\n\t        {\n\t            \"@type\": \"WebPage\",\n\t            \"@id\": \"https:\/\/www.vita.sk\/online-kurz-time-management-i-zaciatocnik\/\",\n\t            \"url\": \"https:\/\/www.vita.sk\/online-kurz-time-management-i-zaciatocnik\/\",\n\t            \"name\": \"Online kurz Time Management I. Za\u010diato\u010dn\u00edk {Y} | VITA\",\n\t            \"isPartOf\": {\n\t                \"@id\": \"https:\/\/www.vita.sk\/#website\"\n\t            },\n\t            \"primaryImageOfPage\": {\n\t                \"@id\": \"https:\/\/www.vita.sk\/online-kurz-time-management-i-zaciatocnik\/#primaryimage\"\n\t            },\n\t            \"image\": {\n\t                \"@id\": \"https:\/\/www.vita.sk\/online-kurz-time-management-i-zaciatocnik\/#primaryimage\"\n\t            },\n\t            \"thumbnailUrl\": \"https:\/\/www.vita.sk\/wp-content\/uploads\/2019\/07\/Time-management-1.png\",\n\t            \"datePublished\": \"2021-07-25T10:04:17+00:00\",\n\t            \"dateModified\": \"2026-04-15T06:38:47+00:00\",\n\t            \"description\": \"V online kurze Time Management pre za\u010diato\u010dn\u00edkov v\u00e1s nau\u010d\u00edme efekt\u00edvne vyu\u017e\u00edva\u0165 svoj \u010das a ako ho ma\u0165 \u010do najviac pod kontrolou. \u2705\",\n\t            \"breadcrumb\": {\n\t                \"@id\": \"https:\/\/www.vita.sk\/online-kurz-time-management-i-zaciatocnik\/#breadcrumb\"\n\t            },\n\t            \"inLanguage\": \"en-US\",\n\t            \"potentialAction\": [\n\t                {\n\t                    \"@type\": \"ReadAction\",\n\t                    \"target\": [\n\t                        \"https:\/\/www.vita.sk\/online-kurz-time-management-i-zaciatocnik\/\"\n\t                    ]\n\t                }\n\t            ]\n\t        },\n\t        {\n\t            \"@type\": \"ImageObject\",\n\t            \"inLanguage\": \"en-US\",\n\t            \"@id\": \"https:\/\/www.vita.sk\/online-kurz-time-management-i-zaciatocnik\/#primaryimage\",\n\t            \"url\": \"https:\/\/www.vita.sk\/wp-content\/uploads\/2019\/07\/Time-management-1.png\",\n\t            \"contentUrl\": \"https:\/\/www.vita.sk\/wp-content\/uploads\/2019\/07\/Time-management-1.png\",\n\t            \"width\": 360,\n\t            \"height\": 360,\n\t            \"caption\": \"Online kurz Time Management\"\n\t        },\n\t        {\n\t            \"@type\": \"BreadcrumbList\",\n\t            \"@id\": \"https:\/\/www.vita.sk\/online-kurz-time-management-i-zaciatocnik\/#breadcrumb\",\n\t            \"itemListElement\": [\n\t                {\n\t                    \"@type\": \"ListItem\",\n\t                    \"position\": 1,\n\t                    \"name\": \"VITA Academy\",\n\t                    \"item\": \"https:\/\/www.vita.sk\/en\/\"\n\t                },\n\t                {\n\t                    \"@type\": \"ListItem\",\n\t                    \"position\": 2,\n\t                    \"name\": \"Shop\",\n\t                    \"item\": \"https:\/\/www.vita.sk\/shop\/\"\n\t                },\n\t                {\n\t                    \"@type\": \"ListItem\",\n\t                    \"position\": 3,\n\t                    \"name\": \"Mana\u017e\u00e9rske a Soft Skills Kurzy\",\n\t                    \"item\": \"https:\/\/www.vita.sk\/online-kurzy-manazerske-kurzy-soft-skills\/\"\n\t                },\n\t                {\n\t                    \"@type\": \"ListItem\",\n\t                    \"position\": 4,\n\t                    \"name\": \"Online kurz Time Management I. Za\u010diato\u010dn\u00edk\"\n\t                }\n\t            ]\n\t        },\n\t        {\n\t            \"@type\": \"WebSite\",\n\t            \"@id\": \"https:\/\/www.vita.sk\/#website\",\n\t            \"url\": \"https:\/\/www.vita.sk\/\",\n\t            \"name\": \"VITA\",\n\t            \"description\": \"\",\n\t            \"publisher\": {\n\t                \"@id\": \"https:\/\/www.vita.sk\/#organization\"\n\t            },\n\t            \"potentialAction\": [\n\t                {\n\t                    \"@type\": \"SearchAction\",\n\t                    \"target\": {\n\t                        \"@type\": \"EntryPoint\",\n\t                        \"urlTemplate\": \"https:\/\/www.vita.sk\/?s={search_term_string}\"\n\t                    },\n\t                    \"query-input\": {\n\t                        \"@type\": \"PropertyValueSpecification\",\n\t                        \"valueRequired\": true,\n\t                        \"valueName\": \"search_term_string\"\n\t                    }\n\t                }\n\t            ],\n\t            \"inLanguage\": \"en-US\"\n\t        },\n\t        {\n\t            \"email\": \"admin@vita.sk\",\n\t            \"logo\": \"https:\/\/www.vita.sk\/img\/vita_logo.png \",\n\t            \"address\": {\n\t                \"type\": \"PostalAddress\",\n\t                \"streetAddress\": \"Tom\u00e1\u0161ikova 50\/A\",\n\t                \"addressLocality\": \"Bratislava\",\n\t                \"postalCode\": \"83104\",\n\t                \"addressCountry\": {\n\t                    \"name\": \"SK\",\n\t                    \"type\": \"Country\"\n\t                }\n\t            },\n\t            \"contactPoint\": {\n\t                \"type\": \"ContactPoint\",\n\t                \"telephone\": \"+421 907 375\u00a0543\",\n\t                \"Email\": \"admin@vita.sk\",\n\t                \"contactType\": \"customer service\"\n\t            },\n\t            \"sameAs\": [\n\t                \"https:\/\/www.facebook.com\/VitaAcademySK\/\",\n\t                \"https:\/\/www.linkedin.com\/company\/vita-academy\/\"\n\t            ]\n\t        }\n\t    ]\n\t}<\/script>\n<!-- \/ Yoast SEO Premium plugin. -->","yoast_head_json":{"title":"Online kurz Time Management I. Za\u010diato\u010dn\u00edk 2026 | VITA","description":"V online kurze Time Management pre za\u010diato\u010dn\u00edkov v\u00e1s nau\u010d\u00edme efekt\u00edvne vyu\u017e\u00edva\u0165 svoj \u010das a ako ho ma\u0165 \u010do najviac pod kontrolou. \u2705","robots":{"index":"index","follow":"follow","max-snippet":"max-snippet:-1","max-image-preview":"max-image-preview:large","max-video-preview":"max-video-preview:-1"},"canonical":"https:\/\/www.vita.sk\/online-kurz-time-management-i-zaciatocnik\/","og_locale":"en_US","og_type":"article","og_title":"Online kurz Time Management I. Za\u010diato\u010dn\u00edk","og_description":"V online kurze Time Management pre za\u010diato\u010dn\u00edkov v\u00e1s nau\u010d\u00edme efekt\u00edvne vyu\u017e\u00edva\u0165 svoj \u010das a ako ho ma\u0165 \u010do najviac pod kontrolou. \u2705","og_url":"https:\/\/www.vita.sk\/online-kurz-time-management-i-zaciatocnik\/","og_site_name":"VITA","article_publisher":"https:\/\/www.facebook.com\/VitaAcademySK","article_modified_time":"2026-04-15T06:38:47+00:00","og_image":[{"width":360,"height":360,"url":"https:\/\/www.vita.sk\/wp-content\/uploads\/2019\/07\/Time-management-1.png","type":"image\/png"}],"twitter_card":"summary_large_image","twitter_misc":{"Est. reading time":"2 minutes"},"schema":{"@context":"https:\/\/schema.org","@graph":[{"@type":"WebPage","@id":"https:\/\/www.vita.sk\/online-kurz-time-management-i-zaciatocnik\/","url":"https:\/\/www.vita.sk\/online-kurz-time-management-i-zaciatocnik\/","name":"Online kurz Time Management I. Za\u010diato\u010dn\u00edk {Y} | VITA","isPartOf":{"@id":"https:\/\/www.vita.sk\/#website"},"primaryImageOfPage":{"@id":"https:\/\/www.vita.sk\/online-kurz-time-management-i-zaciatocnik\/#primaryimage"},"image":{"@id":"https:\/\/www.vita.sk\/online-kurz-time-management-i-zaciatocnik\/#primaryimage"},"thumbnailUrl":"https:\/\/www.vita.sk\/wp-content\/uploads\/2019\/07\/Time-management-1.png","datePublished":"2021-07-25T10:04:17+00:00","dateModified":"2026-04-15T06:38:47+00:00","description":"V online kurze Time Management pre za\u010diato\u010dn\u00edkov v\u00e1s nau\u010d\u00edme efekt\u00edvne vyu\u017e\u00edva\u0165 svoj \u010das a ako ho ma\u0165 \u010do najviac pod kontrolou. \u2705","breadcrumb":{"@id":"https:\/\/www.vita.sk\/online-kurz-time-management-i-zaciatocnik\/#breadcrumb"},"inLanguage":"en-US","potentialAction":[{"@type":"ReadAction","target":["https:\/\/www.vita.sk\/online-kurz-time-management-i-zaciatocnik\/"]}]},{"@type":"ImageObject","inLanguage":"en-US","@id":"https:\/\/www.vita.sk\/online-kurz-time-management-i-zaciatocnik\/#primaryimage","url":"https:\/\/www.vita.sk\/wp-content\/uploads\/2019\/07\/Time-management-1.png","contentUrl":"https:\/\/www.vita.sk\/wp-content\/uploads\/2019\/07\/Time-management-1.png","width":360,"height":360,"caption":"Online kurz Time Management"},{"@type":"BreadcrumbList","@id":"https:\/\/www.vita.sk\/online-kurz-time-management-i-zaciatocnik\/#breadcrumb","itemListElement":[{"@type":"ListItem","position":1,"name":"VITA Academy","item":"https:\/\/www.vita.sk\/en\/"},{"@type":"ListItem","position":2,"name":"Shop","item":"https:\/\/www.vita.sk\/shop\/"},{"@type":"ListItem","position":3,"name":"Mana\u017e\u00e9rske a Soft Skills Kurzy","item":"https:\/\/www.vita.sk\/online-kurzy-manazerske-kurzy-soft-skills\/"},{"@type":"ListItem","position":4,"name":"Online kurz Time Management I. Za\u010diato\u010dn\u00edk"}]},{"@type":"WebSite","@id":"https:\/\/www.vita.sk\/#website","url":"https:\/\/www.vita.sk\/","name":"VITA","description":"","publisher":{"@id":"https:\/\/www.vita.sk\/#organization"},"potentialAction":[{"@type":"SearchAction","target":{"@type":"EntryPoint","urlTemplate":"https:\/\/www.vita.sk\/?s={search_term_string}"},"query-input":{"@type":"PropertyValueSpecification","valueRequired":true,"valueName":"search_term_string"}}],"inLanguage":"en-US"},{"email":"admin@vita.sk","logo":"https:\/\/www.vita.sk\/img\/vita_logo.png ","address":{"type":"PostalAddress","streetAddress":"Tom\u00e1\u0161ikova 50\/A","addressLocality":"Bratislava","postalCode":"83104","addressCountry":{"name":"SK","type":"Country"}},"contactPoint":{"type":"ContactPoint","telephone":"+421 907 375\u00a0543","Email":"admin@vita.sk","contactType":"customer service"},"sameAs":["https:\/\/www.facebook.com\/VitaAcademySK\/","https:\/\/www.linkedin.com\/company\/vita-academy\/"]}]}},"acf":[],"_links":{"self":[{"href":"https:\/\/www.vita.sk\/en\/wp-json\/wp\/v2\/product\/733","targetHints":{"allow":["GET"]}}],"collection":[{"href":"https:\/\/www.vita.sk\/en\/wp-json\/wp\/v2\/product"}],"about":[{"href":"https:\/\/www.vita.sk\/en\/wp-json\/wp\/v2\/types\/product"}],"author":[{"embeddable":true,"href":"https:\/\/www.vita.sk\/en\/wp-json\/wp\/v2\/users\/4"}],"replies":[{"embeddable":true,"href":"https:\/\/www.vita.sk\/en\/wp-json\/wp\/v2\/comments?post=733"}],"wp:featuredmedia":[{"embeddable":true,"href":"https:\/\/www.vita.sk\/en\/wp-json\/wp\/v2\/media\/906"}],"wp:attachment":[{"href":"https:\/\/www.vita.sk\/en\/wp-json\/wp\/v2\/media?parent=733"}],"wp:term":[{"taxonomy":"product_brand","embeddable":true,"href":"https:\/\/www.vita.sk\/en\/wp-json\/wp\/v2\/product_brand?post=733"},{"taxonomy":"product_cat","embeddable":true,"href":"https:\/\/www.vita.sk\/en\/wp-json\/wp\/v2\/product_cat?post=733"},{"taxonomy":"product_tag","embeddable":true,"href":"https:\/\/www.vita.sk\/en\/wp-json\/wp\/v2\/product_tag?post=733"}],"curies":[{"name":"wp","href":"https:\/\/api.w.org\/{rel}","templated":true}]}}