{"id":743,"date":"2021-07-26T11:02:50","date_gmt":"2021-07-26T09:02:50","guid":{"rendered":"http:\/\/vita.sk.vps324.nameserver.sk\/?post_type=product&#038;p=743"},"modified":"2025-08-14T11:59:55","modified_gmt":"2025-08-14T09:59:55","slug":"online-kurz-linux-unix-ii-mierne-pokrocily","status":"publish","type":"product","link":"https:\/\/www.vita.sk\/en\/online-kurz-linux-unix-ii-mierne-pokrocily\/","title":{"rendered":"Online kurz Linux\/Unix II. Mierne Pokro\u010dil\u00fd"},"content":{"rendered":"<p>Online kurz Linux\/Unix II. Mierne Pokro\u010dil\u00fd je pre v\u00e1s ide\u00e1lny, ak sa chcete nau\u010di\u0165 pokro\u010dilej\u0161ie techniky spr\u00e1vy Linux\/Unix syst\u00e9mov a pracova\u0165 efekt\u00edvne v pr\u00edkazovom riadku. Budete vedie\u0165 spravova\u0165 a monitorova\u0165 be\u017eiace procesy, porozumie\u0165 sie\u0165ov\u00fdm nastaveniam a protokolom, a efekt\u00edvne vyu\u017e\u00edva\u0165 n\u00e1stroje ako Wireshark, Docker, lsof \u010di Jenkins. <strong>Ide o akreditovan\u00fd a certifikovan\u00fd online kurz na Linux\/Unix.<\/strong> Kurz sa zameriava na praktick\u00e9 zvl\u00e1dnutie spr\u00e1vy syst\u00e9mu v prostred\u00ed Linux\/Unix, pri\u010dom roz\u0161iruje z\u00e1kladn\u00e9 znalosti o pokro\u010dil\u00e9 techniky. Nau\u010d\u00edte sa, ako riadi\u0165 a kontrolova\u0165 procesy be\u017eiace v syst\u00e9me pomocou pr\u00edkazov ako top, htop, ps, ale aj ako diagnostikova\u0165 probl\u00e9mov\u00e9 aplik\u00e1cie. Zvl\u00e1dnete pr\u00e1cu so sie\u0165ov\u00fdmi portami, TCP\/IP komunik\u00e1ciou a n\u00e1strojmi ako lsof a netstat, ktor\u00e9 umo\u017e\u0148uj\u00fa identifikova\u0165 spojenia a otv\u00e1ran\u00e9 s\u00fabory procesmi v syst\u00e9me. Ve\u013ek\u00fd d\u00f4raz je kladen\u00fd na po\u010d\u00edta\u010dov\u00e9 siete a ich anal\u00fdzu. V kurze sa obozn\u00e1mite s pou\u017e\u00edvan\u00edm n\u00e1stroja Wireshark, ktor\u00fd v\u00e1m umo\u017en\u00ed vizualizova\u0165 sie\u0165ov\u00fa komunik\u00e1ciu na \u00farovni paketov. Vysvetl\u00edme si, \u010do je predvolen\u00e1 br\u00e1na (default gateway), subnet masky, CIDR not\u00e1cia a ako konfigurova\u0165 sie\u0165ov\u00e9 adapt\u00e9ry. Nau\u010d\u00edte sa analyzova\u0165 sie\u0165ov\u00fa prev\u00e1dzku, sledova\u0165 prenosov\u00e9 trasy a testova\u0165 konektivitu medzi uzlami. V r\u00e1mci spracovania sie\u0165ov\u00fdch protokolov sa venujeme ICMP (vr\u00e1tane pr\u00edkazov ping a traceroute), DNS (pr\u00edkazy nslookup, dig, host) a DHCP, kde sa preber\u00e1 pren\u00e1jom IP adries, nastavenie servera a parametre ako IAID a DUID. Kurz obsahuje aj praktick\u00e9 sekcie venovan\u00e9 integr\u00e1cii Linuxu s n\u00e1strojmi v\u00fdvoj\u00e1ra a DevOps in\u017einiera. Z\u00edskate preh\u013ead o vyu\u017eit\u00ed Javy ako platformy, spozn\u00e1te mo\u017enosti v\u00fdvojov\u00fdch prostred\u00ed (IDE), nau\u010d\u00edte sa nastavova\u0165 a pou\u017e\u00edva\u0165 Docker kontajnery a rozbehnete Jenkins server, ktor\u00fd sa vyu\u017e\u00edva na automatiz\u00e1ciu v\u00fdvojov\u00e9ho a nasadzovacieho procesu v DevOps pipeline. Je vhodn\u00fd na z\u00edskanie istoty v spr\u00e1ve syst\u00e9mu, sie\u0165ovej komunik\u00e1cii a bezpe\u010dnosti v prostred\u00ed Linux\/Unix, a z\u00e1rove\u0148 prenikn\u00fa\u0165 do z\u00e1kladov DevOps praxe. Ak sa chcete skuto\u010dne nau\u010di\u0165 pou\u017e\u00edva\u0165 Linux, tak toto je ide\u00e1lny online kurz pre v\u00e1s.<\/p>\n","protected":false},"excerpt":{"rendered":"<p>Online kurz Linux\/Unix II. Mierne Pokro\u010dil\u00fd je pre v\u00e1s ide\u00e1lny, ak sa chcete nau\u010di\u0165 pokro\u010dilej\u0161ie techniky spr\u00e1vy Linux\/Unix syst\u00e9mov a pracova\u0165 efekt\u00edvne v pr\u00edkazovom riadku. Budete vedie\u0165 spravova\u0165 a monitorova\u0165 be\u017eiace procesy, porozumie\u0165 sie\u0165ov\u00fdm nastaveniam a protokolom, a efekt\u00edvne vyu\u017e\u00edva\u0165 n\u00e1stroje ako Wireshark, Docker, lsof \u010di Jenkins.","protected":false},"author":4,"featured_media":930,"comment_status":"open","ping_status":"closed","template":"","meta":{"_acf_changed":false},"product_brand":[],"product_cat":[97,28,96],"product_tag":[196,199],"class_list":{"0":"post-743","1":"product","2":"type-product","3":"status-publish","4":"has-post-thumbnail","6":"product_cat-online-kurzy-linux-unix","7":"product_cat-online-kurzy-administracia-it-servery","8":"product_cat-online-kurzy-operacne-systemy","9":"product_tag-operacne-systemy","10":"product_tag-linux-unix","12":"first","13":"instock","14":"sale","15":"sold-individually","16":"taxable","17":"shipping-taxable","18":"purchasable","19":"product-type-simple"},"yoast_head":"<!-- This site is optimized with the Yoast SEO Premium plugin v25.0 (Yoast SEO v25.0) - https:\/\/yoast.com\/wordpress\/plugins\/seo\/ -->\n<title>Online kurz Linux\/Unix pre mierne pokro\u010dil\u00fdch 2026 | VITA<\/title>\n<meta name=\"description\" content=\"V online kurze Linux\/Unix II. Mierne pokro\u010dil\u00fd sa nau\u010d\u00edte pokro\u010dilej\u0161ie techniky spr\u00e1vy a \u00fadr\u017ebu opera\u010dn\u00e9ho syst\u00e9mu Linux. \u2705\" \/>\n<meta name=\"robots\" content=\"index, follow, max-snippet:-1, max-image-preview:large, max-video-preview:-1\" \/>\n<link rel=\"canonical\" href=\"https:\/\/www.vita.sk\/online-kurz-linux-unix-ii-mierne-pokrocily\/\" \/>\n<meta property=\"og:locale\" content=\"en_US\" \/>\n<meta property=\"og:type\" content=\"article\" \/>\n<meta property=\"og:title\" content=\"Online kurz Linux\/Unix II. Mierne Pokro\u010dil\u00fd\" \/>\n<meta property=\"og:description\" content=\"V online kurze Linux\/Unix II. Mierne pokro\u010dil\u00fd sa nau\u010d\u00edte pokro\u010dilej\u0161ie techniky spr\u00e1vy a \u00fadr\u017ebu opera\u010dn\u00e9ho syst\u00e9mu Linux. \u2705\" \/>\n<meta property=\"og:url\" content=\"https:\/\/www.vita.sk\/online-kurz-linux-unix-ii-mierne-pokrocily\/\" \/>\n<meta property=\"og:site_name\" content=\"VITA\" \/>\n<meta property=\"article:publisher\" content=\"https:\/\/www.facebook.com\/VitaAcademySK\" \/>\n<meta property=\"article:modified_time\" content=\"2025-08-14T09:59:55+00:00\" \/>\n<meta property=\"og:image\" content=\"https:\/\/www.vita.sk\/wp-content\/uploads\/2019\/07\/linux-1.png\" \/>\n\t<meta property=\"og:image:width\" content=\"360\" \/>\n\t<meta property=\"og:image:height\" content=\"360\" \/>\n\t<meta property=\"og:image:type\" content=\"image\/png\" \/>\n<meta name=\"twitter:card\" content=\"summary_large_image\" \/>\n<meta name=\"twitter:label1\" content=\"Est. reading time\" \/>\n\t<meta name=\"twitter:data1\" content=\"2 minutes\" \/>\n<script type=\"application\/ld+json\" class=\"yoast-schema-graph\">{\n\t    \"@context\": \"https:\/\/schema.org\",\n\t    \"@graph\": [\n\t        {\n\t            \"@type\": \"WebPage\",\n\t            \"@id\": \"https:\/\/www.vita.sk\/online-kurz-linux-unix-ii-mierne-pokrocily\/\",\n\t            \"url\": \"https:\/\/www.vita.sk\/online-kurz-linux-unix-ii-mierne-pokrocily\/\",\n\t            \"name\": \"Online kurz Linux\/Unix pre mierne pokro\u010dil\u00fdch {Y} | VITA\",\n\t            \"isPartOf\": {\n\t                \"@id\": \"https:\/\/www.vita.sk\/#website\"\n\t            },\n\t            \"primaryImageOfPage\": {\n\t                \"@id\": \"https:\/\/www.vita.sk\/online-kurz-linux-unix-ii-mierne-pokrocily\/#primaryimage\"\n\t            },\n\t            \"image\": {\n\t                \"@id\": \"https:\/\/www.vita.sk\/online-kurz-linux-unix-ii-mierne-pokrocily\/#primaryimage\"\n\t            },\n\t            \"thumbnailUrl\": \"https:\/\/www.vita.sk\/wp-content\/uploads\/2019\/07\/linux-1.png\",\n\t            \"datePublished\": \"2021-07-26T09:02:50+00:00\",\n\t            \"dateModified\": \"2025-08-14T09:59:55+00:00\",\n\t            \"description\": \"V online kurze Linux\/Unix II. Mierne pokro\u010dil\u00fd sa nau\u010d\u00edte pokro\u010dilej\u0161ie techniky spr\u00e1vy a \u00fadr\u017ebu opera\u010dn\u00e9ho syst\u00e9mu Linux. \u2705\",\n\t            \"breadcrumb\": {\n\t                \"@id\": \"https:\/\/www.vita.sk\/online-kurz-linux-unix-ii-mierne-pokrocily\/#breadcrumb\"\n\t            },\n\t            \"inLanguage\": \"en-US\",\n\t            \"potentialAction\": [\n\t                {\n\t                    \"@type\": \"ReadAction\",\n\t                    \"target\": [\n\t                        \"https:\/\/www.vita.sk\/online-kurz-linux-unix-ii-mierne-pokrocily\/\"\n\t                    ]\n\t                }\n\t            ]\n\t        },\n\t        {\n\t            \"@type\": \"ImageObject\",\n\t            \"inLanguage\": \"en-US\",\n\t            \"@id\": \"https:\/\/www.vita.sk\/online-kurz-linux-unix-ii-mierne-pokrocily\/#primaryimage\",\n\t            \"url\": \"https:\/\/www.vita.sk\/wp-content\/uploads\/2019\/07\/linux-1.png\",\n\t            \"contentUrl\": \"https:\/\/www.vita.sk\/wp-content\/uploads\/2019\/07\/linux-1.png\",\n\t            \"width\": 360,\n\t            \"height\": 360,\n\t            \"caption\": \"Online kurz Linux\"\n\t        },\n\t        {\n\t            \"@type\": \"BreadcrumbList\",\n\t            \"@id\": \"https:\/\/www.vita.sk\/online-kurz-linux-unix-ii-mierne-pokrocily\/#breadcrumb\",\n\t            \"itemListElement\": [\n\t                {\n\t                    \"@type\": \"ListItem\",\n\t                    \"position\": 1,\n\t                    \"name\": \"VITA Academy\",\n\t                    \"item\": \"https:\/\/www.vita.sk\/en\/\"\n\t                },\n\t                {\n\t                    \"@type\": \"ListItem\",\n\t                    \"position\": 2,\n\t                    \"name\": \"Shop\",\n\t                    \"item\": \"https:\/\/www.vita.sk\/shop\/\"\n\t                },\n\t                {\n\t                    \"@type\": \"ListItem\",\n\t                    \"position\": 3,\n\t                    \"name\": \"Opera\u010dn\u00e9 Syst\u00e9my\",\n\t                    \"item\": \"https:\/\/www.vita.sk\/online-kurzy-operacne-systemy\/\"\n\t                },\n\t                {\n\t                    \"@type\": \"ListItem\",\n\t                    \"position\": 4,\n\t                    \"name\": \"Linux\/Unix\",\n\t                    \"item\": \"https:\/\/www.vita.sk\/online-kurzy-linux-unix\/\"\n\t                },\n\t                {\n\t                    \"@type\": \"ListItem\",\n\t                    \"position\": 5,\n\t                    \"name\": \"Online kurz Linux\/Unix II. Mierne Pokro\u010dil\u00fd\"\n\t                }\n\t            ]\n\t        },\n\t        {\n\t            \"@type\": \"WebSite\",\n\t            \"@id\": \"https:\/\/www.vita.sk\/#website\",\n\t            \"url\": \"https:\/\/www.vita.sk\/\",\n\t            \"name\": \"VITA\",\n\t            \"description\": \"\",\n\t            \"publisher\": {\n\t                \"@id\": \"https:\/\/www.vita.sk\/#organization\"\n\t            },\n\t            \"potentialAction\": [\n\t                {\n\t                    \"@type\": \"SearchAction\",\n\t                    \"target\": {\n\t                        \"@type\": \"EntryPoint\",\n\t                        \"urlTemplate\": \"https:\/\/www.vita.sk\/?s={search_term_string}\"\n\t                    },\n\t                    \"query-input\": {\n\t                        \"@type\": \"PropertyValueSpecification\",\n\t                        \"valueRequired\": true,\n\t                        \"valueName\": \"search_term_string\"\n\t                    }\n\t                }\n\t            ],\n\t            \"inLanguage\": \"en-US\"\n\t        },\n\t        {\n\t            \"email\": \"admin@vita.sk\",\n\t            \"logo\": \"https:\/\/www.vita.sk\/img\/vita_logo.png \",\n\t            \"address\": {\n\t                \"type\": \"PostalAddress\",\n\t                \"streetAddress\": \"Tom\u00e1\u0161ikova 50\/A\",\n\t                \"addressLocality\": \"Bratislava\",\n\t                \"postalCode\": \"83104\",\n\t                \"addressCountry\": {\n\t                    \"name\": \"SK\",\n\t                    \"type\": \"Country\"\n\t                }\n\t            },\n\t            \"contactPoint\": {\n\t                \"type\": \"ContactPoint\",\n\t                \"telephone\": \"+421 907 375\u00a0543\",\n\t                \"Email\": \"admin@vita.sk\",\n\t                \"contactType\": \"customer service\"\n\t            },\n\t            \"sameAs\": [\n\t                \"https:\/\/www.facebook.com\/VitaAcademySK\/\",\n\t                \"https:\/\/www.linkedin.com\/company\/vita-academy\/\"\n\t            ]\n\t        }\n\t    ]\n\t}<\/script>\n<!-- \/ Yoast SEO Premium plugin. -->","yoast_head_json":{"title":"Online kurz Linux\/Unix pre mierne pokro\u010dil\u00fdch 2026 | VITA","description":"V online kurze Linux\/Unix II. Mierne pokro\u010dil\u00fd sa nau\u010d\u00edte pokro\u010dilej\u0161ie techniky spr\u00e1vy a \u00fadr\u017ebu opera\u010dn\u00e9ho syst\u00e9mu Linux. \u2705","robots":{"index":"index","follow":"follow","max-snippet":"max-snippet:-1","max-image-preview":"max-image-preview:large","max-video-preview":"max-video-preview:-1"},"canonical":"https:\/\/www.vita.sk\/online-kurz-linux-unix-ii-mierne-pokrocily\/","og_locale":"en_US","og_type":"article","og_title":"Online kurz Linux\/Unix II. Mierne Pokro\u010dil\u00fd","og_description":"V online kurze Linux\/Unix II. Mierne pokro\u010dil\u00fd sa nau\u010d\u00edte pokro\u010dilej\u0161ie techniky spr\u00e1vy a \u00fadr\u017ebu opera\u010dn\u00e9ho syst\u00e9mu Linux. \u2705","og_url":"https:\/\/www.vita.sk\/online-kurz-linux-unix-ii-mierne-pokrocily\/","og_site_name":"VITA","article_publisher":"https:\/\/www.facebook.com\/VitaAcademySK","article_modified_time":"2025-08-14T09:59:55+00:00","og_image":[{"width":360,"height":360,"url":"https:\/\/www.vita.sk\/wp-content\/uploads\/2019\/07\/linux-1.png","type":"image\/png"}],"twitter_card":"summary_large_image","twitter_misc":{"Est. reading time":"2 minutes"},"schema":{"@context":"https:\/\/schema.org","@graph":[{"@type":"WebPage","@id":"https:\/\/www.vita.sk\/online-kurz-linux-unix-ii-mierne-pokrocily\/","url":"https:\/\/www.vita.sk\/online-kurz-linux-unix-ii-mierne-pokrocily\/","name":"Online kurz Linux\/Unix pre mierne pokro\u010dil\u00fdch {Y} | VITA","isPartOf":{"@id":"https:\/\/www.vita.sk\/#website"},"primaryImageOfPage":{"@id":"https:\/\/www.vita.sk\/online-kurz-linux-unix-ii-mierne-pokrocily\/#primaryimage"},"image":{"@id":"https:\/\/www.vita.sk\/online-kurz-linux-unix-ii-mierne-pokrocily\/#primaryimage"},"thumbnailUrl":"https:\/\/www.vita.sk\/wp-content\/uploads\/2019\/07\/linux-1.png","datePublished":"2021-07-26T09:02:50+00:00","dateModified":"2025-08-14T09:59:55+00:00","description":"V online kurze Linux\/Unix II. Mierne pokro\u010dil\u00fd sa nau\u010d\u00edte pokro\u010dilej\u0161ie techniky spr\u00e1vy a \u00fadr\u017ebu opera\u010dn\u00e9ho syst\u00e9mu Linux. \u2705","breadcrumb":{"@id":"https:\/\/www.vita.sk\/online-kurz-linux-unix-ii-mierne-pokrocily\/#breadcrumb"},"inLanguage":"en-US","potentialAction":[{"@type":"ReadAction","target":["https:\/\/www.vita.sk\/online-kurz-linux-unix-ii-mierne-pokrocily\/"]}]},{"@type":"ImageObject","inLanguage":"en-US","@id":"https:\/\/www.vita.sk\/online-kurz-linux-unix-ii-mierne-pokrocily\/#primaryimage","url":"https:\/\/www.vita.sk\/wp-content\/uploads\/2019\/07\/linux-1.png","contentUrl":"https:\/\/www.vita.sk\/wp-content\/uploads\/2019\/07\/linux-1.png","width":360,"height":360,"caption":"Online kurz Linux"},{"@type":"BreadcrumbList","@id":"https:\/\/www.vita.sk\/online-kurz-linux-unix-ii-mierne-pokrocily\/#breadcrumb","itemListElement":[{"@type":"ListItem","position":1,"name":"VITA Academy","item":"https:\/\/www.vita.sk\/en\/"},{"@type":"ListItem","position":2,"name":"Shop","item":"https:\/\/www.vita.sk\/shop\/"},{"@type":"ListItem","position":3,"name":"Opera\u010dn\u00e9 Syst\u00e9my","item":"https:\/\/www.vita.sk\/online-kurzy-operacne-systemy\/"},{"@type":"ListItem","position":4,"name":"Linux\/Unix","item":"https:\/\/www.vita.sk\/online-kurzy-linux-unix\/"},{"@type":"ListItem","position":5,"name":"Online kurz Linux\/Unix II. Mierne Pokro\u010dil\u00fd"}]},{"@type":"WebSite","@id":"https:\/\/www.vita.sk\/#website","url":"https:\/\/www.vita.sk\/","name":"VITA","description":"","publisher":{"@id":"https:\/\/www.vita.sk\/#organization"},"potentialAction":[{"@type":"SearchAction","target":{"@type":"EntryPoint","urlTemplate":"https:\/\/www.vita.sk\/?s={search_term_string}"},"query-input":{"@type":"PropertyValueSpecification","valueRequired":true,"valueName":"search_term_string"}}],"inLanguage":"en-US"},{"email":"admin@vita.sk","logo":"https:\/\/www.vita.sk\/img\/vita_logo.png ","address":{"type":"PostalAddress","streetAddress":"Tom\u00e1\u0161ikova 50\/A","addressLocality":"Bratislava","postalCode":"83104","addressCountry":{"name":"SK","type":"Country"}},"contactPoint":{"type":"ContactPoint","telephone":"+421 907 375\u00a0543","Email":"admin@vita.sk","contactType":"customer service"},"sameAs":["https:\/\/www.facebook.com\/VitaAcademySK\/","https:\/\/www.linkedin.com\/company\/vita-academy\/"]}]}},"acf":[],"_links":{"self":[{"href":"https:\/\/www.vita.sk\/en\/wp-json\/wp\/v2\/product\/743","targetHints":{"allow":["GET"]}}],"collection":[{"href":"https:\/\/www.vita.sk\/en\/wp-json\/wp\/v2\/product"}],"about":[{"href":"https:\/\/www.vita.sk\/en\/wp-json\/wp\/v2\/types\/product"}],"author":[{"embeddable":true,"href":"https:\/\/www.vita.sk\/en\/wp-json\/wp\/v2\/users\/4"}],"replies":[{"embeddable":true,"href":"https:\/\/www.vita.sk\/en\/wp-json\/wp\/v2\/comments?post=743"}],"wp:featuredmedia":[{"embeddable":true,"href":"https:\/\/www.vita.sk\/en\/wp-json\/wp\/v2\/media\/930"}],"wp:attachment":[{"href":"https:\/\/www.vita.sk\/en\/wp-json\/wp\/v2\/media?parent=743"}],"wp:term":[{"taxonomy":"product_brand","embeddable":true,"href":"https:\/\/www.vita.sk\/en\/wp-json\/wp\/v2\/product_brand?post=743"},{"taxonomy":"product_cat","embeddable":true,"href":"https:\/\/www.vita.sk\/en\/wp-json\/wp\/v2\/product_cat?post=743"},{"taxonomy":"product_tag","embeddable":true,"href":"https:\/\/www.vita.sk\/en\/wp-json\/wp\/v2\/product_tag?post=743"}],"curies":[{"name":"wp","href":"https:\/\/api.w.org\/{rel}","templated":true}]}}