{"id":753,"date":"2021-07-26T12:01:47","date_gmt":"2021-07-26T10:01:47","guid":{"rendered":"http:\/\/vita.sk.vps324.nameserver.sk\/?post_type=product&#038;p=753"},"modified":"2026-01-26T13:26:47","modified_gmt":"2026-01-26T12:26:47","slug":"online-kurz-android-i-zaciatocnik","status":"publish","type":"product","link":"https:\/\/www.vita.sk\/en\/online-kurz-android-i-zaciatocnik\/","title":{"rendered":"Online kurz Android I. Za\u010diato\u010dn\u00edk"},"content":{"rendered":"<p>Online kurz Android I. Za\u010diato\u010dn\u00edk je pre v\u00e1s ide\u00e1lny, ak sa chcete nau\u010di\u0165 z\u00e1klady v\u00fdvoja mobiln\u00fdch aplik\u00e1ci\u00ed pre opera\u010dn\u00fd syst\u00e9m Android a pochopi\u0165, ako funguje cel\u00fd ekosyst\u00e9m Android aplik\u00e1ci\u00ed od prv\u00e9ho projektu a\u017e po jeho \u0161trukt\u00faru a logiku. <strong>Ide o certifikovan\u00fd kurz na Android.<\/strong> Je zameran\u00fd na zvl\u00e1dnutie v\u00fdvojov\u00e9ho prostredia Android Studio, pr\u00e1ce s Android SDK a pochopenie prepojenia platformy Android s programovac\u00edm jazykom Java. V kurze si osvoj\u00edte z\u00e1kladn\u00e9 princ\u00edpy v\u00fdvoja Android aplik\u00e1ci\u00ed, pochop\u00edte, ak\u00fd programovac\u00ed jazyk sa pri v\u00fdvoji pou\u017e\u00edva a ak\u00e9 s\u00fa jeho \u0161pecifik\u00e1 v kontexte mobiln\u00fdch zariaden\u00ed. Nau\u010d\u00edte sa nain\u0161talova\u0165 a spr\u00e1vne nastavi\u0165 Android Studio, vytvori\u0165 prv\u00fd Android projekt a zorientova\u0165 sa v jeho z\u00e1kladnej \u0161trukt\u00fare. D\u00f4raz sa kladie na pochopenie Android rozhrania, pr\u00e1ce s layoutmi, UI prvkami a ich atrib\u00fatmi, ako aj na konfigur\u00e1ciu pou\u017e\u00edvate\u013esk\u00e9ho rozhrania pomocou XML. Z\u00edskate preh\u013ead o tom, ako aplik\u00e1ciu spusti\u0165, testova\u0165 a pracova\u0165 so syst\u00e9mov\u00fdmi hl\u00e1\u0161kami typu Toast. Kurz v\u00e1s nau\u010d\u00ed pracova\u0165 s debugovan\u00edm Android aplik\u00e1ci\u00ed, pochopi\u0165 v\u00fdznam jednotliv\u00fdch prie\u010dinkov projektu, princ\u00edp vzniku APK s\u00faboru a orient\u00e1ciu v projektov\u00fdch s\u00faboroch. Osvoj\u00edte si pr\u00e1cu s udalos\u0165ami, z\u00e1mermi (Intents) a logmi, ktor\u00e9 s\u00fa k\u013e\u00fa\u010dov\u00e9 pre sledovanie spr\u00e1vania aplik\u00e1cie a rie\u0161enie ch\u00fdb. D\u00f4le\u017eitou s\u00fa\u010das\u0165ou kurzu je aj pochopenie pojmu Activity, jej \u00falohy v \u017eivotnom cykle aplik\u00e1cie, pr\u00e1ce s warnings a spr\u00e1vne pou\u017e\u00edvanie package, view a ID prvkov. Z\u00edskate tie\u017e odpor\u00fa\u010dania na relevantn\u00e9 zdroje a literat\u00faru, ktor\u00e9 v\u00e1m pom\u00f4\u017eu \u010falej rozv\u00edja\u0165 znalosti v oblasti Android v\u00fdvoja. Ako bonus a \u010dere\u0161ni\u010dku na torte n\u00e1jdete v z\u00e1vere kurzu cel\u00fa kapitolu na najpou\u017e\u00edvanej\u0161iu datab\u00e1zu pre mobiln\u00fd v\u00fdvoj a aplik\u00e1cie a to SQLite. Ak sa chcete skuto\u010dne nau\u010di\u0165 vyv\u00edja\u0165 Android aplik\u00e1cie a sta\u0165 sa Android v\u00fdvoj\u00e1rom za\u010diato\u010dn\u00edkom s pevn\u00fdmi z\u00e1kladmi, tak toto je ide\u00e1lny vstupn\u00fd online kurz pre v\u00e1s.<\/p>\n","protected":false},"excerpt":{"rendered":"<p>Online kurz Android I. Za\u010diato\u010dn\u00edk v\u00e1s nau\u010d\u00ed z\u00e1klady v\u00fdvoja Android aplik\u00e1ci\u00ed, pr\u00e1cu s Android Studio, UI prvkami, aktivitami, udalos\u0165ami a z\u00e1kladn\u00fa orient\u00e1ciu v \u0161trukt\u00fare Android projektov.","protected":false},"author":27,"featured_media":959,"comment_status":"open","ping_status":"closed","template":"","meta":{"_acf_changed":false},"product_brand":[],"product_cat":[100,99,73],"product_tag":[189],"class_list":{"0":"post-753","1":"product","2":"type-product","3":"status-publish","4":"has-post-thumbnail","6":"product_cat-online-kurzy-android","7":"product_cat-online-kurzy-programovacie-jazyky","8":"product_cat-bez-kategorie","9":"product_tag-programovacie-jazyky","11":"first","12":"instock","13":"sale","14":"sold-individually","15":"taxable","16":"shipping-taxable","17":"purchasable","18":"product-type-simple"},"yoast_head":"<!-- This site is optimized with the Yoast SEO Premium plugin v25.0 (Yoast SEO v25.0) - https:\/\/yoast.com\/wordpress\/plugins\/seo\/ -->\n<title>Online kurz Android pre za\u010diato\u010dn\u00edkov 2026 | VITA<\/title>\n<meta name=\"description\" content=\"V online kurze Android pre za\u010diato\u010dn\u00edkov v\u00e1s nau\u010d\u00edme programova\u0165 pod platformou Android. Nau\u010d\u00edme v\u00e1s pracova\u0165 so syst\u00e9mom Android a emul\u00e1tormi. \u2705\" \/>\n<meta name=\"robots\" content=\"index, follow, max-snippet:-1, max-image-preview:large, max-video-preview:-1\" \/>\n<link rel=\"canonical\" href=\"https:\/\/www.vita.sk\/online-kurz-android-i-zaciatocnik\/\" \/>\n<meta property=\"og:locale\" content=\"en_US\" \/>\n<meta property=\"og:type\" content=\"article\" \/>\n<meta property=\"og:title\" content=\"Online kurz Android I. Za\u010diato\u010dn\u00edk\" \/>\n<meta property=\"og:description\" content=\"V online kurze Android pre za\u010diato\u010dn\u00edkov v\u00e1s nau\u010d\u00edme programova\u0165 pod platformou Android. Nau\u010d\u00edme v\u00e1s pracova\u0165 so syst\u00e9mom Android a emul\u00e1tormi. \u2705\" \/>\n<meta property=\"og:url\" content=\"https:\/\/www.vita.sk\/online-kurz-android-i-zaciatocnik\/\" \/>\n<meta property=\"og:site_name\" content=\"VITA\" \/>\n<meta property=\"article:publisher\" content=\"https:\/\/www.facebook.com\/VitaAcademySK\" \/>\n<meta property=\"article:modified_time\" content=\"2026-01-26T12:26:47+00:00\" \/>\n<meta property=\"og:image\" content=\"https:\/\/www.vita.sk\/wp-content\/uploads\/2019\/07\/android-1.png\" \/>\n\t<meta property=\"og:image:width\" content=\"360\" \/>\n\t<meta property=\"og:image:height\" content=\"360\" \/>\n\t<meta property=\"og:image:type\" content=\"image\/png\" \/>\n<meta name=\"twitter:card\" content=\"summary_large_image\" \/>\n<meta name=\"twitter:label1\" content=\"Est. reading time\" \/>\n\t<meta name=\"twitter:data1\" content=\"2 minutes\" \/>\n<script type=\"application\/ld+json\" class=\"yoast-schema-graph\">{\n\t    \"@context\": \"https:\/\/schema.org\",\n\t    \"@graph\": [\n\t        {\n\t            \"@type\": \"WebPage\",\n\t            \"@id\": \"https:\/\/www.vita.sk\/online-kurz-android-i-zaciatocnik\/\",\n\t            \"url\": \"https:\/\/www.vita.sk\/online-kurz-android-i-zaciatocnik\/\",\n\t            \"name\": \"Online kurz Android pre za\u010diato\u010dn\u00edkov {Y} | VITA\",\n\t            \"isPartOf\": {\n\t                \"@id\": \"https:\/\/www.vita.sk\/#website\"\n\t            },\n\t            \"primaryImageOfPage\": {\n\t                \"@id\": \"https:\/\/www.vita.sk\/online-kurz-android-i-zaciatocnik\/#primaryimage\"\n\t            },\n\t            \"image\": {\n\t                \"@id\": \"https:\/\/www.vita.sk\/online-kurz-android-i-zaciatocnik\/#primaryimage\"\n\t            },\n\t            \"thumbnailUrl\": \"https:\/\/www.vita.sk\/wp-content\/uploads\/2019\/07\/android-1.png\",\n\t            \"datePublished\": \"2021-07-26T10:01:47+00:00\",\n\t            \"dateModified\": \"2026-01-26T12:26:47+00:00\",\n\t            \"description\": \"V online kurze Android pre za\u010diato\u010dn\u00edkov v\u00e1s nau\u010d\u00edme programova\u0165 pod platformou Android. Nau\u010d\u00edme v\u00e1s pracova\u0165 so syst\u00e9mom Android a emul\u00e1tormi. \u2705\",\n\t            \"breadcrumb\": {\n\t                \"@id\": \"https:\/\/www.vita.sk\/online-kurz-android-i-zaciatocnik\/#breadcrumb\"\n\t            },\n\t            \"inLanguage\": \"en-US\",\n\t            \"potentialAction\": [\n\t                {\n\t                    \"@type\": \"ReadAction\",\n\t                    \"target\": [\n\t                        \"https:\/\/www.vita.sk\/online-kurz-android-i-zaciatocnik\/\"\n\t                    ]\n\t                }\n\t            ]\n\t        },\n\t        {\n\t            \"@type\": \"ImageObject\",\n\t            \"inLanguage\": \"en-US\",\n\t            \"@id\": \"https:\/\/www.vita.sk\/online-kurz-android-i-zaciatocnik\/#primaryimage\",\n\t            \"url\": \"https:\/\/www.vita.sk\/wp-content\/uploads\/2019\/07\/android-1.png\",\n\t            \"contentUrl\": \"https:\/\/www.vita.sk\/wp-content\/uploads\/2019\/07\/android-1.png\",\n\t            \"width\": 360,\n\t            \"height\": 360,\n\t            \"caption\": \"Online kurz Android\"\n\t        },\n\t        {\n\t            \"@type\": \"BreadcrumbList\",\n\t            \"@id\": \"https:\/\/www.vita.sk\/online-kurz-android-i-zaciatocnik\/#breadcrumb\",\n\t            \"itemListElement\": [\n\t                {\n\t                    \"@type\": \"ListItem\",\n\t                    \"position\": 1,\n\t                    \"name\": \"VITA Academy\",\n\t                    \"item\": \"https:\/\/www.vita.sk\/en\/\"\n\t                },\n\t                {\n\t                    \"@type\": \"ListItem\",\n\t                    \"position\": 2,\n\t                    \"name\": \"Shop\",\n\t                    \"item\": \"https:\/\/www.vita.sk\/shop\/\"\n\t                },\n\t                {\n\t                    \"@type\": \"ListItem\",\n\t                    \"position\": 3,\n\t                    \"name\": \"Programovacie Jazyky\",\n\t                    \"item\": \"https:\/\/www.vita.sk\/online-kurzy-programovacie-jazyky\/\"\n\t                },\n\t                {\n\t                    \"@type\": \"ListItem\",\n\t                    \"position\": 4,\n\t                    \"name\": \"Android\",\n\t                    \"item\": \"https:\/\/www.vita.sk\/online-kurzy-android\/\"\n\t                },\n\t                {\n\t                    \"@type\": \"ListItem\",\n\t                    \"position\": 5,\n\t                    \"name\": \"Online kurz Android I. Za\u010diato\u010dn\u00edk\"\n\t                }\n\t            ]\n\t        },\n\t        {\n\t            \"@type\": \"WebSite\",\n\t            \"@id\": \"https:\/\/www.vita.sk\/#website\",\n\t            \"url\": \"https:\/\/www.vita.sk\/\",\n\t            \"name\": \"VITA\",\n\t            \"description\": \"\",\n\t            \"publisher\": {\n\t                \"@id\": \"https:\/\/www.vita.sk\/#organization\"\n\t            },\n\t            \"potentialAction\": [\n\t                {\n\t                    \"@type\": \"SearchAction\",\n\t                    \"target\": {\n\t                        \"@type\": \"EntryPoint\",\n\t                        \"urlTemplate\": \"https:\/\/www.vita.sk\/?s={search_term_string}\"\n\t                    },\n\t                    \"query-input\": {\n\t                        \"@type\": \"PropertyValueSpecification\",\n\t                        \"valueRequired\": true,\n\t                        \"valueName\": \"search_term_string\"\n\t                    }\n\t                }\n\t            ],\n\t            \"inLanguage\": \"en-US\"\n\t        },\n\t        {\n\t            \"email\": \"admin@vita.sk\",\n\t            \"logo\": \"https:\/\/www.vita.sk\/img\/vita_logo.png \",\n\t            \"address\": {\n\t                \"type\": \"PostalAddress\",\n\t                \"streetAddress\": \"Tom\u00e1\u0161ikova 50\/A\",\n\t                \"addressLocality\": \"Bratislava\",\n\t                \"postalCode\": \"83104\",\n\t                \"addressCountry\": {\n\t                    \"name\": \"SK\",\n\t                    \"type\": \"Country\"\n\t                }\n\t            },\n\t            \"contactPoint\": {\n\t                \"type\": \"ContactPoint\",\n\t                \"telephone\": \"+421 907 375\u00a0543\",\n\t                \"Email\": \"admin@vita.sk\",\n\t                \"contactType\": \"customer service\"\n\t            },\n\t            \"sameAs\": [\n\t                \"https:\/\/www.facebook.com\/VitaAcademySK\/\",\n\t                \"https:\/\/www.linkedin.com\/company\/vita-academy\/\"\n\t            ]\n\t        }\n\t    ]\n\t}<\/script>\n<!-- \/ Yoast SEO Premium plugin. -->","yoast_head_json":{"title":"Online kurz Android pre za\u010diato\u010dn\u00edkov 2026 | VITA","description":"V online kurze Android pre za\u010diato\u010dn\u00edkov v\u00e1s nau\u010d\u00edme programova\u0165 pod platformou Android. Nau\u010d\u00edme v\u00e1s pracova\u0165 so syst\u00e9mom Android a emul\u00e1tormi. \u2705","robots":{"index":"index","follow":"follow","max-snippet":"max-snippet:-1","max-image-preview":"max-image-preview:large","max-video-preview":"max-video-preview:-1"},"canonical":"https:\/\/www.vita.sk\/online-kurz-android-i-zaciatocnik\/","og_locale":"en_US","og_type":"article","og_title":"Online kurz Android I. Za\u010diato\u010dn\u00edk","og_description":"V online kurze Android pre za\u010diato\u010dn\u00edkov v\u00e1s nau\u010d\u00edme programova\u0165 pod platformou Android. Nau\u010d\u00edme v\u00e1s pracova\u0165 so syst\u00e9mom Android a emul\u00e1tormi. \u2705","og_url":"https:\/\/www.vita.sk\/online-kurz-android-i-zaciatocnik\/","og_site_name":"VITA","article_publisher":"https:\/\/www.facebook.com\/VitaAcademySK","article_modified_time":"2026-01-26T12:26:47+00:00","og_image":[{"width":360,"height":360,"url":"https:\/\/www.vita.sk\/wp-content\/uploads\/2019\/07\/android-1.png","type":"image\/png"}],"twitter_card":"summary_large_image","twitter_misc":{"Est. reading time":"2 minutes"},"schema":{"@context":"https:\/\/schema.org","@graph":[{"@type":"WebPage","@id":"https:\/\/www.vita.sk\/online-kurz-android-i-zaciatocnik\/","url":"https:\/\/www.vita.sk\/online-kurz-android-i-zaciatocnik\/","name":"Online kurz Android pre za\u010diato\u010dn\u00edkov {Y} | VITA","isPartOf":{"@id":"https:\/\/www.vita.sk\/#website"},"primaryImageOfPage":{"@id":"https:\/\/www.vita.sk\/online-kurz-android-i-zaciatocnik\/#primaryimage"},"image":{"@id":"https:\/\/www.vita.sk\/online-kurz-android-i-zaciatocnik\/#primaryimage"},"thumbnailUrl":"https:\/\/www.vita.sk\/wp-content\/uploads\/2019\/07\/android-1.png","datePublished":"2021-07-26T10:01:47+00:00","dateModified":"2026-01-26T12:26:47+00:00","description":"V online kurze Android pre za\u010diato\u010dn\u00edkov v\u00e1s nau\u010d\u00edme programova\u0165 pod platformou Android. Nau\u010d\u00edme v\u00e1s pracova\u0165 so syst\u00e9mom Android a emul\u00e1tormi. \u2705","breadcrumb":{"@id":"https:\/\/www.vita.sk\/online-kurz-android-i-zaciatocnik\/#breadcrumb"},"inLanguage":"en-US","potentialAction":[{"@type":"ReadAction","target":["https:\/\/www.vita.sk\/online-kurz-android-i-zaciatocnik\/"]}]},{"@type":"ImageObject","inLanguage":"en-US","@id":"https:\/\/www.vita.sk\/online-kurz-android-i-zaciatocnik\/#primaryimage","url":"https:\/\/www.vita.sk\/wp-content\/uploads\/2019\/07\/android-1.png","contentUrl":"https:\/\/www.vita.sk\/wp-content\/uploads\/2019\/07\/android-1.png","width":360,"height":360,"caption":"Online kurz Android"},{"@type":"BreadcrumbList","@id":"https:\/\/www.vita.sk\/online-kurz-android-i-zaciatocnik\/#breadcrumb","itemListElement":[{"@type":"ListItem","position":1,"name":"VITA Academy","item":"https:\/\/www.vita.sk\/en\/"},{"@type":"ListItem","position":2,"name":"Shop","item":"https:\/\/www.vita.sk\/shop\/"},{"@type":"ListItem","position":3,"name":"Programovacie Jazyky","item":"https:\/\/www.vita.sk\/online-kurzy-programovacie-jazyky\/"},{"@type":"ListItem","position":4,"name":"Android","item":"https:\/\/www.vita.sk\/online-kurzy-android\/"},{"@type":"ListItem","position":5,"name":"Online kurz Android I. Za\u010diato\u010dn\u00edk"}]},{"@type":"WebSite","@id":"https:\/\/www.vita.sk\/#website","url":"https:\/\/www.vita.sk\/","name":"VITA","description":"","publisher":{"@id":"https:\/\/www.vita.sk\/#organization"},"potentialAction":[{"@type":"SearchAction","target":{"@type":"EntryPoint","urlTemplate":"https:\/\/www.vita.sk\/?s={search_term_string}"},"query-input":{"@type":"PropertyValueSpecification","valueRequired":true,"valueName":"search_term_string"}}],"inLanguage":"en-US"},{"email":"admin@vita.sk","logo":"https:\/\/www.vita.sk\/img\/vita_logo.png ","address":{"type":"PostalAddress","streetAddress":"Tom\u00e1\u0161ikova 50\/A","addressLocality":"Bratislava","postalCode":"83104","addressCountry":{"name":"SK","type":"Country"}},"contactPoint":{"type":"ContactPoint","telephone":"+421 907 375\u00a0543","Email":"admin@vita.sk","contactType":"customer service"},"sameAs":["https:\/\/www.facebook.com\/VitaAcademySK\/","https:\/\/www.linkedin.com\/company\/vita-academy\/"]}]}},"acf":[],"_links":{"self":[{"href":"https:\/\/www.vita.sk\/en\/wp-json\/wp\/v2\/product\/753","targetHints":{"allow":["GET"]}}],"collection":[{"href":"https:\/\/www.vita.sk\/en\/wp-json\/wp\/v2\/product"}],"about":[{"href":"https:\/\/www.vita.sk\/en\/wp-json\/wp\/v2\/types\/product"}],"author":[{"embeddable":true,"href":"https:\/\/www.vita.sk\/en\/wp-json\/wp\/v2\/users\/27"}],"replies":[{"embeddable":true,"href":"https:\/\/www.vita.sk\/en\/wp-json\/wp\/v2\/comments?post=753"}],"wp:featuredmedia":[{"embeddable":true,"href":"https:\/\/www.vita.sk\/en\/wp-json\/wp\/v2\/media\/959"}],"wp:attachment":[{"href":"https:\/\/www.vita.sk\/en\/wp-json\/wp\/v2\/media?parent=753"}],"wp:term":[{"taxonomy":"product_brand","embeddable":true,"href":"https:\/\/www.vita.sk\/en\/wp-json\/wp\/v2\/product_brand?post=753"},{"taxonomy":"product_cat","embeddable":true,"href":"https:\/\/www.vita.sk\/en\/wp-json\/wp\/v2\/product_cat?post=753"},{"taxonomy":"product_tag","embeddable":true,"href":"https:\/\/www.vita.sk\/en\/wp-json\/wp\/v2\/product_tag?post=753"}],"curies":[{"name":"wp","href":"https:\/\/api.w.org\/{rel}","templated":true}]}}