{"id":7536,"date":"2021-09-06T11:55:18","date_gmt":"2021-09-06T09:55:18","guid":{"rendered":"https:\/\/www.vita.sk\/?post_type=product&#038;p=7536"},"modified":"2026-01-20T13:51:10","modified_gmt":"2026-01-20T12:51:10","slug":"online-kurz-umela-inteligencia-ai-automatizacia-a-strojove-ucenie-ml","status":"publish","type":"product","link":"https:\/\/www.vita.sk\/en\/online-kurz-umela-inteligencia-ai-automatizacia-a-strojove-ucenie-ml\/","title":{"rendered":"Online kurz Umel\u00e1 Inteligencia (AI), Automatiz\u00e1cia a Strojov\u00e9 U\u010denie (ML)"},"content":{"rendered":"<p>Online kurz Umel\u00e1 Inteligencia (AI), Automatiz\u00e1cia a Strojov\u00e9 U\u010denie (ML) je pre v\u00e1s ide\u00e1lny, ak sa chcete nau\u010di\u0165 rozumie\u0165 z\u00e1kladn\u00fdm princ\u00edpom umelej inteligencie, pracova\u0165 s modern\u00fdmi AI n\u00e1strojmi a porozumie\u0165 tomu, ako sa automatizuj\u00fa procesy pomocou strojov\u00e9ho u\u010denia. <strong>Ide o certifikovan\u00fd kurz na Umel\u00fa Inteligencia (AI), Automatiz\u00e1ciu a Strojov\u00e9 U\u010denie (ML).<\/strong> Z\u00edskate jasn\u00e9 a systematick\u00e9 vysvetlenie toho, \u010do predstavuje umel\u00e1 inteligencia, ak\u00e9 \u00falohy rie\u0161i strojov\u00e9 u\u010denie a ako funguj\u00fa neur\u00f3nov\u00e9 siete na praktick\u00fdch pr\u00edkladoch. Pochop\u00edme mechanizmy n\u00e1strojov ako Google Quick Draw a sp\u00f4sob, ak\u00fdm sa modely u\u010dia rozpozn\u00e1va\u0165 objekty, analyzova\u0165 text alebo generova\u0165 obsah na z\u00e1klade d\u00e1t. Kurz sa venuje aj z\u00e1kladom strojov\u00e9ho u\u010denia a uk\u00e1\u017ee, ako za\u010da\u0165 pracova\u0165 s ML modelmi, ak\u00e9 d\u00e1ta potrebuj\u00fa, \u010do je to tr\u00e9novanie modelu a ak\u00fdm sp\u00f4sobom m\u00f4\u017eeme vytv\u00e1ra\u0165 jednoduch\u00e9 AI rie\u0161enia. Nau\u010d\u00edme sa identifikova\u0165 vhodn\u00e9 scen\u00e1re pou\u017eitia strojov\u00e9ho u\u010denia, vyhodnocova\u0165 v\u00fdstupy modelov a rozumie\u0165 pojmom ako tr\u00e9ningov\u00e1 mno\u017eina, neur\u00f3nov\u00e1 sie\u0165 alebo predik\u010dn\u00fd v\u00fdstup. V\u00fdznamnou s\u00fa\u010das\u0165ou kurzu je aj pr\u00e1ca s najpou\u017e\u00edvanej\u0161\u00edmi chatovac\u00edmi a generat\u00edvnymi AI n\u00e1strojmi. Nau\u010d\u00edme sa pou\u017e\u00edva\u0165 ChatGPT pri rie\u0161en\u00ed \u00faloh, generovan\u00ed textov, anal\u00fdze inform\u00e1ci\u00ed a programovan\u00ed. Uk\u00e1\u017eeme si vyu\u017eitie ChatGPT doplnkov pri pr\u00e1ci s dokumentmi, obr\u00e1zkami a d\u00e1tami, ako aj to, ako mo\u017eno efekt\u00edvne pracova\u0165 s generat\u00edvnou AI od Google Gemini pri anal\u00fdze textov, obr\u00e1zkov a tvorbe pokro\u010dil\u00fdch \u00faloh. V r\u00e1mci roz\u0161\u00edrenej t\u00e9my Google AI Overview sa obozn\u00e1mime s nov\u00fdmi konceptmi SEO, AEO a GEO, ktor\u00e9 menia sp\u00f4sob vyh\u013ead\u00e1vania a prezent\u00e1cie v\u00fdsledkov na internete. Pochop\u00edme rozdiely medzi jednotliv\u00fdmi typmi optimaliz\u00e1cie a osvoj\u00edme si ich praktick\u00e9 vyu\u017eitie v digit\u00e1lnom prostred\u00ed. Z\u00edskate ucelen\u00fd poh\u013ead na to, ako modern\u00e9 AI syst\u00e9my ovplyv\u0148uj\u00fa vyh\u013ead\u00e1vanie, obsah, automatiz\u00e1ciu a interakciu s pou\u017e\u00edvate\u013emi. Po absolvovan\u00ed kurzu budete schopn\u00ed pracova\u0165 s najd\u00f4le\u017eitej\u0161\u00edmi AI n\u00e1strojmi, pochop\u00edte z\u00e1kladn\u00e9 princ\u00edpy strojov\u00e9ho u\u010denia, osvoj\u00edte si automatiza\u010dn\u00e9 postupy a z\u00edskate praktick\u00e9 sk\u00fasenosti s modern\u00fdmi inteligentn\u00fdmi syst\u00e9mami. Ak sa chcete skuto\u010dne nau\u010di\u0165 vyu\u017e\u00edva\u0165 umel\u00fa inteligenciu v praxi, tak toto je ide\u00e1lny online kurz pre v\u00e1s.<\/p>\n","protected":false},"excerpt":{"rendered":"<p>Online kurz Umel\u00e1 Inteligencia (AI), Automatiz\u00e1cia a Strojov\u00e9 U\u010denie (ML) v\u00e1s nau\u010d\u00ed pracova\u0165 s modern\u00fdmi AI n\u00e1strojmi, porozumie\u0165 z\u00e1kladom strojov\u00e9ho u\u010denia a vyu\u017e\u00edva\u0165 automatiz\u00e1ciu v praxi. Z\u00edskate praktick\u00e9 zru\u010dnosti pri pr\u00e1ci s ChatGPT, Google Gemini aj inteligentn\u00fdmi modelmi na spracovanie textu, obrazu a d\u00e1t.","protected":false},"author":4,"featured_media":4356,"comment_status":"open","ping_status":"closed","template":"","meta":{"_acf_changed":false},"product_brand":[],"product_cat":[471,49,588,73],"product_tag":[589,609],"class_list":{"0":"post-7536","1":"product","2":"type-product","3":"status-publish","4":"has-post-thumbnail","6":"product_cat-umela-inteligencia","7":"product_cat-online-kurzy-databazy-statistika-analytika","8":"product_cat-online-kurzy-umela-inteligencia-ai","9":"product_cat-bez-kategorie","10":"product_tag-umela-inteligencia","11":"product_tag-ai","13":"first","14":"instock","15":"sale","16":"sold-individually","17":"taxable","18":"shipping-taxable","19":"purchasable","20":"product-type-simple"},"yoast_head":"<!-- This site is optimized with the Yoast SEO Premium plugin v25.0 (Yoast SEO v25.0) - https:\/\/yoast.com\/wordpress\/plugins\/seo\/ -->\n<title>Online kurz Umel\u00e1 Inteligencia (AI), Automatiz\u00e1cia a Strojov\u00e9 U\u010denie (ML) 2026 | VITA<\/title>\n<meta name=\"description\" content=\"Zistite, ako prakticky vyu\u017ei\u0165 umel\u00fa inteligenciu, automatiz\u00e1ciu a strojov\u00e9 u\u010denie na tvorbu vlastn\u00fdch AI projektov a zefekt\u00edvnenie pr\u00e1ce. \u2705\" \/>\n<meta name=\"robots\" content=\"index, follow, max-snippet:-1, max-image-preview:large, max-video-preview:-1\" \/>\n<link rel=\"canonical\" href=\"https:\/\/www.vita.sk\/online-kurz-umela-inteligencia-ai-automatizacia-a-strojove-ucenie-ml\/\" \/>\n<meta property=\"og:locale\" content=\"en_US\" \/>\n<meta property=\"og:type\" content=\"article\" \/>\n<meta property=\"og:title\" content=\"Online kurz Umel\u00e1 Inteligencia (AI), Automatiz\u00e1cia a Strojov\u00e9 U\u010denie (ML)\" \/>\n<meta property=\"og:description\" content=\"Zistite, ako prakticky vyu\u017ei\u0165 umel\u00fa inteligenciu, automatiz\u00e1ciu a strojov\u00e9 u\u010denie na tvorbu vlastn\u00fdch AI projektov a zefekt\u00edvnenie pr\u00e1ce. \u2705\" \/>\n<meta property=\"og:url\" content=\"https:\/\/www.vita.sk\/online-kurz-umela-inteligencia-ai-automatizacia-a-strojove-ucenie-ml\/\" \/>\n<meta property=\"og:site_name\" content=\"VITA\" \/>\n<meta property=\"article:publisher\" content=\"https:\/\/www.facebook.com\/VitaAcademySK\" \/>\n<meta property=\"article:modified_time\" content=\"2026-01-20T12:51:10+00:00\" \/>\n<meta property=\"og:image\" content=\"https:\/\/www.vita.sk\/wp-content\/uploads\/2020\/11\/kurz_Efektivne-ucenie-a-vzdelavanie.png\" \/>\n\t<meta property=\"og:image:width\" content=\"360\" \/>\n\t<meta property=\"og:image:height\" content=\"360\" \/>\n\t<meta property=\"og:image:type\" content=\"image\/png\" \/>\n<meta name=\"twitter:card\" content=\"summary_large_image\" \/>\n<meta name=\"twitter:label1\" content=\"Est. reading time\" \/>\n\t<meta name=\"twitter:data1\" content=\"2 minutes\" \/>\n<script type=\"application\/ld+json\" class=\"yoast-schema-graph\">{\n\t    \"@context\": \"https:\/\/schema.org\",\n\t    \"@graph\": [\n\t        {\n\t            \"@type\": \"WebPage\",\n\t            \"@id\": \"https:\/\/www.vita.sk\/online-kurz-umela-inteligencia-ai-automatizacia-a-strojove-ucenie-ml\/\",\n\t            \"url\": \"https:\/\/www.vita.sk\/online-kurz-umela-inteligencia-ai-automatizacia-a-strojove-ucenie-ml\/\",\n\t            \"name\": \"Online kurz Umel\u00e1 Inteligencia (AI), Automatiz\u00e1cia a Strojov\u00e9 U\u010denie (ML) {Y} | VITA\",\n\t            \"isPartOf\": {\n\t                \"@id\": \"https:\/\/www.vita.sk\/#website\"\n\t            },\n\t            \"primaryImageOfPage\": {\n\t                \"@id\": \"https:\/\/www.vita.sk\/online-kurz-umela-inteligencia-ai-automatizacia-a-strojove-ucenie-ml\/#primaryimage\"\n\t            },\n\t            \"image\": {\n\t                \"@id\": \"https:\/\/www.vita.sk\/online-kurz-umela-inteligencia-ai-automatizacia-a-strojove-ucenie-ml\/#primaryimage\"\n\t            },\n\t            \"thumbnailUrl\": \"https:\/\/www.vita.sk\/wp-content\/uploads\/2020\/11\/kurz_Efektivne-ucenie-a-vzdelavanie.png\",\n\t            \"datePublished\": \"2021-09-06T09:55:18+00:00\",\n\t            \"dateModified\": \"2026-01-20T12:51:10+00:00\",\n\t            \"description\": \"Zistite, ako prakticky vyu\u017ei\u0165 umel\u00fa inteligenciu, automatiz\u00e1ciu a strojov\u00e9 u\u010denie na tvorbu vlastn\u00fdch AI projektov a zefekt\u00edvnenie pr\u00e1ce. \u2705\",\n\t            \"breadcrumb\": {\n\t                \"@id\": \"https:\/\/www.vita.sk\/online-kurz-umela-inteligencia-ai-automatizacia-a-strojove-ucenie-ml\/#breadcrumb\"\n\t            },\n\t            \"inLanguage\": \"en-US\",\n\t            \"potentialAction\": [\n\t                {\n\t                    \"@type\": \"ReadAction\",\n\t                    \"target\": [\n\t                        \"https:\/\/www.vita.sk\/online-kurz-umela-inteligencia-ai-automatizacia-a-strojove-ucenie-ml\/\"\n\t                    ]\n\t                }\n\t            ]\n\t        },\n\t        {\n\t            \"@type\": \"ImageObject\",\n\t            \"inLanguage\": \"en-US\",\n\t            \"@id\": \"https:\/\/www.vita.sk\/online-kurz-umela-inteligencia-ai-automatizacia-a-strojove-ucenie-ml\/#primaryimage\",\n\t            \"url\": \"https:\/\/www.vita.sk\/wp-content\/uploads\/2020\/11\/kurz_Efektivne-ucenie-a-vzdelavanie.png\",\n\t            \"contentUrl\": \"https:\/\/www.vita.sk\/wp-content\/uploads\/2020\/11\/kurz_Efektivne-ucenie-a-vzdelavanie.png\",\n\t            \"width\": 360,\n\t            \"height\": 360,\n\t            \"caption\": \"Online kurz Efekt\u00edvne U\u010denie a Vzdel\u00e1vanie\"\n\t        },\n\t        {\n\t            \"@type\": \"BreadcrumbList\",\n\t            \"@id\": \"https:\/\/www.vita.sk\/online-kurz-umela-inteligencia-ai-automatizacia-a-strojove-ucenie-ml\/#breadcrumb\",\n\t            \"itemListElement\": [\n\t                {\n\t                    \"@type\": \"ListItem\",\n\t                    \"position\": 1,\n\t                    \"name\": \"VITA Academy\",\n\t                    \"item\": \"https:\/\/www.vita.sk\/en\/\"\n\t                },\n\t                {\n\t                    \"@type\": \"ListItem\",\n\t                    \"position\": 2,\n\t                    \"name\": \"Shop\",\n\t                    \"item\": \"https:\/\/www.vita.sk\/shop\/\"\n\t                },\n\t                {\n\t                    \"@type\": \"ListItem\",\n\t                    \"position\": 3,\n\t                    \"name\": \"Umel\u00e1 Inteligencia AI\",\n\t                    \"item\": \"https:\/\/www.vita.sk\/online-kurzy-umela-inteligencia-ai\/\"\n\t                },\n\t                {\n\t                    \"@type\": \"ListItem\",\n\t                    \"position\": 4,\n\t                    \"name\": \"Online kurz Umel\u00e1 Inteligencia (AI), Automatiz\u00e1cia a Strojov\u00e9 U\u010denie (ML)\"\n\t                }\n\t            ]\n\t        },\n\t        {\n\t            \"@type\": \"WebSite\",\n\t            \"@id\": \"https:\/\/www.vita.sk\/#website\",\n\t            \"url\": \"https:\/\/www.vita.sk\/\",\n\t            \"name\": \"VITA\",\n\t            \"description\": \"\",\n\t            \"publisher\": {\n\t                \"@id\": \"https:\/\/www.vita.sk\/#organization\"\n\t            },\n\t            \"potentialAction\": [\n\t                {\n\t                    \"@type\": \"SearchAction\",\n\t                    \"target\": {\n\t                        \"@type\": \"EntryPoint\",\n\t                        \"urlTemplate\": \"https:\/\/www.vita.sk\/?s={search_term_string}\"\n\t                    },\n\t                    \"query-input\": {\n\t                        \"@type\": \"PropertyValueSpecification\",\n\t                        \"valueRequired\": true,\n\t                        \"valueName\": \"search_term_string\"\n\t                    }\n\t                }\n\t            ],\n\t            \"inLanguage\": \"en-US\"\n\t        },\n\t        {\n\t            \"email\": \"admin@vita.sk\",\n\t            \"logo\": \"https:\/\/www.vita.sk\/img\/vita_logo.png \",\n\t            \"address\": {\n\t                \"type\": \"PostalAddress\",\n\t                \"streetAddress\": \"Tom\u00e1\u0161ikova 50\/A\",\n\t                \"addressLocality\": \"Bratislava\",\n\t                \"postalCode\": \"83104\",\n\t                \"addressCountry\": {\n\t                    \"name\": \"SK\",\n\t                    \"type\": \"Country\"\n\t                }\n\t            },\n\t            \"contactPoint\": {\n\t                \"type\": \"ContactPoint\",\n\t                \"telephone\": \"+421 907 375\u00a0543\",\n\t                \"Email\": \"admin@vita.sk\",\n\t                \"contactType\": \"customer service\"\n\t            },\n\t            \"sameAs\": [\n\t                \"https:\/\/www.facebook.com\/VitaAcademySK\/\",\n\t                \"https:\/\/www.linkedin.com\/company\/vita-academy\/\"\n\t            ]\n\t        }\n\t    ]\n\t}<\/script>\n<!-- \/ Yoast SEO Premium plugin. -->","yoast_head_json":{"title":"Online kurz Umel\u00e1 Inteligencia (AI), Automatiz\u00e1cia a Strojov\u00e9 U\u010denie (ML) 2026 | VITA","description":"Zistite, ako prakticky vyu\u017ei\u0165 umel\u00fa inteligenciu, automatiz\u00e1ciu a strojov\u00e9 u\u010denie na tvorbu vlastn\u00fdch AI projektov a zefekt\u00edvnenie pr\u00e1ce. \u2705","robots":{"index":"index","follow":"follow","max-snippet":"max-snippet:-1","max-image-preview":"max-image-preview:large","max-video-preview":"max-video-preview:-1"},"canonical":"https:\/\/www.vita.sk\/online-kurz-umela-inteligencia-ai-automatizacia-a-strojove-ucenie-ml\/","og_locale":"en_US","og_type":"article","og_title":"Online kurz Umel\u00e1 Inteligencia (AI), Automatiz\u00e1cia a Strojov\u00e9 U\u010denie (ML)","og_description":"Zistite, ako prakticky vyu\u017ei\u0165 umel\u00fa inteligenciu, automatiz\u00e1ciu a strojov\u00e9 u\u010denie na tvorbu vlastn\u00fdch AI projektov a zefekt\u00edvnenie pr\u00e1ce. \u2705","og_url":"https:\/\/www.vita.sk\/online-kurz-umela-inteligencia-ai-automatizacia-a-strojove-ucenie-ml\/","og_site_name":"VITA","article_publisher":"https:\/\/www.facebook.com\/VitaAcademySK","article_modified_time":"2026-01-20T12:51:10+00:00","og_image":[{"width":360,"height":360,"url":"https:\/\/www.vita.sk\/wp-content\/uploads\/2020\/11\/kurz_Efektivne-ucenie-a-vzdelavanie.png","type":"image\/png"}],"twitter_card":"summary_large_image","twitter_misc":{"Est. reading time":"2 minutes"},"schema":{"@context":"https:\/\/schema.org","@graph":[{"@type":"WebPage","@id":"https:\/\/www.vita.sk\/online-kurz-umela-inteligencia-ai-automatizacia-a-strojove-ucenie-ml\/","url":"https:\/\/www.vita.sk\/online-kurz-umela-inteligencia-ai-automatizacia-a-strojove-ucenie-ml\/","name":"Online kurz Umel\u00e1 Inteligencia (AI), Automatiz\u00e1cia a Strojov\u00e9 U\u010denie (ML) {Y} | VITA","isPartOf":{"@id":"https:\/\/www.vita.sk\/#website"},"primaryImageOfPage":{"@id":"https:\/\/www.vita.sk\/online-kurz-umela-inteligencia-ai-automatizacia-a-strojove-ucenie-ml\/#primaryimage"},"image":{"@id":"https:\/\/www.vita.sk\/online-kurz-umela-inteligencia-ai-automatizacia-a-strojove-ucenie-ml\/#primaryimage"},"thumbnailUrl":"https:\/\/www.vita.sk\/wp-content\/uploads\/2020\/11\/kurz_Efektivne-ucenie-a-vzdelavanie.png","datePublished":"2021-09-06T09:55:18+00:00","dateModified":"2026-01-20T12:51:10+00:00","description":"Zistite, ako prakticky vyu\u017ei\u0165 umel\u00fa inteligenciu, automatiz\u00e1ciu a strojov\u00e9 u\u010denie na tvorbu vlastn\u00fdch AI projektov a zefekt\u00edvnenie pr\u00e1ce. \u2705","breadcrumb":{"@id":"https:\/\/www.vita.sk\/online-kurz-umela-inteligencia-ai-automatizacia-a-strojove-ucenie-ml\/#breadcrumb"},"inLanguage":"en-US","potentialAction":[{"@type":"ReadAction","target":["https:\/\/www.vita.sk\/online-kurz-umela-inteligencia-ai-automatizacia-a-strojove-ucenie-ml\/"]}]},{"@type":"ImageObject","inLanguage":"en-US","@id":"https:\/\/www.vita.sk\/online-kurz-umela-inteligencia-ai-automatizacia-a-strojove-ucenie-ml\/#primaryimage","url":"https:\/\/www.vita.sk\/wp-content\/uploads\/2020\/11\/kurz_Efektivne-ucenie-a-vzdelavanie.png","contentUrl":"https:\/\/www.vita.sk\/wp-content\/uploads\/2020\/11\/kurz_Efektivne-ucenie-a-vzdelavanie.png","width":360,"height":360,"caption":"Online kurz Efekt\u00edvne U\u010denie a Vzdel\u00e1vanie"},{"@type":"BreadcrumbList","@id":"https:\/\/www.vita.sk\/online-kurz-umela-inteligencia-ai-automatizacia-a-strojove-ucenie-ml\/#breadcrumb","itemListElement":[{"@type":"ListItem","position":1,"name":"VITA Academy","item":"https:\/\/www.vita.sk\/en\/"},{"@type":"ListItem","position":2,"name":"Shop","item":"https:\/\/www.vita.sk\/shop\/"},{"@type":"ListItem","position":3,"name":"Umel\u00e1 Inteligencia AI","item":"https:\/\/www.vita.sk\/online-kurzy-umela-inteligencia-ai\/"},{"@type":"ListItem","position":4,"name":"Online kurz Umel\u00e1 Inteligencia (AI), Automatiz\u00e1cia a Strojov\u00e9 U\u010denie (ML)"}]},{"@type":"WebSite","@id":"https:\/\/www.vita.sk\/#website","url":"https:\/\/www.vita.sk\/","name":"VITA","description":"","publisher":{"@id":"https:\/\/www.vita.sk\/#organization"},"potentialAction":[{"@type":"SearchAction","target":{"@type":"EntryPoint","urlTemplate":"https:\/\/www.vita.sk\/?s={search_term_string}"},"query-input":{"@type":"PropertyValueSpecification","valueRequired":true,"valueName":"search_term_string"}}],"inLanguage":"en-US"},{"email":"admin@vita.sk","logo":"https:\/\/www.vita.sk\/img\/vita_logo.png ","address":{"type":"PostalAddress","streetAddress":"Tom\u00e1\u0161ikova 50\/A","addressLocality":"Bratislava","postalCode":"83104","addressCountry":{"name":"SK","type":"Country"}},"contactPoint":{"type":"ContactPoint","telephone":"+421 907 375\u00a0543","Email":"admin@vita.sk","contactType":"customer service"},"sameAs":["https:\/\/www.facebook.com\/VitaAcademySK\/","https:\/\/www.linkedin.com\/company\/vita-academy\/"]}]}},"acf":[],"_links":{"self":[{"href":"https:\/\/www.vita.sk\/en\/wp-json\/wp\/v2\/product\/7536","targetHints":{"allow":["GET"]}}],"collection":[{"href":"https:\/\/www.vita.sk\/en\/wp-json\/wp\/v2\/product"}],"about":[{"href":"https:\/\/www.vita.sk\/en\/wp-json\/wp\/v2\/types\/product"}],"author":[{"embeddable":true,"href":"https:\/\/www.vita.sk\/en\/wp-json\/wp\/v2\/users\/4"}],"replies":[{"embeddable":true,"href":"https:\/\/www.vita.sk\/en\/wp-json\/wp\/v2\/comments?post=7536"}],"wp:featuredmedia":[{"embeddable":true,"href":"https:\/\/www.vita.sk\/en\/wp-json\/wp\/v2\/media\/4356"}],"wp:attachment":[{"href":"https:\/\/www.vita.sk\/en\/wp-json\/wp\/v2\/media?parent=7536"}],"wp:term":[{"taxonomy":"product_brand","embeddable":true,"href":"https:\/\/www.vita.sk\/en\/wp-json\/wp\/v2\/product_brand?post=7536"},{"taxonomy":"product_cat","embeddable":true,"href":"https:\/\/www.vita.sk\/en\/wp-json\/wp\/v2\/product_cat?post=7536"},{"taxonomy":"product_tag","embeddable":true,"href":"https:\/\/www.vita.sk\/en\/wp-json\/wp\/v2\/product_tag?post=7536"}],"curies":[{"name":"wp","href":"https:\/\/api.w.org\/{rel}","templated":true}]}}