{"id":763,"date":"2021-07-26T13:56:47","date_gmt":"2021-07-26T11:56:47","guid":{"rendered":"http:\/\/vita.sk.vps324.nameserver.sk\/?post_type=product&#038;p=763"},"modified":"2026-02-08T17:18:58","modified_gmt":"2026-02-08T16:18:58","slug":"online-kurz-java-ii-mierne-pokrocily","status":"publish","type":"product","link":"https:\/\/www.vita.sk\/en\/online-kurz-java-ii-mierne-pokrocily\/","title":{"rendered":"Online kurz Java II. Mierne Pokro\u010dil\u00fd"},"content":{"rendered":"<p>Online kurz Java II. Mierne Pokro\u010dil\u00fd je pre v\u00e1s ide\u00e1lny, ak sa chcete nau\u010di\u0165 pokro\u010dil\u00e9 princ\u00edpy objektovo orientovan\u00e9ho programovania v jazyku Java a zlep\u0161i\u0165 kvalitu, \u010ditate\u013enos\u0165 a architekt\u00faru svojho k\u00f3du. <strong>Ide o akreditovan\u00fd a certifikovan\u00fd kurz na Java<\/strong>. V kurze si systematicky preh\u013abime porozumenie objektom, triedam a met\u00f3dam a osvoj\u00edme si spr\u00e1vne pou\u017e\u00edvanie princ\u00edpov OOP vr\u00e1tane identity objektov, zap\u00fazdrenia a n\u00e1vrhov\u00fdch z\u00e1sad. Zameriame sa na pr\u00e1cu s bal\u00ed\u010dkami, modifik\u00e1tormi pr\u00edstupu a spr\u00e1vne navrhovanie verejn\u00e9ho rozhrania tried pomocou getterov a setterov. Nau\u010d\u00edme sa efekt\u00edvne pracova\u0165 s kon\u0161truktormi, in\u0161tanciami tried a statick\u00fdmi prvkami a pochop\u00edme rozdiel medzi statick\u00fdmi a in\u0161tan\u010dn\u00fdmi \u010dlenmi v aplika\u010dnej praxi. Preh\u013abime si znalosti dedi\u010dnosti, hierarchie tried a pou\u017eitia k\u013e\u00fa\u010dov\u00fdch slov abstract, final a super pri n\u00e1vrhu udr\u017eate\u013en\u00fdch rie\u0161en\u00ed. D\u00f4le\u017eitou s\u00fa\u010das\u0165ou kurzu je aj aplik\u00e1cia princ\u00edpov DRY a n\u00e1vrh \u010ditate\u013en\u00e9ho k\u00f3du pod\u013ea odpor\u00fa\u010dan\u00fdch \u0161t\u00fdlov\u00fdch pravidiel. Budeme pracova\u0165 s UML diagramami tried, vz\u0165ahmi medzi objektmi a nau\u010d\u00edme sa modelova\u0165 softv\u00e9rov\u00fa architekt\u00faru pomocou \u0161tandardizovanej not\u00e1cie. Kurz roz\u0161iruje aj schopnos\u0165 analyzova\u0165 v\u00e4zby medzi triedami, spr\u00e1vne pou\u017e\u00edva\u0165 asercie a navrhova\u0165 rie\u0161enia vhodn\u00e9 pre \u010fal\u0161\u00ed rozvoj aplik\u00e1ci\u00ed. Z\u00edskan\u00e9 vedomosti podpor\u00edme praktick\u00fdmi pr\u00edkladmi vr\u00e1tane jednoduch\u00fdch GUI aplik\u00e1ci\u00ed a uk\u00e1\u017eok n\u00e1vrhov\u00fdch vzorov. Ak sa chcete skuto\u010dne nau\u010di\u0165 pokro\u010dil\u00e9 objektovo orientovan\u00e9 programovanie v Jave a sta\u0165 sa samostatn\u00fdm Java program\u00e1torom, tak toto je ide\u00e1lny online kurz pre v\u00e1s.<\/p>\n","protected":false},"excerpt":{"rendered":"<p>Online kurz Java II. Mierne Pokro\u010dil\u00fd je ur\u010den\u00fd pre t\u00fdch, ktor\u00ed si chc\u00fa preh\u013abi\u0165 objektovo orientovan\u00e9 programovanie v Jave, nau\u010di\u0165 sa spr\u00e1vny n\u00e1vrh tried, dedi\u010dnos\u0165, UML diagramy a p\u00edsa\u0165 \u010ditate\u013en\u00fd a udr\u017eate\u013en\u00fd k\u00f3d.","protected":false},"author":4,"featured_media":954,"comment_status":"open","ping_status":"closed","template":"","meta":{"_acf_changed":false},"product_brand":[],"product_cat":[103,99,73],"product_tag":[189,192],"class_list":{"0":"post-763","1":"product","2":"type-product","3":"status-publish","4":"has-post-thumbnail","6":"product_cat-online-kurzy-java","7":"product_cat-online-kurzy-programovacie-jazyky","8":"product_cat-bez-kategorie","9":"product_tag-programovacie-jazyky","10":"product_tag-java","12":"first","13":"instock","14":"sale","15":"sold-individually","16":"taxable","17":"shipping-taxable","18":"purchasable","19":"product-type-simple"},"yoast_head":"<!-- This site is optimized with the Yoast SEO Premium plugin v25.0 (Yoast SEO v25.0) - https:\/\/yoast.com\/wordpress\/plugins\/seo\/ -->\n<title>Online kurz Java pre mierne pokro\u010dil\u00fdch 2026 | VITA<\/title>\n<meta name=\"description\" content=\"V online kurze Java pre mierne pokro\u010dil\u00fdch sa nau\u010d\u00edte tvori\u0165 triedy a objekty v prostred\u00ed Java s NetBeans. Pochop\u00edte, \u010do s\u00fa to kon\u0161truktory a v\u00fdnimky. \u2705\" \/>\n<meta name=\"robots\" content=\"index, follow, max-snippet:-1, max-image-preview:large, max-video-preview:-1\" \/>\n<link rel=\"canonical\" href=\"https:\/\/www.vita.sk\/online-kurz-java-ii-mierne-pokrocily\/\" \/>\n<meta property=\"og:locale\" content=\"en_US\" \/>\n<meta property=\"og:type\" content=\"article\" \/>\n<meta property=\"og:title\" content=\"Online kurz Java II. Mierne Pokro\u010dil\u00fd\" \/>\n<meta property=\"og:description\" content=\"V online kurze Java pre mierne pokro\u010dil\u00fdch sa nau\u010d\u00edte tvori\u0165 triedy a objekty v prostred\u00ed Java s NetBeans. Pochop\u00edte, \u010do s\u00fa to kon\u0161truktory a v\u00fdnimky. \u2705\" \/>\n<meta property=\"og:url\" content=\"https:\/\/www.vita.sk\/online-kurz-java-ii-mierne-pokrocily\/\" \/>\n<meta property=\"og:site_name\" content=\"VITA\" \/>\n<meta property=\"article:publisher\" content=\"https:\/\/www.facebook.com\/VitaAcademySK\" \/>\n<meta property=\"article:modified_time\" content=\"2026-02-08T16:18:58+00:00\" \/>\n<meta property=\"og:image\" content=\"https:\/\/www.vita.sk\/wp-content\/uploads\/2019\/07\/java-4.png\" \/>\n\t<meta property=\"og:image:width\" content=\"360\" \/>\n\t<meta property=\"og:image:height\" content=\"360\" \/>\n\t<meta property=\"og:image:type\" content=\"image\/png\" \/>\n<meta name=\"twitter:card\" content=\"summary_large_image\" \/>\n<meta name=\"twitter:label1\" content=\"Est. reading time\" \/>\n\t<meta name=\"twitter:data1\" content=\"2 minutes\" \/>\n<script type=\"application\/ld+json\" class=\"yoast-schema-graph\">{\n\t    \"@context\": \"https:\/\/schema.org\",\n\t    \"@graph\": [\n\t        {\n\t            \"@type\": \"WebPage\",\n\t            \"@id\": \"https:\/\/www.vita.sk\/online-kurz-java-ii-mierne-pokrocily\/\",\n\t            \"url\": \"https:\/\/www.vita.sk\/online-kurz-java-ii-mierne-pokrocily\/\",\n\t            \"name\": \"Online kurz Java pre mierne pokro\u010dil\u00fdch {Y} | VITA\",\n\t            \"isPartOf\": {\n\t                \"@id\": \"https:\/\/www.vita.sk\/#website\"\n\t            },\n\t            \"primaryImageOfPage\": {\n\t                \"@id\": \"https:\/\/www.vita.sk\/online-kurz-java-ii-mierne-pokrocily\/#primaryimage\"\n\t            },\n\t            \"image\": {\n\t                \"@id\": \"https:\/\/www.vita.sk\/online-kurz-java-ii-mierne-pokrocily\/#primaryimage\"\n\t            },\n\t            \"thumbnailUrl\": \"https:\/\/www.vita.sk\/wp-content\/uploads\/2019\/07\/java-4.png\",\n\t            \"datePublished\": \"2021-07-26T11:56:47+00:00\",\n\t            \"dateModified\": \"2026-02-08T16:18:58+00:00\",\n\t            \"description\": \"V online kurze Java pre mierne pokro\u010dil\u00fdch sa nau\u010d\u00edte tvori\u0165 triedy a objekty v prostred\u00ed Java s NetBeans. Pochop\u00edte, \u010do s\u00fa to kon\u0161truktory a v\u00fdnimky. \u2705\",\n\t            \"breadcrumb\": {\n\t                \"@id\": \"https:\/\/www.vita.sk\/online-kurz-java-ii-mierne-pokrocily\/#breadcrumb\"\n\t            },\n\t            \"inLanguage\": \"en-US\",\n\t            \"potentialAction\": [\n\t                {\n\t                    \"@type\": \"ReadAction\",\n\t                    \"target\": [\n\t                        \"https:\/\/www.vita.sk\/online-kurz-java-ii-mierne-pokrocily\/\"\n\t                    ]\n\t                }\n\t            ]\n\t        },\n\t        {\n\t            \"@type\": \"ImageObject\",\n\t            \"inLanguage\": \"en-US\",\n\t            \"@id\": \"https:\/\/www.vita.sk\/online-kurz-java-ii-mierne-pokrocily\/#primaryimage\",\n\t            \"url\": \"https:\/\/www.vita.sk\/wp-content\/uploads\/2019\/07\/java-4.png\",\n\t            \"contentUrl\": \"https:\/\/www.vita.sk\/wp-content\/uploads\/2019\/07\/java-4.png\",\n\t            \"width\": 360,\n\t            \"height\": 360,\n\t            \"caption\": \"Online kurz Java\"\n\t        },\n\t        {\n\t            \"@type\": \"BreadcrumbList\",\n\t            \"@id\": \"https:\/\/www.vita.sk\/online-kurz-java-ii-mierne-pokrocily\/#breadcrumb\",\n\t            \"itemListElement\": [\n\t                {\n\t                    \"@type\": \"ListItem\",\n\t                    \"position\": 1,\n\t                    \"name\": \"VITA Academy\",\n\t                    \"item\": \"https:\/\/www.vita.sk\/en\/\"\n\t                },\n\t                {\n\t                    \"@type\": \"ListItem\",\n\t                    \"position\": 2,\n\t                    \"name\": \"Shop\",\n\t                    \"item\": \"https:\/\/www.vita.sk\/shop\/\"\n\t                },\n\t                {\n\t                    \"@type\": \"ListItem\",\n\t                    \"position\": 3,\n\t                    \"name\": \"Programovacie Jazyky\",\n\t                    \"item\": \"https:\/\/www.vita.sk\/online-kurzy-programovacie-jazyky\/\"\n\t                },\n\t                {\n\t                    \"@type\": \"ListItem\",\n\t                    \"position\": 4,\n\t                    \"name\": \"Java\",\n\t                    \"item\": \"https:\/\/www.vita.sk\/online-kurzy-java\/\"\n\t                },\n\t                {\n\t                    \"@type\": \"ListItem\",\n\t                    \"position\": 5,\n\t                    \"name\": \"Online kurz Java II. Mierne Pokro\u010dil\u00fd\"\n\t                }\n\t            ]\n\t        },\n\t        {\n\t            \"@type\": \"WebSite\",\n\t            \"@id\": \"https:\/\/www.vita.sk\/#website\",\n\t            \"url\": \"https:\/\/www.vita.sk\/\",\n\t            \"name\": \"VITA\",\n\t            \"description\": \"\",\n\t            \"publisher\": {\n\t                \"@id\": \"https:\/\/www.vita.sk\/#organization\"\n\t            },\n\t            \"potentialAction\": [\n\t                {\n\t                    \"@type\": \"SearchAction\",\n\t                    \"target\": {\n\t                        \"@type\": \"EntryPoint\",\n\t                        \"urlTemplate\": \"https:\/\/www.vita.sk\/?s={search_term_string}\"\n\t                    },\n\t                    \"query-input\": {\n\t                        \"@type\": \"PropertyValueSpecification\",\n\t                        \"valueRequired\": true,\n\t                        \"valueName\": \"search_term_string\"\n\t                    }\n\t                }\n\t            ],\n\t            \"inLanguage\": \"en-US\"\n\t        },\n\t        {\n\t            \"email\": \"admin@vita.sk\",\n\t            \"logo\": \"https:\/\/www.vita.sk\/img\/vita_logo.png \",\n\t            \"address\": {\n\t                \"type\": \"PostalAddress\",\n\t                \"streetAddress\": \"Tom\u00e1\u0161ikova 50\/A\",\n\t                \"addressLocality\": \"Bratislava\",\n\t                \"postalCode\": \"83104\",\n\t                \"addressCountry\": {\n\t                    \"name\": \"SK\",\n\t                    \"type\": \"Country\"\n\t                }\n\t            },\n\t            \"contactPoint\": {\n\t                \"type\": \"ContactPoint\",\n\t                \"telephone\": \"+421 907 375\u00a0543\",\n\t                \"Email\": \"admin@vita.sk\",\n\t                \"contactType\": \"customer service\"\n\t            },\n\t            \"sameAs\": [\n\t                \"https:\/\/www.facebook.com\/VitaAcademySK\/\",\n\t                \"https:\/\/www.linkedin.com\/company\/vita-academy\/\"\n\t            ]\n\t        }\n\t    ]\n\t}<\/script>\n<!-- \/ Yoast SEO Premium plugin. -->","yoast_head_json":{"title":"Online kurz Java pre mierne pokro\u010dil\u00fdch 2026 | VITA","description":"V online kurze Java pre mierne pokro\u010dil\u00fdch sa nau\u010d\u00edte tvori\u0165 triedy a objekty v prostred\u00ed Java s NetBeans. Pochop\u00edte, \u010do s\u00fa to kon\u0161truktory a v\u00fdnimky. \u2705","robots":{"index":"index","follow":"follow","max-snippet":"max-snippet:-1","max-image-preview":"max-image-preview:large","max-video-preview":"max-video-preview:-1"},"canonical":"https:\/\/www.vita.sk\/online-kurz-java-ii-mierne-pokrocily\/","og_locale":"en_US","og_type":"article","og_title":"Online kurz Java II. Mierne Pokro\u010dil\u00fd","og_description":"V online kurze Java pre mierne pokro\u010dil\u00fdch sa nau\u010d\u00edte tvori\u0165 triedy a objekty v prostred\u00ed Java s NetBeans. Pochop\u00edte, \u010do s\u00fa to kon\u0161truktory a v\u00fdnimky. \u2705","og_url":"https:\/\/www.vita.sk\/online-kurz-java-ii-mierne-pokrocily\/","og_site_name":"VITA","article_publisher":"https:\/\/www.facebook.com\/VitaAcademySK","article_modified_time":"2026-02-08T16:18:58+00:00","og_image":[{"width":360,"height":360,"url":"https:\/\/www.vita.sk\/wp-content\/uploads\/2019\/07\/java-4.png","type":"image\/png"}],"twitter_card":"summary_large_image","twitter_misc":{"Est. reading time":"2 minutes"},"schema":{"@context":"https:\/\/schema.org","@graph":[{"@type":"WebPage","@id":"https:\/\/www.vita.sk\/online-kurz-java-ii-mierne-pokrocily\/","url":"https:\/\/www.vita.sk\/online-kurz-java-ii-mierne-pokrocily\/","name":"Online kurz Java pre mierne pokro\u010dil\u00fdch {Y} | VITA","isPartOf":{"@id":"https:\/\/www.vita.sk\/#website"},"primaryImageOfPage":{"@id":"https:\/\/www.vita.sk\/online-kurz-java-ii-mierne-pokrocily\/#primaryimage"},"image":{"@id":"https:\/\/www.vita.sk\/online-kurz-java-ii-mierne-pokrocily\/#primaryimage"},"thumbnailUrl":"https:\/\/www.vita.sk\/wp-content\/uploads\/2019\/07\/java-4.png","datePublished":"2021-07-26T11:56:47+00:00","dateModified":"2026-02-08T16:18:58+00:00","description":"V online kurze Java pre mierne pokro\u010dil\u00fdch sa nau\u010d\u00edte tvori\u0165 triedy a objekty v prostred\u00ed Java s NetBeans. Pochop\u00edte, \u010do s\u00fa to kon\u0161truktory a v\u00fdnimky. \u2705","breadcrumb":{"@id":"https:\/\/www.vita.sk\/online-kurz-java-ii-mierne-pokrocily\/#breadcrumb"},"inLanguage":"en-US","potentialAction":[{"@type":"ReadAction","target":["https:\/\/www.vita.sk\/online-kurz-java-ii-mierne-pokrocily\/"]}]},{"@type":"ImageObject","inLanguage":"en-US","@id":"https:\/\/www.vita.sk\/online-kurz-java-ii-mierne-pokrocily\/#primaryimage","url":"https:\/\/www.vita.sk\/wp-content\/uploads\/2019\/07\/java-4.png","contentUrl":"https:\/\/www.vita.sk\/wp-content\/uploads\/2019\/07\/java-4.png","width":360,"height":360,"caption":"Online kurz Java"},{"@type":"BreadcrumbList","@id":"https:\/\/www.vita.sk\/online-kurz-java-ii-mierne-pokrocily\/#breadcrumb","itemListElement":[{"@type":"ListItem","position":1,"name":"VITA Academy","item":"https:\/\/www.vita.sk\/en\/"},{"@type":"ListItem","position":2,"name":"Shop","item":"https:\/\/www.vita.sk\/shop\/"},{"@type":"ListItem","position":3,"name":"Programovacie Jazyky","item":"https:\/\/www.vita.sk\/online-kurzy-programovacie-jazyky\/"},{"@type":"ListItem","position":4,"name":"Java","item":"https:\/\/www.vita.sk\/online-kurzy-java\/"},{"@type":"ListItem","position":5,"name":"Online kurz Java II. Mierne Pokro\u010dil\u00fd"}]},{"@type":"WebSite","@id":"https:\/\/www.vita.sk\/#website","url":"https:\/\/www.vita.sk\/","name":"VITA","description":"","publisher":{"@id":"https:\/\/www.vita.sk\/#organization"},"potentialAction":[{"@type":"SearchAction","target":{"@type":"EntryPoint","urlTemplate":"https:\/\/www.vita.sk\/?s={search_term_string}"},"query-input":{"@type":"PropertyValueSpecification","valueRequired":true,"valueName":"search_term_string"}}],"inLanguage":"en-US"},{"email":"admin@vita.sk","logo":"https:\/\/www.vita.sk\/img\/vita_logo.png ","address":{"type":"PostalAddress","streetAddress":"Tom\u00e1\u0161ikova 50\/A","addressLocality":"Bratislava","postalCode":"83104","addressCountry":{"name":"SK","type":"Country"}},"contactPoint":{"type":"ContactPoint","telephone":"+421 907 375\u00a0543","Email":"admin@vita.sk","contactType":"customer service"},"sameAs":["https:\/\/www.facebook.com\/VitaAcademySK\/","https:\/\/www.linkedin.com\/company\/vita-academy\/"]}]}},"acf":[],"_links":{"self":[{"href":"https:\/\/www.vita.sk\/en\/wp-json\/wp\/v2\/product\/763","targetHints":{"allow":["GET"]}}],"collection":[{"href":"https:\/\/www.vita.sk\/en\/wp-json\/wp\/v2\/product"}],"about":[{"href":"https:\/\/www.vita.sk\/en\/wp-json\/wp\/v2\/types\/product"}],"author":[{"embeddable":true,"href":"https:\/\/www.vita.sk\/en\/wp-json\/wp\/v2\/users\/4"}],"replies":[{"embeddable":true,"href":"https:\/\/www.vita.sk\/en\/wp-json\/wp\/v2\/comments?post=763"}],"wp:featuredmedia":[{"embeddable":true,"href":"https:\/\/www.vita.sk\/en\/wp-json\/wp\/v2\/media\/954"}],"wp:attachment":[{"href":"https:\/\/www.vita.sk\/en\/wp-json\/wp\/v2\/media?parent=763"}],"wp:term":[{"taxonomy":"product_brand","embeddable":true,"href":"https:\/\/www.vita.sk\/en\/wp-json\/wp\/v2\/product_brand?post=763"},{"taxonomy":"product_cat","embeddable":true,"href":"https:\/\/www.vita.sk\/en\/wp-json\/wp\/v2\/product_cat?post=763"},{"taxonomy":"product_tag","embeddable":true,"href":"https:\/\/www.vita.sk\/en\/wp-json\/wp\/v2\/product_tag?post=763"}],"curies":[{"name":"wp","href":"https:\/\/api.w.org\/{rel}","templated":true}]}}