{"id":766,"date":"2021-07-26T14:20:05","date_gmt":"2021-07-26T12:20:05","guid":{"rendered":"http:\/\/vita.sk.vps324.nameserver.sk\/?post_type=product&#038;p=766"},"modified":"2024-06-05T14:49:55","modified_gmt":"2024-06-05T12:49:55","slug":"online-kurz-java-ix-navrhove-vzory","status":"publish","type":"product","link":"https:\/\/www.vita.sk\/en\/online-kurz-java-ix-navrhove-vzory\/","title":{"rendered":"Online kurz Java IX. N\u00e1vrhov\u00e9 vzory"},"content":{"rendered":"<p>Online kurz Java IX. N\u00e1vrhov\u00e9 vzory je ur\u010den\u00fd pre v\u00e1s, ak sa chcete nau\u010di\u0165 vytv\u00e1ra\u0165 a upravova\u0165 aplik\u00e1cie pomocou n\u00e1vrhov\u00fdch vzorov v jazyku Java. Nau\u010d\u00edte sa, ako pracova\u0165 s objektmi a kon\u0161truktormi v Jave, \u010do je z\u00e1kladom pre tvorbu robustn\u00fdch a udr\u017eiavate\u013en\u00fdch aplik\u00e1ci\u00ed. Osvoj\u00edte si implement\u00e1ciu k\u013e\u00fa\u010dov\u00fdch n\u00e1vrhov\u00fdch vzorov, ktor\u00e9 v\u00e1m pom\u00f4\u017eu rie\u0161i\u0165 probl\u00e9my v softv\u00e9rovom.\u00a0Uk\u00e1\u017eeme si, ako spr\u00e1vne aplikova\u0165 tieto vzory v r\u00f4znych scen\u00e1roch. Nau\u010d\u00edte sa identifikova\u0165 a odstra\u0148ova\u0165 chyby v k\u00f3de, pou\u017e\u00edva\u0165 enkapsul\u00e1ciu a tov\u00e1rensk\u00fa met\u00f3du (Factory Method Pattern). Budete vedie\u0165 tvori\u0165 grafick\u00e9 pou\u017e\u00edvate\u013esk\u00e9 rozhranie (GUI) pomocou Java Swing.\u00a0Uk\u00e1\u017eeme si ako optimalizova\u0165 rozhrania a zjednodu\u0161ova\u0165 programy. Hravo zvl\u00e1dnete vytv\u00e1ra\u0165 diagramy v Draw.io. Ako absolvent online kurzu zvl\u00e1dnete pokro\u010dil\u00e9 objektovo orientovan\u00e9 programovanie a efekt\u00edvne pou\u017e\u00edva\u0165 n\u00e1vrhov\u00e9 vzory.<\/p>\n","protected":false},"excerpt":{"rendered":"<p>Online kurz Java IX. N\u00e1vrhov\u00e9 vzory je ur\u010den\u00fd pre v\u00e1s, ak sa chcete nau\u010di\u0165 vytv\u00e1ra\u0165 a upravova\u0165 aplik\u00e1cie pomocou n\u00e1vrhov\u00fdch vzorov v jazyku Java. Nau\u010d\u00edte sa, ako pracova\u0165 s objektmi a kon\u0161truktormi v Jave, \u010do je z\u00e1kladom pre tvorbu robustn\u00fdch a udr\u017eiavate\u013en\u00fdch aplik\u00e1ci\u00ed.","protected":false},"author":4,"featured_media":948,"comment_status":"open","ping_status":"closed","template":"","meta":{"_acf_changed":false},"product_brand":[],"product_cat":[103,99,73],"product_tag":[189,192],"class_list":{"0":"post-766","1":"product","2":"type-product","3":"status-publish","4":"has-post-thumbnail","6":"product_cat-online-kurzy-java","7":"product_cat-online-kurzy-programovacie-jazyky","8":"product_cat-bez-kategorie","9":"product_tag-programovacie-jazyky","10":"product_tag-java","12":"first","13":"instock","14":"sale","15":"sold-individually","16":"taxable","17":"shipping-taxable","18":"purchasable","19":"product-type-simple"},"yoast_head":"<!-- This site is optimized with the Yoast SEO Premium plugin v25.0 (Yoast SEO v25.0) - https:\/\/yoast.com\/wordpress\/plugins\/seo\/ -->\n<title>Online kurz Java IX. N\u00e1vrhov\u00e9 vzory  | VITA<\/title>\n<meta name=\"description\" content=\"V online kurze Java IX. N\u00e1vrhov\u00e9 vzory sa nau\u010di\u0161 vytv\u00e1ra\u0165 a upravova\u0165 aplik\u00e1cie pomocou n\u00e1vrhov\u00fdch vzorov v jazyku Java. Nau\u010d\u00edme \u0165a, \u010do je to slu\u017eobn\u00edk.\" \/>\n<meta name=\"robots\" content=\"index, follow, max-snippet:-1, max-image-preview:large, max-video-preview:-1\" \/>\n<link rel=\"canonical\" href=\"https:\/\/www.vita.sk\/online-kurz-java-ix-navrhove-vzory\/\" \/>\n<meta property=\"og:locale\" content=\"en_US\" \/>\n<meta property=\"og:type\" content=\"article\" \/>\n<meta property=\"og:title\" content=\"Online kurz Java IX. N\u00e1vrhov\u00e9 vzory\" \/>\n<meta property=\"og:description\" content=\"V online kurze Java IX. N\u00e1vrhov\u00e9 vzory sa nau\u010di\u0161 vytv\u00e1ra\u0165 a upravova\u0165 aplik\u00e1cie pomocou n\u00e1vrhov\u00fdch vzorov v jazyku Java. Nau\u010d\u00edme \u0165a, \u010do je to slu\u017eobn\u00edk.\" \/>\n<meta property=\"og:url\" content=\"https:\/\/www.vita.sk\/online-kurz-java-ix-navrhove-vzory\/\" \/>\n<meta property=\"og:site_name\" content=\"VITA\" \/>\n<meta property=\"article:publisher\" content=\"https:\/\/www.facebook.com\/VitaAcademySK\" \/>\n<meta property=\"article:modified_time\" content=\"2024-06-05T12:49:55+00:00\" \/>\n<meta property=\"og:image\" content=\"https:\/\/www.vita.sk\/wp-content\/uploads\/2019\/07\/java-1.png\" \/>\n\t<meta property=\"og:image:width\" content=\"360\" \/>\n\t<meta property=\"og:image:height\" content=\"360\" \/>\n\t<meta property=\"og:image:type\" content=\"image\/png\" \/>\n<meta name=\"twitter:card\" content=\"summary_large_image\" \/>\n<meta name=\"twitter:label1\" content=\"Est. reading time\" \/>\n\t<meta name=\"twitter:data1\" content=\"1 minute\" \/>\n<script type=\"application\/ld+json\" class=\"yoast-schema-graph\">{\n\t    \"@context\": \"https:\/\/schema.org\",\n\t    \"@graph\": [\n\t        {\n\t            \"@type\": \"WebPage\",\n\t            \"@id\": \"https:\/\/www.vita.sk\/online-kurz-java-ix-navrhove-vzory\/\",\n\t            \"url\": \"https:\/\/www.vita.sk\/online-kurz-java-ix-navrhove-vzory\/\",\n\t            \"name\": \"Online kurz Java IX. N\u00e1vrhov\u00e9 vzory 2024 | VITA\",\n\t            \"isPartOf\": {\n\t                \"@id\": \"https:\/\/www.vita.sk\/#website\"\n\t            },\n\t            \"primaryImageOfPage\": {\n\t                \"@id\": \"https:\/\/www.vita.sk\/online-kurz-java-ix-navrhove-vzory\/#primaryimage\"\n\t            },\n\t            \"image\": {\n\t                \"@id\": \"https:\/\/www.vita.sk\/online-kurz-java-ix-navrhove-vzory\/#primaryimage\"\n\t            },\n\t            \"thumbnailUrl\": \"https:\/\/www.vita.sk\/wp-content\/uploads\/2019\/07\/java-1.png\",\n\t            \"datePublished\": \"2021-07-26T12:20:05+00:00\",\n\t            \"dateModified\": \"2024-06-05T12:49:55+00:00\",\n\t            \"description\": \"V online kurze Java IX. N\u00e1vrhov\u00e9 vzory sa nau\u010di\u0161 vytv\u00e1ra\u0165 a upravova\u0165 aplik\u00e1cie pomocou n\u00e1vrhov\u00fdch vzorov v jazyku Java. Nau\u010d\u00edme \u0165a, \u010do je to slu\u017eobn\u00edk.\",\n\t            \"breadcrumb\": {\n\t                \"@id\": \"https:\/\/www.vita.sk\/online-kurz-java-ix-navrhove-vzory\/#breadcrumb\"\n\t            },\n\t            \"inLanguage\": \"en-US\",\n\t            \"potentialAction\": [\n\t                {\n\t                    \"@type\": \"ReadAction\",\n\t                    \"target\": [\n\t                        \"https:\/\/www.vita.sk\/online-kurz-java-ix-navrhove-vzory\/\"\n\t                    ]\n\t                }\n\t            ]\n\t        },\n\t        {\n\t            \"@type\": \"ImageObject\",\n\t            \"inLanguage\": \"en-US\",\n\t            \"@id\": \"https:\/\/www.vita.sk\/online-kurz-java-ix-navrhove-vzory\/#primaryimage\",\n\t            \"url\": \"https:\/\/www.vita.sk\/wp-content\/uploads\/2019\/07\/java-1.png\",\n\t            \"contentUrl\": \"https:\/\/www.vita.sk\/wp-content\/uploads\/2019\/07\/java-1.png\",\n\t            \"width\": 360,\n\t            \"height\": 360,\n\t            \"caption\": \"Online kurz Java\"\n\t        },\n\t        {\n\t            \"@type\": \"BreadcrumbList\",\n\t            \"@id\": \"https:\/\/www.vita.sk\/online-kurz-java-ix-navrhove-vzory\/#breadcrumb\",\n\t            \"itemListElement\": [\n\t                {\n\t                    \"@type\": \"ListItem\",\n\t                    \"position\": 1,\n\t                    \"name\": \"VITA Academy\",\n\t                    \"item\": \"https:\/\/www.vita.sk\/en\/\"\n\t                },\n\t                {\n\t                    \"@type\": \"ListItem\",\n\t                    \"position\": 2,\n\t                    \"name\": \"Shop\",\n\t                    \"item\": \"https:\/\/www.vita.sk\/shop\/\"\n\t                },\n\t                {\n\t                    \"@type\": \"ListItem\",\n\t                    \"position\": 3,\n\t                    \"name\": \"Programovacie Jazyky\",\n\t                    \"item\": \"https:\/\/www.vita.sk\/online-kurzy-programovacie-jazyky\/\"\n\t                },\n\t                {\n\t                    \"@type\": \"ListItem\",\n\t                    \"position\": 4,\n\t                    \"name\": \"Java\",\n\t                    \"item\": \"https:\/\/www.vita.sk\/online-kurzy-java\/\"\n\t                },\n\t                {\n\t                    \"@type\": \"ListItem\",\n\t                    \"position\": 5,\n\t                    \"name\": \"Online kurz Java IX. N\u00e1vrhov\u00e9 vzory\"\n\t                }\n\t            ]\n\t        },\n\t        {\n\t            \"@type\": \"WebSite\",\n\t            \"@id\": \"https:\/\/www.vita.sk\/#website\",\n\t            \"url\": \"https:\/\/www.vita.sk\/\",\n\t            \"name\": \"VITA\",\n\t            \"description\": \"\",\n\t            \"publisher\": {\n\t                \"@id\": \"https:\/\/www.vita.sk\/#organization\"\n\t            },\n\t            \"potentialAction\": [\n\t                {\n\t                    \"@type\": \"SearchAction\",\n\t                    \"target\": {\n\t                        \"@type\": \"EntryPoint\",\n\t                        \"urlTemplate\": \"https:\/\/www.vita.sk\/?s={search_term_string}\"\n\t                    },\n\t                    \"query-input\": {\n\t                        \"@type\": \"PropertyValueSpecification\",\n\t                        \"valueRequired\": true,\n\t                        \"valueName\": \"search_term_string\"\n\t                    }\n\t                }\n\t            ],\n\t            \"inLanguage\": \"en-US\"\n\t        },\n\t        {\n\t            \"email\": \"admin@vita.sk\",\n\t            \"logo\": \"https:\/\/www.vita.sk\/img\/vita_logo.png \",\n\t            \"address\": {\n\t                \"type\": \"PostalAddress\",\n\t                \"streetAddress\": \"Tom\u00e1\u0161ikova 50\/A\",\n\t                \"addressLocality\": \"Bratislava\",\n\t                \"postalCode\": \"83104\",\n\t                \"addressCountry\": {\n\t                    \"name\": \"SK\",\n\t                    \"type\": \"Country\"\n\t                }\n\t            },\n\t            \"contactPoint\": {\n\t                \"type\": \"ContactPoint\",\n\t                \"telephone\": \"+421 907 375\u00a0543\",\n\t                \"Email\": \"admin@vita.sk\",\n\t                \"contactType\": \"customer service\"\n\t            },\n\t            \"sameAs\": [\n\t                \"https:\/\/www.facebook.com\/VitaAcademySK\/\",\n\t                \"https:\/\/www.linkedin.com\/company\/vita-academy\/\"\n\t            ]\n\t        }\n\t    ]\n\t}<\/script>\n<!-- \/ Yoast SEO Premium plugin. -->","yoast_head_json":{"title":"Online kurz Java IX. N\u00e1vrhov\u00e9 vzory  | VITA","description":"V online kurze Java IX. N\u00e1vrhov\u00e9 vzory sa nau\u010di\u0161 vytv\u00e1ra\u0165 a upravova\u0165 aplik\u00e1cie pomocou n\u00e1vrhov\u00fdch vzorov v jazyku Java. Nau\u010d\u00edme \u0165a, \u010do je to slu\u017eobn\u00edk.","robots":{"index":"index","follow":"follow","max-snippet":"max-snippet:-1","max-image-preview":"max-image-preview:large","max-video-preview":"max-video-preview:-1"},"canonical":"https:\/\/www.vita.sk\/online-kurz-java-ix-navrhove-vzory\/","og_locale":"en_US","og_type":"article","og_title":"Online kurz Java IX. N\u00e1vrhov\u00e9 vzory","og_description":"V online kurze Java IX. N\u00e1vrhov\u00e9 vzory sa nau\u010di\u0161 vytv\u00e1ra\u0165 a upravova\u0165 aplik\u00e1cie pomocou n\u00e1vrhov\u00fdch vzorov v jazyku Java. Nau\u010d\u00edme \u0165a, \u010do je to slu\u017eobn\u00edk.","og_url":"https:\/\/www.vita.sk\/online-kurz-java-ix-navrhove-vzory\/","og_site_name":"VITA","article_publisher":"https:\/\/www.facebook.com\/VitaAcademySK","article_modified_time":"2024-06-05T12:49:55+00:00","og_image":[{"width":360,"height":360,"url":"https:\/\/www.vita.sk\/wp-content\/uploads\/2019\/07\/java-1.png","type":"image\/png"}],"twitter_card":"summary_large_image","twitter_misc":{"Est. reading time":"1 minute"},"schema":{"@context":"https:\/\/schema.org","@graph":[{"@type":"WebPage","@id":"https:\/\/www.vita.sk\/online-kurz-java-ix-navrhove-vzory\/","url":"https:\/\/www.vita.sk\/online-kurz-java-ix-navrhove-vzory\/","name":"Online kurz Java IX. N\u00e1vrhov\u00e9 vzory 2024 | VITA","isPartOf":{"@id":"https:\/\/www.vita.sk\/#website"},"primaryImageOfPage":{"@id":"https:\/\/www.vita.sk\/online-kurz-java-ix-navrhove-vzory\/#primaryimage"},"image":{"@id":"https:\/\/www.vita.sk\/online-kurz-java-ix-navrhove-vzory\/#primaryimage"},"thumbnailUrl":"https:\/\/www.vita.sk\/wp-content\/uploads\/2019\/07\/java-1.png","datePublished":"2021-07-26T12:20:05+00:00","dateModified":"2024-06-05T12:49:55+00:00","description":"V online kurze Java IX. N\u00e1vrhov\u00e9 vzory sa nau\u010di\u0161 vytv\u00e1ra\u0165 a upravova\u0165 aplik\u00e1cie pomocou n\u00e1vrhov\u00fdch vzorov v jazyku Java. Nau\u010d\u00edme \u0165a, \u010do je to slu\u017eobn\u00edk.","breadcrumb":{"@id":"https:\/\/www.vita.sk\/online-kurz-java-ix-navrhove-vzory\/#breadcrumb"},"inLanguage":"en-US","potentialAction":[{"@type":"ReadAction","target":["https:\/\/www.vita.sk\/online-kurz-java-ix-navrhove-vzory\/"]}]},{"@type":"ImageObject","inLanguage":"en-US","@id":"https:\/\/www.vita.sk\/online-kurz-java-ix-navrhove-vzory\/#primaryimage","url":"https:\/\/www.vita.sk\/wp-content\/uploads\/2019\/07\/java-1.png","contentUrl":"https:\/\/www.vita.sk\/wp-content\/uploads\/2019\/07\/java-1.png","width":360,"height":360,"caption":"Online kurz Java"},{"@type":"BreadcrumbList","@id":"https:\/\/www.vita.sk\/online-kurz-java-ix-navrhove-vzory\/#breadcrumb","itemListElement":[{"@type":"ListItem","position":1,"name":"VITA Academy","item":"https:\/\/www.vita.sk\/en\/"},{"@type":"ListItem","position":2,"name":"Shop","item":"https:\/\/www.vita.sk\/shop\/"},{"@type":"ListItem","position":3,"name":"Programovacie Jazyky","item":"https:\/\/www.vita.sk\/online-kurzy-programovacie-jazyky\/"},{"@type":"ListItem","position":4,"name":"Java","item":"https:\/\/www.vita.sk\/online-kurzy-java\/"},{"@type":"ListItem","position":5,"name":"Online kurz Java IX. N\u00e1vrhov\u00e9 vzory"}]},{"@type":"WebSite","@id":"https:\/\/www.vita.sk\/#website","url":"https:\/\/www.vita.sk\/","name":"VITA","description":"","publisher":{"@id":"https:\/\/www.vita.sk\/#organization"},"potentialAction":[{"@type":"SearchAction","target":{"@type":"EntryPoint","urlTemplate":"https:\/\/www.vita.sk\/?s={search_term_string}"},"query-input":{"@type":"PropertyValueSpecification","valueRequired":true,"valueName":"search_term_string"}}],"inLanguage":"en-US"},{"email":"admin@vita.sk","logo":"https:\/\/www.vita.sk\/img\/vita_logo.png ","address":{"type":"PostalAddress","streetAddress":"Tom\u00e1\u0161ikova 50\/A","addressLocality":"Bratislava","postalCode":"83104","addressCountry":{"name":"SK","type":"Country"}},"contactPoint":{"type":"ContactPoint","telephone":"+421 907 375\u00a0543","Email":"admin@vita.sk","contactType":"customer service"},"sameAs":["https:\/\/www.facebook.com\/VitaAcademySK\/","https:\/\/www.linkedin.com\/company\/vita-academy\/"]}]}},"acf":[],"_links":{"self":[{"href":"https:\/\/www.vita.sk\/en\/wp-json\/wp\/v2\/product\/766","targetHints":{"allow":["GET"]}}],"collection":[{"href":"https:\/\/www.vita.sk\/en\/wp-json\/wp\/v2\/product"}],"about":[{"href":"https:\/\/www.vita.sk\/en\/wp-json\/wp\/v2\/types\/product"}],"author":[{"embeddable":true,"href":"https:\/\/www.vita.sk\/en\/wp-json\/wp\/v2\/users\/4"}],"replies":[{"embeddable":true,"href":"https:\/\/www.vita.sk\/en\/wp-json\/wp\/v2\/comments?post=766"}],"wp:featuredmedia":[{"embeddable":true,"href":"https:\/\/www.vita.sk\/en\/wp-json\/wp\/v2\/media\/948"}],"wp:attachment":[{"href":"https:\/\/www.vita.sk\/en\/wp-json\/wp\/v2\/media?parent=766"}],"wp:term":[{"taxonomy":"product_brand","embeddable":true,"href":"https:\/\/www.vita.sk\/en\/wp-json\/wp\/v2\/product_brand?post=766"},{"taxonomy":"product_cat","embeddable":true,"href":"https:\/\/www.vita.sk\/en\/wp-json\/wp\/v2\/product_cat?post=766"},{"taxonomy":"product_tag","embeddable":true,"href":"https:\/\/www.vita.sk\/en\/wp-json\/wp\/v2\/product_tag?post=766"}],"curies":[{"name":"wp","href":"https:\/\/api.w.org\/{rel}","templated":true}]}}