{"id":7709,"date":"2021-09-20T15:40:13","date_gmt":"2021-09-20T13:40:13","guid":{"rendered":"https:\/\/www.vita.sk\/?post_type=product&#038;p=7709"},"modified":"2024-11-10T10:53:28","modified_gmt":"2024-11-10T09:53:28","slug":"online-kurz-spravne-konanie","status":"publish","type":"product","link":"https:\/\/www.vita.sk\/en\/online-kurz-spravne-konanie\/","title":{"rendered":"Online kurz Spr\u00e1vne Konanie"},"content":{"rendered":"<p>Online kurz Spr\u00e1vne Konanie je pre v\u00e1s ide\u00e1lny, ak sa chcete nau\u010di\u0165 orientova\u0165 v pr\u00e1vnych norm\u00e1ch spr\u00e1vneho poriadku a kontrolnej \u010dinnosti org\u00e1nov verejnej spr\u00e1vy. Kurz pokr\u00fdva t\u00e9my ako predmet \u00fapravy spr\u00e1vneho poriadku, z\u00e1sady spr\u00e1vneho konania, pr\u00edslu\u0161nos\u0165 spr\u00e1vnych org\u00e1nov. \u010ealej sa pozrieme na vyl\u00fa\u010denie zamestnancov, za\u010diatok spr\u00e1vneho konania. Rovnako sa budeme zaobera\u0165 zis\u0165ovan\u00edm podkladov pre rozhodnutie, dokazovan\u00edm a rozhodnutiami. Cie\u013eom online kurzu je obozn\u00e1mi\u0165 v\u00e1s o pr\u00e1vnych norm\u00e1ch v oblasti spr\u00e1vneho poriadku a kontrolnej \u010dinnosti org\u00e1nov verejnej spr\u00e1vy s pr\u00edkladmi praktickej aplik\u00e1cie. Budete sa orientova\u0165 v pr\u00edslu\u0161nostiach spr\u00e1vnych org\u00e1nov (vecn\u00e1, miestna, funk\u010dn\u00e1). Z\u00edskate praktick\u00e9 poznatky o aplik\u00e1cii spr\u00e1vneho poriadku a obozn\u00e1mite sa s aktu\u00e1lnymi postupmi v spr\u00e1vnom konan\u00ed v Slovenskej republike. Online kurz Spr\u00e1vne Konanie poskytuje \u00fa\u010dastn\u00edkom priestor na z\u00edskanie inform\u00e1ci\u00ed o problematick\u00fdch ot\u00e1zkach spr\u00e1vneho konania.<\/p>\n","protected":false},"excerpt":{"rendered":"<p>Online kurz Spr\u00e1vne Konanie je pre v\u00e1s ide\u00e1lny, ak sa chcete nau\u010di\u0165 orientova\u0165 v pr\u00e1vnych norm\u00e1ch spr\u00e1vneho poriadku a kontrolnej \u010dinnosti org\u00e1nov verejnej spr\u00e1vy. Kurz pokr\u00fdva t\u00e9my ako predmet \u00fapravy spr\u00e1vneho poriadku, z\u00e1sady spr\u00e1vneho konania, pr\u00edslu\u0161nos\u0165 spr\u00e1vnych org\u00e1nov. \u010ealej sa pozrieme na vyl\u00fa\u010denie zamestnancov, za\u010diatok spr\u00e1vneho konania.","protected":false},"author":1675,"featured_media":4264,"comment_status":"open","ping_status":"closed","template":"","meta":{"_acf_changed":false},"product_brand":[],"product_cat":[697,70,73],"product_tag":[230,348],"class_list":{"0":"post-7709","1":"product","2":"type-product","3":"status-publish","4":"has-post-thumbnail","6":"product_cat-pravo-a-legislativa","7":"product_cat-online-kurzy-marketing-reklama-a-pravo","8":"product_cat-bez-kategorie","9":"product_tag-reklama-a-pravo","10":"product_tag-spravne-konanie","12":"first","13":"instock","14":"sale","15":"sold-individually","16":"taxable","17":"shipping-taxable","18":"purchasable","19":"product-type-simple"},"yoast_head":"<!-- This site is optimized with the Yoast SEO Premium plugin v25.0 (Yoast SEO v25.0) - https:\/\/yoast.com\/wordpress\/plugins\/seo\/ -->\n<title>Online kurz Spr\u00e1vne Konanie  | VITA<\/title>\n<meta name=\"description\" content=\"V online kurze Spr\u00e1vne konanie sa nau\u010d\u00edte z\u00e1klady spr\u00e1vneho konania a procesov verejnej spr\u00e1vy pod\u013ea aktu\u00e1lnych pr\u00e1vnych predpisov. \u2705\" \/>\n<meta name=\"robots\" content=\"index, follow, max-snippet:-1, max-image-preview:large, max-video-preview:-1\" \/>\n<link rel=\"canonical\" href=\"https:\/\/www.vita.sk\/online-kurz-spravne-konanie\/\" \/>\n<meta property=\"og:locale\" content=\"en_US\" \/>\n<meta property=\"og:type\" content=\"article\" \/>\n<meta property=\"og:title\" content=\"Online kurz Spr\u00e1vne Konanie\" \/>\n<meta property=\"og:description\" content=\"V online kurze Spr\u00e1vne konanie sa nau\u010d\u00edte z\u00e1klady spr\u00e1vneho konania a procesov verejnej spr\u00e1vy pod\u013ea aktu\u00e1lnych pr\u00e1vnych predpisov. \u2705\" \/>\n<meta property=\"og:url\" content=\"https:\/\/www.vita.sk\/online-kurz-spravne-konanie\/\" \/>\n<meta property=\"og:site_name\" content=\"VITA\" \/>\n<meta property=\"article:publisher\" content=\"https:\/\/www.facebook.com\/VitaAcademySK\" \/>\n<meta property=\"article:modified_time\" content=\"2024-11-10T09:53:28+00:00\" \/>\n<meta property=\"og:image\" content=\"https:\/\/www.vita.sk\/wp-content\/uploads\/2020\/11\/kurz-Spravne-konanie.png\" \/>\n\t<meta property=\"og:image:width\" content=\"360\" \/>\n\t<meta property=\"og:image:height\" content=\"360\" \/>\n\t<meta property=\"og:image:type\" content=\"image\/png\" \/>\n<meta name=\"twitter:card\" content=\"summary_large_image\" \/>\n<meta name=\"twitter:label1\" content=\"Est. reading time\" \/>\n\t<meta name=\"twitter:data1\" content=\"1 minute\" \/>\n<script type=\"application\/ld+json\" class=\"yoast-schema-graph\">{\n\t    \"@context\": \"https:\/\/schema.org\",\n\t    \"@graph\": [\n\t        {\n\t            \"@type\": \"WebPage\",\n\t            \"@id\": \"https:\/\/www.vita.sk\/online-kurz-spravne-konanie\/\",\n\t            \"url\": \"https:\/\/www.vita.sk\/online-kurz-spravne-konanie\/\",\n\t            \"name\": \"Online kurz Spr\u00e1vne Konanie 2024 | VITA\",\n\t            \"isPartOf\": {\n\t                \"@id\": \"https:\/\/www.vita.sk\/#website\"\n\t            },\n\t            \"primaryImageOfPage\": {\n\t                \"@id\": \"https:\/\/www.vita.sk\/online-kurz-spravne-konanie\/#primaryimage\"\n\t            },\n\t            \"image\": {\n\t                \"@id\": \"https:\/\/www.vita.sk\/online-kurz-spravne-konanie\/#primaryimage\"\n\t            },\n\t            \"thumbnailUrl\": \"https:\/\/www.vita.sk\/wp-content\/uploads\/2020\/11\/kurz-Spravne-konanie.png\",\n\t            \"datePublished\": \"2021-09-20T13:40:13+00:00\",\n\t            \"dateModified\": \"2024-11-10T09:53:28+00:00\",\n\t            \"description\": \"V online kurze Spr\u00e1vne konanie sa nau\u010d\u00edte z\u00e1klady spr\u00e1vneho konania a procesov verejnej spr\u00e1vy pod\u013ea aktu\u00e1lnych pr\u00e1vnych predpisov. \u2705\",\n\t            \"breadcrumb\": {\n\t                \"@id\": \"https:\/\/www.vita.sk\/online-kurz-spravne-konanie\/#breadcrumb\"\n\t            },\n\t            \"inLanguage\": \"en-US\",\n\t            \"potentialAction\": [\n\t                {\n\t                    \"@type\": \"ReadAction\",\n\t                    \"target\": [\n\t                        \"https:\/\/www.vita.sk\/online-kurz-spravne-konanie\/\"\n\t                    ]\n\t                }\n\t            ]\n\t        },\n\t        {\n\t            \"@type\": \"ImageObject\",\n\t            \"inLanguage\": \"en-US\",\n\t            \"@id\": \"https:\/\/www.vita.sk\/online-kurz-spravne-konanie\/#primaryimage\",\n\t            \"url\": \"https:\/\/www.vita.sk\/wp-content\/uploads\/2020\/11\/kurz-Spravne-konanie.png\",\n\t            \"contentUrl\": \"https:\/\/www.vita.sk\/wp-content\/uploads\/2020\/11\/kurz-Spravne-konanie.png\",\n\t            \"width\": 360,\n\t            \"height\": 360,\n\t            \"caption\": \"Online kurz Spr\u00e1vne Konanie\"\n\t        },\n\t        {\n\t            \"@type\": \"BreadcrumbList\",\n\t            \"@id\": \"https:\/\/www.vita.sk\/online-kurz-spravne-konanie\/#breadcrumb\",\n\t            \"itemListElement\": [\n\t                {\n\t                    \"@type\": \"ListItem\",\n\t                    \"position\": 1,\n\t                    \"name\": \"VITA Academy\",\n\t                    \"item\": \"https:\/\/www.vita.sk\/en\/\"\n\t                },\n\t                {\n\t                    \"@type\": \"ListItem\",\n\t                    \"position\": 2,\n\t                    \"name\": \"Shop\",\n\t                    \"item\": \"https:\/\/www.vita.sk\/shop\/\"\n\t                },\n\t                {\n\t                    \"@type\": \"ListItem\",\n\t                    \"position\": 3,\n\t                    \"name\": \"Marketing, Reklama a Pr\u00e1vo\",\n\t                    \"item\": \"https:\/\/www.vita.sk\/online-kurzy-marketing-reklama-a-pravo\/\"\n\t                },\n\t                {\n\t                    \"@type\": \"ListItem\",\n\t                    \"position\": 4,\n\t                    \"name\": \"Online kurz Spr\u00e1vne Konanie\"\n\t                }\n\t            ]\n\t        },\n\t        {\n\t            \"@type\": \"WebSite\",\n\t            \"@id\": \"https:\/\/www.vita.sk\/#website\",\n\t            \"url\": \"https:\/\/www.vita.sk\/\",\n\t            \"name\": \"VITA\",\n\t            \"description\": \"\",\n\t            \"publisher\": {\n\t                \"@id\": \"https:\/\/www.vita.sk\/#organization\"\n\t            },\n\t            \"potentialAction\": [\n\t                {\n\t                    \"@type\": \"SearchAction\",\n\t                    \"target\": {\n\t                        \"@type\": \"EntryPoint\",\n\t                        \"urlTemplate\": \"https:\/\/www.vita.sk\/?s={search_term_string}\"\n\t                    },\n\t                    \"query-input\": {\n\t                        \"@type\": \"PropertyValueSpecification\",\n\t                        \"valueRequired\": true,\n\t                        \"valueName\": \"search_term_string\"\n\t                    }\n\t                }\n\t            ],\n\t            \"inLanguage\": \"en-US\"\n\t        },\n\t        {\n\t            \"email\": \"admin@vita.sk\",\n\t            \"logo\": \"https:\/\/www.vita.sk\/img\/vita_logo.png \",\n\t            \"address\": {\n\t                \"type\": \"PostalAddress\",\n\t                \"streetAddress\": \"Tom\u00e1\u0161ikova 50\/A\",\n\t                \"addressLocality\": \"Bratislava\",\n\t                \"postalCode\": \"83104\",\n\t                \"addressCountry\": {\n\t                    \"name\": \"SK\",\n\t                    \"type\": \"Country\"\n\t                }\n\t            },\n\t            \"contactPoint\": {\n\t                \"type\": \"ContactPoint\",\n\t                \"telephone\": \"+421 907 375\u00a0543\",\n\t                \"Email\": \"admin@vita.sk\",\n\t                \"contactType\": \"customer service\"\n\t            },\n\t            \"sameAs\": [\n\t                \"https:\/\/www.facebook.com\/VitaAcademySK\/\",\n\t                \"https:\/\/www.linkedin.com\/company\/vita-academy\/\"\n\t            ]\n\t        }\n\t    ]\n\t}<\/script>\n<!-- \/ Yoast SEO Premium plugin. -->","yoast_head_json":{"title":"Online kurz Spr\u00e1vne Konanie  | VITA","description":"V online kurze Spr\u00e1vne konanie sa nau\u010d\u00edte z\u00e1klady spr\u00e1vneho konania a procesov verejnej spr\u00e1vy pod\u013ea aktu\u00e1lnych pr\u00e1vnych predpisov. \u2705","robots":{"index":"index","follow":"follow","max-snippet":"max-snippet:-1","max-image-preview":"max-image-preview:large","max-video-preview":"max-video-preview:-1"},"canonical":"https:\/\/www.vita.sk\/online-kurz-spravne-konanie\/","og_locale":"en_US","og_type":"article","og_title":"Online kurz Spr\u00e1vne Konanie","og_description":"V online kurze Spr\u00e1vne konanie sa nau\u010d\u00edte z\u00e1klady spr\u00e1vneho konania a procesov verejnej spr\u00e1vy pod\u013ea aktu\u00e1lnych pr\u00e1vnych predpisov. \u2705","og_url":"https:\/\/www.vita.sk\/online-kurz-spravne-konanie\/","og_site_name":"VITA","article_publisher":"https:\/\/www.facebook.com\/VitaAcademySK","article_modified_time":"2024-11-10T09:53:28+00:00","og_image":[{"width":360,"height":360,"url":"https:\/\/www.vita.sk\/wp-content\/uploads\/2020\/11\/kurz-Spravne-konanie.png","type":"image\/png"}],"twitter_card":"summary_large_image","twitter_misc":{"Est. reading time":"1 minute"},"schema":{"@context":"https:\/\/schema.org","@graph":[{"@type":"WebPage","@id":"https:\/\/www.vita.sk\/online-kurz-spravne-konanie\/","url":"https:\/\/www.vita.sk\/online-kurz-spravne-konanie\/","name":"Online kurz Spr\u00e1vne Konanie 2024 | VITA","isPartOf":{"@id":"https:\/\/www.vita.sk\/#website"},"primaryImageOfPage":{"@id":"https:\/\/www.vita.sk\/online-kurz-spravne-konanie\/#primaryimage"},"image":{"@id":"https:\/\/www.vita.sk\/online-kurz-spravne-konanie\/#primaryimage"},"thumbnailUrl":"https:\/\/www.vita.sk\/wp-content\/uploads\/2020\/11\/kurz-Spravne-konanie.png","datePublished":"2021-09-20T13:40:13+00:00","dateModified":"2024-11-10T09:53:28+00:00","description":"V online kurze Spr\u00e1vne konanie sa nau\u010d\u00edte z\u00e1klady spr\u00e1vneho konania a procesov verejnej spr\u00e1vy pod\u013ea aktu\u00e1lnych pr\u00e1vnych predpisov. \u2705","breadcrumb":{"@id":"https:\/\/www.vita.sk\/online-kurz-spravne-konanie\/#breadcrumb"},"inLanguage":"en-US","potentialAction":[{"@type":"ReadAction","target":["https:\/\/www.vita.sk\/online-kurz-spravne-konanie\/"]}]},{"@type":"ImageObject","inLanguage":"en-US","@id":"https:\/\/www.vita.sk\/online-kurz-spravne-konanie\/#primaryimage","url":"https:\/\/www.vita.sk\/wp-content\/uploads\/2020\/11\/kurz-Spravne-konanie.png","contentUrl":"https:\/\/www.vita.sk\/wp-content\/uploads\/2020\/11\/kurz-Spravne-konanie.png","width":360,"height":360,"caption":"Online kurz Spr\u00e1vne Konanie"},{"@type":"BreadcrumbList","@id":"https:\/\/www.vita.sk\/online-kurz-spravne-konanie\/#breadcrumb","itemListElement":[{"@type":"ListItem","position":1,"name":"VITA Academy","item":"https:\/\/www.vita.sk\/en\/"},{"@type":"ListItem","position":2,"name":"Shop","item":"https:\/\/www.vita.sk\/shop\/"},{"@type":"ListItem","position":3,"name":"Marketing, Reklama a Pr\u00e1vo","item":"https:\/\/www.vita.sk\/online-kurzy-marketing-reklama-a-pravo\/"},{"@type":"ListItem","position":4,"name":"Online kurz Spr\u00e1vne Konanie"}]},{"@type":"WebSite","@id":"https:\/\/www.vita.sk\/#website","url":"https:\/\/www.vita.sk\/","name":"VITA","description":"","publisher":{"@id":"https:\/\/www.vita.sk\/#organization"},"potentialAction":[{"@type":"SearchAction","target":{"@type":"EntryPoint","urlTemplate":"https:\/\/www.vita.sk\/?s={search_term_string}"},"query-input":{"@type":"PropertyValueSpecification","valueRequired":true,"valueName":"search_term_string"}}],"inLanguage":"en-US"},{"email":"admin@vita.sk","logo":"https:\/\/www.vita.sk\/img\/vita_logo.png ","address":{"type":"PostalAddress","streetAddress":"Tom\u00e1\u0161ikova 50\/A","addressLocality":"Bratislava","postalCode":"83104","addressCountry":{"name":"SK","type":"Country"}},"contactPoint":{"type":"ContactPoint","telephone":"+421 907 375\u00a0543","Email":"admin@vita.sk","contactType":"customer service"},"sameAs":["https:\/\/www.facebook.com\/VitaAcademySK\/","https:\/\/www.linkedin.com\/company\/vita-academy\/"]}]}},"acf":[],"_links":{"self":[{"href":"https:\/\/www.vita.sk\/en\/wp-json\/wp\/v2\/product\/7709","targetHints":{"allow":["GET"]}}],"collection":[{"href":"https:\/\/www.vita.sk\/en\/wp-json\/wp\/v2\/product"}],"about":[{"href":"https:\/\/www.vita.sk\/en\/wp-json\/wp\/v2\/types\/product"}],"author":[{"embeddable":true,"href":"https:\/\/www.vita.sk\/en\/wp-json\/wp\/v2\/users\/1675"}],"replies":[{"embeddable":true,"href":"https:\/\/www.vita.sk\/en\/wp-json\/wp\/v2\/comments?post=7709"}],"wp:featuredmedia":[{"embeddable":true,"href":"https:\/\/www.vita.sk\/en\/wp-json\/wp\/v2\/media\/4264"}],"wp:attachment":[{"href":"https:\/\/www.vita.sk\/en\/wp-json\/wp\/v2\/media?parent=7709"}],"wp:term":[{"taxonomy":"product_brand","embeddable":true,"href":"https:\/\/www.vita.sk\/en\/wp-json\/wp\/v2\/product_brand?post=7709"},{"taxonomy":"product_cat","embeddable":true,"href":"https:\/\/www.vita.sk\/en\/wp-json\/wp\/v2\/product_cat?post=7709"},{"taxonomy":"product_tag","embeddable":true,"href":"https:\/\/www.vita.sk\/en\/wp-json\/wp\/v2\/product_tag?post=7709"}],"curies":[{"name":"wp","href":"https:\/\/api.w.org\/{rel}","templated":true}]}}