{"id":773,"date":"2021-07-26T16:17:23","date_gmt":"2021-07-26T14:17:23","guid":{"rendered":"http:\/\/vita.sk.vps324.nameserver.sk\/?post_type=product&#038;p=773"},"modified":"2026-02-27T14:59:26","modified_gmt":"2026-02-27T13:59:26","slug":"online-kurz-python-ii-mierne-pokrocily","status":"publish","type":"product","link":"https:\/\/www.vita.sk\/en\/online-kurz-python-ii-mierne-pokrocily\/","title":{"rendered":"Online kurz Python II. Mierne Pokro\u010dil\u00fd"},"content":{"rendered":"<p>Online kurz Python II. Mierne Pokro\u010dil\u00fd je pre v\u00e1s ide\u00e1lny, ak sa chcete nau\u010di\u0165 objektovo orientovan\u00e9 programovanie v jazyku Python a pochopi\u0165 princ\u00edpy profesion\u00e1lneho n\u00e1vrhu aplik\u00e1ci\u00ed. <strong>Ide o akreditovan\u00fd a certifikovan\u00fd kurz na Python<\/strong>. V tomto kurze sa zameriate na pokro\u010dil\u00e9 koncepty OOP, architekt\u00faru aplik\u00e1ci\u00ed a spr\u00e1vne pou\u017e\u00edvanie tried, objektov a in\u0161tanci\u00ed. Nau\u010d\u00edte sa pracova\u0165 s profesion\u00e1lnymi v\u00fdvojov\u00fdmi prostrediami ako PyCharm a JetBrains Datalore, efekt\u00edvne organizova\u0165 projektov\u00fa \u0161trukt\u00faru a vyu\u017e\u00edva\u0165 pokro\u010dil\u00e9 n\u00e1stroje IDE vr\u00e1tane kl\u00e1vesov\u00fdch skratiek a spr\u00e1vy projektov. Preh\u013abite si pochopenie pam\u00e4\u0165ov\u00e9ho modelu Pythonu, pr\u00e1ce s premenn\u00fdmi, objektmi a introspek\u010dn\u00fdmi n\u00e1strojmi ako dir a isinstance. Z\u00edskate schopnos\u0165 navrhova\u0165 a implementova\u0165 vlastn\u00e9 triedy, kon\u0161truktory pomocou met\u00f3dy <strong>init<\/strong>, pracova\u0165 s predvolen\u00fdmi parametrami a pochopi\u0165 princ\u00edp identity objektov. Osvoj\u00edte si modelovanie vz\u0165ahov medzi objektmi pomocou UML diagramov a implement\u00e1ciu kompoz\u00edcie v praxi. Kurz v\u00e1s nau\u010d\u00ed vytv\u00e1ra\u0165 a spravova\u0165 virtu\u00e1lne prostredia pomocou pip, pracova\u0165 s bal\u00ed\u010dkami a vyu\u017e\u00edva\u0165 kni\u017enice ako PrettyTable na preh\u013eadn\u00fa prezent\u00e1ciu d\u00e1t v konzole. D\u00f4raz sa kladie na abstrakciu, implement\u00e1ciu abstraktn\u00fdch tried a met\u00f3d, ako aj na princ\u00edpy dedi\u010dnosti vr\u00e1tane pou\u017eitia funkcie super, anal\u00fdzy MRO a atrib\u00fatu <strong>bases<\/strong>. Nau\u010d\u00edte sa aplikova\u0165 zap\u00fazdrenie, riadi\u0165 pr\u00edstup k atrib\u00fatom a spr\u00e1vne navrhova\u0165 rozhrania tried. S\u00fa\u010das\u0165ou kurzu je aj polymorfizmus, implement\u00e1cia override a overload princ\u00edpov a pr\u00e1ca so vstavan\u00fdmi atrib\u00fatmi objektov. Osvoj\u00edte si profesion\u00e1lne spracovanie v\u00fdnimiek pomocou try, except a finally a vytv\u00e1ranie grafick\u00fdch aplik\u00e1ci\u00ed pomocou n\u00e1strojov ako Kivy a WxFormBuilder. Z\u00edskate tak pevn\u00e9 z\u00e1klady pre v\u00fdvoj robustn\u00fdch, \u0161k\u00e1lovate\u013en\u00fdch a udr\u017eiavate\u013en\u00fdch aplik\u00e1ci\u00ed v jazyku Python. Ak sa chcete skuto\u010dne nau\u010di\u0165 objektovo orientovan\u00e9 programovanie v Pythone a sta\u0165 sa pokro\u010dil\u00fdm Python program\u00e1torom, tak toto je ide\u00e1lny online kurz pre v\u00e1s.<\/p>\n","protected":false},"excerpt":{"rendered":"<p>Online kurz Python II. Mierne Pokro\u010dil\u00fd v\u00e1s nau\u010d\u00ed objektovo orientovan\u00e9 programovanie, pr\u00e1cu s triedami, dedi\u010dnos\u0165ou, polymorfizmom a tvorbu profesion\u00e1lnych aplik\u00e1ci\u00ed v jazyku Python.","protected":false},"author":4,"featured_media":864,"comment_status":"open","ping_status":"closed","template":"","meta":{"_acf_changed":false},"product_brand":[],"product_cat":[99,106,73],"product_tag":[189,212],"class_list":{"0":"post-773","1":"product","2":"type-product","3":"status-publish","4":"has-post-thumbnail","6":"product_cat-online-kurzy-programovacie-jazyky","7":"product_cat-online-kurzy-python","8":"product_cat-bez-kategorie","9":"product_tag-programovacie-jazyky","10":"product_tag-python","12":"first","13":"instock","14":"sale","15":"sold-individually","16":"taxable","17":"shipping-taxable","18":"purchasable","19":"product-type-simple"},"yoast_head":"<!-- This site is optimized with the Yoast SEO Premium plugin v25.0 (Yoast SEO v25.0) - https:\/\/yoast.com\/wordpress\/plugins\/seo\/ -->\n<title>Online kurz Programovanie v jazyku Python 2026 | VITA<\/title>\n<meta name=\"description\" content=\"V online kurze Python II. Mierne Pokro\u010dil\u00fd si roz\u0161\u00edrite znalosti o pr\u00e1cu s kni\u017enicami a objektovo-orientovan\u00fdm pr\u00edstupom. Ide\u00e1lny na preh\u013abenie zru\u010dnost\u00ed. \u2705\" \/>\n<meta name=\"robots\" content=\"index, follow, max-snippet:-1, max-image-preview:large, max-video-preview:-1\" \/>\n<link rel=\"canonical\" href=\"https:\/\/www.vita.sk\/online-kurz-python-ii-mierne-pokrocily\/\" \/>\n<meta property=\"og:locale\" content=\"en_US\" \/>\n<meta property=\"og:type\" content=\"article\" \/>\n<meta property=\"og:title\" content=\"Online kurz Python II. Mierne Pokro\u010dil\u00fd\" \/>\n<meta property=\"og:description\" content=\"V online kurze Python II. Mierne Pokro\u010dil\u00fd si roz\u0161\u00edrite znalosti o pr\u00e1cu s kni\u017enicami a objektovo-orientovan\u00fdm pr\u00edstupom. Ide\u00e1lny na preh\u013abenie zru\u010dnost\u00ed. \u2705\" \/>\n<meta property=\"og:url\" content=\"https:\/\/www.vita.sk\/online-kurz-python-ii-mierne-pokrocily\/\" \/>\n<meta property=\"og:site_name\" content=\"VITA\" \/>\n<meta property=\"article:publisher\" content=\"https:\/\/www.facebook.com\/VitaAcademySK\" \/>\n<meta property=\"article:modified_time\" content=\"2026-02-27T13:59:26+00:00\" \/>\n<meta property=\"og:image\" content=\"https:\/\/www.vita.sk\/wp-content\/uploads\/2019\/07\/Python.png\" \/>\n\t<meta property=\"og:image:width\" content=\"360\" \/>\n\t<meta property=\"og:image:height\" content=\"360\" \/>\n\t<meta property=\"og:image:type\" content=\"image\/png\" \/>\n<meta name=\"twitter:card\" content=\"summary_large_image\" \/>\n<meta name=\"twitter:label1\" content=\"Est. reading time\" \/>\n\t<meta name=\"twitter:data1\" content=\"2 minutes\" \/>\n<script type=\"application\/ld+json\" class=\"yoast-schema-graph\">{\n\t    \"@context\": \"https:\/\/schema.org\",\n\t    \"@graph\": [\n\t        {\n\t            \"@type\": \"WebPage\",\n\t            \"@id\": \"https:\/\/www.vita.sk\/online-kurz-python-ii-mierne-pokrocily\/\",\n\t            \"url\": \"https:\/\/www.vita.sk\/online-kurz-python-ii-mierne-pokrocily\/\",\n\t            \"name\": \"Online kurz Programovanie v jazyku Python {Y} | VITA\",\n\t            \"isPartOf\": {\n\t                \"@id\": \"https:\/\/www.vita.sk\/#website\"\n\t            },\n\t            \"primaryImageOfPage\": {\n\t                \"@id\": \"https:\/\/www.vita.sk\/online-kurz-python-ii-mierne-pokrocily\/#primaryimage\"\n\t            },\n\t            \"image\": {\n\t                \"@id\": \"https:\/\/www.vita.sk\/online-kurz-python-ii-mierne-pokrocily\/#primaryimage\"\n\t            },\n\t            \"thumbnailUrl\": \"https:\/\/www.vita.sk\/wp-content\/uploads\/2019\/07\/Python.png\",\n\t            \"datePublished\": \"2021-07-26T14:17:23+00:00\",\n\t            \"dateModified\": \"2026-02-27T13:59:26+00:00\",\n\t            \"description\": \"V online kurze Python II. Mierne Pokro\u010dil\u00fd si roz\u0161\u00edrite znalosti o pr\u00e1cu s kni\u017enicami a objektovo-orientovan\u00fdm pr\u00edstupom. Ide\u00e1lny na preh\u013abenie zru\u010dnost\u00ed. \u2705\",\n\t            \"breadcrumb\": {\n\t                \"@id\": \"https:\/\/www.vita.sk\/online-kurz-python-ii-mierne-pokrocily\/#breadcrumb\"\n\t            },\n\t            \"inLanguage\": \"en-US\",\n\t            \"potentialAction\": [\n\t                {\n\t                    \"@type\": \"ReadAction\",\n\t                    \"target\": [\n\t                        \"https:\/\/www.vita.sk\/online-kurz-python-ii-mierne-pokrocily\/\"\n\t                    ]\n\t                }\n\t            ]\n\t        },\n\t        {\n\t            \"@type\": \"ImageObject\",\n\t            \"inLanguage\": \"en-US\",\n\t            \"@id\": \"https:\/\/www.vita.sk\/online-kurz-python-ii-mierne-pokrocily\/#primaryimage\",\n\t            \"url\": \"https:\/\/www.vita.sk\/wp-content\/uploads\/2019\/07\/Python.png\",\n\t            \"contentUrl\": \"https:\/\/www.vita.sk\/wp-content\/uploads\/2019\/07\/Python.png\",\n\t            \"width\": 360,\n\t            \"height\": 360,\n\t            \"caption\": \"Online kurz Python\"\n\t        },\n\t        {\n\t            \"@type\": \"BreadcrumbList\",\n\t            \"@id\": \"https:\/\/www.vita.sk\/online-kurz-python-ii-mierne-pokrocily\/#breadcrumb\",\n\t            \"itemListElement\": [\n\t                {\n\t                    \"@type\": \"ListItem\",\n\t                    \"position\": 1,\n\t                    \"name\": \"VITA Academy\",\n\t                    \"item\": \"https:\/\/www.vita.sk\/en\/\"\n\t                },\n\t                {\n\t                    \"@type\": \"ListItem\",\n\t                    \"position\": 2,\n\t                    \"name\": \"Shop\",\n\t                    \"item\": \"https:\/\/www.vita.sk\/shop\/\"\n\t                },\n\t                {\n\t                    \"@type\": \"ListItem\",\n\t                    \"position\": 3,\n\t                    \"name\": \"Programovacie Jazyky\",\n\t                    \"item\": \"https:\/\/www.vita.sk\/online-kurzy-programovacie-jazyky\/\"\n\t                },\n\t                {\n\t                    \"@type\": \"ListItem\",\n\t                    \"position\": 4,\n\t                    \"name\": \"Python\",\n\t                    \"item\": \"https:\/\/www.vita.sk\/online-kurzy-python\/\"\n\t                },\n\t                {\n\t                    \"@type\": \"ListItem\",\n\t                    \"position\": 5,\n\t                    \"name\": \"Online kurz Python II. Mierne Pokro\u010dil\u00fd\"\n\t                }\n\t            ]\n\t        },\n\t        {\n\t            \"@type\": \"WebSite\",\n\t            \"@id\": \"https:\/\/www.vita.sk\/#website\",\n\t            \"url\": \"https:\/\/www.vita.sk\/\",\n\t            \"name\": \"VITA\",\n\t            \"description\": \"\",\n\t            \"publisher\": {\n\t                \"@id\": \"https:\/\/www.vita.sk\/#organization\"\n\t            },\n\t            \"potentialAction\": [\n\t                {\n\t                    \"@type\": \"SearchAction\",\n\t                    \"target\": {\n\t                        \"@type\": \"EntryPoint\",\n\t                        \"urlTemplate\": \"https:\/\/www.vita.sk\/?s={search_term_string}\"\n\t                    },\n\t                    \"query-input\": {\n\t                        \"@type\": \"PropertyValueSpecification\",\n\t                        \"valueRequired\": true,\n\t                        \"valueName\": \"search_term_string\"\n\t                    }\n\t                }\n\t            ],\n\t            \"inLanguage\": \"en-US\"\n\t        },\n\t        {\n\t            \"email\": \"admin@vita.sk\",\n\t            \"logo\": \"https:\/\/www.vita.sk\/img\/vita_logo.png \",\n\t            \"address\": {\n\t                \"type\": \"PostalAddress\",\n\t                \"streetAddress\": \"Tom\u00e1\u0161ikova 50\/A\",\n\t                \"addressLocality\": \"Bratislava\",\n\t                \"postalCode\": \"83104\",\n\t                \"addressCountry\": {\n\t                    \"name\": \"SK\",\n\t                    \"type\": \"Country\"\n\t                }\n\t            },\n\t            \"contactPoint\": {\n\t                \"type\": \"ContactPoint\",\n\t                \"telephone\": \"+421 907 375\u00a0543\",\n\t                \"Email\": \"admin@vita.sk\",\n\t                \"contactType\": \"customer service\"\n\t            },\n\t            \"sameAs\": [\n\t                \"https:\/\/www.facebook.com\/VitaAcademySK\/\",\n\t                \"https:\/\/www.linkedin.com\/company\/vita-academy\/\"\n\t            ]\n\t        }\n\t    ]\n\t}<\/script>\n<!-- \/ Yoast SEO Premium plugin. -->","yoast_head_json":{"title":"Online kurz Programovanie v jazyku Python 2026 | VITA","description":"V online kurze Python II. Mierne Pokro\u010dil\u00fd si roz\u0161\u00edrite znalosti o pr\u00e1cu s kni\u017enicami a objektovo-orientovan\u00fdm pr\u00edstupom. Ide\u00e1lny na preh\u013abenie zru\u010dnost\u00ed. \u2705","robots":{"index":"index","follow":"follow","max-snippet":"max-snippet:-1","max-image-preview":"max-image-preview:large","max-video-preview":"max-video-preview:-1"},"canonical":"https:\/\/www.vita.sk\/online-kurz-python-ii-mierne-pokrocily\/","og_locale":"en_US","og_type":"article","og_title":"Online kurz Python II. Mierne Pokro\u010dil\u00fd","og_description":"V online kurze Python II. Mierne Pokro\u010dil\u00fd si roz\u0161\u00edrite znalosti o pr\u00e1cu s kni\u017enicami a objektovo-orientovan\u00fdm pr\u00edstupom. Ide\u00e1lny na preh\u013abenie zru\u010dnost\u00ed. \u2705","og_url":"https:\/\/www.vita.sk\/online-kurz-python-ii-mierne-pokrocily\/","og_site_name":"VITA","article_publisher":"https:\/\/www.facebook.com\/VitaAcademySK","article_modified_time":"2026-02-27T13:59:26+00:00","og_image":[{"width":360,"height":360,"url":"https:\/\/www.vita.sk\/wp-content\/uploads\/2019\/07\/Python.png","type":"image\/png"}],"twitter_card":"summary_large_image","twitter_misc":{"Est. reading time":"2 minutes"},"schema":{"@context":"https:\/\/schema.org","@graph":[{"@type":"WebPage","@id":"https:\/\/www.vita.sk\/online-kurz-python-ii-mierne-pokrocily\/","url":"https:\/\/www.vita.sk\/online-kurz-python-ii-mierne-pokrocily\/","name":"Online kurz Programovanie v jazyku Python {Y} | VITA","isPartOf":{"@id":"https:\/\/www.vita.sk\/#website"},"primaryImageOfPage":{"@id":"https:\/\/www.vita.sk\/online-kurz-python-ii-mierne-pokrocily\/#primaryimage"},"image":{"@id":"https:\/\/www.vita.sk\/online-kurz-python-ii-mierne-pokrocily\/#primaryimage"},"thumbnailUrl":"https:\/\/www.vita.sk\/wp-content\/uploads\/2019\/07\/Python.png","datePublished":"2021-07-26T14:17:23+00:00","dateModified":"2026-02-27T13:59:26+00:00","description":"V online kurze Python II. Mierne Pokro\u010dil\u00fd si roz\u0161\u00edrite znalosti o pr\u00e1cu s kni\u017enicami a objektovo-orientovan\u00fdm pr\u00edstupom. Ide\u00e1lny na preh\u013abenie zru\u010dnost\u00ed. \u2705","breadcrumb":{"@id":"https:\/\/www.vita.sk\/online-kurz-python-ii-mierne-pokrocily\/#breadcrumb"},"inLanguage":"en-US","potentialAction":[{"@type":"ReadAction","target":["https:\/\/www.vita.sk\/online-kurz-python-ii-mierne-pokrocily\/"]}]},{"@type":"ImageObject","inLanguage":"en-US","@id":"https:\/\/www.vita.sk\/online-kurz-python-ii-mierne-pokrocily\/#primaryimage","url":"https:\/\/www.vita.sk\/wp-content\/uploads\/2019\/07\/Python.png","contentUrl":"https:\/\/www.vita.sk\/wp-content\/uploads\/2019\/07\/Python.png","width":360,"height":360,"caption":"Online kurz Python"},{"@type":"BreadcrumbList","@id":"https:\/\/www.vita.sk\/online-kurz-python-ii-mierne-pokrocily\/#breadcrumb","itemListElement":[{"@type":"ListItem","position":1,"name":"VITA Academy","item":"https:\/\/www.vita.sk\/en\/"},{"@type":"ListItem","position":2,"name":"Shop","item":"https:\/\/www.vita.sk\/shop\/"},{"@type":"ListItem","position":3,"name":"Programovacie Jazyky","item":"https:\/\/www.vita.sk\/online-kurzy-programovacie-jazyky\/"},{"@type":"ListItem","position":4,"name":"Python","item":"https:\/\/www.vita.sk\/online-kurzy-python\/"},{"@type":"ListItem","position":5,"name":"Online kurz Python II. Mierne Pokro\u010dil\u00fd"}]},{"@type":"WebSite","@id":"https:\/\/www.vita.sk\/#website","url":"https:\/\/www.vita.sk\/","name":"VITA","description":"","publisher":{"@id":"https:\/\/www.vita.sk\/#organization"},"potentialAction":[{"@type":"SearchAction","target":{"@type":"EntryPoint","urlTemplate":"https:\/\/www.vita.sk\/?s={search_term_string}"},"query-input":{"@type":"PropertyValueSpecification","valueRequired":true,"valueName":"search_term_string"}}],"inLanguage":"en-US"},{"email":"admin@vita.sk","logo":"https:\/\/www.vita.sk\/img\/vita_logo.png ","address":{"type":"PostalAddress","streetAddress":"Tom\u00e1\u0161ikova 50\/A","addressLocality":"Bratislava","postalCode":"83104","addressCountry":{"name":"SK","type":"Country"}},"contactPoint":{"type":"ContactPoint","telephone":"+421 907 375\u00a0543","Email":"admin@vita.sk","contactType":"customer service"},"sameAs":["https:\/\/www.facebook.com\/VitaAcademySK\/","https:\/\/www.linkedin.com\/company\/vita-academy\/"]}]}},"acf":[],"_links":{"self":[{"href":"https:\/\/www.vita.sk\/en\/wp-json\/wp\/v2\/product\/773","targetHints":{"allow":["GET"]}}],"collection":[{"href":"https:\/\/www.vita.sk\/en\/wp-json\/wp\/v2\/product"}],"about":[{"href":"https:\/\/www.vita.sk\/en\/wp-json\/wp\/v2\/types\/product"}],"author":[{"embeddable":true,"href":"https:\/\/www.vita.sk\/en\/wp-json\/wp\/v2\/users\/4"}],"replies":[{"embeddable":true,"href":"https:\/\/www.vita.sk\/en\/wp-json\/wp\/v2\/comments?post=773"}],"wp:featuredmedia":[{"embeddable":true,"href":"https:\/\/www.vita.sk\/en\/wp-json\/wp\/v2\/media\/864"}],"wp:attachment":[{"href":"https:\/\/www.vita.sk\/en\/wp-json\/wp\/v2\/media?parent=773"}],"wp:term":[{"taxonomy":"product_brand","embeddable":true,"href":"https:\/\/www.vita.sk\/en\/wp-json\/wp\/v2\/product_brand?post=773"},{"taxonomy":"product_cat","embeddable":true,"href":"https:\/\/www.vita.sk\/en\/wp-json\/wp\/v2\/product_cat?post=773"},{"taxonomy":"product_tag","embeddable":true,"href":"https:\/\/www.vita.sk\/en\/wp-json\/wp\/v2\/product_tag?post=773"}],"curies":[{"name":"wp","href":"https:\/\/api.w.org\/{rel}","templated":true}]}}