{"id":779,"date":"2021-07-26T16:53:01","date_gmt":"2021-07-26T14:53:01","guid":{"rendered":"http:\/\/vita.sk.vps324.nameserver.sk\/?post_type=product&#038;p=779"},"modified":"2024-06-05T14:36:02","modified_gmt":"2024-06-05T12:36:02","slug":"online-kurz-visual-basic-net-i-zaciatocnik","status":"publish","type":"product","link":"https:\/\/www.vita.sk\/en\/online-kurz-visual-basic-net-i-zaciatocnik\/","title":{"rendered":"Online kurz Visual Basic .NET I. Za\u010diato\u010dn\u00edk"},"content":{"rendered":"<p>Online kurz Visual Basic .NET I. Za\u010diato\u010dn\u00edk je modern\u00fd objektovo orientovan\u00fd programovac\u00ed jazyk implementovan\u00fd na platforme .NET. <strong>Ide o jedin\u00fd akreditovan\u00fd a certifikovan\u00fd kurz na Visual Basic na Slovensku. <\/strong>Predstavuje evol\u00faciu klasick\u00e9ho jazyka Visual Basic. Umo\u017e\u0148uje vytv\u00e1ra\u0165 efekt\u00edvne programy spustite\u013en\u00e9 na platform\u00e1ch ak\u00fdmi s\u00fa napr\u00edklad Windows, Linux alebo Mac OS. Online kurz Visual Basic .NET je pre v\u00e1s vhodn\u00fd, ak sa chcete nau\u010di\u0165 programova\u0165 vo Visual Basic. Zvl\u00e1dnete vyu\u017e\u00edva\u0165 r\u00f4zne ovl\u00e1dacie prvky ako tla\u010didl\u00e1, za\u0161krt\u00e1vacie a prep\u00ednacie pol\u00ed\u010dka \u010di \u010dasova\u010de. Vytv\u00e1ra\u0165 vlastn\u00e9 moduly a proced\u00fary, odha\u013eova\u0165 chyby a ladi\u0165 vlastn\u00e9 aplik\u00e1cie, bude pre v\u00e1s hra\u010dkou. Ak sa chcete skuto\u010dne nau\u010di\u0165 pou\u017e\u00edva\u0165 Visual Basic, tak toto je ide\u00e1lny online kurz pre v\u00e1s.<\/p>\n","protected":false},"excerpt":{"rendered":"<p>Online kurz Visual Basic. NET I. Za\u010diato\u010dn\u00edk je modern\u00fd objektovo orientovan\u00fd programovac\u00ed jazyk implementovan\u00fd na platforme. NET. Ide o jedin\u00fd akreditovan\u00fd a certifikovan\u00fd kurz na Visual Basic na Slovensku. Predstavuje evol\u00faciu klasick\u00e9ho jazyka Visual Basic. Umo\u017e\u0148uje vytv\u00e1ra\u0165 efekt\u00edvne programy spustite\u013en\u00e9 na platform\u00e1ch ak\u00fdmi s\u00fa napr\u00edklad Windows, Linux alebo Mac OS. Online kurz Visual Basic.","protected":false},"author":4,"featured_media":1259,"comment_status":"open","ping_status":"closed","template":"","meta":{"_acf_changed":false},"product_brand":[],"product_cat":[99,110,73],"product_tag":[189],"class_list":{"0":"post-779","1":"product","2":"type-product","3":"status-publish","4":"has-post-thumbnail","6":"product_cat-online-kurzy-programovacie-jazyky","7":"product_cat-online-kurzy-visual-basic","8":"product_cat-bez-kategorie","9":"product_tag-programovacie-jazyky","11":"first","12":"instock","13":"sale","14":"sold-individually","15":"taxable","16":"shipping-taxable","17":"purchasable","18":"product-type-simple"},"yoast_head":"<!-- This site is optimized with the Yoast SEO Premium plugin v25.0 (Yoast SEO v25.0) - https:\/\/yoast.com\/wordpress\/plugins\/seo\/ -->\n<title>Online kurz Visual Basic .NET pre za\u010diato\u010dn\u00edkov  | VITA<\/title>\n<meta name=\"description\" content=\"V online kurze Visual Basic .NET pre za\u010diato\u010dn\u00edkov \u0165a nau\u010d\u00edme pracova\u0165 s v\u00fdvojov\u00fdm prostred\u00edm Microsoft Visual Studio. Zvl\u00e1dne\u0161 vyu\u017e\u00edva\u0165 r\u00f4zne ovl\u00e1dacie prvky ako tla\u010didl\u00e1, za\u0161krt\u00e1vacie a prep\u00ednacie pol\u00ed\u010dka \u010di \u010dasova\u010de.\" \/>\n<meta name=\"robots\" content=\"index, follow, max-snippet:-1, max-image-preview:large, max-video-preview:-1\" \/>\n<link rel=\"canonical\" href=\"https:\/\/www.vita.sk\/online-kurz-visual-basic-net-i-zaciatocnik\/\" \/>\n<meta property=\"og:locale\" content=\"en_US\" \/>\n<meta property=\"og:type\" content=\"article\" \/>\n<meta property=\"og:title\" content=\"Online kurz Visual Basic .NET I. Za\u010diato\u010dn\u00edk\" \/>\n<meta property=\"og:description\" content=\"V online kurze Visual Basic .NET pre za\u010diato\u010dn\u00edkov \u0165a nau\u010d\u00edme pracova\u0165 s v\u00fdvojov\u00fdm prostred\u00edm Microsoft Visual Studio. Zvl\u00e1dne\u0161 vyu\u017e\u00edva\u0165 r\u00f4zne ovl\u00e1dacie prvky ako tla\u010didl\u00e1, za\u0161krt\u00e1vacie a prep\u00ednacie pol\u00ed\u010dka \u010di \u010dasova\u010de.\" \/>\n<meta property=\"og:url\" content=\"https:\/\/www.vita.sk\/online-kurz-visual-basic-net-i-zaciatocnik\/\" \/>\n<meta property=\"og:site_name\" content=\"VITA\" \/>\n<meta property=\"article:publisher\" content=\"https:\/\/www.facebook.com\/VitaAcademySK\" \/>\n<meta property=\"article:modified_time\" content=\"2024-06-05T12:36:02+00:00\" \/>\n<meta property=\"og:image\" content=\"https:\/\/www.vita.sk\/wp-content\/uploads\/2019\/07\/5.png\" \/>\n\t<meta property=\"og:image:width\" content=\"165\" \/>\n\t<meta property=\"og:image:height\" content=\"164\" \/>\n\t<meta property=\"og:image:type\" content=\"image\/png\" \/>\n<meta name=\"twitter:card\" content=\"summary_large_image\" \/>\n<meta name=\"twitter:label1\" content=\"Est. reading time\" \/>\n\t<meta name=\"twitter:data1\" content=\"1 minute\" \/>\n<script type=\"application\/ld+json\" class=\"yoast-schema-graph\">{\n\t    \"@context\": \"https:\/\/schema.org\",\n\t    \"@graph\": [\n\t        {\n\t            \"@type\": \"WebPage\",\n\t            \"@id\": \"https:\/\/www.vita.sk\/online-kurz-visual-basic-net-i-zaciatocnik\/\",\n\t            \"url\": \"https:\/\/www.vita.sk\/online-kurz-visual-basic-net-i-zaciatocnik\/\",\n\t            \"name\": \"Online kurz Visual Basic .NET pre za\u010diato\u010dn\u00edkov 2024 | VITA\",\n\t            \"isPartOf\": {\n\t                \"@id\": \"https:\/\/www.vita.sk\/#website\"\n\t            },\n\t            \"primaryImageOfPage\": {\n\t                \"@id\": \"https:\/\/www.vita.sk\/online-kurz-visual-basic-net-i-zaciatocnik\/#primaryimage\"\n\t            },\n\t            \"image\": {\n\t                \"@id\": \"https:\/\/www.vita.sk\/online-kurz-visual-basic-net-i-zaciatocnik\/#primaryimage\"\n\t            },\n\t            \"thumbnailUrl\": \"https:\/\/www.vita.sk\/wp-content\/uploads\/2019\/07\/5.png\",\n\t            \"datePublished\": \"2021-07-26T14:53:01+00:00\",\n\t            \"dateModified\": \"2024-06-05T12:36:02+00:00\",\n\t            \"description\": \"V online kurze Visual Basic .NET pre za\u010diato\u010dn\u00edkov \u0165a nau\u010d\u00edme pracova\u0165 s v\u00fdvojov\u00fdm prostred\u00edm Microsoft Visual Studio. Zvl\u00e1dne\u0161 vyu\u017e\u00edva\u0165 r\u00f4zne ovl\u00e1dacie prvky ako tla\u010didl\u00e1, za\u0161krt\u00e1vacie a prep\u00ednacie pol\u00ed\u010dka \u010di \u010dasova\u010de.\",\n\t            \"breadcrumb\": {\n\t                \"@id\": \"https:\/\/www.vita.sk\/online-kurz-visual-basic-net-i-zaciatocnik\/#breadcrumb\"\n\t            },\n\t            \"inLanguage\": \"en-US\",\n\t            \"potentialAction\": [\n\t                {\n\t                    \"@type\": \"ReadAction\",\n\t                    \"target\": [\n\t                        \"https:\/\/www.vita.sk\/online-kurz-visual-basic-net-i-zaciatocnik\/\"\n\t                    ]\n\t                }\n\t            ]\n\t        },\n\t        {\n\t            \"@type\": \"ImageObject\",\n\t            \"inLanguage\": \"en-US\",\n\t            \"@id\": \"https:\/\/www.vita.sk\/online-kurz-visual-basic-net-i-zaciatocnik\/#primaryimage\",\n\t            \"url\": \"https:\/\/www.vita.sk\/wp-content\/uploads\/2019\/07\/5.png\",\n\t            \"contentUrl\": \"https:\/\/www.vita.sk\/wp-content\/uploads\/2019\/07\/5.png\",\n\t            \"width\": 165,\n\t            \"height\": 164,\n\t            \"caption\": \"Online kurz Visual Basic .NET pre za\u010diato\u010dn\u00edkov\"\n\t        },\n\t        {\n\t            \"@type\": \"BreadcrumbList\",\n\t            \"@id\": \"https:\/\/www.vita.sk\/online-kurz-visual-basic-net-i-zaciatocnik\/#breadcrumb\",\n\t            \"itemListElement\": [\n\t                {\n\t                    \"@type\": \"ListItem\",\n\t                    \"position\": 1,\n\t                    \"name\": \"VITA Academy\",\n\t                    \"item\": \"https:\/\/www.vita.sk\/en\/\"\n\t                },\n\t                {\n\t                    \"@type\": \"ListItem\",\n\t                    \"position\": 2,\n\t                    \"name\": \"Shop\",\n\t                    \"item\": \"https:\/\/www.vita.sk\/shop\/\"\n\t                },\n\t                {\n\t                    \"@type\": \"ListItem\",\n\t                    \"position\": 3,\n\t                    \"name\": \"Programovacie Jazyky\",\n\t                    \"item\": \"https:\/\/www.vita.sk\/online-kurzy-programovacie-jazyky\/\"\n\t                },\n\t                {\n\t                    \"@type\": \"ListItem\",\n\t                    \"position\": 4,\n\t                    \"name\": \"Visual Basic\",\n\t                    \"item\": \"https:\/\/www.vita.sk\/online-kurzy-visual-basic\/\"\n\t                },\n\t                {\n\t                    \"@type\": \"ListItem\",\n\t                    \"position\": 5,\n\t                    \"name\": \"Online kurz Visual Basic .NET I. Za\u010diato\u010dn\u00edk\"\n\t                }\n\t            ]\n\t        },\n\t        {\n\t            \"@type\": \"WebSite\",\n\t            \"@id\": \"https:\/\/www.vita.sk\/#website\",\n\t            \"url\": \"https:\/\/www.vita.sk\/\",\n\t            \"name\": \"VITA\",\n\t            \"description\": \"\",\n\t            \"publisher\": {\n\t                \"@id\": \"https:\/\/www.vita.sk\/#organization\"\n\t            },\n\t            \"potentialAction\": [\n\t                {\n\t                    \"@type\": \"SearchAction\",\n\t                    \"target\": {\n\t                        \"@type\": \"EntryPoint\",\n\t                        \"urlTemplate\": \"https:\/\/www.vita.sk\/?s={search_term_string}\"\n\t                    },\n\t                    \"query-input\": {\n\t                        \"@type\": \"PropertyValueSpecification\",\n\t                        \"valueRequired\": true,\n\t                        \"valueName\": \"search_term_string\"\n\t                    }\n\t                }\n\t            ],\n\t            \"inLanguage\": \"en-US\"\n\t        },\n\t        {\n\t            \"email\": \"admin@vita.sk\",\n\t            \"logo\": \"https:\/\/www.vita.sk\/img\/vita_logo.png \",\n\t            \"address\": {\n\t                \"type\": \"PostalAddress\",\n\t                \"streetAddress\": \"Tom\u00e1\u0161ikova 50\/A\",\n\t                \"addressLocality\": \"Bratislava\",\n\t                \"postalCode\": \"83104\",\n\t                \"addressCountry\": {\n\t                    \"name\": \"SK\",\n\t                    \"type\": \"Country\"\n\t                }\n\t            },\n\t            \"contactPoint\": {\n\t                \"type\": \"ContactPoint\",\n\t                \"telephone\": \"+421 907 375\u00a0543\",\n\t                \"Email\": \"admin@vita.sk\",\n\t                \"contactType\": \"customer service\"\n\t            },\n\t            \"sameAs\": [\n\t                \"https:\/\/www.facebook.com\/VitaAcademySK\/\",\n\t                \"https:\/\/www.linkedin.com\/company\/vita-academy\/\"\n\t            ]\n\t        }\n\t    ]\n\t}<\/script>\n<!-- \/ Yoast SEO Premium plugin. -->","yoast_head_json":{"title":"Online kurz Visual Basic .NET pre za\u010diato\u010dn\u00edkov  | VITA","description":"V online kurze Visual Basic .NET pre za\u010diato\u010dn\u00edkov \u0165a nau\u010d\u00edme pracova\u0165 s v\u00fdvojov\u00fdm prostred\u00edm Microsoft Visual Studio. Zvl\u00e1dne\u0161 vyu\u017e\u00edva\u0165 r\u00f4zne ovl\u00e1dacie prvky ako tla\u010didl\u00e1, za\u0161krt\u00e1vacie a prep\u00ednacie pol\u00ed\u010dka \u010di \u010dasova\u010de.","robots":{"index":"index","follow":"follow","max-snippet":"max-snippet:-1","max-image-preview":"max-image-preview:large","max-video-preview":"max-video-preview:-1"},"canonical":"https:\/\/www.vita.sk\/online-kurz-visual-basic-net-i-zaciatocnik\/","og_locale":"en_US","og_type":"article","og_title":"Online kurz Visual Basic .NET I. Za\u010diato\u010dn\u00edk","og_description":"V online kurze Visual Basic .NET pre za\u010diato\u010dn\u00edkov \u0165a nau\u010d\u00edme pracova\u0165 s v\u00fdvojov\u00fdm prostred\u00edm Microsoft Visual Studio. Zvl\u00e1dne\u0161 vyu\u017e\u00edva\u0165 r\u00f4zne ovl\u00e1dacie prvky ako tla\u010didl\u00e1, za\u0161krt\u00e1vacie a prep\u00ednacie pol\u00ed\u010dka \u010di \u010dasova\u010de.","og_url":"https:\/\/www.vita.sk\/online-kurz-visual-basic-net-i-zaciatocnik\/","og_site_name":"VITA","article_publisher":"https:\/\/www.facebook.com\/VitaAcademySK","article_modified_time":"2024-06-05T12:36:02+00:00","og_image":[{"width":165,"height":164,"url":"https:\/\/www.vita.sk\/wp-content\/uploads\/2019\/07\/5.png","type":"image\/png"}],"twitter_card":"summary_large_image","twitter_misc":{"Est. reading time":"1 minute"},"schema":{"@context":"https:\/\/schema.org","@graph":[{"@type":"WebPage","@id":"https:\/\/www.vita.sk\/online-kurz-visual-basic-net-i-zaciatocnik\/","url":"https:\/\/www.vita.sk\/online-kurz-visual-basic-net-i-zaciatocnik\/","name":"Online kurz Visual Basic .NET pre za\u010diato\u010dn\u00edkov 2024 | VITA","isPartOf":{"@id":"https:\/\/www.vita.sk\/#website"},"primaryImageOfPage":{"@id":"https:\/\/www.vita.sk\/online-kurz-visual-basic-net-i-zaciatocnik\/#primaryimage"},"image":{"@id":"https:\/\/www.vita.sk\/online-kurz-visual-basic-net-i-zaciatocnik\/#primaryimage"},"thumbnailUrl":"https:\/\/www.vita.sk\/wp-content\/uploads\/2019\/07\/5.png","datePublished":"2021-07-26T14:53:01+00:00","dateModified":"2024-06-05T12:36:02+00:00","description":"V online kurze Visual Basic .NET pre za\u010diato\u010dn\u00edkov \u0165a nau\u010d\u00edme pracova\u0165 s v\u00fdvojov\u00fdm prostred\u00edm Microsoft Visual Studio. Zvl\u00e1dne\u0161 vyu\u017e\u00edva\u0165 r\u00f4zne ovl\u00e1dacie prvky ako tla\u010didl\u00e1, za\u0161krt\u00e1vacie a prep\u00ednacie pol\u00ed\u010dka \u010di \u010dasova\u010de.","breadcrumb":{"@id":"https:\/\/www.vita.sk\/online-kurz-visual-basic-net-i-zaciatocnik\/#breadcrumb"},"inLanguage":"en-US","potentialAction":[{"@type":"ReadAction","target":["https:\/\/www.vita.sk\/online-kurz-visual-basic-net-i-zaciatocnik\/"]}]},{"@type":"ImageObject","inLanguage":"en-US","@id":"https:\/\/www.vita.sk\/online-kurz-visual-basic-net-i-zaciatocnik\/#primaryimage","url":"https:\/\/www.vita.sk\/wp-content\/uploads\/2019\/07\/5.png","contentUrl":"https:\/\/www.vita.sk\/wp-content\/uploads\/2019\/07\/5.png","width":165,"height":164,"caption":"Online kurz Visual Basic .NET pre za\u010diato\u010dn\u00edkov"},{"@type":"BreadcrumbList","@id":"https:\/\/www.vita.sk\/online-kurz-visual-basic-net-i-zaciatocnik\/#breadcrumb","itemListElement":[{"@type":"ListItem","position":1,"name":"VITA Academy","item":"https:\/\/www.vita.sk\/en\/"},{"@type":"ListItem","position":2,"name":"Shop","item":"https:\/\/www.vita.sk\/shop\/"},{"@type":"ListItem","position":3,"name":"Programovacie Jazyky","item":"https:\/\/www.vita.sk\/online-kurzy-programovacie-jazyky\/"},{"@type":"ListItem","position":4,"name":"Visual Basic","item":"https:\/\/www.vita.sk\/online-kurzy-visual-basic\/"},{"@type":"ListItem","position":5,"name":"Online kurz Visual Basic .NET I. Za\u010diato\u010dn\u00edk"}]},{"@type":"WebSite","@id":"https:\/\/www.vita.sk\/#website","url":"https:\/\/www.vita.sk\/","name":"VITA","description":"","publisher":{"@id":"https:\/\/www.vita.sk\/#organization"},"potentialAction":[{"@type":"SearchAction","target":{"@type":"EntryPoint","urlTemplate":"https:\/\/www.vita.sk\/?s={search_term_string}"},"query-input":{"@type":"PropertyValueSpecification","valueRequired":true,"valueName":"search_term_string"}}],"inLanguage":"en-US"},{"email":"admin@vita.sk","logo":"https:\/\/www.vita.sk\/img\/vita_logo.png ","address":{"type":"PostalAddress","streetAddress":"Tom\u00e1\u0161ikova 50\/A","addressLocality":"Bratislava","postalCode":"83104","addressCountry":{"name":"SK","type":"Country"}},"contactPoint":{"type":"ContactPoint","telephone":"+421 907 375\u00a0543","Email":"admin@vita.sk","contactType":"customer service"},"sameAs":["https:\/\/www.facebook.com\/VitaAcademySK\/","https:\/\/www.linkedin.com\/company\/vita-academy\/"]}]}},"acf":[],"_links":{"self":[{"href":"https:\/\/www.vita.sk\/en\/wp-json\/wp\/v2\/product\/779","targetHints":{"allow":["GET"]}}],"collection":[{"href":"https:\/\/www.vita.sk\/en\/wp-json\/wp\/v2\/product"}],"about":[{"href":"https:\/\/www.vita.sk\/en\/wp-json\/wp\/v2\/types\/product"}],"author":[{"embeddable":true,"href":"https:\/\/www.vita.sk\/en\/wp-json\/wp\/v2\/users\/4"}],"replies":[{"embeddable":true,"href":"https:\/\/www.vita.sk\/en\/wp-json\/wp\/v2\/comments?post=779"}],"wp:featuredmedia":[{"embeddable":true,"href":"https:\/\/www.vita.sk\/en\/wp-json\/wp\/v2\/media\/1259"}],"wp:attachment":[{"href":"https:\/\/www.vita.sk\/en\/wp-json\/wp\/v2\/media?parent=779"}],"wp:term":[{"taxonomy":"product_brand","embeddable":true,"href":"https:\/\/www.vita.sk\/en\/wp-json\/wp\/v2\/product_brand?post=779"},{"taxonomy":"product_cat","embeddable":true,"href":"https:\/\/www.vita.sk\/en\/wp-json\/wp\/v2\/product_cat?post=779"},{"taxonomy":"product_tag","embeddable":true,"href":"https:\/\/www.vita.sk\/en\/wp-json\/wp\/v2\/product_tag?post=779"}],"curies":[{"name":"wp","href":"https:\/\/api.w.org\/{rel}","templated":true}]}}