{"id":782,"date":"2023-07-25T10:14:19","date_gmt":"2023-07-25T08:14:19","guid":{"rendered":"http:\/\/vita.sk.vps324.nameserver.sk\/?post_type=product&#038;p=782"},"modified":"2026-05-01T15:29:47","modified_gmt":"2026-05-01T13:29:47","slug":"online-kurz-sap-i-zaciatocnik","status":"publish","type":"product","link":"https:\/\/www.vita.sk\/en\/online-kurz-sap-i-zaciatocnik\/","title":{"rendered":"Online kurz SAP I. Za\u010diato\u010dn\u00edk"},"content":{"rendered":"<p>Online kurz SAP I. Za\u010diato\u010dn\u00edk je pre v\u00e1s ide\u00e1lny, ak sa chcete nau\u010di\u0165 z\u00e1klady pr\u00e1ce so syst\u00e9mom SAP, ktor\u00fd je k\u013e\u00fa\u010dov\u00fd pre riadenie podnikov\u00fdch procesov. <strong>Ide o akreditovan\u00fd a certifikovan\u00fd kurz na SAP.<\/strong> Nau\u010d\u00edme v\u00e1s orientova\u0165 sa medzi aplik\u00e1ciami a komponentmi SAPu. Budete sa vedie\u0165 prihl\u00e1si\u0165 do syst\u00e9mu SAP prostredn\u00edctvom SAP GUI klient. V tomto kurze sa obozn\u00e1mite s hlavn\u00fdmi modulmi SAP, ako s\u00fa finan\u010dn\u00e9 riadenie, logistika, spr\u00e1va z\u00e1sob a materi\u00e1lov. Nau\u010d\u00edte sa, ako efekt\u00edvne navigova\u0165 v rozhran\u00ed SAP a vykon\u00e1va\u0165 z\u00e1kladn\u00e9 oper\u00e1cie. Dostanete od n\u00e1s simul\u00e1tor SAPu, na ktorom m\u00f4\u017eete tr\u00e9nova\u0165 r\u00f4zne aktivity, \u00falohy a transakcie. Rovnako v\u00e1s nau\u010d\u00edme pracova\u0165 so datab\u00e1zov\u00fdmi tabu\u013ekami. Z\u00e1kladn\u00e9 pou\u017e\u00edvanie platformy SAP NetWeaver bude pre v\u00e1s samozrejmos\u0165ou. Prichystali sme pre v\u00e1s aj kompletn\u00fd n\u00e1vod ako si zaobstara\u0165 alebo nain\u0161talova\u0165 SAP na svojom po\u010d\u00edta\u010di, ak budete chcie\u0165 tr\u00e9nova\u0165 naostro. Z\u00edskate praktick\u00e9 sk\u00fasenosti s vyh\u013ead\u00e1van\u00edm \u00fadajov a pr\u00e1cou s transakciami, ktor\u00e9 s\u00fa nevyhnutn\u00e9 pre spr\u00e1vu podnikov\u00fdch procesov. Tento kurz v\u00e1m poskytne pevn\u00e9 z\u00e1klady pre \u010fal\u0161iu pr\u00e1cu so SAP a umo\u017en\u00ed v\u00e1m pochopi\u0165, ako syst\u00e9m podporuje k\u013e\u00fa\u010dov\u00e9 podnikov\u00e9 funkcie. Ako bonus sme pridali z\u00e1klady jazyka SQL na pr\u00e1cu s d\u00e1tami a datab\u00e1zami. Ak sa chcete skuto\u010dne nau\u010di\u0165 pou\u017e\u00edva\u0165 SAP, tak toto je ide\u00e1lny vstupn\u00fd online kurz pre v\u00e1s.<\/p>\n","protected":false},"excerpt":{"rendered":"<p>Online kurz SAP I. Za\u010diato\u010dn\u00edk v\u00e1s nau\u010d\u00ed z\u00e1kladn\u00fa orient\u00e1ciu v syst\u00e9me SAP a pracova\u0165 so z\u00e1kladn\u00fdmi funkciami syst\u00e9mu SAP v r\u00f4znych oblastiach podnikov\u00fdch procesov. Z\u00edskate preh\u013ead o transakci\u00e1ch, SAP moduloch, objedn\u00e1vkach aj reportovan\u00ed.","protected":false},"author":4,"featured_media":960,"comment_status":"open","ping_status":"closed","template":"","meta":{"_acf_changed":false},"product_brand":[],"product_cat":[113,111,73,178],"product_tag":[181,182],"class_list":{"0":"post-782","1":"product","2":"type-product","3":"status-publish","4":"has-post-thumbnail","6":"product_cat-online-kurzy-sap","7":"product_cat-online-kurzy-sap-a-abap","8":"product_cat-bez-kategorie","9":"product_cat-najoblubenejsie-kurzy","10":"product_tag-sap-a-abap","11":"product_tag-vip","13":"first","14":"instock","15":"sale","16":"sold-individually","17":"taxable","18":"shipping-taxable","19":"purchasable","20":"product-type-simple"},"yoast_head":"<!-- This site is optimized with the Yoast SEO Premium plugin v25.0 (Yoast SEO v25.0) - https:\/\/yoast.com\/wordpress\/plugins\/seo\/ -->\n<title>Online kurz SAP I. Za\u010diato\u010dn\u00edk 2026 | VITA<\/title>\n<meta name=\"description\" content=\"V online kurze SAP I. Za\u010diato\u010dn\u00edk si osvoj\u00edte z\u00e1klady pou\u017e\u00edvania SAPu aj orient\u00e1ciu medzi aplik\u00e1ciami a transakciami SAPu \u2705.\" \/>\n<meta name=\"robots\" content=\"index, follow, max-snippet:-1, max-image-preview:large, max-video-preview:-1\" \/>\n<link rel=\"canonical\" href=\"https:\/\/www.vita.sk\/online-kurz-sap-i-zaciatocnik\/\" \/>\n<meta property=\"og:locale\" content=\"en_US\" \/>\n<meta property=\"og:type\" content=\"article\" \/>\n<meta property=\"og:title\" content=\"Online kurz SAP I. Za\u010diato\u010dn\u00edk\" \/>\n<meta property=\"og:description\" content=\"V online kurze SAP I. Za\u010diato\u010dn\u00edk si osvoj\u00edte z\u00e1klady pou\u017e\u00edvania SAPu aj orient\u00e1ciu medzi aplik\u00e1ciami a transakciami SAPu \u2705.\" \/>\n<meta property=\"og:url\" content=\"https:\/\/www.vita.sk\/online-kurz-sap-i-zaciatocnik\/\" \/>\n<meta property=\"og:site_name\" content=\"VITA\" \/>\n<meta property=\"article:publisher\" content=\"https:\/\/www.facebook.com\/VitaAcademySK\" \/>\n<meta property=\"article:modified_time\" content=\"2026-05-01T13:29:47+00:00\" \/>\n<meta property=\"og:image\" content=\"https:\/\/www.vita.sk\/wp-content\/uploads\/2019\/07\/sap-3.png\" \/>\n\t<meta property=\"og:image:width\" content=\"360\" \/>\n\t<meta property=\"og:image:height\" content=\"360\" \/>\n\t<meta property=\"og:image:type\" content=\"image\/png\" \/>\n<meta name=\"twitter:card\" content=\"summary_large_image\" \/>\n<meta name=\"twitter:label1\" content=\"Est. reading time\" \/>\n\t<meta name=\"twitter:data1\" content=\"2 minutes\" \/>\n<script type=\"application\/ld+json\" class=\"yoast-schema-graph\">{\n\t    \"@context\": \"https:\/\/schema.org\",\n\t    \"@graph\": [\n\t        {\n\t            \"@type\": \"WebPage\",\n\t            \"@id\": \"https:\/\/www.vita.sk\/online-kurz-sap-i-zaciatocnik\/\",\n\t            \"url\": \"https:\/\/www.vita.sk\/online-kurz-sap-i-zaciatocnik\/\",\n\t            \"name\": \"Online kurz SAP I. Za\u010diato\u010dn\u00edk {Y} | VITA\",\n\t            \"isPartOf\": {\n\t                \"@id\": \"https:\/\/www.vita.sk\/#website\"\n\t            },\n\t            \"primaryImageOfPage\": {\n\t                \"@id\": \"https:\/\/www.vita.sk\/online-kurz-sap-i-zaciatocnik\/#primaryimage\"\n\t            },\n\t            \"image\": {\n\t                \"@id\": \"https:\/\/www.vita.sk\/online-kurz-sap-i-zaciatocnik\/#primaryimage\"\n\t            },\n\t            \"thumbnailUrl\": \"https:\/\/www.vita.sk\/wp-content\/uploads\/2019\/07\/sap-3.png\",\n\t            \"datePublished\": \"2023-07-25T08:14:19+00:00\",\n\t            \"dateModified\": \"2026-05-01T13:29:47+00:00\",\n\t            \"description\": \"V online kurze SAP I. Za\u010diato\u010dn\u00edk si osvoj\u00edte z\u00e1klady pou\u017e\u00edvania SAPu aj orient\u00e1ciu medzi aplik\u00e1ciami a transakciami SAPu \u2705.\",\n\t            \"breadcrumb\": {\n\t                \"@id\": \"https:\/\/www.vita.sk\/online-kurz-sap-i-zaciatocnik\/#breadcrumb\"\n\t            },\n\t            \"inLanguage\": \"en-US\",\n\t            \"potentialAction\": [\n\t                {\n\t                    \"@type\": \"ReadAction\",\n\t                    \"target\": [\n\t                        \"https:\/\/www.vita.sk\/online-kurz-sap-i-zaciatocnik\/\"\n\t                    ]\n\t                }\n\t            ]\n\t        },\n\t        {\n\t            \"@type\": \"ImageObject\",\n\t            \"inLanguage\": \"en-US\",\n\t            \"@id\": \"https:\/\/www.vita.sk\/online-kurz-sap-i-zaciatocnik\/#primaryimage\",\n\t            \"url\": \"https:\/\/www.vita.sk\/wp-content\/uploads\/2019\/07\/sap-3.png\",\n\t            \"contentUrl\": \"https:\/\/www.vita.sk\/wp-content\/uploads\/2019\/07\/sap-3.png\",\n\t            \"width\": 360,\n\t            \"height\": 360,\n\t            \"caption\": \"Online kurz SAP\"\n\t        },\n\t        {\n\t            \"@type\": \"BreadcrumbList\",\n\t            \"@id\": \"https:\/\/www.vita.sk\/online-kurz-sap-i-zaciatocnik\/#breadcrumb\",\n\t            \"itemListElement\": [\n\t                {\n\t                    \"@type\": \"ListItem\",\n\t                    \"position\": 1,\n\t                    \"name\": \"VITA Academy\",\n\t                    \"item\": \"https:\/\/www.vita.sk\/en\/\"\n\t                },\n\t                {\n\t                    \"@type\": \"ListItem\",\n\t                    \"position\": 2,\n\t                    \"name\": \"Shop\",\n\t                    \"item\": \"https:\/\/www.vita.sk\/shop\/\"\n\t                },\n\t                {\n\t                    \"@type\": \"ListItem\",\n\t                    \"position\": 3,\n\t                    \"name\": \"SAP a ABAP\",\n\t                    \"item\": \"https:\/\/www.vita.sk\/online-kurzy-sap-a-abap\/\"\n\t                },\n\t                {\n\t                    \"@type\": \"ListItem\",\n\t                    \"position\": 4,\n\t                    \"name\": \"SAP\",\n\t                    \"item\": \"https:\/\/www.vita.sk\/online-kurzy-sap\/\"\n\t                },\n\t                {\n\t                    \"@type\": \"ListItem\",\n\t                    \"position\": 5,\n\t                    \"name\": \"Online kurz SAP I. Za\u010diato\u010dn\u00edk\"\n\t                }\n\t            ]\n\t        },\n\t        {\n\t            \"@type\": \"WebSite\",\n\t            \"@id\": \"https:\/\/www.vita.sk\/#website\",\n\t            \"url\": \"https:\/\/www.vita.sk\/\",\n\t            \"name\": \"VITA\",\n\t            \"description\": \"\",\n\t            \"publisher\": {\n\t                \"@id\": \"https:\/\/www.vita.sk\/#organization\"\n\t            },\n\t            \"potentialAction\": [\n\t                {\n\t                    \"@type\": \"SearchAction\",\n\t                    \"target\": {\n\t                        \"@type\": \"EntryPoint\",\n\t                        \"urlTemplate\": \"https:\/\/www.vita.sk\/?s={search_term_string}\"\n\t                    },\n\t                    \"query-input\": {\n\t                        \"@type\": \"PropertyValueSpecification\",\n\t                        \"valueRequired\": true,\n\t                        \"valueName\": \"search_term_string\"\n\t                    }\n\t                }\n\t            ],\n\t            \"inLanguage\": \"en-US\"\n\t        },\n\t        {\n\t            \"email\": \"admin@vita.sk\",\n\t            \"logo\": \"https:\/\/www.vita.sk\/img\/vita_logo.png \",\n\t            \"address\": {\n\t                \"type\": \"PostalAddress\",\n\t                \"streetAddress\": \"Tom\u00e1\u0161ikova 50\/A\",\n\t                \"addressLocality\": \"Bratislava\",\n\t                \"postalCode\": \"83104\",\n\t                \"addressCountry\": {\n\t                    \"name\": \"SK\",\n\t                    \"type\": \"Country\"\n\t                }\n\t            },\n\t            \"contactPoint\": {\n\t                \"type\": \"ContactPoint\",\n\t                \"telephone\": \"+421 907 375\u00a0543\",\n\t                \"Email\": \"admin@vita.sk\",\n\t                \"contactType\": \"customer service\"\n\t            },\n\t            \"sameAs\": [\n\t                \"https:\/\/www.facebook.com\/VitaAcademySK\/\",\n\t                \"https:\/\/www.linkedin.com\/company\/vita-academy\/\"\n\t            ]\n\t        }\n\t    ]\n\t}<\/script>\n<!-- \/ Yoast SEO Premium plugin. -->","yoast_head_json":{"title":"Online kurz SAP I. Za\u010diato\u010dn\u00edk 2026 | VITA","description":"V online kurze SAP I. Za\u010diato\u010dn\u00edk si osvoj\u00edte z\u00e1klady pou\u017e\u00edvania SAPu aj orient\u00e1ciu medzi aplik\u00e1ciami a transakciami SAPu \u2705.","robots":{"index":"index","follow":"follow","max-snippet":"max-snippet:-1","max-image-preview":"max-image-preview:large","max-video-preview":"max-video-preview:-1"},"canonical":"https:\/\/www.vita.sk\/online-kurz-sap-i-zaciatocnik\/","og_locale":"en_US","og_type":"article","og_title":"Online kurz SAP I. Za\u010diato\u010dn\u00edk","og_description":"V online kurze SAP I. Za\u010diato\u010dn\u00edk si osvoj\u00edte z\u00e1klady pou\u017e\u00edvania SAPu aj orient\u00e1ciu medzi aplik\u00e1ciami a transakciami SAPu \u2705.","og_url":"https:\/\/www.vita.sk\/online-kurz-sap-i-zaciatocnik\/","og_site_name":"VITA","article_publisher":"https:\/\/www.facebook.com\/VitaAcademySK","article_modified_time":"2026-05-01T13:29:47+00:00","og_image":[{"width":360,"height":360,"url":"https:\/\/www.vita.sk\/wp-content\/uploads\/2019\/07\/sap-3.png","type":"image\/png"}],"twitter_card":"summary_large_image","twitter_misc":{"Est. reading time":"2 minutes"},"schema":{"@context":"https:\/\/schema.org","@graph":[{"@type":"WebPage","@id":"https:\/\/www.vita.sk\/online-kurz-sap-i-zaciatocnik\/","url":"https:\/\/www.vita.sk\/online-kurz-sap-i-zaciatocnik\/","name":"Online kurz SAP I. Za\u010diato\u010dn\u00edk {Y} | VITA","isPartOf":{"@id":"https:\/\/www.vita.sk\/#website"},"primaryImageOfPage":{"@id":"https:\/\/www.vita.sk\/online-kurz-sap-i-zaciatocnik\/#primaryimage"},"image":{"@id":"https:\/\/www.vita.sk\/online-kurz-sap-i-zaciatocnik\/#primaryimage"},"thumbnailUrl":"https:\/\/www.vita.sk\/wp-content\/uploads\/2019\/07\/sap-3.png","datePublished":"2023-07-25T08:14:19+00:00","dateModified":"2026-05-01T13:29:47+00:00","description":"V online kurze SAP I. Za\u010diato\u010dn\u00edk si osvoj\u00edte z\u00e1klady pou\u017e\u00edvania SAPu aj orient\u00e1ciu medzi aplik\u00e1ciami a transakciami SAPu \u2705.","breadcrumb":{"@id":"https:\/\/www.vita.sk\/online-kurz-sap-i-zaciatocnik\/#breadcrumb"},"inLanguage":"en-US","potentialAction":[{"@type":"ReadAction","target":["https:\/\/www.vita.sk\/online-kurz-sap-i-zaciatocnik\/"]}]},{"@type":"ImageObject","inLanguage":"en-US","@id":"https:\/\/www.vita.sk\/online-kurz-sap-i-zaciatocnik\/#primaryimage","url":"https:\/\/www.vita.sk\/wp-content\/uploads\/2019\/07\/sap-3.png","contentUrl":"https:\/\/www.vita.sk\/wp-content\/uploads\/2019\/07\/sap-3.png","width":360,"height":360,"caption":"Online kurz SAP"},{"@type":"BreadcrumbList","@id":"https:\/\/www.vita.sk\/online-kurz-sap-i-zaciatocnik\/#breadcrumb","itemListElement":[{"@type":"ListItem","position":1,"name":"VITA Academy","item":"https:\/\/www.vita.sk\/en\/"},{"@type":"ListItem","position":2,"name":"Shop","item":"https:\/\/www.vita.sk\/shop\/"},{"@type":"ListItem","position":3,"name":"SAP a ABAP","item":"https:\/\/www.vita.sk\/online-kurzy-sap-a-abap\/"},{"@type":"ListItem","position":4,"name":"SAP","item":"https:\/\/www.vita.sk\/online-kurzy-sap\/"},{"@type":"ListItem","position":5,"name":"Online kurz SAP I. Za\u010diato\u010dn\u00edk"}]},{"@type":"WebSite","@id":"https:\/\/www.vita.sk\/#website","url":"https:\/\/www.vita.sk\/","name":"VITA","description":"","publisher":{"@id":"https:\/\/www.vita.sk\/#organization"},"potentialAction":[{"@type":"SearchAction","target":{"@type":"EntryPoint","urlTemplate":"https:\/\/www.vita.sk\/?s={search_term_string}"},"query-input":{"@type":"PropertyValueSpecification","valueRequired":true,"valueName":"search_term_string"}}],"inLanguage":"en-US"},{"email":"admin@vita.sk","logo":"https:\/\/www.vita.sk\/img\/vita_logo.png ","address":{"type":"PostalAddress","streetAddress":"Tom\u00e1\u0161ikova 50\/A","addressLocality":"Bratislava","postalCode":"83104","addressCountry":{"name":"SK","type":"Country"}},"contactPoint":{"type":"ContactPoint","telephone":"+421 907 375\u00a0543","Email":"admin@vita.sk","contactType":"customer service"},"sameAs":["https:\/\/www.facebook.com\/VitaAcademySK\/","https:\/\/www.linkedin.com\/company\/vita-academy\/"]}]}},"acf":[],"_links":{"self":[{"href":"https:\/\/www.vita.sk\/en\/wp-json\/wp\/v2\/product\/782","targetHints":{"allow":["GET"]}}],"collection":[{"href":"https:\/\/www.vita.sk\/en\/wp-json\/wp\/v2\/product"}],"about":[{"href":"https:\/\/www.vita.sk\/en\/wp-json\/wp\/v2\/types\/product"}],"author":[{"embeddable":true,"href":"https:\/\/www.vita.sk\/en\/wp-json\/wp\/v2\/users\/4"}],"replies":[{"embeddable":true,"href":"https:\/\/www.vita.sk\/en\/wp-json\/wp\/v2\/comments?post=782"}],"wp:featuredmedia":[{"embeddable":true,"href":"https:\/\/www.vita.sk\/en\/wp-json\/wp\/v2\/media\/960"}],"wp:attachment":[{"href":"https:\/\/www.vita.sk\/en\/wp-json\/wp\/v2\/media?parent=782"}],"wp:term":[{"taxonomy":"product_brand","embeddable":true,"href":"https:\/\/www.vita.sk\/en\/wp-json\/wp\/v2\/product_brand?post=782"},{"taxonomy":"product_cat","embeddable":true,"href":"https:\/\/www.vita.sk\/en\/wp-json\/wp\/v2\/product_cat?post=782"},{"taxonomy":"product_tag","embeddable":true,"href":"https:\/\/www.vita.sk\/en\/wp-json\/wp\/v2\/product_tag?post=782"}],"curies":[{"name":"wp","href":"https:\/\/api.w.org\/{rel}","templated":true}]}}