{"id":783,"date":"2021-07-26T17:20:48","date_gmt":"2021-07-26T15:20:48","guid":{"rendered":"http:\/\/vita.sk.vps324.nameserver.sk\/?post_type=product&#038;p=783"},"modified":"2025-07-31T11:33:45","modified_gmt":"2025-07-31T09:33:45","slug":"online-kurz-sap-ii-mierne-pokrocily","status":"publish","type":"product","link":"https:\/\/www.vita.sk\/en\/online-kurz-sap-ii-mierne-pokrocily\/","title":{"rendered":"Online kurz SAP II. Mierne Pokro\u010dil\u00fd"},"content":{"rendered":"<p data-start=\"0\" data-end=\"345\">Online kurz SAP II. Mierne Pokro\u010dil\u00fd pre v\u00e1s ide\u00e1lny, ak sa chcete nau\u010di\u0165 efekt\u00edvne pracova\u0165 s pokro\u010dilej\u0161\u00edmi funkcionalitami syst\u00e9mu SAP. Roz\u0161\u00edrite si znalosti o SAP Business One, SAP Analytics Cloud a SAP HANA a osvoj\u00edte si pr\u00e1cu so SAP Query, modulom SD, datab\u00e1zov\u00fdmi tabu\u013ekami s SQL dopytmi. <strong>Ide o akreditovan\u00fd a certifikovan\u00fd online kurz na SAP.<\/strong> Kurz poskytuje detailn\u00fd preh\u013ead SAP ekosyst\u00e9mu a jeho aplik\u00e1ci\u00ed, pri\u010dom sa zameriava na vyu\u017eitie SAP GUI Logon a analytick\u00fdch n\u00e1strojov ako SAP Analytics Cloud (predt\u00fdm SAP Lumira). \u00da\u010dastn\u00edci sa nau\u010dia efekt\u00edvne pracova\u0165 s d\u00e1tami v SAP HANA a simulova\u0165 SAP prostredia pomocou SAP Tutor a SAP Business One. Kurz zah\u0155\u0148a praktick\u00e9 cvi\u010denia, kde si \u00fa\u010dastn\u00edci m\u00f4\u017eu vytv\u00e1ra\u0165 predajn\u00e9 objedn\u00e1vky v SAP module SD a vyu\u017e\u00edva\u0165 transakcie ako VA01. V \u010fal\u0161ej \u010dasti sa venujeme pr\u00e1ci s SAP tabu\u013ekami a pou\u017e\u00edvate\u013esk\u00fdmi skupinami. Kurz vysvet\u013euje koncept SAP Query a jeho vyu\u017eitie pri spracovan\u00ed d\u00e1t a anal\u00fdzach. Nau\u010d\u00edme sa pracova\u0165 s divok\u00fdmi kartami v SAP tabu\u013ek\u00e1ch a vyu\u017e\u00edva\u0165 transakcie SMW0 a SM30 na spr\u00e1vu d\u00e1t. Zameriavame sa tie\u017e na optimaliz\u00e1ciu pr\u00e1ce pomocou Set Start Transaction. Kurz pokr\u00fdva aj oblas\u0165 datab\u00e1z a SQL dopytov, pri\u010dom tr\u00e9nujeme pr\u00e1cu so SAP datab\u00e1zou HANA a SQL dopytmi cez platformu SQL Zoo. \u00da\u010dastn\u00edci sa nau\u010dia pou\u017e\u00edva\u0165 pokro\u010dil\u00e9 SQL funkcie, pracova\u0165 s oper\u00e1tormi like a null a pochopia princ\u00edpy trojhodnotovej logiky v SQL. Kurz poskytuje aj inform\u00e1cie o prihlasovac\u00edch \u00fadajoch do datab\u00e1z a ich bezpe\u010dnom vyu\u017eit\u00ed. V r\u00e1mci kurzu s\u00fa k dispoz\u00edcii praktick\u00e9 cvi\u010denia, simul\u00e1cie a pr\u00edru\u010dka s podrobn\u00fdmi inform\u00e1ciami o SAP syst\u00e9me a jeho funkci\u00e1ch. Kurz pon\u00faka rozsiahle pr\u00edklady, ktor\u00e9 pom\u00e1haj\u00fa pochopi\u0165 a aplikova\u0165 SAP v praxi. Ak sa chcete skuto\u010dne nau\u010di\u0165 efekt\u00edvnej\u0161ie pou\u017e\u00edva\u0165 SAP, tak toto je ide\u00e1lny online kurz pre v\u00e1s.<\/p>\n","protected":false},"excerpt":{"rendered":"<p>Online kurz SAP II. Mierne Pokro\u010dil\u00fd pre v\u00e1s ide\u00e1lny, ak sa chcete nau\u010di\u0165 efekt\u00edvne pracova\u0165 s pokro\u010dilej\u0161\u00edmi funkcionalitami syst\u00e9mu SAP. Roz\u0161\u00edrite si znalosti o SAP Business One, SAP Analytics Cloud a SAP HANA a osvoj\u00edte si pr\u00e1cu so SAP Query, modulom SD, datab\u00e1zov\u00fdmi tabu\u013ekami s SQL dopytmi.","protected":false},"author":4,"featured_media":960,"comment_status":"open","ping_status":"closed","template":"","meta":{"_acf_changed":false},"product_brand":[],"product_cat":[113,111,73],"product_tag":[181,182],"class_list":{"0":"post-783","1":"product","2":"type-product","3":"status-publish","4":"has-post-thumbnail","6":"product_cat-online-kurzy-sap","7":"product_cat-online-kurzy-sap-a-abap","8":"product_cat-bez-kategorie","9":"product_tag-sap-a-abap","10":"product_tag-vip","12":"first","13":"instock","14":"sale","15":"sold-individually","16":"taxable","17":"shipping-taxable","18":"purchasable","19":"product-type-simple"},"yoast_head":"<!-- This site is optimized with the Yoast SEO Premium plugin v25.0 (Yoast SEO v25.0) - https:\/\/yoast.com\/wordpress\/plugins\/seo\/ -->\n<title>Online kurz SAP II. Mierne Pokro\u010dil\u00fd 2026 | VITA<\/title>\n<meta name=\"description\" content=\"V online kurze SAP II. Mierne pokro\u010dil\u00fd sa nau\u010d\u00edte pokro\u010dilej\u0161ie techniky pr\u00e1ce so syst\u00e9mom SAP pre efekt\u00edvnu spr\u00e1vu podnikov\u00fdch procesov. \u2705\" \/>\n<meta name=\"robots\" content=\"index, follow, max-snippet:-1, max-image-preview:large, max-video-preview:-1\" \/>\n<link rel=\"canonical\" href=\"https:\/\/www.vita.sk\/online-kurz-sap-ii-mierne-pokrocily\/\" \/>\n<meta property=\"og:locale\" content=\"en_US\" \/>\n<meta property=\"og:type\" content=\"article\" \/>\n<meta property=\"og:title\" content=\"Online kurz SAP II. Mierne Pokro\u010dil\u00fd\" \/>\n<meta property=\"og:description\" content=\"V online kurze SAP II. Mierne pokro\u010dil\u00fd sa nau\u010d\u00edte pokro\u010dilej\u0161ie techniky pr\u00e1ce so syst\u00e9mom SAP pre efekt\u00edvnu spr\u00e1vu podnikov\u00fdch procesov. \u2705\" \/>\n<meta property=\"og:url\" content=\"https:\/\/www.vita.sk\/online-kurz-sap-ii-mierne-pokrocily\/\" \/>\n<meta property=\"og:site_name\" content=\"VITA\" \/>\n<meta property=\"article:publisher\" content=\"https:\/\/www.facebook.com\/VitaAcademySK\" \/>\n<meta property=\"article:modified_time\" content=\"2025-07-31T09:33:45+00:00\" \/>\n<meta property=\"og:image\" content=\"https:\/\/www.vita.sk\/wp-content\/uploads\/2019\/07\/sap-3.png\" \/>\n\t<meta property=\"og:image:width\" content=\"360\" \/>\n\t<meta property=\"og:image:height\" content=\"360\" \/>\n\t<meta property=\"og:image:type\" content=\"image\/png\" \/>\n<meta name=\"twitter:card\" content=\"summary_large_image\" \/>\n<meta name=\"twitter:label1\" content=\"Est. reading time\" \/>\n\t<meta name=\"twitter:data1\" content=\"2 minutes\" \/>\n<script type=\"application\/ld+json\" class=\"yoast-schema-graph\">{\n\t    \"@context\": \"https:\/\/schema.org\",\n\t    \"@graph\": [\n\t        {\n\t            \"@type\": \"WebPage\",\n\t            \"@id\": \"https:\/\/www.vita.sk\/online-kurz-sap-ii-mierne-pokrocily\/\",\n\t            \"url\": \"https:\/\/www.vita.sk\/online-kurz-sap-ii-mierne-pokrocily\/\",\n\t            \"name\": \"Online kurz SAP II. Mierne Pokro\u010dil\u00fd {Y} | VITA\",\n\t            \"isPartOf\": {\n\t                \"@id\": \"https:\/\/www.vita.sk\/#website\"\n\t            },\n\t            \"primaryImageOfPage\": {\n\t                \"@id\": \"https:\/\/www.vita.sk\/online-kurz-sap-ii-mierne-pokrocily\/#primaryimage\"\n\t            },\n\t            \"image\": {\n\t                \"@id\": \"https:\/\/www.vita.sk\/online-kurz-sap-ii-mierne-pokrocily\/#primaryimage\"\n\t            },\n\t            \"thumbnailUrl\": \"https:\/\/www.vita.sk\/wp-content\/uploads\/2019\/07\/sap-3.png\",\n\t            \"datePublished\": \"2021-07-26T15:20:48+00:00\",\n\t            \"dateModified\": \"2025-07-31T09:33:45+00:00\",\n\t            \"description\": \"V online kurze SAP II. Mierne pokro\u010dil\u00fd sa nau\u010d\u00edte pokro\u010dilej\u0161ie techniky pr\u00e1ce so syst\u00e9mom SAP pre efekt\u00edvnu spr\u00e1vu podnikov\u00fdch procesov. \u2705\",\n\t            \"breadcrumb\": {\n\t                \"@id\": \"https:\/\/www.vita.sk\/online-kurz-sap-ii-mierne-pokrocily\/#breadcrumb\"\n\t            },\n\t            \"inLanguage\": \"en-US\",\n\t            \"potentialAction\": [\n\t                {\n\t                    \"@type\": \"ReadAction\",\n\t                    \"target\": [\n\t                        \"https:\/\/www.vita.sk\/online-kurz-sap-ii-mierne-pokrocily\/\"\n\t                    ]\n\t                }\n\t            ]\n\t        },\n\t        {\n\t            \"@type\": \"ImageObject\",\n\t            \"inLanguage\": \"en-US\",\n\t            \"@id\": \"https:\/\/www.vita.sk\/online-kurz-sap-ii-mierne-pokrocily\/#primaryimage\",\n\t            \"url\": \"https:\/\/www.vita.sk\/wp-content\/uploads\/2019\/07\/sap-3.png\",\n\t            \"contentUrl\": \"https:\/\/www.vita.sk\/wp-content\/uploads\/2019\/07\/sap-3.png\",\n\t            \"width\": 360,\n\t            \"height\": 360,\n\t            \"caption\": \"Online kurz SAP\"\n\t        },\n\t        {\n\t            \"@type\": \"BreadcrumbList\",\n\t            \"@id\": \"https:\/\/www.vita.sk\/online-kurz-sap-ii-mierne-pokrocily\/#breadcrumb\",\n\t            \"itemListElement\": [\n\t                {\n\t                    \"@type\": \"ListItem\",\n\t                    \"position\": 1,\n\t                    \"name\": \"VITA Academy\",\n\t                    \"item\": \"https:\/\/www.vita.sk\/en\/\"\n\t                },\n\t                {\n\t                    \"@type\": \"ListItem\",\n\t                    \"position\": 2,\n\t                    \"name\": \"Shop\",\n\t                    \"item\": \"https:\/\/www.vita.sk\/shop\/\"\n\t                },\n\t                {\n\t                    \"@type\": \"ListItem\",\n\t                    \"position\": 3,\n\t                    \"name\": \"SAP a ABAP\",\n\t                    \"item\": \"https:\/\/www.vita.sk\/online-kurzy-sap-a-abap\/\"\n\t                },\n\t                {\n\t                    \"@type\": \"ListItem\",\n\t                    \"position\": 4,\n\t                    \"name\": \"SAP\",\n\t                    \"item\": \"https:\/\/www.vita.sk\/online-kurzy-sap\/\"\n\t                },\n\t                {\n\t                    \"@type\": \"ListItem\",\n\t                    \"position\": 5,\n\t                    \"name\": \"Online kurz SAP II. Mierne Pokro\u010dil\u00fd\"\n\t                }\n\t            ]\n\t        },\n\t        {\n\t            \"@type\": \"WebSite\",\n\t            \"@id\": \"https:\/\/www.vita.sk\/#website\",\n\t            \"url\": \"https:\/\/www.vita.sk\/\",\n\t            \"name\": \"VITA\",\n\t            \"description\": \"\",\n\t            \"publisher\": {\n\t                \"@id\": \"https:\/\/www.vita.sk\/#organization\"\n\t            },\n\t            \"potentialAction\": [\n\t                {\n\t                    \"@type\": \"SearchAction\",\n\t                    \"target\": {\n\t                        \"@type\": \"EntryPoint\",\n\t                        \"urlTemplate\": \"https:\/\/www.vita.sk\/?s={search_term_string}\"\n\t                    },\n\t                    \"query-input\": {\n\t                        \"@type\": \"PropertyValueSpecification\",\n\t                        \"valueRequired\": true,\n\t                        \"valueName\": \"search_term_string\"\n\t                    }\n\t                }\n\t            ],\n\t            \"inLanguage\": \"en-US\"\n\t        },\n\t        {\n\t            \"email\": \"admin@vita.sk\",\n\t            \"logo\": \"https:\/\/www.vita.sk\/img\/vita_logo.png \",\n\t            \"address\": {\n\t                \"type\": \"PostalAddress\",\n\t                \"streetAddress\": \"Tom\u00e1\u0161ikova 50\/A\",\n\t                \"addressLocality\": \"Bratislava\",\n\t                \"postalCode\": \"83104\",\n\t                \"addressCountry\": {\n\t                    \"name\": \"SK\",\n\t                    \"type\": \"Country\"\n\t                }\n\t            },\n\t            \"contactPoint\": {\n\t                \"type\": \"ContactPoint\",\n\t                \"telephone\": \"+421 907 375\u00a0543\",\n\t                \"Email\": \"admin@vita.sk\",\n\t                \"contactType\": \"customer service\"\n\t            },\n\t            \"sameAs\": [\n\t                \"https:\/\/www.facebook.com\/VitaAcademySK\/\",\n\t                \"https:\/\/www.linkedin.com\/company\/vita-academy\/\"\n\t            ]\n\t        }\n\t    ]\n\t}<\/script>\n<!-- \/ Yoast SEO Premium plugin. -->","yoast_head_json":{"title":"Online kurz SAP II. Mierne Pokro\u010dil\u00fd 2026 | VITA","description":"V online kurze SAP II. Mierne pokro\u010dil\u00fd sa nau\u010d\u00edte pokro\u010dilej\u0161ie techniky pr\u00e1ce so syst\u00e9mom SAP pre efekt\u00edvnu spr\u00e1vu podnikov\u00fdch procesov. \u2705","robots":{"index":"index","follow":"follow","max-snippet":"max-snippet:-1","max-image-preview":"max-image-preview:large","max-video-preview":"max-video-preview:-1"},"canonical":"https:\/\/www.vita.sk\/online-kurz-sap-ii-mierne-pokrocily\/","og_locale":"en_US","og_type":"article","og_title":"Online kurz SAP II. Mierne Pokro\u010dil\u00fd","og_description":"V online kurze SAP II. Mierne pokro\u010dil\u00fd sa nau\u010d\u00edte pokro\u010dilej\u0161ie techniky pr\u00e1ce so syst\u00e9mom SAP pre efekt\u00edvnu spr\u00e1vu podnikov\u00fdch procesov. \u2705","og_url":"https:\/\/www.vita.sk\/online-kurz-sap-ii-mierne-pokrocily\/","og_site_name":"VITA","article_publisher":"https:\/\/www.facebook.com\/VitaAcademySK","article_modified_time":"2025-07-31T09:33:45+00:00","og_image":[{"width":360,"height":360,"url":"https:\/\/www.vita.sk\/wp-content\/uploads\/2019\/07\/sap-3.png","type":"image\/png"}],"twitter_card":"summary_large_image","twitter_misc":{"Est. reading time":"2 minutes"},"schema":{"@context":"https:\/\/schema.org","@graph":[{"@type":"WebPage","@id":"https:\/\/www.vita.sk\/online-kurz-sap-ii-mierne-pokrocily\/","url":"https:\/\/www.vita.sk\/online-kurz-sap-ii-mierne-pokrocily\/","name":"Online kurz SAP II. Mierne Pokro\u010dil\u00fd {Y} | VITA","isPartOf":{"@id":"https:\/\/www.vita.sk\/#website"},"primaryImageOfPage":{"@id":"https:\/\/www.vita.sk\/online-kurz-sap-ii-mierne-pokrocily\/#primaryimage"},"image":{"@id":"https:\/\/www.vita.sk\/online-kurz-sap-ii-mierne-pokrocily\/#primaryimage"},"thumbnailUrl":"https:\/\/www.vita.sk\/wp-content\/uploads\/2019\/07\/sap-3.png","datePublished":"2021-07-26T15:20:48+00:00","dateModified":"2025-07-31T09:33:45+00:00","description":"V online kurze SAP II. Mierne pokro\u010dil\u00fd sa nau\u010d\u00edte pokro\u010dilej\u0161ie techniky pr\u00e1ce so syst\u00e9mom SAP pre efekt\u00edvnu spr\u00e1vu podnikov\u00fdch procesov. \u2705","breadcrumb":{"@id":"https:\/\/www.vita.sk\/online-kurz-sap-ii-mierne-pokrocily\/#breadcrumb"},"inLanguage":"en-US","potentialAction":[{"@type":"ReadAction","target":["https:\/\/www.vita.sk\/online-kurz-sap-ii-mierne-pokrocily\/"]}]},{"@type":"ImageObject","inLanguage":"en-US","@id":"https:\/\/www.vita.sk\/online-kurz-sap-ii-mierne-pokrocily\/#primaryimage","url":"https:\/\/www.vita.sk\/wp-content\/uploads\/2019\/07\/sap-3.png","contentUrl":"https:\/\/www.vita.sk\/wp-content\/uploads\/2019\/07\/sap-3.png","width":360,"height":360,"caption":"Online kurz SAP"},{"@type":"BreadcrumbList","@id":"https:\/\/www.vita.sk\/online-kurz-sap-ii-mierne-pokrocily\/#breadcrumb","itemListElement":[{"@type":"ListItem","position":1,"name":"VITA Academy","item":"https:\/\/www.vita.sk\/en\/"},{"@type":"ListItem","position":2,"name":"Shop","item":"https:\/\/www.vita.sk\/shop\/"},{"@type":"ListItem","position":3,"name":"SAP a ABAP","item":"https:\/\/www.vita.sk\/online-kurzy-sap-a-abap\/"},{"@type":"ListItem","position":4,"name":"SAP","item":"https:\/\/www.vita.sk\/online-kurzy-sap\/"},{"@type":"ListItem","position":5,"name":"Online kurz SAP II. Mierne Pokro\u010dil\u00fd"}]},{"@type":"WebSite","@id":"https:\/\/www.vita.sk\/#website","url":"https:\/\/www.vita.sk\/","name":"VITA","description":"","publisher":{"@id":"https:\/\/www.vita.sk\/#organization"},"potentialAction":[{"@type":"SearchAction","target":{"@type":"EntryPoint","urlTemplate":"https:\/\/www.vita.sk\/?s={search_term_string}"},"query-input":{"@type":"PropertyValueSpecification","valueRequired":true,"valueName":"search_term_string"}}],"inLanguage":"en-US"},{"email":"admin@vita.sk","logo":"https:\/\/www.vita.sk\/img\/vita_logo.png ","address":{"type":"PostalAddress","streetAddress":"Tom\u00e1\u0161ikova 50\/A","addressLocality":"Bratislava","postalCode":"83104","addressCountry":{"name":"SK","type":"Country"}},"contactPoint":{"type":"ContactPoint","telephone":"+421 907 375\u00a0543","Email":"admin@vita.sk","contactType":"customer service"},"sameAs":["https:\/\/www.facebook.com\/VitaAcademySK\/","https:\/\/www.linkedin.com\/company\/vita-academy\/"]}]}},"acf":[],"_links":{"self":[{"href":"https:\/\/www.vita.sk\/en\/wp-json\/wp\/v2\/product\/783","targetHints":{"allow":["GET"]}}],"collection":[{"href":"https:\/\/www.vita.sk\/en\/wp-json\/wp\/v2\/product"}],"about":[{"href":"https:\/\/www.vita.sk\/en\/wp-json\/wp\/v2\/types\/product"}],"author":[{"embeddable":true,"href":"https:\/\/www.vita.sk\/en\/wp-json\/wp\/v2\/users\/4"}],"replies":[{"embeddable":true,"href":"https:\/\/www.vita.sk\/en\/wp-json\/wp\/v2\/comments?post=783"}],"wp:featuredmedia":[{"embeddable":true,"href":"https:\/\/www.vita.sk\/en\/wp-json\/wp\/v2\/media\/960"}],"wp:attachment":[{"href":"https:\/\/www.vita.sk\/en\/wp-json\/wp\/v2\/media?parent=783"}],"wp:term":[{"taxonomy":"product_brand","embeddable":true,"href":"https:\/\/www.vita.sk\/en\/wp-json\/wp\/v2\/product_brand?post=783"},{"taxonomy":"product_cat","embeddable":true,"href":"https:\/\/www.vita.sk\/en\/wp-json\/wp\/v2\/product_cat?post=783"},{"taxonomy":"product_tag","embeddable":true,"href":"https:\/\/www.vita.sk\/en\/wp-json\/wp\/v2\/product_tag?post=783"}],"curies":[{"name":"wp","href":"https:\/\/api.w.org\/{rel}","templated":true}]}}