{"id":787,"date":"2021-07-26T17:48:12","date_gmt":"2021-07-26T15:48:12","guid":{"rendered":"http:\/\/vita.sk.vps324.nameserver.sk\/?post_type=product&#038;p=787"},"modified":"2024-10-20T18:47:56","modified_gmt":"2024-10-20T16:47:56","slug":"online-kurz-html-css-i-zaciatocnik","status":"publish","type":"product","link":"https:\/\/www.vita.sk\/en\/online-kurz-html-css-i-zaciatocnik\/","title":{"rendered":"Online kurz HTML, CSS I. Za\u010diato\u010dn\u00edk"},"content":{"rendered":"<p>Online kurz HTML, CSS I. Za\u010diato\u010dn\u00edk je pre v\u00e1s ide\u00e1lny, ak sa chcete nau\u010di\u0165 z\u00e1klady tvorby webov\u00fdch str\u00e1nok pomocou HTML a CSS. <strong>Ide o jedin\u00fd akreditovan\u00fd a certifikovan\u00fd kurz na HTML, CSS na Slovensku.<\/strong> V tomto kurze sa obozn\u00e1mite s k\u013e\u00fa\u010dov\u00fdmi konceptmi \u0161trukt\u00farovania obsahu str\u00e1nky pomocou HTML zna\u010diek a so \u0161t\u00fdlovan\u00edm dizajnu pomocou CSS. Nau\u010d\u00edte sa ovl\u00e1da\u0165 v\u00fdvojov\u00e9 prostredie Netbeans, editor PSPad, WebStorm a TopStyle, ktor\u00e9 v\u00e1m pom\u00f4\u017eu r\u00fdchlo a efekt\u00edvne vytv\u00e1ra\u0165 internetov\u00e9 str\u00e1nky. Budete vytv\u00e1ra\u0165 jednoduch\u00e9 a preh\u013eadn\u00e9 webov\u00e9 str\u00e1nky, pou\u017e\u00edva\u0165 form\u00e1tovanie textu, obr\u00e1zkov a odkazov. Osvoj\u00edte si z\u00e1kladn\u00fa \u0161trukt\u00faru HTML, v\u010faka \u010domu budete vedie\u0165 vytv\u00e1ra\u0165 titulky, nadpisy \u010di odstavce. Budete vedie\u0165 pou\u017e\u00edva\u0165 HTML zna\u010dky pre tvorbu obsahu a form\u00e1tovanie textu. Uk\u00e1\u017eeme si \u0161trukt\u00faru CSS k\u00f3du a sp\u00f4sobu, ak\u00fdm sa \u0161t\u00fdly aplikuj\u00fa na HTML dokument. Nau\u010d\u00edte sa pracova\u0165 s selektormi, aplikova\u0165 \u0161t\u00fdly a pracova\u0165 s box modelom. Dozviete sa, ako z\u00edskate a umiestnite obr\u00e1zky na web str\u00e1nku. Ak sa chcete skuto\u010dne nau\u010di\u0165 pou\u017e\u00edva\u0165 HTML, CSS, tak toto je ide\u00e1lny vstupn\u00fd online kurz pre v\u00e1s. Kurz v\u00e1m poskytne pevn\u00e9 z\u00e1klady pre \u010fal\u0161ie \u0161t\u00fadium webdizajnu a v\u00fdvoja str\u00e1nok.<\/p>\n","protected":false},"excerpt":{"rendered":"<p>Online kurz HTML, CSS I. Za\u010diato\u010dn\u00edk je pre v\u00e1s ide\u00e1lny, ak sa chcete nau\u010di\u0165 z\u00e1klady tvorby webov\u00fdch str\u00e1nok pomocou HTML a CSS. Ide o jedin\u00fd akreditovan\u00fd a certifikovan\u00fd kurz na HTML, CSS na Slovensku. V tomto kurze sa obozn\u00e1mite s k\u013e\u00fa\u010dov\u00fdmi konceptmi \u0161trukt\u00farovania obsahu str\u00e1nky pomocou HTML zna\u010diek a so \u0161t\u00fdlovan\u00edm dizajnu pomocou CSS.","protected":false},"author":4,"featured_media":988,"comment_status":"open","ping_status":"closed","template":"","meta":{"_acf_changed":false},"product_brand":[],"product_cat":[115,114,73],"product_tag":[193],"class_list":{"0":"post-787","1":"product","2":"type-product","3":"status-publish","4":"has-post-thumbnail","6":"product_cat-online-kurzy-html-css","7":"product_cat-online-kurzy-tvorba-web-stranok","8":"product_cat-bez-kategorie","9":"product_tag-tvorba-web-stranok","11":"first","12":"instock","13":"sale","14":"sold-individually","15":"taxable","16":"shipping-taxable","17":"purchasable","18":"product-type-simple"},"yoast_head":"<!-- This site is optimized with the Yoast SEO Premium plugin v25.0 (Yoast SEO v25.0) - https:\/\/yoast.com\/wordpress\/plugins\/seo\/ -->\n<title>Online kurz HTML a CSS pre za\u010diato\u010dn\u00edkov  | VITA<\/title>\n<meta name=\"description\" content=\"V online kurze HTML\/CSS I. Za\u010diato\u010dn\u00edk sa nau\u010d\u00edte z\u00e1klady tvorby webov\u00fdch str\u00e1nok pomocou HTML a CSS od z\u00e1kladov. \u2705\" \/>\n<meta name=\"robots\" content=\"index, follow, max-snippet:-1, max-image-preview:large, max-video-preview:-1\" \/>\n<link rel=\"canonical\" href=\"https:\/\/www.vita.sk\/online-kurz-html-css-i-zaciatocnik\/\" \/>\n<meta property=\"og:locale\" content=\"en_US\" \/>\n<meta property=\"og:type\" content=\"article\" \/>\n<meta property=\"og:title\" content=\"Online kurz HTML, CSS I. Za\u010diato\u010dn\u00edk\" \/>\n<meta property=\"og:description\" content=\"V online kurze HTML\/CSS I. Za\u010diato\u010dn\u00edk sa nau\u010d\u00edte z\u00e1klady tvorby webov\u00fdch str\u00e1nok pomocou HTML a CSS od z\u00e1kladov. \u2705\" \/>\n<meta property=\"og:url\" content=\"https:\/\/www.vita.sk\/online-kurz-html-css-i-zaciatocnik\/\" \/>\n<meta property=\"og:site_name\" content=\"VITA\" \/>\n<meta property=\"article:publisher\" content=\"https:\/\/www.facebook.com\/VitaAcademySK\" \/>\n<meta property=\"article:modified_time\" content=\"2024-10-20T16:47:56+00:00\" \/>\n<meta property=\"og:image\" content=\"https:\/\/www.vita.sk\/wp-content\/uploads\/2019\/07\/xhtml-2.png\" \/>\n\t<meta property=\"og:image:width\" content=\"360\" \/>\n\t<meta property=\"og:image:height\" content=\"360\" \/>\n\t<meta property=\"og:image:type\" content=\"image\/png\" \/>\n<meta name=\"twitter:card\" content=\"summary_large_image\" \/>\n<meta name=\"twitter:label1\" content=\"Est. reading time\" \/>\n\t<meta name=\"twitter:data1\" content=\"1 minute\" \/>\n<script type=\"application\/ld+json\" class=\"yoast-schema-graph\">{\n\t    \"@context\": \"https:\/\/schema.org\",\n\t    \"@graph\": [\n\t        {\n\t            \"@type\": \"WebPage\",\n\t            \"@id\": \"https:\/\/www.vita.sk\/online-kurz-html-css-i-zaciatocnik\/\",\n\t            \"url\": \"https:\/\/www.vita.sk\/online-kurz-html-css-i-zaciatocnik\/\",\n\t            \"name\": \"Online kurz HTML a CSS pre za\u010diato\u010dn\u00edkov 2024 | VITA\",\n\t            \"isPartOf\": {\n\t                \"@id\": \"https:\/\/www.vita.sk\/#website\"\n\t            },\n\t            \"primaryImageOfPage\": {\n\t                \"@id\": \"https:\/\/www.vita.sk\/online-kurz-html-css-i-zaciatocnik\/#primaryimage\"\n\t            },\n\t            \"image\": {\n\t                \"@id\": \"https:\/\/www.vita.sk\/online-kurz-html-css-i-zaciatocnik\/#primaryimage\"\n\t            },\n\t            \"thumbnailUrl\": \"https:\/\/www.vita.sk\/wp-content\/uploads\/2019\/07\/xhtml-2.png\",\n\t            \"datePublished\": \"2021-07-26T15:48:12+00:00\",\n\t            \"dateModified\": \"2024-10-20T16:47:56+00:00\",\n\t            \"description\": \"V online kurze HTML\/CSS I. Za\u010diato\u010dn\u00edk sa nau\u010d\u00edte z\u00e1klady tvorby webov\u00fdch str\u00e1nok pomocou HTML a CSS od z\u00e1kladov. \u2705\",\n\t            \"breadcrumb\": {\n\t                \"@id\": \"https:\/\/www.vita.sk\/online-kurz-html-css-i-zaciatocnik\/#breadcrumb\"\n\t            },\n\t            \"inLanguage\": \"en-US\",\n\t            \"potentialAction\": [\n\t                {\n\t                    \"@type\": \"ReadAction\",\n\t                    \"target\": [\n\t                        \"https:\/\/www.vita.sk\/online-kurz-html-css-i-zaciatocnik\/\"\n\t                    ]\n\t                }\n\t            ]\n\t        },\n\t        {\n\t            \"@type\": \"ImageObject\",\n\t            \"inLanguage\": \"en-US\",\n\t            \"@id\": \"https:\/\/www.vita.sk\/online-kurz-html-css-i-zaciatocnik\/#primaryimage\",\n\t            \"url\": \"https:\/\/www.vita.sk\/wp-content\/uploads\/2019\/07\/xhtml-2.png\",\n\t            \"contentUrl\": \"https:\/\/www.vita.sk\/wp-content\/uploads\/2019\/07\/xhtml-2.png\",\n\t            \"width\": 360,\n\t            \"height\": 360,\n\t            \"caption\": \"Online kurz XHTML\"\n\t        },\n\t        {\n\t            \"@type\": \"BreadcrumbList\",\n\t            \"@id\": \"https:\/\/www.vita.sk\/online-kurz-html-css-i-zaciatocnik\/#breadcrumb\",\n\t            \"itemListElement\": [\n\t                {\n\t                    \"@type\": \"ListItem\",\n\t                    \"position\": 1,\n\t                    \"name\": \"VITA Academy\",\n\t                    \"item\": \"https:\/\/www.vita.sk\/en\/\"\n\t                },\n\t                {\n\t                    \"@type\": \"ListItem\",\n\t                    \"position\": 2,\n\t                    \"name\": \"Shop\",\n\t                    \"item\": \"https:\/\/www.vita.sk\/shop\/\"\n\t                },\n\t                {\n\t                    \"@type\": \"ListItem\",\n\t                    \"position\": 3,\n\t                    \"name\": \"Tvorba Web Str\u00e1nok\",\n\t                    \"item\": \"https:\/\/www.vita.sk\/online-kurzy-tvorba-web-stranok\/\"\n\t                },\n\t                {\n\t                    \"@type\": \"ListItem\",\n\t                    \"position\": 4,\n\t                    \"name\": \"HTML, CSS\",\n\t                    \"item\": \"https:\/\/www.vita.sk\/online-kurzy-html-css\/\"\n\t                },\n\t                {\n\t                    \"@type\": \"ListItem\",\n\t                    \"position\": 5,\n\t                    \"name\": \"Online kurz HTML, CSS I. Za\u010diato\u010dn\u00edk\"\n\t                }\n\t            ]\n\t        },\n\t        {\n\t            \"@type\": \"WebSite\",\n\t            \"@id\": \"https:\/\/www.vita.sk\/#website\",\n\t            \"url\": \"https:\/\/www.vita.sk\/\",\n\t            \"name\": \"VITA\",\n\t            \"description\": \"\",\n\t            \"publisher\": {\n\t                \"@id\": \"https:\/\/www.vita.sk\/#organization\"\n\t            },\n\t            \"potentialAction\": [\n\t                {\n\t                    \"@type\": \"SearchAction\",\n\t                    \"target\": {\n\t                        \"@type\": \"EntryPoint\",\n\t                        \"urlTemplate\": \"https:\/\/www.vita.sk\/?s={search_term_string}\"\n\t                    },\n\t                    \"query-input\": {\n\t                        \"@type\": \"PropertyValueSpecification\",\n\t                        \"valueRequired\": true,\n\t                        \"valueName\": \"search_term_string\"\n\t                    }\n\t                }\n\t            ],\n\t            \"inLanguage\": \"en-US\"\n\t        },\n\t        {\n\t            \"email\": \"admin@vita.sk\",\n\t            \"logo\": \"https:\/\/www.vita.sk\/img\/vita_logo.png \",\n\t            \"address\": {\n\t                \"type\": \"PostalAddress\",\n\t                \"streetAddress\": \"Tom\u00e1\u0161ikova 50\/A\",\n\t                \"addressLocality\": \"Bratislava\",\n\t                \"postalCode\": \"83104\",\n\t                \"addressCountry\": {\n\t                    \"name\": \"SK\",\n\t                    \"type\": \"Country\"\n\t                }\n\t            },\n\t            \"contactPoint\": {\n\t                \"type\": \"ContactPoint\",\n\t                \"telephone\": \"+421 907 375\u00a0543\",\n\t                \"Email\": \"admin@vita.sk\",\n\t                \"contactType\": \"customer service\"\n\t            },\n\t            \"sameAs\": [\n\t                \"https:\/\/www.facebook.com\/VitaAcademySK\/\",\n\t                \"https:\/\/www.linkedin.com\/company\/vita-academy\/\"\n\t            ]\n\t        }\n\t    ]\n\t}<\/script>\n<!-- \/ Yoast SEO Premium plugin. -->","yoast_head_json":{"title":"Online kurz HTML a CSS pre za\u010diato\u010dn\u00edkov  | VITA","description":"V online kurze HTML\/CSS I. Za\u010diato\u010dn\u00edk sa nau\u010d\u00edte z\u00e1klady tvorby webov\u00fdch str\u00e1nok pomocou HTML a CSS od z\u00e1kladov. \u2705","robots":{"index":"index","follow":"follow","max-snippet":"max-snippet:-1","max-image-preview":"max-image-preview:large","max-video-preview":"max-video-preview:-1"},"canonical":"https:\/\/www.vita.sk\/online-kurz-html-css-i-zaciatocnik\/","og_locale":"en_US","og_type":"article","og_title":"Online kurz HTML, CSS I. Za\u010diato\u010dn\u00edk","og_description":"V online kurze HTML\/CSS I. Za\u010diato\u010dn\u00edk sa nau\u010d\u00edte z\u00e1klady tvorby webov\u00fdch str\u00e1nok pomocou HTML a CSS od z\u00e1kladov. \u2705","og_url":"https:\/\/www.vita.sk\/online-kurz-html-css-i-zaciatocnik\/","og_site_name":"VITA","article_publisher":"https:\/\/www.facebook.com\/VitaAcademySK","article_modified_time":"2024-10-20T16:47:56+00:00","og_image":[{"width":360,"height":360,"url":"https:\/\/www.vita.sk\/wp-content\/uploads\/2019\/07\/xhtml-2.png","type":"image\/png"}],"twitter_card":"summary_large_image","twitter_misc":{"Est. reading time":"1 minute"},"schema":{"@context":"https:\/\/schema.org","@graph":[{"@type":"WebPage","@id":"https:\/\/www.vita.sk\/online-kurz-html-css-i-zaciatocnik\/","url":"https:\/\/www.vita.sk\/online-kurz-html-css-i-zaciatocnik\/","name":"Online kurz HTML a CSS pre za\u010diato\u010dn\u00edkov 2024 | VITA","isPartOf":{"@id":"https:\/\/www.vita.sk\/#website"},"primaryImageOfPage":{"@id":"https:\/\/www.vita.sk\/online-kurz-html-css-i-zaciatocnik\/#primaryimage"},"image":{"@id":"https:\/\/www.vita.sk\/online-kurz-html-css-i-zaciatocnik\/#primaryimage"},"thumbnailUrl":"https:\/\/www.vita.sk\/wp-content\/uploads\/2019\/07\/xhtml-2.png","datePublished":"2021-07-26T15:48:12+00:00","dateModified":"2024-10-20T16:47:56+00:00","description":"V online kurze HTML\/CSS I. Za\u010diato\u010dn\u00edk sa nau\u010d\u00edte z\u00e1klady tvorby webov\u00fdch str\u00e1nok pomocou HTML a CSS od z\u00e1kladov. \u2705","breadcrumb":{"@id":"https:\/\/www.vita.sk\/online-kurz-html-css-i-zaciatocnik\/#breadcrumb"},"inLanguage":"en-US","potentialAction":[{"@type":"ReadAction","target":["https:\/\/www.vita.sk\/online-kurz-html-css-i-zaciatocnik\/"]}]},{"@type":"ImageObject","inLanguage":"en-US","@id":"https:\/\/www.vita.sk\/online-kurz-html-css-i-zaciatocnik\/#primaryimage","url":"https:\/\/www.vita.sk\/wp-content\/uploads\/2019\/07\/xhtml-2.png","contentUrl":"https:\/\/www.vita.sk\/wp-content\/uploads\/2019\/07\/xhtml-2.png","width":360,"height":360,"caption":"Online kurz XHTML"},{"@type":"BreadcrumbList","@id":"https:\/\/www.vita.sk\/online-kurz-html-css-i-zaciatocnik\/#breadcrumb","itemListElement":[{"@type":"ListItem","position":1,"name":"VITA Academy","item":"https:\/\/www.vita.sk\/en\/"},{"@type":"ListItem","position":2,"name":"Shop","item":"https:\/\/www.vita.sk\/shop\/"},{"@type":"ListItem","position":3,"name":"Tvorba Web Str\u00e1nok","item":"https:\/\/www.vita.sk\/online-kurzy-tvorba-web-stranok\/"},{"@type":"ListItem","position":4,"name":"HTML, CSS","item":"https:\/\/www.vita.sk\/online-kurzy-html-css\/"},{"@type":"ListItem","position":5,"name":"Online kurz HTML, CSS I. Za\u010diato\u010dn\u00edk"}]},{"@type":"WebSite","@id":"https:\/\/www.vita.sk\/#website","url":"https:\/\/www.vita.sk\/","name":"VITA","description":"","publisher":{"@id":"https:\/\/www.vita.sk\/#organization"},"potentialAction":[{"@type":"SearchAction","target":{"@type":"EntryPoint","urlTemplate":"https:\/\/www.vita.sk\/?s={search_term_string}"},"query-input":{"@type":"PropertyValueSpecification","valueRequired":true,"valueName":"search_term_string"}}],"inLanguage":"en-US"},{"email":"admin@vita.sk","logo":"https:\/\/www.vita.sk\/img\/vita_logo.png ","address":{"type":"PostalAddress","streetAddress":"Tom\u00e1\u0161ikova 50\/A","addressLocality":"Bratislava","postalCode":"83104","addressCountry":{"name":"SK","type":"Country"}},"contactPoint":{"type":"ContactPoint","telephone":"+421 907 375\u00a0543","Email":"admin@vita.sk","contactType":"customer service"},"sameAs":["https:\/\/www.facebook.com\/VitaAcademySK\/","https:\/\/www.linkedin.com\/company\/vita-academy\/"]}]}},"acf":[],"_links":{"self":[{"href":"https:\/\/www.vita.sk\/en\/wp-json\/wp\/v2\/product\/787","targetHints":{"allow":["GET"]}}],"collection":[{"href":"https:\/\/www.vita.sk\/en\/wp-json\/wp\/v2\/product"}],"about":[{"href":"https:\/\/www.vita.sk\/en\/wp-json\/wp\/v2\/types\/product"}],"author":[{"embeddable":true,"href":"https:\/\/www.vita.sk\/en\/wp-json\/wp\/v2\/users\/4"}],"replies":[{"embeddable":true,"href":"https:\/\/www.vita.sk\/en\/wp-json\/wp\/v2\/comments?post=787"}],"wp:featuredmedia":[{"embeddable":true,"href":"https:\/\/www.vita.sk\/en\/wp-json\/wp\/v2\/media\/988"}],"wp:attachment":[{"href":"https:\/\/www.vita.sk\/en\/wp-json\/wp\/v2\/media?parent=787"}],"wp:term":[{"taxonomy":"product_brand","embeddable":true,"href":"https:\/\/www.vita.sk\/en\/wp-json\/wp\/v2\/product_brand?post=787"},{"taxonomy":"product_cat","embeddable":true,"href":"https:\/\/www.vita.sk\/en\/wp-json\/wp\/v2\/product_cat?post=787"},{"taxonomy":"product_tag","embeddable":true,"href":"https:\/\/www.vita.sk\/en\/wp-json\/wp\/v2\/product_tag?post=787"}],"curies":[{"name":"wp","href":"https:\/\/api.w.org\/{rel}","templated":true}]}}