{"id":791,"date":"2021-07-29T13:06:50","date_gmt":"2021-07-29T11:06:50","guid":{"rendered":"http:\/\/vita.sk.vps324.nameserver.sk\/?post_type=product&#038;p=791"},"modified":"2024-05-28T11:05:04","modified_gmt":"2024-05-28T09:05:04","slug":"online-kurz-angular-i-zaciatocnik","status":"publish","type":"product","link":"https:\/\/www.vita.sk\/en\/online-kurz-angular-i-zaciatocnik\/","title":{"rendered":"Online kurz Angular I. Za\u010diato\u010dn\u00edk"},"content":{"rendered":"<p>Online kurz Angular I. Za\u010diato\u010dn\u00edk je vhodn\u00fd, ak sa chcete nau\u010di\u0165 pracova\u0165 s frameworkom Angular. <strong>Ide o jedin\u00fd akreditovan\u00fd a certifikovan\u00fd kurz na Angular na Slovensku.<\/strong> Na kurze sa povieme \u010do je Angular, ak\u00e9 s\u00fa jeho verzie a fungovanie. Budete vedie\u0165 pracova\u0165 s Node.js, npm a Angular CLI, n\u00e1strojmi, ktor\u00e9 s\u00fa k\u013e\u00fa\u010dov\u00e9 pre in\u0161tal\u00e1ciu, spr\u00e1vu a v\u00fdvoj Angular projektov. Nau\u010d\u00edte sa spusti\u0165 lok\u00e1lny webov\u00fd server a pou\u017e\u00edva\u0165 Emmet pre r\u00fdchlej\u0161ie p\u00edsanie k\u00f3du. Osvoj\u00edte si pr\u00e1cu s parametrami, exportmi, \u0161abl\u00f3nami a bootstrapom. Nau\u010d\u00edte sa vytv\u00e1ra\u0165 vlastn\u00e9 komponenty, \u0161abl\u00f3ny a funkcie, ktor\u00e9 v\u00e1m umo\u017enia prisp\u00f4sobi\u0165 a roz\u0161\u00edri\u0165 funk\u010dnos\u0165 va\u0161ich aplik\u00e1ci\u00ed. Budete ovl\u00e1da\u0165 architekt\u00fary aplik\u00e1ci\u00ed a hlavn\u00e9 stavebn\u00e9 bloky, aby ste mohli efekt\u00edvne pl\u00e1nova\u0165 a organizova\u0165 svoje projekty. Povieme v\u00e1m, \u010do m\u00e1te testova\u0165 a pre\u010do je to potrebn\u00e9. Ak sa chcete skuto\u010dne nau\u010di\u0165 pou\u017e\u00edva\u0165 Angular, tak toto je ide\u00e1lny online kurz pre v\u00e1s.<\/p>\n","protected":false},"excerpt":{"rendered":"<p>Online kurz Angular I. Za\u010diato\u010dn\u00edk je vhodn\u00fd, ak sa chcete nau\u010di\u0165 pracova\u0165 s frameworkom Angular. Ide o jedin\u00fd akreditovan\u00fd a certifikovan\u00fd kurz na Angular na Slovensku. Na kurze sa povieme \u010do je Angular, ak\u00e9 s\u00fa jeho verzie a fungovanie. Budete vedie\u0165 pracova\u0165 s Node.","protected":false},"author":27,"featured_media":982,"comment_status":"open","ping_status":"closed","template":"","meta":{"_acf_changed":false},"product_brand":[],"product_cat":[117,114,73],"product_tag":[182,193],"class_list":{"0":"post-791","1":"product","2":"type-product","3":"status-publish","4":"has-post-thumbnail","6":"product_cat-online-kurzy-angular","7":"product_cat-online-kurzy-tvorba-web-stranok","8":"product_cat-bez-kategorie","9":"product_tag-vip","10":"product_tag-tvorba-web-stranok","12":"first","13":"instock","14":"sale","15":"sold-individually","16":"taxable","17":"shipping-taxable","18":"purchasable","19":"product-type-simple"},"yoast_head":"<!-- This site is optimized with the Yoast SEO Premium plugin v25.0 (Yoast SEO v25.0) - https:\/\/yoast.com\/wordpress\/plugins\/seo\/ -->\n<title>Online kurz Angular pre za\u010diato\u010dn\u00edkov  | VITA<\/title>\n<meta name=\"description\" content=\"Na online kurze Angular pre za\u010diato\u010dn\u00edkov \u0165a nau\u010d\u00edme \u010do je to MVC a DI, ak\u00e9 s\u00fa v\u00fdhody tohto frameworku, ak\u00e1 je jeho filozofia.\" \/>\n<meta name=\"robots\" content=\"index, follow, max-snippet:-1, max-image-preview:large, max-video-preview:-1\" \/>\n<link rel=\"canonical\" href=\"https:\/\/www.vita.sk\/online-kurz-angular-i-zaciatocnik\/\" \/>\n<meta property=\"og:locale\" content=\"en_US\" \/>\n<meta property=\"og:type\" content=\"article\" \/>\n<meta property=\"og:title\" content=\"Online kurz Angular I. Za\u010diato\u010dn\u00edk\" \/>\n<meta property=\"og:description\" content=\"Na online kurze Angular pre za\u010diato\u010dn\u00edkov \u0165a nau\u010d\u00edme \u010do je to MVC a DI, ak\u00e9 s\u00fa v\u00fdhody tohto frameworku, ak\u00e1 je jeho filozofia.\" \/>\n<meta property=\"og:url\" content=\"https:\/\/www.vita.sk\/online-kurz-angular-i-zaciatocnik\/\" \/>\n<meta property=\"og:site_name\" content=\"VITA\" \/>\n<meta property=\"article:publisher\" content=\"https:\/\/www.facebook.com\/VitaAcademySK\" \/>\n<meta property=\"article:modified_time\" content=\"2024-05-28T09:05:04+00:00\" \/>\n<meta property=\"og:image\" content=\"https:\/\/www.vita.sk\/wp-content\/uploads\/2019\/07\/angular-1.png\" \/>\n\t<meta property=\"og:image:width\" content=\"360\" \/>\n\t<meta property=\"og:image:height\" content=\"360\" \/>\n\t<meta property=\"og:image:type\" content=\"image\/png\" \/>\n<meta name=\"twitter:card\" content=\"summary_large_image\" \/>\n<meta name=\"twitter:label1\" content=\"Est. reading time\" \/>\n\t<meta name=\"twitter:data1\" content=\"1 minute\" \/>\n<script type=\"application\/ld+json\" class=\"yoast-schema-graph\">{\n\t    \"@context\": \"https:\/\/schema.org\",\n\t    \"@graph\": [\n\t        {\n\t            \"@type\": \"WebPage\",\n\t            \"@id\": \"https:\/\/www.vita.sk\/online-kurz-angular-i-zaciatocnik\/\",\n\t            \"url\": \"https:\/\/www.vita.sk\/online-kurz-angular-i-zaciatocnik\/\",\n\t            \"name\": \"Online kurz Angular pre za\u010diato\u010dn\u00edkov 2024 | VITA\",\n\t            \"isPartOf\": {\n\t                \"@id\": \"https:\/\/www.vita.sk\/#website\"\n\t            },\n\t            \"primaryImageOfPage\": {\n\t                \"@id\": \"https:\/\/www.vita.sk\/online-kurz-angular-i-zaciatocnik\/#primaryimage\"\n\t            },\n\t            \"image\": {\n\t                \"@id\": \"https:\/\/www.vita.sk\/online-kurz-angular-i-zaciatocnik\/#primaryimage\"\n\t            },\n\t            \"thumbnailUrl\": \"https:\/\/www.vita.sk\/wp-content\/uploads\/2019\/07\/angular-1.png\",\n\t            \"datePublished\": \"2021-07-29T11:06:50+00:00\",\n\t            \"dateModified\": \"2024-05-28T09:05:04+00:00\",\n\t            \"description\": \"Na online kurze Angular pre za\u010diato\u010dn\u00edkov \u0165a nau\u010d\u00edme \u010do je to MVC a DI, ak\u00e9 s\u00fa v\u00fdhody tohto frameworku, ak\u00e1 je jeho filozofia.\",\n\t            \"breadcrumb\": {\n\t                \"@id\": \"https:\/\/www.vita.sk\/online-kurz-angular-i-zaciatocnik\/#breadcrumb\"\n\t            },\n\t            \"inLanguage\": \"en-US\",\n\t            \"potentialAction\": [\n\t                {\n\t                    \"@type\": \"ReadAction\",\n\t                    \"target\": [\n\t                        \"https:\/\/www.vita.sk\/online-kurz-angular-i-zaciatocnik\/\"\n\t                    ]\n\t                }\n\t            ]\n\t        },\n\t        {\n\t            \"@type\": \"ImageObject\",\n\t            \"inLanguage\": \"en-US\",\n\t            \"@id\": \"https:\/\/www.vita.sk\/online-kurz-angular-i-zaciatocnik\/#primaryimage\",\n\t            \"url\": \"https:\/\/www.vita.sk\/wp-content\/uploads\/2019\/07\/angular-1.png\",\n\t            \"contentUrl\": \"https:\/\/www.vita.sk\/wp-content\/uploads\/2019\/07\/angular-1.png\",\n\t            \"width\": 360,\n\t            \"height\": 360,\n\t            \"caption\": \"Online kurz Angular\"\n\t        },\n\t        {\n\t            \"@type\": \"BreadcrumbList\",\n\t            \"@id\": \"https:\/\/www.vita.sk\/online-kurz-angular-i-zaciatocnik\/#breadcrumb\",\n\t            \"itemListElement\": [\n\t                {\n\t                    \"@type\": \"ListItem\",\n\t                    \"position\": 1,\n\t                    \"name\": \"VITA Academy\",\n\t                    \"item\": \"https:\/\/www.vita.sk\/en\/\"\n\t                },\n\t                {\n\t                    \"@type\": \"ListItem\",\n\t                    \"position\": 2,\n\t                    \"name\": \"Shop\",\n\t                    \"item\": \"https:\/\/www.vita.sk\/shop\/\"\n\t                },\n\t                {\n\t                    \"@type\": \"ListItem\",\n\t                    \"position\": 3,\n\t                    \"name\": \"Tvorba Web Str\u00e1nok\",\n\t                    \"item\": \"https:\/\/www.vita.sk\/online-kurzy-tvorba-web-stranok\/\"\n\t                },\n\t                {\n\t                    \"@type\": \"ListItem\",\n\t                    \"position\": 4,\n\t                    \"name\": \"Angular\",\n\t                    \"item\": \"https:\/\/www.vita.sk\/online-kurzy-angular\/\"\n\t                },\n\t                {\n\t                    \"@type\": \"ListItem\",\n\t                    \"position\": 5,\n\t                    \"name\": \"Online kurz Angular I. Za\u010diato\u010dn\u00edk\"\n\t                }\n\t            ]\n\t        },\n\t        {\n\t            \"@type\": \"WebSite\",\n\t            \"@id\": \"https:\/\/www.vita.sk\/#website\",\n\t            \"url\": \"https:\/\/www.vita.sk\/\",\n\t            \"name\": \"VITA\",\n\t            \"description\": \"\",\n\t            \"publisher\": {\n\t                \"@id\": \"https:\/\/www.vita.sk\/#organization\"\n\t            },\n\t            \"potentialAction\": [\n\t                {\n\t                    \"@type\": \"SearchAction\",\n\t                    \"target\": {\n\t                        \"@type\": \"EntryPoint\",\n\t                        \"urlTemplate\": \"https:\/\/www.vita.sk\/?s={search_term_string}\"\n\t                    },\n\t                    \"query-input\": {\n\t                        \"@type\": \"PropertyValueSpecification\",\n\t                        \"valueRequired\": true,\n\t                        \"valueName\": \"search_term_string\"\n\t                    }\n\t                }\n\t            ],\n\t            \"inLanguage\": \"en-US\"\n\t        },\n\t        {\n\t            \"email\": \"admin@vita.sk\",\n\t            \"logo\": \"https:\/\/www.vita.sk\/img\/vita_logo.png \",\n\t            \"address\": {\n\t                \"type\": \"PostalAddress\",\n\t                \"streetAddress\": \"Tom\u00e1\u0161ikova 50\/A\",\n\t                \"addressLocality\": \"Bratislava\",\n\t                \"postalCode\": \"83104\",\n\t                \"addressCountry\": {\n\t                    \"name\": \"SK\",\n\t                    \"type\": \"Country\"\n\t                }\n\t            },\n\t            \"contactPoint\": {\n\t                \"type\": \"ContactPoint\",\n\t                \"telephone\": \"+421 907 375\u00a0543\",\n\t                \"Email\": \"admin@vita.sk\",\n\t                \"contactType\": \"customer service\"\n\t            },\n\t            \"sameAs\": [\n\t                \"https:\/\/www.facebook.com\/VitaAcademySK\/\",\n\t                \"https:\/\/www.linkedin.com\/company\/vita-academy\/\"\n\t            ]\n\t        }\n\t    ]\n\t}<\/script>\n<!-- \/ Yoast SEO Premium plugin. -->","yoast_head_json":{"title":"Online kurz Angular pre za\u010diato\u010dn\u00edkov  | VITA","description":"Na online kurze Angular pre za\u010diato\u010dn\u00edkov \u0165a nau\u010d\u00edme \u010do je to MVC a DI, ak\u00e9 s\u00fa v\u00fdhody tohto frameworku, ak\u00e1 je jeho filozofia.","robots":{"index":"index","follow":"follow","max-snippet":"max-snippet:-1","max-image-preview":"max-image-preview:large","max-video-preview":"max-video-preview:-1"},"canonical":"https:\/\/www.vita.sk\/online-kurz-angular-i-zaciatocnik\/","og_locale":"en_US","og_type":"article","og_title":"Online kurz Angular I. Za\u010diato\u010dn\u00edk","og_description":"Na online kurze Angular pre za\u010diato\u010dn\u00edkov \u0165a nau\u010d\u00edme \u010do je to MVC a DI, ak\u00e9 s\u00fa v\u00fdhody tohto frameworku, ak\u00e1 je jeho filozofia.","og_url":"https:\/\/www.vita.sk\/online-kurz-angular-i-zaciatocnik\/","og_site_name":"VITA","article_publisher":"https:\/\/www.facebook.com\/VitaAcademySK","article_modified_time":"2024-05-28T09:05:04+00:00","og_image":[{"width":360,"height":360,"url":"https:\/\/www.vita.sk\/wp-content\/uploads\/2019\/07\/angular-1.png","type":"image\/png"}],"twitter_card":"summary_large_image","twitter_misc":{"Est. reading time":"1 minute"},"schema":{"@context":"https:\/\/schema.org","@graph":[{"@type":"WebPage","@id":"https:\/\/www.vita.sk\/online-kurz-angular-i-zaciatocnik\/","url":"https:\/\/www.vita.sk\/online-kurz-angular-i-zaciatocnik\/","name":"Online kurz Angular pre za\u010diato\u010dn\u00edkov 2024 | VITA","isPartOf":{"@id":"https:\/\/www.vita.sk\/#website"},"primaryImageOfPage":{"@id":"https:\/\/www.vita.sk\/online-kurz-angular-i-zaciatocnik\/#primaryimage"},"image":{"@id":"https:\/\/www.vita.sk\/online-kurz-angular-i-zaciatocnik\/#primaryimage"},"thumbnailUrl":"https:\/\/www.vita.sk\/wp-content\/uploads\/2019\/07\/angular-1.png","datePublished":"2021-07-29T11:06:50+00:00","dateModified":"2024-05-28T09:05:04+00:00","description":"Na online kurze Angular pre za\u010diato\u010dn\u00edkov \u0165a nau\u010d\u00edme \u010do je to MVC a DI, ak\u00e9 s\u00fa v\u00fdhody tohto frameworku, ak\u00e1 je jeho filozofia.","breadcrumb":{"@id":"https:\/\/www.vita.sk\/online-kurz-angular-i-zaciatocnik\/#breadcrumb"},"inLanguage":"en-US","potentialAction":[{"@type":"ReadAction","target":["https:\/\/www.vita.sk\/online-kurz-angular-i-zaciatocnik\/"]}]},{"@type":"ImageObject","inLanguage":"en-US","@id":"https:\/\/www.vita.sk\/online-kurz-angular-i-zaciatocnik\/#primaryimage","url":"https:\/\/www.vita.sk\/wp-content\/uploads\/2019\/07\/angular-1.png","contentUrl":"https:\/\/www.vita.sk\/wp-content\/uploads\/2019\/07\/angular-1.png","width":360,"height":360,"caption":"Online kurz Angular"},{"@type":"BreadcrumbList","@id":"https:\/\/www.vita.sk\/online-kurz-angular-i-zaciatocnik\/#breadcrumb","itemListElement":[{"@type":"ListItem","position":1,"name":"VITA Academy","item":"https:\/\/www.vita.sk\/en\/"},{"@type":"ListItem","position":2,"name":"Shop","item":"https:\/\/www.vita.sk\/shop\/"},{"@type":"ListItem","position":3,"name":"Tvorba Web Str\u00e1nok","item":"https:\/\/www.vita.sk\/online-kurzy-tvorba-web-stranok\/"},{"@type":"ListItem","position":4,"name":"Angular","item":"https:\/\/www.vita.sk\/online-kurzy-angular\/"},{"@type":"ListItem","position":5,"name":"Online kurz Angular I. Za\u010diato\u010dn\u00edk"}]},{"@type":"WebSite","@id":"https:\/\/www.vita.sk\/#website","url":"https:\/\/www.vita.sk\/","name":"VITA","description":"","publisher":{"@id":"https:\/\/www.vita.sk\/#organization"},"potentialAction":[{"@type":"SearchAction","target":{"@type":"EntryPoint","urlTemplate":"https:\/\/www.vita.sk\/?s={search_term_string}"},"query-input":{"@type":"PropertyValueSpecification","valueRequired":true,"valueName":"search_term_string"}}],"inLanguage":"en-US"},{"email":"admin@vita.sk","logo":"https:\/\/www.vita.sk\/img\/vita_logo.png ","address":{"type":"PostalAddress","streetAddress":"Tom\u00e1\u0161ikova 50\/A","addressLocality":"Bratislava","postalCode":"83104","addressCountry":{"name":"SK","type":"Country"}},"contactPoint":{"type":"ContactPoint","telephone":"+421 907 375\u00a0543","Email":"admin@vita.sk","contactType":"customer service"},"sameAs":["https:\/\/www.facebook.com\/VitaAcademySK\/","https:\/\/www.linkedin.com\/company\/vita-academy\/"]}]}},"acf":[],"_links":{"self":[{"href":"https:\/\/www.vita.sk\/en\/wp-json\/wp\/v2\/product\/791","targetHints":{"allow":["GET"]}}],"collection":[{"href":"https:\/\/www.vita.sk\/en\/wp-json\/wp\/v2\/product"}],"about":[{"href":"https:\/\/www.vita.sk\/en\/wp-json\/wp\/v2\/types\/product"}],"author":[{"embeddable":true,"href":"https:\/\/www.vita.sk\/en\/wp-json\/wp\/v2\/users\/27"}],"replies":[{"embeddable":true,"href":"https:\/\/www.vita.sk\/en\/wp-json\/wp\/v2\/comments?post=791"}],"wp:featuredmedia":[{"embeddable":true,"href":"https:\/\/www.vita.sk\/en\/wp-json\/wp\/v2\/media\/982"}],"wp:attachment":[{"href":"https:\/\/www.vita.sk\/en\/wp-json\/wp\/v2\/media?parent=791"}],"wp:term":[{"taxonomy":"product_brand","embeddable":true,"href":"https:\/\/www.vita.sk\/en\/wp-json\/wp\/v2\/product_brand?post=791"},{"taxonomy":"product_cat","embeddable":true,"href":"https:\/\/www.vita.sk\/en\/wp-json\/wp\/v2\/product_cat?post=791"},{"taxonomy":"product_tag","embeddable":true,"href":"https:\/\/www.vita.sk\/en\/wp-json\/wp\/v2\/product_tag?post=791"}],"curies":[{"name":"wp","href":"https:\/\/api.w.org\/{rel}","templated":true}]}}