{"id":7951,"date":"2021-11-05T13:04:46","date_gmt":"2021-11-05T12:04:46","guid":{"rendered":"https:\/\/www.vita.sk\/?post_type=product&#038;p=7951"},"modified":"2026-01-21T18:16:37","modified_gmt":"2026-01-21T17:16:37","slug":"online-kurz-personalistika-rozhodovanie-i-zaciatocnik","status":"publish","type":"product","link":"https:\/\/www.vita.sk\/en\/online-kurz-personalistika-rozhodovanie-i-zaciatocnik\/","title":{"rendered":"Online kurz Personalistika a Rozhodovanie I. Za\u010diato\u010dn\u00edk"},"content":{"rendered":"<p>Online kurz Personalistika a Rozhodovanie I. Za\u010diato\u010dn\u00edk je pre v\u00e1s ide\u00e1lny, ak sa chcete nau\u010di\u0165 z\u00e1klady personalistiky, pochopi\u0165 \u00falohu personalistu v organiz\u00e1cii a z\u00edska\u0165 systematick\u00fd preh\u013ead o rozhodovan\u00ed v oblasti riadenia \u013eudsk\u00fdch zdrojov. <strong>Ide o certifikovan\u00fd kurz na Personalistiku a Rozhodovanie. <\/strong>Zameriava sa na pochopenie personalistiky ako riadiacej discipl\u00edny, jej v\u00fdznam v organiz\u00e1cii a prepojenie person\u00e1lnych rozhodnut\u00ed s fungovan\u00edm t\u00edmov a celej firmy. Nau\u010d\u00edme sa, \u010do personalistika zah\u0155\u0148a, ak\u00e9 s\u00fa z\u00e1kladn\u00e9 \u00falohy personalistu a mana\u017e\u00e9ra \u013eudsk\u00fdch zdrojov a ak\u00e9 vedomosti a zru\u010dnosti s\u00fa nevyhnutn\u00e9 pre v\u00fdkon tejto poz\u00edcie. D\u00f4le\u017eitou s\u00fa\u010das\u0165ou kurzu je pr\u00e1ca so soci\u00e1lnymi a profesijn\u00fdmi sie\u0165ami v HR, kde sa zameriavame na vyu\u017eitie LinkedInu, Facebooku, Instagramu a Google Firemn\u00e9ho profilu z poh\u013eadu employer brandingu, komunik\u00e1cie so z\u00e1ujemcami o pr\u00e1cu a budovania zna\u010dky zamestn\u00e1vate\u013ea. Pozornos\u0165 venujeme spr\u00e1vnemu nastaveniu profilov, tvorbe obsahu, pl\u00e1novaniu a automatiz\u00e1cii pr\u00edspevkov, vyhodnocovaniu komunik\u00e1cie a anal\u00fdze konkurencie v online priestore. Kurz z\u00e1rove\u0148 poskytuje pevn\u00e9 z\u00e1klady v oblasti pracovnopr\u00e1vnej legislat\u00edvy, kde sa obozn\u00e1mime so z\u00e1kladn\u00fdmi z\u00e1sadami Z\u00e1konn\u00edka pr\u00e1ce, rie\u0161en\u00edm pracovnopr\u00e1vnych situ\u00e1ci\u00ed, sledovan\u00edm doch\u00e1dzky, riaden\u00edm absenci\u00ed a pr\u00e1cou s \u010dasov\u00fdmi v\u00fdkazmi. S\u00fa\u010das\u0165ou obsahu je aj problematika pracovnej zmluvy, jej pr\u00e1vnych n\u00e1le\u017eitost\u00ed a riz\u00edk, na ktor\u00e9 je potrebn\u00e9 si da\u0165 pozor v person\u00e1lnej praxi. V\u00fdznamn\u00fa \u010das\u0165 kurzu tvor\u00ed t\u00e9ma sp\u00e4tnej v\u00e4zby, rozvoja zamestnancov a pr\u00e1ce s t\u00edmom, kde sa zameriavame na poskytovanie kon\u0161trukt\u00edvnej sp\u00e4tnej v\u00e4zby, zvl\u00e1danie kritiky, pl\u00e1novanie teambuildingov a nastavovanie efekt\u00edvneho vzdel\u00e1vania zamestnancov s d\u00f4razom na zvl\u00e1danie z\u00e1\u0165a\u017ee a stresu. Kurz poskytuje ucelen\u00fd a prakticky orientovan\u00fd poh\u013ead na personalistiku a rozhodovanie v HR, ktor\u00fd vytv\u00e1ra pevn\u00fd z\u00e1klad pre \u010fal\u0161ie vzdel\u00e1vanie a odborn\u00fd rast v tejto oblasti. Ak sa chcete skuto\u010dne nau\u010di\u0165 z\u00e1klady personalistiky a sta\u0165 sa personalistom alebo HR \u0161pecialistom, tak toto je ide\u00e1lny vstupn\u00fd online kurz pre v\u00e1s.<\/p>\n","protected":false},"excerpt":{"rendered":"<p>Online kurz Personalistika a Rozhodovanie I. Za\u010diato\u010dn\u00edk v\u00e1s nau\u010d\u00ed z\u00e1klady personalistiky, rozhodovania v HR, pr\u00e1ce so soci\u00e1lnymi sie\u0165ami, pracovnopr\u00e1vnou legislat\u00edvou a riaden\u00edm zamestnancov v organiz\u00e1cii.","protected":false},"author":4,"featured_media":4217,"comment_status":"open","ping_status":"closed","template":"","meta":{"_acf_changed":false},"product_brand":[],"product_cat":[464,84,73],"product_tag":[191],"class_list":{"0":"post-7951","1":"product","2":"type-product","3":"status-publish","4":"has-post-thumbnail","6":"product_cat-personalistika-a-rozhodovanie","7":"product_cat-online-kurzy-manazerske-kurzy-soft-skills","8":"product_cat-bez-kategorie","9":"product_tag-manazerske-kurzy","11":"first","12":"instock","13":"sale","14":"sold-individually","15":"taxable","16":"shipping-taxable","17":"purchasable","18":"product-type-simple"},"yoast_head":"<!-- This site is optimized with the Yoast SEO Premium plugin v25.0 (Yoast SEO v25.0) - https:\/\/yoast.com\/wordpress\/plugins\/seo\/ -->\n<title>Online kurz Personalistika a Rozhodovanie I. Za\u010diato\u010dn\u00edk 2026 | VITA<\/title>\n<meta name=\"description\" content=\"V online kurze Personalistika a Rozhodovanie I. Za\u010diato\u010dn\u00edk sa nau\u010d\u00edte z\u00e1klady personalistiky a zorientova\u0165 sa v HR procesoch. \u2705\" \/>\n<meta name=\"robots\" content=\"index, follow, max-snippet:-1, max-image-preview:large, max-video-preview:-1\" \/>\n<link rel=\"canonical\" href=\"https:\/\/www.vita.sk\/online-kurz-personalistika-rozhodovanie-i-zaciatocnik\/\" \/>\n<meta property=\"og:locale\" content=\"en_US\" \/>\n<meta property=\"og:type\" content=\"article\" \/>\n<meta property=\"og:title\" content=\"Online kurz Personalistika a Rozhodovanie I. Za\u010diato\u010dn\u00edk\" \/>\n<meta property=\"og:description\" content=\"V online kurze Personalistika a Rozhodovanie I. Za\u010diato\u010dn\u00edk sa nau\u010d\u00edte z\u00e1klady personalistiky a zorientova\u0165 sa v HR procesoch. \u2705\" \/>\n<meta property=\"og:url\" content=\"https:\/\/www.vita.sk\/online-kurz-personalistika-rozhodovanie-i-zaciatocnik\/\" \/>\n<meta property=\"og:site_name\" content=\"VITA\" \/>\n<meta property=\"article:publisher\" content=\"https:\/\/www.facebook.com\/VitaAcademySK\" \/>\n<meta property=\"article:modified_time\" content=\"2026-01-21T17:16:37+00:00\" \/>\n<meta property=\"og:image\" content=\"https:\/\/www.vita.sk\/wp-content\/uploads\/2020\/11\/kurz-Personalistika-a-rozhodovanie.png\" \/>\n\t<meta property=\"og:image:width\" content=\"360\" \/>\n\t<meta property=\"og:image:height\" content=\"360\" \/>\n\t<meta property=\"og:image:type\" content=\"image\/png\" \/>\n<meta name=\"twitter:card\" content=\"summary_large_image\" \/>\n<meta name=\"twitter:label1\" content=\"Est. reading time\" \/>\n\t<meta name=\"twitter:data1\" content=\"2 minutes\" \/>\n<script type=\"application\/ld+json\" class=\"yoast-schema-graph\">{\n\t    \"@context\": \"https:\/\/schema.org\",\n\t    \"@graph\": [\n\t        {\n\t            \"@type\": \"WebPage\",\n\t            \"@id\": \"https:\/\/www.vita.sk\/online-kurz-personalistika-rozhodovanie-i-zaciatocnik\/\",\n\t            \"url\": \"https:\/\/www.vita.sk\/online-kurz-personalistika-rozhodovanie-i-zaciatocnik\/\",\n\t            \"name\": \"Online kurz Personalistika a Rozhodovanie I. Za\u010diato\u010dn\u00edk {Y} | VITA\",\n\t            \"isPartOf\": {\n\t                \"@id\": \"https:\/\/www.vita.sk\/#website\"\n\t            },\n\t            \"primaryImageOfPage\": {\n\t                \"@id\": \"https:\/\/www.vita.sk\/online-kurz-personalistika-rozhodovanie-i-zaciatocnik\/#primaryimage\"\n\t            },\n\t            \"image\": {\n\t                \"@id\": \"https:\/\/www.vita.sk\/online-kurz-personalistika-rozhodovanie-i-zaciatocnik\/#primaryimage\"\n\t            },\n\t            \"thumbnailUrl\": \"https:\/\/www.vita.sk\/wp-content\/uploads\/2020\/11\/kurz-Personalistika-a-rozhodovanie.png\",\n\t            \"datePublished\": \"2021-11-05T12:04:46+00:00\",\n\t            \"dateModified\": \"2026-01-21T17:16:37+00:00\",\n\t            \"description\": \"V online kurze Personalistika a Rozhodovanie I. Za\u010diato\u010dn\u00edk sa nau\u010d\u00edte z\u00e1klady personalistiky a zorientova\u0165 sa v HR procesoch. \u2705\",\n\t            \"breadcrumb\": {\n\t                \"@id\": \"https:\/\/www.vita.sk\/online-kurz-personalistika-rozhodovanie-i-zaciatocnik\/#breadcrumb\"\n\t            },\n\t            \"inLanguage\": \"en-US\",\n\t            \"potentialAction\": [\n\t                {\n\t                    \"@type\": \"ReadAction\",\n\t                    \"target\": [\n\t                        \"https:\/\/www.vita.sk\/online-kurz-personalistika-rozhodovanie-i-zaciatocnik\/\"\n\t                    ]\n\t                }\n\t            ]\n\t        },\n\t        {\n\t            \"@type\": \"ImageObject\",\n\t            \"inLanguage\": \"en-US\",\n\t            \"@id\": \"https:\/\/www.vita.sk\/online-kurz-personalistika-rozhodovanie-i-zaciatocnik\/#primaryimage\",\n\t            \"url\": \"https:\/\/www.vita.sk\/wp-content\/uploads\/2020\/11\/kurz-Personalistika-a-rozhodovanie.png\",\n\t            \"contentUrl\": \"https:\/\/www.vita.sk\/wp-content\/uploads\/2020\/11\/kurz-Personalistika-a-rozhodovanie.png\",\n\t            \"width\": 360,\n\t            \"height\": 360,\n\t            \"caption\": \"Online kurz Personalistika a Rozhodovanie\"\n\t        },\n\t        {\n\t            \"@type\": \"BreadcrumbList\",\n\t            \"@id\": \"https:\/\/www.vita.sk\/online-kurz-personalistika-rozhodovanie-i-zaciatocnik\/#breadcrumb\",\n\t            \"itemListElement\": [\n\t                {\n\t                    \"@type\": \"ListItem\",\n\t                    \"position\": 1,\n\t                    \"name\": \"VITA Academy\",\n\t                    \"item\": \"https:\/\/www.vita.sk\/en\/\"\n\t                },\n\t                {\n\t                    \"@type\": \"ListItem\",\n\t                    \"position\": 2,\n\t                    \"name\": \"Shop\",\n\t                    \"item\": \"https:\/\/www.vita.sk\/shop\/\"\n\t                },\n\t                {\n\t                    \"@type\": \"ListItem\",\n\t                    \"position\": 3,\n\t                    \"name\": \"Mana\u017e\u00e9rske a Soft Skills Kurzy\",\n\t                    \"item\": \"https:\/\/www.vita.sk\/online-kurzy-manazerske-kurzy-soft-skills\/\"\n\t                },\n\t                {\n\t                    \"@type\": \"ListItem\",\n\t                    \"position\": 4,\n\t                    \"name\": \"Personalistika a Rozhodovanie\",\n\t                    \"item\": \"https:\/\/www.vita.sk\/personalistika-a-rozhodovanie\/\"\n\t                },\n\t                {\n\t                    \"@type\": \"ListItem\",\n\t                    \"position\": 5,\n\t                    \"name\": \"Online kurz Personalistika a Rozhodovanie I. Za\u010diato\u010dn\u00edk\"\n\t                }\n\t            ]\n\t        },\n\t        {\n\t            \"@type\": \"WebSite\",\n\t            \"@id\": \"https:\/\/www.vita.sk\/#website\",\n\t            \"url\": \"https:\/\/www.vita.sk\/\",\n\t            \"name\": \"VITA\",\n\t            \"description\": \"\",\n\t            \"publisher\": {\n\t                \"@id\": \"https:\/\/www.vita.sk\/#organization\"\n\t            },\n\t            \"potentialAction\": [\n\t                {\n\t                    \"@type\": \"SearchAction\",\n\t                    \"target\": {\n\t                        \"@type\": \"EntryPoint\",\n\t                        \"urlTemplate\": \"https:\/\/www.vita.sk\/?s={search_term_string}\"\n\t                    },\n\t                    \"query-input\": {\n\t                        \"@type\": \"PropertyValueSpecification\",\n\t                        \"valueRequired\": true,\n\t                        \"valueName\": \"search_term_string\"\n\t                    }\n\t                }\n\t            ],\n\t            \"inLanguage\": \"en-US\"\n\t        },\n\t        {\n\t            \"email\": \"admin@vita.sk\",\n\t            \"logo\": \"https:\/\/www.vita.sk\/img\/vita_logo.png \",\n\t            \"address\": {\n\t                \"type\": \"PostalAddress\",\n\t                \"streetAddress\": \"Tom\u00e1\u0161ikova 50\/A\",\n\t                \"addressLocality\": \"Bratislava\",\n\t                \"postalCode\": \"83104\",\n\t                \"addressCountry\": {\n\t                    \"name\": \"SK\",\n\t                    \"type\": \"Country\"\n\t                }\n\t            },\n\t            \"contactPoint\": {\n\t                \"type\": \"ContactPoint\",\n\t                \"telephone\": \"+421 907 375\u00a0543\",\n\t                \"Email\": \"admin@vita.sk\",\n\t                \"contactType\": \"customer service\"\n\t            },\n\t            \"sameAs\": [\n\t                \"https:\/\/www.facebook.com\/VitaAcademySK\/\",\n\t                \"https:\/\/www.linkedin.com\/company\/vita-academy\/\"\n\t            ]\n\t        }\n\t    ]\n\t}<\/script>\n<!-- \/ Yoast SEO Premium plugin. -->","yoast_head_json":{"title":"Online kurz Personalistika a Rozhodovanie I. Za\u010diato\u010dn\u00edk 2026 | VITA","description":"V online kurze Personalistika a Rozhodovanie I. Za\u010diato\u010dn\u00edk sa nau\u010d\u00edte z\u00e1klady personalistiky a zorientova\u0165 sa v HR procesoch. \u2705","robots":{"index":"index","follow":"follow","max-snippet":"max-snippet:-1","max-image-preview":"max-image-preview:large","max-video-preview":"max-video-preview:-1"},"canonical":"https:\/\/www.vita.sk\/online-kurz-personalistika-rozhodovanie-i-zaciatocnik\/","og_locale":"en_US","og_type":"article","og_title":"Online kurz Personalistika a Rozhodovanie I. Za\u010diato\u010dn\u00edk","og_description":"V online kurze Personalistika a Rozhodovanie I. Za\u010diato\u010dn\u00edk sa nau\u010d\u00edte z\u00e1klady personalistiky a zorientova\u0165 sa v HR procesoch. \u2705","og_url":"https:\/\/www.vita.sk\/online-kurz-personalistika-rozhodovanie-i-zaciatocnik\/","og_site_name":"VITA","article_publisher":"https:\/\/www.facebook.com\/VitaAcademySK","article_modified_time":"2026-01-21T17:16:37+00:00","og_image":[{"width":360,"height":360,"url":"https:\/\/www.vita.sk\/wp-content\/uploads\/2020\/11\/kurz-Personalistika-a-rozhodovanie.png","type":"image\/png"}],"twitter_card":"summary_large_image","twitter_misc":{"Est. reading time":"2 minutes"},"schema":{"@context":"https:\/\/schema.org","@graph":[{"@type":"WebPage","@id":"https:\/\/www.vita.sk\/online-kurz-personalistika-rozhodovanie-i-zaciatocnik\/","url":"https:\/\/www.vita.sk\/online-kurz-personalistika-rozhodovanie-i-zaciatocnik\/","name":"Online kurz Personalistika a Rozhodovanie I. Za\u010diato\u010dn\u00edk {Y} | VITA","isPartOf":{"@id":"https:\/\/www.vita.sk\/#website"},"primaryImageOfPage":{"@id":"https:\/\/www.vita.sk\/online-kurz-personalistika-rozhodovanie-i-zaciatocnik\/#primaryimage"},"image":{"@id":"https:\/\/www.vita.sk\/online-kurz-personalistika-rozhodovanie-i-zaciatocnik\/#primaryimage"},"thumbnailUrl":"https:\/\/www.vita.sk\/wp-content\/uploads\/2020\/11\/kurz-Personalistika-a-rozhodovanie.png","datePublished":"2021-11-05T12:04:46+00:00","dateModified":"2026-01-21T17:16:37+00:00","description":"V online kurze Personalistika a Rozhodovanie I. Za\u010diato\u010dn\u00edk sa nau\u010d\u00edte z\u00e1klady personalistiky a zorientova\u0165 sa v HR procesoch. \u2705","breadcrumb":{"@id":"https:\/\/www.vita.sk\/online-kurz-personalistika-rozhodovanie-i-zaciatocnik\/#breadcrumb"},"inLanguage":"en-US","potentialAction":[{"@type":"ReadAction","target":["https:\/\/www.vita.sk\/online-kurz-personalistika-rozhodovanie-i-zaciatocnik\/"]}]},{"@type":"ImageObject","inLanguage":"en-US","@id":"https:\/\/www.vita.sk\/online-kurz-personalistika-rozhodovanie-i-zaciatocnik\/#primaryimage","url":"https:\/\/www.vita.sk\/wp-content\/uploads\/2020\/11\/kurz-Personalistika-a-rozhodovanie.png","contentUrl":"https:\/\/www.vita.sk\/wp-content\/uploads\/2020\/11\/kurz-Personalistika-a-rozhodovanie.png","width":360,"height":360,"caption":"Online kurz Personalistika a Rozhodovanie"},{"@type":"BreadcrumbList","@id":"https:\/\/www.vita.sk\/online-kurz-personalistika-rozhodovanie-i-zaciatocnik\/#breadcrumb","itemListElement":[{"@type":"ListItem","position":1,"name":"VITA Academy","item":"https:\/\/www.vita.sk\/en\/"},{"@type":"ListItem","position":2,"name":"Shop","item":"https:\/\/www.vita.sk\/shop\/"},{"@type":"ListItem","position":3,"name":"Mana\u017e\u00e9rske a Soft Skills Kurzy","item":"https:\/\/www.vita.sk\/online-kurzy-manazerske-kurzy-soft-skills\/"},{"@type":"ListItem","position":4,"name":"Personalistika a Rozhodovanie","item":"https:\/\/www.vita.sk\/personalistika-a-rozhodovanie\/"},{"@type":"ListItem","position":5,"name":"Online kurz Personalistika a Rozhodovanie I. Za\u010diato\u010dn\u00edk"}]},{"@type":"WebSite","@id":"https:\/\/www.vita.sk\/#website","url":"https:\/\/www.vita.sk\/","name":"VITA","description":"","publisher":{"@id":"https:\/\/www.vita.sk\/#organization"},"potentialAction":[{"@type":"SearchAction","target":{"@type":"EntryPoint","urlTemplate":"https:\/\/www.vita.sk\/?s={search_term_string}"},"query-input":{"@type":"PropertyValueSpecification","valueRequired":true,"valueName":"search_term_string"}}],"inLanguage":"en-US"},{"email":"admin@vita.sk","logo":"https:\/\/www.vita.sk\/img\/vita_logo.png ","address":{"type":"PostalAddress","streetAddress":"Tom\u00e1\u0161ikova 50\/A","addressLocality":"Bratislava","postalCode":"83104","addressCountry":{"name":"SK","type":"Country"}},"contactPoint":{"type":"ContactPoint","telephone":"+421 907 375\u00a0543","Email":"admin@vita.sk","contactType":"customer service"},"sameAs":["https:\/\/www.facebook.com\/VitaAcademySK\/","https:\/\/www.linkedin.com\/company\/vita-academy\/"]}]}},"acf":[],"_links":{"self":[{"href":"https:\/\/www.vita.sk\/en\/wp-json\/wp\/v2\/product\/7951","targetHints":{"allow":["GET"]}}],"collection":[{"href":"https:\/\/www.vita.sk\/en\/wp-json\/wp\/v2\/product"}],"about":[{"href":"https:\/\/www.vita.sk\/en\/wp-json\/wp\/v2\/types\/product"}],"author":[{"embeddable":true,"href":"https:\/\/www.vita.sk\/en\/wp-json\/wp\/v2\/users\/4"}],"replies":[{"embeddable":true,"href":"https:\/\/www.vita.sk\/en\/wp-json\/wp\/v2\/comments?post=7951"}],"wp:featuredmedia":[{"embeddable":true,"href":"https:\/\/www.vita.sk\/en\/wp-json\/wp\/v2\/media\/4217"}],"wp:attachment":[{"href":"https:\/\/www.vita.sk\/en\/wp-json\/wp\/v2\/media?parent=7951"}],"wp:term":[{"taxonomy":"product_brand","embeddable":true,"href":"https:\/\/www.vita.sk\/en\/wp-json\/wp\/v2\/product_brand?post=7951"},{"taxonomy":"product_cat","embeddable":true,"href":"https:\/\/www.vita.sk\/en\/wp-json\/wp\/v2\/product_cat?post=7951"},{"taxonomy":"product_tag","embeddable":true,"href":"https:\/\/www.vita.sk\/en\/wp-json\/wp\/v2\/product_tag?post=7951"}],"curies":[{"name":"wp","href":"https:\/\/api.w.org\/{rel}","templated":true}]}}