{"id":8029,"date":"2021-11-18T14:06:41","date_gmt":"2021-11-18T13:06:41","guid":{"rendered":"https:\/\/www.vita.sk\/?post_type=product&#038;p=8029"},"modified":"2025-05-17T13:38:52","modified_gmt":"2025-05-17T11:38:52","slug":"online-kurz-python-a-jupyter-i-zaciatocnik","status":"publish","type":"product","link":"https:\/\/www.vita.sk\/en\/online-kurz-python-a-jupyter-i-zaciatocnik\/","title":{"rendered":"Online kurz Python a Jupyter I. Za\u010diato\u010dn\u00edk"},"content":{"rendered":"<p>Online kurz Python a Jupyter I. Za\u010diato\u010dn\u00edk je pre v\u00e1s vhodn\u00fd, ak sa chcete nau\u010di\u0165 pracova\u0165 s v\u00fdvojov\u00fdm prostred\u00edm Jupyter Notebook spolu s programovac\u00edm jazykom Python. Spolo\u010dne si prejdeme procesom in\u0161tal\u00e1cie a konfigur\u00e1ciou prostredia Jupyter Notebook. Osvoj\u00edte si jeho pou\u017e\u00edvate\u013esk\u00e9 rozhranie. Jupyter Notebook sa hod\u00ed v\u0161ade tam, kde potrebujete ihne\u010f vidie\u0165 v\u00fdsledky svojej pr\u00e1ce. Nau\u010d\u00edme v\u00e1s postupova\u0165 krok za krokom ako vytvori\u0165 aplik\u00e1ciu. Budete vedie\u0165 editova\u0165 a zdie\u013ea\u0165 svoje projekty a zdrojov\u00e9 k\u00f3dy. Uk\u00e1\u017eeme si ako vytv\u00e1ra\u0165 a upravova\u0165 notebooky v Jupyter. P\u00edsa\u0165 algoritmy a pou\u017e\u00edva\u0165 r\u00f4zne funkcie, kni\u017enice, podmienky a cykly v jazyku Python. Ak sa chcete skuto\u010dne nau\u010di\u0165 pou\u017e\u00edva\u0165 Python a Jupyter, tak toto je ide\u00e1lny online kurz pre v\u00e1s.<\/p>\n","protected":false},"excerpt":{"rendered":"<p>Online kurz Python a Jupyter I. Za\u010diato\u010dn\u00edk je pre v\u00e1s vhodn\u00fd, ak sa chcete nau\u010di\u0165 pracova\u0165 s v\u00fdvojov\u00fdm prostred\u00edm Jupyter Notebook spolu s programovac\u00edm jazykom Python. Spolo\u010dne si prejdeme procesom in\u0161tal\u00e1cie a konfigur\u00e1ciou prostredia Jupyter Notebook. Osvoj\u00edte si jeho pou\u017e\u00edvate\u013esk\u00e9 rozhranie. Jupyter Notebook sa hod\u00ed v\u0161ade tam, kde potrebujete ihne\u010f vidie\u0165 v\u00fdsledky svojej pr\u00e1ce.","protected":false},"author":4,"featured_media":23600,"comment_status":"open","ping_status":"closed","template":"","meta":{"_acf_changed":false},"product_brand":[],"product_cat":[99,106,178],"product_tag":[189,212],"class_list":{"0":"post-8029","1":"product","2":"type-product","3":"status-publish","4":"has-post-thumbnail","6":"product_cat-online-kurzy-programovacie-jazyky","7":"product_cat-online-kurzy-python","8":"product_cat-najoblubenejsie-kurzy","9":"product_tag-programovacie-jazyky","10":"product_tag-python","12":"first","13":"instock","14":"sale","15":"sold-individually","16":"taxable","17":"shipping-taxable","18":"purchasable","19":"product-type-simple"},"yoast_head":"<!-- This site is optimized with the Yoast SEO Premium plugin v25.0 (Yoast SEO v25.0) - https:\/\/yoast.com\/wordpress\/plugins\/seo\/ -->\n<title>Online kurz Python a Jupyter I. Za\u010diato\u010dn\u00edk 2026 | VITA<\/title>\n<meta name=\"description\" content=\"Online kurz Python a Jupyter I. Za\u010diato\u010dn\u00edk je pre teba vhodn\u00fd, ak sa chce\u0161 zozn\u00e1mi\u0165 s v\u00fdvojov\u00fdm prostred\u00edm Jupyter Notebook, programovacieho jazyka Python. Uvedieme \u0165a do tajov programovania Anaconda Navigator . Nau\u010d\u00edme \u0165a pracova\u0165 s funkciami a modulmi. Python patr\u00ed k najob\u013e\u00fabenej\u0161\u00edm programovac\u00edm jazykom na svete. Jupyter Notebook sa hod\u00ed v\u0161ade tam, kde potrebuje\u0161 ihne\u010f vidie\u0165 v\u00fdsledky svojej pr\u00e1ce. Nau\u010d\u00edme \u0164a ako postupova\u0165 krok za krokom, preda\u0165 niekomu komplexn\u00ed program spolu s vizualiz\u00e1ciami a v\u00fdsledkami, pripravi\u0165 si prezent\u00e1ciu \u010di d\u00e1tov\u00fa anal\u00fdzu atp.\" \/>\n<meta name=\"robots\" content=\"index, follow, max-snippet:-1, max-image-preview:large, max-video-preview:-1\" \/>\n<link rel=\"canonical\" href=\"https:\/\/www.vita.sk\/online-kurz-python-a-jupyter-i-zaciatocnik\/\" \/>\n<meta property=\"og:locale\" content=\"en_US\" \/>\n<meta property=\"og:type\" content=\"article\" \/>\n<meta property=\"og:title\" content=\"Online kurz Python a Jupyter I. Za\u010diato\u010dn\u00edk\" \/>\n<meta property=\"og:description\" content=\"Online kurz Python a Jupyter I. Za\u010diato\u010dn\u00edk je pre teba vhodn\u00fd, ak sa chce\u0161 zozn\u00e1mi\u0165 s v\u00fdvojov\u00fdm prostred\u00edm Jupyter Notebook, programovacieho jazyka Python. Uvedieme \u0165a do tajov programovania Anaconda Navigator . Nau\u010d\u00edme \u0165a pracova\u0165 s funkciami a modulmi. Python patr\u00ed k najob\u013e\u00fabenej\u0161\u00edm programovac\u00edm jazykom na svete. Jupyter Notebook sa hod\u00ed v\u0161ade tam, kde potrebuje\u0161 ihne\u010f vidie\u0165 v\u00fdsledky svojej pr\u00e1ce. Nau\u010d\u00edme \u0164a ako postupova\u0165 krok za krokom, preda\u0165 niekomu komplexn\u00ed program spolu s vizualiz\u00e1ciami a v\u00fdsledkami, pripravi\u0165 si prezent\u00e1ciu \u010di d\u00e1tov\u00fa anal\u00fdzu atp.\" \/>\n<meta property=\"og:url\" content=\"https:\/\/www.vita.sk\/online-kurz-python-a-jupyter-i-zaciatocnik\/\" \/>\n<meta property=\"og:site_name\" content=\"VITA\" \/>\n<meta property=\"article:publisher\" content=\"https:\/\/www.facebook.com\/VitaAcademySK\" \/>\n<meta property=\"article:modified_time\" content=\"2025-05-17T11:38:52+00:00\" \/>\n<meta property=\"og:image\" content=\"https:\/\/www.vita.sk\/wp-content\/uploads\/2025\/01\/kurz_jupyter.png\" \/>\n\t<meta property=\"og:image:width\" content=\"360\" \/>\n\t<meta property=\"og:image:height\" content=\"360\" \/>\n\t<meta property=\"og:image:type\" content=\"image\/png\" \/>\n<meta name=\"twitter:card\" content=\"summary_large_image\" \/>\n<meta name=\"twitter:label1\" content=\"Est. reading time\" \/>\n\t<meta name=\"twitter:data1\" content=\"1 minute\" \/>\n<script type=\"application\/ld+json\" class=\"yoast-schema-graph\">{\n\t    \"@context\": \"https:\/\/schema.org\",\n\t    \"@graph\": [\n\t        {\n\t            \"@type\": \"WebPage\",\n\t            \"@id\": \"https:\/\/www.vita.sk\/online-kurz-python-a-jupyter-i-zaciatocnik\/\",\n\t            \"url\": \"https:\/\/www.vita.sk\/online-kurz-python-a-jupyter-i-zaciatocnik\/\",\n\t            \"name\": \"Online kurz Python a Jupyter I. Za\u010diato\u010dn\u00edk {Y} | VITA\",\n\t            \"isPartOf\": {\n\t                \"@id\": \"https:\/\/www.vita.sk\/#website\"\n\t            },\n\t            \"primaryImageOfPage\": {\n\t                \"@id\": \"https:\/\/www.vita.sk\/online-kurz-python-a-jupyter-i-zaciatocnik\/#primaryimage\"\n\t            },\n\t            \"image\": {\n\t                \"@id\": \"https:\/\/www.vita.sk\/online-kurz-python-a-jupyter-i-zaciatocnik\/#primaryimage\"\n\t            },\n\t            \"thumbnailUrl\": \"https:\/\/www.vita.sk\/wp-content\/uploads\/2025\/01\/kurz_jupyter.png\",\n\t            \"datePublished\": \"2021-11-18T13:06:41+00:00\",\n\t            \"dateModified\": \"2025-05-17T11:38:52+00:00\",\n\t            \"description\": \"Online kurz Python a Jupyter I. Za\u010diato\u010dn\u00edk je pre teba vhodn\u00fd, ak sa chce\u0161 zozn\u00e1mi\u0165 s v\u00fdvojov\u00fdm prostred\u00edm Jupyter Notebook, programovacieho jazyka Python. Uvedieme \u0165a do tajov programovania Anaconda Navigator . Nau\u010d\u00edme \u0165a pracova\u0165 s funkciami a modulmi. Python patr\u00ed k najob\u013e\u00fabenej\u0161\u00edm programovac\u00edm jazykom na svete. Jupyter Notebook sa hod\u00ed v\u0161ade tam, kde potrebuje\u0161 ihne\u010f vidie\u0165 v\u00fdsledky svojej pr\u00e1ce. Nau\u010d\u00edme \u0164a ako postupova\u0165 krok za krokom, preda\u0165 niekomu komplexn\u00ed program spolu s vizualiz\u00e1ciami a v\u00fdsledkami, pripravi\u0165 si prezent\u00e1ciu \u010di d\u00e1tov\u00fa anal\u00fdzu atp.\",\n\t            \"breadcrumb\": {\n\t                \"@id\": \"https:\/\/www.vita.sk\/online-kurz-python-a-jupyter-i-zaciatocnik\/#breadcrumb\"\n\t            },\n\t            \"inLanguage\": \"en-US\",\n\t            \"potentialAction\": [\n\t                {\n\t                    \"@type\": \"ReadAction\",\n\t                    \"target\": [\n\t                        \"https:\/\/www.vita.sk\/online-kurz-python-a-jupyter-i-zaciatocnik\/\"\n\t                    ]\n\t                }\n\t            ]\n\t        },\n\t        {\n\t            \"@type\": \"ImageObject\",\n\t            \"inLanguage\": \"en-US\",\n\t            \"@id\": \"https:\/\/www.vita.sk\/online-kurz-python-a-jupyter-i-zaciatocnik\/#primaryimage\",\n\t            \"url\": \"https:\/\/www.vita.sk\/wp-content\/uploads\/2025\/01\/kurz_jupyter.png\",\n\t            \"contentUrl\": \"https:\/\/www.vita.sk\/wp-content\/uploads\/2025\/01\/kurz_jupyter.png\",\n\t            \"width\": 360,\n\t            \"height\": 360,\n\t            \"caption\": \"Online kurz Python a Jupyter\"\n\t        },\n\t        {\n\t            \"@type\": \"BreadcrumbList\",\n\t            \"@id\": \"https:\/\/www.vita.sk\/online-kurz-python-a-jupyter-i-zaciatocnik\/#breadcrumb\",\n\t            \"itemListElement\": [\n\t                {\n\t                    \"@type\": \"ListItem\",\n\t                    \"position\": 1,\n\t                    \"name\": \"VITA Academy\",\n\t                    \"item\": \"https:\/\/www.vita.sk\/en\/\"\n\t                },\n\t                {\n\t                    \"@type\": \"ListItem\",\n\t                    \"position\": 2,\n\t                    \"name\": \"Shop\",\n\t                    \"item\": \"https:\/\/www.vita.sk\/shop\/\"\n\t                },\n\t                {\n\t                    \"@type\": \"ListItem\",\n\t                    \"position\": 3,\n\t                    \"name\": \"Programovacie Jazyky\",\n\t                    \"item\": \"https:\/\/www.vita.sk\/online-kurzy-programovacie-jazyky\/\"\n\t                },\n\t                {\n\t                    \"@type\": \"ListItem\",\n\t                    \"position\": 4,\n\t                    \"name\": \"Python\",\n\t                    \"item\": \"https:\/\/www.vita.sk\/online-kurzy-python\/\"\n\t                },\n\t                {\n\t                    \"@type\": \"ListItem\",\n\t                    \"position\": 5,\n\t                    \"name\": \"Online kurz Python a Jupyter I. Za\u010diato\u010dn\u00edk\"\n\t                }\n\t            ]\n\t        },\n\t        {\n\t            \"@type\": \"WebSite\",\n\t            \"@id\": \"https:\/\/www.vita.sk\/#website\",\n\t            \"url\": \"https:\/\/www.vita.sk\/\",\n\t            \"name\": \"VITA\",\n\t            \"description\": \"\",\n\t            \"publisher\": {\n\t                \"@id\": \"https:\/\/www.vita.sk\/#organization\"\n\t            },\n\t            \"potentialAction\": [\n\t                {\n\t                    \"@type\": \"SearchAction\",\n\t                    \"target\": {\n\t                        \"@type\": \"EntryPoint\",\n\t                        \"urlTemplate\": \"https:\/\/www.vita.sk\/?s={search_term_string}\"\n\t                    },\n\t                    \"query-input\": {\n\t                        \"@type\": \"PropertyValueSpecification\",\n\t                        \"valueRequired\": true,\n\t                        \"valueName\": \"search_term_string\"\n\t                    }\n\t                }\n\t            ],\n\t            \"inLanguage\": \"en-US\"\n\t        },\n\t        {\n\t            \"email\": \"admin@vita.sk\",\n\t            \"logo\": \"https:\/\/www.vita.sk\/img\/vita_logo.png \",\n\t            \"address\": {\n\t                \"type\": \"PostalAddress\",\n\t                \"streetAddress\": \"Tom\u00e1\u0161ikova 50\/A\",\n\t                \"addressLocality\": \"Bratislava\",\n\t                \"postalCode\": \"83104\",\n\t                \"addressCountry\": {\n\t                    \"name\": \"SK\",\n\t                    \"type\": \"Country\"\n\t                }\n\t            },\n\t            \"contactPoint\": {\n\t                \"type\": \"ContactPoint\",\n\t                \"telephone\": \"+421 907 375\u00a0543\",\n\t                \"Email\": \"admin@vita.sk\",\n\t                \"contactType\": \"customer service\"\n\t            },\n\t            \"sameAs\": [\n\t                \"https:\/\/www.facebook.com\/VitaAcademySK\/\",\n\t                \"https:\/\/www.linkedin.com\/company\/vita-academy\/\"\n\t            ]\n\t        }\n\t    ]\n\t}<\/script>\n<!-- \/ Yoast SEO Premium plugin. -->","yoast_head_json":{"title":"Online kurz Python a Jupyter I. Za\u010diato\u010dn\u00edk 2026 | VITA","description":"Online kurz Python a Jupyter I. Za\u010diato\u010dn\u00edk je pre teba vhodn\u00fd, ak sa chce\u0161 zozn\u00e1mi\u0165 s v\u00fdvojov\u00fdm prostred\u00edm Jupyter Notebook, programovacieho jazyka Python. Uvedieme \u0165a do tajov programovania Anaconda Navigator . Nau\u010d\u00edme \u0165a pracova\u0165 s funkciami a modulmi. Python patr\u00ed k najob\u013e\u00fabenej\u0161\u00edm programovac\u00edm jazykom na svete. Jupyter Notebook sa hod\u00ed v\u0161ade tam, kde potrebuje\u0161 ihne\u010f vidie\u0165 v\u00fdsledky svojej pr\u00e1ce. Nau\u010d\u00edme \u0164a ako postupova\u0165 krok za krokom, preda\u0165 niekomu komplexn\u00ed program spolu s vizualiz\u00e1ciami a v\u00fdsledkami, pripravi\u0165 si prezent\u00e1ciu \u010di d\u00e1tov\u00fa anal\u00fdzu atp.","robots":{"index":"index","follow":"follow","max-snippet":"max-snippet:-1","max-image-preview":"max-image-preview:large","max-video-preview":"max-video-preview:-1"},"canonical":"https:\/\/www.vita.sk\/online-kurz-python-a-jupyter-i-zaciatocnik\/","og_locale":"en_US","og_type":"article","og_title":"Online kurz Python a Jupyter I. Za\u010diato\u010dn\u00edk","og_description":"Online kurz Python a Jupyter I. Za\u010diato\u010dn\u00edk je pre teba vhodn\u00fd, ak sa chce\u0161 zozn\u00e1mi\u0165 s v\u00fdvojov\u00fdm prostred\u00edm Jupyter Notebook, programovacieho jazyka Python. Uvedieme \u0165a do tajov programovania Anaconda Navigator . Nau\u010d\u00edme \u0165a pracova\u0165 s funkciami a modulmi. Python patr\u00ed k najob\u013e\u00fabenej\u0161\u00edm programovac\u00edm jazykom na svete. Jupyter Notebook sa hod\u00ed v\u0161ade tam, kde potrebuje\u0161 ihne\u010f vidie\u0165 v\u00fdsledky svojej pr\u00e1ce. Nau\u010d\u00edme \u0164a ako postupova\u0165 krok za krokom, preda\u0165 niekomu komplexn\u00ed program spolu s vizualiz\u00e1ciami a v\u00fdsledkami, pripravi\u0165 si prezent\u00e1ciu \u010di d\u00e1tov\u00fa anal\u00fdzu atp.","og_url":"https:\/\/www.vita.sk\/online-kurz-python-a-jupyter-i-zaciatocnik\/","og_site_name":"VITA","article_publisher":"https:\/\/www.facebook.com\/VitaAcademySK","article_modified_time":"2025-05-17T11:38:52+00:00","og_image":[{"width":360,"height":360,"url":"https:\/\/www.vita.sk\/wp-content\/uploads\/2025\/01\/kurz_jupyter.png","type":"image\/png"}],"twitter_card":"summary_large_image","twitter_misc":{"Est. reading time":"1 minute"},"schema":{"@context":"https:\/\/schema.org","@graph":[{"@type":"WebPage","@id":"https:\/\/www.vita.sk\/online-kurz-python-a-jupyter-i-zaciatocnik\/","url":"https:\/\/www.vita.sk\/online-kurz-python-a-jupyter-i-zaciatocnik\/","name":"Online kurz Python a Jupyter I. Za\u010diato\u010dn\u00edk {Y} | VITA","isPartOf":{"@id":"https:\/\/www.vita.sk\/#website"},"primaryImageOfPage":{"@id":"https:\/\/www.vita.sk\/online-kurz-python-a-jupyter-i-zaciatocnik\/#primaryimage"},"image":{"@id":"https:\/\/www.vita.sk\/online-kurz-python-a-jupyter-i-zaciatocnik\/#primaryimage"},"thumbnailUrl":"https:\/\/www.vita.sk\/wp-content\/uploads\/2025\/01\/kurz_jupyter.png","datePublished":"2021-11-18T13:06:41+00:00","dateModified":"2025-05-17T11:38:52+00:00","description":"Online kurz Python a Jupyter I. Za\u010diato\u010dn\u00edk je pre teba vhodn\u00fd, ak sa chce\u0161 zozn\u00e1mi\u0165 s v\u00fdvojov\u00fdm prostred\u00edm Jupyter Notebook, programovacieho jazyka Python. Uvedieme \u0165a do tajov programovania Anaconda Navigator . Nau\u010d\u00edme \u0165a pracova\u0165 s funkciami a modulmi. Python patr\u00ed k najob\u013e\u00fabenej\u0161\u00edm programovac\u00edm jazykom na svete. Jupyter Notebook sa hod\u00ed v\u0161ade tam, kde potrebuje\u0161 ihne\u010f vidie\u0165 v\u00fdsledky svojej pr\u00e1ce. Nau\u010d\u00edme \u0164a ako postupova\u0165 krok za krokom, preda\u0165 niekomu komplexn\u00ed program spolu s vizualiz\u00e1ciami a v\u00fdsledkami, pripravi\u0165 si prezent\u00e1ciu \u010di d\u00e1tov\u00fa anal\u00fdzu atp.","breadcrumb":{"@id":"https:\/\/www.vita.sk\/online-kurz-python-a-jupyter-i-zaciatocnik\/#breadcrumb"},"inLanguage":"en-US","potentialAction":[{"@type":"ReadAction","target":["https:\/\/www.vita.sk\/online-kurz-python-a-jupyter-i-zaciatocnik\/"]}]},{"@type":"ImageObject","inLanguage":"en-US","@id":"https:\/\/www.vita.sk\/online-kurz-python-a-jupyter-i-zaciatocnik\/#primaryimage","url":"https:\/\/www.vita.sk\/wp-content\/uploads\/2025\/01\/kurz_jupyter.png","contentUrl":"https:\/\/www.vita.sk\/wp-content\/uploads\/2025\/01\/kurz_jupyter.png","width":360,"height":360,"caption":"Online kurz Python a Jupyter"},{"@type":"BreadcrumbList","@id":"https:\/\/www.vita.sk\/online-kurz-python-a-jupyter-i-zaciatocnik\/#breadcrumb","itemListElement":[{"@type":"ListItem","position":1,"name":"VITA Academy","item":"https:\/\/www.vita.sk\/en\/"},{"@type":"ListItem","position":2,"name":"Shop","item":"https:\/\/www.vita.sk\/shop\/"},{"@type":"ListItem","position":3,"name":"Programovacie Jazyky","item":"https:\/\/www.vita.sk\/online-kurzy-programovacie-jazyky\/"},{"@type":"ListItem","position":4,"name":"Python","item":"https:\/\/www.vita.sk\/online-kurzy-python\/"},{"@type":"ListItem","position":5,"name":"Online kurz Python a Jupyter I. Za\u010diato\u010dn\u00edk"}]},{"@type":"WebSite","@id":"https:\/\/www.vita.sk\/#website","url":"https:\/\/www.vita.sk\/","name":"VITA","description":"","publisher":{"@id":"https:\/\/www.vita.sk\/#organization"},"potentialAction":[{"@type":"SearchAction","target":{"@type":"EntryPoint","urlTemplate":"https:\/\/www.vita.sk\/?s={search_term_string}"},"query-input":{"@type":"PropertyValueSpecification","valueRequired":true,"valueName":"search_term_string"}}],"inLanguage":"en-US"},{"email":"admin@vita.sk","logo":"https:\/\/www.vita.sk\/img\/vita_logo.png ","address":{"type":"PostalAddress","streetAddress":"Tom\u00e1\u0161ikova 50\/A","addressLocality":"Bratislava","postalCode":"83104","addressCountry":{"name":"SK","type":"Country"}},"contactPoint":{"type":"ContactPoint","telephone":"+421 907 375\u00a0543","Email":"admin@vita.sk","contactType":"customer service"},"sameAs":["https:\/\/www.facebook.com\/VitaAcademySK\/","https:\/\/www.linkedin.com\/company\/vita-academy\/"]}]}},"acf":[],"_links":{"self":[{"href":"https:\/\/www.vita.sk\/en\/wp-json\/wp\/v2\/product\/8029","targetHints":{"allow":["GET"]}}],"collection":[{"href":"https:\/\/www.vita.sk\/en\/wp-json\/wp\/v2\/product"}],"about":[{"href":"https:\/\/www.vita.sk\/en\/wp-json\/wp\/v2\/types\/product"}],"author":[{"embeddable":true,"href":"https:\/\/www.vita.sk\/en\/wp-json\/wp\/v2\/users\/4"}],"replies":[{"embeddable":true,"href":"https:\/\/www.vita.sk\/en\/wp-json\/wp\/v2\/comments?post=8029"}],"wp:featuredmedia":[{"embeddable":true,"href":"https:\/\/www.vita.sk\/en\/wp-json\/wp\/v2\/media\/23600"}],"wp:attachment":[{"href":"https:\/\/www.vita.sk\/en\/wp-json\/wp\/v2\/media?parent=8029"}],"wp:term":[{"taxonomy":"product_brand","embeddable":true,"href":"https:\/\/www.vita.sk\/en\/wp-json\/wp\/v2\/product_brand?post=8029"},{"taxonomy":"product_cat","embeddable":true,"href":"https:\/\/www.vita.sk\/en\/wp-json\/wp\/v2\/product_cat?post=8029"},{"taxonomy":"product_tag","embeddable":true,"href":"https:\/\/www.vita.sk\/en\/wp-json\/wp\/v2\/product_tag?post=8029"}],"curies":[{"name":"wp","href":"https:\/\/api.w.org\/{rel}","templated":true}]}}