{"id":8083,"date":"2021-11-29T11:56:33","date_gmt":"2021-11-29T10:56:33","guid":{"rendered":"https:\/\/www.vita.sk\/?post_type=product&#038;p=8083"},"modified":"2024-06-07T14:25:25","modified_gmt":"2024-06-07T12:25:25","slug":"selenium-v4-i-zaciatocnik","status":"publish","type":"product","link":"https:\/\/www.vita.sk\/en\/selenium-v4-i-zaciatocnik\/","title":{"rendered":"Online kurz Selenium v4 I. Za\u010diato\u010dn\u00edk"},"content":{"rendered":"<p>Online kurz Selenium v4 I. Za\u010diato\u010dn\u00edk je pre v\u00e1s ide\u00e1lny, ak sa chcete profesion\u00e1lne venova\u0165 automatizovan\u00e9mu testovaniu softv\u00e9ru s novou verziou Selenium v4. Nau\u010d\u00edte sa, ako spr\u00e1vne nain\u0161talova\u0165 Selenium v4 a nastavi\u0165 v\u0161etky potrebn\u00e9 komponenty. Budete schopn\u00ed pracova\u0165 s n\u00e1strojom Selenium v4 na automatiz\u00e1ciu testovania webov\u00fdch aplik\u00e1ci\u00ed. Osvoj\u00edte si pou\u017e\u00edvanie Selenium IDE, n\u00e1stroja na nahr\u00e1vanie a prehr\u00e1vanie testovac\u00edch scen\u00e1rov. Nau\u010d\u00edte sa vytv\u00e1ra\u0165 komplexn\u00e9 automatizovan\u00e9 testy pre r\u00f4zne funkcionality webov\u00fdch aplik\u00e1ci\u00ed. Osvoj\u00edte si znalosti r\u00f4znych technik ladenia testov, ktor\u00e9 v\u00e1m pom\u00f4\u017eu identifikova\u0165 a opravi\u0165 chyby v testovac\u00edch skriptoch. Porozumiete \u00faloh\u00e1m administr\u00e1tora v r\u00e1mci testovacieho procesu. Ako bonus si povieme o r\u00f4znych v\u00fdvojov\u00fdch prostrediach a pou\u017e\u00edvania programovacieho jazyka Java. Ak sa chcete skuto\u010dne nau\u010di\u0165 pou\u017e\u00edva\u0165 Selenium v4, tak toto je ide\u00e1lny online kurz pre v\u00e1s.<\/p>\n","protected":false},"excerpt":{"rendered":"<p>Online kurz Selenium v4 I. Za\u010diato\u010dn\u00edk je pre v\u00e1s ide\u00e1lny, ak sa chcete profesion\u00e1lne venova\u0165 automatizovan\u00e9mu testovaniu softv\u00e9ru s novou verziou Selenium v4. Nau\u010d\u00edte sa, ako spr\u00e1vne nain\u0161talova\u0165 Selenium v4 a nastavi\u0165 v\u0161etky potrebn\u00e9 komponenty. Budete schopn\u00ed pracova\u0165 s n\u00e1strojom Selenium v4 na automatiz\u00e1ciu testovania webov\u00fdch aplik\u00e1ci\u00ed.","protected":false},"author":4,"featured_media":4248,"comment_status":"open","ping_status":"closed","template":"","meta":{"_acf_changed":false},"product_brand":[],"product_cat":[99,73,130,395],"product_tag":[189,359],"class_list":{"0":"post-8083","1":"product","2":"type-product","3":"status-publish","4":"has-post-thumbnail","6":"product_cat-online-kurzy-programovacie-jazyky","7":"product_cat-bez-kategorie","8":"product_cat-online-kurzy-testovanie-softveru-programovanie","9":"product_cat-online-kurzy-selenium","10":"product_tag-programovacie-jazyky","11":"product_tag-selenium","13":"first","14":"instock","15":"sale","16":"sold-individually","17":"taxable","18":"shipping-taxable","19":"purchasable","20":"product-type-simple"},"yoast_head":"<!-- This site is optimized with the Yoast SEO Premium plugin v25.0 (Yoast SEO v25.0) - https:\/\/yoast.com\/wordpress\/plugins\/seo\/ -->\n<title>Online kurz Selenium v4 I. Za\u010diato\u010dn\u00edk  | VITA<\/title>\n<meta name=\"description\" content=\"Nau\u010d\u00edme \u0165a vyu\u017e\u00edva\u0165 Selenium IDE a zvl\u00e1dne\u0161 tie\u017e nahr\u00e1vanie a ladenie testov.\" \/>\n<meta name=\"robots\" content=\"index, follow, max-snippet:-1, max-image-preview:large, max-video-preview:-1\" \/>\n<link rel=\"canonical\" href=\"https:\/\/www.vita.sk\/selenium-v4-i-zaciatocnik\/\" \/>\n<meta property=\"og:locale\" content=\"en_US\" \/>\n<meta property=\"og:type\" content=\"article\" \/>\n<meta property=\"og:title\" content=\"Online kurz Selenium v4 I. Za\u010diato\u010dn\u00edk\" \/>\n<meta property=\"og:description\" content=\"Nau\u010d\u00edme \u0165a vyu\u017e\u00edva\u0165 Selenium IDE a zvl\u00e1dne\u0161 tie\u017e nahr\u00e1vanie a ladenie testov.\" \/>\n<meta property=\"og:url\" content=\"https:\/\/www.vita.sk\/selenium-v4-i-zaciatocnik\/\" \/>\n<meta property=\"og:site_name\" content=\"VITA\" \/>\n<meta property=\"article:publisher\" content=\"https:\/\/www.facebook.com\/VitaAcademySK\" \/>\n<meta property=\"article:modified_time\" content=\"2024-06-07T12:25:25+00:00\" \/>\n<meta property=\"og:image\" content=\"https:\/\/www.vita.sk\/wp-content\/uploads\/2020\/11\/kurz-Selenium.png\" \/>\n\t<meta property=\"og:image:width\" content=\"360\" \/>\n\t<meta property=\"og:image:height\" content=\"360\" \/>\n\t<meta property=\"og:image:type\" content=\"image\/png\" \/>\n<meta name=\"twitter:card\" content=\"summary_large_image\" \/>\n<meta name=\"twitter:label1\" content=\"Est. reading time\" \/>\n\t<meta name=\"twitter:data1\" content=\"1 minute\" \/>\n<script type=\"application\/ld+json\" class=\"yoast-schema-graph\">{\n\t    \"@context\": \"https:\/\/schema.org\",\n\t    \"@graph\": [\n\t        {\n\t            \"@type\": \"WebPage\",\n\t            \"@id\": \"https:\/\/www.vita.sk\/selenium-v4-i-zaciatocnik\/\",\n\t            \"url\": \"https:\/\/www.vita.sk\/selenium-v4-i-zaciatocnik\/\",\n\t            \"name\": \"Online kurz Selenium v4 I. Za\u010diato\u010dn\u00edk 2024 | VITA\",\n\t            \"isPartOf\": {\n\t                \"@id\": \"https:\/\/www.vita.sk\/#website\"\n\t            },\n\t            \"primaryImageOfPage\": {\n\t                \"@id\": \"https:\/\/www.vita.sk\/selenium-v4-i-zaciatocnik\/#primaryimage\"\n\t            },\n\t            \"image\": {\n\t                \"@id\": \"https:\/\/www.vita.sk\/selenium-v4-i-zaciatocnik\/#primaryimage\"\n\t            },\n\t            \"thumbnailUrl\": \"https:\/\/www.vita.sk\/wp-content\/uploads\/2020\/11\/kurz-Selenium.png\",\n\t            \"datePublished\": \"2021-11-29T10:56:33+00:00\",\n\t            \"dateModified\": \"2024-06-07T12:25:25+00:00\",\n\t            \"description\": \"Nau\u010d\u00edme \u0165a vyu\u017e\u00edva\u0165 Selenium IDE a zvl\u00e1dne\u0161 tie\u017e nahr\u00e1vanie a ladenie testov.\",\n\t            \"breadcrumb\": {\n\t                \"@id\": \"https:\/\/www.vita.sk\/selenium-v4-i-zaciatocnik\/#breadcrumb\"\n\t            },\n\t            \"inLanguage\": \"en-US\",\n\t            \"potentialAction\": [\n\t                {\n\t                    \"@type\": \"ReadAction\",\n\t                    \"target\": [\n\t                        \"https:\/\/www.vita.sk\/selenium-v4-i-zaciatocnik\/\"\n\t                    ]\n\t                }\n\t            ]\n\t        },\n\t        {\n\t            \"@type\": \"ImageObject\",\n\t            \"inLanguage\": \"en-US\",\n\t            \"@id\": \"https:\/\/www.vita.sk\/selenium-v4-i-zaciatocnik\/#primaryimage\",\n\t            \"url\": \"https:\/\/www.vita.sk\/wp-content\/uploads\/2020\/11\/kurz-Selenium.png\",\n\t            \"contentUrl\": \"https:\/\/www.vita.sk\/wp-content\/uploads\/2020\/11\/kurz-Selenium.png\",\n\t            \"width\": 360,\n\t            \"height\": 360,\n\t            \"caption\": \"Online kurz Selenium\"\n\t        },\n\t        {\n\t            \"@type\": \"BreadcrumbList\",\n\t            \"@id\": \"https:\/\/www.vita.sk\/selenium-v4-i-zaciatocnik\/#breadcrumb\",\n\t            \"itemListElement\": [\n\t                {\n\t                    \"@type\": \"ListItem\",\n\t                    \"position\": 1,\n\t                    \"name\": \"VITA Academy\",\n\t                    \"item\": \"https:\/\/www.vita.sk\/en\/\"\n\t                },\n\t                {\n\t                    \"@type\": \"ListItem\",\n\t                    \"position\": 2,\n\t                    \"name\": \"Shop\",\n\t                    \"item\": \"https:\/\/www.vita.sk\/shop\/\"\n\t                },\n\t                {\n\t                    \"@type\": \"ListItem\",\n\t                    \"position\": 3,\n\t                    \"name\": \"Programovacie Jazyky\",\n\t                    \"item\": \"https:\/\/www.vita.sk\/online-kurzy-programovacie-jazyky\/\"\n\t                },\n\t                {\n\t                    \"@type\": \"ListItem\",\n\t                    \"position\": 4,\n\t                    \"name\": \"Selenium\",\n\t                    \"item\": \"https:\/\/www.vita.sk\/online-kurzy-selenium\/\"\n\t                },\n\t                {\n\t                    \"@type\": \"ListItem\",\n\t                    \"position\": 5,\n\t                    \"name\": \"Online kurz Selenium v4 I. Za\u010diato\u010dn\u00edk\"\n\t                }\n\t            ]\n\t        },\n\t        {\n\t            \"@type\": \"WebSite\",\n\t            \"@id\": \"https:\/\/www.vita.sk\/#website\",\n\t            \"url\": \"https:\/\/www.vita.sk\/\",\n\t            \"name\": \"VITA\",\n\t            \"description\": \"\",\n\t            \"publisher\": {\n\t                \"@id\": \"https:\/\/www.vita.sk\/#organization\"\n\t            },\n\t            \"potentialAction\": [\n\t                {\n\t                    \"@type\": \"SearchAction\",\n\t                    \"target\": {\n\t                        \"@type\": \"EntryPoint\",\n\t                        \"urlTemplate\": \"https:\/\/www.vita.sk\/?s={search_term_string}\"\n\t                    },\n\t                    \"query-input\": {\n\t                        \"@type\": \"PropertyValueSpecification\",\n\t                        \"valueRequired\": true,\n\t                        \"valueName\": \"search_term_string\"\n\t                    }\n\t                }\n\t            ],\n\t            \"inLanguage\": \"en-US\"\n\t        },\n\t        {\n\t            \"email\": \"admin@vita.sk\",\n\t            \"logo\": \"https:\/\/www.vita.sk\/img\/vita_logo.png \",\n\t            \"address\": {\n\t                \"type\": \"PostalAddress\",\n\t                \"streetAddress\": \"Tom\u00e1\u0161ikova 50\/A\",\n\t                \"addressLocality\": \"Bratislava\",\n\t                \"postalCode\": \"83104\",\n\t                \"addressCountry\": {\n\t                    \"name\": \"SK\",\n\t                    \"type\": \"Country\"\n\t                }\n\t            },\n\t            \"contactPoint\": {\n\t                \"type\": \"ContactPoint\",\n\t                \"telephone\": \"+421 907 375\u00a0543\",\n\t                \"Email\": \"admin@vita.sk\",\n\t                \"contactType\": \"customer service\"\n\t            },\n\t            \"sameAs\": [\n\t                \"https:\/\/www.facebook.com\/VitaAcademySK\/\",\n\t                \"https:\/\/www.linkedin.com\/company\/vita-academy\/\"\n\t            ]\n\t        }\n\t    ]\n\t}<\/script>\n<!-- \/ Yoast SEO Premium plugin. -->","yoast_head_json":{"title":"Online kurz Selenium v4 I. Za\u010diato\u010dn\u00edk  | VITA","description":"Nau\u010d\u00edme \u0165a vyu\u017e\u00edva\u0165 Selenium IDE a zvl\u00e1dne\u0161 tie\u017e nahr\u00e1vanie a ladenie testov.","robots":{"index":"index","follow":"follow","max-snippet":"max-snippet:-1","max-image-preview":"max-image-preview:large","max-video-preview":"max-video-preview:-1"},"canonical":"https:\/\/www.vita.sk\/selenium-v4-i-zaciatocnik\/","og_locale":"en_US","og_type":"article","og_title":"Online kurz Selenium v4 I. Za\u010diato\u010dn\u00edk","og_description":"Nau\u010d\u00edme \u0165a vyu\u017e\u00edva\u0165 Selenium IDE a zvl\u00e1dne\u0161 tie\u017e nahr\u00e1vanie a ladenie testov.","og_url":"https:\/\/www.vita.sk\/selenium-v4-i-zaciatocnik\/","og_site_name":"VITA","article_publisher":"https:\/\/www.facebook.com\/VitaAcademySK","article_modified_time":"2024-06-07T12:25:25+00:00","og_image":[{"width":360,"height":360,"url":"https:\/\/www.vita.sk\/wp-content\/uploads\/2020\/11\/kurz-Selenium.png","type":"image\/png"}],"twitter_card":"summary_large_image","twitter_misc":{"Est. reading time":"1 minute"},"schema":{"@context":"https:\/\/schema.org","@graph":[{"@type":"WebPage","@id":"https:\/\/www.vita.sk\/selenium-v4-i-zaciatocnik\/","url":"https:\/\/www.vita.sk\/selenium-v4-i-zaciatocnik\/","name":"Online kurz Selenium v4 I. Za\u010diato\u010dn\u00edk 2024 | VITA","isPartOf":{"@id":"https:\/\/www.vita.sk\/#website"},"primaryImageOfPage":{"@id":"https:\/\/www.vita.sk\/selenium-v4-i-zaciatocnik\/#primaryimage"},"image":{"@id":"https:\/\/www.vita.sk\/selenium-v4-i-zaciatocnik\/#primaryimage"},"thumbnailUrl":"https:\/\/www.vita.sk\/wp-content\/uploads\/2020\/11\/kurz-Selenium.png","datePublished":"2021-11-29T10:56:33+00:00","dateModified":"2024-06-07T12:25:25+00:00","description":"Nau\u010d\u00edme \u0165a vyu\u017e\u00edva\u0165 Selenium IDE a zvl\u00e1dne\u0161 tie\u017e nahr\u00e1vanie a ladenie testov.","breadcrumb":{"@id":"https:\/\/www.vita.sk\/selenium-v4-i-zaciatocnik\/#breadcrumb"},"inLanguage":"en-US","potentialAction":[{"@type":"ReadAction","target":["https:\/\/www.vita.sk\/selenium-v4-i-zaciatocnik\/"]}]},{"@type":"ImageObject","inLanguage":"en-US","@id":"https:\/\/www.vita.sk\/selenium-v4-i-zaciatocnik\/#primaryimage","url":"https:\/\/www.vita.sk\/wp-content\/uploads\/2020\/11\/kurz-Selenium.png","contentUrl":"https:\/\/www.vita.sk\/wp-content\/uploads\/2020\/11\/kurz-Selenium.png","width":360,"height":360,"caption":"Online kurz Selenium"},{"@type":"BreadcrumbList","@id":"https:\/\/www.vita.sk\/selenium-v4-i-zaciatocnik\/#breadcrumb","itemListElement":[{"@type":"ListItem","position":1,"name":"VITA Academy","item":"https:\/\/www.vita.sk\/en\/"},{"@type":"ListItem","position":2,"name":"Shop","item":"https:\/\/www.vita.sk\/shop\/"},{"@type":"ListItem","position":3,"name":"Programovacie Jazyky","item":"https:\/\/www.vita.sk\/online-kurzy-programovacie-jazyky\/"},{"@type":"ListItem","position":4,"name":"Selenium","item":"https:\/\/www.vita.sk\/online-kurzy-selenium\/"},{"@type":"ListItem","position":5,"name":"Online kurz Selenium v4 I. Za\u010diato\u010dn\u00edk"}]},{"@type":"WebSite","@id":"https:\/\/www.vita.sk\/#website","url":"https:\/\/www.vita.sk\/","name":"VITA","description":"","publisher":{"@id":"https:\/\/www.vita.sk\/#organization"},"potentialAction":[{"@type":"SearchAction","target":{"@type":"EntryPoint","urlTemplate":"https:\/\/www.vita.sk\/?s={search_term_string}"},"query-input":{"@type":"PropertyValueSpecification","valueRequired":true,"valueName":"search_term_string"}}],"inLanguage":"en-US"},{"email":"admin@vita.sk","logo":"https:\/\/www.vita.sk\/img\/vita_logo.png ","address":{"type":"PostalAddress","streetAddress":"Tom\u00e1\u0161ikova 50\/A","addressLocality":"Bratislava","postalCode":"83104","addressCountry":{"name":"SK","type":"Country"}},"contactPoint":{"type":"ContactPoint","telephone":"+421 907 375\u00a0543","Email":"admin@vita.sk","contactType":"customer service"},"sameAs":["https:\/\/www.facebook.com\/VitaAcademySK\/","https:\/\/www.linkedin.com\/company\/vita-academy\/"]}]}},"acf":[],"_links":{"self":[{"href":"https:\/\/www.vita.sk\/en\/wp-json\/wp\/v2\/product\/8083","targetHints":{"allow":["GET"]}}],"collection":[{"href":"https:\/\/www.vita.sk\/en\/wp-json\/wp\/v2\/product"}],"about":[{"href":"https:\/\/www.vita.sk\/en\/wp-json\/wp\/v2\/types\/product"}],"author":[{"embeddable":true,"href":"https:\/\/www.vita.sk\/en\/wp-json\/wp\/v2\/users\/4"}],"replies":[{"embeddable":true,"href":"https:\/\/www.vita.sk\/en\/wp-json\/wp\/v2\/comments?post=8083"}],"wp:featuredmedia":[{"embeddable":true,"href":"https:\/\/www.vita.sk\/en\/wp-json\/wp\/v2\/media\/4248"}],"wp:attachment":[{"href":"https:\/\/www.vita.sk\/en\/wp-json\/wp\/v2\/media?parent=8083"}],"wp:term":[{"taxonomy":"product_brand","embeddable":true,"href":"https:\/\/www.vita.sk\/en\/wp-json\/wp\/v2\/product_brand?post=8083"},{"taxonomy":"product_cat","embeddable":true,"href":"https:\/\/www.vita.sk\/en\/wp-json\/wp\/v2\/product_cat?post=8083"},{"taxonomy":"product_tag","embeddable":true,"href":"https:\/\/www.vita.sk\/en\/wp-json\/wp\/v2\/product_tag?post=8083"}],"curies":[{"name":"wp","href":"https:\/\/api.w.org\/{rel}","templated":true}]}}