{"id":812,"date":"2021-07-29T14:52:53","date_gmt":"2021-07-29T12:52:53","guid":{"rendered":"http:\/\/vita.sk.vps324.nameserver.sk\/?post_type=product&#038;p=812"},"modified":"2025-12-20T12:46:16","modified_gmt":"2025-12-20T11:46:16","slug":"online-kurz-wordpress-i-zaciatocnik","status":"publish","type":"product","link":"https:\/\/www.vita.sk\/en\/online-kurz-wordpress-i-zaciatocnik\/","title":{"rendered":"Online kurz WordPress I. Za\u010diato\u010dn\u00edk"},"content":{"rendered":"<p>Online kurz WordPress I. Za\u010diato\u010dn\u00edk je pre v\u00e1s ide\u00e1lny, ak sa chcete nau\u010di\u0165, ako vytvori\u0165 a spravova\u0165 webov\u00fa str\u00e1nku pomocou najpopul\u00e1rnej\u0161ieho redak\u010dn\u00e9ho syst\u00e9mu na svete a na Slovensku a to WordPress. <strong>Ide o jedin\u00fd akreditovan\u00fd a certifikovan\u00fd online kurz na WordPress na Slovensku.<\/strong>\u00a0Tento kurz je ur\u010den\u00fd pre t\u00fdch, ktor\u00ed za\u010d\u00ednaj\u00fa s tvorbou webov a chc\u00fa sa nau\u010di\u0165 z\u00e1kladn\u00e9 princ\u00edpy a n\u00e1stroje potrebn\u00e9 na efekt\u00edvne pou\u017e\u00edvanie WordPressu.\u00a0V kurze sa nau\u010d\u00edte, ako nastavi\u0165 WordPress, nain\u0161talova\u0165 potrebn\u00e9 t\u00e9my a pluginy, ako aj ako prisp\u00f4sobi\u0165 vzh\u013ead a funk\u010dnos\u0165 va\u0161ich str\u00e1nok bez potreby programovania. Osvoj\u00edte si z\u00e1kladn\u00e9 zru\u010dnosti pri tvorbe a spr\u00e1ve obsahu, ako s\u00fa p\u00edsanie a \u00faprava pr\u00edspevkov a str\u00e1nok, prid\u00e1vanie m\u00e9di\u00ed, ako aj organizovanie obsahu v r\u00e1mci menu a kateg\u00f3ri\u00ed. Kurz v\u00e1s tie\u017e obozn\u00e1mi so z\u00e1kladmi SEO (optimaliz\u00e1cia pre vyh\u013ead\u00e1va\u010de) a \u010fal\u0161\u00edmi u\u017eito\u010dn\u00fdmi n\u00e1strojmi na zlep\u0161enie v\u00fdkonu a bezpe\u010dnosti webovej str\u00e1nky. Uk\u00e1\u017eeme si ako sa chr\u00e1ni\u0165 pre spamom a ako zabezpe\u010di\u0165 emailov\u00fa komunik\u00e1ciu pomocou DKIM, DMARC a DNS. Nau\u010d\u00edte sa vytv\u00e1ra\u0165 testy a prid\u00e1va\u0165 PDF s\u00fabory. Tento kurz je ide\u00e1lny pre za\u010diato\u010dn\u00edkov, ktor\u00ed chc\u00fa za\u010da\u0165 s tvorbou svojich vlastn\u00fdch webov, blogov alebo mal\u00fdch online obchodov. Ak sa chcete skuto\u010dne nau\u010di\u0165 pou\u017e\u00edva\u0165 WordPress a v \u0148om tvori\u0165 webstr\u00e1nky a eshopy, tak toto je ide\u00e1lny vstupn\u00fd online kurz pre v\u00e1s.<\/p>\n","protected":false},"excerpt":{"rendered":"<p>Online kurz WordPress I. Za\u010diato\u010dn\u00edk v\u00e1s nau\u010d\u00ed vytv\u00e1ra\u0165, upravova\u0165 a spravova\u0165 vlastn\u00e9 webov\u00e9 str\u00e1nky bez potreby programovania, od prvotnej in\u0161tal\u00e1cie a\u017e po pr\u00e1cu s obsahom, pluginmi a t\u00e9mami. Z\u00edskate praktick\u00e9 z\u00e1klady, ktor\u00e9 v\u00e1m umo\u017enia postavi\u0165 plnohodnotn\u00fd web pre podnikanie s eshopom, blog alebo osobn\u00e9 projekty.","protected":false},"author":4,"featured_media":964,"comment_status":"open","ping_status":"closed","template":"","meta":{"_acf_changed":false},"product_brand":[],"product_cat":[127,114,73],"product_tag":[193,481],"class_list":{"0":"post-812","1":"product","2":"type-product","3":"status-publish","4":"has-post-thumbnail","6":"product_cat-online-kurzy-wordpress","7":"product_cat-online-kurzy-tvorba-web-stranok","8":"product_cat-bez-kategorie","9":"product_tag-tvorba-web-stranok","10":"product_tag-wordpress","12":"first","13":"instock","14":"sale","15":"sold-individually","16":"taxable","17":"shipping-taxable","18":"purchasable","19":"product-type-simple"},"yoast_head":"<!-- This site is optimized with the Yoast SEO Premium plugin v25.0 (Yoast SEO v25.0) - https:\/\/yoast.com\/wordpress\/plugins\/seo\/ -->\n<title>Online kurz WordPress pre za\u010diato\u010dn\u00edkov 2026 | VITA<\/title>\n<meta name=\"description\" content=\"V online kurze WordPress I. Za\u010diato\u010dn\u00edk sa nau\u010d\u00edte vytv\u00e1ra\u0165 a spravova\u0165 webov\u00e9 str\u00e1nky pomocou WordPressu aj bez programovania. \u2705\" \/>\n<meta name=\"robots\" content=\"index, follow, max-snippet:-1, max-image-preview:large, max-video-preview:-1\" \/>\n<link rel=\"canonical\" href=\"https:\/\/www.vita.sk\/online-kurz-wordpress-i-zaciatocnik\/\" \/>\n<meta property=\"og:locale\" content=\"en_US\" \/>\n<meta property=\"og:type\" content=\"article\" \/>\n<meta property=\"og:title\" content=\"Online kurz WordPress I. Za\u010diato\u010dn\u00edk\" \/>\n<meta property=\"og:description\" content=\"V online kurze WordPress I. Za\u010diato\u010dn\u00edk sa nau\u010d\u00edte vytv\u00e1ra\u0165 a spravova\u0165 webov\u00e9 str\u00e1nky pomocou WordPressu aj bez programovania. \u2705\" \/>\n<meta property=\"og:url\" content=\"https:\/\/www.vita.sk\/online-kurz-wordpress-i-zaciatocnik\/\" \/>\n<meta property=\"og:site_name\" content=\"VITA\" \/>\n<meta property=\"article:publisher\" content=\"https:\/\/www.facebook.com\/VitaAcademySK\" \/>\n<meta property=\"article:modified_time\" content=\"2025-12-20T11:46:16+00:00\" \/>\n<meta property=\"og:image\" content=\"https:\/\/www.vita.sk\/wp-content\/uploads\/2019\/07\/wordpress-1.png\" \/>\n\t<meta property=\"og:image:width\" content=\"360\" \/>\n\t<meta property=\"og:image:height\" content=\"360\" \/>\n\t<meta property=\"og:image:type\" content=\"image\/png\" \/>\n<meta name=\"twitter:card\" content=\"summary_large_image\" \/>\n<meta name=\"twitter:label1\" content=\"Est. reading time\" \/>\n\t<meta name=\"twitter:data1\" content=\"2 minutes\" \/>\n<script type=\"application\/ld+json\" class=\"yoast-schema-graph\">{\n\t    \"@context\": \"https:\/\/schema.org\",\n\t    \"@graph\": [\n\t        {\n\t            \"@type\": \"WebPage\",\n\t            \"@id\": \"https:\/\/www.vita.sk\/online-kurz-wordpress-i-zaciatocnik\/\",\n\t            \"url\": \"https:\/\/www.vita.sk\/online-kurz-wordpress-i-zaciatocnik\/\",\n\t            \"name\": \"Online kurz WordPress pre za\u010diato\u010dn\u00edkov {Y} | VITA\",\n\t            \"isPartOf\": {\n\t                \"@id\": \"https:\/\/www.vita.sk\/#website\"\n\t            },\n\t            \"primaryImageOfPage\": {\n\t                \"@id\": \"https:\/\/www.vita.sk\/online-kurz-wordpress-i-zaciatocnik\/#primaryimage\"\n\t            },\n\t            \"image\": {\n\t                \"@id\": \"https:\/\/www.vita.sk\/online-kurz-wordpress-i-zaciatocnik\/#primaryimage\"\n\t            },\n\t            \"thumbnailUrl\": \"https:\/\/www.vita.sk\/wp-content\/uploads\/2019\/07\/wordpress-1.png\",\n\t            \"datePublished\": \"2021-07-29T12:52:53+00:00\",\n\t            \"dateModified\": \"2025-12-20T11:46:16+00:00\",\n\t            \"description\": \"V online kurze WordPress I. Za\u010diato\u010dn\u00edk sa nau\u010d\u00edte vytv\u00e1ra\u0165 a spravova\u0165 webov\u00e9 str\u00e1nky pomocou WordPressu aj bez programovania. \u2705\",\n\t            \"breadcrumb\": {\n\t                \"@id\": \"https:\/\/www.vita.sk\/online-kurz-wordpress-i-zaciatocnik\/#breadcrumb\"\n\t            },\n\t            \"inLanguage\": \"en-US\",\n\t            \"potentialAction\": [\n\t                {\n\t                    \"@type\": \"ReadAction\",\n\t                    \"target\": [\n\t                        \"https:\/\/www.vita.sk\/online-kurz-wordpress-i-zaciatocnik\/\"\n\t                    ]\n\t                }\n\t            ]\n\t        },\n\t        {\n\t            \"@type\": \"ImageObject\",\n\t            \"inLanguage\": \"en-US\",\n\t            \"@id\": \"https:\/\/www.vita.sk\/online-kurz-wordpress-i-zaciatocnik\/#primaryimage\",\n\t            \"url\": \"https:\/\/www.vita.sk\/wp-content\/uploads\/2019\/07\/wordpress-1.png\",\n\t            \"contentUrl\": \"https:\/\/www.vita.sk\/wp-content\/uploads\/2019\/07\/wordpress-1.png\",\n\t            \"width\": 360,\n\t            \"height\": 360,\n\t            \"caption\": \"Online kurz WordPress\"\n\t        },\n\t        {\n\t            \"@type\": \"BreadcrumbList\",\n\t            \"@id\": \"https:\/\/www.vita.sk\/online-kurz-wordpress-i-zaciatocnik\/#breadcrumb\",\n\t            \"itemListElement\": [\n\t                {\n\t                    \"@type\": \"ListItem\",\n\t                    \"position\": 1,\n\t                    \"name\": \"VITA Academy\",\n\t                    \"item\": \"https:\/\/www.vita.sk\/en\/\"\n\t                },\n\t                {\n\t                    \"@type\": \"ListItem\",\n\t                    \"position\": 2,\n\t                    \"name\": \"Shop\",\n\t                    \"item\": \"https:\/\/www.vita.sk\/shop\/\"\n\t                },\n\t                {\n\t                    \"@type\": \"ListItem\",\n\t                    \"position\": 3,\n\t                    \"name\": \"Tvorba Web Str\u00e1nok\",\n\t                    \"item\": \"https:\/\/www.vita.sk\/online-kurzy-tvorba-web-stranok\/\"\n\t                },\n\t                {\n\t                    \"@type\": \"ListItem\",\n\t                    \"position\": 4,\n\t                    \"name\": \"WordPress\",\n\t                    \"item\": \"https:\/\/www.vita.sk\/online-kurzy-wordpress\/\"\n\t                },\n\t                {\n\t                    \"@type\": \"ListItem\",\n\t                    \"position\": 5,\n\t                    \"name\": \"Online kurz WordPress I. Za\u010diato\u010dn\u00edk\"\n\t                }\n\t            ]\n\t        },\n\t        {\n\t            \"@type\": \"WebSite\",\n\t            \"@id\": \"https:\/\/www.vita.sk\/#website\",\n\t            \"url\": \"https:\/\/www.vita.sk\/\",\n\t            \"name\": \"VITA\",\n\t            \"description\": \"\",\n\t            \"publisher\": {\n\t                \"@id\": \"https:\/\/www.vita.sk\/#organization\"\n\t            },\n\t            \"potentialAction\": [\n\t                {\n\t                    \"@type\": \"SearchAction\",\n\t                    \"target\": {\n\t                        \"@type\": \"EntryPoint\",\n\t                        \"urlTemplate\": \"https:\/\/www.vita.sk\/?s={search_term_string}\"\n\t                    },\n\t                    \"query-input\": {\n\t                        \"@type\": \"PropertyValueSpecification\",\n\t                        \"valueRequired\": true,\n\t                        \"valueName\": \"search_term_string\"\n\t                    }\n\t                }\n\t            ],\n\t            \"inLanguage\": \"en-US\"\n\t        },\n\t        {\n\t            \"email\": \"admin@vita.sk\",\n\t            \"logo\": \"https:\/\/www.vita.sk\/img\/vita_logo.png \",\n\t            \"address\": {\n\t                \"type\": \"PostalAddress\",\n\t                \"streetAddress\": \"Tom\u00e1\u0161ikova 50\/A\",\n\t                \"addressLocality\": \"Bratislava\",\n\t                \"postalCode\": \"83104\",\n\t                \"addressCountry\": {\n\t                    \"name\": \"SK\",\n\t                    \"type\": \"Country\"\n\t                }\n\t            },\n\t            \"contactPoint\": {\n\t                \"type\": \"ContactPoint\",\n\t                \"telephone\": \"+421 907 375\u00a0543\",\n\t                \"Email\": \"admin@vita.sk\",\n\t                \"contactType\": \"customer service\"\n\t            },\n\t            \"sameAs\": [\n\t                \"https:\/\/www.facebook.com\/VitaAcademySK\/\",\n\t                \"https:\/\/www.linkedin.com\/company\/vita-academy\/\"\n\t            ]\n\t        }\n\t    ]\n\t}<\/script>\n<!-- \/ Yoast SEO Premium plugin. -->","yoast_head_json":{"title":"Online kurz WordPress pre za\u010diato\u010dn\u00edkov 2026 | VITA","description":"V online kurze WordPress I. Za\u010diato\u010dn\u00edk sa nau\u010d\u00edte vytv\u00e1ra\u0165 a spravova\u0165 webov\u00e9 str\u00e1nky pomocou WordPressu aj bez programovania. \u2705","robots":{"index":"index","follow":"follow","max-snippet":"max-snippet:-1","max-image-preview":"max-image-preview:large","max-video-preview":"max-video-preview:-1"},"canonical":"https:\/\/www.vita.sk\/online-kurz-wordpress-i-zaciatocnik\/","og_locale":"en_US","og_type":"article","og_title":"Online kurz WordPress I. Za\u010diato\u010dn\u00edk","og_description":"V online kurze WordPress I. Za\u010diato\u010dn\u00edk sa nau\u010d\u00edte vytv\u00e1ra\u0165 a spravova\u0165 webov\u00e9 str\u00e1nky pomocou WordPressu aj bez programovania. \u2705","og_url":"https:\/\/www.vita.sk\/online-kurz-wordpress-i-zaciatocnik\/","og_site_name":"VITA","article_publisher":"https:\/\/www.facebook.com\/VitaAcademySK","article_modified_time":"2025-12-20T11:46:16+00:00","og_image":[{"width":360,"height":360,"url":"https:\/\/www.vita.sk\/wp-content\/uploads\/2019\/07\/wordpress-1.png","type":"image\/png"}],"twitter_card":"summary_large_image","twitter_misc":{"Est. reading time":"2 minutes"},"schema":{"@context":"https:\/\/schema.org","@graph":[{"@type":"WebPage","@id":"https:\/\/www.vita.sk\/online-kurz-wordpress-i-zaciatocnik\/","url":"https:\/\/www.vita.sk\/online-kurz-wordpress-i-zaciatocnik\/","name":"Online kurz WordPress pre za\u010diato\u010dn\u00edkov {Y} | VITA","isPartOf":{"@id":"https:\/\/www.vita.sk\/#website"},"primaryImageOfPage":{"@id":"https:\/\/www.vita.sk\/online-kurz-wordpress-i-zaciatocnik\/#primaryimage"},"image":{"@id":"https:\/\/www.vita.sk\/online-kurz-wordpress-i-zaciatocnik\/#primaryimage"},"thumbnailUrl":"https:\/\/www.vita.sk\/wp-content\/uploads\/2019\/07\/wordpress-1.png","datePublished":"2021-07-29T12:52:53+00:00","dateModified":"2025-12-20T11:46:16+00:00","description":"V online kurze WordPress I. Za\u010diato\u010dn\u00edk sa nau\u010d\u00edte vytv\u00e1ra\u0165 a spravova\u0165 webov\u00e9 str\u00e1nky pomocou WordPressu aj bez programovania. \u2705","breadcrumb":{"@id":"https:\/\/www.vita.sk\/online-kurz-wordpress-i-zaciatocnik\/#breadcrumb"},"inLanguage":"en-US","potentialAction":[{"@type":"ReadAction","target":["https:\/\/www.vita.sk\/online-kurz-wordpress-i-zaciatocnik\/"]}]},{"@type":"ImageObject","inLanguage":"en-US","@id":"https:\/\/www.vita.sk\/online-kurz-wordpress-i-zaciatocnik\/#primaryimage","url":"https:\/\/www.vita.sk\/wp-content\/uploads\/2019\/07\/wordpress-1.png","contentUrl":"https:\/\/www.vita.sk\/wp-content\/uploads\/2019\/07\/wordpress-1.png","width":360,"height":360,"caption":"Online kurz WordPress"},{"@type":"BreadcrumbList","@id":"https:\/\/www.vita.sk\/online-kurz-wordpress-i-zaciatocnik\/#breadcrumb","itemListElement":[{"@type":"ListItem","position":1,"name":"VITA Academy","item":"https:\/\/www.vita.sk\/en\/"},{"@type":"ListItem","position":2,"name":"Shop","item":"https:\/\/www.vita.sk\/shop\/"},{"@type":"ListItem","position":3,"name":"Tvorba Web Str\u00e1nok","item":"https:\/\/www.vita.sk\/online-kurzy-tvorba-web-stranok\/"},{"@type":"ListItem","position":4,"name":"WordPress","item":"https:\/\/www.vita.sk\/online-kurzy-wordpress\/"},{"@type":"ListItem","position":5,"name":"Online kurz WordPress I. Za\u010diato\u010dn\u00edk"}]},{"@type":"WebSite","@id":"https:\/\/www.vita.sk\/#website","url":"https:\/\/www.vita.sk\/","name":"VITA","description":"","publisher":{"@id":"https:\/\/www.vita.sk\/#organization"},"potentialAction":[{"@type":"SearchAction","target":{"@type":"EntryPoint","urlTemplate":"https:\/\/www.vita.sk\/?s={search_term_string}"},"query-input":{"@type":"PropertyValueSpecification","valueRequired":true,"valueName":"search_term_string"}}],"inLanguage":"en-US"},{"email":"admin@vita.sk","logo":"https:\/\/www.vita.sk\/img\/vita_logo.png ","address":{"type":"PostalAddress","streetAddress":"Tom\u00e1\u0161ikova 50\/A","addressLocality":"Bratislava","postalCode":"83104","addressCountry":{"name":"SK","type":"Country"}},"contactPoint":{"type":"ContactPoint","telephone":"+421 907 375\u00a0543","Email":"admin@vita.sk","contactType":"customer service"},"sameAs":["https:\/\/www.facebook.com\/VitaAcademySK\/","https:\/\/www.linkedin.com\/company\/vita-academy\/"]}]}},"acf":[],"_links":{"self":[{"href":"https:\/\/www.vita.sk\/en\/wp-json\/wp\/v2\/product\/812","targetHints":{"allow":["GET"]}}],"collection":[{"href":"https:\/\/www.vita.sk\/en\/wp-json\/wp\/v2\/product"}],"about":[{"href":"https:\/\/www.vita.sk\/en\/wp-json\/wp\/v2\/types\/product"}],"author":[{"embeddable":true,"href":"https:\/\/www.vita.sk\/en\/wp-json\/wp\/v2\/users\/4"}],"replies":[{"embeddable":true,"href":"https:\/\/www.vita.sk\/en\/wp-json\/wp\/v2\/comments?post=812"}],"wp:featuredmedia":[{"embeddable":true,"href":"https:\/\/www.vita.sk\/en\/wp-json\/wp\/v2\/media\/964"}],"wp:attachment":[{"href":"https:\/\/www.vita.sk\/en\/wp-json\/wp\/v2\/media?parent=812"}],"wp:term":[{"taxonomy":"product_brand","embeddable":true,"href":"https:\/\/www.vita.sk\/en\/wp-json\/wp\/v2\/product_brand?post=812"},{"taxonomy":"product_cat","embeddable":true,"href":"https:\/\/www.vita.sk\/en\/wp-json\/wp\/v2\/product_cat?post=812"},{"taxonomy":"product_tag","embeddable":true,"href":"https:\/\/www.vita.sk\/en\/wp-json\/wp\/v2\/product_tag?post=812"}],"curies":[{"name":"wp","href":"https:\/\/api.w.org\/{rel}","templated":true}]}}