{"id":8202,"date":"2021-12-13T18:42:38","date_gmt":"2021-12-13T17:42:38","guid":{"rendered":"https:\/\/www.vita.sk\/?post_type=product&#038;p=8202"},"modified":"2024-10-31T08:58:56","modified_gmt":"2024-10-31T07:58:56","slug":"online-kurz-google-workspace-google-sheets-tabulky","status":"publish","type":"product","link":"https:\/\/www.vita.sk\/en\/online-kurz-google-workspace-google-sheets-tabulky\/","title":{"rendered":"Online kurz Google Workspace &#8211; Tabu\u013eky (Google Sheets)"},"content":{"rendered":"<p>Online kurz Google Tabu\u013eky (Google Sheets) je pre v\u00e1s ide\u00e1lny, ak sa chcete nau\u010di\u0165 efekt\u00edvne spracov\u00e1va\u0165 a analyzova\u0165 d\u00e1ta pomocou Google Sheets. Kurz v\u00e1s prevedie z\u00e1kladmi tvorby a \u00fapravy tabuliek, pou\u017e\u00edvania funkci\u00ed a vzorcov pre automatiz\u00e1ciu v\u00fdpo\u010dtov a organiz\u00e1ciu d\u00e1t. Z\u00edskate znalosti o vytv\u00e1ran\u00ed a filtrovan\u00ed \u00fadajov spolu s tvorbou preh\u013eadn\u00fdch zost\u00e1v. To v\u00e1m pom\u00f4\u017ee lep\u0161ie spravova\u0165 \u00fadaje a vizualizova\u0165 ich v\u00fdsledky pre potreby projektov a reportov. Nau\u010d\u00edte sa vyu\u017e\u00edva\u0165 v\u00fdhody online tabuliek Google Sheets oproti Microsoft Excel. Te\u0161i\u0165 sa m\u00f4\u017eete na n\u00e1stroj \u017eet\u00f3ny (Smart Chips), ktor\u00fd umo\u017en\u00ed odkazov na \u013eud\u00ed, udalosti vo formul\u00e1roch alebo rovno s\u00fabory. Budete vedie\u0165 vytvori\u0165 skuto\u010dn\u00e9 d\u00e1tov\u00e9 tabu\u013eky pre anal\u00fdzy a filtrovanie d\u00e1t. Ak sa chcete skuto\u010dne nau\u010di\u0165 pou\u017e\u00edva\u0165 Google Tabu\u013eky, tak toto je ide\u00e1lny vstupn\u00fd online kurz pre v\u00e1s.<\/p>\n","protected":false},"excerpt":{"rendered":"<p>Online kurz Google Tabu\u013eky (Google Sheets) je pre v\u00e1s ide\u00e1lny, ak sa chcete nau\u010di\u0165 efekt\u00edvne spracov\u00e1va\u0165 a analyzova\u0165 d\u00e1ta pomocou Google Sheets. Kurz v\u00e1s prevedie z\u00e1kladmi tvorby a \u00fapravy tabuliek, pou\u017e\u00edvania funkci\u00ed a vzorcov pre automatiz\u00e1ciu v\u00fdpo\u010dtov a organiz\u00e1ciu d\u00e1t. Z\u00edskate znalosti o vytv\u00e1ran\u00ed a filtrovan\u00ed \u00fadajov spolu s tvorbou preh\u013eadn\u00fdch zost\u00e1v.","protected":false},"author":4,"featured_media":17928,"comment_status":"open","ping_status":"closed","template":"","meta":{"_acf_changed":false},"product_brand":[],"product_cat":[66,363,73],"product_tag":[187,527],"class_list":{"0":"post-8202","1":"product","2":"type-product","3":"status-publish","4":"has-post-thumbnail","6":"product_cat-online-kurzy-kancelarske-baliky","7":"product_cat-online-kurzy-google-workspace","8":"product_cat-bez-kategorie","9":"product_tag-kancelarske-baliky","10":"product_tag-google","12":"first","13":"instock","14":"sale","15":"sold-individually","16":"taxable","17":"shipping-taxable","18":"purchasable","19":"product-type-simple"},"yoast_head":"<!-- This site is optimized with the Yoast SEO Premium plugin v25.0 (Yoast SEO v25.0) - https:\/\/yoast.com\/wordpress\/plugins\/seo\/ -->\n<title>Online kurz Google Workspace - Google Tabu\u013eky  | VITA<\/title>\n<meta name=\"description\" content=\"V online kurze Google Workspace \u2013 Google Sheets (Tabu\u013eky) sa nau\u010d\u00edte efekt\u00edvne pracova\u0165 s Google Tabu\u013ekami a efekt\u00edvne spravova\u0165 \u00fadaje. \u2705\" \/>\n<meta name=\"robots\" content=\"index, follow, max-snippet:-1, max-image-preview:large, max-video-preview:-1\" \/>\n<link rel=\"canonical\" href=\"https:\/\/www.vita.sk\/online-kurz-google-workspace-google-sheets-tabulky\/\" \/>\n<meta property=\"og:locale\" content=\"en_US\" \/>\n<meta property=\"og:type\" content=\"article\" \/>\n<meta property=\"og:title\" content=\"Online kurz Google Workspace - Tabu\u013eky (Google Sheets)\" \/>\n<meta property=\"og:description\" content=\"V online kurze Google Workspace \u2013 Google Sheets (Tabu\u013eky) sa nau\u010d\u00edte efekt\u00edvne pracova\u0165 s Google Tabu\u013ekami a efekt\u00edvne spravova\u0165 \u00fadaje. \u2705\" \/>\n<meta property=\"og:url\" content=\"https:\/\/www.vita.sk\/online-kurz-google-workspace-google-sheets-tabulky\/\" \/>\n<meta property=\"og:site_name\" content=\"VITA\" \/>\n<meta property=\"article:publisher\" content=\"https:\/\/www.facebook.com\/VitaAcademySK\" \/>\n<meta property=\"article:modified_time\" content=\"2024-10-31T07:58:56+00:00\" \/>\n<meta property=\"og:image\" content=\"https:\/\/www.vita.sk\/wp-content\/uploads\/2021\/12\/Online-kurz-Google-Workspace-Tabulky.png\" \/>\n\t<meta property=\"og:image:width\" content=\"360\" \/>\n\t<meta property=\"og:image:height\" content=\"360\" \/>\n\t<meta property=\"og:image:type\" content=\"image\/png\" \/>\n<meta name=\"twitter:card\" content=\"summary_large_image\" \/>\n<meta name=\"twitter:label1\" content=\"Est. reading time\" \/>\n\t<meta name=\"twitter:data1\" content=\"1 minute\" \/>\n<script type=\"application\/ld+json\" class=\"yoast-schema-graph\">{\n\t    \"@context\": \"https:\/\/schema.org\",\n\t    \"@graph\": [\n\t        {\n\t            \"@type\": \"WebPage\",\n\t            \"@id\": \"https:\/\/www.vita.sk\/online-kurz-google-workspace-google-sheets-tabulky\/\",\n\t            \"url\": \"https:\/\/www.vita.sk\/online-kurz-google-workspace-google-sheets-tabulky\/\",\n\t            \"name\": \"Online kurz Google Workspace - Google Tabu\u013eky 2024 | VITA\",\n\t            \"isPartOf\": {\n\t                \"@id\": \"https:\/\/www.vita.sk\/#website\"\n\t            },\n\t            \"primaryImageOfPage\": {\n\t                \"@id\": \"https:\/\/www.vita.sk\/online-kurz-google-workspace-google-sheets-tabulky\/#primaryimage\"\n\t            },\n\t            \"image\": {\n\t                \"@id\": \"https:\/\/www.vita.sk\/online-kurz-google-workspace-google-sheets-tabulky\/#primaryimage\"\n\t            },\n\t            \"thumbnailUrl\": \"https:\/\/www.vita.sk\/wp-content\/uploads\/2021\/12\/Online-kurz-Google-Workspace-Tabulky.png\",\n\t            \"datePublished\": \"2021-12-13T17:42:38+00:00\",\n\t            \"dateModified\": \"2024-10-31T07:58:56+00:00\",\n\t            \"description\": \"V online kurze Google Workspace \u2013 Google Sheets (Tabu\u013eky) sa nau\u010d\u00edte efekt\u00edvne pracova\u0165 s Google Tabu\u013ekami a efekt\u00edvne spravova\u0165 \u00fadaje. \u2705\",\n\t            \"breadcrumb\": {\n\t                \"@id\": \"https:\/\/www.vita.sk\/online-kurz-google-workspace-google-sheets-tabulky\/#breadcrumb\"\n\t            },\n\t            \"inLanguage\": \"en-US\",\n\t            \"potentialAction\": [\n\t                {\n\t                    \"@type\": \"ReadAction\",\n\t                    \"target\": [\n\t                        \"https:\/\/www.vita.sk\/online-kurz-google-workspace-google-sheets-tabulky\/\"\n\t                    ]\n\t                }\n\t            ]\n\t        },\n\t        {\n\t            \"@type\": \"ImageObject\",\n\t            \"inLanguage\": \"en-US\",\n\t            \"@id\": \"https:\/\/www.vita.sk\/online-kurz-google-workspace-google-sheets-tabulky\/#primaryimage\",\n\t            \"url\": \"https:\/\/www.vita.sk\/wp-content\/uploads\/2021\/12\/Online-kurz-Google-Workspace-Tabulky.png\",\n\t            \"contentUrl\": \"https:\/\/www.vita.sk\/wp-content\/uploads\/2021\/12\/Online-kurz-Google-Workspace-Tabulky.png\",\n\t            \"width\": 360,\n\t            \"height\": 360,\n\t            \"caption\": \"Kurz Google Workspace \u2013 Tabu\u013eky (Google Sheets)\"\n\t        },\n\t        {\n\t            \"@type\": \"BreadcrumbList\",\n\t            \"@id\": \"https:\/\/www.vita.sk\/online-kurz-google-workspace-google-sheets-tabulky\/#breadcrumb\",\n\t            \"itemListElement\": [\n\t                {\n\t                    \"@type\": \"ListItem\",\n\t                    \"position\": 1,\n\t                    \"name\": \"VITA Academy\",\n\t                    \"item\": \"https:\/\/www.vita.sk\/en\/\"\n\t                },\n\t                {\n\t                    \"@type\": \"ListItem\",\n\t                    \"position\": 2,\n\t                    \"name\": \"Shop\",\n\t                    \"item\": \"https:\/\/www.vita.sk\/shop\/\"\n\t                },\n\t                {\n\t                    \"@type\": \"ListItem\",\n\t                    \"position\": 3,\n\t                    \"name\": \"Kancel\u00e1rske Bal\u00edky\",\n\t                    \"item\": \"https:\/\/www.vita.sk\/online-kurzy-kancelarske-baliky\/\"\n\t                },\n\t                {\n\t                    \"@type\": \"ListItem\",\n\t                    \"position\": 4,\n\t                    \"name\": \"Google Workspace\",\n\t                    \"item\": \"https:\/\/www.vita.sk\/online-kurzy-google-workspace\/\"\n\t                },\n\t                {\n\t                    \"@type\": \"ListItem\",\n\t                    \"position\": 5,\n\t                    \"name\": \"Online kurz Google Workspace &#8211; Tabu\u013eky (Google Sheets)\"\n\t                }\n\t            ]\n\t        },\n\t        {\n\t            \"@type\": \"WebSite\",\n\t            \"@id\": \"https:\/\/www.vita.sk\/#website\",\n\t            \"url\": \"https:\/\/www.vita.sk\/\",\n\t            \"name\": \"VITA\",\n\t            \"description\": \"\",\n\t            \"publisher\": {\n\t                \"@id\": \"https:\/\/www.vita.sk\/#organization\"\n\t            },\n\t            \"potentialAction\": [\n\t                {\n\t                    \"@type\": \"SearchAction\",\n\t                    \"target\": {\n\t                        \"@type\": \"EntryPoint\",\n\t                        \"urlTemplate\": \"https:\/\/www.vita.sk\/?s={search_term_string}\"\n\t                    },\n\t                    \"query-input\": {\n\t                        \"@type\": \"PropertyValueSpecification\",\n\t                        \"valueRequired\": true,\n\t                        \"valueName\": \"search_term_string\"\n\t                    }\n\t                }\n\t            ],\n\t            \"inLanguage\": \"en-US\"\n\t        },\n\t        {\n\t            \"email\": \"admin@vita.sk\",\n\t            \"logo\": \"https:\/\/www.vita.sk\/img\/vita_logo.png \",\n\t            \"address\": {\n\t                \"type\": \"PostalAddress\",\n\t                \"streetAddress\": \"Tom\u00e1\u0161ikova 50\/A\",\n\t                \"addressLocality\": \"Bratislava\",\n\t                \"postalCode\": \"83104\",\n\t                \"addressCountry\": {\n\t                    \"name\": \"SK\",\n\t                    \"type\": \"Country\"\n\t                }\n\t            },\n\t            \"contactPoint\": {\n\t                \"type\": \"ContactPoint\",\n\t                \"telephone\": \"+421 907 375\u00a0543\",\n\t                \"Email\": \"admin@vita.sk\",\n\t                \"contactType\": \"customer service\"\n\t            },\n\t            \"sameAs\": [\n\t                \"https:\/\/www.facebook.com\/VitaAcademySK\/\",\n\t                \"https:\/\/www.linkedin.com\/company\/vita-academy\/\"\n\t            ]\n\t        }\n\t    ]\n\t}<\/script>\n<!-- \/ Yoast SEO Premium plugin. -->","yoast_head_json":{"title":"Online kurz Google Workspace - Google Tabu\u013eky  | VITA","description":"V online kurze Google Workspace \u2013 Google Sheets (Tabu\u013eky) sa nau\u010d\u00edte efekt\u00edvne pracova\u0165 s Google Tabu\u013ekami a efekt\u00edvne spravova\u0165 \u00fadaje. \u2705","robots":{"index":"index","follow":"follow","max-snippet":"max-snippet:-1","max-image-preview":"max-image-preview:large","max-video-preview":"max-video-preview:-1"},"canonical":"https:\/\/www.vita.sk\/online-kurz-google-workspace-google-sheets-tabulky\/","og_locale":"en_US","og_type":"article","og_title":"Online kurz Google Workspace - Tabu\u013eky (Google Sheets)","og_description":"V online kurze Google Workspace \u2013 Google Sheets (Tabu\u013eky) sa nau\u010d\u00edte efekt\u00edvne pracova\u0165 s Google Tabu\u013ekami a efekt\u00edvne spravova\u0165 \u00fadaje. \u2705","og_url":"https:\/\/www.vita.sk\/online-kurz-google-workspace-google-sheets-tabulky\/","og_site_name":"VITA","article_publisher":"https:\/\/www.facebook.com\/VitaAcademySK","article_modified_time":"2024-10-31T07:58:56+00:00","og_image":[{"width":360,"height":360,"url":"https:\/\/www.vita.sk\/wp-content\/uploads\/2021\/12\/Online-kurz-Google-Workspace-Tabulky.png","type":"image\/png"}],"twitter_card":"summary_large_image","twitter_misc":{"Est. reading time":"1 minute"},"schema":{"@context":"https:\/\/schema.org","@graph":[{"@type":"WebPage","@id":"https:\/\/www.vita.sk\/online-kurz-google-workspace-google-sheets-tabulky\/","url":"https:\/\/www.vita.sk\/online-kurz-google-workspace-google-sheets-tabulky\/","name":"Online kurz Google Workspace - Google Tabu\u013eky 2024 | VITA","isPartOf":{"@id":"https:\/\/www.vita.sk\/#website"},"primaryImageOfPage":{"@id":"https:\/\/www.vita.sk\/online-kurz-google-workspace-google-sheets-tabulky\/#primaryimage"},"image":{"@id":"https:\/\/www.vita.sk\/online-kurz-google-workspace-google-sheets-tabulky\/#primaryimage"},"thumbnailUrl":"https:\/\/www.vita.sk\/wp-content\/uploads\/2021\/12\/Online-kurz-Google-Workspace-Tabulky.png","datePublished":"2021-12-13T17:42:38+00:00","dateModified":"2024-10-31T07:58:56+00:00","description":"V online kurze Google Workspace \u2013 Google Sheets (Tabu\u013eky) sa nau\u010d\u00edte efekt\u00edvne pracova\u0165 s Google Tabu\u013ekami a efekt\u00edvne spravova\u0165 \u00fadaje. \u2705","breadcrumb":{"@id":"https:\/\/www.vita.sk\/online-kurz-google-workspace-google-sheets-tabulky\/#breadcrumb"},"inLanguage":"en-US","potentialAction":[{"@type":"ReadAction","target":["https:\/\/www.vita.sk\/online-kurz-google-workspace-google-sheets-tabulky\/"]}]},{"@type":"ImageObject","inLanguage":"en-US","@id":"https:\/\/www.vita.sk\/online-kurz-google-workspace-google-sheets-tabulky\/#primaryimage","url":"https:\/\/www.vita.sk\/wp-content\/uploads\/2021\/12\/Online-kurz-Google-Workspace-Tabulky.png","contentUrl":"https:\/\/www.vita.sk\/wp-content\/uploads\/2021\/12\/Online-kurz-Google-Workspace-Tabulky.png","width":360,"height":360,"caption":"Kurz Google Workspace \u2013 Tabu\u013eky (Google Sheets)"},{"@type":"BreadcrumbList","@id":"https:\/\/www.vita.sk\/online-kurz-google-workspace-google-sheets-tabulky\/#breadcrumb","itemListElement":[{"@type":"ListItem","position":1,"name":"VITA Academy","item":"https:\/\/www.vita.sk\/en\/"},{"@type":"ListItem","position":2,"name":"Shop","item":"https:\/\/www.vita.sk\/shop\/"},{"@type":"ListItem","position":3,"name":"Kancel\u00e1rske Bal\u00edky","item":"https:\/\/www.vita.sk\/online-kurzy-kancelarske-baliky\/"},{"@type":"ListItem","position":4,"name":"Google Workspace","item":"https:\/\/www.vita.sk\/online-kurzy-google-workspace\/"},{"@type":"ListItem","position":5,"name":"Online kurz Google Workspace &#8211; Tabu\u013eky (Google Sheets)"}]},{"@type":"WebSite","@id":"https:\/\/www.vita.sk\/#website","url":"https:\/\/www.vita.sk\/","name":"VITA","description":"","publisher":{"@id":"https:\/\/www.vita.sk\/#organization"},"potentialAction":[{"@type":"SearchAction","target":{"@type":"EntryPoint","urlTemplate":"https:\/\/www.vita.sk\/?s={search_term_string}"},"query-input":{"@type":"PropertyValueSpecification","valueRequired":true,"valueName":"search_term_string"}}],"inLanguage":"en-US"},{"email":"admin@vita.sk","logo":"https:\/\/www.vita.sk\/img\/vita_logo.png ","address":{"type":"PostalAddress","streetAddress":"Tom\u00e1\u0161ikova 50\/A","addressLocality":"Bratislava","postalCode":"83104","addressCountry":{"name":"SK","type":"Country"}},"contactPoint":{"type":"ContactPoint","telephone":"+421 907 375\u00a0543","Email":"admin@vita.sk","contactType":"customer service"},"sameAs":["https:\/\/www.facebook.com\/VitaAcademySK\/","https:\/\/www.linkedin.com\/company\/vita-academy\/"]}]}},"acf":[],"_links":{"self":[{"href":"https:\/\/www.vita.sk\/en\/wp-json\/wp\/v2\/product\/8202","targetHints":{"allow":["GET"]}}],"collection":[{"href":"https:\/\/www.vita.sk\/en\/wp-json\/wp\/v2\/product"}],"about":[{"href":"https:\/\/www.vita.sk\/en\/wp-json\/wp\/v2\/types\/product"}],"author":[{"embeddable":true,"href":"https:\/\/www.vita.sk\/en\/wp-json\/wp\/v2\/users\/4"}],"replies":[{"embeddable":true,"href":"https:\/\/www.vita.sk\/en\/wp-json\/wp\/v2\/comments?post=8202"}],"wp:featuredmedia":[{"embeddable":true,"href":"https:\/\/www.vita.sk\/en\/wp-json\/wp\/v2\/media\/17928"}],"wp:attachment":[{"href":"https:\/\/www.vita.sk\/en\/wp-json\/wp\/v2\/media?parent=8202"}],"wp:term":[{"taxonomy":"product_brand","embeddable":true,"href":"https:\/\/www.vita.sk\/en\/wp-json\/wp\/v2\/product_brand?post=8202"},{"taxonomy":"product_cat","embeddable":true,"href":"https:\/\/www.vita.sk\/en\/wp-json\/wp\/v2\/product_cat?post=8202"},{"taxonomy":"product_tag","embeddable":true,"href":"https:\/\/www.vita.sk\/en\/wp-json\/wp\/v2\/product_tag?post=8202"}],"curies":[{"name":"wp","href":"https:\/\/api.w.org\/{rel}","templated":true}]}}