{"id":8315,"date":"2022-01-14T11:30:27","date_gmt":"2022-01-14T10:30:27","guid":{"rendered":"https:\/\/www.vita.sk\/?post_type=product&#038;p=8315"},"modified":"2024-06-06T13:55:36","modified_gmt":"2024-06-06T11:55:36","slug":"online-kurz-microsoft-windows-iii-pokrocily","status":"publish","type":"product","link":"https:\/\/www.vita.sk\/en\/online-kurz-microsoft-windows-iii-pokrocily\/","title":{"rendered":"Online kurz Microsoft Windows III. Pokro\u010dil\u00fd"},"content":{"rendered":"<p>Online kurz Microsoft Windows III. Pokro\u010dil\u00fd je pre v\u00e1s vhodn\u00fd, ak sa chcete nau\u010di\u0165 korektne pou\u017e\u00edva\u0165 aplik\u00e1cie, ktor\u00e9 Windows pon\u00faka a rozumie\u0165 riadeniu s\u00faborov. Z\u00edskate vedomosti a zru\u010dnosti t\u00fdkaj\u00face sa pou\u017e\u00edvania Microsoft Windows a cel\u00e9ho jeho prostredia vr\u00e1tanie pre\u010distenia cel\u00e9ho syst\u00e9mu.<\/p>\n","protected":false},"excerpt":{"rendered":"<p>Online kurz Microsoft Windows III. Pokro\u010dil\u00fd je pre v\u00e1s vhodn\u00fd, ak sa chcete nau\u010di\u0165 korektne pou\u017e\u00edva\u0165 aplik\u00e1cie, ktor\u00e9 Windows pon\u00faka a rozumie\u0165 riadeniu s\u00faborov. Z\u00edskate vedomosti a zru\u010dnosti t\u00fdkaj\u00face sa pou\u017e\u00edvania Microsoft Windows a cel\u00e9ho jeho prostredia vr\u00e1tanie pre\u010distenia cel\u00e9ho syst\u00e9mu.","protected":false},"author":4,"featured_media":4304,"comment_status":"open","ping_status":"closed","template":"","meta":{"_acf_changed":false},"product_brand":[],"product_cat":[98,96,73],"product_tag":[203,196],"class_list":{"0":"post-8315","1":"product","2":"type-product","3":"status-publish","4":"has-post-thumbnail","6":"product_cat-online-kurzy-microsoft-windows","7":"product_cat-online-kurzy-operacne-systemy","8":"product_cat-bez-kategorie","9":"product_tag-windows","10":"product_tag-operacne-systemy","12":"first","13":"instock","14":"sale","15":"sold-individually","16":"taxable","17":"shipping-taxable","18":"purchasable","19":"product-type-simple"},"yoast_head":"<!-- This site is optimized with the Yoast SEO Premium plugin v25.0 (Yoast SEO v25.0) - https:\/\/yoast.com\/wordpress\/plugins\/seo\/ -->\n<title>Online kurz Microsoft Windows III. Pokro\u010dil\u00fd  | VITA<\/title>\n<meta name=\"description\" content=\"Online kurz Microsoft Windows III. Pokro\u010dil\u00fd je pre teba vhodn\u00fd ak sa chce\u0161 nau\u010di\u0165 korektne vyu\u017e\u00edva\u0165 aplik\u00e1cie, ktor\u00e9 Windows pon\u00faka, rozumie\u0165 riadeniu s\u00faborov. \u010ealej z\u00edska\u0161 vedomosti a zru\u010dnosti t\u00fdkaj\u00face sa pou\u017e\u00edvania Windows a cel\u00e9ho jeho prostredia.\" \/>\n<meta name=\"robots\" content=\"index, follow, max-snippet:-1, max-image-preview:large, max-video-preview:-1\" \/>\n<link rel=\"canonical\" href=\"https:\/\/www.vita.sk\/online-kurz-microsoft-windows-iii-pokrocily\/\" \/>\n<meta property=\"og:locale\" content=\"en_US\" \/>\n<meta property=\"og:type\" content=\"article\" \/>\n<meta property=\"og:title\" content=\"Online kurz Microsoft Windows III. Pokro\u010dil\u00fd\" \/>\n<meta property=\"og:description\" content=\"Online kurz Microsoft Windows III. Pokro\u010dil\u00fd je pre teba vhodn\u00fd ak sa chce\u0161 nau\u010di\u0165 korektne vyu\u017e\u00edva\u0165 aplik\u00e1cie, ktor\u00e9 Windows pon\u00faka, rozumie\u0165 riadeniu s\u00faborov. \u010ealej z\u00edska\u0161 vedomosti a zru\u010dnosti t\u00fdkaj\u00face sa pou\u017e\u00edvania Windows a cel\u00e9ho jeho prostredia.\" \/>\n<meta property=\"og:url\" content=\"https:\/\/www.vita.sk\/online-kurz-microsoft-windows-iii-pokrocily\/\" \/>\n<meta property=\"og:site_name\" content=\"VITA\" \/>\n<meta property=\"article:publisher\" content=\"https:\/\/www.facebook.com\/VitaAcademySK\" \/>\n<meta property=\"article:modified_time\" content=\"2024-06-06T11:55:36+00:00\" \/>\n<meta property=\"og:image\" content=\"https:\/\/www.vita.sk\/wp-content\/uploads\/2020\/11\/kurz-Windows.png\" \/>\n\t<meta property=\"og:image:width\" content=\"360\" \/>\n\t<meta property=\"og:image:height\" content=\"360\" \/>\n\t<meta property=\"og:image:type\" content=\"image\/png\" \/>\n<meta name=\"twitter:card\" content=\"summary_large_image\" \/>\n<meta name=\"twitter:label1\" content=\"Est. reading time\" \/>\n\t<meta name=\"twitter:data1\" content=\"1 minute\" \/>\n<script type=\"application\/ld+json\" class=\"yoast-schema-graph\">{\n\t    \"@context\": \"https:\/\/schema.org\",\n\t    \"@graph\": [\n\t        {\n\t            \"@type\": \"WebPage\",\n\t            \"@id\": \"https:\/\/www.vita.sk\/online-kurz-microsoft-windows-iii-pokrocily\/\",\n\t            \"url\": \"https:\/\/www.vita.sk\/online-kurz-microsoft-windows-iii-pokrocily\/\",\n\t            \"name\": \"Online kurz Microsoft Windows III. Pokro\u010dil\u00fd 2023 | VITA\",\n\t            \"isPartOf\": {\n\t                \"@id\": \"https:\/\/www.vita.sk\/#website\"\n\t            },\n\t            \"primaryImageOfPage\": {\n\t                \"@id\": \"https:\/\/www.vita.sk\/online-kurz-microsoft-windows-iii-pokrocily\/#primaryimage\"\n\t            },\n\t            \"image\": {\n\t                \"@id\": \"https:\/\/www.vita.sk\/online-kurz-microsoft-windows-iii-pokrocily\/#primaryimage\"\n\t            },\n\t            \"thumbnailUrl\": \"https:\/\/www.vita.sk\/wp-content\/uploads\/2020\/11\/kurz-Windows.png\",\n\t            \"datePublished\": \"2022-01-14T10:30:27+00:00\",\n\t            \"dateModified\": \"2024-06-06T11:55:36+00:00\",\n\t            \"description\": \"Online kurz Microsoft Windows III. Pokro\u010dil\u00fd je pre teba vhodn\u00fd ak sa chce\u0161 nau\u010di\u0165 korektne vyu\u017e\u00edva\u0165 aplik\u00e1cie, ktor\u00e9 Windows pon\u00faka, rozumie\u0165 riadeniu s\u00faborov. \u010ealej z\u00edska\u0161 vedomosti a zru\u010dnosti t\u00fdkaj\u00face sa pou\u017e\u00edvania Windows a cel\u00e9ho jeho prostredia.\",\n\t            \"breadcrumb\": {\n\t                \"@id\": \"https:\/\/www.vita.sk\/online-kurz-microsoft-windows-iii-pokrocily\/#breadcrumb\"\n\t            },\n\t            \"inLanguage\": \"en-US\",\n\t            \"potentialAction\": [\n\t                {\n\t                    \"@type\": \"ReadAction\",\n\t                    \"target\": [\n\t                        \"https:\/\/www.vita.sk\/online-kurz-microsoft-windows-iii-pokrocily\/\"\n\t                    ]\n\t                }\n\t            ]\n\t        },\n\t        {\n\t            \"@type\": \"ImageObject\",\n\t            \"inLanguage\": \"en-US\",\n\t            \"@id\": \"https:\/\/www.vita.sk\/online-kurz-microsoft-windows-iii-pokrocily\/#primaryimage\",\n\t            \"url\": \"https:\/\/www.vita.sk\/wp-content\/uploads\/2020\/11\/kurz-Windows.png\",\n\t            \"contentUrl\": \"https:\/\/www.vita.sk\/wp-content\/uploads\/2020\/11\/kurz-Windows.png\",\n\t            \"width\": 360,\n\t            \"height\": 360,\n\t            \"caption\": \"Online kurz Windows\"\n\t        },\n\t        {\n\t            \"@type\": \"BreadcrumbList\",\n\t            \"@id\": \"https:\/\/www.vita.sk\/online-kurz-microsoft-windows-iii-pokrocily\/#breadcrumb\",\n\t            \"itemListElement\": [\n\t                {\n\t                    \"@type\": \"ListItem\",\n\t                    \"position\": 1,\n\t                    \"name\": \"VITA Academy\",\n\t                    \"item\": \"https:\/\/www.vita.sk\/en\/\"\n\t                },\n\t                {\n\t                    \"@type\": \"ListItem\",\n\t                    \"position\": 2,\n\t                    \"name\": \"Shop\",\n\t                    \"item\": \"https:\/\/www.vita.sk\/shop\/\"\n\t                },\n\t                {\n\t                    \"@type\": \"ListItem\",\n\t                    \"position\": 3,\n\t                    \"name\": \"Opera\u010dn\u00e9 Syst\u00e9my\",\n\t                    \"item\": \"https:\/\/www.vita.sk\/online-kurzy-operacne-systemy\/\"\n\t                },\n\t                {\n\t                    \"@type\": \"ListItem\",\n\t                    \"position\": 4,\n\t                    \"name\": \"Microsoft Windows\",\n\t                    \"item\": \"https:\/\/www.vita.sk\/online-kurzy-microsoft-windows\/\"\n\t                },\n\t                {\n\t                    \"@type\": \"ListItem\",\n\t                    \"position\": 5,\n\t                    \"name\": \"Online kurz Microsoft Windows III. Pokro\u010dil\u00fd\"\n\t                }\n\t            ]\n\t        },\n\t        {\n\t            \"@type\": \"WebSite\",\n\t            \"@id\": \"https:\/\/www.vita.sk\/#website\",\n\t            \"url\": \"https:\/\/www.vita.sk\/\",\n\t            \"name\": \"VITA\",\n\t            \"description\": \"\",\n\t            \"publisher\": {\n\t                \"@id\": \"https:\/\/www.vita.sk\/#organization\"\n\t            },\n\t            \"potentialAction\": [\n\t                {\n\t                    \"@type\": \"SearchAction\",\n\t                    \"target\": {\n\t                        \"@type\": \"EntryPoint\",\n\t                        \"urlTemplate\": \"https:\/\/www.vita.sk\/?s={search_term_string}\"\n\t                    },\n\t                    \"query-input\": {\n\t                        \"@type\": \"PropertyValueSpecification\",\n\t                        \"valueRequired\": true,\n\t                        \"valueName\": \"search_term_string\"\n\t                    }\n\t                }\n\t            ],\n\t            \"inLanguage\": \"en-US\"\n\t        },\n\t        {\n\t            \"email\": \"admin@vita.sk\",\n\t            \"logo\": \"https:\/\/www.vita.sk\/img\/vita_logo.png \",\n\t            \"address\": {\n\t                \"type\": \"PostalAddress\",\n\t                \"streetAddress\": \"Tom\u00e1\u0161ikova 50\/A\",\n\t                \"addressLocality\": \"Bratislava\",\n\t                \"postalCode\": \"83104\",\n\t                \"addressCountry\": {\n\t                    \"name\": \"SK\",\n\t                    \"type\": \"Country\"\n\t                }\n\t            },\n\t            \"contactPoint\": {\n\t                \"type\": \"ContactPoint\",\n\t                \"telephone\": \"+421 907 375\u00a0543\",\n\t                \"Email\": \"admin@vita.sk\",\n\t                \"contactType\": \"customer service\"\n\t            },\n\t            \"sameAs\": [\n\t                \"https:\/\/www.facebook.com\/VitaAcademySK\/\",\n\t                \"https:\/\/www.linkedin.com\/company\/vita-academy\/\"\n\t            ]\n\t        }\n\t    ]\n\t}<\/script>\n<!-- \/ Yoast SEO Premium plugin. -->","yoast_head_json":{"title":"Online kurz Microsoft Windows III. Pokro\u010dil\u00fd  | VITA","description":"Online kurz Microsoft Windows III. Pokro\u010dil\u00fd je pre teba vhodn\u00fd ak sa chce\u0161 nau\u010di\u0165 korektne vyu\u017e\u00edva\u0165 aplik\u00e1cie, ktor\u00e9 Windows pon\u00faka, rozumie\u0165 riadeniu s\u00faborov. \u010ealej z\u00edska\u0161 vedomosti a zru\u010dnosti t\u00fdkaj\u00face sa pou\u017e\u00edvania Windows a cel\u00e9ho jeho prostredia.","robots":{"index":"index","follow":"follow","max-snippet":"max-snippet:-1","max-image-preview":"max-image-preview:large","max-video-preview":"max-video-preview:-1"},"canonical":"https:\/\/www.vita.sk\/online-kurz-microsoft-windows-iii-pokrocily\/","og_locale":"en_US","og_type":"article","og_title":"Online kurz Microsoft Windows III. Pokro\u010dil\u00fd","og_description":"Online kurz Microsoft Windows III. Pokro\u010dil\u00fd je pre teba vhodn\u00fd ak sa chce\u0161 nau\u010di\u0165 korektne vyu\u017e\u00edva\u0165 aplik\u00e1cie, ktor\u00e9 Windows pon\u00faka, rozumie\u0165 riadeniu s\u00faborov. \u010ealej z\u00edska\u0161 vedomosti a zru\u010dnosti t\u00fdkaj\u00face sa pou\u017e\u00edvania Windows a cel\u00e9ho jeho prostredia.","og_url":"https:\/\/www.vita.sk\/online-kurz-microsoft-windows-iii-pokrocily\/","og_site_name":"VITA","article_publisher":"https:\/\/www.facebook.com\/VitaAcademySK","article_modified_time":"2024-06-06T11:55:36+00:00","og_image":[{"width":360,"height":360,"url":"https:\/\/www.vita.sk\/wp-content\/uploads\/2020\/11\/kurz-Windows.png","type":"image\/png"}],"twitter_card":"summary_large_image","twitter_misc":{"Est. reading time":"1 minute"},"schema":{"@context":"https:\/\/schema.org","@graph":[{"@type":"WebPage","@id":"https:\/\/www.vita.sk\/online-kurz-microsoft-windows-iii-pokrocily\/","url":"https:\/\/www.vita.sk\/online-kurz-microsoft-windows-iii-pokrocily\/","name":"Online kurz Microsoft Windows III. Pokro\u010dil\u00fd 2023 | VITA","isPartOf":{"@id":"https:\/\/www.vita.sk\/#website"},"primaryImageOfPage":{"@id":"https:\/\/www.vita.sk\/online-kurz-microsoft-windows-iii-pokrocily\/#primaryimage"},"image":{"@id":"https:\/\/www.vita.sk\/online-kurz-microsoft-windows-iii-pokrocily\/#primaryimage"},"thumbnailUrl":"https:\/\/www.vita.sk\/wp-content\/uploads\/2020\/11\/kurz-Windows.png","datePublished":"2022-01-14T10:30:27+00:00","dateModified":"2024-06-06T11:55:36+00:00","description":"Online kurz Microsoft Windows III. Pokro\u010dil\u00fd je pre teba vhodn\u00fd ak sa chce\u0161 nau\u010di\u0165 korektne vyu\u017e\u00edva\u0165 aplik\u00e1cie, ktor\u00e9 Windows pon\u00faka, rozumie\u0165 riadeniu s\u00faborov. \u010ealej z\u00edska\u0161 vedomosti a zru\u010dnosti t\u00fdkaj\u00face sa pou\u017e\u00edvania Windows a cel\u00e9ho jeho prostredia.","breadcrumb":{"@id":"https:\/\/www.vita.sk\/online-kurz-microsoft-windows-iii-pokrocily\/#breadcrumb"},"inLanguage":"en-US","potentialAction":[{"@type":"ReadAction","target":["https:\/\/www.vita.sk\/online-kurz-microsoft-windows-iii-pokrocily\/"]}]},{"@type":"ImageObject","inLanguage":"en-US","@id":"https:\/\/www.vita.sk\/online-kurz-microsoft-windows-iii-pokrocily\/#primaryimage","url":"https:\/\/www.vita.sk\/wp-content\/uploads\/2020\/11\/kurz-Windows.png","contentUrl":"https:\/\/www.vita.sk\/wp-content\/uploads\/2020\/11\/kurz-Windows.png","width":360,"height":360,"caption":"Online kurz Windows"},{"@type":"BreadcrumbList","@id":"https:\/\/www.vita.sk\/online-kurz-microsoft-windows-iii-pokrocily\/#breadcrumb","itemListElement":[{"@type":"ListItem","position":1,"name":"VITA Academy","item":"https:\/\/www.vita.sk\/en\/"},{"@type":"ListItem","position":2,"name":"Shop","item":"https:\/\/www.vita.sk\/shop\/"},{"@type":"ListItem","position":3,"name":"Opera\u010dn\u00e9 Syst\u00e9my","item":"https:\/\/www.vita.sk\/online-kurzy-operacne-systemy\/"},{"@type":"ListItem","position":4,"name":"Microsoft Windows","item":"https:\/\/www.vita.sk\/online-kurzy-microsoft-windows\/"},{"@type":"ListItem","position":5,"name":"Online kurz Microsoft Windows III. Pokro\u010dil\u00fd"}]},{"@type":"WebSite","@id":"https:\/\/www.vita.sk\/#website","url":"https:\/\/www.vita.sk\/","name":"VITA","description":"","publisher":{"@id":"https:\/\/www.vita.sk\/#organization"},"potentialAction":[{"@type":"SearchAction","target":{"@type":"EntryPoint","urlTemplate":"https:\/\/www.vita.sk\/?s={search_term_string}"},"query-input":{"@type":"PropertyValueSpecification","valueRequired":true,"valueName":"search_term_string"}}],"inLanguage":"en-US"},{"email":"admin@vita.sk","logo":"https:\/\/www.vita.sk\/img\/vita_logo.png ","address":{"type":"PostalAddress","streetAddress":"Tom\u00e1\u0161ikova 50\/A","addressLocality":"Bratislava","postalCode":"83104","addressCountry":{"name":"SK","type":"Country"}},"contactPoint":{"type":"ContactPoint","telephone":"+421 907 375\u00a0543","Email":"admin@vita.sk","contactType":"customer service"},"sameAs":["https:\/\/www.facebook.com\/VitaAcademySK\/","https:\/\/www.linkedin.com\/company\/vita-academy\/"]}]}},"acf":[],"_links":{"self":[{"href":"https:\/\/www.vita.sk\/en\/wp-json\/wp\/v2\/product\/8315","targetHints":{"allow":["GET"]}}],"collection":[{"href":"https:\/\/www.vita.sk\/en\/wp-json\/wp\/v2\/product"}],"about":[{"href":"https:\/\/www.vita.sk\/en\/wp-json\/wp\/v2\/types\/product"}],"author":[{"embeddable":true,"href":"https:\/\/www.vita.sk\/en\/wp-json\/wp\/v2\/users\/4"}],"replies":[{"embeddable":true,"href":"https:\/\/www.vita.sk\/en\/wp-json\/wp\/v2\/comments?post=8315"}],"wp:featuredmedia":[{"embeddable":true,"href":"https:\/\/www.vita.sk\/en\/wp-json\/wp\/v2\/media\/4304"}],"wp:attachment":[{"href":"https:\/\/www.vita.sk\/en\/wp-json\/wp\/v2\/media?parent=8315"}],"wp:term":[{"taxonomy":"product_brand","embeddable":true,"href":"https:\/\/www.vita.sk\/en\/wp-json\/wp\/v2\/product_brand?post=8315"},{"taxonomy":"product_cat","embeddable":true,"href":"https:\/\/www.vita.sk\/en\/wp-json\/wp\/v2\/product_cat?post=8315"},{"taxonomy":"product_tag","embeddable":true,"href":"https:\/\/www.vita.sk\/en\/wp-json\/wp\/v2\/product_tag?post=8315"}],"curies":[{"name":"wp","href":"https:\/\/api.w.org\/{rel}","templated":true}]}}