{"id":8355,"date":"2022-01-18T11:21:20","date_gmt":"2022-01-18T10:21:20","guid":{"rendered":"https:\/\/www.vita.sk\/?post_type=product&#038;p=8355"},"modified":"2025-04-25T11:24:18","modified_gmt":"2025-04-25T09:24:18","slug":"online-kurz-ako-sa-stat-datovym-analytikom-v-pythone","status":"publish","type":"product","link":"https:\/\/www.vita.sk\/en\/online-kurz-ako-sa-stat-datovym-analytikom-v-pythone\/","title":{"rendered":"Online kurz Ako sa sta\u0165 d\u00e1tov\u00fdm analytikom v Pythone"},"content":{"rendered":"<p>Online kurz Ako sa sta\u0165 d\u00e1tov\u00fdm analytikom v Pythone je pre v\u00e1s vhodn\u00fd ak sa chcete nau\u010di\u0165 zru\u010dnosti potrebn\u00e9 na pr\u00e1cu s d\u00e1tami a ich anal\u00fdzu pomocou programovacieho jazyka Python. Nau\u010d\u00edte sa syntax jazyka Python, premenn\u00fdch, podmienok, cyklov a funkci\u00ed. Osvoj\u00edte si techniky na na\u010d\u00edtanie, spracovanie a manipul\u00e1ciu s d\u00e1tami v Pythone pomocou kni\u017enice NumPy. Uk\u00e1\u017eeme si tvorbu vizualiz\u00e1ci\u00ed d\u00e1t, vr\u00e1tane tvorby grafov, histogramov, scatter plots a \u010fal\u0161\u00edch typov vizualiz\u00e1ci\u00ed. Zvl\u00e1dnete pl\u00e1novanie a definovanie potrieb datab\u00e1zy. Probl\u00e9m v\u00e1m nebude robi\u0165 navrhova\u0165, spracov\u00e1va\u0165 \u0161tatistick\u00e9 d\u00e1ta a interpretova\u0165 ich. Ak sa chcete sta\u0165 d\u00e1tov\u00fdm analytikom toto je ide\u00e1lny online kurz pre v\u00e1s.<\/p>\n","protected":false},"excerpt":{"rendered":"<p>Online kurz Ako sa sta\u0165 d\u00e1tov\u00fdm analytikom v Pythone je pre v\u00e1s vhodn\u00fd ak sa chcete nau\u010di\u0165 zru\u010dnosti potrebn\u00e9 na pr\u00e1cu s d\u00e1tami a ich anal\u00fdzu pomocou programovacieho jazyka Python. Nau\u010d\u00edte sa syntax jazyka Python, premenn\u00fdch, podmienok, cyklov a funkci\u00ed. Osvoj\u00edte si techniky na na\u010d\u00edtanie, spracovanie a manipul\u00e1ciu s d\u00e1tami v Pythone pomocou kni\u017enice NumPy.","protected":false},"author":4,"featured_media":17902,"comment_status":"open","ping_status":"closed","template":"","meta":{"_acf_changed":false},"product_brand":[],"product_cat":[99,106,73],"product_tag":[189,212],"class_list":{"0":"post-8355","1":"product","2":"type-product","3":"status-publish","4":"has-post-thumbnail","6":"product_cat-online-kurzy-programovacie-jazyky","7":"product_cat-online-kurzy-python","8":"product_cat-bez-kategorie","9":"product_tag-programovacie-jazyky","10":"product_tag-python","12":"first","13":"instock","14":"sale","15":"sold-individually","16":"taxable","17":"shipping-taxable","18":"purchasable","19":"product-type-simple"},"yoast_head":"<!-- This site is optimized with the Yoast SEO Premium plugin v25.0 (Yoast SEO v25.0) - https:\/\/yoast.com\/wordpress\/plugins\/seo\/ -->\n<title>Online kurz Ako sa sta\u0165 d\u00e1tov\u00fdm analytikom v Pythone  | VITA<\/title>\n<meta name=\"description\" content=\"Online kurz Ako sa sta\u0165 d\u00e1tov\u00fdm analytikom v Pythone je pre teba vhodn\u00fd ak sa chce\u0161 uplatni\u0165 na poz\u00edcii ako d\u00e1tov\u00fd analytik. Venova\u0165 sa budeme naj\u010dastej\u0161ie vyu\u017e\u00edvan\u00fdm aplik\u00e1ci\u00e1m v jazyku Python . Ako d\u00e1tov\u00fd analytik zvl\u00e1dne\u0161 pl\u00e1novanie a definovanie potrieb datab\u00e1zy. Probl\u00e9m ti nebude robi\u0165 n\u00e1vrh, spracov\u00e1va\u0165 \u0161tatistick\u00e9 d\u00e1ta, interpretova\u0165 analyzovan\u00e9 d\u00e1ta.\" \/>\n<meta name=\"robots\" content=\"index, follow, max-snippet:-1, max-image-preview:large, max-video-preview:-1\" \/>\n<link rel=\"canonical\" href=\"https:\/\/www.vita.sk\/online-kurz-ako-sa-stat-datovym-analytikom-v-pythone\/\" \/>\n<meta property=\"og:locale\" content=\"en_US\" \/>\n<meta property=\"og:type\" content=\"article\" \/>\n<meta property=\"og:title\" content=\"Online kurz Ako sa sta\u0165 d\u00e1tov\u00fdm analytikom v Pythone\" \/>\n<meta property=\"og:description\" content=\"Online kurz Ako sa sta\u0165 d\u00e1tov\u00fdm analytikom v Pythone je pre teba vhodn\u00fd ak sa chce\u0161 uplatni\u0165 na poz\u00edcii ako d\u00e1tov\u00fd analytik. Venova\u0165 sa budeme naj\u010dastej\u0161ie vyu\u017e\u00edvan\u00fdm aplik\u00e1ci\u00e1m v jazyku Python . Ako d\u00e1tov\u00fd analytik zvl\u00e1dne\u0161 pl\u00e1novanie a definovanie potrieb datab\u00e1zy. Probl\u00e9m ti nebude robi\u0165 n\u00e1vrh, spracov\u00e1va\u0165 \u0161tatistick\u00e9 d\u00e1ta, interpretova\u0165 analyzovan\u00e9 d\u00e1ta.\" \/>\n<meta property=\"og:url\" content=\"https:\/\/www.vita.sk\/online-kurz-ako-sa-stat-datovym-analytikom-v-pythone\/\" \/>\n<meta property=\"og:site_name\" content=\"VITA\" \/>\n<meta property=\"article:publisher\" content=\"https:\/\/www.facebook.com\/VitaAcademySK\" \/>\n<meta property=\"article:modified_time\" content=\"2025-04-25T09:24:18+00:00\" \/>\n<meta property=\"og:image\" content=\"https:\/\/www.vita.sk\/wp-content\/uploads\/2022\/04\/Online-kurz-Ako-sa-stat-datovym-analytikom-v-Pythone.png\" \/>\n\t<meta property=\"og:image:width\" content=\"360\" \/>\n\t<meta property=\"og:image:height\" content=\"360\" \/>\n\t<meta property=\"og:image:type\" content=\"image\/png\" \/>\n<meta name=\"twitter:card\" content=\"summary_large_image\" \/>\n<meta name=\"twitter:label1\" content=\"Est. reading time\" \/>\n\t<meta name=\"twitter:data1\" content=\"1 minute\" \/>\n<script type=\"application\/ld+json\" class=\"yoast-schema-graph\">{\n\t    \"@context\": \"https:\/\/schema.org\",\n\t    \"@graph\": [\n\t        {\n\t            \"@type\": \"WebPage\",\n\t            \"@id\": \"https:\/\/www.vita.sk\/online-kurz-ako-sa-stat-datovym-analytikom-v-pythone\/\",\n\t            \"url\": \"https:\/\/www.vita.sk\/online-kurz-ako-sa-stat-datovym-analytikom-v-pythone\/\",\n\t            \"name\": \"Online kurz Ako sa sta\u0165 d\u00e1tov\u00fdm analytikom v Pythone 2023 | VITA\",\n\t            \"isPartOf\": {\n\t                \"@id\": \"https:\/\/www.vita.sk\/#website\"\n\t            },\n\t            \"primaryImageOfPage\": {\n\t                \"@id\": \"https:\/\/www.vita.sk\/online-kurz-ako-sa-stat-datovym-analytikom-v-pythone\/#primaryimage\"\n\t            },\n\t            \"image\": {\n\t                \"@id\": \"https:\/\/www.vita.sk\/online-kurz-ako-sa-stat-datovym-analytikom-v-pythone\/#primaryimage\"\n\t            },\n\t            \"thumbnailUrl\": \"https:\/\/www.vita.sk\/wp-content\/uploads\/2022\/04\/Online-kurz-Ako-sa-stat-datovym-analytikom-v-Pythone.png\",\n\t            \"datePublished\": \"2022-01-18T10:21:20+00:00\",\n\t            \"dateModified\": \"2025-04-25T09:24:18+00:00\",\n\t            \"description\": \"Online kurz Ako sa sta\u0165 d\u00e1tov\u00fdm analytikom v Pythone je pre teba vhodn\u00fd ak sa chce\u0161 uplatni\u0165 na poz\u00edcii ako d\u00e1tov\u00fd analytik. Venova\u0165 sa budeme naj\u010dastej\u0161ie vyu\u017e\u00edvan\u00fdm aplik\u00e1ci\u00e1m v jazyku Python . Ako d\u00e1tov\u00fd analytik zvl\u00e1dne\u0161 pl\u00e1novanie a definovanie potrieb datab\u00e1zy. Probl\u00e9m ti nebude robi\u0165 n\u00e1vrh, spracov\u00e1va\u0165 \u0161tatistick\u00e9 d\u00e1ta, interpretova\u0165 analyzovan\u00e9 d\u00e1ta.\",\n\t            \"breadcrumb\": {\n\t                \"@id\": \"https:\/\/www.vita.sk\/online-kurz-ako-sa-stat-datovym-analytikom-v-pythone\/#breadcrumb\"\n\t            },\n\t            \"inLanguage\": \"en-US\",\n\t            \"potentialAction\": [\n\t                {\n\t                    \"@type\": \"ReadAction\",\n\t                    \"target\": [\n\t                        \"https:\/\/www.vita.sk\/online-kurz-ako-sa-stat-datovym-analytikom-v-pythone\/\"\n\t                    ]\n\t                }\n\t            ]\n\t        },\n\t        {\n\t            \"@type\": \"ImageObject\",\n\t            \"inLanguage\": \"en-US\",\n\t            \"@id\": \"https:\/\/www.vita.sk\/online-kurz-ako-sa-stat-datovym-analytikom-v-pythone\/#primaryimage\",\n\t            \"url\": \"https:\/\/www.vita.sk\/wp-content\/uploads\/2022\/04\/Online-kurz-Ako-sa-stat-datovym-analytikom-v-Pythone.png\",\n\t            \"contentUrl\": \"https:\/\/www.vita.sk\/wp-content\/uploads\/2022\/04\/Online-kurz-Ako-sa-stat-datovym-analytikom-v-Pythone.png\",\n\t            \"width\": 360,\n\t            \"height\": 360,\n\t            \"caption\": \"Kurz Ako sa sta\u0165 d\u00e1tov\u00fdm analytikom v Pythone\"\n\t        },\n\t        {\n\t            \"@type\": \"BreadcrumbList\",\n\t            \"@id\": \"https:\/\/www.vita.sk\/online-kurz-ako-sa-stat-datovym-analytikom-v-pythone\/#breadcrumb\",\n\t            \"itemListElement\": [\n\t                {\n\t                    \"@type\": \"ListItem\",\n\t                    \"position\": 1,\n\t                    \"name\": \"VITA Academy\",\n\t                    \"item\": \"https:\/\/www.vita.sk\/en\/\"\n\t                },\n\t                {\n\t                    \"@type\": \"ListItem\",\n\t                    \"position\": 2,\n\t                    \"name\": \"Shop\",\n\t                    \"item\": \"https:\/\/www.vita.sk\/shop\/\"\n\t                },\n\t                {\n\t                    \"@type\": \"ListItem\",\n\t                    \"position\": 3,\n\t                    \"name\": \"Programovacie Jazyky\",\n\t                    \"item\": \"https:\/\/www.vita.sk\/online-kurzy-programovacie-jazyky\/\"\n\t                },\n\t                {\n\t                    \"@type\": \"ListItem\",\n\t                    \"position\": 4,\n\t                    \"name\": \"Python\",\n\t                    \"item\": \"https:\/\/www.vita.sk\/online-kurzy-python\/\"\n\t                },\n\t                {\n\t                    \"@type\": \"ListItem\",\n\t                    \"position\": 5,\n\t                    \"name\": \"Online kurz Ako sa sta\u0165 d\u00e1tov\u00fdm analytikom v Pythone\"\n\t                }\n\t            ]\n\t        },\n\t        {\n\t            \"@type\": \"WebSite\",\n\t            \"@id\": \"https:\/\/www.vita.sk\/#website\",\n\t            \"url\": \"https:\/\/www.vita.sk\/\",\n\t            \"name\": \"VITA\",\n\t            \"description\": \"\",\n\t            \"publisher\": {\n\t                \"@id\": \"https:\/\/www.vita.sk\/#organization\"\n\t            },\n\t            \"potentialAction\": [\n\t                {\n\t                    \"@type\": \"SearchAction\",\n\t                    \"target\": {\n\t                        \"@type\": \"EntryPoint\",\n\t                        \"urlTemplate\": \"https:\/\/www.vita.sk\/?s={search_term_string}\"\n\t                    },\n\t                    \"query-input\": {\n\t                        \"@type\": \"PropertyValueSpecification\",\n\t                        \"valueRequired\": true,\n\t                        \"valueName\": \"search_term_string\"\n\t                    }\n\t                }\n\t            ],\n\t            \"inLanguage\": \"en-US\"\n\t        },\n\t        {\n\t            \"email\": \"admin@vita.sk\",\n\t            \"logo\": \"https:\/\/www.vita.sk\/img\/vita_logo.png \",\n\t            \"address\": {\n\t                \"type\": \"PostalAddress\",\n\t                \"streetAddress\": \"Tom\u00e1\u0161ikova 50\/A\",\n\t                \"addressLocality\": \"Bratislava\",\n\t                \"postalCode\": \"83104\",\n\t                \"addressCountry\": {\n\t                    \"name\": \"SK\",\n\t                    \"type\": \"Country\"\n\t                }\n\t            },\n\t            \"contactPoint\": {\n\t                \"type\": \"ContactPoint\",\n\t                \"telephone\": \"+421 907 375\u00a0543\",\n\t                \"Email\": \"admin@vita.sk\",\n\t                \"contactType\": \"customer service\"\n\t            },\n\t            \"sameAs\": [\n\t                \"https:\/\/www.facebook.com\/VitaAcademySK\/\",\n\t                \"https:\/\/www.linkedin.com\/company\/vita-academy\/\"\n\t            ]\n\t        }\n\t    ]\n\t}<\/script>\n<!-- \/ Yoast SEO Premium plugin. -->","yoast_head_json":{"title":"Online kurz Ako sa sta\u0165 d\u00e1tov\u00fdm analytikom v Pythone  | VITA","description":"Online kurz Ako sa sta\u0165 d\u00e1tov\u00fdm analytikom v Pythone je pre teba vhodn\u00fd ak sa chce\u0161 uplatni\u0165 na poz\u00edcii ako d\u00e1tov\u00fd analytik. Venova\u0165 sa budeme naj\u010dastej\u0161ie vyu\u017e\u00edvan\u00fdm aplik\u00e1ci\u00e1m v jazyku Python . Ako d\u00e1tov\u00fd analytik zvl\u00e1dne\u0161 pl\u00e1novanie a definovanie potrieb datab\u00e1zy. Probl\u00e9m ti nebude robi\u0165 n\u00e1vrh, spracov\u00e1va\u0165 \u0161tatistick\u00e9 d\u00e1ta, interpretova\u0165 analyzovan\u00e9 d\u00e1ta.","robots":{"index":"index","follow":"follow","max-snippet":"max-snippet:-1","max-image-preview":"max-image-preview:large","max-video-preview":"max-video-preview:-1"},"canonical":"https:\/\/www.vita.sk\/online-kurz-ako-sa-stat-datovym-analytikom-v-pythone\/","og_locale":"en_US","og_type":"article","og_title":"Online kurz Ako sa sta\u0165 d\u00e1tov\u00fdm analytikom v Pythone","og_description":"Online kurz Ako sa sta\u0165 d\u00e1tov\u00fdm analytikom v Pythone je pre teba vhodn\u00fd ak sa chce\u0161 uplatni\u0165 na poz\u00edcii ako d\u00e1tov\u00fd analytik. Venova\u0165 sa budeme naj\u010dastej\u0161ie vyu\u017e\u00edvan\u00fdm aplik\u00e1ci\u00e1m v jazyku Python . Ako d\u00e1tov\u00fd analytik zvl\u00e1dne\u0161 pl\u00e1novanie a definovanie potrieb datab\u00e1zy. Probl\u00e9m ti nebude robi\u0165 n\u00e1vrh, spracov\u00e1va\u0165 \u0161tatistick\u00e9 d\u00e1ta, interpretova\u0165 analyzovan\u00e9 d\u00e1ta.","og_url":"https:\/\/www.vita.sk\/online-kurz-ako-sa-stat-datovym-analytikom-v-pythone\/","og_site_name":"VITA","article_publisher":"https:\/\/www.facebook.com\/VitaAcademySK","article_modified_time":"2025-04-25T09:24:18+00:00","og_image":[{"width":360,"height":360,"url":"https:\/\/www.vita.sk\/wp-content\/uploads\/2022\/04\/Online-kurz-Ako-sa-stat-datovym-analytikom-v-Pythone.png","type":"image\/png"}],"twitter_card":"summary_large_image","twitter_misc":{"Est. reading time":"1 minute"},"schema":{"@context":"https:\/\/schema.org","@graph":[{"@type":"WebPage","@id":"https:\/\/www.vita.sk\/online-kurz-ako-sa-stat-datovym-analytikom-v-pythone\/","url":"https:\/\/www.vita.sk\/online-kurz-ako-sa-stat-datovym-analytikom-v-pythone\/","name":"Online kurz Ako sa sta\u0165 d\u00e1tov\u00fdm analytikom v Pythone 2023 | VITA","isPartOf":{"@id":"https:\/\/www.vita.sk\/#website"},"primaryImageOfPage":{"@id":"https:\/\/www.vita.sk\/online-kurz-ako-sa-stat-datovym-analytikom-v-pythone\/#primaryimage"},"image":{"@id":"https:\/\/www.vita.sk\/online-kurz-ako-sa-stat-datovym-analytikom-v-pythone\/#primaryimage"},"thumbnailUrl":"https:\/\/www.vita.sk\/wp-content\/uploads\/2022\/04\/Online-kurz-Ako-sa-stat-datovym-analytikom-v-Pythone.png","datePublished":"2022-01-18T10:21:20+00:00","dateModified":"2025-04-25T09:24:18+00:00","description":"Online kurz Ako sa sta\u0165 d\u00e1tov\u00fdm analytikom v Pythone je pre teba vhodn\u00fd ak sa chce\u0161 uplatni\u0165 na poz\u00edcii ako d\u00e1tov\u00fd analytik. Venova\u0165 sa budeme naj\u010dastej\u0161ie vyu\u017e\u00edvan\u00fdm aplik\u00e1ci\u00e1m v jazyku Python . Ako d\u00e1tov\u00fd analytik zvl\u00e1dne\u0161 pl\u00e1novanie a definovanie potrieb datab\u00e1zy. Probl\u00e9m ti nebude robi\u0165 n\u00e1vrh, spracov\u00e1va\u0165 \u0161tatistick\u00e9 d\u00e1ta, interpretova\u0165 analyzovan\u00e9 d\u00e1ta.","breadcrumb":{"@id":"https:\/\/www.vita.sk\/online-kurz-ako-sa-stat-datovym-analytikom-v-pythone\/#breadcrumb"},"inLanguage":"en-US","potentialAction":[{"@type":"ReadAction","target":["https:\/\/www.vita.sk\/online-kurz-ako-sa-stat-datovym-analytikom-v-pythone\/"]}]},{"@type":"ImageObject","inLanguage":"en-US","@id":"https:\/\/www.vita.sk\/online-kurz-ako-sa-stat-datovym-analytikom-v-pythone\/#primaryimage","url":"https:\/\/www.vita.sk\/wp-content\/uploads\/2022\/04\/Online-kurz-Ako-sa-stat-datovym-analytikom-v-Pythone.png","contentUrl":"https:\/\/www.vita.sk\/wp-content\/uploads\/2022\/04\/Online-kurz-Ako-sa-stat-datovym-analytikom-v-Pythone.png","width":360,"height":360,"caption":"Kurz Ako sa sta\u0165 d\u00e1tov\u00fdm analytikom v Pythone"},{"@type":"BreadcrumbList","@id":"https:\/\/www.vita.sk\/online-kurz-ako-sa-stat-datovym-analytikom-v-pythone\/#breadcrumb","itemListElement":[{"@type":"ListItem","position":1,"name":"VITA Academy","item":"https:\/\/www.vita.sk\/en\/"},{"@type":"ListItem","position":2,"name":"Shop","item":"https:\/\/www.vita.sk\/shop\/"},{"@type":"ListItem","position":3,"name":"Programovacie Jazyky","item":"https:\/\/www.vita.sk\/online-kurzy-programovacie-jazyky\/"},{"@type":"ListItem","position":4,"name":"Python","item":"https:\/\/www.vita.sk\/online-kurzy-python\/"},{"@type":"ListItem","position":5,"name":"Online kurz Ako sa sta\u0165 d\u00e1tov\u00fdm analytikom v Pythone"}]},{"@type":"WebSite","@id":"https:\/\/www.vita.sk\/#website","url":"https:\/\/www.vita.sk\/","name":"VITA","description":"","publisher":{"@id":"https:\/\/www.vita.sk\/#organization"},"potentialAction":[{"@type":"SearchAction","target":{"@type":"EntryPoint","urlTemplate":"https:\/\/www.vita.sk\/?s={search_term_string}"},"query-input":{"@type":"PropertyValueSpecification","valueRequired":true,"valueName":"search_term_string"}}],"inLanguage":"en-US"},{"email":"admin@vita.sk","logo":"https:\/\/www.vita.sk\/img\/vita_logo.png ","address":{"type":"PostalAddress","streetAddress":"Tom\u00e1\u0161ikova 50\/A","addressLocality":"Bratislava","postalCode":"83104","addressCountry":{"name":"SK","type":"Country"}},"contactPoint":{"type":"ContactPoint","telephone":"+421 907 375\u00a0543","Email":"admin@vita.sk","contactType":"customer service"},"sameAs":["https:\/\/www.facebook.com\/VitaAcademySK\/","https:\/\/www.linkedin.com\/company\/vita-academy\/"]}]}},"acf":[],"_links":{"self":[{"href":"https:\/\/www.vita.sk\/en\/wp-json\/wp\/v2\/product\/8355","targetHints":{"allow":["GET"]}}],"collection":[{"href":"https:\/\/www.vita.sk\/en\/wp-json\/wp\/v2\/product"}],"about":[{"href":"https:\/\/www.vita.sk\/en\/wp-json\/wp\/v2\/types\/product"}],"author":[{"embeddable":true,"href":"https:\/\/www.vita.sk\/en\/wp-json\/wp\/v2\/users\/4"}],"replies":[{"embeddable":true,"href":"https:\/\/www.vita.sk\/en\/wp-json\/wp\/v2\/comments?post=8355"}],"wp:featuredmedia":[{"embeddable":true,"href":"https:\/\/www.vita.sk\/en\/wp-json\/wp\/v2\/media\/17902"}],"wp:attachment":[{"href":"https:\/\/www.vita.sk\/en\/wp-json\/wp\/v2\/media?parent=8355"}],"wp:term":[{"taxonomy":"product_brand","embeddable":true,"href":"https:\/\/www.vita.sk\/en\/wp-json\/wp\/v2\/product_brand?post=8355"},{"taxonomy":"product_cat","embeddable":true,"href":"https:\/\/www.vita.sk\/en\/wp-json\/wp\/v2\/product_cat?post=8355"},{"taxonomy":"product_tag","embeddable":true,"href":"https:\/\/www.vita.sk\/en\/wp-json\/wp\/v2\/product_tag?post=8355"}],"curies":[{"name":"wp","href":"https:\/\/api.w.org\/{rel}","templated":true}]}}