{"id":8426,"date":"2022-01-25T10:45:54","date_gmt":"2022-01-25T09:45:54","guid":{"rendered":"https:\/\/www.vita.sk\/?post_type=product&#038;p=8426"},"modified":"2025-05-23T11:06:23","modified_gmt":"2025-05-23T09:06:23","slug":"online-kurz-jira-testovanie-i-zaciatocnik","status":"publish","type":"product","link":"https:\/\/www.vita.sk\/en\/online-kurz-jira-testovanie-i-zaciatocnik\/","title":{"rendered":"Online kurz Jira a Testovanie I. Za\u010diato\u010dn\u00edk"},"content":{"rendered":"<p data-start=\"0\" data-end=\"236\">Online kurz Jira a Testovanie I. Za\u010diato\u010dn\u00edk pre v\u00e1s ide\u00e1lny, ak sa chcete nau\u010di\u0165 pracova\u0165 s n\u00e1strojom Jira od spolo\u010dnosti Atlassian a efekt\u00edvne ho vyu\u017e\u00edva\u0165 pri testovan\u00ed softv\u00e9ru. <strong>Ide o jedin\u00fd akreditovan\u00fd a certifikovan\u00fd kurz na JIRA na Slovensku.<\/strong> Kurz za\u010d\u00edna \u00favodom do Jira Software, kde sa zozn\u00e1mite s jeho z\u00e1kladn\u00fdmi funkciami, navig\u00e1ciou a mo\u017enos\u0165ami vyu\u017eitia v agilnom v\u00fdvoji. Nau\u010d\u00edte sa, ako vytv\u00e1ra\u0165 projekty, nastavova\u0165 opr\u00e1vnenia a pracova\u0165 s kateg\u00f3riami v r\u00e1mci spr\u00e1vy projektov. Prejdete si r\u00f4zne \u00farovne opr\u00e1vnen\u00ed a nau\u010d\u00edte sa, ako efekt\u00edvne pride\u013eova\u0165 \u00falohy jednotliv\u00fdm \u010dlenom t\u00edmu. D\u00f4le\u017eitou s\u00fa\u010das\u0165ou kurzu je testovanie v Jira. Dozviete sa, ako vytv\u00e1ra\u0165 a spravova\u0165 Issue (otvoren\u00e9 body), nastavova\u0165 priority a pracova\u0165 s \u00falohami (Tasks). Prejdete si typy softv\u00e9rov\u00fdch ch\u00fdb, reportovanie bugov a pou\u017e\u00edvanie filtrov na r\u00fdchle vyh\u013ead\u00e1vanie relevantn\u00fdch inform\u00e1ci\u00ed. Osvoj\u00edte si postupy pre exportovanie d\u00e1t a hromadn\u00e9 zmeny v r\u00e1mci testovania. V r\u00e1mci agiln\u00e9ho v\u00fdvoja sa nau\u010d\u00edte, ako Jira podporuje Scrum a Kanban. Z\u00edskate preh\u013ead o fungovan\u00ed v\u00fdvojov\u00e9ho t\u00edmu a roli Scrum Mastera v r\u00e1mci projektov\u00e9ho riadenia. Kurz v\u00e1s nau\u010d\u00ed, ako efekt\u00edvne pracova\u0165 s \u00falohami a sledova\u0165 priebeh v\u00fdvoja pomocou \u0161printov a backlogov. S\u00fa\u010das\u0165ou kurzu je aj modul venovan\u00fd DevOps technol\u00f3gi\u00e1m. Dozviete sa, \u010do je to server, ak\u00e9 typy serverov existuj\u00fa a ak\u00e9 technol\u00f3gie sa vyu\u017e\u00edvaj\u00fa v r\u00e1mci automatiz\u00e1cie nasadzovania. Z\u00edskate z\u00e1kladn\u00e9 vedomosti o CI\/CD (Continuous Integration\/Continuous Deployment) a odpor\u00fa\u010dania na relevantn\u00e9 n\u00e1stroje a certifik\u00e1cie, ktor\u00e9 v\u00e1m pom\u00f4\u017eu roz\u0161\u00edri\u0165 va\u0161e odborn\u00e9 znalosti v oblasti DevOps. Kurz v\u00e1s obozn\u00e1mi aj s jazykom Java ako platformou a programovac\u00edm jazykom, ktor\u00fd je \u0161iroko pou\u017e\u00edvan\u00fd v testovan\u00ed a v\u00fdvoji softv\u00e9ru. Pochop\u00edte v\u00fdznam premenn\u00fdch prostredia (Environs) a ich vyu\u017eitie pri testovan\u00ed. Zozn\u00e1mite sa s konceptom asercie (Assertion Error), ktor\u00fd zohr\u00e1va d\u00f4le\u017eit\u00fa \u00falohu pri valid\u00e1cii testovac\u00edch scen\u00e1rov. Na praktick\u00fdch pr\u00edkladoch si precvi\u010d\u00edte pr\u00e1cu so snippetmi a efekt\u00edvne vyu\u017e\u00edvanie Jira pri testovan\u00ed a spr\u00e1ve projektov. Tento kurz v\u00e1m poskytne komplexn\u00fd z\u00e1klad pre pr\u00e1cu s Jira Software a umo\u017en\u00ed v\u00e1m efekt\u00edvne riadi\u0165 testovanie softv\u00e9ru v r\u00e1mci agiln\u00e9ho v\u00fdvoja. Ak sa chcete skuto\u010dne nau\u010di\u0165 pou\u017e\u00edva\u0165 Jira Software, tak toto je ide\u00e1lny online kurz pre v\u00e1s.<\/p>\n","protected":false},"excerpt":{"rendered":"<p>Online kurz Jira a Testovanie I. Za\u010diato\u010dn\u00edk pre v\u00e1s ide\u00e1lny, ak sa chcete nau\u010di\u0165 pracova\u0165 s n\u00e1strojom Jira od spolo\u010dnosti Atlassian a efekt\u00edvne ho vyu\u017e\u00edva\u0165 pri testovan\u00ed softv\u00e9ru. Ide o jedin\u00fd akreditovan\u00fd a certifikovan\u00fd kurz na JIRA na Slovensku.","protected":false},"author":4,"featured_media":4399,"comment_status":"open","ping_status":"closed","template":"","meta":{"_acf_changed":false},"product_brand":[],"product_cat":[99,73,404],"product_tag":[402,189],"class_list":{"0":"post-8426","1":"product","2":"type-product","3":"status-publish","4":"has-post-thumbnail","6":"product_cat-online-kurzy-programovacie-jazyky","7":"product_cat-bez-kategorie","8":"product_cat-online-kurzy-jira","9":"product_tag-jira","10":"product_tag-programovacie-jazyky","12":"first","13":"instock","14":"sale","15":"sold-individually","16":"taxable","17":"shipping-taxable","18":"purchasable","19":"product-type-simple"},"yoast_head":"<!-- This site is optimized with the Yoast SEO Premium plugin v25.0 (Yoast SEO v25.0) - https:\/\/yoast.com\/wordpress\/plugins\/seo\/ -->\n<title>Online kurz Jira a Testovanie I. Za\u010diato\u010dn\u00edk 2026 | VITA<\/title>\n<meta name=\"description\" content=\"V online kurze Jira a Testovanie I. Za\u010diato\u010dn\u00edk sa nau\u010d\u00edte z\u00e1klady spr\u00e1vy testovac\u00edch procesov a sledovania ch\u00fdb v n\u00e1stroji Jira. \u2705\" \/>\n<meta name=\"robots\" content=\"index, follow, max-snippet:-1, max-image-preview:large, max-video-preview:-1\" \/>\n<link rel=\"canonical\" href=\"https:\/\/www.vita.sk\/online-kurz-jira-testovanie-i-zaciatocnik\/\" \/>\n<meta property=\"og:locale\" content=\"en_US\" \/>\n<meta property=\"og:type\" content=\"article\" \/>\n<meta property=\"og:title\" content=\"Online kurz Jira a Testovanie I. Za\u010diato\u010dn\u00edk\" \/>\n<meta property=\"og:description\" content=\"V online kurze Jira a Testovanie I. Za\u010diato\u010dn\u00edk sa nau\u010d\u00edte z\u00e1klady spr\u00e1vy testovac\u00edch procesov a sledovania ch\u00fdb v n\u00e1stroji Jira. \u2705\" \/>\n<meta property=\"og:url\" content=\"https:\/\/www.vita.sk\/online-kurz-jira-testovanie-i-zaciatocnik\/\" \/>\n<meta property=\"og:site_name\" content=\"VITA\" \/>\n<meta property=\"article:publisher\" content=\"https:\/\/www.facebook.com\/VitaAcademySK\" \/>\n<meta property=\"article:modified_time\" content=\"2025-05-23T09:06:23+00:00\" \/>\n<meta property=\"og:image\" content=\"https:\/\/www.vita.sk\/wp-content\/uploads\/2020\/11\/kurz_jira.png\" \/>\n\t<meta property=\"og:image:width\" content=\"360\" \/>\n\t<meta property=\"og:image:height\" content=\"360\" \/>\n\t<meta property=\"og:image:type\" content=\"image\/png\" \/>\n<meta name=\"twitter:card\" content=\"summary_large_image\" \/>\n<meta name=\"twitter:label1\" content=\"Est. reading time\" \/>\n\t<meta name=\"twitter:data1\" content=\"3 minutes\" \/>\n<script type=\"application\/ld+json\" class=\"yoast-schema-graph\">{\n\t    \"@context\": \"https:\/\/schema.org\",\n\t    \"@graph\": [\n\t        {\n\t            \"@type\": \"WebPage\",\n\t            \"@id\": \"https:\/\/www.vita.sk\/online-kurz-jira-testovanie-i-zaciatocnik\/\",\n\t            \"url\": \"https:\/\/www.vita.sk\/online-kurz-jira-testovanie-i-zaciatocnik\/\",\n\t            \"name\": \"Online kurz Jira a Testovanie I. Za\u010diato\u010dn\u00edk {Y} | VITA\",\n\t            \"isPartOf\": {\n\t                \"@id\": \"https:\/\/www.vita.sk\/#website\"\n\t            },\n\t            \"primaryImageOfPage\": {\n\t                \"@id\": \"https:\/\/www.vita.sk\/online-kurz-jira-testovanie-i-zaciatocnik\/#primaryimage\"\n\t            },\n\t            \"image\": {\n\t                \"@id\": \"https:\/\/www.vita.sk\/online-kurz-jira-testovanie-i-zaciatocnik\/#primaryimage\"\n\t            },\n\t            \"thumbnailUrl\": \"https:\/\/www.vita.sk\/wp-content\/uploads\/2020\/11\/kurz_jira.png\",\n\t            \"datePublished\": \"2022-01-25T09:45:54+00:00\",\n\t            \"dateModified\": \"2025-05-23T09:06:23+00:00\",\n\t            \"description\": \"V online kurze Jira a Testovanie I. Za\u010diato\u010dn\u00edk sa nau\u010d\u00edte z\u00e1klady spr\u00e1vy testovac\u00edch procesov a sledovania ch\u00fdb v n\u00e1stroji Jira. \u2705\",\n\t            \"breadcrumb\": {\n\t                \"@id\": \"https:\/\/www.vita.sk\/online-kurz-jira-testovanie-i-zaciatocnik\/#breadcrumb\"\n\t            },\n\t            \"inLanguage\": \"en-US\",\n\t            \"potentialAction\": [\n\t                {\n\t                    \"@type\": \"ReadAction\",\n\t                    \"target\": [\n\t                        \"https:\/\/www.vita.sk\/online-kurz-jira-testovanie-i-zaciatocnik\/\"\n\t                    ]\n\t                }\n\t            ]\n\t        },\n\t        {\n\t            \"@type\": \"ImageObject\",\n\t            \"inLanguage\": \"en-US\",\n\t            \"@id\": \"https:\/\/www.vita.sk\/online-kurz-jira-testovanie-i-zaciatocnik\/#primaryimage\",\n\t            \"url\": \"https:\/\/www.vita.sk\/wp-content\/uploads\/2020\/11\/kurz_jira.png\",\n\t            \"contentUrl\": \"https:\/\/www.vita.sk\/wp-content\/uploads\/2020\/11\/kurz_jira.png\",\n\t            \"width\": 360,\n\t            \"height\": 360,\n\t            \"caption\": \"Online kurz Jira\"\n\t        },\n\t        {\n\t            \"@type\": \"BreadcrumbList\",\n\t            \"@id\": \"https:\/\/www.vita.sk\/online-kurz-jira-testovanie-i-zaciatocnik\/#breadcrumb\",\n\t            \"itemListElement\": [\n\t                {\n\t                    \"@type\": \"ListItem\",\n\t                    \"position\": 1,\n\t                    \"name\": \"VITA Academy\",\n\t                    \"item\": \"https:\/\/www.vita.sk\/en\/\"\n\t                },\n\t                {\n\t                    \"@type\": \"ListItem\",\n\t                    \"position\": 2,\n\t                    \"name\": \"Shop\",\n\t                    \"item\": \"https:\/\/www.vita.sk\/shop\/\"\n\t                },\n\t                {\n\t                    \"@type\": \"ListItem\",\n\t                    \"position\": 3,\n\t                    \"name\": \"Programovacie Jazyky\",\n\t                    \"item\": \"https:\/\/www.vita.sk\/online-kurzy-programovacie-jazyky\/\"\n\t                },\n\t                {\n\t                    \"@type\": \"ListItem\",\n\t                    \"position\": 4,\n\t                    \"name\": \"JIRA\",\n\t                    \"item\": \"https:\/\/www.vita.sk\/online-kurzy-jira\/\"\n\t                },\n\t                {\n\t                    \"@type\": \"ListItem\",\n\t                    \"position\": 5,\n\t                    \"name\": \"Online kurz Jira a Testovanie I. Za\u010diato\u010dn\u00edk\"\n\t                }\n\t            ]\n\t        },\n\t        {\n\t            \"@type\": \"WebSite\",\n\t            \"@id\": \"https:\/\/www.vita.sk\/#website\",\n\t            \"url\": \"https:\/\/www.vita.sk\/\",\n\t            \"name\": \"VITA\",\n\t            \"description\": \"\",\n\t            \"publisher\": {\n\t                \"@id\": \"https:\/\/www.vita.sk\/#organization\"\n\t            },\n\t            \"potentialAction\": [\n\t                {\n\t                    \"@type\": \"SearchAction\",\n\t                    \"target\": {\n\t                        \"@type\": \"EntryPoint\",\n\t                        \"urlTemplate\": \"https:\/\/www.vita.sk\/?s={search_term_string}\"\n\t                    },\n\t                    \"query-input\": {\n\t                        \"@type\": \"PropertyValueSpecification\",\n\t                        \"valueRequired\": true,\n\t                        \"valueName\": \"search_term_string\"\n\t                    }\n\t                }\n\t            ],\n\t            \"inLanguage\": \"en-US\"\n\t        },\n\t        {\n\t            \"email\": \"admin@vita.sk\",\n\t            \"logo\": \"https:\/\/www.vita.sk\/img\/vita_logo.png \",\n\t            \"address\": {\n\t                \"type\": \"PostalAddress\",\n\t                \"streetAddress\": \"Tom\u00e1\u0161ikova 50\/A\",\n\t                \"addressLocality\": \"Bratislava\",\n\t                \"postalCode\": \"83104\",\n\t                \"addressCountry\": {\n\t                    \"name\": \"SK\",\n\t                    \"type\": \"Country\"\n\t                }\n\t            },\n\t            \"contactPoint\": {\n\t                \"type\": \"ContactPoint\",\n\t                \"telephone\": \"+421 907 375\u00a0543\",\n\t                \"Email\": \"admin@vita.sk\",\n\t                \"contactType\": \"customer service\"\n\t            },\n\t            \"sameAs\": [\n\t                \"https:\/\/www.facebook.com\/VitaAcademySK\/\",\n\t                \"https:\/\/www.linkedin.com\/company\/vita-academy\/\"\n\t            ]\n\t        }\n\t    ]\n\t}<\/script>\n<!-- \/ Yoast SEO Premium plugin. -->","yoast_head_json":{"title":"Online kurz Jira a Testovanie I. Za\u010diato\u010dn\u00edk 2026 | VITA","description":"V online kurze Jira a Testovanie I. Za\u010diato\u010dn\u00edk sa nau\u010d\u00edte z\u00e1klady spr\u00e1vy testovac\u00edch procesov a sledovania ch\u00fdb v n\u00e1stroji Jira. \u2705","robots":{"index":"index","follow":"follow","max-snippet":"max-snippet:-1","max-image-preview":"max-image-preview:large","max-video-preview":"max-video-preview:-1"},"canonical":"https:\/\/www.vita.sk\/online-kurz-jira-testovanie-i-zaciatocnik\/","og_locale":"en_US","og_type":"article","og_title":"Online kurz Jira a Testovanie I. Za\u010diato\u010dn\u00edk","og_description":"V online kurze Jira a Testovanie I. Za\u010diato\u010dn\u00edk sa nau\u010d\u00edte z\u00e1klady spr\u00e1vy testovac\u00edch procesov a sledovania ch\u00fdb v n\u00e1stroji Jira. \u2705","og_url":"https:\/\/www.vita.sk\/online-kurz-jira-testovanie-i-zaciatocnik\/","og_site_name":"VITA","article_publisher":"https:\/\/www.facebook.com\/VitaAcademySK","article_modified_time":"2025-05-23T09:06:23+00:00","og_image":[{"width":360,"height":360,"url":"https:\/\/www.vita.sk\/wp-content\/uploads\/2020\/11\/kurz_jira.png","type":"image\/png"}],"twitter_card":"summary_large_image","twitter_misc":{"Est. reading time":"3 minutes"},"schema":{"@context":"https:\/\/schema.org","@graph":[{"@type":"WebPage","@id":"https:\/\/www.vita.sk\/online-kurz-jira-testovanie-i-zaciatocnik\/","url":"https:\/\/www.vita.sk\/online-kurz-jira-testovanie-i-zaciatocnik\/","name":"Online kurz Jira a Testovanie I. Za\u010diato\u010dn\u00edk {Y} | VITA","isPartOf":{"@id":"https:\/\/www.vita.sk\/#website"},"primaryImageOfPage":{"@id":"https:\/\/www.vita.sk\/online-kurz-jira-testovanie-i-zaciatocnik\/#primaryimage"},"image":{"@id":"https:\/\/www.vita.sk\/online-kurz-jira-testovanie-i-zaciatocnik\/#primaryimage"},"thumbnailUrl":"https:\/\/www.vita.sk\/wp-content\/uploads\/2020\/11\/kurz_jira.png","datePublished":"2022-01-25T09:45:54+00:00","dateModified":"2025-05-23T09:06:23+00:00","description":"V online kurze Jira a Testovanie I. Za\u010diato\u010dn\u00edk sa nau\u010d\u00edte z\u00e1klady spr\u00e1vy testovac\u00edch procesov a sledovania ch\u00fdb v n\u00e1stroji Jira. \u2705","breadcrumb":{"@id":"https:\/\/www.vita.sk\/online-kurz-jira-testovanie-i-zaciatocnik\/#breadcrumb"},"inLanguage":"en-US","potentialAction":[{"@type":"ReadAction","target":["https:\/\/www.vita.sk\/online-kurz-jira-testovanie-i-zaciatocnik\/"]}]},{"@type":"ImageObject","inLanguage":"en-US","@id":"https:\/\/www.vita.sk\/online-kurz-jira-testovanie-i-zaciatocnik\/#primaryimage","url":"https:\/\/www.vita.sk\/wp-content\/uploads\/2020\/11\/kurz_jira.png","contentUrl":"https:\/\/www.vita.sk\/wp-content\/uploads\/2020\/11\/kurz_jira.png","width":360,"height":360,"caption":"Online kurz Jira"},{"@type":"BreadcrumbList","@id":"https:\/\/www.vita.sk\/online-kurz-jira-testovanie-i-zaciatocnik\/#breadcrumb","itemListElement":[{"@type":"ListItem","position":1,"name":"VITA Academy","item":"https:\/\/www.vita.sk\/en\/"},{"@type":"ListItem","position":2,"name":"Shop","item":"https:\/\/www.vita.sk\/shop\/"},{"@type":"ListItem","position":3,"name":"Programovacie Jazyky","item":"https:\/\/www.vita.sk\/online-kurzy-programovacie-jazyky\/"},{"@type":"ListItem","position":4,"name":"JIRA","item":"https:\/\/www.vita.sk\/online-kurzy-jira\/"},{"@type":"ListItem","position":5,"name":"Online kurz Jira a Testovanie I. Za\u010diato\u010dn\u00edk"}]},{"@type":"WebSite","@id":"https:\/\/www.vita.sk\/#website","url":"https:\/\/www.vita.sk\/","name":"VITA","description":"","publisher":{"@id":"https:\/\/www.vita.sk\/#organization"},"potentialAction":[{"@type":"SearchAction","target":{"@type":"EntryPoint","urlTemplate":"https:\/\/www.vita.sk\/?s={search_term_string}"},"query-input":{"@type":"PropertyValueSpecification","valueRequired":true,"valueName":"search_term_string"}}],"inLanguage":"en-US"},{"email":"admin@vita.sk","logo":"https:\/\/www.vita.sk\/img\/vita_logo.png ","address":{"type":"PostalAddress","streetAddress":"Tom\u00e1\u0161ikova 50\/A","addressLocality":"Bratislava","postalCode":"83104","addressCountry":{"name":"SK","type":"Country"}},"contactPoint":{"type":"ContactPoint","telephone":"+421 907 375\u00a0543","Email":"admin@vita.sk","contactType":"customer service"},"sameAs":["https:\/\/www.facebook.com\/VitaAcademySK\/","https:\/\/www.linkedin.com\/company\/vita-academy\/"]}]}},"acf":[],"_links":{"self":[{"href":"https:\/\/www.vita.sk\/en\/wp-json\/wp\/v2\/product\/8426","targetHints":{"allow":["GET"]}}],"collection":[{"href":"https:\/\/www.vita.sk\/en\/wp-json\/wp\/v2\/product"}],"about":[{"href":"https:\/\/www.vita.sk\/en\/wp-json\/wp\/v2\/types\/product"}],"author":[{"embeddable":true,"href":"https:\/\/www.vita.sk\/en\/wp-json\/wp\/v2\/users\/4"}],"replies":[{"embeddable":true,"href":"https:\/\/www.vita.sk\/en\/wp-json\/wp\/v2\/comments?post=8426"}],"wp:featuredmedia":[{"embeddable":true,"href":"https:\/\/www.vita.sk\/en\/wp-json\/wp\/v2\/media\/4399"}],"wp:attachment":[{"href":"https:\/\/www.vita.sk\/en\/wp-json\/wp\/v2\/media?parent=8426"}],"wp:term":[{"taxonomy":"product_brand","embeddable":true,"href":"https:\/\/www.vita.sk\/en\/wp-json\/wp\/v2\/product_brand?post=8426"},{"taxonomy":"product_cat","embeddable":true,"href":"https:\/\/www.vita.sk\/en\/wp-json\/wp\/v2\/product_cat?post=8426"},{"taxonomy":"product_tag","embeddable":true,"href":"https:\/\/www.vita.sk\/en\/wp-json\/wp\/v2\/product_tag?post=8426"}],"curies":[{"name":"wp","href":"https:\/\/api.w.org\/{rel}","templated":true}]}}