{"id":8695,"date":"2022-03-14T13:33:49","date_gmt":"2022-03-14T12:33:49","guid":{"rendered":"https:\/\/www.vita.sk\/?post_type=product&#038;p=8695"},"modified":"2024-06-06T13:58:56","modified_gmt":"2024-06-06T11:58:56","slug":"online-kurz-best-practices-v-marketingu","status":"publish","type":"product","link":"https:\/\/www.vita.sk\/en\/online-kurz-best-practices-v-marketingu\/","title":{"rendered":"Online kurz Best Practices v Marketingu"},"content":{"rendered":"<p>Online kurz Best Practices v Marketingu je ur\u010den\u00fd pre v\u0161etk\u00fdch, ktor\u00ed maj\u00fa z\u00e1ujem o good practices, odborn\u00fa diskusiu, ale aj pre \u0161pecialistov marketingu a obchodu. Podporuje sk\u00fasenost\u00ed v\u0161etk\u00fdch, ktor\u00ed sa potrebuj\u00fa orientova\u0165 v problematike trhu, a pre ktor\u00fdch je orient\u00e1cia v marketingu nevyhnutnou po\u017eiadavkou efekt\u00edvneho riadenia a zvy\u0161ovania konkurencieschopnosti firiem. Nau\u010d\u00edte sa rozv\u00edja\u0165 kari\u00e9rov\u00fd rozvoj mana\u017e\u00e9rov firiem a \u0161pecialistov.<\/p>\n","protected":false},"excerpt":{"rendered":"<p>Online kurz Best Practices v Marketingu je ur\u010den\u00fd pre v\u0161etk\u00fdch, ktor\u00ed maj\u00fa z\u00e1ujem o good practices, odborn\u00fa diskusiu, ale aj pre \u0161pecialistov marketingu a obchodu. Podporuje sk\u00fasenost\u00ed v\u0161etk\u00fdch, ktor\u00ed sa potrebuj\u00fa orientova\u0165 v problematike trhu, a pre ktor\u00fdch je orient\u00e1cia v marketingu nevyhnutnou po\u017eiadavkou efekt\u00edvneho riadenia a zvy\u0161ovania konkurencieschopnosti firiem.","protected":false},"author":4,"featured_media":9922,"comment_status":"open","ping_status":"closed","template":"","meta":{"_acf_changed":false},"product_brand":[],"product_cat":[70,73,416],"product_tag":[183],"class_list":{"0":"post-8695","1":"product","2":"type-product","3":"status-publish","4":"has-post-thumbnail","6":"product_cat-online-kurzy-marketing-reklama-a-pravo","7":"product_cat-bez-kategorie","8":"product_cat-online-kurzy-marketingove-aplikacie","9":"product_tag-marketing","11":"first","12":"instock","13":"sale","14":"sold-individually","15":"taxable","16":"shipping-taxable","17":"purchasable","18":"product-type-simple"},"yoast_head":"<!-- This site is optimized with the Yoast SEO Premium plugin v25.0 (Yoast SEO v25.0) - https:\/\/yoast.com\/wordpress\/plugins\/seo\/ -->\n<title>Online kurz Best Practices v Marketingu  | VITA<\/title>\n<meta name=\"description\" content=\"Online kurz Best Practices v Marketingu je zameran\u00fd pre v\u0161etk\u00fdch, t\u00fdch ktor\u00fd maj\u00fa z\u00e1ujem na good practices, odborn\u00fa diskusiu, \u0161pecialistov marketingu a obchodu. Podporuje sk\u00fasenost\u00ed v\u0161etk\u00fdch, ktor\u00ed sa potrebuj\u00fa orientova\u0165 v problematike trhu, a pre ktor\u00fdch je orient\u00e1cia v marketingu nevyhnutnou po\u017eiadavkou efekt\u00edvneho riadenia a zvy\u0161ovania konkurencieschopnosti firiem. Nau\u010d\u00edte sa rozv\u00edja\u0165 kari\u00e9rov\u00fd rozvoj mana\u017e\u00e9rov firiem a \u0161pecialistov.\" \/>\n<meta name=\"robots\" content=\"index, follow, max-snippet:-1, max-image-preview:large, max-video-preview:-1\" \/>\n<link rel=\"canonical\" href=\"https:\/\/www.vita.sk\/online-kurz-best-practices-v-marketingu\/\" \/>\n<meta property=\"og:locale\" content=\"en_US\" \/>\n<meta property=\"og:type\" content=\"article\" \/>\n<meta property=\"og:title\" content=\"Online kurz Best Practices v Marketingu\" \/>\n<meta property=\"og:description\" content=\"Online kurz Best Practices v Marketingu je zameran\u00fd pre v\u0161etk\u00fdch, t\u00fdch ktor\u00fd maj\u00fa z\u00e1ujem na good practices, odborn\u00fa diskusiu, \u0161pecialistov marketingu a obchodu. Podporuje sk\u00fasenost\u00ed v\u0161etk\u00fdch, ktor\u00ed sa potrebuj\u00fa orientova\u0165 v problematike trhu, a pre ktor\u00fdch je orient\u00e1cia v marketingu nevyhnutnou po\u017eiadavkou efekt\u00edvneho riadenia a zvy\u0161ovania konkurencieschopnosti firiem. Nau\u010d\u00edte sa rozv\u00edja\u0165 kari\u00e9rov\u00fd rozvoj mana\u017e\u00e9rov firiem a \u0161pecialistov.\" \/>\n<meta property=\"og:url\" content=\"https:\/\/www.vita.sk\/online-kurz-best-practices-v-marketingu\/\" \/>\n<meta property=\"og:site_name\" content=\"VITA\" \/>\n<meta property=\"article:publisher\" content=\"https:\/\/www.facebook.com\/VitaAcademySK\" \/>\n<meta property=\"article:modified_time\" content=\"2024-06-06T11:58:56+00:00\" \/>\n<meta property=\"og:image\" content=\"https:\/\/www.vita.sk\/wp-content\/uploads\/2022\/05\/online-kurz-best-practices-v-marketingu.png\" \/>\n\t<meta property=\"og:image:width\" content=\"360\" \/>\n\t<meta property=\"og:image:height\" content=\"360\" \/>\n\t<meta property=\"og:image:type\" content=\"image\/png\" \/>\n<meta name=\"twitter:card\" content=\"summary_large_image\" \/>\n<meta name=\"twitter:label1\" content=\"Est. reading time\" \/>\n\t<meta name=\"twitter:data1\" content=\"1 minute\" \/>\n<script type=\"application\/ld+json\" class=\"yoast-schema-graph\">{\n\t    \"@context\": \"https:\/\/schema.org\",\n\t    \"@graph\": [\n\t        {\n\t            \"@type\": \"WebPage\",\n\t            \"@id\": \"https:\/\/www.vita.sk\/online-kurz-best-practices-v-marketingu\/\",\n\t            \"url\": \"https:\/\/www.vita.sk\/online-kurz-best-practices-v-marketingu\/\",\n\t            \"name\": \"Online kurz Best Practices v Marketingu 2023 | VITA\",\n\t            \"isPartOf\": {\n\t                \"@id\": \"https:\/\/www.vita.sk\/#website\"\n\t            },\n\t            \"primaryImageOfPage\": {\n\t                \"@id\": \"https:\/\/www.vita.sk\/online-kurz-best-practices-v-marketingu\/#primaryimage\"\n\t            },\n\t            \"image\": {\n\t                \"@id\": \"https:\/\/www.vita.sk\/online-kurz-best-practices-v-marketingu\/#primaryimage\"\n\t            },\n\t            \"thumbnailUrl\": \"https:\/\/www.vita.sk\/wp-content\/uploads\/2022\/05\/online-kurz-best-practices-v-marketingu.png\",\n\t            \"datePublished\": \"2022-03-14T12:33:49+00:00\",\n\t            \"dateModified\": \"2024-06-06T11:58:56+00:00\",\n\t            \"description\": \"Online kurz Best Practices v Marketingu je zameran\u00fd pre v\u0161etk\u00fdch, t\u00fdch ktor\u00fd maj\u00fa z\u00e1ujem na good practices, odborn\u00fa diskusiu, \u0161pecialistov marketingu a obchodu. Podporuje sk\u00fasenost\u00ed v\u0161etk\u00fdch, ktor\u00ed sa potrebuj\u00fa orientova\u0165 v problematike trhu, a pre ktor\u00fdch je orient\u00e1cia v marketingu nevyhnutnou po\u017eiadavkou efekt\u00edvneho riadenia a zvy\u0161ovania konkurencieschopnosti firiem. Nau\u010d\u00edte sa rozv\u00edja\u0165 kari\u00e9rov\u00fd rozvoj mana\u017e\u00e9rov firiem a \u0161pecialistov.\",\n\t            \"breadcrumb\": {\n\t                \"@id\": \"https:\/\/www.vita.sk\/online-kurz-best-practices-v-marketingu\/#breadcrumb\"\n\t            },\n\t            \"inLanguage\": \"en-US\",\n\t            \"potentialAction\": [\n\t                {\n\t                    \"@type\": \"ReadAction\",\n\t                    \"target\": [\n\t                        \"https:\/\/www.vita.sk\/online-kurz-best-practices-v-marketingu\/\"\n\t                    ]\n\t                }\n\t            ]\n\t        },\n\t        {\n\t            \"@type\": \"ImageObject\",\n\t            \"inLanguage\": \"en-US\",\n\t            \"@id\": \"https:\/\/www.vita.sk\/online-kurz-best-practices-v-marketingu\/#primaryimage\",\n\t            \"url\": \"https:\/\/www.vita.sk\/wp-content\/uploads\/2022\/05\/online-kurz-best-practices-v-marketingu.png\",\n\t            \"contentUrl\": \"https:\/\/www.vita.sk\/wp-content\/uploads\/2022\/05\/online-kurz-best-practices-v-marketingu.png\",\n\t            \"width\": 360,\n\t            \"height\": 360\n\t        },\n\t        {\n\t            \"@type\": \"BreadcrumbList\",\n\t            \"@id\": \"https:\/\/www.vita.sk\/online-kurz-best-practices-v-marketingu\/#breadcrumb\",\n\t            \"itemListElement\": [\n\t                {\n\t                    \"@type\": \"ListItem\",\n\t                    \"position\": 1,\n\t                    \"name\": \"VITA Academy\",\n\t                    \"item\": \"https:\/\/www.vita.sk\/en\/\"\n\t                },\n\t                {\n\t                    \"@type\": \"ListItem\",\n\t                    \"position\": 2,\n\t                    \"name\": \"Shop\",\n\t                    \"item\": \"https:\/\/www.vita.sk\/shop\/\"\n\t                },\n\t                {\n\t                    \"@type\": \"ListItem\",\n\t                    \"position\": 3,\n\t                    \"name\": \"Marketing, Reklama a Pr\u00e1vo\",\n\t                    \"item\": \"https:\/\/www.vita.sk\/online-kurzy-marketing-reklama-a-pravo\/\"\n\t                },\n\t                {\n\t                    \"@type\": \"ListItem\",\n\t                    \"position\": 4,\n\t                    \"name\": \"Marketingov\u00e9 Aplik\u00e1cie\",\n\t                    \"item\": \"https:\/\/www.vita.sk\/online-kurzy-marketingove-aplikacie\/\"\n\t                },\n\t                {\n\t                    \"@type\": \"ListItem\",\n\t                    \"position\": 5,\n\t                    \"name\": \"Online kurz Best Practices v Marketingu\"\n\t                }\n\t            ]\n\t        },\n\t        {\n\t            \"@type\": \"WebSite\",\n\t            \"@id\": \"https:\/\/www.vita.sk\/#website\",\n\t            \"url\": \"https:\/\/www.vita.sk\/\",\n\t            \"name\": \"VITA\",\n\t            \"description\": \"\",\n\t            \"publisher\": {\n\t                \"@id\": \"https:\/\/www.vita.sk\/#organization\"\n\t            },\n\t            \"potentialAction\": [\n\t                {\n\t                    \"@type\": \"SearchAction\",\n\t                    \"target\": {\n\t                        \"@type\": \"EntryPoint\",\n\t                        \"urlTemplate\": \"https:\/\/www.vita.sk\/?s={search_term_string}\"\n\t                    },\n\t                    \"query-input\": {\n\t                        \"@type\": \"PropertyValueSpecification\",\n\t                        \"valueRequired\": true,\n\t                        \"valueName\": \"search_term_string\"\n\t                    }\n\t                }\n\t            ],\n\t            \"inLanguage\": \"en-US\"\n\t        },\n\t        {\n\t            \"email\": \"admin@vita.sk\",\n\t            \"logo\": \"https:\/\/www.vita.sk\/img\/vita_logo.png \",\n\t            \"address\": {\n\t                \"type\": \"PostalAddress\",\n\t                \"streetAddress\": \"Tom\u00e1\u0161ikova 50\/A\",\n\t                \"addressLocality\": \"Bratislava\",\n\t                \"postalCode\": \"83104\",\n\t                \"addressCountry\": {\n\t                    \"name\": \"SK\",\n\t                    \"type\": \"Country\"\n\t                }\n\t            },\n\t            \"contactPoint\": {\n\t                \"type\": \"ContactPoint\",\n\t                \"telephone\": \"+421 907 375\u00a0543\",\n\t                \"Email\": \"admin@vita.sk\",\n\t                \"contactType\": \"customer service\"\n\t            },\n\t            \"sameAs\": [\n\t                \"https:\/\/www.facebook.com\/VitaAcademySK\/\",\n\t                \"https:\/\/www.linkedin.com\/company\/vita-academy\/\"\n\t            ]\n\t        }\n\t    ]\n\t}<\/script>\n<!-- \/ Yoast SEO Premium plugin. -->","yoast_head_json":{"title":"Online kurz Best Practices v Marketingu  | VITA","description":"Online kurz Best Practices v Marketingu je zameran\u00fd pre v\u0161etk\u00fdch, t\u00fdch ktor\u00fd maj\u00fa z\u00e1ujem na good practices, odborn\u00fa diskusiu, \u0161pecialistov marketingu a obchodu. Podporuje sk\u00fasenost\u00ed v\u0161etk\u00fdch, ktor\u00ed sa potrebuj\u00fa orientova\u0165 v problematike trhu, a pre ktor\u00fdch je orient\u00e1cia v marketingu nevyhnutnou po\u017eiadavkou efekt\u00edvneho riadenia a zvy\u0161ovania konkurencieschopnosti firiem. Nau\u010d\u00edte sa rozv\u00edja\u0165 kari\u00e9rov\u00fd rozvoj mana\u017e\u00e9rov firiem a \u0161pecialistov.","robots":{"index":"index","follow":"follow","max-snippet":"max-snippet:-1","max-image-preview":"max-image-preview:large","max-video-preview":"max-video-preview:-1"},"canonical":"https:\/\/www.vita.sk\/online-kurz-best-practices-v-marketingu\/","og_locale":"en_US","og_type":"article","og_title":"Online kurz Best Practices v Marketingu","og_description":"Online kurz Best Practices v Marketingu je zameran\u00fd pre v\u0161etk\u00fdch, t\u00fdch ktor\u00fd maj\u00fa z\u00e1ujem na good practices, odborn\u00fa diskusiu, \u0161pecialistov marketingu a obchodu. Podporuje sk\u00fasenost\u00ed v\u0161etk\u00fdch, ktor\u00ed sa potrebuj\u00fa orientova\u0165 v problematike trhu, a pre ktor\u00fdch je orient\u00e1cia v marketingu nevyhnutnou po\u017eiadavkou efekt\u00edvneho riadenia a zvy\u0161ovania konkurencieschopnosti firiem. Nau\u010d\u00edte sa rozv\u00edja\u0165 kari\u00e9rov\u00fd rozvoj mana\u017e\u00e9rov firiem a \u0161pecialistov.","og_url":"https:\/\/www.vita.sk\/online-kurz-best-practices-v-marketingu\/","og_site_name":"VITA","article_publisher":"https:\/\/www.facebook.com\/VitaAcademySK","article_modified_time":"2024-06-06T11:58:56+00:00","og_image":[{"width":360,"height":360,"url":"https:\/\/www.vita.sk\/wp-content\/uploads\/2022\/05\/online-kurz-best-practices-v-marketingu.png","type":"image\/png"}],"twitter_card":"summary_large_image","twitter_misc":{"Est. reading time":"1 minute"},"schema":{"@context":"https:\/\/schema.org","@graph":[{"@type":"WebPage","@id":"https:\/\/www.vita.sk\/online-kurz-best-practices-v-marketingu\/","url":"https:\/\/www.vita.sk\/online-kurz-best-practices-v-marketingu\/","name":"Online kurz Best Practices v Marketingu 2023 | VITA","isPartOf":{"@id":"https:\/\/www.vita.sk\/#website"},"primaryImageOfPage":{"@id":"https:\/\/www.vita.sk\/online-kurz-best-practices-v-marketingu\/#primaryimage"},"image":{"@id":"https:\/\/www.vita.sk\/online-kurz-best-practices-v-marketingu\/#primaryimage"},"thumbnailUrl":"https:\/\/www.vita.sk\/wp-content\/uploads\/2022\/05\/online-kurz-best-practices-v-marketingu.png","datePublished":"2022-03-14T12:33:49+00:00","dateModified":"2024-06-06T11:58:56+00:00","description":"Online kurz Best Practices v Marketingu je zameran\u00fd pre v\u0161etk\u00fdch, t\u00fdch ktor\u00fd maj\u00fa z\u00e1ujem na good practices, odborn\u00fa diskusiu, \u0161pecialistov marketingu a obchodu. Podporuje sk\u00fasenost\u00ed v\u0161etk\u00fdch, ktor\u00ed sa potrebuj\u00fa orientova\u0165 v problematike trhu, a pre ktor\u00fdch je orient\u00e1cia v marketingu nevyhnutnou po\u017eiadavkou efekt\u00edvneho riadenia a zvy\u0161ovania konkurencieschopnosti firiem. Nau\u010d\u00edte sa rozv\u00edja\u0165 kari\u00e9rov\u00fd rozvoj mana\u017e\u00e9rov firiem a \u0161pecialistov.","breadcrumb":{"@id":"https:\/\/www.vita.sk\/online-kurz-best-practices-v-marketingu\/#breadcrumb"},"inLanguage":"en-US","potentialAction":[{"@type":"ReadAction","target":["https:\/\/www.vita.sk\/online-kurz-best-practices-v-marketingu\/"]}]},{"@type":"ImageObject","inLanguage":"en-US","@id":"https:\/\/www.vita.sk\/online-kurz-best-practices-v-marketingu\/#primaryimage","url":"https:\/\/www.vita.sk\/wp-content\/uploads\/2022\/05\/online-kurz-best-practices-v-marketingu.png","contentUrl":"https:\/\/www.vita.sk\/wp-content\/uploads\/2022\/05\/online-kurz-best-practices-v-marketingu.png","width":360,"height":360},{"@type":"BreadcrumbList","@id":"https:\/\/www.vita.sk\/online-kurz-best-practices-v-marketingu\/#breadcrumb","itemListElement":[{"@type":"ListItem","position":1,"name":"VITA Academy","item":"https:\/\/www.vita.sk\/en\/"},{"@type":"ListItem","position":2,"name":"Shop","item":"https:\/\/www.vita.sk\/shop\/"},{"@type":"ListItem","position":3,"name":"Marketing, Reklama a Pr\u00e1vo","item":"https:\/\/www.vita.sk\/online-kurzy-marketing-reklama-a-pravo\/"},{"@type":"ListItem","position":4,"name":"Marketingov\u00e9 Aplik\u00e1cie","item":"https:\/\/www.vita.sk\/online-kurzy-marketingove-aplikacie\/"},{"@type":"ListItem","position":5,"name":"Online kurz Best Practices v Marketingu"}]},{"@type":"WebSite","@id":"https:\/\/www.vita.sk\/#website","url":"https:\/\/www.vita.sk\/","name":"VITA","description":"","publisher":{"@id":"https:\/\/www.vita.sk\/#organization"},"potentialAction":[{"@type":"SearchAction","target":{"@type":"EntryPoint","urlTemplate":"https:\/\/www.vita.sk\/?s={search_term_string}"},"query-input":{"@type":"PropertyValueSpecification","valueRequired":true,"valueName":"search_term_string"}}],"inLanguage":"en-US"},{"email":"admin@vita.sk","logo":"https:\/\/www.vita.sk\/img\/vita_logo.png ","address":{"type":"PostalAddress","streetAddress":"Tom\u00e1\u0161ikova 50\/A","addressLocality":"Bratislava","postalCode":"83104","addressCountry":{"name":"SK","type":"Country"}},"contactPoint":{"type":"ContactPoint","telephone":"+421 907 375\u00a0543","Email":"admin@vita.sk","contactType":"customer service"},"sameAs":["https:\/\/www.facebook.com\/VitaAcademySK\/","https:\/\/www.linkedin.com\/company\/vita-academy\/"]}]}},"acf":[],"_links":{"self":[{"href":"https:\/\/www.vita.sk\/en\/wp-json\/wp\/v2\/product\/8695","targetHints":{"allow":["GET"]}}],"collection":[{"href":"https:\/\/www.vita.sk\/en\/wp-json\/wp\/v2\/product"}],"about":[{"href":"https:\/\/www.vita.sk\/en\/wp-json\/wp\/v2\/types\/product"}],"author":[{"embeddable":true,"href":"https:\/\/www.vita.sk\/en\/wp-json\/wp\/v2\/users\/4"}],"replies":[{"embeddable":true,"href":"https:\/\/www.vita.sk\/en\/wp-json\/wp\/v2\/comments?post=8695"}],"wp:featuredmedia":[{"embeddable":true,"href":"https:\/\/www.vita.sk\/en\/wp-json\/wp\/v2\/media\/9922"}],"wp:attachment":[{"href":"https:\/\/www.vita.sk\/en\/wp-json\/wp\/v2\/media?parent=8695"}],"wp:term":[{"taxonomy":"product_brand","embeddable":true,"href":"https:\/\/www.vita.sk\/en\/wp-json\/wp\/v2\/product_brand?post=8695"},{"taxonomy":"product_cat","embeddable":true,"href":"https:\/\/www.vita.sk\/en\/wp-json\/wp\/v2\/product_cat?post=8695"},{"taxonomy":"product_tag","embeddable":true,"href":"https:\/\/www.vita.sk\/en\/wp-json\/wp\/v2\/product_tag?post=8695"}],"curies":[{"name":"wp","href":"https:\/\/api.w.org\/{rel}","templated":true}]}}