{"id":8830,"date":"2022-04-06T15:14:29","date_gmt":"2022-04-06T13:14:29","guid":{"rendered":"https:\/\/www.vita.sk\/?post_type=product&#038;p=8830"},"modified":"2024-06-06T14:41:33","modified_gmt":"2024-06-06T12:41:33","slug":"online-kurz-marketingove-aplikacie","status":"publish","type":"product","link":"https:\/\/www.vita.sk\/en\/online-kurz-marketingove-aplikacie\/","title":{"rendered":"Online kurz Marketingov\u00e9 Aplik\u00e1cie"},"content":{"rendered":"<p>Na online kurze Marketingov\u00e9 Aplik\u00e1cie je pre v\u00e1s ide\u00e1lny, ak sa chcete nau\u010di\u0165 pou\u017e\u00edva\u0165 r\u00f4zne digit\u00e1lne n\u00e1stroje a aplik\u00e1cie na podporu marketingov\u00fdch aktiv\u00edt a kampan\u00ed. Na kurze sa nau\u010d\u00edte nie len pou\u017e\u00edva\u0165 aplik\u00e1cie digit\u00e1lneho marketingu, ale aj zoh\u013ead\u0148ova\u0165 aktu\u00e1lne trendy a najlep\u0161ie postupy v tejto oblasti. Uk\u00e1\u017eeme si ako analyzova\u0165 web pomocou aplik\u00e1cie SimilarWeb a sledovanie spr\u00e1vania pou\u017e\u00edvate\u013eov v n\u00e1stroji Google Analytics. Budete vedie\u0165 spr\u00e1vne nastavi\u0165 a pl\u00e1nova\u0165 k\u013e\u00fa\u010dov\u00e9 slov\u00e1. Spolo\u010dne si vytvor\u00edme \u00fa\u010det v n\u00e1stroji Google Ads na tvorbu kampan\u00ed a sledovanie ich v\u00fdkonnosti. Povieme si \u010do je content marketing a ako uplatni\u0165 obsahov\u00fa strat\u00e9giu. Dostanete od n\u00e1s cenn\u00e9 copywritersk\u00e9 tipy z praxe.<\/p>\n","protected":false},"excerpt":{"rendered":"<p>Na online kurze Marketingov\u00e9 Aplik\u00e1cie je pre v\u00e1s ide\u00e1lny, ak sa chcete nau\u010di\u0165 pou\u017e\u00edva\u0165 r\u00f4zne digit\u00e1lne n\u00e1stroje a aplik\u00e1cie na podporu marketingov\u00fdch aktiv\u00edt a kampan\u00ed. Na kurze sa nau\u010d\u00edte nie len pou\u017e\u00edva\u0165 aplik\u00e1cie digit\u00e1lneho marketingu, ale aj zoh\u013ead\u0148ova\u0165 aktu\u00e1lne trendy a najlep\u0161ie postupy v tejto oblasti.","protected":false},"author":4,"featured_media":9880,"comment_status":"open","ping_status":"closed","template":"","meta":{"_acf_changed":false},"product_brand":[],"product_cat":[70,73,416,435],"product_tag":[183,439],"class_list":{"0":"post-8830","1":"product","2":"type-product","3":"status-publish","4":"has-post-thumbnail","6":"product_cat-online-kurzy-marketing-reklama-a-pravo","7":"product_cat-bez-kategorie","8":"product_cat-online-kurzy-marketingove-aplikacie","9":"product_cat-online-kurzy-marketingove-nastroje","10":"product_tag-marketing","11":"product_tag-marketingove-aplikacie","13":"first","14":"instock","15":"sale","16":"sold-individually","17":"taxable","18":"shipping-taxable","19":"purchasable","20":"product-type-simple"},"yoast_head":"<!-- This site is optimized with the Yoast SEO Premium plugin v25.0 (Yoast SEO v25.0) - https:\/\/yoast.com\/wordpress\/plugins\/seo\/ -->\n<title>Online kurz Marketingov\u00e9 Aplik\u00e1cie  | VITA<\/title>\n<meta name=\"description\" content=\"Na online kurze Marketingov\u00e9 Aplik\u00e1cie sa nau\u010d\u00ed\u0161 ako robi\u0165 efekt\u00edvny online marketing a implementova\u0165 v\u0161etky prvky do tvojej digit\u00e1lnej strat\u00e9gie. Po\u010das online kurzu \u0164a prevedieme pr\u00edpravou, nasaden\u00edm, hodnoten\u00edm digit\u00e1lnej strat\u00e9gie. Spozn\u00e1\u0161 Aplik\u00e1cie digit\u00e1lneho marketingu.\" \/>\n<meta name=\"robots\" content=\"index, follow, max-snippet:-1, max-image-preview:large, max-video-preview:-1\" \/>\n<link rel=\"canonical\" href=\"https:\/\/www.vita.sk\/online-kurz-marketingove-aplikacie\/\" \/>\n<meta property=\"og:locale\" content=\"en_US\" \/>\n<meta property=\"og:type\" content=\"article\" \/>\n<meta property=\"og:title\" content=\"Online kurz Marketingov\u00e9 Aplik\u00e1cie\" \/>\n<meta property=\"og:description\" content=\"Na online kurze Marketingov\u00e9 Aplik\u00e1cie sa nau\u010d\u00ed\u0161 ako robi\u0165 efekt\u00edvny online marketing a implementova\u0165 v\u0161etky prvky do tvojej digit\u00e1lnej strat\u00e9gie. Po\u010das online kurzu \u0164a prevedieme pr\u00edpravou, nasaden\u00edm, hodnoten\u00edm digit\u00e1lnej strat\u00e9gie. Spozn\u00e1\u0161 Aplik\u00e1cie digit\u00e1lneho marketingu.\" \/>\n<meta property=\"og:url\" content=\"https:\/\/www.vita.sk\/online-kurz-marketingove-aplikacie\/\" \/>\n<meta property=\"og:site_name\" content=\"VITA\" \/>\n<meta property=\"article:publisher\" content=\"https:\/\/www.facebook.com\/VitaAcademySK\" \/>\n<meta property=\"article:modified_time\" content=\"2024-06-06T12:41:33+00:00\" \/>\n<meta property=\"og:image\" content=\"https:\/\/www.vita.sk\/wp-content\/uploads\/2022\/05\/online-kurz-marketingove-aplikacie.png\" \/>\n\t<meta property=\"og:image:width\" content=\"360\" \/>\n\t<meta property=\"og:image:height\" content=\"360\" \/>\n\t<meta property=\"og:image:type\" content=\"image\/png\" \/>\n<meta name=\"twitter:card\" content=\"summary_large_image\" \/>\n<meta name=\"twitter:label1\" content=\"Est. reading time\" \/>\n\t<meta name=\"twitter:data1\" content=\"1 minute\" \/>\n<script type=\"application\/ld+json\" class=\"yoast-schema-graph\">{\n\t    \"@context\": \"https:\/\/schema.org\",\n\t    \"@graph\": [\n\t        {\n\t            \"@type\": \"WebPage\",\n\t            \"@id\": \"https:\/\/www.vita.sk\/online-kurz-marketingove-aplikacie\/\",\n\t            \"url\": \"https:\/\/www.vita.sk\/online-kurz-marketingove-aplikacie\/\",\n\t            \"name\": \"Online kurz Marketingov\u00e9 Aplik\u00e1cie 2023 | VITA\",\n\t            \"isPartOf\": {\n\t                \"@id\": \"https:\/\/www.vita.sk\/#website\"\n\t            },\n\t            \"primaryImageOfPage\": {\n\t                \"@id\": \"https:\/\/www.vita.sk\/online-kurz-marketingove-aplikacie\/#primaryimage\"\n\t            },\n\t            \"image\": {\n\t                \"@id\": \"https:\/\/www.vita.sk\/online-kurz-marketingove-aplikacie\/#primaryimage\"\n\t            },\n\t            \"thumbnailUrl\": \"https:\/\/www.vita.sk\/wp-content\/uploads\/2022\/05\/online-kurz-marketingove-aplikacie.png\",\n\t            \"datePublished\": \"2022-04-06T13:14:29+00:00\",\n\t            \"dateModified\": \"2024-06-06T12:41:33+00:00\",\n\t            \"description\": \"Na online kurze Marketingov\u00e9 Aplik\u00e1cie sa nau\u010d\u00ed\u0161 ako robi\u0165 efekt\u00edvny online marketing a implementova\u0165 v\u0161etky prvky do tvojej digit\u00e1lnej strat\u00e9gie. Po\u010das online kurzu \u0164a prevedieme pr\u00edpravou, nasaden\u00edm, hodnoten\u00edm digit\u00e1lnej strat\u00e9gie. Spozn\u00e1\u0161 Aplik\u00e1cie digit\u00e1lneho marketingu.\",\n\t            \"breadcrumb\": {\n\t                \"@id\": \"https:\/\/www.vita.sk\/online-kurz-marketingove-aplikacie\/#breadcrumb\"\n\t            },\n\t            \"inLanguage\": \"en-US\",\n\t            \"potentialAction\": [\n\t                {\n\t                    \"@type\": \"ReadAction\",\n\t                    \"target\": [\n\t                        \"https:\/\/www.vita.sk\/online-kurz-marketingove-aplikacie\/\"\n\t                    ]\n\t                }\n\t            ]\n\t        },\n\t        {\n\t            \"@type\": \"ImageObject\",\n\t            \"inLanguage\": \"en-US\",\n\t            \"@id\": \"https:\/\/www.vita.sk\/online-kurz-marketingove-aplikacie\/#primaryimage\",\n\t            \"url\": \"https:\/\/www.vita.sk\/wp-content\/uploads\/2022\/05\/online-kurz-marketingove-aplikacie.png\",\n\t            \"contentUrl\": \"https:\/\/www.vita.sk\/wp-content\/uploads\/2022\/05\/online-kurz-marketingove-aplikacie.png\",\n\t            \"width\": 360,\n\t            \"height\": 360\n\t        },\n\t        {\n\t            \"@type\": \"BreadcrumbList\",\n\t            \"@id\": \"https:\/\/www.vita.sk\/online-kurz-marketingove-aplikacie\/#breadcrumb\",\n\t            \"itemListElement\": [\n\t                {\n\t                    \"@type\": \"ListItem\",\n\t                    \"position\": 1,\n\t                    \"name\": \"VITA Academy\",\n\t                    \"item\": \"https:\/\/www.vita.sk\/en\/\"\n\t                },\n\t                {\n\t                    \"@type\": \"ListItem\",\n\t                    \"position\": 2,\n\t                    \"name\": \"Shop\",\n\t                    \"item\": \"https:\/\/www.vita.sk\/shop\/\"\n\t                },\n\t                {\n\t                    \"@type\": \"ListItem\",\n\t                    \"position\": 3,\n\t                    \"name\": \"Marketing, Reklama a Pr\u00e1vo\",\n\t                    \"item\": \"https:\/\/www.vita.sk\/online-kurzy-marketing-reklama-a-pravo\/\"\n\t                },\n\t                {\n\t                    \"@type\": \"ListItem\",\n\t                    \"position\": 4,\n\t                    \"name\": \"Marketingov\u00e9 N\u00e1stroje\",\n\t                    \"item\": \"https:\/\/www.vita.sk\/en\/online-kurzy-marketingove-nastroje\/\"\n\t                },\n\t                {\n\t                    \"@type\": \"ListItem\",\n\t                    \"position\": 5,\n\t                    \"name\": \"Online kurz Marketingov\u00e9 Aplik\u00e1cie\"\n\t                }\n\t            ]\n\t        },\n\t        {\n\t            \"@type\": \"WebSite\",\n\t            \"@id\": \"https:\/\/www.vita.sk\/#website\",\n\t            \"url\": \"https:\/\/www.vita.sk\/\",\n\t            \"name\": \"VITA\",\n\t            \"description\": \"\",\n\t            \"publisher\": {\n\t                \"@id\": \"https:\/\/www.vita.sk\/#organization\"\n\t            },\n\t            \"potentialAction\": [\n\t                {\n\t                    \"@type\": \"SearchAction\",\n\t                    \"target\": {\n\t                        \"@type\": \"EntryPoint\",\n\t                        \"urlTemplate\": \"https:\/\/www.vita.sk\/?s={search_term_string}\"\n\t                    },\n\t                    \"query-input\": {\n\t                        \"@type\": \"PropertyValueSpecification\",\n\t                        \"valueRequired\": true,\n\t                        \"valueName\": \"search_term_string\"\n\t                    }\n\t                }\n\t            ],\n\t            \"inLanguage\": \"en-US\"\n\t        },\n\t        {\n\t            \"email\": \"admin@vita.sk\",\n\t            \"logo\": \"https:\/\/www.vita.sk\/img\/vita_logo.png \",\n\t            \"address\": {\n\t                \"type\": \"PostalAddress\",\n\t                \"streetAddress\": \"Tom\u00e1\u0161ikova 50\/A\",\n\t                \"addressLocality\": \"Bratislava\",\n\t                \"postalCode\": \"83104\",\n\t                \"addressCountry\": {\n\t                    \"name\": \"SK\",\n\t                    \"type\": \"Country\"\n\t                }\n\t            },\n\t            \"contactPoint\": {\n\t                \"type\": \"ContactPoint\",\n\t                \"telephone\": \"+421 907 375\u00a0543\",\n\t                \"Email\": \"admin@vita.sk\",\n\t                \"contactType\": \"customer service\"\n\t            },\n\t            \"sameAs\": [\n\t                \"https:\/\/www.facebook.com\/VitaAcademySK\/\",\n\t                \"https:\/\/www.linkedin.com\/company\/vita-academy\/\"\n\t            ]\n\t        }\n\t    ]\n\t}<\/script>\n<!-- \/ Yoast SEO Premium plugin. -->","yoast_head_json":{"title":"Online kurz Marketingov\u00e9 Aplik\u00e1cie  | VITA","description":"Na online kurze Marketingov\u00e9 Aplik\u00e1cie sa nau\u010d\u00ed\u0161 ako robi\u0165 efekt\u00edvny online marketing a implementova\u0165 v\u0161etky prvky do tvojej digit\u00e1lnej strat\u00e9gie. Po\u010das online kurzu \u0164a prevedieme pr\u00edpravou, nasaden\u00edm, hodnoten\u00edm digit\u00e1lnej strat\u00e9gie. Spozn\u00e1\u0161 Aplik\u00e1cie digit\u00e1lneho marketingu.","robots":{"index":"index","follow":"follow","max-snippet":"max-snippet:-1","max-image-preview":"max-image-preview:large","max-video-preview":"max-video-preview:-1"},"canonical":"https:\/\/www.vita.sk\/online-kurz-marketingove-aplikacie\/","og_locale":"en_US","og_type":"article","og_title":"Online kurz Marketingov\u00e9 Aplik\u00e1cie","og_description":"Na online kurze Marketingov\u00e9 Aplik\u00e1cie sa nau\u010d\u00ed\u0161 ako robi\u0165 efekt\u00edvny online marketing a implementova\u0165 v\u0161etky prvky do tvojej digit\u00e1lnej strat\u00e9gie. Po\u010das online kurzu \u0164a prevedieme pr\u00edpravou, nasaden\u00edm, hodnoten\u00edm digit\u00e1lnej strat\u00e9gie. Spozn\u00e1\u0161 Aplik\u00e1cie digit\u00e1lneho marketingu.","og_url":"https:\/\/www.vita.sk\/online-kurz-marketingove-aplikacie\/","og_site_name":"VITA","article_publisher":"https:\/\/www.facebook.com\/VitaAcademySK","article_modified_time":"2024-06-06T12:41:33+00:00","og_image":[{"width":360,"height":360,"url":"https:\/\/www.vita.sk\/wp-content\/uploads\/2022\/05\/online-kurz-marketingove-aplikacie.png","type":"image\/png"}],"twitter_card":"summary_large_image","twitter_misc":{"Est. reading time":"1 minute"},"schema":{"@context":"https:\/\/schema.org","@graph":[{"@type":"WebPage","@id":"https:\/\/www.vita.sk\/online-kurz-marketingove-aplikacie\/","url":"https:\/\/www.vita.sk\/online-kurz-marketingove-aplikacie\/","name":"Online kurz Marketingov\u00e9 Aplik\u00e1cie 2023 | VITA","isPartOf":{"@id":"https:\/\/www.vita.sk\/#website"},"primaryImageOfPage":{"@id":"https:\/\/www.vita.sk\/online-kurz-marketingove-aplikacie\/#primaryimage"},"image":{"@id":"https:\/\/www.vita.sk\/online-kurz-marketingove-aplikacie\/#primaryimage"},"thumbnailUrl":"https:\/\/www.vita.sk\/wp-content\/uploads\/2022\/05\/online-kurz-marketingove-aplikacie.png","datePublished":"2022-04-06T13:14:29+00:00","dateModified":"2024-06-06T12:41:33+00:00","description":"Na online kurze Marketingov\u00e9 Aplik\u00e1cie sa nau\u010d\u00ed\u0161 ako robi\u0165 efekt\u00edvny online marketing a implementova\u0165 v\u0161etky prvky do tvojej digit\u00e1lnej strat\u00e9gie. Po\u010das online kurzu \u0164a prevedieme pr\u00edpravou, nasaden\u00edm, hodnoten\u00edm digit\u00e1lnej strat\u00e9gie. Spozn\u00e1\u0161 Aplik\u00e1cie digit\u00e1lneho marketingu.","breadcrumb":{"@id":"https:\/\/www.vita.sk\/online-kurz-marketingove-aplikacie\/#breadcrumb"},"inLanguage":"en-US","potentialAction":[{"@type":"ReadAction","target":["https:\/\/www.vita.sk\/online-kurz-marketingove-aplikacie\/"]}]},{"@type":"ImageObject","inLanguage":"en-US","@id":"https:\/\/www.vita.sk\/online-kurz-marketingove-aplikacie\/#primaryimage","url":"https:\/\/www.vita.sk\/wp-content\/uploads\/2022\/05\/online-kurz-marketingove-aplikacie.png","contentUrl":"https:\/\/www.vita.sk\/wp-content\/uploads\/2022\/05\/online-kurz-marketingove-aplikacie.png","width":360,"height":360},{"@type":"BreadcrumbList","@id":"https:\/\/www.vita.sk\/online-kurz-marketingove-aplikacie\/#breadcrumb","itemListElement":[{"@type":"ListItem","position":1,"name":"VITA Academy","item":"https:\/\/www.vita.sk\/en\/"},{"@type":"ListItem","position":2,"name":"Shop","item":"https:\/\/www.vita.sk\/shop\/"},{"@type":"ListItem","position":3,"name":"Marketing, Reklama a Pr\u00e1vo","item":"https:\/\/www.vita.sk\/online-kurzy-marketing-reklama-a-pravo\/"},{"@type":"ListItem","position":4,"name":"Marketingov\u00e9 N\u00e1stroje","item":"https:\/\/www.vita.sk\/en\/online-kurzy-marketingove-nastroje\/"},{"@type":"ListItem","position":5,"name":"Online kurz Marketingov\u00e9 Aplik\u00e1cie"}]},{"@type":"WebSite","@id":"https:\/\/www.vita.sk\/#website","url":"https:\/\/www.vita.sk\/","name":"VITA","description":"","publisher":{"@id":"https:\/\/www.vita.sk\/#organization"},"potentialAction":[{"@type":"SearchAction","target":{"@type":"EntryPoint","urlTemplate":"https:\/\/www.vita.sk\/?s={search_term_string}"},"query-input":{"@type":"PropertyValueSpecification","valueRequired":true,"valueName":"search_term_string"}}],"inLanguage":"en-US"},{"email":"admin@vita.sk","logo":"https:\/\/www.vita.sk\/img\/vita_logo.png ","address":{"type":"PostalAddress","streetAddress":"Tom\u00e1\u0161ikova 50\/A","addressLocality":"Bratislava","postalCode":"83104","addressCountry":{"name":"SK","type":"Country"}},"contactPoint":{"type":"ContactPoint","telephone":"+421 907 375\u00a0543","Email":"admin@vita.sk","contactType":"customer service"},"sameAs":["https:\/\/www.facebook.com\/VitaAcademySK\/","https:\/\/www.linkedin.com\/company\/vita-academy\/"]}]}},"acf":[],"_links":{"self":[{"href":"https:\/\/www.vita.sk\/en\/wp-json\/wp\/v2\/product\/8830","targetHints":{"allow":["GET"]}}],"collection":[{"href":"https:\/\/www.vita.sk\/en\/wp-json\/wp\/v2\/product"}],"about":[{"href":"https:\/\/www.vita.sk\/en\/wp-json\/wp\/v2\/types\/product"}],"author":[{"embeddable":true,"href":"https:\/\/www.vita.sk\/en\/wp-json\/wp\/v2\/users\/4"}],"replies":[{"embeddable":true,"href":"https:\/\/www.vita.sk\/en\/wp-json\/wp\/v2\/comments?post=8830"}],"wp:featuredmedia":[{"embeddable":true,"href":"https:\/\/www.vita.sk\/en\/wp-json\/wp\/v2\/media\/9880"}],"wp:attachment":[{"href":"https:\/\/www.vita.sk\/en\/wp-json\/wp\/v2\/media?parent=8830"}],"wp:term":[{"taxonomy":"product_brand","embeddable":true,"href":"https:\/\/www.vita.sk\/en\/wp-json\/wp\/v2\/product_brand?post=8830"},{"taxonomy":"product_cat","embeddable":true,"href":"https:\/\/www.vita.sk\/en\/wp-json\/wp\/v2\/product_cat?post=8830"},{"taxonomy":"product_tag","embeddable":true,"href":"https:\/\/www.vita.sk\/en\/wp-json\/wp\/v2\/product_tag?post=8830"}],"curies":[{"name":"wp","href":"https:\/\/api.w.org\/{rel}","templated":true}]}}