{"id":8855,"date":"2022-04-08T10:44:58","date_gmt":"2022-04-08T08:44:58","guid":{"rendered":"https:\/\/www.vita.sk\/?post_type=product&#038;p=8855"},"modified":"2024-06-05T14:02:09","modified_gmt":"2024-06-05T12:02:09","slug":"online-kurz-regularne-vyrazy-regexy","status":"publish","type":"product","link":"https:\/\/www.vita.sk\/en\/online-kurz-regularne-vyrazy-regexy\/","title":{"rendered":"Online kurz Regul\u00e1rne V\u00fdrazy (Regexy)"},"content":{"rendered":"<p>Online kurz Regul\u00e1rne V\u00fdrazy (Regexy) je pre v\u00e1s v\u00fdborn\u00fdm \u0161tartom, ak sa chcete venova\u0165 programovaniu. <strong>Ide o jedin\u00fd akreditovan\u00fd a certifikovan\u00fd kurz na Regul\u00e1rne V\u00fdrazy na Slovensku.<\/strong> Obozn\u00e1mime v\u00e1s so z\u00e1kladn\u00fdmi princ\u00edpmi vyu\u017e\u00edvania regul\u00e1rnych v\u00fdrazov. Nau\u010d\u00edme V\u00e1s, \u010do s\u00fa modifik\u00e1tory, kvantifik\u00e1tory, altern\u00e1cie a ako ich pou\u017e\u00edva\u0165. Osvoj\u00edte si r\u00f4zne sp\u00f4soby kon\u0161trukcie regul\u00e1rnych v\u00fdrazov a ich pou\u017eitie v r\u00f4znych n\u00e1strojoch. Absolvovan\u00edm online kurz Regul\u00e1rne V\u00fdrazy (Regexy) z\u00edskate znalosti, ktor\u00e9 vyu\u017eijete pri programovan\u00ed v r\u00f4znych jazykoch. Ak sa chcete skuto\u010dne nau\u010di\u0165 pou\u017e\u00edva\u0165 Regul\u00e1rne V\u00fdrazy, tak toto je ide\u00e1lny online kurz pre v\u00e1s.<\/p>\n","protected":false},"excerpt":{"rendered":"<p>Online kurz Regul\u00e1rne V\u00fdrazy (Regexy) je pre v\u00e1s v\u00fdborn\u00fdm \u0161tartom, ak sa chcete venova\u0165 programovaniu. Ide o jedin\u00fd akreditovan\u00fd a certifikovan\u00fd kurz na Regul\u00e1rne V\u00fdrazy na Slovensku. Obozn\u00e1mime v\u00e1s so z\u00e1kladn\u00fdmi princ\u00edpmi vyu\u017e\u00edvania regul\u00e1rnych v\u00fdrazov. Nau\u010d\u00edme V\u00e1s, \u010do s\u00fa modifik\u00e1tory, kvantifik\u00e1tory, altern\u00e1cie a ako ich pou\u017e\u00edva\u0165.","protected":false},"author":4,"featured_media":4238,"comment_status":"open","ping_status":"closed","template":"","meta":{"_acf_changed":false},"product_brand":[],"product_cat":[467,99,73,131],"product_tag":[189],"class_list":{"0":"post-8855","1":"product","2":"type-product","3":"status-publish","4":"has-post-thumbnail","6":"product_cat-regularne-vyrazy-regexy","7":"product_cat-online-kurzy-programovacie-jazyky","8":"product_cat-bez-kategorie","9":"product_cat-online-kurzy-programovanie","10":"product_tag-programovacie-jazyky","12":"first","13":"instock","14":"sale","15":"sold-individually","16":"taxable","17":"shipping-taxable","18":"purchasable","19":"product-type-simple"},"yoast_head":"<!-- This site is optimized with the Yoast SEO Premium plugin v25.0 (Yoast SEO v25.0) - https:\/\/yoast.com\/wordpress\/plugins\/seo\/ -->\n<title>Online kurz Regul\u00e1rne V\u00fdrazy (Regexy)  | VITA<\/title>\n<meta name=\"description\" content=\"Online kurz Regul\u00e1rne V\u00fdrazy (Regexy) je pre teba v\u00fdborn\u00fdm \u0161tartom, ak sa chce\u0161 venova\u0165 programovaniu. Obozn\u00e1mime \u0165a so z\u00e1kladn\u00fdmi princ\u00edpmi vyu\u017e\u00edvania regul\u00e1rnych v\u00fdrazov. Zist\u00ed\u0161, \u010do s\u00fa to modifik\u00e1tory, kvantifik\u00e1tory, altern\u00e1cie a ako ich vyu\u017e\u00edva\u0165. Osvoj\u00ed\u0161 si r\u00f4zne sp\u00f4soby kon\u0161trukcie regul\u00e1rnych v\u00fdrazov a ich pou\u017eitie v r\u00f4znych n\u00e1strojoch. Absolvovan\u00edm online kurz Regul\u00e1rne V\u00fdrazy (Regexy) z\u00edska\u0161 znalosti, ktor\u00e9 vyu\u017eije\u0161 pri programovan\u00ed v r\u00f4znych jazykoch.\" \/>\n<meta name=\"robots\" content=\"index, follow, max-snippet:-1, max-image-preview:large, max-video-preview:-1\" \/>\n<link rel=\"canonical\" href=\"https:\/\/www.vita.sk\/online-kurz-regularne-vyrazy-regexy\/\" \/>\n<meta property=\"og:locale\" content=\"en_US\" \/>\n<meta property=\"og:type\" content=\"article\" \/>\n<meta property=\"og:title\" content=\"Online kurz Regul\u00e1rne V\u00fdrazy (Regexy)\" \/>\n<meta property=\"og:description\" content=\"Online kurz Regul\u00e1rne V\u00fdrazy (Regexy) je pre teba v\u00fdborn\u00fdm \u0161tartom, ak sa chce\u0161 venova\u0165 programovaniu. Obozn\u00e1mime \u0165a so z\u00e1kladn\u00fdmi princ\u00edpmi vyu\u017e\u00edvania regul\u00e1rnych v\u00fdrazov. Zist\u00ed\u0161, \u010do s\u00fa to modifik\u00e1tory, kvantifik\u00e1tory, altern\u00e1cie a ako ich vyu\u017e\u00edva\u0165. Osvoj\u00ed\u0161 si r\u00f4zne sp\u00f4soby kon\u0161trukcie regul\u00e1rnych v\u00fdrazov a ich pou\u017eitie v r\u00f4znych n\u00e1strojoch. Absolvovan\u00edm online kurz Regul\u00e1rne V\u00fdrazy (Regexy) z\u00edska\u0161 znalosti, ktor\u00e9 vyu\u017eije\u0161 pri programovan\u00ed v r\u00f4znych jazykoch.\" \/>\n<meta property=\"og:url\" content=\"https:\/\/www.vita.sk\/online-kurz-regularne-vyrazy-regexy\/\" \/>\n<meta property=\"og:site_name\" content=\"VITA\" \/>\n<meta property=\"article:publisher\" content=\"https:\/\/www.facebook.com\/VitaAcademySK\" \/>\n<meta property=\"article:modified_time\" content=\"2024-06-05T12:02:09+00:00\" \/>\n<meta property=\"og:image\" content=\"https:\/\/www.vita.sk\/wp-content\/uploads\/2020\/11\/kurz-Regularne-vyrazy.png\" \/>\n\t<meta property=\"og:image:width\" content=\"360\" \/>\n\t<meta property=\"og:image:height\" content=\"360\" \/>\n\t<meta property=\"og:image:type\" content=\"image\/png\" \/>\n<meta name=\"twitter:card\" content=\"summary_large_image\" \/>\n<meta name=\"twitter:label1\" content=\"Est. reading time\" \/>\n\t<meta name=\"twitter:data1\" content=\"1 minute\" \/>\n<script type=\"application\/ld+json\" class=\"yoast-schema-graph\">{\n\t    \"@context\": \"https:\/\/schema.org\",\n\t    \"@graph\": [\n\t        {\n\t            \"@type\": \"WebPage\",\n\t            \"@id\": \"https:\/\/www.vita.sk\/online-kurz-regularne-vyrazy-regexy\/\",\n\t            \"url\": \"https:\/\/www.vita.sk\/online-kurz-regularne-vyrazy-regexy\/\",\n\t            \"name\": \"Online kurz Regul\u00e1rne V\u00fdrazy (Regexy) 2023 | VITA\",\n\t            \"isPartOf\": {\n\t                \"@id\": \"https:\/\/www.vita.sk\/#website\"\n\t            },\n\t            \"primaryImageOfPage\": {\n\t                \"@id\": \"https:\/\/www.vita.sk\/online-kurz-regularne-vyrazy-regexy\/#primaryimage\"\n\t            },\n\t            \"image\": {\n\t                \"@id\": \"https:\/\/www.vita.sk\/online-kurz-regularne-vyrazy-regexy\/#primaryimage\"\n\t            },\n\t            \"thumbnailUrl\": \"https:\/\/www.vita.sk\/wp-content\/uploads\/2020\/11\/kurz-Regularne-vyrazy.png\",\n\t            \"datePublished\": \"2022-04-08T08:44:58+00:00\",\n\t            \"dateModified\": \"2024-06-05T12:02:09+00:00\",\n\t            \"description\": \"Online kurz Regul\u00e1rne V\u00fdrazy (Regexy) je pre teba v\u00fdborn\u00fdm \u0161tartom, ak sa chce\u0161 venova\u0165 programovaniu. Obozn\u00e1mime \u0165a so z\u00e1kladn\u00fdmi princ\u00edpmi vyu\u017e\u00edvania regul\u00e1rnych v\u00fdrazov. Zist\u00ed\u0161, \u010do s\u00fa to modifik\u00e1tory, kvantifik\u00e1tory, altern\u00e1cie a ako ich vyu\u017e\u00edva\u0165. Osvoj\u00ed\u0161 si r\u00f4zne sp\u00f4soby kon\u0161trukcie regul\u00e1rnych v\u00fdrazov a ich pou\u017eitie v r\u00f4znych n\u00e1strojoch. Absolvovan\u00edm online kurz Regul\u00e1rne V\u00fdrazy (Regexy) z\u00edska\u0161 znalosti, ktor\u00e9 vyu\u017eije\u0161 pri programovan\u00ed v r\u00f4znych jazykoch.\",\n\t            \"breadcrumb\": {\n\t                \"@id\": \"https:\/\/www.vita.sk\/online-kurz-regularne-vyrazy-regexy\/#breadcrumb\"\n\t            },\n\t            \"inLanguage\": \"en-US\",\n\t            \"potentialAction\": [\n\t                {\n\t                    \"@type\": \"ReadAction\",\n\t                    \"target\": [\n\t                        \"https:\/\/www.vita.sk\/online-kurz-regularne-vyrazy-regexy\/\"\n\t                    ]\n\t                }\n\t            ]\n\t        },\n\t        {\n\t            \"@type\": \"ImageObject\",\n\t            \"inLanguage\": \"en-US\",\n\t            \"@id\": \"https:\/\/www.vita.sk\/online-kurz-regularne-vyrazy-regexy\/#primaryimage\",\n\t            \"url\": \"https:\/\/www.vita.sk\/wp-content\/uploads\/2020\/11\/kurz-Regularne-vyrazy.png\",\n\t            \"contentUrl\": \"https:\/\/www.vita.sk\/wp-content\/uploads\/2020\/11\/kurz-Regularne-vyrazy.png\",\n\t            \"width\": 360,\n\t            \"height\": 360,\n\t            \"caption\": \"Online kurz Regul\u00e1rne V\u00fdrazy\"\n\t        },\n\t        {\n\t            \"@type\": \"BreadcrumbList\",\n\t            \"@id\": \"https:\/\/www.vita.sk\/online-kurz-regularne-vyrazy-regexy\/#breadcrumb\",\n\t            \"itemListElement\": [\n\t                {\n\t                    \"@type\": \"ListItem\",\n\t                    \"position\": 1,\n\t                    \"name\": \"VITA Academy\",\n\t                    \"item\": \"https:\/\/www.vita.sk\/en\/\"\n\t                },\n\t                {\n\t                    \"@type\": \"ListItem\",\n\t                    \"position\": 2,\n\t                    \"name\": \"Shop\",\n\t                    \"item\": \"https:\/\/www.vita.sk\/shop\/\"\n\t                },\n\t                {\n\t                    \"@type\": \"ListItem\",\n\t                    \"position\": 3,\n\t                    \"name\": \"Programovacie Jazyky\",\n\t                    \"item\": \"https:\/\/www.vita.sk\/online-kurzy-programovacie-jazyky\/\"\n\t                },\n\t                {\n\t                    \"@type\": \"ListItem\",\n\t                    \"position\": 4,\n\t                    \"name\": \"Regul\u00e1rne V\u00fdrazy (Regexy)\",\n\t                    \"item\": \"https:\/\/www.vita.sk\/regularne-vyrazy-regexy\/\"\n\t                },\n\t                {\n\t                    \"@type\": \"ListItem\",\n\t                    \"position\": 5,\n\t                    \"name\": \"Online kurz Regul\u00e1rne V\u00fdrazy (Regexy)\"\n\t                }\n\t            ]\n\t        },\n\t        {\n\t            \"@type\": \"WebSite\",\n\t            \"@id\": \"https:\/\/www.vita.sk\/#website\",\n\t            \"url\": \"https:\/\/www.vita.sk\/\",\n\t            \"name\": \"VITA\",\n\t            \"description\": \"\",\n\t            \"publisher\": {\n\t                \"@id\": \"https:\/\/www.vita.sk\/#organization\"\n\t            },\n\t            \"potentialAction\": [\n\t                {\n\t                    \"@type\": \"SearchAction\",\n\t                    \"target\": {\n\t                        \"@type\": \"EntryPoint\",\n\t                        \"urlTemplate\": \"https:\/\/www.vita.sk\/?s={search_term_string}\"\n\t                    },\n\t                    \"query-input\": {\n\t                        \"@type\": \"PropertyValueSpecification\",\n\t                        \"valueRequired\": true,\n\t                        \"valueName\": \"search_term_string\"\n\t                    }\n\t                }\n\t            ],\n\t            \"inLanguage\": \"en-US\"\n\t        },\n\t        {\n\t            \"email\": \"admin@vita.sk\",\n\t            \"logo\": \"https:\/\/www.vita.sk\/img\/vita_logo.png \",\n\t            \"address\": {\n\t                \"type\": \"PostalAddress\",\n\t                \"streetAddress\": \"Tom\u00e1\u0161ikova 50\/A\",\n\t                \"addressLocality\": \"Bratislava\",\n\t                \"postalCode\": \"83104\",\n\t                \"addressCountry\": {\n\t                    \"name\": \"SK\",\n\t                    \"type\": \"Country\"\n\t                }\n\t            },\n\t            \"contactPoint\": {\n\t                \"type\": \"ContactPoint\",\n\t                \"telephone\": \"+421 907 375\u00a0543\",\n\t                \"Email\": \"admin@vita.sk\",\n\t                \"contactType\": \"customer service\"\n\t            },\n\t            \"sameAs\": [\n\t                \"https:\/\/www.facebook.com\/VitaAcademySK\/\",\n\t                \"https:\/\/www.linkedin.com\/company\/vita-academy\/\"\n\t            ]\n\t        }\n\t    ]\n\t}<\/script>\n<!-- \/ Yoast SEO Premium plugin. -->","yoast_head_json":{"title":"Online kurz Regul\u00e1rne V\u00fdrazy (Regexy)  | VITA","description":"Online kurz Regul\u00e1rne V\u00fdrazy (Regexy) je pre teba v\u00fdborn\u00fdm \u0161tartom, ak sa chce\u0161 venova\u0165 programovaniu. Obozn\u00e1mime \u0165a so z\u00e1kladn\u00fdmi princ\u00edpmi vyu\u017e\u00edvania regul\u00e1rnych v\u00fdrazov. Zist\u00ed\u0161, \u010do s\u00fa to modifik\u00e1tory, kvantifik\u00e1tory, altern\u00e1cie a ako ich vyu\u017e\u00edva\u0165. Osvoj\u00ed\u0161 si r\u00f4zne sp\u00f4soby kon\u0161trukcie regul\u00e1rnych v\u00fdrazov a ich pou\u017eitie v r\u00f4znych n\u00e1strojoch. Absolvovan\u00edm online kurz Regul\u00e1rne V\u00fdrazy (Regexy) z\u00edska\u0161 znalosti, ktor\u00e9 vyu\u017eije\u0161 pri programovan\u00ed v r\u00f4znych jazykoch.","robots":{"index":"index","follow":"follow","max-snippet":"max-snippet:-1","max-image-preview":"max-image-preview:large","max-video-preview":"max-video-preview:-1"},"canonical":"https:\/\/www.vita.sk\/online-kurz-regularne-vyrazy-regexy\/","og_locale":"en_US","og_type":"article","og_title":"Online kurz Regul\u00e1rne V\u00fdrazy (Regexy)","og_description":"Online kurz Regul\u00e1rne V\u00fdrazy (Regexy) je pre teba v\u00fdborn\u00fdm \u0161tartom, ak sa chce\u0161 venova\u0165 programovaniu. Obozn\u00e1mime \u0165a so z\u00e1kladn\u00fdmi princ\u00edpmi vyu\u017e\u00edvania regul\u00e1rnych v\u00fdrazov. Zist\u00ed\u0161, \u010do s\u00fa to modifik\u00e1tory, kvantifik\u00e1tory, altern\u00e1cie a ako ich vyu\u017e\u00edva\u0165. Osvoj\u00ed\u0161 si r\u00f4zne sp\u00f4soby kon\u0161trukcie regul\u00e1rnych v\u00fdrazov a ich pou\u017eitie v r\u00f4znych n\u00e1strojoch. Absolvovan\u00edm online kurz Regul\u00e1rne V\u00fdrazy (Regexy) z\u00edska\u0161 znalosti, ktor\u00e9 vyu\u017eije\u0161 pri programovan\u00ed v r\u00f4znych jazykoch.","og_url":"https:\/\/www.vita.sk\/online-kurz-regularne-vyrazy-regexy\/","og_site_name":"VITA","article_publisher":"https:\/\/www.facebook.com\/VitaAcademySK","article_modified_time":"2024-06-05T12:02:09+00:00","og_image":[{"width":360,"height":360,"url":"https:\/\/www.vita.sk\/wp-content\/uploads\/2020\/11\/kurz-Regularne-vyrazy.png","type":"image\/png"}],"twitter_card":"summary_large_image","twitter_misc":{"Est. reading time":"1 minute"},"schema":{"@context":"https:\/\/schema.org","@graph":[{"@type":"WebPage","@id":"https:\/\/www.vita.sk\/online-kurz-regularne-vyrazy-regexy\/","url":"https:\/\/www.vita.sk\/online-kurz-regularne-vyrazy-regexy\/","name":"Online kurz Regul\u00e1rne V\u00fdrazy (Regexy) 2023 | VITA","isPartOf":{"@id":"https:\/\/www.vita.sk\/#website"},"primaryImageOfPage":{"@id":"https:\/\/www.vita.sk\/online-kurz-regularne-vyrazy-regexy\/#primaryimage"},"image":{"@id":"https:\/\/www.vita.sk\/online-kurz-regularne-vyrazy-regexy\/#primaryimage"},"thumbnailUrl":"https:\/\/www.vita.sk\/wp-content\/uploads\/2020\/11\/kurz-Regularne-vyrazy.png","datePublished":"2022-04-08T08:44:58+00:00","dateModified":"2024-06-05T12:02:09+00:00","description":"Online kurz Regul\u00e1rne V\u00fdrazy (Regexy) je pre teba v\u00fdborn\u00fdm \u0161tartom, ak sa chce\u0161 venova\u0165 programovaniu. Obozn\u00e1mime \u0165a so z\u00e1kladn\u00fdmi princ\u00edpmi vyu\u017e\u00edvania regul\u00e1rnych v\u00fdrazov. Zist\u00ed\u0161, \u010do s\u00fa to modifik\u00e1tory, kvantifik\u00e1tory, altern\u00e1cie a ako ich vyu\u017e\u00edva\u0165. Osvoj\u00ed\u0161 si r\u00f4zne sp\u00f4soby kon\u0161trukcie regul\u00e1rnych v\u00fdrazov a ich pou\u017eitie v r\u00f4znych n\u00e1strojoch. Absolvovan\u00edm online kurz Regul\u00e1rne V\u00fdrazy (Regexy) z\u00edska\u0161 znalosti, ktor\u00e9 vyu\u017eije\u0161 pri programovan\u00ed v r\u00f4znych jazykoch.","breadcrumb":{"@id":"https:\/\/www.vita.sk\/online-kurz-regularne-vyrazy-regexy\/#breadcrumb"},"inLanguage":"en-US","potentialAction":[{"@type":"ReadAction","target":["https:\/\/www.vita.sk\/online-kurz-regularne-vyrazy-regexy\/"]}]},{"@type":"ImageObject","inLanguage":"en-US","@id":"https:\/\/www.vita.sk\/online-kurz-regularne-vyrazy-regexy\/#primaryimage","url":"https:\/\/www.vita.sk\/wp-content\/uploads\/2020\/11\/kurz-Regularne-vyrazy.png","contentUrl":"https:\/\/www.vita.sk\/wp-content\/uploads\/2020\/11\/kurz-Regularne-vyrazy.png","width":360,"height":360,"caption":"Online kurz Regul\u00e1rne V\u00fdrazy"},{"@type":"BreadcrumbList","@id":"https:\/\/www.vita.sk\/online-kurz-regularne-vyrazy-regexy\/#breadcrumb","itemListElement":[{"@type":"ListItem","position":1,"name":"VITA Academy","item":"https:\/\/www.vita.sk\/en\/"},{"@type":"ListItem","position":2,"name":"Shop","item":"https:\/\/www.vita.sk\/shop\/"},{"@type":"ListItem","position":3,"name":"Programovacie Jazyky","item":"https:\/\/www.vita.sk\/online-kurzy-programovacie-jazyky\/"},{"@type":"ListItem","position":4,"name":"Regul\u00e1rne V\u00fdrazy (Regexy)","item":"https:\/\/www.vita.sk\/regularne-vyrazy-regexy\/"},{"@type":"ListItem","position":5,"name":"Online kurz Regul\u00e1rne V\u00fdrazy (Regexy)"}]},{"@type":"WebSite","@id":"https:\/\/www.vita.sk\/#website","url":"https:\/\/www.vita.sk\/","name":"VITA","description":"","publisher":{"@id":"https:\/\/www.vita.sk\/#organization"},"potentialAction":[{"@type":"SearchAction","target":{"@type":"EntryPoint","urlTemplate":"https:\/\/www.vita.sk\/?s={search_term_string}"},"query-input":{"@type":"PropertyValueSpecification","valueRequired":true,"valueName":"search_term_string"}}],"inLanguage":"en-US"},{"email":"admin@vita.sk","logo":"https:\/\/www.vita.sk\/img\/vita_logo.png ","address":{"type":"PostalAddress","streetAddress":"Tom\u00e1\u0161ikova 50\/A","addressLocality":"Bratislava","postalCode":"83104","addressCountry":{"name":"SK","type":"Country"}},"contactPoint":{"type":"ContactPoint","telephone":"+421 907 375\u00a0543","Email":"admin@vita.sk","contactType":"customer service"},"sameAs":["https:\/\/www.facebook.com\/VitaAcademySK\/","https:\/\/www.linkedin.com\/company\/vita-academy\/"]}]}},"acf":[],"_links":{"self":[{"href":"https:\/\/www.vita.sk\/en\/wp-json\/wp\/v2\/product\/8855","targetHints":{"allow":["GET"]}}],"collection":[{"href":"https:\/\/www.vita.sk\/en\/wp-json\/wp\/v2\/product"}],"about":[{"href":"https:\/\/www.vita.sk\/en\/wp-json\/wp\/v2\/types\/product"}],"author":[{"embeddable":true,"href":"https:\/\/www.vita.sk\/en\/wp-json\/wp\/v2\/users\/4"}],"replies":[{"embeddable":true,"href":"https:\/\/www.vita.sk\/en\/wp-json\/wp\/v2\/comments?post=8855"}],"wp:featuredmedia":[{"embeddable":true,"href":"https:\/\/www.vita.sk\/en\/wp-json\/wp\/v2\/media\/4238"}],"wp:attachment":[{"href":"https:\/\/www.vita.sk\/en\/wp-json\/wp\/v2\/media?parent=8855"}],"wp:term":[{"taxonomy":"product_brand","embeddable":true,"href":"https:\/\/www.vita.sk\/en\/wp-json\/wp\/v2\/product_brand?post=8855"},{"taxonomy":"product_cat","embeddable":true,"href":"https:\/\/www.vita.sk\/en\/wp-json\/wp\/v2\/product_cat?post=8855"},{"taxonomy":"product_tag","embeddable":true,"href":"https:\/\/www.vita.sk\/en\/wp-json\/wp\/v2\/product_tag?post=8855"}],"curies":[{"name":"wp","href":"https:\/\/api.w.org\/{rel}","templated":true}]}}