{"id":8975,"date":"2022-04-19T16:01:19","date_gmt":"2022-04-19T14:01:19","guid":{"rendered":"https:\/\/www.vita.sk\/?post_type=product&#038;p=8975"},"modified":"2024-05-23T12:26:34","modified_gmt":"2024-05-23T10:26:34","slug":"online-kurz-ako-sa-stat-analytikom","status":"publish","type":"product","link":"https:\/\/www.vita.sk\/en\/online-kurz-ako-sa-stat-analytikom\/","title":{"rendered":"Online kurz Ako sa sta\u0165 Analytikom"},"content":{"rendered":"<p>Online kurz Ako sa sta\u0165 Analytikom je pre v\u00e1s vhodn\u00fd ak sa chcete uplatni\u0165 na poz\u00edcii ako d\u00e1tov\u00fd, datab\u00e1zov\u00fd alebo IT analytik. Venova\u0165 sa budeme analytike, odbornej terminol\u00f3gii, princ\u00edpom a metodike. Osvoj\u00edte si pr\u00e1cu s d\u00e1tami v n\u00e1stroji Microsoft Excel. Nau\u010d\u00edte sa techniky d\u00e1tovej anal\u00fdzy v Exceli, spracovanie d\u00e1t a ich transform\u00e1cia pre analytick\u00e9 \u00fa\u010dely. Pou\u017e\u00edva\u0165 \u0161tatistick\u00e9 funkcie a v\u00fdpo\u010dty na z\u00edskanie d\u00e1t. Uk\u00e1\u017eeme si ako pou\u017e\u00edva\u0165 cykly (iter\u00e1cie) v Exceli pomocou makier a VBA (Visual Basic for Applications). Osvoj\u00edte si\u00a0techniky segmentovania d\u00e1t pre detailnej\u0161ie anal\u00fdzy. Budete sa vedie\u0165 orientova\u0165 v r\u00f4znych typoch anal\u00fdz, ktor\u00e9 sa pou\u017e\u00edvaj\u00fa v praxi. Prakticky si demon\u0161trujeme n\u00e1stroje, ktor\u00e9 analytik pou\u017e\u00edva a ako funguj\u00fa pri tvorbe anal\u00fdz. Budete vedie\u0165 pou\u017e\u00edva\u0165 funkcie a matematick\u00e9 oper\u00e1cie na spracovanie a analyzovanie d\u00e1t.<\/p>\n","protected":false},"excerpt":{"rendered":"<p>Online kurz Ako sa sta\u0165 Analytikom je pre v\u00e1s vhodn\u00fd ak sa chcete uplatni\u0165 na poz\u00edcii ako d\u00e1tov\u00fd, datab\u00e1zov\u00fd alebo IT analytik. Venova\u0165 sa budeme analytike, odbornej terminol\u00f3gii, princ\u00edpom a metodike. Osvoj\u00edte si pr\u00e1cu s d\u00e1tami v n\u00e1stroji Microsoft Excel. Nau\u010d\u00edte sa techniky d\u00e1tovej anal\u00fdzy v Exceli, spracovanie d\u00e1t a ich transform\u00e1cia pre analytick\u00e9 \u00fa\u010dely.","protected":false},"author":27,"featured_media":17898,"comment_status":"open","ping_status":"closed","template":"","meta":{"_acf_changed":false},"product_brand":[],"product_cat":[49,399,419,73],"product_tag":[188],"class_list":{"0":"post-8975","1":"product","2":"type-product","3":"status-publish","4":"has-post-thumbnail","6":"product_cat-online-kurzy-databazy-statistika-analytika","7":"product_cat-online-kurzy-analyza-dat","8":"product_cat-online-kurzy-ako-sa-stat-analytikom","9":"product_cat-bez-kategorie","10":"product_tag-databazy-a-analytika","12":"first","13":"instock","14":"sale","15":"sold-individually","16":"taxable","17":"shipping-taxable","18":"purchasable","19":"product-type-simple"},"yoast_head":"<!-- This site is optimized with the Yoast SEO Premium plugin v25.0 (Yoast SEO v25.0) - https:\/\/yoast.com\/wordpress\/plugins\/seo\/ -->\n<title>Online kurz Ako sa sta\u0165 Analytikom  | VITA<\/title>\n<meta name=\"description\" content=\"Online kurz Ako sa sta\u0165 Datab\u00e1zov\u00fd Analytik je pre teba vhodn\u00fd ak sa chce\u0161 uplatni\u0165 na poz\u00edcii ako analytik. Venova\u0165 sa budeme z\u00e1kladom analytiky, terminol\u00f3gii, princ\u00edpom a metodike. Bude\u0161 sa vedie\u0165 orientova\u0165 typoch anal\u00fdz ako sa pou\u017e\u00edvaj\u00fa v praxi, povieme si ak\u00e9 n\u00e1stroje analytik pou\u017e\u00edva a ako funguj\u00fa a tvoria sa anal\u00fdzy.\" \/>\n<meta name=\"robots\" content=\"index, follow, max-snippet:-1, max-image-preview:large, max-video-preview:-1\" \/>\n<link rel=\"canonical\" href=\"https:\/\/www.vita.sk\/online-kurz-ako-sa-stat-analytikom\/\" \/>\n<meta property=\"og:locale\" content=\"en_US\" \/>\n<meta property=\"og:type\" content=\"article\" \/>\n<meta property=\"og:title\" content=\"Online kurz Ako sa sta\u0165 Analytikom\" \/>\n<meta property=\"og:description\" content=\"Online kurz Ako sa sta\u0165 Datab\u00e1zov\u00fd Analytik je pre teba vhodn\u00fd ak sa chce\u0161 uplatni\u0165 na poz\u00edcii ako analytik. Venova\u0165 sa budeme z\u00e1kladom analytiky, terminol\u00f3gii, princ\u00edpom a metodike. Bude\u0161 sa vedie\u0165 orientova\u0165 typoch anal\u00fdz ako sa pou\u017e\u00edvaj\u00fa v praxi, povieme si ak\u00e9 n\u00e1stroje analytik pou\u017e\u00edva a ako funguj\u00fa a tvoria sa anal\u00fdzy.\" \/>\n<meta property=\"og:url\" content=\"https:\/\/www.vita.sk\/online-kurz-ako-sa-stat-analytikom\/\" \/>\n<meta property=\"og:site_name\" content=\"VITA\" \/>\n<meta property=\"article:publisher\" content=\"https:\/\/www.facebook.com\/VitaAcademySK\" \/>\n<meta property=\"article:modified_time\" content=\"2024-05-23T10:26:34+00:00\" \/>\n<meta property=\"og:image\" content=\"https:\/\/www.vita.sk\/wp-content\/uploads\/2022\/04\/Online-kurz-Ako-sa-stat-Analytikom.png\" \/>\n\t<meta property=\"og:image:width\" content=\"360\" \/>\n\t<meta property=\"og:image:height\" content=\"360\" \/>\n\t<meta property=\"og:image:type\" content=\"image\/png\" \/>\n<meta name=\"twitter:card\" content=\"summary_large_image\" \/>\n<meta name=\"twitter:label1\" content=\"Est. reading time\" \/>\n\t<meta name=\"twitter:data1\" content=\"1 minute\" \/>\n<script type=\"application\/ld+json\" class=\"yoast-schema-graph\">{\n\t    \"@context\": \"https:\/\/schema.org\",\n\t    \"@graph\": [\n\t        {\n\t            \"@type\": \"WebPage\",\n\t            \"@id\": \"https:\/\/www.vita.sk\/online-kurz-ako-sa-stat-analytikom\/\",\n\t            \"url\": \"https:\/\/www.vita.sk\/online-kurz-ako-sa-stat-analytikom\/\",\n\t            \"name\": \"Online kurz Ako sa sta\u0165 Analytikom 2023 | VITA\",\n\t            \"isPartOf\": {\n\t                \"@id\": \"https:\/\/www.vita.sk\/#website\"\n\t            },\n\t            \"primaryImageOfPage\": {\n\t                \"@id\": \"https:\/\/www.vita.sk\/online-kurz-ako-sa-stat-analytikom\/#primaryimage\"\n\t            },\n\t            \"image\": {\n\t                \"@id\": \"https:\/\/www.vita.sk\/online-kurz-ako-sa-stat-analytikom\/#primaryimage\"\n\t            },\n\t            \"thumbnailUrl\": \"https:\/\/www.vita.sk\/wp-content\/uploads\/2022\/04\/Online-kurz-Ako-sa-stat-Analytikom.png\",\n\t            \"datePublished\": \"2022-04-19T14:01:19+00:00\",\n\t            \"dateModified\": \"2024-05-23T10:26:34+00:00\",\n\t            \"description\": \"Online kurz Ako sa sta\u0165 Datab\u00e1zov\u00fd Analytik je pre teba vhodn\u00fd ak sa chce\u0161 uplatni\u0165 na poz\u00edcii ako analytik. Venova\u0165 sa budeme z\u00e1kladom analytiky, terminol\u00f3gii, princ\u00edpom a metodike. Bude\u0161 sa vedie\u0165 orientova\u0165 typoch anal\u00fdz ako sa pou\u017e\u00edvaj\u00fa v praxi, povieme si ak\u00e9 n\u00e1stroje analytik pou\u017e\u00edva a ako funguj\u00fa a tvoria sa anal\u00fdzy.\",\n\t            \"breadcrumb\": {\n\t                \"@id\": \"https:\/\/www.vita.sk\/online-kurz-ako-sa-stat-analytikom\/#breadcrumb\"\n\t            },\n\t            \"inLanguage\": \"en-US\",\n\t            \"potentialAction\": [\n\t                {\n\t                    \"@type\": \"ReadAction\",\n\t                    \"target\": [\n\t                        \"https:\/\/www.vita.sk\/online-kurz-ako-sa-stat-analytikom\/\"\n\t                    ]\n\t                }\n\t            ]\n\t        },\n\t        {\n\t            \"@type\": \"ImageObject\",\n\t            \"inLanguage\": \"en-US\",\n\t            \"@id\": \"https:\/\/www.vita.sk\/online-kurz-ako-sa-stat-analytikom\/#primaryimage\",\n\t            \"url\": \"https:\/\/www.vita.sk\/wp-content\/uploads\/2022\/04\/Online-kurz-Ako-sa-stat-Analytikom.png\",\n\t            \"contentUrl\": \"https:\/\/www.vita.sk\/wp-content\/uploads\/2022\/04\/Online-kurz-Ako-sa-stat-Analytikom.png\",\n\t            \"width\": 360,\n\t            \"height\": 360,\n\t            \"caption\": \"Kurz Ako sa sta\u0165 Analytikom\"\n\t        },\n\t        {\n\t            \"@type\": \"BreadcrumbList\",\n\t            \"@id\": \"https:\/\/www.vita.sk\/online-kurz-ako-sa-stat-analytikom\/#breadcrumb\",\n\t            \"itemListElement\": [\n\t                {\n\t                    \"@type\": \"ListItem\",\n\t                    \"position\": 1,\n\t                    \"name\": \"VITA Academy\",\n\t                    \"item\": \"https:\/\/www.vita.sk\/en\/\"\n\t                },\n\t                {\n\t                    \"@type\": \"ListItem\",\n\t                    \"position\": 2,\n\t                    \"name\": \"Shop\",\n\t                    \"item\": \"https:\/\/www.vita.sk\/shop\/\"\n\t                },\n\t                {\n\t                    \"@type\": \"ListItem\",\n\t                    \"position\": 3,\n\t                    \"name\": \"Spr\u00e1va Datab\u00e1z, \u0160tatistika a D\u00e1tov\u00e1 Anal\u00fdza\",\n\t                    \"item\": \"https:\/\/www.vita.sk\/online-kurzy-databazy-analytika\/\"\n\t                },\n\t                {\n\t                    \"@type\": \"ListItem\",\n\t                    \"position\": 4,\n\t                    \"name\": \"Ako sa sta\u0165 Analytikom\",\n\t                    \"item\": \"https:\/\/www.vita.sk\/online-kurzy-ako-sa-stat-analytikom\/\"\n\t                },\n\t                {\n\t                    \"@type\": \"ListItem\",\n\t                    \"position\": 5,\n\t                    \"name\": \"Online kurz Ako sa sta\u0165 Analytikom\"\n\t                }\n\t            ]\n\t        },\n\t        {\n\t            \"@type\": \"WebSite\",\n\t            \"@id\": \"https:\/\/www.vita.sk\/#website\",\n\t            \"url\": \"https:\/\/www.vita.sk\/\",\n\t            \"name\": \"VITA\",\n\t            \"description\": \"\",\n\t            \"publisher\": {\n\t                \"@id\": \"https:\/\/www.vita.sk\/#organization\"\n\t            },\n\t            \"potentialAction\": [\n\t                {\n\t                    \"@type\": \"SearchAction\",\n\t                    \"target\": {\n\t                        \"@type\": \"EntryPoint\",\n\t                        \"urlTemplate\": \"https:\/\/www.vita.sk\/?s={search_term_string}\"\n\t                    },\n\t                    \"query-input\": {\n\t                        \"@type\": \"PropertyValueSpecification\",\n\t                        \"valueRequired\": true,\n\t                        \"valueName\": \"search_term_string\"\n\t                    }\n\t                }\n\t            ],\n\t            \"inLanguage\": \"en-US\"\n\t        },\n\t        {\n\t            \"email\": \"admin@vita.sk\",\n\t            \"logo\": \"https:\/\/www.vita.sk\/img\/vita_logo.png \",\n\t            \"address\": {\n\t                \"type\": \"PostalAddress\",\n\t                \"streetAddress\": \"Tom\u00e1\u0161ikova 50\/A\",\n\t                \"addressLocality\": \"Bratislava\",\n\t                \"postalCode\": \"83104\",\n\t                \"addressCountry\": {\n\t                    \"name\": \"SK\",\n\t                    \"type\": \"Country\"\n\t                }\n\t            },\n\t            \"contactPoint\": {\n\t                \"type\": \"ContactPoint\",\n\t                \"telephone\": \"+421 907 375\u00a0543\",\n\t                \"Email\": \"admin@vita.sk\",\n\t                \"contactType\": \"customer service\"\n\t            },\n\t            \"sameAs\": [\n\t                \"https:\/\/www.facebook.com\/VitaAcademySK\/\",\n\t                \"https:\/\/www.linkedin.com\/company\/vita-academy\/\"\n\t            ]\n\t        }\n\t    ]\n\t}<\/script>\n<!-- \/ Yoast SEO Premium plugin. -->","yoast_head_json":{"title":"Online kurz Ako sa sta\u0165 Analytikom  | VITA","description":"Online kurz Ako sa sta\u0165 Datab\u00e1zov\u00fd Analytik je pre teba vhodn\u00fd ak sa chce\u0161 uplatni\u0165 na poz\u00edcii ako analytik. Venova\u0165 sa budeme z\u00e1kladom analytiky, terminol\u00f3gii, princ\u00edpom a metodike. Bude\u0161 sa vedie\u0165 orientova\u0165 typoch anal\u00fdz ako sa pou\u017e\u00edvaj\u00fa v praxi, povieme si ak\u00e9 n\u00e1stroje analytik pou\u017e\u00edva a ako funguj\u00fa a tvoria sa anal\u00fdzy.","robots":{"index":"index","follow":"follow","max-snippet":"max-snippet:-1","max-image-preview":"max-image-preview:large","max-video-preview":"max-video-preview:-1"},"canonical":"https:\/\/www.vita.sk\/online-kurz-ako-sa-stat-analytikom\/","og_locale":"en_US","og_type":"article","og_title":"Online kurz Ako sa sta\u0165 Analytikom","og_description":"Online kurz Ako sa sta\u0165 Datab\u00e1zov\u00fd Analytik je pre teba vhodn\u00fd ak sa chce\u0161 uplatni\u0165 na poz\u00edcii ako analytik. Venova\u0165 sa budeme z\u00e1kladom analytiky, terminol\u00f3gii, princ\u00edpom a metodike. Bude\u0161 sa vedie\u0165 orientova\u0165 typoch anal\u00fdz ako sa pou\u017e\u00edvaj\u00fa v praxi, povieme si ak\u00e9 n\u00e1stroje analytik pou\u017e\u00edva a ako funguj\u00fa a tvoria sa anal\u00fdzy.","og_url":"https:\/\/www.vita.sk\/online-kurz-ako-sa-stat-analytikom\/","og_site_name":"VITA","article_publisher":"https:\/\/www.facebook.com\/VitaAcademySK","article_modified_time":"2024-05-23T10:26:34+00:00","og_image":[{"width":360,"height":360,"url":"https:\/\/www.vita.sk\/wp-content\/uploads\/2022\/04\/Online-kurz-Ako-sa-stat-Analytikom.png","type":"image\/png"}],"twitter_card":"summary_large_image","twitter_misc":{"Est. reading time":"1 minute"},"schema":{"@context":"https:\/\/schema.org","@graph":[{"@type":"WebPage","@id":"https:\/\/www.vita.sk\/online-kurz-ako-sa-stat-analytikom\/","url":"https:\/\/www.vita.sk\/online-kurz-ako-sa-stat-analytikom\/","name":"Online kurz Ako sa sta\u0165 Analytikom 2023 | VITA","isPartOf":{"@id":"https:\/\/www.vita.sk\/#website"},"primaryImageOfPage":{"@id":"https:\/\/www.vita.sk\/online-kurz-ako-sa-stat-analytikom\/#primaryimage"},"image":{"@id":"https:\/\/www.vita.sk\/online-kurz-ako-sa-stat-analytikom\/#primaryimage"},"thumbnailUrl":"https:\/\/www.vita.sk\/wp-content\/uploads\/2022\/04\/Online-kurz-Ako-sa-stat-Analytikom.png","datePublished":"2022-04-19T14:01:19+00:00","dateModified":"2024-05-23T10:26:34+00:00","description":"Online kurz Ako sa sta\u0165 Datab\u00e1zov\u00fd Analytik je pre teba vhodn\u00fd ak sa chce\u0161 uplatni\u0165 na poz\u00edcii ako analytik. Venova\u0165 sa budeme z\u00e1kladom analytiky, terminol\u00f3gii, princ\u00edpom a metodike. Bude\u0161 sa vedie\u0165 orientova\u0165 typoch anal\u00fdz ako sa pou\u017e\u00edvaj\u00fa v praxi, povieme si ak\u00e9 n\u00e1stroje analytik pou\u017e\u00edva a ako funguj\u00fa a tvoria sa anal\u00fdzy.","breadcrumb":{"@id":"https:\/\/www.vita.sk\/online-kurz-ako-sa-stat-analytikom\/#breadcrumb"},"inLanguage":"en-US","potentialAction":[{"@type":"ReadAction","target":["https:\/\/www.vita.sk\/online-kurz-ako-sa-stat-analytikom\/"]}]},{"@type":"ImageObject","inLanguage":"en-US","@id":"https:\/\/www.vita.sk\/online-kurz-ako-sa-stat-analytikom\/#primaryimage","url":"https:\/\/www.vita.sk\/wp-content\/uploads\/2022\/04\/Online-kurz-Ako-sa-stat-Analytikom.png","contentUrl":"https:\/\/www.vita.sk\/wp-content\/uploads\/2022\/04\/Online-kurz-Ako-sa-stat-Analytikom.png","width":360,"height":360,"caption":"Kurz Ako sa sta\u0165 Analytikom"},{"@type":"BreadcrumbList","@id":"https:\/\/www.vita.sk\/online-kurz-ako-sa-stat-analytikom\/#breadcrumb","itemListElement":[{"@type":"ListItem","position":1,"name":"VITA Academy","item":"https:\/\/www.vita.sk\/en\/"},{"@type":"ListItem","position":2,"name":"Shop","item":"https:\/\/www.vita.sk\/shop\/"},{"@type":"ListItem","position":3,"name":"Spr\u00e1va Datab\u00e1z, \u0160tatistika a D\u00e1tov\u00e1 Anal\u00fdza","item":"https:\/\/www.vita.sk\/online-kurzy-databazy-analytika\/"},{"@type":"ListItem","position":4,"name":"Ako sa sta\u0165 Analytikom","item":"https:\/\/www.vita.sk\/online-kurzy-ako-sa-stat-analytikom\/"},{"@type":"ListItem","position":5,"name":"Online kurz Ako sa sta\u0165 Analytikom"}]},{"@type":"WebSite","@id":"https:\/\/www.vita.sk\/#website","url":"https:\/\/www.vita.sk\/","name":"VITA","description":"","publisher":{"@id":"https:\/\/www.vita.sk\/#organization"},"potentialAction":[{"@type":"SearchAction","target":{"@type":"EntryPoint","urlTemplate":"https:\/\/www.vita.sk\/?s={search_term_string}"},"query-input":{"@type":"PropertyValueSpecification","valueRequired":true,"valueName":"search_term_string"}}],"inLanguage":"en-US"},{"email":"admin@vita.sk","logo":"https:\/\/www.vita.sk\/img\/vita_logo.png ","address":{"type":"PostalAddress","streetAddress":"Tom\u00e1\u0161ikova 50\/A","addressLocality":"Bratislava","postalCode":"83104","addressCountry":{"name":"SK","type":"Country"}},"contactPoint":{"type":"ContactPoint","telephone":"+421 907 375\u00a0543","Email":"admin@vita.sk","contactType":"customer service"},"sameAs":["https:\/\/www.facebook.com\/VitaAcademySK\/","https:\/\/www.linkedin.com\/company\/vita-academy\/"]}]}},"acf":[],"_links":{"self":[{"href":"https:\/\/www.vita.sk\/en\/wp-json\/wp\/v2\/product\/8975","targetHints":{"allow":["GET"]}}],"collection":[{"href":"https:\/\/www.vita.sk\/en\/wp-json\/wp\/v2\/product"}],"about":[{"href":"https:\/\/www.vita.sk\/en\/wp-json\/wp\/v2\/types\/product"}],"author":[{"embeddable":true,"href":"https:\/\/www.vita.sk\/en\/wp-json\/wp\/v2\/users\/27"}],"replies":[{"embeddable":true,"href":"https:\/\/www.vita.sk\/en\/wp-json\/wp\/v2\/comments?post=8975"}],"wp:featuredmedia":[{"embeddable":true,"href":"https:\/\/www.vita.sk\/en\/wp-json\/wp\/v2\/media\/17898"}],"wp:attachment":[{"href":"https:\/\/www.vita.sk\/en\/wp-json\/wp\/v2\/media?parent=8975"}],"wp:term":[{"taxonomy":"product_brand","embeddable":true,"href":"https:\/\/www.vita.sk\/en\/wp-json\/wp\/v2\/product_brand?post=8975"},{"taxonomy":"product_cat","embeddable":true,"href":"https:\/\/www.vita.sk\/en\/wp-json\/wp\/v2\/product_cat?post=8975"},{"taxonomy":"product_tag","embeddable":true,"href":"https:\/\/www.vita.sk\/en\/wp-json\/wp\/v2\/product_tag?post=8975"}],"curies":[{"name":"wp","href":"https:\/\/api.w.org\/{rel}","templated":true}]}}