{"id":8978,"date":"2022-04-20T09:26:48","date_gmt":"2022-04-20T07:26:48","guid":{"rendered":"https:\/\/www.vita.sk\/?post_type=product&#038;p=8978"},"modified":"2025-12-15T08:56:29","modified_gmt":"2025-12-15T07:56:29","slug":"predplatne-pre-1-licenciu","status":"publish","type":"product","link":"https:\/\/www.vita.sk\/en\/predplatne-pre-1-licenciu\/","title":{"rendered":"Ro\u010dn\u00e9 predplatn\u00e9 pre 1 licenciu"},"content":{"rendered":"<p>Ro\u010dn\u00e9 predplatn\u00e9 pre 1 licenciu (1 pou\u017e\u00edvate\u013ea) na v\u0161etky na\u0161e online kurzy (550+ online kurzov) na VITA. Pr\u00edstup do v\u0161etk\u00fdch na\u0161ich kurzov vr\u00e1tane bud\u00facich pripravovan\u00fdch kurzov na dobu 1 rok (12 mesiacov).<\/p>\n","protected":false},"excerpt":{"rendered":"<p>Ro\u010dn\u00e9 predplatn\u00e9 pre 1 licenciu (1 pou\u017e\u00edvate\u013ea) na v\u0161etky na\u0161e online kurzy (550+ online kurzov) na VITA. Pr\u00edstup do v\u0161etk\u00fdch na\u0161ich kurzov vr\u00e1tane bud\u00facich pripravovan\u00fdch kurzov na dobu 1 rok (12 mesiacov).","protected":false},"author":4,"featured_media":23333,"comment_status":"open","ping_status":"closed","template":"","meta":{"_acf_changed":false},"product_brand":[],"product_cat":[73],"product_tag":[],"class_list":{"0":"post-8978","1":"product","2":"type-product","3":"status-publish","4":"has-post-thumbnail","6":"product_cat-bez-kategorie","8":"first","9":"instock","10":"sale","11":"sold-individually","12":"taxable","13":"shipping-taxable","14":"purchasable","15":"product-type-simple"},"yoast_head":"<!-- This site is optimized with the Yoast SEO Premium plugin v25.0 (Yoast SEO v25.0) - https:\/\/yoast.com\/wordpress\/plugins\/seo\/ -->\n<title>Ro\u010dn\u00e9 predplatn\u00e9 pre 1 licenciu | VITA<\/title>\n<meta name=\"description\" content=\"Ro\u010dn\u00e9 predplatn\u00e9 pre 1 licenciu (1 pou\u017e\u00edvate\u013ea) na v\u0161etky na\u0161e online kurzy (550+ online kurzov) na VITA.sk \u2705\" \/>\n<meta name=\"robots\" content=\"index, follow, max-snippet:-1, max-image-preview:large, max-video-preview:-1\" \/>\n<link rel=\"canonical\" href=\"https:\/\/www.vita.sk\/predplatne-pre-1-licenciu\/\" \/>\n<meta property=\"og:locale\" content=\"en_US\" \/>\n<meta property=\"og:type\" content=\"article\" \/>\n<meta property=\"og:title\" content=\"Ro\u010dn\u00e9 predplatn\u00e9 pre 1 licenciu\" \/>\n<meta property=\"og:description\" content=\"Ro\u010dn\u00e9 predplatn\u00e9 pre 1 licenciu (1 pou\u017e\u00edvate\u013ea) na v\u0161etky na\u0161e online kurzy (550+ online kurzov) na VITA.sk \u2705\" \/>\n<meta property=\"og:url\" content=\"https:\/\/www.vita.sk\/predplatne-pre-1-licenciu\/\" \/>\n<meta property=\"og:site_name\" content=\"VITA\" \/>\n<meta property=\"article:publisher\" content=\"https:\/\/www.facebook.com\/VitaAcademySK\" \/>\n<meta property=\"article:modified_time\" content=\"2025-12-15T07:56:29+00:00\" \/>\n<meta property=\"og:image\" content=\"https:\/\/www.vita.sk\/wp-content\/uploads\/2021\/11\/vita-RGB_farebne-vertikalne-scaled.jpg\" \/>\n\t<meta property=\"og:image:width\" content=\"2560\" \/>\n\t<meta property=\"og:image:height\" content=\"2110\" \/>\n\t<meta property=\"og:image:type\" content=\"image\/jpeg\" \/>\n<meta name=\"twitter:card\" content=\"summary_large_image\" \/>\n<meta name=\"twitter:label1\" content=\"Est. reading time\" \/>\n\t<meta name=\"twitter:data1\" content=\"1 minute\" \/>\n<script type=\"application\/ld+json\" class=\"yoast-schema-graph\">{\n\t    \"@context\": \"https:\/\/schema.org\",\n\t    \"@graph\": [\n\t        {\n\t            \"@type\": \"WebPage\",\n\t            \"@id\": \"https:\/\/www.vita.sk\/predplatne-pre-1-licenciu\/\",\n\t            \"url\": \"https:\/\/www.vita.sk\/predplatne-pre-1-licenciu\/\",\n\t            \"name\": \"Ro\u010dn\u00e9 predplatn\u00e9 pre 1 licenciu | VITA\",\n\t            \"isPartOf\": {\n\t                \"@id\": \"https:\/\/www.vita.sk\/#website\"\n\t            },\n\t            \"primaryImageOfPage\": {\n\t                \"@id\": \"https:\/\/www.vita.sk\/predplatne-pre-1-licenciu\/#primaryimage\"\n\t            },\n\t            \"image\": {\n\t                \"@id\": \"https:\/\/www.vita.sk\/predplatne-pre-1-licenciu\/#primaryimage\"\n\t            },\n\t            \"thumbnailUrl\": \"https:\/\/www.vita.sk\/wp-content\/uploads\/2021\/11\/vita-RGB_farebne-vertikalne-scaled.jpg\",\n\t            \"datePublished\": \"2022-04-20T07:26:48+00:00\",\n\t            \"dateModified\": \"2025-12-15T07:56:29+00:00\",\n\t            \"description\": \"Ro\u010dn\u00e9 predplatn\u00e9 pre 1 licenciu (1 pou\u017e\u00edvate\u013ea) na v\u0161etky na\u0161e online kurzy (550+ online kurzov) na VITA.sk \u2705\",\n\t            \"breadcrumb\": {\n\t                \"@id\": \"https:\/\/www.vita.sk\/predplatne-pre-1-licenciu\/#breadcrumb\"\n\t            },\n\t            \"inLanguage\": \"en-US\",\n\t            \"potentialAction\": [\n\t                {\n\t                    \"@type\": \"ReadAction\",\n\t                    \"target\": [\n\t                        \"https:\/\/www.vita.sk\/predplatne-pre-1-licenciu\/\"\n\t                    ]\n\t                }\n\t            ]\n\t        },\n\t        {\n\t            \"@type\": \"ImageObject\",\n\t            \"inLanguage\": \"en-US\",\n\t            \"@id\": \"https:\/\/www.vita.sk\/predplatne-pre-1-licenciu\/#primaryimage\",\n\t            \"url\": \"https:\/\/www.vita.sk\/wp-content\/uploads\/2021\/11\/vita-RGB_farebne-vertikalne-scaled.jpg\",\n\t            \"contentUrl\": \"https:\/\/www.vita.sk\/wp-content\/uploads\/2021\/11\/vita-RGB_farebne-vertikalne-scaled.jpg\",\n\t            \"width\": 2560,\n\t            \"height\": 2110,\n\t            \"caption\": \"Ro\u010dn\u00e9 predplatn\u00e9 na v\u0161etky kurzy VITA Academy - Online Kurzy a \u0160kolenia\"\n\t        },\n\t        {\n\t            \"@type\": \"BreadcrumbList\",\n\t            \"@id\": \"https:\/\/www.vita.sk\/predplatne-pre-1-licenciu\/#breadcrumb\",\n\t            \"itemListElement\": [\n\t                {\n\t                    \"@type\": \"ListItem\",\n\t                    \"position\": 1,\n\t                    \"name\": \"VITA Academy\",\n\t                    \"item\": \"https:\/\/www.vita.sk\/en\/\"\n\t                },\n\t                {\n\t                    \"@type\": \"ListItem\",\n\t                    \"position\": 2,\n\t                    \"name\": \"Shop\",\n\t                    \"item\": \"https:\/\/www.vita.sk\/shop\/\"\n\t                },\n\t                {\n\t                    \"@type\": \"ListItem\",\n\t                    \"position\": 3,\n\t                    \"name\": \"Bez Kateg\u00f3rie\",\n\t                    \"item\": \"https:\/\/www.vita.sk\/bez-kategorie\/\"\n\t                },\n\t                {\n\t                    \"@type\": \"ListItem\",\n\t                    \"position\": 4,\n\t                    \"name\": \"Ro\u010dn\u00e9 predplatn\u00e9 pre 1 licenciu\"\n\t                }\n\t            ]\n\t        },\n\t        {\n\t            \"@type\": \"WebSite\",\n\t            \"@id\": \"https:\/\/www.vita.sk\/#website\",\n\t            \"url\": \"https:\/\/www.vita.sk\/\",\n\t            \"name\": \"VITA\",\n\t            \"description\": \"\",\n\t            \"publisher\": {\n\t                \"@id\": \"https:\/\/www.vita.sk\/#organization\"\n\t            },\n\t            \"potentialAction\": [\n\t                {\n\t                    \"@type\": \"SearchAction\",\n\t                    \"target\": {\n\t                        \"@type\": \"EntryPoint\",\n\t                        \"urlTemplate\": \"https:\/\/www.vita.sk\/?s={search_term_string}\"\n\t                    },\n\t                    \"query-input\": {\n\t                        \"@type\": \"PropertyValueSpecification\",\n\t                        \"valueRequired\": true,\n\t                        \"valueName\": \"search_term_string\"\n\t                    }\n\t                }\n\t            ],\n\t            \"inLanguage\": \"en-US\"\n\t        },\n\t        {\n\t            \"email\": \"admin@vita.sk\",\n\t            \"logo\": \"https:\/\/www.vita.sk\/img\/vita_logo.png \",\n\t            \"address\": {\n\t                \"type\": \"PostalAddress\",\n\t                \"streetAddress\": \"Tom\u00e1\u0161ikova 50\/A\",\n\t                \"addressLocality\": \"Bratislava\",\n\t                \"postalCode\": \"83104\",\n\t                \"addressCountry\": {\n\t                    \"name\": \"SK\",\n\t                    \"type\": \"Country\"\n\t                }\n\t            },\n\t            \"contactPoint\": {\n\t                \"type\": \"ContactPoint\",\n\t                \"telephone\": \"+421 907 375\u00a0543\",\n\t                \"Email\": \"admin@vita.sk\",\n\t                \"contactType\": \"customer service\"\n\t            },\n\t            \"sameAs\": [\n\t                \"https:\/\/www.facebook.com\/VitaAcademySK\/\",\n\t                \"https:\/\/www.linkedin.com\/company\/vita-academy\/\"\n\t            ]\n\t        }\n\t    ]\n\t}<\/script>\n<!-- \/ Yoast SEO Premium plugin. -->","yoast_head_json":{"title":"Ro\u010dn\u00e9 predplatn\u00e9 pre 1 licenciu | VITA","description":"Ro\u010dn\u00e9 predplatn\u00e9 pre 1 licenciu (1 pou\u017e\u00edvate\u013ea) na v\u0161etky na\u0161e online kurzy (550+ online kurzov) na VITA.sk \u2705","robots":{"index":"index","follow":"follow","max-snippet":"max-snippet:-1","max-image-preview":"max-image-preview:large","max-video-preview":"max-video-preview:-1"},"canonical":"https:\/\/www.vita.sk\/predplatne-pre-1-licenciu\/","og_locale":"en_US","og_type":"article","og_title":"Ro\u010dn\u00e9 predplatn\u00e9 pre 1 licenciu","og_description":"Ro\u010dn\u00e9 predplatn\u00e9 pre 1 licenciu (1 pou\u017e\u00edvate\u013ea) na v\u0161etky na\u0161e online kurzy (550+ online kurzov) na VITA.sk \u2705","og_url":"https:\/\/www.vita.sk\/predplatne-pre-1-licenciu\/","og_site_name":"VITA","article_publisher":"https:\/\/www.facebook.com\/VitaAcademySK","article_modified_time":"2025-12-15T07:56:29+00:00","og_image":[{"width":2560,"height":2110,"url":"https:\/\/www.vita.sk\/wp-content\/uploads\/2021\/11\/vita-RGB_farebne-vertikalne-scaled.jpg","type":"image\/jpeg"}],"twitter_card":"summary_large_image","twitter_misc":{"Est. reading time":"1 minute"},"schema":{"@context":"https:\/\/schema.org","@graph":[{"@type":"WebPage","@id":"https:\/\/www.vita.sk\/predplatne-pre-1-licenciu\/","url":"https:\/\/www.vita.sk\/predplatne-pre-1-licenciu\/","name":"Ro\u010dn\u00e9 predplatn\u00e9 pre 1 licenciu | VITA","isPartOf":{"@id":"https:\/\/www.vita.sk\/#website"},"primaryImageOfPage":{"@id":"https:\/\/www.vita.sk\/predplatne-pre-1-licenciu\/#primaryimage"},"image":{"@id":"https:\/\/www.vita.sk\/predplatne-pre-1-licenciu\/#primaryimage"},"thumbnailUrl":"https:\/\/www.vita.sk\/wp-content\/uploads\/2021\/11\/vita-RGB_farebne-vertikalne-scaled.jpg","datePublished":"2022-04-20T07:26:48+00:00","dateModified":"2025-12-15T07:56:29+00:00","description":"Ro\u010dn\u00e9 predplatn\u00e9 pre 1 licenciu (1 pou\u017e\u00edvate\u013ea) na v\u0161etky na\u0161e online kurzy (550+ online kurzov) na VITA.sk \u2705","breadcrumb":{"@id":"https:\/\/www.vita.sk\/predplatne-pre-1-licenciu\/#breadcrumb"},"inLanguage":"en-US","potentialAction":[{"@type":"ReadAction","target":["https:\/\/www.vita.sk\/predplatne-pre-1-licenciu\/"]}]},{"@type":"ImageObject","inLanguage":"en-US","@id":"https:\/\/www.vita.sk\/predplatne-pre-1-licenciu\/#primaryimage","url":"https:\/\/www.vita.sk\/wp-content\/uploads\/2021\/11\/vita-RGB_farebne-vertikalne-scaled.jpg","contentUrl":"https:\/\/www.vita.sk\/wp-content\/uploads\/2021\/11\/vita-RGB_farebne-vertikalne-scaled.jpg","width":2560,"height":2110,"caption":"Ro\u010dn\u00e9 predplatn\u00e9 na v\u0161etky kurzy VITA Academy - Online Kurzy a \u0160kolenia"},{"@type":"BreadcrumbList","@id":"https:\/\/www.vita.sk\/predplatne-pre-1-licenciu\/#breadcrumb","itemListElement":[{"@type":"ListItem","position":1,"name":"VITA Academy","item":"https:\/\/www.vita.sk\/en\/"},{"@type":"ListItem","position":2,"name":"Shop","item":"https:\/\/www.vita.sk\/shop\/"},{"@type":"ListItem","position":3,"name":"Bez Kateg\u00f3rie","item":"https:\/\/www.vita.sk\/bez-kategorie\/"},{"@type":"ListItem","position":4,"name":"Ro\u010dn\u00e9 predplatn\u00e9 pre 1 licenciu"}]},{"@type":"WebSite","@id":"https:\/\/www.vita.sk\/#website","url":"https:\/\/www.vita.sk\/","name":"VITA","description":"","publisher":{"@id":"https:\/\/www.vita.sk\/#organization"},"potentialAction":[{"@type":"SearchAction","target":{"@type":"EntryPoint","urlTemplate":"https:\/\/www.vita.sk\/?s={search_term_string}"},"query-input":{"@type":"PropertyValueSpecification","valueRequired":true,"valueName":"search_term_string"}}],"inLanguage":"en-US"},{"email":"admin@vita.sk","logo":"https:\/\/www.vita.sk\/img\/vita_logo.png ","address":{"type":"PostalAddress","streetAddress":"Tom\u00e1\u0161ikova 50\/A","addressLocality":"Bratislava","postalCode":"83104","addressCountry":{"name":"SK","type":"Country"}},"contactPoint":{"type":"ContactPoint","telephone":"+421 907 375\u00a0543","Email":"admin@vita.sk","contactType":"customer service"},"sameAs":["https:\/\/www.facebook.com\/VitaAcademySK\/","https:\/\/www.linkedin.com\/company\/vita-academy\/"]}]}},"acf":[],"_links":{"self":[{"href":"https:\/\/www.vita.sk\/en\/wp-json\/wp\/v2\/product\/8978","targetHints":{"allow":["GET"]}}],"collection":[{"href":"https:\/\/www.vita.sk\/en\/wp-json\/wp\/v2\/product"}],"about":[{"href":"https:\/\/www.vita.sk\/en\/wp-json\/wp\/v2\/types\/product"}],"author":[{"embeddable":true,"href":"https:\/\/www.vita.sk\/en\/wp-json\/wp\/v2\/users\/4"}],"replies":[{"embeddable":true,"href":"https:\/\/www.vita.sk\/en\/wp-json\/wp\/v2\/comments?post=8978"}],"wp:featuredmedia":[{"embeddable":true,"href":"https:\/\/www.vita.sk\/en\/wp-json\/wp\/v2\/media\/23333"}],"wp:attachment":[{"href":"https:\/\/www.vita.sk\/en\/wp-json\/wp\/v2\/media?parent=8978"}],"wp:term":[{"taxonomy":"product_brand","embeddable":true,"href":"https:\/\/www.vita.sk\/en\/wp-json\/wp\/v2\/product_brand?post=8978"},{"taxonomy":"product_cat","embeddable":true,"href":"https:\/\/www.vita.sk\/en\/wp-json\/wp\/v2\/product_cat?post=8978"},{"taxonomy":"product_tag","embeddable":true,"href":"https:\/\/www.vita.sk\/en\/wp-json\/wp\/v2\/product_tag?post=8978"}],"curies":[{"name":"wp","href":"https:\/\/api.w.org\/{rel}","templated":true}]}}