{"id":9021,"date":"2022-04-21T11:34:49","date_gmt":"2022-04-21T09:34:49","guid":{"rendered":"https:\/\/www.vita.sk\/?post_type=product&#038;p=9021"},"modified":"2024-06-05T14:01:01","modified_gmt":"2024-06-05T12:01:01","slug":"online-kurz-java-vi-jdbc-a-databazy","status":"publish","type":"product","link":"https:\/\/www.vita.sk\/en\/online-kurz-java-vi-jdbc-a-databazy\/","title":{"rendered":"Online kurz Java VI. JDBC a Datab\u00e1zy"},"content":{"rendered":"<p>Online kurz Java VI. JDBC a Datab\u00e1zy je ur\u010den\u00fd pre v\u00e1s, ak sa chcete nau\u010di\u0165 pracova\u0165 s datab\u00e1zami v Jave. \u00a0<strong>Ide o jedin\u00fd akreditovan\u00fd a certifikovan\u00fd kurz na programovac\u00ed jazyk Java na Slovensku.<\/strong> Nau\u010d\u00edme v\u00e1s ako sa pripoji\u0165 k datab\u00e1ze s vyu\u017eit\u00edm JDBC. Uk\u00e1\u017eeme si tvorbu SQL dopytov na \u010d\u00edtanie, zapisovanie, aktualizovanie a mazanie d\u00e1t z datab\u00e1zy. Osvoj\u00edte si pr\u00e1cu s r\u00f4znymi typmi datab\u00e1zy ako MySQL a PostgreSQL. Obozn\u00e1mime V\u00e1s so zabezpe\u010den\u00edm d\u00e1t a pou\u017e\u00edvan\u00edm transakci\u00ed. Ak sa chcete skuto\u010dne nau\u010di\u0165 pou\u017e\u00edva\u0165 programovac\u00ed jazyk Java, tak toto je ide\u00e1lny online kurz pre v\u00e1s.<\/p>\n","protected":false},"excerpt":{"rendered":"<p>Online kurz Java VI. JDBC a Datab\u00e1zy je ur\u010den\u00fd pre v\u00e1s, ak sa chcete nau\u010di\u0165 pracova\u0165 s datab\u00e1zami v Jave. \u00a0Ide o jedin\u00fd akreditovan\u00fd a certifikovan\u00fd kurz na programovac\u00ed jazyk Java na Slovensku. Nau\u010d\u00edme v\u00e1s ako sa pripoji\u0165 k datab\u00e1ze s vyu\u017eit\u00edm JDBC.","protected":false},"author":4,"featured_media":17908,"comment_status":"open","ping_status":"closed","template":"","meta":{"_acf_changed":false},"product_brand":[],"product_cat":[103,99,73],"product_tag":[189,192],"class_list":{"0":"post-9021","1":"product","2":"type-product","3":"status-publish","4":"has-post-thumbnail","6":"product_cat-online-kurzy-java","7":"product_cat-online-kurzy-programovacie-jazyky","8":"product_cat-bez-kategorie","9":"product_tag-programovacie-jazyky","10":"product_tag-java","12":"first","13":"instock","14":"sale","15":"sold-individually","16":"taxable","17":"shipping-taxable","18":"purchasable","19":"product-type-simple"},"yoast_head":"<!-- This site is optimized with the Yoast SEO Premium plugin v25.0 (Yoast SEO v25.0) - https:\/\/yoast.com\/wordpress\/plugins\/seo\/ -->\n<title>Online kurz Java VI. JDBC a Datab\u00e1zy  | VITA<\/title>\n<meta name=\"description\" content=\"Online kurz Java VI. JDBC a Datab\u00e1zy je ur\u010den\u00fd pre teba, ak sa chce\u0161 nau\u010di\u0165 pracova\u0165 s datab\u00e1zami a vyu\u017e\u00edva\u0165 technol\u00f3gie JDBC. M\u00e1\u0161 sk\u00fasenosti s jazykom Java. Nau\u010d\u00edme \u0165a nain\u0161talova\u0165 v\u0161etko potrebn\u00e9. Zvl\u00e1dne\u0161 spracov\u00e1va\u0165 pr\u00edkazy SQL, v\u00fdnimky SQL a pou\u017e\u00edva\u0165 transakcie. V z\u00e1vere kurzu zvl\u00e1dne\u0161 pou\u017e\u00edva\u0165 pokro\u010dil\u00e9 d\u00e1tov\u00e9 typy. Implementova\u0165 rozhrania TableModel \u010di RowSetListener bude pre teba samozrejmos\u0165ou. Zvl\u00e1dne\u0161 vytv\u00e1ra\u0165 a spracov\u00e1va\u0165 datab\u00e1zy prostredn\u00edctvom JDBC.\" \/>\n<meta name=\"robots\" content=\"index, follow, max-snippet:-1, max-image-preview:large, max-video-preview:-1\" \/>\n<link rel=\"canonical\" href=\"https:\/\/www.vita.sk\/online-kurz-java-vi-jdbc-a-databazy\/\" \/>\n<meta property=\"og:locale\" content=\"en_US\" \/>\n<meta property=\"og:type\" content=\"article\" \/>\n<meta property=\"og:title\" content=\"Online kurz Java VI. JDBC a Datab\u00e1zy\" \/>\n<meta property=\"og:description\" content=\"Online kurz Java VI. JDBC a Datab\u00e1zy je ur\u010den\u00fd pre teba, ak sa chce\u0161 nau\u010di\u0165 pracova\u0165 s datab\u00e1zami a vyu\u017e\u00edva\u0165 technol\u00f3gie JDBC. M\u00e1\u0161 sk\u00fasenosti s jazykom Java. Nau\u010d\u00edme \u0165a nain\u0161talova\u0165 v\u0161etko potrebn\u00e9. Zvl\u00e1dne\u0161 spracov\u00e1va\u0165 pr\u00edkazy SQL, v\u00fdnimky SQL a pou\u017e\u00edva\u0165 transakcie. V z\u00e1vere kurzu zvl\u00e1dne\u0161 pou\u017e\u00edva\u0165 pokro\u010dil\u00e9 d\u00e1tov\u00e9 typy. Implementova\u0165 rozhrania TableModel \u010di RowSetListener bude pre teba samozrejmos\u0165ou. Zvl\u00e1dne\u0161 vytv\u00e1ra\u0165 a spracov\u00e1va\u0165 datab\u00e1zy prostredn\u00edctvom JDBC.\" \/>\n<meta property=\"og:url\" content=\"https:\/\/www.vita.sk\/online-kurz-java-vi-jdbc-a-databazy\/\" \/>\n<meta property=\"og:site_name\" content=\"VITA\" \/>\n<meta property=\"article:publisher\" content=\"https:\/\/www.facebook.com\/VitaAcademySK\" \/>\n<meta property=\"article:modified_time\" content=\"2024-06-05T12:01:01+00:00\" \/>\n<meta property=\"og:image\" content=\"https:\/\/www.vita.sk\/wp-content\/uploads\/2022\/04\/Online-kurz-Java-VI-JDBC-a-Databazy.png\" \/>\n\t<meta property=\"og:image:width\" content=\"360\" \/>\n\t<meta property=\"og:image:height\" content=\"360\" \/>\n\t<meta property=\"og:image:type\" content=\"image\/png\" \/>\n<meta name=\"twitter:card\" content=\"summary_large_image\" \/>\n<meta name=\"twitter:label1\" content=\"Est. reading time\" \/>\n\t<meta name=\"twitter:data1\" content=\"1 minute\" \/>\n<script type=\"application\/ld+json\" class=\"yoast-schema-graph\">{\n\t    \"@context\": \"https:\/\/schema.org\",\n\t    \"@graph\": [\n\t        {\n\t            \"@type\": \"WebPage\",\n\t            \"@id\": \"https:\/\/www.vita.sk\/online-kurz-java-vi-jdbc-a-databazy\/\",\n\t            \"url\": \"https:\/\/www.vita.sk\/online-kurz-java-vi-jdbc-a-databazy\/\",\n\t            \"name\": \"Online kurz Java VI. JDBC a Datab\u00e1zy 2024 | VITA\",\n\t            \"isPartOf\": {\n\t                \"@id\": \"https:\/\/www.vita.sk\/#website\"\n\t            },\n\t            \"primaryImageOfPage\": {\n\t                \"@id\": \"https:\/\/www.vita.sk\/online-kurz-java-vi-jdbc-a-databazy\/#primaryimage\"\n\t            },\n\t            \"image\": {\n\t                \"@id\": \"https:\/\/www.vita.sk\/online-kurz-java-vi-jdbc-a-databazy\/#primaryimage\"\n\t            },\n\t            \"thumbnailUrl\": \"https:\/\/www.vita.sk\/wp-content\/uploads\/2022\/04\/Online-kurz-Java-VI-JDBC-a-Databazy.png\",\n\t            \"datePublished\": \"2022-04-21T09:34:49+00:00\",\n\t            \"dateModified\": \"2024-06-05T12:01:01+00:00\",\n\t            \"description\": \"Online kurz Java VI. JDBC a Datab\u00e1zy je ur\u010den\u00fd pre teba, ak sa chce\u0161 nau\u010di\u0165 pracova\u0165 s datab\u00e1zami a vyu\u017e\u00edva\u0165 technol\u00f3gie JDBC. M\u00e1\u0161 sk\u00fasenosti s jazykom Java. Nau\u010d\u00edme \u0165a nain\u0161talova\u0165 v\u0161etko potrebn\u00e9. Zvl\u00e1dne\u0161 spracov\u00e1va\u0165 pr\u00edkazy SQL, v\u00fdnimky SQL a pou\u017e\u00edva\u0165 transakcie. V z\u00e1vere kurzu zvl\u00e1dne\u0161 pou\u017e\u00edva\u0165 pokro\u010dil\u00e9 d\u00e1tov\u00e9 typy. Implementova\u0165 rozhrania TableModel \u010di RowSetListener bude pre teba samozrejmos\u0165ou. Zvl\u00e1dne\u0161 vytv\u00e1ra\u0165 a spracov\u00e1va\u0165 datab\u00e1zy prostredn\u00edctvom JDBC.\",\n\t            \"breadcrumb\": {\n\t                \"@id\": \"https:\/\/www.vita.sk\/online-kurz-java-vi-jdbc-a-databazy\/#breadcrumb\"\n\t            },\n\t            \"inLanguage\": \"en-US\",\n\t            \"potentialAction\": [\n\t                {\n\t                    \"@type\": \"ReadAction\",\n\t                    \"target\": [\n\t                        \"https:\/\/www.vita.sk\/online-kurz-java-vi-jdbc-a-databazy\/\"\n\t                    ]\n\t                }\n\t            ]\n\t        },\n\t        {\n\t            \"@type\": \"ImageObject\",\n\t            \"inLanguage\": \"en-US\",\n\t            \"@id\": \"https:\/\/www.vita.sk\/online-kurz-java-vi-jdbc-a-databazy\/#primaryimage\",\n\t            \"url\": \"https:\/\/www.vita.sk\/wp-content\/uploads\/2022\/04\/Online-kurz-Java-VI-JDBC-a-Databazy.png\",\n\t            \"contentUrl\": \"https:\/\/www.vita.sk\/wp-content\/uploads\/2022\/04\/Online-kurz-Java-VI-JDBC-a-Databazy.png\",\n\t            \"width\": 360,\n\t            \"height\": 360,\n\t            \"caption\": \"Kurz Java VI. JDBC a Datab\u00e1zy\"\n\t        },\n\t        {\n\t            \"@type\": \"BreadcrumbList\",\n\t            \"@id\": \"https:\/\/www.vita.sk\/online-kurz-java-vi-jdbc-a-databazy\/#breadcrumb\",\n\t            \"itemListElement\": [\n\t                {\n\t                    \"@type\": \"ListItem\",\n\t                    \"position\": 1,\n\t                    \"name\": \"VITA Academy\",\n\t                    \"item\": \"https:\/\/www.vita.sk\/en\/\"\n\t                },\n\t                {\n\t                    \"@type\": \"ListItem\",\n\t                    \"position\": 2,\n\t                    \"name\": \"Shop\",\n\t                    \"item\": \"https:\/\/www.vita.sk\/shop\/\"\n\t                },\n\t                {\n\t                    \"@type\": \"ListItem\",\n\t                    \"position\": 3,\n\t                    \"name\": \"Programovacie Jazyky\",\n\t                    \"item\": \"https:\/\/www.vita.sk\/online-kurzy-programovacie-jazyky\/\"\n\t                },\n\t                {\n\t                    \"@type\": \"ListItem\",\n\t                    \"position\": 4,\n\t                    \"name\": \"Java\",\n\t                    \"item\": \"https:\/\/www.vita.sk\/online-kurzy-java\/\"\n\t                },\n\t                {\n\t                    \"@type\": \"ListItem\",\n\t                    \"position\": 5,\n\t                    \"name\": \"Online kurz Java VI. JDBC a Datab\u00e1zy\"\n\t                }\n\t            ]\n\t        },\n\t        {\n\t            \"@type\": \"WebSite\",\n\t            \"@id\": \"https:\/\/www.vita.sk\/#website\",\n\t            \"url\": \"https:\/\/www.vita.sk\/\",\n\t            \"name\": \"VITA\",\n\t            \"description\": \"\",\n\t            \"publisher\": {\n\t                \"@id\": \"https:\/\/www.vita.sk\/#organization\"\n\t            },\n\t            \"potentialAction\": [\n\t                {\n\t                    \"@type\": \"SearchAction\",\n\t                    \"target\": {\n\t                        \"@type\": \"EntryPoint\",\n\t                        \"urlTemplate\": \"https:\/\/www.vita.sk\/?s={search_term_string}\"\n\t                    },\n\t                    \"query-input\": {\n\t                        \"@type\": \"PropertyValueSpecification\",\n\t                        \"valueRequired\": true,\n\t                        \"valueName\": \"search_term_string\"\n\t                    }\n\t                }\n\t            ],\n\t            \"inLanguage\": \"en-US\"\n\t        },\n\t        {\n\t            \"email\": \"admin@vita.sk\",\n\t            \"logo\": \"https:\/\/www.vita.sk\/img\/vita_logo.png \",\n\t            \"address\": {\n\t                \"type\": \"PostalAddress\",\n\t                \"streetAddress\": \"Tom\u00e1\u0161ikova 50\/A\",\n\t                \"addressLocality\": \"Bratislava\",\n\t                \"postalCode\": \"83104\",\n\t                \"addressCountry\": {\n\t                    \"name\": \"SK\",\n\t                    \"type\": \"Country\"\n\t                }\n\t            },\n\t            \"contactPoint\": {\n\t                \"type\": \"ContactPoint\",\n\t                \"telephone\": \"+421 907 375\u00a0543\",\n\t                \"Email\": \"admin@vita.sk\",\n\t                \"contactType\": \"customer service\"\n\t            },\n\t            \"sameAs\": [\n\t                \"https:\/\/www.facebook.com\/VitaAcademySK\/\",\n\t                \"https:\/\/www.linkedin.com\/company\/vita-academy\/\"\n\t            ]\n\t        }\n\t    ]\n\t}<\/script>\n<!-- \/ Yoast SEO Premium plugin. -->","yoast_head_json":{"title":"Online kurz Java VI. JDBC a Datab\u00e1zy  | VITA","description":"Online kurz Java VI. JDBC a Datab\u00e1zy je ur\u010den\u00fd pre teba, ak sa chce\u0161 nau\u010di\u0165 pracova\u0165 s datab\u00e1zami a vyu\u017e\u00edva\u0165 technol\u00f3gie JDBC. M\u00e1\u0161 sk\u00fasenosti s jazykom Java. Nau\u010d\u00edme \u0165a nain\u0161talova\u0165 v\u0161etko potrebn\u00e9. Zvl\u00e1dne\u0161 spracov\u00e1va\u0165 pr\u00edkazy SQL, v\u00fdnimky SQL a pou\u017e\u00edva\u0165 transakcie. V z\u00e1vere kurzu zvl\u00e1dne\u0161 pou\u017e\u00edva\u0165 pokro\u010dil\u00e9 d\u00e1tov\u00e9 typy. Implementova\u0165 rozhrania TableModel \u010di RowSetListener bude pre teba samozrejmos\u0165ou. Zvl\u00e1dne\u0161 vytv\u00e1ra\u0165 a spracov\u00e1va\u0165 datab\u00e1zy prostredn\u00edctvom JDBC.","robots":{"index":"index","follow":"follow","max-snippet":"max-snippet:-1","max-image-preview":"max-image-preview:large","max-video-preview":"max-video-preview:-1"},"canonical":"https:\/\/www.vita.sk\/online-kurz-java-vi-jdbc-a-databazy\/","og_locale":"en_US","og_type":"article","og_title":"Online kurz Java VI. JDBC a Datab\u00e1zy","og_description":"Online kurz Java VI. JDBC a Datab\u00e1zy je ur\u010den\u00fd pre teba, ak sa chce\u0161 nau\u010di\u0165 pracova\u0165 s datab\u00e1zami a vyu\u017e\u00edva\u0165 technol\u00f3gie JDBC. M\u00e1\u0161 sk\u00fasenosti s jazykom Java. Nau\u010d\u00edme \u0165a nain\u0161talova\u0165 v\u0161etko potrebn\u00e9. Zvl\u00e1dne\u0161 spracov\u00e1va\u0165 pr\u00edkazy SQL, v\u00fdnimky SQL a pou\u017e\u00edva\u0165 transakcie. V z\u00e1vere kurzu zvl\u00e1dne\u0161 pou\u017e\u00edva\u0165 pokro\u010dil\u00e9 d\u00e1tov\u00e9 typy. Implementova\u0165 rozhrania TableModel \u010di RowSetListener bude pre teba samozrejmos\u0165ou. Zvl\u00e1dne\u0161 vytv\u00e1ra\u0165 a spracov\u00e1va\u0165 datab\u00e1zy prostredn\u00edctvom JDBC.","og_url":"https:\/\/www.vita.sk\/online-kurz-java-vi-jdbc-a-databazy\/","og_site_name":"VITA","article_publisher":"https:\/\/www.facebook.com\/VitaAcademySK","article_modified_time":"2024-06-05T12:01:01+00:00","og_image":[{"width":360,"height":360,"url":"https:\/\/www.vita.sk\/wp-content\/uploads\/2022\/04\/Online-kurz-Java-VI-JDBC-a-Databazy.png","type":"image\/png"}],"twitter_card":"summary_large_image","twitter_misc":{"Est. reading time":"1 minute"},"schema":{"@context":"https:\/\/schema.org","@graph":[{"@type":"WebPage","@id":"https:\/\/www.vita.sk\/online-kurz-java-vi-jdbc-a-databazy\/","url":"https:\/\/www.vita.sk\/online-kurz-java-vi-jdbc-a-databazy\/","name":"Online kurz Java VI. JDBC a Datab\u00e1zy 2024 | VITA","isPartOf":{"@id":"https:\/\/www.vita.sk\/#website"},"primaryImageOfPage":{"@id":"https:\/\/www.vita.sk\/online-kurz-java-vi-jdbc-a-databazy\/#primaryimage"},"image":{"@id":"https:\/\/www.vita.sk\/online-kurz-java-vi-jdbc-a-databazy\/#primaryimage"},"thumbnailUrl":"https:\/\/www.vita.sk\/wp-content\/uploads\/2022\/04\/Online-kurz-Java-VI-JDBC-a-Databazy.png","datePublished":"2022-04-21T09:34:49+00:00","dateModified":"2024-06-05T12:01:01+00:00","description":"Online kurz Java VI. JDBC a Datab\u00e1zy je ur\u010den\u00fd pre teba, ak sa chce\u0161 nau\u010di\u0165 pracova\u0165 s datab\u00e1zami a vyu\u017e\u00edva\u0165 technol\u00f3gie JDBC. M\u00e1\u0161 sk\u00fasenosti s jazykom Java. Nau\u010d\u00edme \u0165a nain\u0161talova\u0165 v\u0161etko potrebn\u00e9. Zvl\u00e1dne\u0161 spracov\u00e1va\u0165 pr\u00edkazy SQL, v\u00fdnimky SQL a pou\u017e\u00edva\u0165 transakcie. V z\u00e1vere kurzu zvl\u00e1dne\u0161 pou\u017e\u00edva\u0165 pokro\u010dil\u00e9 d\u00e1tov\u00e9 typy. Implementova\u0165 rozhrania TableModel \u010di RowSetListener bude pre teba samozrejmos\u0165ou. Zvl\u00e1dne\u0161 vytv\u00e1ra\u0165 a spracov\u00e1va\u0165 datab\u00e1zy prostredn\u00edctvom JDBC.","breadcrumb":{"@id":"https:\/\/www.vita.sk\/online-kurz-java-vi-jdbc-a-databazy\/#breadcrumb"},"inLanguage":"en-US","potentialAction":[{"@type":"ReadAction","target":["https:\/\/www.vita.sk\/online-kurz-java-vi-jdbc-a-databazy\/"]}]},{"@type":"ImageObject","inLanguage":"en-US","@id":"https:\/\/www.vita.sk\/online-kurz-java-vi-jdbc-a-databazy\/#primaryimage","url":"https:\/\/www.vita.sk\/wp-content\/uploads\/2022\/04\/Online-kurz-Java-VI-JDBC-a-Databazy.png","contentUrl":"https:\/\/www.vita.sk\/wp-content\/uploads\/2022\/04\/Online-kurz-Java-VI-JDBC-a-Databazy.png","width":360,"height":360,"caption":"Kurz Java VI. JDBC a Datab\u00e1zy"},{"@type":"BreadcrumbList","@id":"https:\/\/www.vita.sk\/online-kurz-java-vi-jdbc-a-databazy\/#breadcrumb","itemListElement":[{"@type":"ListItem","position":1,"name":"VITA Academy","item":"https:\/\/www.vita.sk\/en\/"},{"@type":"ListItem","position":2,"name":"Shop","item":"https:\/\/www.vita.sk\/shop\/"},{"@type":"ListItem","position":3,"name":"Programovacie Jazyky","item":"https:\/\/www.vita.sk\/online-kurzy-programovacie-jazyky\/"},{"@type":"ListItem","position":4,"name":"Java","item":"https:\/\/www.vita.sk\/online-kurzy-java\/"},{"@type":"ListItem","position":5,"name":"Online kurz Java VI. JDBC a Datab\u00e1zy"}]},{"@type":"WebSite","@id":"https:\/\/www.vita.sk\/#website","url":"https:\/\/www.vita.sk\/","name":"VITA","description":"","publisher":{"@id":"https:\/\/www.vita.sk\/#organization"},"potentialAction":[{"@type":"SearchAction","target":{"@type":"EntryPoint","urlTemplate":"https:\/\/www.vita.sk\/?s={search_term_string}"},"query-input":{"@type":"PropertyValueSpecification","valueRequired":true,"valueName":"search_term_string"}}],"inLanguage":"en-US"},{"email":"admin@vita.sk","logo":"https:\/\/www.vita.sk\/img\/vita_logo.png ","address":{"type":"PostalAddress","streetAddress":"Tom\u00e1\u0161ikova 50\/A","addressLocality":"Bratislava","postalCode":"83104","addressCountry":{"name":"SK","type":"Country"}},"contactPoint":{"type":"ContactPoint","telephone":"+421 907 375\u00a0543","Email":"admin@vita.sk","contactType":"customer service"},"sameAs":["https:\/\/www.facebook.com\/VitaAcademySK\/","https:\/\/www.linkedin.com\/company\/vita-academy\/"]}]}},"acf":[],"_links":{"self":[{"href":"https:\/\/www.vita.sk\/en\/wp-json\/wp\/v2\/product\/9021","targetHints":{"allow":["GET"]}}],"collection":[{"href":"https:\/\/www.vita.sk\/en\/wp-json\/wp\/v2\/product"}],"about":[{"href":"https:\/\/www.vita.sk\/en\/wp-json\/wp\/v2\/types\/product"}],"author":[{"embeddable":true,"href":"https:\/\/www.vita.sk\/en\/wp-json\/wp\/v2\/users\/4"}],"replies":[{"embeddable":true,"href":"https:\/\/www.vita.sk\/en\/wp-json\/wp\/v2\/comments?post=9021"}],"wp:featuredmedia":[{"embeddable":true,"href":"https:\/\/www.vita.sk\/en\/wp-json\/wp\/v2\/media\/17908"}],"wp:attachment":[{"href":"https:\/\/www.vita.sk\/en\/wp-json\/wp\/v2\/media?parent=9021"}],"wp:term":[{"taxonomy":"product_brand","embeddable":true,"href":"https:\/\/www.vita.sk\/en\/wp-json\/wp\/v2\/product_brand?post=9021"},{"taxonomy":"product_cat","embeddable":true,"href":"https:\/\/www.vita.sk\/en\/wp-json\/wp\/v2\/product_cat?post=9021"},{"taxonomy":"product_tag","embeddable":true,"href":"https:\/\/www.vita.sk\/en\/wp-json\/wp\/v2\/product_tag?post=9021"}],"curies":[{"name":"wp","href":"https:\/\/api.w.org\/{rel}","templated":true}]}}