{"id":9177,"date":"2022-04-27T15:46:06","date_gmt":"2022-04-27T13:46:06","guid":{"rendered":"https:\/\/www.vita.sk\/?post_type=product&#038;p=9177"},"modified":"2024-05-24T10:44:01","modified_gmt":"2024-05-24T08:44:01","slug":"online-kurz-tableau-i-zaciatocnik","status":"publish","type":"product","link":"https:\/\/www.vita.sk\/en\/online-kurz-tableau-i-zaciatocnik\/","title":{"rendered":"Online kurz Tableau I. Za\u010diato\u010dn\u00edk"},"content":{"rendered":"<p>Online kurz Tableau I. Za\u010diato\u010dn\u00edk je pre v\u00e1s ide\u00e1lny, ak sa chcete nau\u010di\u0165 pracova\u0165 s n\u00e1strojom Tableau na\u00a0vizualiz\u00e1ciu d\u00e1t.<strong> Ide o jedin\u00fd akreditovan\u00fd a certifikovan\u00fd kurz na Tableau na Slovensku. <\/strong>Nau\u010d\u00edte sa vytv\u00e1ra\u0165, upravova\u0165 dashboardy a pracova\u0165 s po\u010dtom z\u00e1znamov a popisom d\u00e1t. Osvoj\u00edte si techniky filtrovania d\u00e1t pre zobrazenie relevantn\u00fdch inform\u00e1ci\u00ed. Nau\u010d\u00edte sa pou\u017e\u00edva\u0165 z\u00e1kladn\u00e9 funkcie na manipul\u00e1ciu s d\u00e1tami, ako s\u00fa Split, Round a If. Z\u00edskate zru\u010dnosti v tvorbe r\u00f4znych typov vizualiz\u00e1ci\u00ed d\u00e1t pomocou grafov a diagramov. Rovnako bude vedie\u0165 pou\u017e\u00edva\u0165 r\u00f4zne zna\u010dky (Marks), tvary (Shapes), farby a ve\u013ekos\u0165 prvkov na zlep\u0161enie \u010ditate\u013enosti. Ak sa chcete skuto\u010dne nau\u010di\u0165 pou\u017e\u00edva\u0165 Tableau, tak toto je ide\u00e1lny online kurz pre v\u00e1s.<\/p>\n","protected":false},"excerpt":{"rendered":"<p>Online kurz Tableau I. Za\u010diato\u010dn\u00edk je pre v\u00e1s ide\u00e1lny, ak sa chcete nau\u010di\u0165 pracova\u0165 s n\u00e1strojom Tableau na\u00a0vizualiz\u00e1ciu d\u00e1t. Ide o jedin\u00fd akreditovan\u00fd a certifikovan\u00fd kurz na Tableau na Slovensku. Nau\u010d\u00edte sa vytv\u00e1ra\u0165, upravova\u0165 dashboardy a pracova\u0165 s po\u010dtom z\u00e1znamov a popisom d\u00e1t. Osvoj\u00edte si techniky filtrovania d\u00e1t pre zobrazenie relevantn\u00fdch inform\u00e1ci\u00ed.","protected":false},"author":27,"featured_media":4275,"comment_status":"open","ping_status":"closed","template":"","meta":{"_acf_changed":false},"product_brand":[],"product_cat":[49,420,73],"product_tag":[188],"class_list":{"0":"post-9177","1":"product","2":"type-product","3":"status-publish","4":"has-post-thumbnail","6":"product_cat-online-kurzy-databazy-statistika-analytika","7":"product_cat-online-kurzy-tableau","8":"product_cat-bez-kategorie","9":"product_tag-databazy-a-analytika","11":"first","12":"instock","13":"sale","14":"sold-individually","15":"taxable","16":"shipping-taxable","17":"purchasable","18":"product-type-simple"},"yoast_head":"<!-- This site is optimized with the Yoast SEO Premium plugin v25.0 (Yoast SEO v25.0) - https:\/\/yoast.com\/wordpress\/plugins\/seo\/ -->\n<title>Online kurz Tableau I. Za\u010diato\u010dn\u00edk  | VITA<\/title>\n<meta name=\"description\" content=\"Na online kurze Tableau sa zameriame na to, ako pripravi\u0165 d\u00e1ta pre anal\u00fdzu a ako efekt\u00edvne vizualizova\u0165 d\u00e1ta. Nau\u010d\u00ed\u0161 sa, ako analyzova\u0165 a zdie\u013ea\u0165 va\u0161e \u00fadaje. Uk\u00e1\u017eeme si z\u00e1kladn\u00e9 techniky vizualiz\u00e1cie \u00fadajov a hlavn\u00e9 funkcie Tableau Desktop. Nau\u010d\u00edte sa tie\u017e, ako prepoji\u0165 podzlo\u017eky, aby vytvorili informa\u010dn\u00e9 a vizu\u00e1lne zvukov\u00e9 dashboardy pre \u010fal\u0161iu anal\u00fdzu a pod\u00e1vanie spr\u00e1v.\" \/>\n<meta name=\"robots\" content=\"index, follow, max-snippet:-1, max-image-preview:large, max-video-preview:-1\" \/>\n<link rel=\"canonical\" href=\"https:\/\/www.vita.sk\/online-kurz-tableau-i-zaciatocnik\/\" \/>\n<meta property=\"og:locale\" content=\"en_US\" \/>\n<meta property=\"og:type\" content=\"article\" \/>\n<meta property=\"og:title\" content=\"Online kurz Tableau I. Za\u010diato\u010dn\u00edk\" \/>\n<meta property=\"og:description\" content=\"Na online kurze Tableau sa zameriame na to, ako pripravi\u0165 d\u00e1ta pre anal\u00fdzu a ako efekt\u00edvne vizualizova\u0165 d\u00e1ta. Nau\u010d\u00ed\u0161 sa, ako analyzova\u0165 a zdie\u013ea\u0165 va\u0161e \u00fadaje. Uk\u00e1\u017eeme si z\u00e1kladn\u00e9 techniky vizualiz\u00e1cie \u00fadajov a hlavn\u00e9 funkcie Tableau Desktop. Nau\u010d\u00edte sa tie\u017e, ako prepoji\u0165 podzlo\u017eky, aby vytvorili informa\u010dn\u00e9 a vizu\u00e1lne zvukov\u00e9 dashboardy pre \u010fal\u0161iu anal\u00fdzu a pod\u00e1vanie spr\u00e1v.\" \/>\n<meta property=\"og:url\" content=\"https:\/\/www.vita.sk\/online-kurz-tableau-i-zaciatocnik\/\" \/>\n<meta property=\"og:site_name\" content=\"VITA\" \/>\n<meta property=\"article:publisher\" content=\"https:\/\/www.facebook.com\/VitaAcademySK\" \/>\n<meta property=\"article:modified_time\" content=\"2024-05-24T08:44:01+00:00\" \/>\n<meta property=\"og:image\" content=\"https:\/\/www.vita.sk\/wp-content\/uploads\/2020\/11\/kurz-Tableau.png\" \/>\n\t<meta property=\"og:image:width\" content=\"360\" \/>\n\t<meta property=\"og:image:height\" content=\"360\" \/>\n\t<meta property=\"og:image:type\" content=\"image\/png\" \/>\n<meta name=\"twitter:card\" content=\"summary_large_image\" \/>\n<meta name=\"twitter:label1\" content=\"Est. reading time\" \/>\n\t<meta name=\"twitter:data1\" content=\"1 minute\" \/>\n<script type=\"application\/ld+json\" class=\"yoast-schema-graph\">{\n\t    \"@context\": \"https:\/\/schema.org\",\n\t    \"@graph\": [\n\t        {\n\t            \"@type\": \"WebPage\",\n\t            \"@id\": \"https:\/\/www.vita.sk\/online-kurz-tableau-i-zaciatocnik\/\",\n\t            \"url\": \"https:\/\/www.vita.sk\/online-kurz-tableau-i-zaciatocnik\/\",\n\t            \"name\": \"Online kurz Tableau I. Za\u010diato\u010dn\u00edk 2024 | VITA\",\n\t            \"isPartOf\": {\n\t                \"@id\": \"https:\/\/www.vita.sk\/#website\"\n\t            },\n\t            \"primaryImageOfPage\": {\n\t                \"@id\": \"https:\/\/www.vita.sk\/online-kurz-tableau-i-zaciatocnik\/#primaryimage\"\n\t            },\n\t            \"image\": {\n\t                \"@id\": \"https:\/\/www.vita.sk\/online-kurz-tableau-i-zaciatocnik\/#primaryimage\"\n\t            },\n\t            \"thumbnailUrl\": \"https:\/\/www.vita.sk\/wp-content\/uploads\/2020\/11\/kurz-Tableau.png\",\n\t            \"datePublished\": \"2022-04-27T13:46:06+00:00\",\n\t            \"dateModified\": \"2024-05-24T08:44:01+00:00\",\n\t            \"description\": \"Na online kurze Tableau sa zameriame na to, ako pripravi\u0165 d\u00e1ta pre anal\u00fdzu a ako efekt\u00edvne vizualizova\u0165 d\u00e1ta. Nau\u010d\u00ed\u0161 sa, ako analyzova\u0165 a zdie\u013ea\u0165 va\u0161e \u00fadaje. Uk\u00e1\u017eeme si z\u00e1kladn\u00e9 techniky vizualiz\u00e1cie \u00fadajov a hlavn\u00e9 funkcie Tableau Desktop. Nau\u010d\u00edte sa tie\u017e, ako prepoji\u0165 podzlo\u017eky, aby vytvorili informa\u010dn\u00e9 a vizu\u00e1lne zvukov\u00e9 dashboardy pre \u010fal\u0161iu anal\u00fdzu a pod\u00e1vanie spr\u00e1v.\",\n\t            \"breadcrumb\": {\n\t                \"@id\": \"https:\/\/www.vita.sk\/online-kurz-tableau-i-zaciatocnik\/#breadcrumb\"\n\t            },\n\t            \"inLanguage\": \"en-US\",\n\t            \"potentialAction\": [\n\t                {\n\t                    \"@type\": \"ReadAction\",\n\t                    \"target\": [\n\t                        \"https:\/\/www.vita.sk\/online-kurz-tableau-i-zaciatocnik\/\"\n\t                    ]\n\t                }\n\t            ]\n\t        },\n\t        {\n\t            \"@type\": \"ImageObject\",\n\t            \"inLanguage\": \"en-US\",\n\t            \"@id\": \"https:\/\/www.vita.sk\/online-kurz-tableau-i-zaciatocnik\/#primaryimage\",\n\t            \"url\": \"https:\/\/www.vita.sk\/wp-content\/uploads\/2020\/11\/kurz-Tableau.png\",\n\t            \"contentUrl\": \"https:\/\/www.vita.sk\/wp-content\/uploads\/2020\/11\/kurz-Tableau.png\",\n\t            \"width\": 360,\n\t            \"height\": 360,\n\t            \"caption\": \"Online kurz Tableau\"\n\t        },\n\t        {\n\t            \"@type\": \"BreadcrumbList\",\n\t            \"@id\": \"https:\/\/www.vita.sk\/online-kurz-tableau-i-zaciatocnik\/#breadcrumb\",\n\t            \"itemListElement\": [\n\t                {\n\t                    \"@type\": \"ListItem\",\n\t                    \"position\": 1,\n\t                    \"name\": \"VITA Academy\",\n\t                    \"item\": \"https:\/\/www.vita.sk\/en\/\"\n\t                },\n\t                {\n\t                    \"@type\": \"ListItem\",\n\t                    \"position\": 2,\n\t                    \"name\": \"Shop\",\n\t                    \"item\": \"https:\/\/www.vita.sk\/shop\/\"\n\t                },\n\t                {\n\t                    \"@type\": \"ListItem\",\n\t                    \"position\": 3,\n\t                    \"name\": \"Spr\u00e1va Datab\u00e1z, \u0160tatistika a D\u00e1tov\u00e1 Anal\u00fdza\",\n\t                    \"item\": \"https:\/\/www.vita.sk\/online-kurzy-databazy-analytika\/\"\n\t                },\n\t                {\n\t                    \"@type\": \"ListItem\",\n\t                    \"position\": 4,\n\t                    \"name\": \"Tableau\",\n\t                    \"item\": \"https:\/\/www.vita.sk\/online-kurzy-tableau\/\"\n\t                },\n\t                {\n\t                    \"@type\": \"ListItem\",\n\t                    \"position\": 5,\n\t                    \"name\": \"Online kurz Tableau I. Za\u010diato\u010dn\u00edk\"\n\t                }\n\t            ]\n\t        },\n\t        {\n\t            \"@type\": \"WebSite\",\n\t            \"@id\": \"https:\/\/www.vita.sk\/#website\",\n\t            \"url\": \"https:\/\/www.vita.sk\/\",\n\t            \"name\": \"VITA\",\n\t            \"description\": \"\",\n\t            \"publisher\": {\n\t                \"@id\": \"https:\/\/www.vita.sk\/#organization\"\n\t            },\n\t            \"potentialAction\": [\n\t                {\n\t                    \"@type\": \"SearchAction\",\n\t                    \"target\": {\n\t                        \"@type\": \"EntryPoint\",\n\t                        \"urlTemplate\": \"https:\/\/www.vita.sk\/?s={search_term_string}\"\n\t                    },\n\t                    \"query-input\": {\n\t                        \"@type\": \"PropertyValueSpecification\",\n\t                        \"valueRequired\": true,\n\t                        \"valueName\": \"search_term_string\"\n\t                    }\n\t                }\n\t            ],\n\t            \"inLanguage\": \"en-US\"\n\t        },\n\t        {\n\t            \"email\": \"admin@vita.sk\",\n\t            \"logo\": \"https:\/\/www.vita.sk\/img\/vita_logo.png \",\n\t            \"address\": {\n\t                \"type\": \"PostalAddress\",\n\t                \"streetAddress\": \"Tom\u00e1\u0161ikova 50\/A\",\n\t                \"addressLocality\": \"Bratislava\",\n\t                \"postalCode\": \"83104\",\n\t                \"addressCountry\": {\n\t                    \"name\": \"SK\",\n\t                    \"type\": \"Country\"\n\t                }\n\t            },\n\t            \"contactPoint\": {\n\t                \"type\": \"ContactPoint\",\n\t                \"telephone\": \"+421 907 375\u00a0543\",\n\t                \"Email\": \"admin@vita.sk\",\n\t                \"contactType\": \"customer service\"\n\t            },\n\t            \"sameAs\": [\n\t                \"https:\/\/www.facebook.com\/VitaAcademySK\/\",\n\t                \"https:\/\/www.linkedin.com\/company\/vita-academy\/\"\n\t            ]\n\t        }\n\t    ]\n\t}<\/script>\n<!-- \/ Yoast SEO Premium plugin. -->","yoast_head_json":{"title":"Online kurz Tableau I. Za\u010diato\u010dn\u00edk  | VITA","description":"Na online kurze Tableau sa zameriame na to, ako pripravi\u0165 d\u00e1ta pre anal\u00fdzu a ako efekt\u00edvne vizualizova\u0165 d\u00e1ta. Nau\u010d\u00ed\u0161 sa, ako analyzova\u0165 a zdie\u013ea\u0165 va\u0161e \u00fadaje. Uk\u00e1\u017eeme si z\u00e1kladn\u00e9 techniky vizualiz\u00e1cie \u00fadajov a hlavn\u00e9 funkcie Tableau Desktop. Nau\u010d\u00edte sa tie\u017e, ako prepoji\u0165 podzlo\u017eky, aby vytvorili informa\u010dn\u00e9 a vizu\u00e1lne zvukov\u00e9 dashboardy pre \u010fal\u0161iu anal\u00fdzu a pod\u00e1vanie spr\u00e1v.","robots":{"index":"index","follow":"follow","max-snippet":"max-snippet:-1","max-image-preview":"max-image-preview:large","max-video-preview":"max-video-preview:-1"},"canonical":"https:\/\/www.vita.sk\/online-kurz-tableau-i-zaciatocnik\/","og_locale":"en_US","og_type":"article","og_title":"Online kurz Tableau I. Za\u010diato\u010dn\u00edk","og_description":"Na online kurze Tableau sa zameriame na to, ako pripravi\u0165 d\u00e1ta pre anal\u00fdzu a ako efekt\u00edvne vizualizova\u0165 d\u00e1ta. Nau\u010d\u00ed\u0161 sa, ako analyzova\u0165 a zdie\u013ea\u0165 va\u0161e \u00fadaje. Uk\u00e1\u017eeme si z\u00e1kladn\u00e9 techniky vizualiz\u00e1cie \u00fadajov a hlavn\u00e9 funkcie Tableau Desktop. Nau\u010d\u00edte sa tie\u017e, ako prepoji\u0165 podzlo\u017eky, aby vytvorili informa\u010dn\u00e9 a vizu\u00e1lne zvukov\u00e9 dashboardy pre \u010fal\u0161iu anal\u00fdzu a pod\u00e1vanie spr\u00e1v.","og_url":"https:\/\/www.vita.sk\/online-kurz-tableau-i-zaciatocnik\/","og_site_name":"VITA","article_publisher":"https:\/\/www.facebook.com\/VitaAcademySK","article_modified_time":"2024-05-24T08:44:01+00:00","og_image":[{"width":360,"height":360,"url":"https:\/\/www.vita.sk\/wp-content\/uploads\/2020\/11\/kurz-Tableau.png","type":"image\/png"}],"twitter_card":"summary_large_image","twitter_misc":{"Est. reading time":"1 minute"},"schema":{"@context":"https:\/\/schema.org","@graph":[{"@type":"WebPage","@id":"https:\/\/www.vita.sk\/online-kurz-tableau-i-zaciatocnik\/","url":"https:\/\/www.vita.sk\/online-kurz-tableau-i-zaciatocnik\/","name":"Online kurz Tableau I. Za\u010diato\u010dn\u00edk 2024 | VITA","isPartOf":{"@id":"https:\/\/www.vita.sk\/#website"},"primaryImageOfPage":{"@id":"https:\/\/www.vita.sk\/online-kurz-tableau-i-zaciatocnik\/#primaryimage"},"image":{"@id":"https:\/\/www.vita.sk\/online-kurz-tableau-i-zaciatocnik\/#primaryimage"},"thumbnailUrl":"https:\/\/www.vita.sk\/wp-content\/uploads\/2020\/11\/kurz-Tableau.png","datePublished":"2022-04-27T13:46:06+00:00","dateModified":"2024-05-24T08:44:01+00:00","description":"Na online kurze Tableau sa zameriame na to, ako pripravi\u0165 d\u00e1ta pre anal\u00fdzu a ako efekt\u00edvne vizualizova\u0165 d\u00e1ta. Nau\u010d\u00ed\u0161 sa, ako analyzova\u0165 a zdie\u013ea\u0165 va\u0161e \u00fadaje. Uk\u00e1\u017eeme si z\u00e1kladn\u00e9 techniky vizualiz\u00e1cie \u00fadajov a hlavn\u00e9 funkcie Tableau Desktop. Nau\u010d\u00edte sa tie\u017e, ako prepoji\u0165 podzlo\u017eky, aby vytvorili informa\u010dn\u00e9 a vizu\u00e1lne zvukov\u00e9 dashboardy pre \u010fal\u0161iu anal\u00fdzu a pod\u00e1vanie spr\u00e1v.","breadcrumb":{"@id":"https:\/\/www.vita.sk\/online-kurz-tableau-i-zaciatocnik\/#breadcrumb"},"inLanguage":"en-US","potentialAction":[{"@type":"ReadAction","target":["https:\/\/www.vita.sk\/online-kurz-tableau-i-zaciatocnik\/"]}]},{"@type":"ImageObject","inLanguage":"en-US","@id":"https:\/\/www.vita.sk\/online-kurz-tableau-i-zaciatocnik\/#primaryimage","url":"https:\/\/www.vita.sk\/wp-content\/uploads\/2020\/11\/kurz-Tableau.png","contentUrl":"https:\/\/www.vita.sk\/wp-content\/uploads\/2020\/11\/kurz-Tableau.png","width":360,"height":360,"caption":"Online kurz Tableau"},{"@type":"BreadcrumbList","@id":"https:\/\/www.vita.sk\/online-kurz-tableau-i-zaciatocnik\/#breadcrumb","itemListElement":[{"@type":"ListItem","position":1,"name":"VITA Academy","item":"https:\/\/www.vita.sk\/en\/"},{"@type":"ListItem","position":2,"name":"Shop","item":"https:\/\/www.vita.sk\/shop\/"},{"@type":"ListItem","position":3,"name":"Spr\u00e1va Datab\u00e1z, \u0160tatistika a D\u00e1tov\u00e1 Anal\u00fdza","item":"https:\/\/www.vita.sk\/online-kurzy-databazy-analytika\/"},{"@type":"ListItem","position":4,"name":"Tableau","item":"https:\/\/www.vita.sk\/online-kurzy-tableau\/"},{"@type":"ListItem","position":5,"name":"Online kurz Tableau I. Za\u010diato\u010dn\u00edk"}]},{"@type":"WebSite","@id":"https:\/\/www.vita.sk\/#website","url":"https:\/\/www.vita.sk\/","name":"VITA","description":"","publisher":{"@id":"https:\/\/www.vita.sk\/#organization"},"potentialAction":[{"@type":"SearchAction","target":{"@type":"EntryPoint","urlTemplate":"https:\/\/www.vita.sk\/?s={search_term_string}"},"query-input":{"@type":"PropertyValueSpecification","valueRequired":true,"valueName":"search_term_string"}}],"inLanguage":"en-US"},{"email":"admin@vita.sk","logo":"https:\/\/www.vita.sk\/img\/vita_logo.png ","address":{"type":"PostalAddress","streetAddress":"Tom\u00e1\u0161ikova 50\/A","addressLocality":"Bratislava","postalCode":"83104","addressCountry":{"name":"SK","type":"Country"}},"contactPoint":{"type":"ContactPoint","telephone":"+421 907 375\u00a0543","Email":"admin@vita.sk","contactType":"customer service"},"sameAs":["https:\/\/www.facebook.com\/VitaAcademySK\/","https:\/\/www.linkedin.com\/company\/vita-academy\/"]}]}},"acf":[],"_links":{"self":[{"href":"https:\/\/www.vita.sk\/en\/wp-json\/wp\/v2\/product\/9177","targetHints":{"allow":["GET"]}}],"collection":[{"href":"https:\/\/www.vita.sk\/en\/wp-json\/wp\/v2\/product"}],"about":[{"href":"https:\/\/www.vita.sk\/en\/wp-json\/wp\/v2\/types\/product"}],"author":[{"embeddable":true,"href":"https:\/\/www.vita.sk\/en\/wp-json\/wp\/v2\/users\/27"}],"replies":[{"embeddable":true,"href":"https:\/\/www.vita.sk\/en\/wp-json\/wp\/v2\/comments?post=9177"}],"wp:featuredmedia":[{"embeddable":true,"href":"https:\/\/www.vita.sk\/en\/wp-json\/wp\/v2\/media\/4275"}],"wp:attachment":[{"href":"https:\/\/www.vita.sk\/en\/wp-json\/wp\/v2\/media?parent=9177"}],"wp:term":[{"taxonomy":"product_brand","embeddable":true,"href":"https:\/\/www.vita.sk\/en\/wp-json\/wp\/v2\/product_brand?post=9177"},{"taxonomy":"product_cat","embeddable":true,"href":"https:\/\/www.vita.sk\/en\/wp-json\/wp\/v2\/product_cat?post=9177"},{"taxonomy":"product_tag","embeddable":true,"href":"https:\/\/www.vita.sk\/en\/wp-json\/wp\/v2\/product_tag?post=9177"}],"curies":[{"name":"wp","href":"https:\/\/api.w.org\/{rel}","templated":true}]}}