{"id":9231,"date":"2022-04-29T11:21:50","date_gmt":"2022-04-29T09:21:50","guid":{"rendered":"https:\/\/www.vita.sk\/?post_type=product&#038;p=9231"},"modified":"2024-09-11T11:11:27","modified_gmt":"2024-09-11T09:11:27","slug":"online-kurz-youtube-marketing-i-zaciatocnik","status":"publish","type":"product","link":"https:\/\/www.vita.sk\/en\/online-kurz-youtube-marketing-i-zaciatocnik\/","title":{"rendered":"Online kurz YouTube Marketing I. Za\u010diato\u010dn\u00edk"},"content":{"rendered":"<p>Online kurz YouTube Marketing I. Za\u010diato\u010dn\u00edk je v\u00e1s ide\u00e1lnym \u0161tartom, ak sa chcete nau\u010di\u0165 \u00faspe\u0161ne prezentova\u0165 na YouTube. <strong>Ide o jedin\u00fd akreditovan\u00fd a certifikovan\u00fd kurz na YouTube Marketing na Slovensku.<\/strong> Nau\u010d\u00edme v\u00e1s vytvori\u0165 vlastn\u00fd YouTube kan\u00e1l a z\u00edskava\u0165 nov\u00fdch fan\u00fa\u0161ikov. Pripravili sme n\u00e1vod, ktor\u00fd v\u00e1m krok po kroku uk\u00e1\u017ee ako si zalo\u017ei\u0165 YouTube kan\u00e1l. Zvl\u00e1dnete t\u00fato slu\u017ebu prepoji\u0165 s ostatn\u00fdmi soci\u00e1lnymi sie\u0165ami a efekt\u00edvne prezentova\u0165 svoje vide\u00e1. Budete schopn\u00fd automatizova\u0165 pr\u00edspevky na soci\u00e1lny sie\u0165ach po nahran\u00ed videa na YouTube. Uk\u00e1\u017eeme v\u00e1m ako si nastavi\u0165 spe\u0148a\u017eovanie a z\u00e1vere\u010dn\u00fa obrazovku, aby ste zarobili, \u010do najviac pe\u0148az\u00ed z rekl\u00e1m v Google AdSense. Ak sa chcete skuto\u010dne nau\u010di\u0165 robi\u0165 marketing na YouTube, tak toto je ide\u00e1lny online kurz pre v\u00e1s.<\/p>\n","protected":false},"excerpt":{"rendered":"<p>Online kurz YouTube Marketing I. Za\u010diato\u010dn\u00edk je v\u00e1s ide\u00e1lnym \u0161tartom, ak sa chcete nau\u010di\u0165 \u00faspe\u0161ne prezentova\u0165 na YouTube. Ide o jedin\u00fd akreditovan\u00fd a certifikovan\u00fd kurz na YouTube Marketing na Slovensku. Nau\u010d\u00edme v\u00e1s vytvori\u0165 vlastn\u00fd YouTube kan\u00e1l a z\u00edskava\u0165 nov\u00fdch fan\u00fa\u0161ikov. Pripravili sme n\u00e1vod, ktor\u00fd v\u00e1m krok po kroku uk\u00e1\u017ee ako si zalo\u017ei\u0165 YouTube kan\u00e1l.","protected":false},"author":4,"featured_media":4313,"comment_status":"open","ping_status":"closed","template":"","meta":{"_acf_changed":false},"product_brand":[],"product_cat":[70,73,423],"product_tag":[424,183],"class_list":{"0":"post-9231","1":"product","2":"type-product","3":"status-publish","4":"has-post-thumbnail","6":"product_cat-online-kurzy-marketing-reklama-a-pravo","7":"product_cat-bez-kategorie","8":"product_cat-online-kurzy-youtube-marketing","9":"product_tag-youtube-marketing","10":"product_tag-marketing","12":"first","13":"instock","14":"sale","15":"sold-individually","16":"taxable","17":"shipping-taxable","18":"purchasable","19":"product-type-simple"},"yoast_head":"<!-- This site is optimized with the Yoast SEO Premium plugin v25.0 (Yoast SEO v25.0) - https:\/\/yoast.com\/wordpress\/plugins\/seo\/ -->\n<title>Online kurz YouTube Marketing I. Za\u010diato\u010dn\u00edk  | VITA<\/title>\n<meta name=\"description\" content=\"Online kurz YouTube Marketing I. Za\u010diato\u010dn\u00edk je pre v\u00e1s ide\u00e1lny, ak sa chcete nau\u010di\u0165, ako vytv\u00e1ra\u0165 vide\u00e1 a spravova\u0165 vlastn\u00fd YouTube kan\u00e1l. \u2705\" \/>\n<meta name=\"robots\" content=\"index, follow, max-snippet:-1, max-image-preview:large, max-video-preview:-1\" \/>\n<link rel=\"canonical\" href=\"https:\/\/www.vita.sk\/online-kurz-youtube-marketing-i-zaciatocnik\/\" \/>\n<meta property=\"og:locale\" content=\"en_US\" \/>\n<meta property=\"og:type\" content=\"article\" \/>\n<meta property=\"og:title\" content=\"Online kurz YouTube Marketing I. Za\u010diato\u010dn\u00edk\" \/>\n<meta property=\"og:description\" content=\"Online kurz YouTube Marketing I. Za\u010diato\u010dn\u00edk je pre v\u00e1s ide\u00e1lny, ak sa chcete nau\u010di\u0165, ako vytv\u00e1ra\u0165 vide\u00e1 a spravova\u0165 vlastn\u00fd YouTube kan\u00e1l. \u2705\" \/>\n<meta property=\"og:url\" content=\"https:\/\/www.vita.sk\/online-kurz-youtube-marketing-i-zaciatocnik\/\" \/>\n<meta property=\"og:site_name\" content=\"VITA\" \/>\n<meta property=\"article:publisher\" content=\"https:\/\/www.facebook.com\/VitaAcademySK\" \/>\n<meta property=\"article:modified_time\" content=\"2024-09-11T09:11:27+00:00\" \/>\n<meta property=\"og:image\" content=\"https:\/\/www.vita.sk\/wp-content\/uploads\/2020\/11\/kurz-YouTube-marketing.png\" \/>\n\t<meta property=\"og:image:width\" content=\"360\" \/>\n\t<meta property=\"og:image:height\" content=\"360\" \/>\n\t<meta property=\"og:image:type\" content=\"image\/png\" \/>\n<meta name=\"twitter:card\" content=\"summary_large_image\" \/>\n<meta name=\"twitter:label1\" content=\"Est. reading time\" \/>\n\t<meta name=\"twitter:data1\" content=\"1 minute\" \/>\n<script type=\"application\/ld+json\" class=\"yoast-schema-graph\">{\n\t    \"@context\": \"https:\/\/schema.org\",\n\t    \"@graph\": [\n\t        {\n\t            \"@type\": \"WebPage\",\n\t            \"@id\": \"https:\/\/www.vita.sk\/online-kurz-youtube-marketing-i-zaciatocnik\/\",\n\t            \"url\": \"https:\/\/www.vita.sk\/online-kurz-youtube-marketing-i-zaciatocnik\/\",\n\t            \"name\": \"Online kurz YouTube Marketing I. Za\u010diato\u010dn\u00edk 2024 | VITA\",\n\t            \"isPartOf\": {\n\t                \"@id\": \"https:\/\/www.vita.sk\/#website\"\n\t            },\n\t            \"primaryImageOfPage\": {\n\t                \"@id\": \"https:\/\/www.vita.sk\/online-kurz-youtube-marketing-i-zaciatocnik\/#primaryimage\"\n\t            },\n\t            \"image\": {\n\t                \"@id\": \"https:\/\/www.vita.sk\/online-kurz-youtube-marketing-i-zaciatocnik\/#primaryimage\"\n\t            },\n\t            \"thumbnailUrl\": \"https:\/\/www.vita.sk\/wp-content\/uploads\/2020\/11\/kurz-YouTube-marketing.png\",\n\t            \"datePublished\": \"2022-04-29T09:21:50+00:00\",\n\t            \"dateModified\": \"2024-09-11T09:11:27+00:00\",\n\t            \"description\": \"Online kurz YouTube Marketing I. Za\u010diato\u010dn\u00edk je pre v\u00e1s ide\u00e1lny, ak sa chcete nau\u010di\u0165, ako vytv\u00e1ra\u0165 vide\u00e1 a spravova\u0165 vlastn\u00fd YouTube kan\u00e1l. \u2705\",\n\t            \"breadcrumb\": {\n\t                \"@id\": \"https:\/\/www.vita.sk\/online-kurz-youtube-marketing-i-zaciatocnik\/#breadcrumb\"\n\t            },\n\t            \"inLanguage\": \"en-US\",\n\t            \"potentialAction\": [\n\t                {\n\t                    \"@type\": \"ReadAction\",\n\t                    \"target\": [\n\t                        \"https:\/\/www.vita.sk\/online-kurz-youtube-marketing-i-zaciatocnik\/\"\n\t                    ]\n\t                }\n\t            ]\n\t        },\n\t        {\n\t            \"@type\": \"ImageObject\",\n\t            \"inLanguage\": \"en-US\",\n\t            \"@id\": \"https:\/\/www.vita.sk\/online-kurz-youtube-marketing-i-zaciatocnik\/#primaryimage\",\n\t            \"url\": \"https:\/\/www.vita.sk\/wp-content\/uploads\/2020\/11\/kurz-YouTube-marketing.png\",\n\t            \"contentUrl\": \"https:\/\/www.vita.sk\/wp-content\/uploads\/2020\/11\/kurz-YouTube-marketing.png\",\n\t            \"width\": 360,\n\t            \"height\": 360,\n\t            \"caption\": \"Online kurz YouTube Marketing\"\n\t        },\n\t        {\n\t            \"@type\": \"BreadcrumbList\",\n\t            \"@id\": \"https:\/\/www.vita.sk\/online-kurz-youtube-marketing-i-zaciatocnik\/#breadcrumb\",\n\t            \"itemListElement\": [\n\t                {\n\t                    \"@type\": \"ListItem\",\n\t                    \"position\": 1,\n\t                    \"name\": \"VITA Academy\",\n\t                    \"item\": \"https:\/\/www.vita.sk\/en\/\"\n\t                },\n\t                {\n\t                    \"@type\": \"ListItem\",\n\t                    \"position\": 2,\n\t                    \"name\": \"Shop\",\n\t                    \"item\": \"https:\/\/www.vita.sk\/shop\/\"\n\t                },\n\t                {\n\t                    \"@type\": \"ListItem\",\n\t                    \"position\": 3,\n\t                    \"name\": \"Marketing, Reklama a Pr\u00e1vo\",\n\t                    \"item\": \"https:\/\/www.vita.sk\/online-kurzy-marketing-reklama-a-pravo\/\"\n\t                },\n\t                {\n\t                    \"@type\": \"ListItem\",\n\t                    \"position\": 4,\n\t                    \"name\": \"YouTube Marketing\",\n\t                    \"item\": \"https:\/\/www.vita.sk\/online-kurzy-youtube-marketing\/\"\n\t                },\n\t                {\n\t                    \"@type\": \"ListItem\",\n\t                    \"position\": 5,\n\t                    \"name\": \"Online kurz YouTube Marketing I. Za\u010diato\u010dn\u00edk\"\n\t                }\n\t            ]\n\t        },\n\t        {\n\t            \"@type\": \"WebSite\",\n\t            \"@id\": \"https:\/\/www.vita.sk\/#website\",\n\t            \"url\": \"https:\/\/www.vita.sk\/\",\n\t            \"name\": \"VITA\",\n\t            \"description\": \"\",\n\t            \"publisher\": {\n\t                \"@id\": \"https:\/\/www.vita.sk\/#organization\"\n\t            },\n\t            \"potentialAction\": [\n\t                {\n\t                    \"@type\": \"SearchAction\",\n\t                    \"target\": {\n\t                        \"@type\": \"EntryPoint\",\n\t                        \"urlTemplate\": \"https:\/\/www.vita.sk\/?s={search_term_string}\"\n\t                    },\n\t                    \"query-input\": {\n\t                        \"@type\": \"PropertyValueSpecification\",\n\t                        \"valueRequired\": true,\n\t                        \"valueName\": \"search_term_string\"\n\t                    }\n\t                }\n\t            ],\n\t            \"inLanguage\": \"en-US\"\n\t        },\n\t        {\n\t            \"email\": \"admin@vita.sk\",\n\t            \"logo\": \"https:\/\/www.vita.sk\/img\/vita_logo.png \",\n\t            \"address\": {\n\t                \"type\": \"PostalAddress\",\n\t                \"streetAddress\": \"Tom\u00e1\u0161ikova 50\/A\",\n\t                \"addressLocality\": \"Bratislava\",\n\t                \"postalCode\": \"83104\",\n\t                \"addressCountry\": {\n\t                    \"name\": \"SK\",\n\t                    \"type\": \"Country\"\n\t                }\n\t            },\n\t            \"contactPoint\": {\n\t                \"type\": \"ContactPoint\",\n\t                \"telephone\": \"+421 907 375\u00a0543\",\n\t                \"Email\": \"admin@vita.sk\",\n\t                \"contactType\": \"customer service\"\n\t            },\n\t            \"sameAs\": [\n\t                \"https:\/\/www.facebook.com\/VitaAcademySK\/\",\n\t                \"https:\/\/www.linkedin.com\/company\/vita-academy\/\"\n\t            ]\n\t        }\n\t    ]\n\t}<\/script>\n<!-- \/ Yoast SEO Premium plugin. -->","yoast_head_json":{"title":"Online kurz YouTube Marketing I. Za\u010diato\u010dn\u00edk  | VITA","description":"Online kurz YouTube Marketing I. Za\u010diato\u010dn\u00edk je pre v\u00e1s ide\u00e1lny, ak sa chcete nau\u010di\u0165, ako vytv\u00e1ra\u0165 vide\u00e1 a spravova\u0165 vlastn\u00fd YouTube kan\u00e1l. \u2705","robots":{"index":"index","follow":"follow","max-snippet":"max-snippet:-1","max-image-preview":"max-image-preview:large","max-video-preview":"max-video-preview:-1"},"canonical":"https:\/\/www.vita.sk\/online-kurz-youtube-marketing-i-zaciatocnik\/","og_locale":"en_US","og_type":"article","og_title":"Online kurz YouTube Marketing I. Za\u010diato\u010dn\u00edk","og_description":"Online kurz YouTube Marketing I. Za\u010diato\u010dn\u00edk je pre v\u00e1s ide\u00e1lny, ak sa chcete nau\u010di\u0165, ako vytv\u00e1ra\u0165 vide\u00e1 a spravova\u0165 vlastn\u00fd YouTube kan\u00e1l. \u2705","og_url":"https:\/\/www.vita.sk\/online-kurz-youtube-marketing-i-zaciatocnik\/","og_site_name":"VITA","article_publisher":"https:\/\/www.facebook.com\/VitaAcademySK","article_modified_time":"2024-09-11T09:11:27+00:00","og_image":[{"width":360,"height":360,"url":"https:\/\/www.vita.sk\/wp-content\/uploads\/2020\/11\/kurz-YouTube-marketing.png","type":"image\/png"}],"twitter_card":"summary_large_image","twitter_misc":{"Est. reading time":"1 minute"},"schema":{"@context":"https:\/\/schema.org","@graph":[{"@type":"WebPage","@id":"https:\/\/www.vita.sk\/online-kurz-youtube-marketing-i-zaciatocnik\/","url":"https:\/\/www.vita.sk\/online-kurz-youtube-marketing-i-zaciatocnik\/","name":"Online kurz YouTube Marketing I. Za\u010diato\u010dn\u00edk 2024 | VITA","isPartOf":{"@id":"https:\/\/www.vita.sk\/#website"},"primaryImageOfPage":{"@id":"https:\/\/www.vita.sk\/online-kurz-youtube-marketing-i-zaciatocnik\/#primaryimage"},"image":{"@id":"https:\/\/www.vita.sk\/online-kurz-youtube-marketing-i-zaciatocnik\/#primaryimage"},"thumbnailUrl":"https:\/\/www.vita.sk\/wp-content\/uploads\/2020\/11\/kurz-YouTube-marketing.png","datePublished":"2022-04-29T09:21:50+00:00","dateModified":"2024-09-11T09:11:27+00:00","description":"Online kurz YouTube Marketing I. Za\u010diato\u010dn\u00edk je pre v\u00e1s ide\u00e1lny, ak sa chcete nau\u010di\u0165, ako vytv\u00e1ra\u0165 vide\u00e1 a spravova\u0165 vlastn\u00fd YouTube kan\u00e1l. \u2705","breadcrumb":{"@id":"https:\/\/www.vita.sk\/online-kurz-youtube-marketing-i-zaciatocnik\/#breadcrumb"},"inLanguage":"en-US","potentialAction":[{"@type":"ReadAction","target":["https:\/\/www.vita.sk\/online-kurz-youtube-marketing-i-zaciatocnik\/"]}]},{"@type":"ImageObject","inLanguage":"en-US","@id":"https:\/\/www.vita.sk\/online-kurz-youtube-marketing-i-zaciatocnik\/#primaryimage","url":"https:\/\/www.vita.sk\/wp-content\/uploads\/2020\/11\/kurz-YouTube-marketing.png","contentUrl":"https:\/\/www.vita.sk\/wp-content\/uploads\/2020\/11\/kurz-YouTube-marketing.png","width":360,"height":360,"caption":"Online kurz YouTube Marketing"},{"@type":"BreadcrumbList","@id":"https:\/\/www.vita.sk\/online-kurz-youtube-marketing-i-zaciatocnik\/#breadcrumb","itemListElement":[{"@type":"ListItem","position":1,"name":"VITA Academy","item":"https:\/\/www.vita.sk\/en\/"},{"@type":"ListItem","position":2,"name":"Shop","item":"https:\/\/www.vita.sk\/shop\/"},{"@type":"ListItem","position":3,"name":"Marketing, Reklama a Pr\u00e1vo","item":"https:\/\/www.vita.sk\/online-kurzy-marketing-reklama-a-pravo\/"},{"@type":"ListItem","position":4,"name":"YouTube Marketing","item":"https:\/\/www.vita.sk\/online-kurzy-youtube-marketing\/"},{"@type":"ListItem","position":5,"name":"Online kurz YouTube Marketing I. Za\u010diato\u010dn\u00edk"}]},{"@type":"WebSite","@id":"https:\/\/www.vita.sk\/#website","url":"https:\/\/www.vita.sk\/","name":"VITA","description":"","publisher":{"@id":"https:\/\/www.vita.sk\/#organization"},"potentialAction":[{"@type":"SearchAction","target":{"@type":"EntryPoint","urlTemplate":"https:\/\/www.vita.sk\/?s={search_term_string}"},"query-input":{"@type":"PropertyValueSpecification","valueRequired":true,"valueName":"search_term_string"}}],"inLanguage":"en-US"},{"email":"admin@vita.sk","logo":"https:\/\/www.vita.sk\/img\/vita_logo.png ","address":{"type":"PostalAddress","streetAddress":"Tom\u00e1\u0161ikova 50\/A","addressLocality":"Bratislava","postalCode":"83104","addressCountry":{"name":"SK","type":"Country"}},"contactPoint":{"type":"ContactPoint","telephone":"+421 907 375\u00a0543","Email":"admin@vita.sk","contactType":"customer service"},"sameAs":["https:\/\/www.facebook.com\/VitaAcademySK\/","https:\/\/www.linkedin.com\/company\/vita-academy\/"]}]}},"acf":[],"_links":{"self":[{"href":"https:\/\/www.vita.sk\/en\/wp-json\/wp\/v2\/product\/9231","targetHints":{"allow":["GET"]}}],"collection":[{"href":"https:\/\/www.vita.sk\/en\/wp-json\/wp\/v2\/product"}],"about":[{"href":"https:\/\/www.vita.sk\/en\/wp-json\/wp\/v2\/types\/product"}],"author":[{"embeddable":true,"href":"https:\/\/www.vita.sk\/en\/wp-json\/wp\/v2\/users\/4"}],"replies":[{"embeddable":true,"href":"https:\/\/www.vita.sk\/en\/wp-json\/wp\/v2\/comments?post=9231"}],"wp:featuredmedia":[{"embeddable":true,"href":"https:\/\/www.vita.sk\/en\/wp-json\/wp\/v2\/media\/4313"}],"wp:attachment":[{"href":"https:\/\/www.vita.sk\/en\/wp-json\/wp\/v2\/media?parent=9231"}],"wp:term":[{"taxonomy":"product_brand","embeddable":true,"href":"https:\/\/www.vita.sk\/en\/wp-json\/wp\/v2\/product_brand?post=9231"},{"taxonomy":"product_cat","embeddable":true,"href":"https:\/\/www.vita.sk\/en\/wp-json\/wp\/v2\/product_cat?post=9231"},{"taxonomy":"product_tag","embeddable":true,"href":"https:\/\/www.vita.sk\/en\/wp-json\/wp\/v2\/product_tag?post=9231"}],"curies":[{"name":"wp","href":"https:\/\/api.w.org\/{rel}","templated":true}]}}