{"id":993,"date":"2021-08-01T11:17:27","date_gmt":"2021-08-01T09:17:27","guid":{"rendered":"http:\/\/vita.sk.vps324.nameserver.sk\/?post_type=product&#038;p=993"},"modified":"2025-04-28T20:41:48","modified_gmt":"2025-04-28T18:41:48","slug":"online-kurz-uvod-do-programovania","status":"publish","type":"product","link":"https:\/\/www.vita.sk\/en\/online-kurz-uvod-do-programovania\/","title":{"rendered":"Online kurz \u00davod do Programovania"},"content":{"rendered":"<p>Online kurz \u00davod do Programovania je pre v\u00e1s ide\u00e1lny, ak sa chcete nau\u010di\u0165 z\u00e1klady programovania, ktor\u00e9 s\u00fa nevyhnutn\u00e9 pre ak\u00fako\u013evek pr\u00e1cu v IT sektore. <strong>Ide o akreditovan\u00fd a certifikovan\u00fd kurz na \u00davod do Programovania a Python.<\/strong> Kurz za\u010d\u00edna preh\u013eadom programovacieho jazyka Python, kde sa dozviete, \u010do je Python, ako ho in\u0161talova\u0165 a vyu\u017e\u00edva\u0165 na p\u00edsanie prv\u00fdch programov. Z\u00edskate z\u00e1kladn\u00e9 znalosti o premenn\u00fdch, moduloch a kni\u017eniciach a nau\u010d\u00edte sa pou\u017e\u00edva\u0165 n\u00e1stroje ako Anaconda a Jupyter notebook na efekt\u00edvnu pr\u00e1cu s k\u00f3dom. Pre fan\u00fa\u0161ikov hier je tu aj mo\u017enos\u0165 zozn\u00e1mi\u0165 sa s PyGame na tvorbu jednoduch\u00fdch videohier. V \u010fal\u0161ej \u010dasti si prakticky osvoj\u00edte p\u00edsanie prv\u00fdch programov a skriptov. Budete pracova\u0165 s matematikou, zoznamami (list), koment\u00e1rmi a roz\u0161\u00edrite svoje schopnosti pri spracovan\u00ed d\u00e1t. Kurz v\u00e1s uvedie aj do sveta datab\u00e1z. Nau\u010d\u00edte sa, \u010do s\u00fa datab\u00e1zov\u00e9 syst\u00e9my (DBMS\/RDBMS), ak\u00fd je rozdiel medzi SQL a NoSQL datab\u00e1zami, a ako sa pripoji\u0165 k datab\u00e1zam pomocou n\u00e1stroja DBeaver. Budete p\u00edsa\u0165 prv\u00e9 SQL skripty, pracova\u0165 so slovn\u00edkmi (dicts) a objavova\u0165 mo\u017enosti MongoDB ako NoSQL datab\u00e1zy. Po zvl\u00e1dnut\u00ed z\u00e1kladov datab\u00e1z sa zameriate na dopyty (queries) a pou\u017e\u00edvanie form\u00e1tu JSON. Nau\u010d\u00edte sa, ako efekt\u00edvne filtrova\u0165 \u00fadaje a pou\u017e\u00edva\u0165 oper\u00e1tory v dopytoch. Kurz zah\u0155\u0148a aj pr\u00e1cu s pr\u00edkazov\u00fdm riadkom (Terminal), n\u00e1strojom PIP na spr\u00e1vu bal\u00ed\u010dkov a z\u00e1kladn\u00e9 algoritmy ako Bubble Sort a Quick Sort. Prejdete si aj pr\u00e1cu s bin\u00e1rnou s\u00fastavou, kde si prakticky precvi\u010d\u00edte z\u00e1kladn\u00e9 v\u00fdpo\u010dty. V z\u00e1vere sa zameriate na debugovanie a techniky na identifik\u00e1ciu ch\u00fdb. Nau\u010d\u00edte sa met\u00f3du Rubber Duck Debugging, ktor\u00e1 v\u00e1m pom\u00f4\u017ee vyrie\u0161i\u0165 probl\u00e9my efekt\u00edvnym sp\u00f4sobom. Kurz je nielen vzdel\u00e1vac\u00ed, ale aj prakticky orientovan\u00fd, \u010do zaru\u010duje, \u017ee z\u00edskan\u00e9 znalosti m\u00f4\u017eete okam\u017eite vyu\u017ei\u0165 vo svojej praxi alebo \u010fal\u0161om \u0161t\u00fadiu programovania. Ak chcete z\u00edska\u0165 praktick\u00e9 zru\u010dnosti potrebn\u00e9 pre za\u010diatok va\u0161ej program\u00e1torskej kari\u00e9ry, tak toto je ide\u00e1lny vstupn\u00fd online kurz pre v\u00e1s.<\/p>\n","protected":false},"excerpt":{"rendered":"<p>Online kurz \u00davod do Programovania je pre v\u00e1s ide\u00e1lny, ak sa chcete nau\u010di\u0165 z\u00e1klady programovania, ktor\u00e9 s\u00fa nevyhnutn\u00e9 pre ak\u00fako\u013evek pr\u00e1cu v IT sektore. Ide o akreditovan\u00fd a certifikovan\u00fd kurz na \u00davod do Programovania a Python.","protected":false},"author":4,"featured_media":1303,"comment_status":"open","ping_status":"closed","template":"","meta":{"_acf_changed":false},"product_brand":[],"product_cat":[99,73,131],"product_tag":[189],"class_list":{"0":"post-993","1":"product","2":"type-product","3":"status-publish","4":"has-post-thumbnail","6":"product_cat-online-kurzy-programovacie-jazyky","7":"product_cat-bez-kategorie","8":"product_cat-online-kurzy-programovanie","9":"product_tag-programovacie-jazyky","11":"first","12":"instock","13":"sale","14":"sold-individually","15":"taxable","16":"shipping-taxable","17":"purchasable","18":"product-type-simple"},"yoast_head":"<!-- This site is optimized with the Yoast SEO Premium plugin v25.0 (Yoast SEO v25.0) - https:\/\/yoast.com\/wordpress\/plugins\/seo\/ -->\n<title>Online kurz \u00davod do Programovania  | VITA<\/title>\n<meta name=\"description\" content=\"V online kurze \u00davod do Programovania sa nau\u010d\u00edte z\u00e1klady programovania v Pythone a z\u00edskate praktick\u00e9 IT zru\u010dnosti. \u2705\" \/>\n<meta name=\"robots\" content=\"index, follow, max-snippet:-1, max-image-preview:large, max-video-preview:-1\" \/>\n<link rel=\"canonical\" href=\"https:\/\/www.vita.sk\/online-kurz-uvod-do-programovania\/\" \/>\n<meta property=\"og:locale\" content=\"en_US\" \/>\n<meta property=\"og:type\" content=\"article\" \/>\n<meta property=\"og:title\" content=\"Online kurz \u00davod do Programovania\" \/>\n<meta property=\"og:description\" content=\"V online kurze \u00davod do Programovania sa nau\u010d\u00edte z\u00e1klady programovania v Pythone a z\u00edskate praktick\u00e9 IT zru\u010dnosti. \u2705\" \/>\n<meta property=\"og:url\" content=\"https:\/\/www.vita.sk\/online-kurz-uvod-do-programovania\/\" \/>\n<meta property=\"og:site_name\" content=\"VITA\" \/>\n<meta property=\"article:publisher\" content=\"https:\/\/www.facebook.com\/VitaAcademySK\" \/>\n<meta property=\"article:modified_time\" content=\"2025-04-28T18:41:48+00:00\" \/>\n<meta property=\"og:image\" content=\"https:\/\/www.vita.sk\/wp-content\/uploads\/2019\/09\/kurz-uvod-do-programovania.png\" \/>\n\t<meta property=\"og:image:width\" content=\"360\" \/>\n\t<meta property=\"og:image:height\" content=\"360\" \/>\n\t<meta property=\"og:image:type\" content=\"image\/png\" \/>\n<meta name=\"twitter:card\" content=\"summary_large_image\" \/>\n<meta name=\"twitter:label1\" content=\"Est. reading time\" \/>\n\t<meta name=\"twitter:data1\" content=\"2 minutes\" \/>\n<script type=\"application\/ld+json\" class=\"yoast-schema-graph\">{\n\t    \"@context\": \"https:\/\/schema.org\",\n\t    \"@graph\": [\n\t        {\n\t            \"@type\": \"WebPage\",\n\t            \"@id\": \"https:\/\/www.vita.sk\/online-kurz-uvod-do-programovania\/\",\n\t            \"url\": \"https:\/\/www.vita.sk\/online-kurz-uvod-do-programovania\/\",\n\t            \"name\": \"Online kurz \u00davod do Programovania 2025 | VITA\",\n\t            \"isPartOf\": {\n\t                \"@id\": \"https:\/\/www.vita.sk\/#website\"\n\t            },\n\t            \"primaryImageOfPage\": {\n\t                \"@id\": \"https:\/\/www.vita.sk\/online-kurz-uvod-do-programovania\/#primaryimage\"\n\t            },\n\t            \"image\": {\n\t                \"@id\": \"https:\/\/www.vita.sk\/online-kurz-uvod-do-programovania\/#primaryimage\"\n\t            },\n\t            \"thumbnailUrl\": \"https:\/\/www.vita.sk\/wp-content\/uploads\/2019\/09\/kurz-uvod-do-programovania.png\",\n\t            \"datePublished\": \"2021-08-01T09:17:27+00:00\",\n\t            \"dateModified\": \"2025-04-28T18:41:48+00:00\",\n\t            \"description\": \"V online kurze \u00davod do Programovania sa nau\u010d\u00edte z\u00e1klady programovania v Pythone a z\u00edskate praktick\u00e9 IT zru\u010dnosti. \u2705\",\n\t            \"breadcrumb\": {\n\t                \"@id\": \"https:\/\/www.vita.sk\/online-kurz-uvod-do-programovania\/#breadcrumb\"\n\t            },\n\t            \"inLanguage\": \"en-US\",\n\t            \"potentialAction\": [\n\t                {\n\t                    \"@type\": \"ReadAction\",\n\t                    \"target\": [\n\t                        \"https:\/\/www.vita.sk\/online-kurz-uvod-do-programovania\/\"\n\t                    ]\n\t                }\n\t            ]\n\t        },\n\t        {\n\t            \"@type\": \"ImageObject\",\n\t            \"inLanguage\": \"en-US\",\n\t            \"@id\": \"https:\/\/www.vita.sk\/online-kurz-uvod-do-programovania\/#primaryimage\",\n\t            \"url\": \"https:\/\/www.vita.sk\/wp-content\/uploads\/2019\/09\/kurz-uvod-do-programovania.png\",\n\t            \"contentUrl\": \"https:\/\/www.vita.sk\/wp-content\/uploads\/2019\/09\/kurz-uvod-do-programovania.png\",\n\t            \"width\": 360,\n\t            \"height\": 360,\n\t            \"caption\": \"Online kurz \u00davod do Programovania\"\n\t        },\n\t        {\n\t            \"@type\": \"BreadcrumbList\",\n\t            \"@id\": \"https:\/\/www.vita.sk\/online-kurz-uvod-do-programovania\/#breadcrumb\",\n\t            \"itemListElement\": [\n\t                {\n\t                    \"@type\": \"ListItem\",\n\t                    \"position\": 1,\n\t                    \"name\": \"VITA Academy\",\n\t                    \"item\": \"https:\/\/www.vita.sk\/en\/\"\n\t                },\n\t                {\n\t                    \"@type\": \"ListItem\",\n\t                    \"position\": 2,\n\t                    \"name\": \"Shop\",\n\t                    \"item\": \"https:\/\/www.vita.sk\/shop\/\"\n\t                },\n\t                {\n\t                    \"@type\": \"ListItem\",\n\t                    \"position\": 3,\n\t                    \"name\": \"Programovacie Jazyky\",\n\t                    \"item\": \"https:\/\/www.vita.sk\/online-kurzy-programovacie-jazyky\/\"\n\t                },\n\t                {\n\t                    \"@type\": \"ListItem\",\n\t                    \"position\": 4,\n\t                    \"name\": \"Programovanie\",\n\t                    \"item\": \"https:\/\/www.vita.sk\/online-kurzy-programovanie\/\"\n\t                },\n\t                {\n\t                    \"@type\": \"ListItem\",\n\t                    \"position\": 5,\n\t                    \"name\": \"Online kurz \u00davod do Programovania\"\n\t                }\n\t            ]\n\t        },\n\t        {\n\t            \"@type\": \"WebSite\",\n\t            \"@id\": \"https:\/\/www.vita.sk\/#website\",\n\t            \"url\": \"https:\/\/www.vita.sk\/\",\n\t            \"name\": \"VITA\",\n\t            \"description\": \"\",\n\t            \"publisher\": {\n\t                \"@id\": \"https:\/\/www.vita.sk\/#organization\"\n\t            },\n\t            \"potentialAction\": [\n\t                {\n\t                    \"@type\": \"SearchAction\",\n\t                    \"target\": {\n\t                        \"@type\": \"EntryPoint\",\n\t                        \"urlTemplate\": \"https:\/\/www.vita.sk\/?s={search_term_string}\"\n\t                    },\n\t                    \"query-input\": {\n\t                        \"@type\": \"PropertyValueSpecification\",\n\t                        \"valueRequired\": true,\n\t                        \"valueName\": \"search_term_string\"\n\t                    }\n\t                }\n\t            ],\n\t            \"inLanguage\": \"en-US\"\n\t        },\n\t        {\n\t            \"email\": \"admin@vita.sk\",\n\t            \"logo\": \"https:\/\/www.vita.sk\/img\/vita_logo.png \",\n\t            \"address\": {\n\t                \"type\": \"PostalAddress\",\n\t                \"streetAddress\": \"Tom\u00e1\u0161ikova 50\/A\",\n\t                \"addressLocality\": \"Bratislava\",\n\t                \"postalCode\": \"83104\",\n\t                \"addressCountry\": {\n\t                    \"name\": \"SK\",\n\t                    \"type\": \"Country\"\n\t                }\n\t            },\n\t            \"contactPoint\": {\n\t                \"type\": \"ContactPoint\",\n\t                \"telephone\": \"+421 907 375\u00a0543\",\n\t                \"Email\": \"admin@vita.sk\",\n\t                \"contactType\": \"customer service\"\n\t            },\n\t            \"sameAs\": [\n\t                \"https:\/\/www.facebook.com\/VitaAcademySK\/\",\n\t                \"https:\/\/www.linkedin.com\/company\/vita-academy\/\"\n\t            ]\n\t        }\n\t    ]\n\t}<\/script>\n<!-- \/ Yoast SEO Premium plugin. -->","yoast_head_json":{"title":"Online kurz \u00davod do Programovania  | VITA","description":"V online kurze \u00davod do Programovania sa nau\u010d\u00edte z\u00e1klady programovania v Pythone a z\u00edskate praktick\u00e9 IT zru\u010dnosti. \u2705","robots":{"index":"index","follow":"follow","max-snippet":"max-snippet:-1","max-image-preview":"max-image-preview:large","max-video-preview":"max-video-preview:-1"},"canonical":"https:\/\/www.vita.sk\/online-kurz-uvod-do-programovania\/","og_locale":"en_US","og_type":"article","og_title":"Online kurz \u00davod do Programovania","og_description":"V online kurze \u00davod do Programovania sa nau\u010d\u00edte z\u00e1klady programovania v Pythone a z\u00edskate praktick\u00e9 IT zru\u010dnosti. \u2705","og_url":"https:\/\/www.vita.sk\/online-kurz-uvod-do-programovania\/","og_site_name":"VITA","article_publisher":"https:\/\/www.facebook.com\/VitaAcademySK","article_modified_time":"2025-04-28T18:41:48+00:00","og_image":[{"width":360,"height":360,"url":"https:\/\/www.vita.sk\/wp-content\/uploads\/2019\/09\/kurz-uvod-do-programovania.png","type":"image\/png"}],"twitter_card":"summary_large_image","twitter_misc":{"Est. reading time":"2 minutes"},"schema":{"@context":"https:\/\/schema.org","@graph":[{"@type":"WebPage","@id":"https:\/\/www.vita.sk\/online-kurz-uvod-do-programovania\/","url":"https:\/\/www.vita.sk\/online-kurz-uvod-do-programovania\/","name":"Online kurz \u00davod do Programovania 2025 | VITA","isPartOf":{"@id":"https:\/\/www.vita.sk\/#website"},"primaryImageOfPage":{"@id":"https:\/\/www.vita.sk\/online-kurz-uvod-do-programovania\/#primaryimage"},"image":{"@id":"https:\/\/www.vita.sk\/online-kurz-uvod-do-programovania\/#primaryimage"},"thumbnailUrl":"https:\/\/www.vita.sk\/wp-content\/uploads\/2019\/09\/kurz-uvod-do-programovania.png","datePublished":"2021-08-01T09:17:27+00:00","dateModified":"2025-04-28T18:41:48+00:00","description":"V online kurze \u00davod do Programovania sa nau\u010d\u00edte z\u00e1klady programovania v Pythone a z\u00edskate praktick\u00e9 IT zru\u010dnosti. \u2705","breadcrumb":{"@id":"https:\/\/www.vita.sk\/online-kurz-uvod-do-programovania\/#breadcrumb"},"inLanguage":"en-US","potentialAction":[{"@type":"ReadAction","target":["https:\/\/www.vita.sk\/online-kurz-uvod-do-programovania\/"]}]},{"@type":"ImageObject","inLanguage":"en-US","@id":"https:\/\/www.vita.sk\/online-kurz-uvod-do-programovania\/#primaryimage","url":"https:\/\/www.vita.sk\/wp-content\/uploads\/2019\/09\/kurz-uvod-do-programovania.png","contentUrl":"https:\/\/www.vita.sk\/wp-content\/uploads\/2019\/09\/kurz-uvod-do-programovania.png","width":360,"height":360,"caption":"Online kurz \u00davod do Programovania"},{"@type":"BreadcrumbList","@id":"https:\/\/www.vita.sk\/online-kurz-uvod-do-programovania\/#breadcrumb","itemListElement":[{"@type":"ListItem","position":1,"name":"VITA Academy","item":"https:\/\/www.vita.sk\/en\/"},{"@type":"ListItem","position":2,"name":"Shop","item":"https:\/\/www.vita.sk\/shop\/"},{"@type":"ListItem","position":3,"name":"Programovacie Jazyky","item":"https:\/\/www.vita.sk\/online-kurzy-programovacie-jazyky\/"},{"@type":"ListItem","position":4,"name":"Programovanie","item":"https:\/\/www.vita.sk\/online-kurzy-programovanie\/"},{"@type":"ListItem","position":5,"name":"Online kurz \u00davod do Programovania"}]},{"@type":"WebSite","@id":"https:\/\/www.vita.sk\/#website","url":"https:\/\/www.vita.sk\/","name":"VITA","description":"","publisher":{"@id":"https:\/\/www.vita.sk\/#organization"},"potentialAction":[{"@type":"SearchAction","target":{"@type":"EntryPoint","urlTemplate":"https:\/\/www.vita.sk\/?s={search_term_string}"},"query-input":{"@type":"PropertyValueSpecification","valueRequired":true,"valueName":"search_term_string"}}],"inLanguage":"en-US"},{"email":"admin@vita.sk","logo":"https:\/\/www.vita.sk\/img\/vita_logo.png ","address":{"type":"PostalAddress","streetAddress":"Tom\u00e1\u0161ikova 50\/A","addressLocality":"Bratislava","postalCode":"83104","addressCountry":{"name":"SK","type":"Country"}},"contactPoint":{"type":"ContactPoint","telephone":"+421 907 375\u00a0543","Email":"admin@vita.sk","contactType":"customer service"},"sameAs":["https:\/\/www.facebook.com\/VitaAcademySK\/","https:\/\/www.linkedin.com\/company\/vita-academy\/"]}]}},"acf":[],"_links":{"self":[{"href":"https:\/\/www.vita.sk\/en\/wp-json\/wp\/v2\/product\/993","targetHints":{"allow":["GET"]}}],"collection":[{"href":"https:\/\/www.vita.sk\/en\/wp-json\/wp\/v2\/product"}],"about":[{"href":"https:\/\/www.vita.sk\/en\/wp-json\/wp\/v2\/types\/product"}],"author":[{"embeddable":true,"href":"https:\/\/www.vita.sk\/en\/wp-json\/wp\/v2\/users\/4"}],"replies":[{"embeddable":true,"href":"https:\/\/www.vita.sk\/en\/wp-json\/wp\/v2\/comments?post=993"}],"wp:featuredmedia":[{"embeddable":true,"href":"https:\/\/www.vita.sk\/en\/wp-json\/wp\/v2\/media\/1303"}],"wp:attachment":[{"href":"https:\/\/www.vita.sk\/en\/wp-json\/wp\/v2\/media?parent=993"}],"wp:term":[{"taxonomy":"product_brand","embeddable":true,"href":"https:\/\/www.vita.sk\/en\/wp-json\/wp\/v2\/product_brand?post=993"},{"taxonomy":"product_cat","embeddable":true,"href":"https:\/\/www.vita.sk\/en\/wp-json\/wp\/v2\/product_cat?post=993"},{"taxonomy":"product_tag","embeddable":true,"href":"https:\/\/www.vita.sk\/en\/wp-json\/wp\/v2\/product_tag?post=993"}],"curies":[{"name":"wp","href":"https:\/\/api.w.org\/{rel}","templated":true}]}}